{"id":5941,"date":"2024-10-25T12:16:25","date_gmt":"2024-10-25T10:16:25","guid":{"rendered":"https:\/\/impolsarl.com\/devolucion-del-iva-en-francia\/"},"modified":"2025-06-02T14:44:29","modified_gmt":"2025-06-02T12:44:29","slug":"devolucion-del-iva-en-francia","status":"publish","type":"page","link":"https:\/\/impolsarl.com\/es\/devolucion-del-iva-en-francia\/","title":{"rendered":"Devoluci\u00f3n del IVA en Francia"},"content":{"rendered":"\n<p>Todas las empresas registradas en Polonia que incurran en gastos por hacer negocios en Francia pueden solicitar la devoluci\u00f3n del impuesto que se aplic\u00f3 a los productos o servicios adquiridos. Si no sabe c\u00f3mo abordar esta tarea, le invitamos a colaborar con nosotros. Llevamos muchos a\u00f1os ocup\u00e1ndonos de las devoluciones del IVA (en franc\u00e9s: TVA &#8211; Taxe sur la Valeur Ajoutee) de Francia. En este pa\u00eds, existe un tipo normal \u00fanico. Este tipo es del 20% y cubre, entre otras cosas, el coste de los peajes de carretera y el combustible. Tambi\u00e9n hay tipos reducidos del 10%, 5,5% y 2,1%.      <\/p>\n\n<h2 class=\"wp-block-heading\" id=\"h-kto-moze-starac-sie-o-zwrot-podatku-z-francji\">\u00bfQui\u00e9n puede solicitar la devoluci\u00f3n de impuestos de Francia?<\/h2>\n\n<p>Todas las empresas que son agentes del IVA en Polonia tienen derecho a solicitar la recuperaci\u00f3n del impuesto TVA, siempre que hayan incurrido en gastos empresariales en Francia durante el periodo indicado. Sin embargo, es importante tener en cuenta que no todo el mundo puede presentar dicha solicitud. Las empresas que est\u00e9n registradas como contribuyentes en dicho pa\u00eds o tengan all\u00ed su domicilio social, no tienen la posibilidad de solicitar la recuperaci\u00f3n del IVA.  <\/p>\n\n<h2 class=\"wp-block-heading\" id=\"h-kiedy-mozna-ubiegac-sie-o-zwrot-vat-z-francji\">\u00bfCu\u00e1ndo se puede solicitar la devoluci\u00f3n del IVA a Francia?<\/h2>\n\n<p>La solicitud de recuperaci\u00f3n del IVA de Francia suele presentarse por trimestres, aunque es posible combinarlos. En consecuencia, los empresarios pueden solicitar la recuperaci\u00f3n del IVA para: <\/p>\n\n<ul class=\"wp-block-list\">\n<li>Q1,<\/li>\n\n\n\n<li>Q2,<\/li>\n\n\n\n<li>Q3,<\/li>\n\n\n\n<li>Q4,<\/li>\n\n\n\n<li>H1,<\/li>\n\n\n\n<li>H2,<\/li>\n\n\n\n<li>Periodo Q1-Q3,<\/li>\n\n\n\n<li>Periodo Q2-Q3,<\/li>\n\n\n\n<li>Periodo Q2-Q4,<\/li>\n\n\n\n<li>todo el a\u00f1o.<\/li>\n<\/ul>\n\n<p>Si la solicitud es para todo un a\u00f1o, el importe m\u00ednimo es de 50 euros. Para periodos m\u00e1s cortos, debe solicitarse un importe m\u00ednimo de 400 euros. Es igualmente importante respetar los plazos. El 30 de septiembre vence el plazo para solicitar a Francia la devoluci\u00f3n del IVA del a\u00f1o anterior.   <\/p>\n\n<h2 class=\"wp-block-heading\" id=\"h-zwrot-podatku-z-francji-jakie-dokumenty-sa-wymagane\">Devoluci\u00f3n de impuestos desde Francia: \u00bfqu\u00e9 documentos se necesitan?<\/h2>\n\n<p>Tendr\u00e1 que aportar otros documentos con su solicitud de devoluci\u00f3n del IVA de Francia. Puede tratarse de recibos o facturas, estas \u00faltimas no tienen por qu\u00e9 presentarse con todos los datos del comprador de los bienes o servicios. <\/p>\n\n<h2 class=\"wp-block-heading\" id=\"h-skladanie-wniosku-o-zwrot-podatku-z-francji\">Presentar una solicitud de devoluci\u00f3n de impuestos desde Francia<\/h2>\n\n<p>La solicitud de devoluci\u00f3n del IVA (TVA) de Francia se presenta en la delegaci\u00f3n de Hacienda competente para su empresa. El personal de la oficina dispone de 15 d\u00edas para verificarla y remitirla a Francia. A partir de la fecha de recepci\u00f3n de la solicitud, el personal de la oficina fiscal francesa tiene 4 meses para emitir una decisi\u00f3n. Este plazo puede ampliarse si es necesario comprobar la documentaci\u00f3n. En ese caso, el empresario dispone de dos meses m\u00e1s para aportar los documentos que falten.    <\/p>\n","protected":false},"excerpt":{"rendered":"<p>Todas las empresas registradas en Polonia que incurran en gastos por hacer negocios en Francia pueden solicitar la devoluci\u00f3n del impuesto que se aplic\u00f3 a los productos o servicios adquiridos. Si no sabe c\u00f3mo abordar esta tarea, le invitamos a colaborar con nosotros. Llevamos muchos a\u00f1os ocup\u00e1ndonos de las devoluciones del IVA (en franc\u00e9s: TVA &hellip;<\/p>\n<p class=\"read-more\"> <a class=\"\" href=\"https:\/\/impolsarl.com\/es\/devolucion-del-iva-en-francia\/\"> <span class=\"screen-reader-text\">Devoluci\u00f3n del IVA en Francia<\/span> Leer m\u00e1s \u00bb<\/a><\/p>\n","protected":false},"author":5,"featured_media":0,"parent":0,"menu_order":17,"comment_status":"closed","ping_status":"closed","template":"","meta":{"_acf_changed":false,"site-sidebar-layout":"default","site-content-layout":"","ast-site-content-layout":"","site-content-style":"default","site-sidebar-style":"default","ast-global-header-display":"","ast-banner-title-visibility":"","ast-main-header-display":"","ast-hfb-above-header-display":"","ast-hfb-below-header-display":"","ast-hfb-mobile-header-display":"","site-post-title":"","ast-breadcrumbs-content":"","ast-featured-img":"","footer-sml-layout":"","theme-transparent-header-meta":"","adv-header-id-meta":"","stick-header-meta":"","header-above-stick-meta":"","header-main-stick-meta":"","header-below-stick-meta":"","astra-migrate-meta-layouts":"default","ast-page-background-enabled":"default","ast-page-background-meta":{"desktop":{"background-color":"var(--ast-global-color-4)","background-image":"","background-repeat":"repeat","background-position":"center center","background-size":"auto","background-attachment":"scroll","background-type":"","background-media":"","overlay-type":"","overlay-color":"","overlay-gradient":""},"tablet":{"background-color":"","background-image":"","background-repeat":"repeat","background-position":"center center","background-size":"auto","background-attachment":"scroll","background-type":"","background-media":"","overlay-type":"","overlay-color":"","overlay-gradient":""},"mobile":{"background-color":"","background-image":"","background-repeat":"repeat","background-position":"center center","background-size":"auto","background-attachment":"scroll","background-type":"","background-media":"","overlay-type":"","overlay-color":"","overlay-gradient":""}},"ast-content-background-meta":{"desktop":{"background-color":"var(--ast-global-color-5)","background-image":"","background-repeat":"repeat","background-position":"center center","background-size":"auto","background-attachment":"scroll","background-type":"","background-media":"","overlay-type":"","overlay-color":"","overlay-gradient":""},"tablet":{"background-color":"var(--ast-global-color-5)","background-image":"","background-repeat":"repeat","background-position":"center center","background-size":"auto","background-attachment":"scroll","background-type":"","background-media":"","overlay-type":"","overlay-color":"","overlay-gradient":""},"mobile":{"background-color":"var(--ast-global-color-5)","background-image":"","background-repeat":"repeat","background-position":"center center","background-size":"auto","background-attachment":"scroll","background-type":"","background-media":"","overlay-type":"","overlay-color":"","overlay-gradient":""}},"footnotes":""},"folder":[94],"class_list":["post-5941","page","type-page","status-publish","hentry"],"acf":[],"yoast_head":"<!-- This site is optimized with the Yoast SEO Premium plugin v24.7 (Yoast SEO v24.7) - https:\/\/yoast.com\/wordpress\/plugins\/seo\/ -->\n<title>Devoluci\u00f3n del IVA de Francia | \u00bfC\u00f3mo recuperarlo? | IMPOL<\/title>\n<meta name=\"description\" content=\"Si necesita ayuda con la devoluci\u00f3n del IVA desde Francia, le invitamos a trabajar con nosotros. Tenemos muchos a\u00f1os de experiencia en este tipo de asuntos.\" \/>\n<meta name=\"robots\" content=\"index, follow, max-snippet:-1, max-image-preview:large, max-video-preview:-1\" \/>\n<link rel=\"canonical\" href=\"https:\/\/impolsarl.com\/es\/devolucion-del-iva-en-francia\/\" \/>\n<meta property=\"og:locale\" content=\"es_ES\" \/>\n<meta property=\"og:type\" content=\"article\" \/>\n<meta property=\"og:title\" content=\"Devoluci\u00f3n del IVA en Francia\" \/>\n<meta property=\"og:description\" content=\"Si necesita ayuda con la devoluci\u00f3n del IVA desde Francia, le invitamos a trabajar con nosotros. Tenemos muchos a\u00f1os de experiencia en este tipo de asuntos.\" \/>\n<meta property=\"og:url\" content=\"https:\/\/impolsarl.com\/es\/devolucion-del-iva-en-francia\/\" \/>\n<meta property=\"og:site_name\" content=\"Impol - Reprezentant we Francji od ponad dekady! +48 502 50 70 74\" \/>\n<meta property=\"article:publisher\" content=\"https:\/\/www.facebook.com\/przedstawicieltransportuwefrancji\/\" \/>\n<meta property=\"article:modified_time\" content=\"2025-06-02T12:44:29+00:00\" \/>\n<meta name=\"twitter:card\" content=\"summary_large_image\" \/>\n<meta name=\"twitter:label1\" content=\"Tiempo de lectura\" \/>\n\t<meta name=\"twitter:data1\" content=\"2 minutos\" \/>\n<script type=\"application\/ld+json\" class=\"yoast-schema-graph\">{\"@context\":\"https:\/\/schema.org\",\"@graph\":[{\"@type\":\"WebPage\",\"@id\":\"https:\/\/impolsarl.com\/es\/devolucion-del-iva-en-francia\/\",\"url\":\"https:\/\/impolsarl.com\/es\/devolucion-del-iva-en-francia\/\",\"name\":\"Devoluci\u00f3n del IVA de Francia | \u00bfC\u00f3mo recuperarlo? | IMPOL\",\"isPartOf\":{\"@id\":\"https:\/\/impolsarl.com\/#website\"},\"datePublished\":\"2024-10-25T10:16:25+00:00\",\"dateModified\":\"2025-06-02T12:44:29+00:00\",\"description\":\"Si necesita ayuda con la devoluci\u00f3n del IVA desde Francia, le invitamos a trabajar con nosotros. Tenemos muchos a\u00f1os de experiencia en este tipo de asuntos.\",\"breadcrumb\":{\"@id\":\"https:\/\/impolsarl.com\/es\/devolucion-del-iva-en-francia\/#breadcrumb\"},\"inLanguage\":\"es\",\"potentialAction\":[{\"@type\":\"ReadAction\",\"target\":[\"https:\/\/impolsarl.com\/es\/devolucion-del-iva-en-francia\/\"]}]},{\"@type\":\"BreadcrumbList\",\"@id\":\"https:\/\/impolsarl.com\/es\/devolucion-del-iva-en-francia\/#breadcrumb\",\"itemListElement\":[{\"@type\":\"ListItem\",\"position\":1,\"name\":\"Strona g\u0142\u00f3wna\",\"item\":\"https:\/\/impolsarl.com\/es\/pagina-de-inicio\/\"},{\"@type\":\"ListItem\",\"position\":2,\"name\":\"Devoluci\u00f3n del IVA en Francia\"}]},{\"@type\":\"WebSite\",\"@id\":\"https:\/\/impolsarl.com\/#website\",\"url\":\"https:\/\/impolsarl.com\/\",\"name\":\"Impol - Reprezentant we Francji od ponad dekady! +48 502 50 70 74\",\"description\":\"Impol SARL - Przedstawiciel transportu w Europie\",\"publisher\":{\"@id\":\"https:\/\/impolsarl.com\/#organization\"},\"potentialAction\":[{\"@type\":\"SearchAction\",\"target\":{\"@type\":\"EntryPoint\",\"urlTemplate\":\"https:\/\/impolsarl.com\/?s={search_term_string}\"},\"query-input\":{\"@type\":\"PropertyValueSpecification\",\"valueRequired\":true,\"valueName\":\"search_term_string\"}}],\"inLanguage\":\"es\"},{\"@type\":\"Organization\",\"@id\":\"https:\/\/impolsarl.com\/#organization\",\"name\":\"Impol - Przedstawiciel Transportu i Pracownikow Delegowanych Do Francji\",\"url\":\"https:\/\/impolsarl.com\/\",\"logo\":{\"@type\":\"ImageObject\",\"inLanguage\":\"es\",\"@id\":\"https:\/\/impolsarl.com\/#\/schema\/logo\/image\/\",\"url\":\"https:\/\/impolsarl.com\/wp-content\/uploads\/2018\/08\/logo-1.png\",\"contentUrl\":\"https:\/\/impolsarl.com\/wp-content\/uploads\/2018\/08\/logo-1.png\",\"width\":133,\"height\":126,\"caption\":\"Impol - Przedstawiciel Transportu i Pracownikow Delegowanych Do Francji\"},\"image\":{\"@id\":\"https:\/\/impolsarl.com\/#\/schema\/logo\/image\/\"},\"sameAs\":[\"https:\/\/www.facebook.com\/przedstawicieltransportuwefrancji\/\",\"https:\/\/www.youtube.com\/watch?v=2zjQ9NJBf04\"]}]}<\/script>\n<!-- \/ Yoast SEO Premium plugin. -->","yoast_head_json":{"title":"Devoluci\u00f3n del IVA de Francia | \u00bfC\u00f3mo recuperarlo? | IMPOL","description":"Si necesita ayuda con la devoluci\u00f3n del IVA desde Francia, le invitamos a trabajar con nosotros. Tenemos muchos a\u00f1os de experiencia en este tipo de asuntos.","robots":{"index":"index","follow":"follow","max-snippet":"max-snippet:-1","max-image-preview":"max-image-preview:large","max-video-preview":"max-video-preview:-1"},"canonical":"https:\/\/impolsarl.com\/es\/devolucion-del-iva-en-francia\/","og_locale":"es_ES","og_type":"article","og_title":"Devoluci\u00f3n del IVA en Francia","og_description":"Si necesita ayuda con la devoluci\u00f3n del IVA desde Francia, le invitamos a trabajar con nosotros. Tenemos muchos a\u00f1os de experiencia en este tipo de asuntos.","og_url":"https:\/\/impolsarl.com\/es\/devolucion-del-iva-en-francia\/","og_site_name":"Impol - Reprezentant we Francji od ponad dekady! +48 502 50 70 74","article_publisher":"https:\/\/www.facebook.com\/przedstawicieltransportuwefrancji\/","article_modified_time":"2025-06-02T12:44:29+00:00","twitter_card":"summary_large_image","twitter_misc":{"Tiempo de lectura":"2 minutos"},"schema":{"@context":"https:\/\/schema.org","@graph":[{"@type":"WebPage","@id":"https:\/\/impolsarl.com\/es\/devolucion-del-iva-en-francia\/","url":"https:\/\/impolsarl.com\/es\/devolucion-del-iva-en-francia\/","name":"Devoluci\u00f3n del IVA de Francia | \u00bfC\u00f3mo recuperarlo? | IMPOL","isPartOf":{"@id":"https:\/\/impolsarl.com\/#website"},"datePublished":"2024-10-25T10:16:25+00:00","dateModified":"2025-06-02T12:44:29+00:00","description":"Si necesita ayuda con la devoluci\u00f3n del IVA desde Francia, le invitamos a trabajar con nosotros. Tenemos muchos a\u00f1os de experiencia en este tipo de asuntos.","breadcrumb":{"@id":"https:\/\/impolsarl.com\/es\/devolucion-del-iva-en-francia\/#breadcrumb"},"inLanguage":"es","potentialAction":[{"@type":"ReadAction","target":["https:\/\/impolsarl.com\/es\/devolucion-del-iva-en-francia\/"]}]},{"@type":"BreadcrumbList","@id":"https:\/\/impolsarl.com\/es\/devolucion-del-iva-en-francia\/#breadcrumb","itemListElement":[{"@type":"ListItem","position":1,"name":"Strona g\u0142\u00f3wna","item":"https:\/\/impolsarl.com\/es\/pagina-de-inicio\/"},{"@type":"ListItem","position":2,"name":"Devoluci\u00f3n del IVA en Francia"}]},{"@type":"WebSite","@id":"https:\/\/impolsarl.com\/#website","url":"https:\/\/impolsarl.com\/","name":"Impol - Reprezentant we Francji od ponad dekady! +48 502 50 70 74","description":"Impol SARL - Przedstawiciel transportu w Europie","publisher":{"@id":"https:\/\/impolsarl.com\/#organization"},"potentialAction":[{"@type":"SearchAction","target":{"@type":"EntryPoint","urlTemplate":"https:\/\/impolsarl.com\/?s={search_term_string}"},"query-input":{"@type":"PropertyValueSpecification","valueRequired":true,"valueName":"search_term_string"}}],"inLanguage":"es"},{"@type":"Organization","@id":"https:\/\/impolsarl.com\/#organization","name":"Impol - Przedstawiciel Transportu i Pracownikow Delegowanych Do Francji","url":"https:\/\/impolsarl.com\/","logo":{"@type":"ImageObject","inLanguage":"es","@id":"https:\/\/impolsarl.com\/#\/schema\/logo\/image\/","url":"https:\/\/impolsarl.com\/wp-content\/uploads\/2018\/08\/logo-1.png","contentUrl":"https:\/\/impolsarl.com\/wp-content\/uploads\/2018\/08\/logo-1.png","width":133,"height":126,"caption":"Impol - Przedstawiciel Transportu i Pracownikow Delegowanych Do Francji"},"image":{"@id":"https:\/\/impolsarl.com\/#\/schema\/logo\/image\/"},"sameAs":["https:\/\/www.facebook.com\/przedstawicieltransportuwefrancji\/","https:\/\/www.youtube.com\/watch?v=2zjQ9NJBf04"]}]}},"_links":{"self":[{"href":"https:\/\/impolsarl.com\/es\/wp-json\/wp\/v2\/pages\/5941","targetHints":{"allow":["GET"]}}],"collection":[{"href":"https:\/\/impolsarl.com\/es\/wp-json\/wp\/v2\/pages"}],"about":[{"href":"https:\/\/impolsarl.com\/es\/wp-json\/wp\/v2\/types\/page"}],"author":[{"embeddable":true,"href":"https:\/\/impolsarl.com\/es\/wp-json\/wp\/v2\/users\/5"}],"replies":[{"embeddable":true,"href":"https:\/\/impolsarl.com\/es\/wp-json\/wp\/v2\/comments?post=5941"}],"version-history":[{"count":1,"href":"https:\/\/impolsarl.com\/es\/wp-json\/wp\/v2\/pages\/5941\/revisions"}],"predecessor-version":[{"id":5942,"href":"https:\/\/impolsarl.com\/es\/wp-json\/wp\/v2\/pages\/5941\/revisions\/5942"}],"wp:attachment":[{"href":"https:\/\/impolsarl.com\/es\/wp-json\/wp\/v2\/media?parent=5941"}],"wp:term":[{"taxonomy":"folder","embeddable":true,"href":"https:\/\/impolsarl.com\/es\/wp-json\/wp\/v2\/folder?post=5941"}],"curies":[{"name":"wp","href":"https:\/\/api.w.org\/{rel}","templated":true}]}}