{"id":5923,"date":"2025-01-14T08:55:13","date_gmt":"2025-01-14T07:55:13","guid":{"rendered":"https:\/\/impolsarl.com\/traducciones\/traduccion-de-certificados\/"},"modified":"2025-06-02T14:35:35","modified_gmt":"2025-06-02T12:35:35","slug":"traduccion-de-certificados","status":"publish","type":"page","link":"https:\/\/impolsarl.com\/es\/traducciones\/traduccion-de-certificados\/","title":{"rendered":"Traducci\u00f3n de certificados"},"content":{"rendered":"<p><span style=\"font-weight: 400;\">Los documentos son un important\u00edsimo soporte de informaci\u00f3n, por lo que aquellos que funcionan en circulaci\u00f3n internacional deben traducirse con el m\u00e1ximo cuidado. Impol ofrece traducciones profesionales de documentos -tanto ordinarios como certificados- adaptadas a las necesidades de clientes particulares y empresas. Las traducciones realizadas por nuestro equipo de especialistas cumplen altos est\u00e1ndares de calidad, garantizando precisi\u00f3n y fidelidad al original.  <\/span><\/p>\n<p><span style=\"font-weight: 400;\">Sea cual sea el contenido, la precisi\u00f3n y la puntualidad son las piedras angulares de nuestros servicios. Gracias a nuestra amplia experiencia y conocimiento de las caracter\u00edsticas ling\u00fc\u00edsticas y culturales espec\u00edficas de Francia, el traductor de Impol proporcionar\u00e1 traducciones de documentos completos, cumpliendo los requisitos de oficinas e instituciones en Polonia y en el extranjero. Ofrecemos traducciones juradas y ordinarias de documentos franceses, as\u00ed como traducciones ordinarias en italiano, alem\u00e1n, espa\u00f1ol e ingl\u00e9s.  <\/span><\/p>\n\n<div class=\"seo\"><h2 class=\"wp-block-heading\"><strong>Traducci\u00f3n de documentos oficiales\n<\/strong><\/h2><\/div>\n\n<p>Realizamos traducciones de documentos oficiales que cumplen las directrices formales obligatorias, para que la documentaci\u00f3n pueda presentarse ante las autoridades e instituciones pertinentes. La traducci\u00f3n de documentos franceses la realizan en Impol traductores acreditados, por lo que cada uno de ellos puede certificarse conforme a la normativa vigente. <\/p>\n\n<div class=\"seo\"><h2 class=\"wp-block-heading\"><strong>Traducci\u00f3n de certificados\n<\/strong><\/h2><\/div>\n\n<p>Los certificados especiales, como los de idiomas, profesionales o sanitarios, suelen requerir traducci\u00f3n por motivos administrativos, educativos o comerciales. Nuestra oferta de traducci\u00f3n de certificados incluye tanto traducciones ordinarias como juradas del polaco al franc\u00e9s y del franc\u00e9s al polaco. Podemos asegurarle que cada uno de ellos se traducir\u00e1 con el m\u00e1ximo cuidado, para que sean plenamente aceptados por las instituciones pertinentes.  <\/p>\n\n<p>Le invitamos a utilizar nuestros servicios de traducci\u00f3n. Trabajar con nosotros le garantiza una gran profesionalidad, precisi\u00f3n y cumplimiento de las normas internacionales. <\/p>\n","protected":false},"excerpt":{"rendered":"<p>Los documentos son un important\u00edsimo soporte de informaci\u00f3n, por lo que aquellos que funcionan en circulaci\u00f3n internacional deben traducirse con el m\u00e1ximo cuidado. Impol ofrece traducciones profesionales de documentos -tanto ordinarios como certificados- adaptadas a las necesidades de clientes particulares y empresas. Las traducciones realizadas por nuestro equipo de especialistas cumplen altos est\u00e1ndares de calidad, &hellip;<\/p>\n<p class=\"read-more\"> <a class=\"\" href=\"https:\/\/impolsarl.com\/es\/traducciones\/traduccion-de-certificados\/\"> <span class=\"screen-reader-text\">Traducci\u00f3n de certificados<\/span> Leer m\u00e1s \u00bb<\/a><\/p>\n","protected":false},"author":5,"featured_media":0,"parent":5420,"menu_order":21,"comment_status":"closed","ping_status":"closed","template":"","meta":{"_acf_changed":false,"site-sidebar-layout":"default","site-content-layout":"","ast-site-content-layout":"","site-content-style":"default","site-sidebar-style":"default","ast-global-header-display":"","ast-banner-title-visibility":"","ast-main-header-display":"","ast-hfb-above-header-display":"","ast-hfb-below-header-display":"","ast-hfb-mobile-header-display":"","site-post-title":"","ast-breadcrumbs-content":"","ast-featured-img":"","footer-sml-layout":"","theme-transparent-header-meta":"","adv-header-id-meta":"","stick-header-meta":"","header-above-stick-meta":"","header-main-stick-meta":"","header-below-stick-meta":"","astra-migrate-meta-layouts":"default","ast-page-background-enabled":"default","ast-page-background-meta":{"desktop":{"background-color":"var(--ast-global-color-4)","background-image":"","background-repeat":"repeat","background-position":"center center","background-size":"auto","background-attachment":"scroll","background-type":"","background-media":"","overlay-type":"","overlay-color":"","overlay-gradient":""},"tablet":{"background-color":"","background-image":"","background-repeat":"repeat","background-position":"center center","background-size":"auto","background-attachment":"scroll","background-type":"","background-media":"","overlay-type":"","overlay-color":"","overlay-gradient":""},"mobile":{"background-color":"","background-image":"","background-repeat":"repeat","background-position":"center center","background-size":"auto","background-attachment":"scroll","background-type":"","background-media":"","overlay-type":"","overlay-color":"","overlay-gradient":""}},"ast-content-background-meta":{"desktop":{"background-color":"var(--ast-global-color-5)","background-image":"","background-repeat":"repeat","background-position":"center center","background-size":"auto","background-attachment":"scroll","background-type":"","background-media":"","overlay-type":"","overlay-color":"","overlay-gradient":""},"tablet":{"background-color":"var(--ast-global-color-5)","background-image":"","background-repeat":"repeat","background-position":"center center","background-size":"auto","background-attachment":"scroll","background-type":"","background-media":"","overlay-type":"","overlay-color":"","overlay-gradient":""},"mobile":{"background-color":"var(--ast-global-color-5)","background-image":"","background-repeat":"repeat","background-position":"center center","background-size":"auto","background-attachment":"scroll","background-type":"","background-media":"","overlay-type":"","overlay-color":"","overlay-gradient":""}},"footnotes":""},"folder":[94],"class_list":["post-5923","page","type-page","status-publish","hentry"],"acf":[],"yoast_head":"<!-- This site is optimized with the Yoast SEO Premium plugin v24.7 (Yoast SEO v24.7) - https:\/\/yoast.com\/wordpress\/plugins\/seo\/ -->\n<title>Traducci\u00f3n de documentos oficiales y certificados | IMPOL<\/title>\n<meta name=\"description\" content=\"\u00bfNecesita una traducci\u00f3n fiable de certificados o documentos oficiales? Los expertos de Impol estar\u00e1n encantados de trabajar con usted.\" \/>\n<meta name=\"robots\" content=\"index, follow, max-snippet:-1, max-image-preview:large, max-video-preview:-1\" \/>\n<link rel=\"canonical\" href=\"https:\/\/impolsarl.com\/es\/traducciones\/traduccion-de-certificados\/\" \/>\n<meta property=\"og:locale\" content=\"es_ES\" \/>\n<meta property=\"og:type\" content=\"article\" \/>\n<meta property=\"og:title\" content=\"Traducci\u00f3n de certificados\" \/>\n<meta property=\"og:description\" content=\"\u00bfNecesita una traducci\u00f3n fiable de certificados o documentos oficiales? Los expertos de Impol estar\u00e1n encantados de trabajar con usted.\" \/>\n<meta property=\"og:url\" content=\"https:\/\/impolsarl.com\/es\/traducciones\/traduccion-de-certificados\/\" \/>\n<meta property=\"og:site_name\" content=\"Impol - Reprezentant we Francji od ponad dekady! +48 502 50 70 74\" \/>\n<meta property=\"article:publisher\" content=\"https:\/\/www.facebook.com\/przedstawicieltransportuwefrancji\/\" \/>\n<meta property=\"article:modified_time\" content=\"2025-06-02T12:35:35+00:00\" \/>\n<meta name=\"twitter:card\" content=\"summary_large_image\" \/>\n<meta name=\"twitter:label1\" content=\"Tiempo de lectura\" \/>\n\t<meta name=\"twitter:data1\" content=\"1 minuto\" \/>\n<script type=\"application\/ld+json\" class=\"yoast-schema-graph\">{\"@context\":\"https:\/\/schema.org\",\"@graph\":[{\"@type\":\"WebPage\",\"@id\":\"https:\/\/impolsarl.com\/es\/traducciones\/traduccion-de-certificados\/\",\"url\":\"https:\/\/impolsarl.com\/es\/traducciones\/traduccion-de-certificados\/\",\"name\":\"Traducci\u00f3n de documentos oficiales y certificados | IMPOL\",\"isPartOf\":{\"@id\":\"https:\/\/impolsarl.com\/#website\"},\"datePublished\":\"2025-01-14T07:55:13+00:00\",\"dateModified\":\"2025-06-02T12:35:35+00:00\",\"description\":\"\u00bfNecesita una traducci\u00f3n fiable de certificados o documentos oficiales? Los expertos de Impol estar\u00e1n encantados de trabajar con usted.\",\"breadcrumb\":{\"@id\":\"https:\/\/impolsarl.com\/es\/traducciones\/traduccion-de-certificados\/#breadcrumb\"},\"inLanguage\":\"es\",\"potentialAction\":[{\"@type\":\"ReadAction\",\"target\":[\"https:\/\/impolsarl.com\/es\/traducciones\/traduccion-de-certificados\/\"]}]},{\"@type\":\"BreadcrumbList\",\"@id\":\"https:\/\/impolsarl.com\/es\/traducciones\/traduccion-de-certificados\/#breadcrumb\",\"itemListElement\":[{\"@type\":\"ListItem\",\"position\":1,\"name\":\"Strona g\u0142\u00f3wna\",\"item\":\"https:\/\/impolsarl.com\/es\/pagina-de-inicio\/\"},{\"@type\":\"ListItem\",\"position\":2,\"name\":\"Traducciones\",\"item\":\"https:\/\/impolsarl.com\/es\/traducciones\/\"},{\"@type\":\"ListItem\",\"position\":3,\"name\":\"Traducci\u00f3n de certificados\"}]},{\"@type\":\"WebSite\",\"@id\":\"https:\/\/impolsarl.com\/#website\",\"url\":\"https:\/\/impolsarl.com\/\",\"name\":\"Impol - Reprezentant we Francji od ponad dekady! +48 502 50 70 74\",\"description\":\"Impol SARL - Przedstawiciel transportu w Europie\",\"publisher\":{\"@id\":\"https:\/\/impolsarl.com\/#organization\"},\"potentialAction\":[{\"@type\":\"SearchAction\",\"target\":{\"@type\":\"EntryPoint\",\"urlTemplate\":\"https:\/\/impolsarl.com\/?s={search_term_string}\"},\"query-input\":{\"@type\":\"PropertyValueSpecification\",\"valueRequired\":true,\"valueName\":\"search_term_string\"}}],\"inLanguage\":\"es\"},{\"@type\":\"Organization\",\"@id\":\"https:\/\/impolsarl.com\/#organization\",\"name\":\"Impol - Przedstawiciel Transportu i Pracownikow Delegowanych Do Francji\",\"url\":\"https:\/\/impolsarl.com\/\",\"logo\":{\"@type\":\"ImageObject\",\"inLanguage\":\"es\",\"@id\":\"https:\/\/impolsarl.com\/#\/schema\/logo\/image\/\",\"url\":\"https:\/\/impolsarl.com\/wp-content\/uploads\/2018\/08\/logo-1.png\",\"contentUrl\":\"https:\/\/impolsarl.com\/wp-content\/uploads\/2018\/08\/logo-1.png\",\"width\":133,\"height\":126,\"caption\":\"Impol - Przedstawiciel Transportu i Pracownikow Delegowanych Do Francji\"},\"image\":{\"@id\":\"https:\/\/impolsarl.com\/#\/schema\/logo\/image\/\"},\"sameAs\":[\"https:\/\/www.facebook.com\/przedstawicieltransportuwefrancji\/\",\"https:\/\/www.youtube.com\/watch?v=2zjQ9NJBf04\"]}]}<\/script>\n<!-- \/ Yoast SEO Premium plugin. -->","yoast_head_json":{"title":"Traducci\u00f3n de documentos oficiales y certificados | IMPOL","description":"\u00bfNecesita una traducci\u00f3n fiable de certificados o documentos oficiales? Los expertos de Impol estar\u00e1n encantados de trabajar con usted.","robots":{"index":"index","follow":"follow","max-snippet":"max-snippet:-1","max-image-preview":"max-image-preview:large","max-video-preview":"max-video-preview:-1"},"canonical":"https:\/\/impolsarl.com\/es\/traducciones\/traduccion-de-certificados\/","og_locale":"es_ES","og_type":"article","og_title":"Traducci\u00f3n de certificados","og_description":"\u00bfNecesita una traducci\u00f3n fiable de certificados o documentos oficiales? Los expertos de Impol estar\u00e1n encantados de trabajar con usted.","og_url":"https:\/\/impolsarl.com\/es\/traducciones\/traduccion-de-certificados\/","og_site_name":"Impol - Reprezentant we Francji od ponad dekady! +48 502 50 70 74","article_publisher":"https:\/\/www.facebook.com\/przedstawicieltransportuwefrancji\/","article_modified_time":"2025-06-02T12:35:35+00:00","twitter_card":"summary_large_image","twitter_misc":{"Tiempo de lectura":"1 minuto"},"schema":{"@context":"https:\/\/schema.org","@graph":[{"@type":"WebPage","@id":"https:\/\/impolsarl.com\/es\/traducciones\/traduccion-de-certificados\/","url":"https:\/\/impolsarl.com\/es\/traducciones\/traduccion-de-certificados\/","name":"Traducci\u00f3n de documentos oficiales y certificados | IMPOL","isPartOf":{"@id":"https:\/\/impolsarl.com\/#website"},"datePublished":"2025-01-14T07:55:13+00:00","dateModified":"2025-06-02T12:35:35+00:00","description":"\u00bfNecesita una traducci\u00f3n fiable de certificados o documentos oficiales? Los expertos de Impol estar\u00e1n encantados de trabajar con usted.","breadcrumb":{"@id":"https:\/\/impolsarl.com\/es\/traducciones\/traduccion-de-certificados\/#breadcrumb"},"inLanguage":"es","potentialAction":[{"@type":"ReadAction","target":["https:\/\/impolsarl.com\/es\/traducciones\/traduccion-de-certificados\/"]}]},{"@type":"BreadcrumbList","@id":"https:\/\/impolsarl.com\/es\/traducciones\/traduccion-de-certificados\/#breadcrumb","itemListElement":[{"@type":"ListItem","position":1,"name":"Strona g\u0142\u00f3wna","item":"https:\/\/impolsarl.com\/es\/pagina-de-inicio\/"},{"@type":"ListItem","position":2,"name":"Traducciones","item":"https:\/\/impolsarl.com\/es\/traducciones\/"},{"@type":"ListItem","position":3,"name":"Traducci\u00f3n de certificados"}]},{"@type":"WebSite","@id":"https:\/\/impolsarl.com\/#website","url":"https:\/\/impolsarl.com\/","name":"Impol - Reprezentant we Francji od ponad dekady! +48 502 50 70 74","description":"Impol SARL - Przedstawiciel transportu w Europie","publisher":{"@id":"https:\/\/impolsarl.com\/#organization"},"potentialAction":[{"@type":"SearchAction","target":{"@type":"EntryPoint","urlTemplate":"https:\/\/impolsarl.com\/?s={search_term_string}"},"query-input":{"@type":"PropertyValueSpecification","valueRequired":true,"valueName":"search_term_string"}}],"inLanguage":"es"},{"@type":"Organization","@id":"https:\/\/impolsarl.com\/#organization","name":"Impol - Przedstawiciel Transportu i Pracownikow Delegowanych Do Francji","url":"https:\/\/impolsarl.com\/","logo":{"@type":"ImageObject","inLanguage":"es","@id":"https:\/\/impolsarl.com\/#\/schema\/logo\/image\/","url":"https:\/\/impolsarl.com\/wp-content\/uploads\/2018\/08\/logo-1.png","contentUrl":"https:\/\/impolsarl.com\/wp-content\/uploads\/2018\/08\/logo-1.png","width":133,"height":126,"caption":"Impol - Przedstawiciel Transportu i Pracownikow Delegowanych Do Francji"},"image":{"@id":"https:\/\/impolsarl.com\/#\/schema\/logo\/image\/"},"sameAs":["https:\/\/www.facebook.com\/przedstawicieltransportuwefrancji\/","https:\/\/www.youtube.com\/watch?v=2zjQ9NJBf04"]}]}},"_links":{"self":[{"href":"https:\/\/impolsarl.com\/es\/wp-json\/wp\/v2\/pages\/5923","targetHints":{"allow":["GET"]}}],"collection":[{"href":"https:\/\/impolsarl.com\/es\/wp-json\/wp\/v2\/pages"}],"about":[{"href":"https:\/\/impolsarl.com\/es\/wp-json\/wp\/v2\/types\/page"}],"author":[{"embeddable":true,"href":"https:\/\/impolsarl.com\/es\/wp-json\/wp\/v2\/users\/5"}],"replies":[{"embeddable":true,"href":"https:\/\/impolsarl.com\/es\/wp-json\/wp\/v2\/comments?post=5923"}],"version-history":[{"count":1,"href":"https:\/\/impolsarl.com\/es\/wp-json\/wp\/v2\/pages\/5923\/revisions"}],"predecessor-version":[{"id":5924,"href":"https:\/\/impolsarl.com\/es\/wp-json\/wp\/v2\/pages\/5923\/revisions\/5924"}],"up":[{"embeddable":true,"href":"https:\/\/impolsarl.com\/es\/wp-json\/wp\/v2\/pages\/5420"}],"wp:attachment":[{"href":"https:\/\/impolsarl.com\/es\/wp-json\/wp\/v2\/media?parent=5923"}],"wp:term":[{"taxonomy":"folder","embeddable":true,"href":"https:\/\/impolsarl.com\/es\/wp-json\/wp\/v2\/folder?post=5923"}],"curies":[{"name":"wp","href":"https:\/\/api.w.org\/{rel}","templated":true}]}}