{"id":5917,"date":"2022-02-23T17:45:19","date_gmt":"2022-02-23T16:45:19","guid":{"rendered":"https:\/\/impolsarl.com\/cobro-de-deudas\/"},"modified":"2025-06-02T14:32:24","modified_gmt":"2025-06-02T12:32:24","slug":"cobro-de-deudas","status":"publish","type":"page","link":"https:\/\/impolsarl.com\/es\/cobro-de-deudas\/","title":{"rendered":"Cobro de deudas"},"content":{"rendered":"\n<div class=\"seo\"><p>IMPOL representa a empresas polacas en Francia desde 1991. Entre otras cosas, prestamos asistencia jur\u00eddica a las empresas polacas que operan en este pa\u00eds. Desde el inicio de nuestra actividad, hemos desarrollado nuestras habilidades y competencias para poder ofrecerle siempre servicios de la m\u00e1s alta calidad. El \u00e1mbito de nuestros servicios incluye tambi\u00e9n el cobro de deudas en Francia.    <\/p>\n<h2>Cobro de deudas en Francia: \u00a1conf\u00ede en los profesionales de Impol!<\/h2>\n<p>En Impol, prestamos un servicio profesional a cada cliente, presentando las soluciones m\u00e1s eficaces en materia de cobro de deudas en Francia, optimizadas para responder a las necesidades individuales. Nuestro equipo est\u00e1 dirigido por un abogado experimentado, especialista en derecho laboral y traductor jurado. <\/p>\n<p>Prestamos servicios y asistencia jur\u00eddica en polaco. Le proporcionamos asistencia jur\u00eddica con cualquiera de sus dudas sobre la legislaci\u00f3n francesa, as\u00ed como informaci\u00f3n sobre los cambios que se est\u00e1n produciendo. El cobro de deudas en Francia que ofrecemos es del m\u00e1s alto nivel en t\u00e9rminos de eficiencia y experiencia.  <\/p>\n<h2>Cobro de deudas en Francia: profesionalidad y eficacia de Impol<\/h2>\n<p>Muchas veces, los empresarios polacos que exportan sus productos a Francia se enfrentan a retrasos en los pagos. Desgraciadamente, las entidades polacas no suelen ser una prioridad para los receptores extranjeros que se retrasan en el pago. Nuestra experiencia adquirida a lo largo de los a\u00f1os garantiza que el cobro de deudas en Francia no tiene por qu\u00e9 estar condenado al fracaso de antemano. Gracias a nuestro conocimiento de la normativa local y a unas gestiones r\u00e1pidas y decisivas, el cobro amistoso o judicial de deudas en Francia realizado por nosotros tiene muchas posibilidades de \u00e9xito.   <\/p>\n<p>Impol &#8211; representante en Francia para empresas polacas, tambi\u00e9n para el cobro de deudas en Francia. \u00a1Sin intermediarios, sin gastos ocultos y de forma flexible y adaptada a sus necesidades! <\/p><\/div>\n","protected":false},"excerpt":{"rendered":"<p>IMPOL representa a empresas polacas en Francia desde 1991. Entre otras cosas, prestamos asistencia jur\u00eddica a las empresas polacas que operan en este pa\u00eds. Desde el inicio de nuestra actividad, hemos desarrollado nuestras habilidades y competencias para poder ofrecerle siempre servicios de la m\u00e1s alta calidad. El \u00e1mbito de nuestros servicios incluye tambi\u00e9n el cobro &hellip;<\/p>\n<p class=\"read-more\"> <a class=\"\" href=\"https:\/\/impolsarl.com\/es\/cobro-de-deudas\/\"> <span class=\"screen-reader-text\">Cobro de deudas<\/span> Leer m\u00e1s \u00bb<\/a><\/p>\n","protected":false},"author":5,"featured_media":0,"parent":0,"menu_order":38,"comment_status":"closed","ping_status":"closed","template":"","meta":{"_acf_changed":false,"site-sidebar-layout":"default","site-content-layout":"","ast-site-content-layout":"","site-content-style":"default","site-sidebar-style":"default","ast-global-header-display":"","ast-banner-title-visibility":"","ast-main-header-display":"","ast-hfb-above-header-display":"","ast-hfb-below-header-display":"","ast-hfb-mobile-header-display":"","site-post-title":"","ast-breadcrumbs-content":"","ast-featured-img":"","footer-sml-layout":"","theme-transparent-header-meta":"","adv-header-id-meta":"","stick-header-meta":"","header-above-stick-meta":"","header-main-stick-meta":"","header-below-stick-meta":"","astra-migrate-meta-layouts":"default","ast-page-background-enabled":"default","ast-page-background-meta":{"desktop":{"background-color":"var(--ast-global-color-4)","background-image":"","background-repeat":"repeat","background-position":"center center","background-size":"auto","background-attachment":"scroll","background-type":"","background-media":"","overlay-type":"","overlay-color":"","overlay-gradient":""},"tablet":{"background-color":"","background-image":"","background-repeat":"repeat","background-position":"center center","background-size":"auto","background-attachment":"scroll","background-type":"","background-media":"","overlay-type":"","overlay-color":"","overlay-gradient":""},"mobile":{"background-color":"","background-image":"","background-repeat":"repeat","background-position":"center center","background-size":"auto","background-attachment":"scroll","background-type":"","background-media":"","overlay-type":"","overlay-color":"","overlay-gradient":""}},"ast-content-background-meta":{"desktop":{"background-color":"var(--ast-global-color-5)","background-image":"","background-repeat":"repeat","background-position":"center center","background-size":"auto","background-attachment":"scroll","background-type":"","background-media":"","overlay-type":"","overlay-color":"","overlay-gradient":""},"tablet":{"background-color":"var(--ast-global-color-5)","background-image":"","background-repeat":"repeat","background-position":"center center","background-size":"auto","background-attachment":"scroll","background-type":"","background-media":"","overlay-type":"","overlay-color":"","overlay-gradient":""},"mobile":{"background-color":"var(--ast-global-color-5)","background-image":"","background-repeat":"repeat","background-position":"center center","background-size":"auto","background-attachment":"scroll","background-type":"","background-media":"","overlay-type":"","overlay-color":"","overlay-gradient":""}},"footnotes":""},"folder":[94],"class_list":["post-5917","page","type-page","status-publish","hentry"],"acf":[],"yoast_head":"<!-- This site is optimized with the Yoast SEO Premium plugin v24.7 (Yoast SEO v24.7) - https:\/\/yoast.com\/wordpress\/plugins\/seo\/ -->\n<title>Cobro de deudas en Francia | IMPOL - \u00a1Representaci\u00f3n de empresas en Francia desde hace m\u00e1s de una d\u00e9cada!<\/title>\n<meta name=\"description\" content=\"Impol - cobro de deudas en Francia. Hacemos que el cobro amistoso o judicial de deudas tenga muchas posibilidades de \u00e9xito. \u00a1Compruebe nuestra eficacia!\" \/>\n<meta name=\"robots\" content=\"index, follow, max-snippet:-1, max-image-preview:large, max-video-preview:-1\" \/>\n<link rel=\"canonical\" href=\"https:\/\/impolsarl.com\/es\/cobro-de-deudas\/\" \/>\n<meta property=\"og:locale\" content=\"es_ES\" \/>\n<meta property=\"og:type\" content=\"article\" \/>\n<meta property=\"og:title\" content=\"Cobro de deudas\" \/>\n<meta property=\"og:description\" content=\"Impol - cobro de deudas en Francia. Hacemos que el cobro amistoso o judicial de deudas tenga muchas posibilidades de \u00e9xito. \u00a1Compruebe nuestra eficacia!\" \/>\n<meta property=\"og:url\" content=\"https:\/\/impolsarl.com\/es\/cobro-de-deudas\/\" \/>\n<meta property=\"og:site_name\" content=\"Impol - Reprezentant we Francji od ponad dekady! +48 502 50 70 74\" \/>\n<meta property=\"article:publisher\" content=\"https:\/\/www.facebook.com\/przedstawicieltransportuwefrancji\/\" \/>\n<meta property=\"article:modified_time\" content=\"2025-06-02T12:32:24+00:00\" \/>\n<meta name=\"twitter:card\" content=\"summary_large_image\" \/>\n<meta name=\"twitter:label1\" content=\"Tiempo de lectura\" \/>\n\t<meta name=\"twitter:data1\" content=\"2 minutos\" \/>\n<script type=\"application\/ld+json\" class=\"yoast-schema-graph\">{\"@context\":\"https:\/\/schema.org\",\"@graph\":[{\"@type\":\"WebPage\",\"@id\":\"https:\/\/impolsarl.com\/es\/cobro-de-deudas\/\",\"url\":\"https:\/\/impolsarl.com\/es\/cobro-de-deudas\/\",\"name\":\"Cobro de deudas en Francia | IMPOL - \u00a1Representaci\u00f3n de empresas en Francia desde hace m\u00e1s de una d\u00e9cada!\",\"isPartOf\":{\"@id\":\"https:\/\/impolsarl.com\/#website\"},\"datePublished\":\"2022-02-23T16:45:19+00:00\",\"dateModified\":\"2025-06-02T12:32:24+00:00\",\"description\":\"Impol - cobro de deudas en Francia. Hacemos que el cobro amistoso o judicial de deudas tenga muchas posibilidades de \u00e9xito. \u00a1Compruebe nuestra eficacia!\",\"breadcrumb\":{\"@id\":\"https:\/\/impolsarl.com\/es\/cobro-de-deudas\/#breadcrumb\"},\"inLanguage\":\"es\",\"potentialAction\":[{\"@type\":\"ReadAction\",\"target\":[\"https:\/\/impolsarl.com\/es\/cobro-de-deudas\/\"]}]},{\"@type\":\"BreadcrumbList\",\"@id\":\"https:\/\/impolsarl.com\/es\/cobro-de-deudas\/#breadcrumb\",\"itemListElement\":[{\"@type\":\"ListItem\",\"position\":1,\"name\":\"Strona g\u0142\u00f3wna\",\"item\":\"https:\/\/impolsarl.com\/es\/pagina-de-inicio\/\"},{\"@type\":\"ListItem\",\"position\":2,\"name\":\"Cobro de deudas\"}]},{\"@type\":\"WebSite\",\"@id\":\"https:\/\/impolsarl.com\/#website\",\"url\":\"https:\/\/impolsarl.com\/\",\"name\":\"Impol - Reprezentant we Francji od ponad dekady! +48 502 50 70 74\",\"description\":\"Impol SARL - Przedstawiciel transportu w Europie\",\"publisher\":{\"@id\":\"https:\/\/impolsarl.com\/#organization\"},\"potentialAction\":[{\"@type\":\"SearchAction\",\"target\":{\"@type\":\"EntryPoint\",\"urlTemplate\":\"https:\/\/impolsarl.com\/?s={search_term_string}\"},\"query-input\":{\"@type\":\"PropertyValueSpecification\",\"valueRequired\":true,\"valueName\":\"search_term_string\"}}],\"inLanguage\":\"es\"},{\"@type\":\"Organization\",\"@id\":\"https:\/\/impolsarl.com\/#organization\",\"name\":\"Impol - Przedstawiciel Transportu i Pracownikow Delegowanych Do Francji\",\"url\":\"https:\/\/impolsarl.com\/\",\"logo\":{\"@type\":\"ImageObject\",\"inLanguage\":\"es\",\"@id\":\"https:\/\/impolsarl.com\/#\/schema\/logo\/image\/\",\"url\":\"https:\/\/impolsarl.com\/wp-content\/uploads\/2018\/08\/logo-1.png\",\"contentUrl\":\"https:\/\/impolsarl.com\/wp-content\/uploads\/2018\/08\/logo-1.png\",\"width\":133,\"height\":126,\"caption\":\"Impol - Przedstawiciel Transportu i Pracownikow Delegowanych Do Francji\"},\"image\":{\"@id\":\"https:\/\/impolsarl.com\/#\/schema\/logo\/image\/\"},\"sameAs\":[\"https:\/\/www.facebook.com\/przedstawicieltransportuwefrancji\/\",\"https:\/\/www.youtube.com\/watch?v=2zjQ9NJBf04\"]}]}<\/script>\n<!-- \/ Yoast SEO Premium plugin. -->","yoast_head_json":{"title":"Cobro de deudas en Francia | IMPOL - \u00a1Representaci\u00f3n de empresas en Francia desde hace m\u00e1s de una d\u00e9cada!","description":"Impol - cobro de deudas en Francia. Hacemos que el cobro amistoso o judicial de deudas tenga muchas posibilidades de \u00e9xito. \u00a1Compruebe nuestra eficacia!","robots":{"index":"index","follow":"follow","max-snippet":"max-snippet:-1","max-image-preview":"max-image-preview:large","max-video-preview":"max-video-preview:-1"},"canonical":"https:\/\/impolsarl.com\/es\/cobro-de-deudas\/","og_locale":"es_ES","og_type":"article","og_title":"Cobro de deudas","og_description":"Impol - cobro de deudas en Francia. Hacemos que el cobro amistoso o judicial de deudas tenga muchas posibilidades de \u00e9xito. \u00a1Compruebe nuestra eficacia!","og_url":"https:\/\/impolsarl.com\/es\/cobro-de-deudas\/","og_site_name":"Impol - Reprezentant we Francji od ponad dekady! +48 502 50 70 74","article_publisher":"https:\/\/www.facebook.com\/przedstawicieltransportuwefrancji\/","article_modified_time":"2025-06-02T12:32:24+00:00","twitter_card":"summary_large_image","twitter_misc":{"Tiempo de lectura":"2 minutos"},"schema":{"@context":"https:\/\/schema.org","@graph":[{"@type":"WebPage","@id":"https:\/\/impolsarl.com\/es\/cobro-de-deudas\/","url":"https:\/\/impolsarl.com\/es\/cobro-de-deudas\/","name":"Cobro de deudas en Francia | IMPOL - \u00a1Representaci\u00f3n de empresas en Francia desde hace m\u00e1s de una d\u00e9cada!","isPartOf":{"@id":"https:\/\/impolsarl.com\/#website"},"datePublished":"2022-02-23T16:45:19+00:00","dateModified":"2025-06-02T12:32:24+00:00","description":"Impol - cobro de deudas en Francia. Hacemos que el cobro amistoso o judicial de deudas tenga muchas posibilidades de \u00e9xito. \u00a1Compruebe nuestra eficacia!","breadcrumb":{"@id":"https:\/\/impolsarl.com\/es\/cobro-de-deudas\/#breadcrumb"},"inLanguage":"es","potentialAction":[{"@type":"ReadAction","target":["https:\/\/impolsarl.com\/es\/cobro-de-deudas\/"]}]},{"@type":"BreadcrumbList","@id":"https:\/\/impolsarl.com\/es\/cobro-de-deudas\/#breadcrumb","itemListElement":[{"@type":"ListItem","position":1,"name":"Strona g\u0142\u00f3wna","item":"https:\/\/impolsarl.com\/es\/pagina-de-inicio\/"},{"@type":"ListItem","position":2,"name":"Cobro de deudas"}]},{"@type":"WebSite","@id":"https:\/\/impolsarl.com\/#website","url":"https:\/\/impolsarl.com\/","name":"Impol - Reprezentant we Francji od ponad dekady! +48 502 50 70 74","description":"Impol SARL - Przedstawiciel transportu w Europie","publisher":{"@id":"https:\/\/impolsarl.com\/#organization"},"potentialAction":[{"@type":"SearchAction","target":{"@type":"EntryPoint","urlTemplate":"https:\/\/impolsarl.com\/?s={search_term_string}"},"query-input":{"@type":"PropertyValueSpecification","valueRequired":true,"valueName":"search_term_string"}}],"inLanguage":"es"},{"@type":"Organization","@id":"https:\/\/impolsarl.com\/#organization","name":"Impol - Przedstawiciel Transportu i Pracownikow Delegowanych Do Francji","url":"https:\/\/impolsarl.com\/","logo":{"@type":"ImageObject","inLanguage":"es","@id":"https:\/\/impolsarl.com\/#\/schema\/logo\/image\/","url":"https:\/\/impolsarl.com\/wp-content\/uploads\/2018\/08\/logo-1.png","contentUrl":"https:\/\/impolsarl.com\/wp-content\/uploads\/2018\/08\/logo-1.png","width":133,"height":126,"caption":"Impol - Przedstawiciel Transportu i Pracownikow Delegowanych Do Francji"},"image":{"@id":"https:\/\/impolsarl.com\/#\/schema\/logo\/image\/"},"sameAs":["https:\/\/www.facebook.com\/przedstawicieltransportuwefrancji\/","https:\/\/www.youtube.com\/watch?v=2zjQ9NJBf04"]}]}},"_links":{"self":[{"href":"https:\/\/impolsarl.com\/es\/wp-json\/wp\/v2\/pages\/5917","targetHints":{"allow":["GET"]}}],"collection":[{"href":"https:\/\/impolsarl.com\/es\/wp-json\/wp\/v2\/pages"}],"about":[{"href":"https:\/\/impolsarl.com\/es\/wp-json\/wp\/v2\/types\/page"}],"author":[{"embeddable":true,"href":"https:\/\/impolsarl.com\/es\/wp-json\/wp\/v2\/users\/5"}],"replies":[{"embeddable":true,"href":"https:\/\/impolsarl.com\/es\/wp-json\/wp\/v2\/comments?post=5917"}],"version-history":[{"count":1,"href":"https:\/\/impolsarl.com\/es\/wp-json\/wp\/v2\/pages\/5917\/revisions"}],"predecessor-version":[{"id":5918,"href":"https:\/\/impolsarl.com\/es\/wp-json\/wp\/v2\/pages\/5917\/revisions\/5918"}],"wp:attachment":[{"href":"https:\/\/impolsarl.com\/es\/wp-json\/wp\/v2\/media?parent=5917"}],"wp:term":[{"taxonomy":"folder","embeddable":true,"href":"https:\/\/impolsarl.com\/es\/wp-json\/wp\/v2\/folder?post=5917"}],"curies":[{"name":"wp","href":"https:\/\/api.w.org\/{rel}","templated":true}]}}