{"id":5913,"date":"2022-02-23T17:45:18","date_gmt":"2022-02-23T16:45:18","guid":{"rendered":"https:\/\/impolsarl.com\/crear-una-empresa-en-francia\/"},"modified":"2025-06-02T14:28:34","modified_gmt":"2025-06-02T12:28:34","slug":"crear-una-empresa-en-francia","status":"publish","type":"page","link":"https:\/\/impolsarl.com\/es\/crear-una-empresa-en-francia\/","title":{"rendered":"Crear una empresa en Francia"},"content":{"rendered":"\n<div class=\"seo\"><p>Francia figura entre las diez mayores econom\u00edas del mundo y est\u00e1 considerada como uno de los mejores lugares para la inversi\u00f3n extranjera en Europa. Polonia figura entre los primeros pa\u00edses de Europa Central y Oriental por el n\u00famero de nuevos puestos de trabajo creados aqu\u00ed\n. <\/p>\n\n<h2>Crear una empresa en Francia &#8211; Estructuras jur\u00eddicas<\/h2>\n\n<p>De forma an\u00e1loga a nuestro pa\u00eds, a la hora de crear una empresa en Francia, la forma preferida son las sociedades an\u00f3nimas. Los empresarios que deseen ampliar su negocio aqu\u00ed tienen varias estructuras jur\u00eddicas diferentes entre las que elegir: <\/p>\n<ol><li><b>SARL (Soci\u00e9t\u00e9 \u00e0 responsabilit\u00e9 limit\u00e9e): <\/b>Sociedad de responsabilidad limitada, equivalente a la sociedad an\u00f3nima polaca. Es una forma popular para las peque\u00f1as y medianas empresas. El capital social se divide en acciones y los propietarios tienen responsabilidad limitada. <\/li>\n\n<li><b>SAS (Soci\u00e9t\u00e9 par actions simplifi\u00e9e): <\/b>una sociedad por acciones simplificada. Es una forma jur\u00eddica flexible que permite personalizar los estatutos. Es m\u00e1s adecuada para empresas grandes.  <\/li>\n\n<li><b>SA (Soci\u00e9t\u00e9 Anonyme): <\/b>sociedad an\u00f3nima, equivalente a la sociedad an\u00f3nima polaca (S.A.). Es la forma que suelen elegir las grandes empresas. <\/li>\n<li><b>Autoempresario: <\/b>forma de empresa individual adecuada para los trabajadores por cuenta propia. Es una forma sencilla que incluye procedimientos simplificados tanto fiscales como administrativos. <\/li>\n\n<li><b>EURL (Entreprise Unipersonnelle \u00e0 Responsabilit\u00e9 Limit\u00e9e):<\/b> empresa unipersonal de responsabilidad limitada.<\/li>\n\n<li><b>SNC (Soci\u00e9t\u00e9 en Nom Collectif):<\/b> sociedad comanditaria que incluye socios con responsabilidad ilimitada y socios comanditarios con responsabilidad limitada.<\/li>\n\n<li><b>SARL de familia: <\/b>un tipo especial de SARL al que s\u00f3lo pueden acceder los miembros de una familia.<\/li>\n\n<li><b>Soci\u00e9t\u00e9 Civile Immobili\u00e8re (SCI):<\/b> sociedad de inversi\u00f3n inmobiliaria.<\/li>\n\n<li><b>Soci\u00e9t\u00e9 Coop\u00e9rative (SC):<\/b> empresa cooperativa en la que los propietarios gestionan conjuntamente la empresa y se reparten los beneficios.<\/li>\n\n<li><b>Soci\u00e9t\u00e9 en commandite par actions (SCA):<\/b> sociedad de responsabilidad limitada que combina elementos de una sociedad de responsabilidad limitada con elementos de una sociedad comanditaria.<\/li>\n\n<li><b>Soci\u00e9t\u00e9 par actions simplifi\u00e9e unipersonnelle (SASU): <\/b>sociedad por acciones simplificada unipersonal, que equivale a la SAS para un solo propietario.<\/li>\n\n<li><b>Soci\u00e9t\u00e9 d&#8217;Exercice Lib\u00e9ral (SEL): <\/b>un formulario para las profesiones liberales.<\/li>\n<\/ol><p>Cada una de estas estructuras tiene sus propios requisitos y ventajas, por lo que merece la pena consultar a asesores profesionales para elegir la m\u00e1s adecuada para su empresa.<\/p>\n\n<h2>Crear una empresa en Francia &#8211; informaci\u00f3n general<\/h2>\n\n<p>Al crear una empresa en Francia, todas las palabras de su nombre deben estar en franc\u00e9s o en ingl\u00e9s. Adem\u00e1s, el nombre debe terminar con una palabra, frase o abreviatura que indique la forma organizativa y jur\u00eddica de la empresa. El nombre elegido se verifica en la oficina de patentes (Institut national de la propri\u00e9t\u00e9 industrielle).  <\/p>\n\n<p>Para registrar una empresa en Francia, debe ponerse en contacto con el Centre de Formalit\u00e9s des Entreprises (Centro de Formalidades de las Empresas) y presentar los documentos pertinentes.<\/p>\n\n<p>Una vez registrada, el Instituto Nacional de Estad\u00edstica e Investigaci\u00f3n Econ\u00f3mica INSEE (Institut national de la statistique et des tu des economiques) asigna a la empresa un n\u00famero SIRET (Systeme informatique pour le repertoire des etablissements) y un n\u00famero SIREN (Systeme informatique pour le repertoire des entreprises et etablissements). El n\u00famero SIREN identifica a la entidad empresarial, mientras que el n\u00famero SIRET identifica tanto a la entidad empresarial como a su funci\u00f3n o establecimiento espec\u00edfico. <\/p>\n\n<p>Una parte del negocio exige declarar garant\u00edas financieras, por lo que merece la pena consultar a asesores profesionales para averiguar qu\u00e9 requisitos debe cumplir su futura empresa.<\/p>\n\n<p>Cuando se crea una empresa en Francia con la intenci\u00f3n de contratar empleados, es importante conocer a fondo la normativa laboral francesa, incluidos los contratos de trabajo, los salarios, la seguridad social, las vacaciones o las notificaciones a los empleados. Es importante tener en cuenta que en Francia, adem\u00e1s del C\u00f3digo Laboral, tambi\u00e9n existen convenios colectivos, que son distintos para cada sector, a menudo tambi\u00e9n para la regi\u00f3n. Los sindicatos que operan a nivel regional, sectorial y de empresa desempe\u00f1an un papel importante en el \u00e1mbito de la legislaci\u00f3n laboral.  <\/p>\n\n<h2>Aproveche nuestra experiencia para crear su empresa en Francia.<\/h2>\n\n<p>La creaci\u00f3n de una empresa en Francia est\u00e1 sujeta a una estricta normativa contable. Para llevar correctamente los libros y presentar los estados financieros pertinentes, es una buena idea recurrir a una empresa con experiencia en este mercado, que conozca suficientemente la normativa francesa y pueda prestar una amplia asistencia en la gesti\u00f3n de la empresa. <\/p>\n\n<p>Impol es representante directo de empresas con sede en Francia. Llevamos muchos a\u00f1os representando con \u00e9xito a empresas polacas en los mercados europeos, incluidos sectores de renombre como la automoci\u00f3n, la construcci\u00f3n, el transporte y la log\u00edstica.   <\/p>\n\n<p>Estamos especializados en la gesti\u00f3n integral de asuntos administrativos y de personal. Entre otras cosas, garantizamos el apoyo en la contabilidad en funci\u00f3n del n\u00famero de facturas, el balance anual, el asesoramiento contable y la documentaci\u00f3n de los empleados.  <\/p>\n\n<p>A la hora de crear una empresa en Francia, puede contar con nuestros especialistas para el registro en el CNFE, el PROBTP y el IVA. Adem\u00e1s, ofrecemos apoyo jur\u00eddico, por ejemplo, para preparar las inspecciones de la URSSAF. <\/p>\n\n<p>Nuestros asesores profesionales le explicar\u00e1n claramente el proceso de creaci\u00f3n de una empresa en Francia. En Impol, comprendemos perfectamente que cada caso puede ser diferente, por lo que siempre adoptamos un enfoque individual con nuestros clientes para ayudarle a comprender todos los detalles y requisitos de su situaci\u00f3n espec\u00edfica. Estaremos encantados de atenderle.  <\/p><\/div>\n","protected":false},"excerpt":{"rendered":"<p>Francia figura entre las diez mayores econom\u00edas del mundo y est\u00e1 considerada como uno de los mejores lugares para la inversi\u00f3n extranjera en Europa. Polonia figura entre los primeros pa\u00edses de Europa Central y Oriental por el n\u00famero de nuevos puestos de trabajo creados aqu\u00ed . Crear una empresa en Francia &#8211; Estructuras jur\u00eddicas De &hellip;<\/p>\n<p class=\"read-more\"> <a class=\"\" href=\"https:\/\/impolsarl.com\/es\/crear-una-empresa-en-francia\/\"> <span class=\"screen-reader-text\">Crear una empresa en Francia<\/span> Leer m\u00e1s \u00bb<\/a><\/p>\n","protected":false},"author":5,"featured_media":0,"parent":0,"menu_order":25,"comment_status":"closed","ping_status":"closed","template":"","meta":{"_acf_changed":false,"site-sidebar-layout":"default","site-content-layout":"","ast-site-content-layout":"","site-content-style":"default","site-sidebar-style":"default","ast-global-header-display":"","ast-banner-title-visibility":"","ast-main-header-display":"","ast-hfb-above-header-display":"","ast-hfb-below-header-display":"","ast-hfb-mobile-header-display":"","site-post-title":"","ast-breadcrumbs-content":"","ast-featured-img":"","footer-sml-layout":"","theme-transparent-header-meta":"","adv-header-id-meta":"","stick-header-meta":"","header-above-stick-meta":"","header-main-stick-meta":"","header-below-stick-meta":"","astra-migrate-meta-layouts":"default","ast-page-background-enabled":"default","ast-page-background-meta":{"desktop":{"background-color":"var(--ast-global-color-4)","background-image":"","background-repeat":"repeat","background-position":"center center","background-size":"auto","background-attachment":"scroll","background-type":"","background-media":"","overlay-type":"","overlay-color":"","overlay-gradient":""},"tablet":{"background-color":"","background-image":"","background-repeat":"repeat","background-position":"center center","background-size":"auto","background-attachment":"scroll","background-type":"","background-media":"","overlay-type":"","overlay-color":"","overlay-gradient":""},"mobile":{"background-color":"","background-image":"","background-repeat":"repeat","background-position":"center center","background-size":"auto","background-attachment":"scroll","background-type":"","background-media":"","overlay-type":"","overlay-color":"","overlay-gradient":""}},"ast-content-background-meta":{"desktop":{"background-color":"var(--ast-global-color-5)","background-image":"","background-repeat":"repeat","background-position":"center center","background-size":"auto","background-attachment":"scroll","background-type":"","background-media":"","overlay-type":"","overlay-color":"","overlay-gradient":""},"tablet":{"background-color":"var(--ast-global-color-5)","background-image":"","background-repeat":"repeat","background-position":"center center","background-size":"auto","background-attachment":"scroll","background-type":"","background-media":"","overlay-type":"","overlay-color":"","overlay-gradient":""},"mobile":{"background-color":"var(--ast-global-color-5)","background-image":"","background-repeat":"repeat","background-position":"center center","background-size":"auto","background-attachment":"scroll","background-type":"","background-media":"","overlay-type":"","overlay-color":"","overlay-gradient":""}},"footnotes":""},"folder":[94],"class_list":["post-5913","page","type-page","status-publish","hentry"],"acf":[],"yoast_head":"<!-- This site is optimized with the Yoast SEO Premium plugin v24.7 (Yoast SEO v24.7) - https:\/\/yoast.com\/wordpress\/plugins\/seo\/ -->\n<title>Crear una empresa en Francia | Asesores en el proceso de creaci\u00f3n de una empresa en Francia | IMPOL<\/title>\n<meta name=\"description\" content=\"La creaci\u00f3n de una empresa en Francia est\u00e1 sujeta a normas estrictas. Impol le ayudar\u00e1 con todas las complejidades legales y mucho m\u00e1s. \u00a1Compru\u00e9belo!\" \/>\n<meta name=\"robots\" content=\"index, follow, max-snippet:-1, max-image-preview:large, max-video-preview:-1\" \/>\n<link rel=\"canonical\" href=\"https:\/\/impolsarl.com\/es\/crear-una-empresa-en-francia\/\" \/>\n<meta property=\"og:locale\" content=\"es_ES\" \/>\n<meta property=\"og:type\" content=\"article\" \/>\n<meta property=\"og:title\" content=\"Crear una empresa en Francia\" \/>\n<meta property=\"og:description\" content=\"La creaci\u00f3n de una empresa en Francia est\u00e1 sujeta a normas estrictas. Impol le ayudar\u00e1 con todas las complejidades legales y mucho m\u00e1s. \u00a1Compru\u00e9belo!\" \/>\n<meta property=\"og:url\" content=\"https:\/\/impolsarl.com\/es\/crear-una-empresa-en-francia\/\" \/>\n<meta property=\"og:site_name\" content=\"Impol - Reprezentant we Francji od ponad dekady! +48 502 50 70 74\" \/>\n<meta property=\"article:publisher\" content=\"https:\/\/www.facebook.com\/przedstawicieltransportuwefrancji\/\" \/>\n<meta property=\"article:modified_time\" content=\"2025-06-02T12:28:34+00:00\" \/>\n<meta name=\"twitter:card\" content=\"summary_large_image\" \/>\n<meta name=\"twitter:label1\" content=\"Tiempo de lectura\" \/>\n\t<meta name=\"twitter:data1\" content=\"5 minutos\" \/>\n<script type=\"application\/ld+json\" class=\"yoast-schema-graph\">{\"@context\":\"https:\/\/schema.org\",\"@graph\":[{\"@type\":\"WebPage\",\"@id\":\"https:\/\/impolsarl.com\/es\/crear-una-empresa-en-francia\/\",\"url\":\"https:\/\/impolsarl.com\/es\/crear-una-empresa-en-francia\/\",\"name\":\"Crear una empresa en Francia | Asesores en el proceso de creaci\u00f3n de una empresa en Francia | IMPOL\",\"isPartOf\":{\"@id\":\"https:\/\/impolsarl.com\/#website\"},\"datePublished\":\"2022-02-23T16:45:18+00:00\",\"dateModified\":\"2025-06-02T12:28:34+00:00\",\"description\":\"La creaci\u00f3n de una empresa en Francia est\u00e1 sujeta a normas estrictas. Impol le ayudar\u00e1 con todas las complejidades legales y mucho m\u00e1s. \u00a1Compru\u00e9belo!\",\"breadcrumb\":{\"@id\":\"https:\/\/impolsarl.com\/es\/crear-una-empresa-en-francia\/#breadcrumb\"},\"inLanguage\":\"es\",\"potentialAction\":[{\"@type\":\"ReadAction\",\"target\":[\"https:\/\/impolsarl.com\/es\/crear-una-empresa-en-francia\/\"]}]},{\"@type\":\"BreadcrumbList\",\"@id\":\"https:\/\/impolsarl.com\/es\/crear-una-empresa-en-francia\/#breadcrumb\",\"itemListElement\":[{\"@type\":\"ListItem\",\"position\":1,\"name\":\"Strona g\u0142\u00f3wna\",\"item\":\"https:\/\/impolsarl.com\/es\/pagina-de-inicio\/\"},{\"@type\":\"ListItem\",\"position\":2,\"name\":\"Crear una empresa en Francia\"}]},{\"@type\":\"WebSite\",\"@id\":\"https:\/\/impolsarl.com\/#website\",\"url\":\"https:\/\/impolsarl.com\/\",\"name\":\"Impol - Reprezentant we Francji od ponad dekady! +48 502 50 70 74\",\"description\":\"Impol SARL - Przedstawiciel transportu w Europie\",\"publisher\":{\"@id\":\"https:\/\/impolsarl.com\/#organization\"},\"potentialAction\":[{\"@type\":\"SearchAction\",\"target\":{\"@type\":\"EntryPoint\",\"urlTemplate\":\"https:\/\/impolsarl.com\/?s={search_term_string}\"},\"query-input\":{\"@type\":\"PropertyValueSpecification\",\"valueRequired\":true,\"valueName\":\"search_term_string\"}}],\"inLanguage\":\"es\"},{\"@type\":\"Organization\",\"@id\":\"https:\/\/impolsarl.com\/#organization\",\"name\":\"Impol - Przedstawiciel Transportu i Pracownikow Delegowanych Do Francji\",\"url\":\"https:\/\/impolsarl.com\/\",\"logo\":{\"@type\":\"ImageObject\",\"inLanguage\":\"es\",\"@id\":\"https:\/\/impolsarl.com\/#\/schema\/logo\/image\/\",\"url\":\"https:\/\/impolsarl.com\/wp-content\/uploads\/2018\/08\/logo-1.png\",\"contentUrl\":\"https:\/\/impolsarl.com\/wp-content\/uploads\/2018\/08\/logo-1.png\",\"width\":133,\"height\":126,\"caption\":\"Impol - Przedstawiciel Transportu i Pracownikow Delegowanych Do Francji\"},\"image\":{\"@id\":\"https:\/\/impolsarl.com\/#\/schema\/logo\/image\/\"},\"sameAs\":[\"https:\/\/www.facebook.com\/przedstawicieltransportuwefrancji\/\",\"https:\/\/www.youtube.com\/watch?v=2zjQ9NJBf04\"]}]}<\/script>\n<!-- \/ Yoast SEO Premium plugin. -->","yoast_head_json":{"title":"Crear una empresa en Francia | Asesores en el proceso de creaci\u00f3n de una empresa en Francia | IMPOL","description":"La creaci\u00f3n de una empresa en Francia est\u00e1 sujeta a normas estrictas. Impol le ayudar\u00e1 con todas las complejidades legales y mucho m\u00e1s. \u00a1Compru\u00e9belo!","robots":{"index":"index","follow":"follow","max-snippet":"max-snippet:-1","max-image-preview":"max-image-preview:large","max-video-preview":"max-video-preview:-1"},"canonical":"https:\/\/impolsarl.com\/es\/crear-una-empresa-en-francia\/","og_locale":"es_ES","og_type":"article","og_title":"Crear una empresa en Francia","og_description":"La creaci\u00f3n de una empresa en Francia est\u00e1 sujeta a normas estrictas. Impol le ayudar\u00e1 con todas las complejidades legales y mucho m\u00e1s. \u00a1Compru\u00e9belo!","og_url":"https:\/\/impolsarl.com\/es\/crear-una-empresa-en-francia\/","og_site_name":"Impol - Reprezentant we Francji od ponad dekady! +48 502 50 70 74","article_publisher":"https:\/\/www.facebook.com\/przedstawicieltransportuwefrancji\/","article_modified_time":"2025-06-02T12:28:34+00:00","twitter_card":"summary_large_image","twitter_misc":{"Tiempo de lectura":"5 minutos"},"schema":{"@context":"https:\/\/schema.org","@graph":[{"@type":"WebPage","@id":"https:\/\/impolsarl.com\/es\/crear-una-empresa-en-francia\/","url":"https:\/\/impolsarl.com\/es\/crear-una-empresa-en-francia\/","name":"Crear una empresa en Francia | Asesores en el proceso de creaci\u00f3n de una empresa en Francia | IMPOL","isPartOf":{"@id":"https:\/\/impolsarl.com\/#website"},"datePublished":"2022-02-23T16:45:18+00:00","dateModified":"2025-06-02T12:28:34+00:00","description":"La creaci\u00f3n de una empresa en Francia est\u00e1 sujeta a normas estrictas. Impol le ayudar\u00e1 con todas las complejidades legales y mucho m\u00e1s. \u00a1Compru\u00e9belo!","breadcrumb":{"@id":"https:\/\/impolsarl.com\/es\/crear-una-empresa-en-francia\/#breadcrumb"},"inLanguage":"es","potentialAction":[{"@type":"ReadAction","target":["https:\/\/impolsarl.com\/es\/crear-una-empresa-en-francia\/"]}]},{"@type":"BreadcrumbList","@id":"https:\/\/impolsarl.com\/es\/crear-una-empresa-en-francia\/#breadcrumb","itemListElement":[{"@type":"ListItem","position":1,"name":"Strona g\u0142\u00f3wna","item":"https:\/\/impolsarl.com\/es\/pagina-de-inicio\/"},{"@type":"ListItem","position":2,"name":"Crear una empresa en Francia"}]},{"@type":"WebSite","@id":"https:\/\/impolsarl.com\/#website","url":"https:\/\/impolsarl.com\/","name":"Impol - Reprezentant we Francji od ponad dekady! +48 502 50 70 74","description":"Impol SARL - Przedstawiciel transportu w Europie","publisher":{"@id":"https:\/\/impolsarl.com\/#organization"},"potentialAction":[{"@type":"SearchAction","target":{"@type":"EntryPoint","urlTemplate":"https:\/\/impolsarl.com\/?s={search_term_string}"},"query-input":{"@type":"PropertyValueSpecification","valueRequired":true,"valueName":"search_term_string"}}],"inLanguage":"es"},{"@type":"Organization","@id":"https:\/\/impolsarl.com\/#organization","name":"Impol - Przedstawiciel Transportu i Pracownikow Delegowanych Do Francji","url":"https:\/\/impolsarl.com\/","logo":{"@type":"ImageObject","inLanguage":"es","@id":"https:\/\/impolsarl.com\/#\/schema\/logo\/image\/","url":"https:\/\/impolsarl.com\/wp-content\/uploads\/2018\/08\/logo-1.png","contentUrl":"https:\/\/impolsarl.com\/wp-content\/uploads\/2018\/08\/logo-1.png","width":133,"height":126,"caption":"Impol - Przedstawiciel Transportu i Pracownikow Delegowanych Do Francji"},"image":{"@id":"https:\/\/impolsarl.com\/#\/schema\/logo\/image\/"},"sameAs":["https:\/\/www.facebook.com\/przedstawicieltransportuwefrancji\/","https:\/\/www.youtube.com\/watch?v=2zjQ9NJBf04"]}]}},"_links":{"self":[{"href":"https:\/\/impolsarl.com\/es\/wp-json\/wp\/v2\/pages\/5913","targetHints":{"allow":["GET"]}}],"collection":[{"href":"https:\/\/impolsarl.com\/es\/wp-json\/wp\/v2\/pages"}],"about":[{"href":"https:\/\/impolsarl.com\/es\/wp-json\/wp\/v2\/types\/page"}],"author":[{"embeddable":true,"href":"https:\/\/impolsarl.com\/es\/wp-json\/wp\/v2\/users\/5"}],"replies":[{"embeddable":true,"href":"https:\/\/impolsarl.com\/es\/wp-json\/wp\/v2\/comments?post=5913"}],"version-history":[{"count":1,"href":"https:\/\/impolsarl.com\/es\/wp-json\/wp\/v2\/pages\/5913\/revisions"}],"predecessor-version":[{"id":5914,"href":"https:\/\/impolsarl.com\/es\/wp-json\/wp\/v2\/pages\/5913\/revisions\/5914"}],"wp:attachment":[{"href":"https:\/\/impolsarl.com\/es\/wp-json\/wp\/v2\/media?parent=5913"}],"wp:term":[{"taxonomy":"folder","embeddable":true,"href":"https:\/\/impolsarl.com\/es\/wp-json\/wp\/v2\/folder?post=5913"}],"curies":[{"name":"wp","href":"https:\/\/api.w.org\/{rel}","templated":true}]}}