{"id":5904,"date":"2022-02-23T17:45:18","date_gmt":"2022-02-23T16:45:18","guid":{"rendered":"https:\/\/impolsarl.com\/servicios-para-empresas\/"},"modified":"2025-06-02T14:23:09","modified_gmt":"2025-06-02T12:23:09","slug":"servicios-para-empresas","status":"publish","type":"page","link":"https:\/\/impolsarl.com\/es\/servicios-para-empresas\/","title":{"rendered":"Servicios para empresas"},"content":{"rendered":"\n<div class=\"seo\"><p>En Impol le ofrecemos soluciones que garantizar\u00e1n el \u00e9xito de su empresa en el mercado internacional. Como empresa especializada en la delegaci\u00f3n de trabajadores en el extranjero, representamos a una amplia gama de sectores, entre los que se incluyen el transporte, la log\u00edstica, la construcci\u00f3n, la industria y la ingenier\u00eda. Nuestros servicios est\u00e1n dise\u00f1ados para satisfacer sus necesidades y le garantizan que sus proyectos en el extranjero se llevar\u00e1n a cabo de manera eficiente y conforme a la normativa.  \n<\/p>\n<h2>Servicios para empresas constructoras en Francia<\/h2>\n<p>Como representante directo de empresas en Francia, llevamos m\u00e1s de 30 a\u00f1os en el mercado. Contamos con conocimientos especializados respaldados por una amplia experiencia. Le guiaremos de forma clara a lo largo de cada etapa de nuestra colaboraci\u00f3n, desde el an\u00e1lisis de los aspectos legales del desplazamiento de trabajadores al extranjero hasta la liquidaci\u00f3n de sus n\u00f3minas. Ofrecemos asistencia en polaco, ingl\u00e9s, franc\u00e9s y ruso. Los usuarios de nuestros servicios pueden contar con nuestra profesionalidad y fiabilidad, entre otras cosas, en materia de legislaci\u00f3n francesa y de informaci\u00f3n sobre los cambios que se producen en ella.    <\/p>\n<p>Independientemente de si est\u00e1 considerando expandirse al mercado extranjero o si su empresa ya opera all\u00ed, nuestros servicios profesionales en materia jur\u00eddica, contable y de recursos humanos le proporcionar\u00e1n un apoyo eficaz para que sus proyectos empresariales se desarrollen de forma fluida y sin problemas.\n<\/p>\n<p>Al colaborar con nosotros, no solo contar\u00e1 con expertos en el \u00e1mbito del desplazamiento de trabajadores, la legislaci\u00f3n francesa y los recursos humanos, sino tambi\u00e9n con un socio s\u00f3lido que, gracias a su conocimiento de la cultura empresarial local y las particularidades del mercado, contribuir\u00e1 de manera significativa al desarrollo y la realizaci\u00f3n de sus planes.\n<\/p>\n<p>Tambi\u00e9n puede contar con nuestros especialistas en la fase de constituci\u00f3n de una empresa de construcci\u00f3n en Francia, por ejemplo, en el registro en la CNFE, la PROBTP y el IVA. Adem\u00e1s, ofrecemos preparaci\u00f3n jur\u00eddica para posibles controles, como los de la URSSAF, y asesoramiento sobre la legislaci\u00f3n laboral de la Uni\u00f3n Europea, as\u00ed como sobre los convenios colectivos del sector. Entre nuestros numerosos servicios dirigidos a empresas que operan en Francia se incluyen tambi\u00e9n el cobro de deudas, la asistencia en las negociaciones con los contratistas, la recuperaci\u00f3n del IVA pagado en exceso en el extranjero, la obtenci\u00f3n de la pegatina ecol\u00f3gica Crit&#8217;Air o la impugnaci\u00f3n de multas. Tambi\u00e9n realizamos traducciones juradas del polaco al franc\u00e9s y del franc\u00e9s al polaco.    \n<\/p>\n<h2>\u00a1Desarrolle todo el potencial de su empresa con Impol!<\/h2>\n<p>Conocemos perfectamente los retos que se plantean en los sectores de la construcci\u00f3n, el transporte, la industria y la ingenier\u00eda en Francia. Nos aseguraremos de que las actividades realizadas no supongan dificultades innecesarias. Le ayudaremos a centrarse en lo m\u00e1s importante.   \n<\/p>\n<p>Adem\u00e1s de la gesti\u00f3n administrativa y contable, proporcionamos toda la informaci\u00f3n necesaria sobre el desplazamiento de trabajadores en Europa y en todo el mundo. Preparamos los documentos necesarios y le ayudamos con los tr\u00e1mites que hay que realizar. Las diferentes normativas legales, las peque\u00f1as diferencias en las interpretaciones y los distintos requisitos administrativos hacen que el proceso de desplazamiento de trabajadores pueda resultar complicado. Nuestra empresa garantiza un apoyo integral en este \u00e1mbito, asegurando que todo se organice a tiempo y de conformidad con la legislaci\u00f3n vigente.    \n<\/p>\n<strong>Invitamos a colaborar tanto a grandes como a peque\u00f1as empresas. Desde Francia ofrecemos asistencia telef\u00f3nica de 7:00 a 22:00, tambi\u00e9n los fines de semana y festivos. Impol es sin\u00f3nimo de un servicio fiable y eficaz, adaptado a las necesidades individuales del cliente.  \n<\/strong><\/div>\n","protected":false},"excerpt":{"rendered":"<p>En Impol le ofrecemos soluciones que garantizar\u00e1n el \u00e9xito de su empresa en el mercado internacional. Como empresa especializada en la delegaci\u00f3n de trabajadores en el extranjero, representamos a una amplia gama de sectores, entre los que se incluyen el transporte, la log\u00edstica, la construcci\u00f3n, la industria y la ingenier\u00eda. Nuestros servicios est\u00e1n dise\u00f1ados para &hellip;<\/p>\n<p class=\"read-more\"> <a class=\"\" href=\"https:\/\/impolsarl.com\/es\/servicios-para-empresas\/\"> <span class=\"screen-reader-text\">Servicios para empresas<\/span> Leer m\u00e1s \u00bb<\/a><\/p>\n","protected":false},"author":5,"featured_media":0,"parent":0,"menu_order":34,"comment_status":"closed","ping_status":"closed","template":"","meta":{"_acf_changed":false,"site-sidebar-layout":"default","site-content-layout":"","ast-site-content-layout":"","site-content-style":"default","site-sidebar-style":"default","ast-global-header-display":"","ast-banner-title-visibility":"","ast-main-header-display":"","ast-hfb-above-header-display":"","ast-hfb-below-header-display":"","ast-hfb-mobile-header-display":"","site-post-title":"","ast-breadcrumbs-content":"","ast-featured-img":"","footer-sml-layout":"","theme-transparent-header-meta":"","adv-header-id-meta":"","stick-header-meta":"","header-above-stick-meta":"","header-main-stick-meta":"","header-below-stick-meta":"","astra-migrate-meta-layouts":"default","ast-page-background-enabled":"default","ast-page-background-meta":{"desktop":{"background-color":"var(--ast-global-color-4)","background-image":"","background-repeat":"repeat","background-position":"center center","background-size":"auto","background-attachment":"scroll","background-type":"","background-media":"","overlay-type":"","overlay-color":"","overlay-gradient":""},"tablet":{"background-color":"","background-image":"","background-repeat":"repeat","background-position":"center center","background-size":"auto","background-attachment":"scroll","background-type":"","background-media":"","overlay-type":"","overlay-color":"","overlay-gradient":""},"mobile":{"background-color":"","background-image":"","background-repeat":"repeat","background-position":"center center","background-size":"auto","background-attachment":"scroll","background-type":"","background-media":"","overlay-type":"","overlay-color":"","overlay-gradient":""}},"ast-content-background-meta":{"desktop":{"background-color":"var(--ast-global-color-5)","background-image":"","background-repeat":"repeat","background-position":"center center","background-size":"auto","background-attachment":"scroll","background-type":"","background-media":"","overlay-type":"","overlay-color":"","overlay-gradient":""},"tablet":{"background-color":"var(--ast-global-color-5)","background-image":"","background-repeat":"repeat","background-position":"center center","background-size":"auto","background-attachment":"scroll","background-type":"","background-media":"","overlay-type":"","overlay-color":"","overlay-gradient":""},"mobile":{"background-color":"var(--ast-global-color-5)","background-image":"","background-repeat":"repeat","background-position":"center center","background-size":"auto","background-attachment":"scroll","background-type":"","background-media":"","overlay-type":"","overlay-color":"","overlay-gradient":""}},"footnotes":""},"folder":[94],"class_list":["post-5904","page","type-page","status-publish","hentry"],"acf":[],"yoast_head":"<!-- This site is optimized with the Yoast SEO Premium plugin v24.7 (Yoast SEO v24.7) - https:\/\/yoast.com\/wordpress\/plugins\/seo\/ -->\n<title>Servicios para empresas constructoras en Francia | Representaci\u00f3n de empresas constructoras en Francia | IMPOL<\/title>\n<meta name=\"description\" content=\"Impol, con una trayectoria de \u00e9xito contrastada, lleva tres d\u00e9cadas actuando como representante directo de empresas del sector de la construcci\u00f3n en Francia. \u00a1Descubra nuestra oferta!\" \/>\n<meta name=\"robots\" content=\"index, follow, max-snippet:-1, max-image-preview:large, max-video-preview:-1\" \/>\n<link rel=\"canonical\" href=\"https:\/\/impolsarl.com\/es\/servicios-para-empresas\/\" \/>\n<meta property=\"og:locale\" content=\"es_ES\" \/>\n<meta property=\"og:type\" content=\"article\" \/>\n<meta property=\"og:title\" content=\"Servicios para empresas\" \/>\n<meta property=\"og:description\" content=\"Impol, con una trayectoria de \u00e9xito contrastada, lleva tres d\u00e9cadas actuando como representante directo de empresas del sector de la construcci\u00f3n en Francia. \u00a1Descubra nuestra oferta!\" \/>\n<meta property=\"og:url\" content=\"https:\/\/impolsarl.com\/es\/servicios-para-empresas\/\" \/>\n<meta property=\"og:site_name\" content=\"Impol - Reprezentant we Francji od ponad dekady! +48 502 50 70 74\" \/>\n<meta property=\"article:publisher\" content=\"https:\/\/www.facebook.com\/przedstawicieltransportuwefrancji\/\" \/>\n<meta property=\"article:modified_time\" content=\"2025-06-02T12:23:09+00:00\" \/>\n<meta name=\"twitter:card\" content=\"summary_large_image\" \/>\n<meta name=\"twitter:label1\" content=\"Tiempo de lectura\" \/>\n\t<meta name=\"twitter:data1\" content=\"3 minutos\" \/>\n<script type=\"application\/ld+json\" class=\"yoast-schema-graph\">{\"@context\":\"https:\/\/schema.org\",\"@graph\":[{\"@type\":\"WebPage\",\"@id\":\"https:\/\/impolsarl.com\/es\/servicios-para-empresas\/\",\"url\":\"https:\/\/impolsarl.com\/es\/servicios-para-empresas\/\",\"name\":\"Servicios para empresas constructoras en Francia | Representaci\u00f3n de empresas constructoras en Francia | IMPOL\",\"isPartOf\":{\"@id\":\"https:\/\/impolsarl.com\/#website\"},\"datePublished\":\"2022-02-23T16:45:18+00:00\",\"dateModified\":\"2025-06-02T12:23:09+00:00\",\"description\":\"Impol, con una trayectoria de \u00e9xito contrastada, lleva tres d\u00e9cadas actuando como representante directo de empresas del sector de la construcci\u00f3n en Francia. \u00a1Descubra nuestra oferta!\",\"breadcrumb\":{\"@id\":\"https:\/\/impolsarl.com\/es\/servicios-para-empresas\/#breadcrumb\"},\"inLanguage\":\"es\",\"potentialAction\":[{\"@type\":\"ReadAction\",\"target\":[\"https:\/\/impolsarl.com\/es\/servicios-para-empresas\/\"]}]},{\"@type\":\"BreadcrumbList\",\"@id\":\"https:\/\/impolsarl.com\/es\/servicios-para-empresas\/#breadcrumb\",\"itemListElement\":[{\"@type\":\"ListItem\",\"position\":1,\"name\":\"Strona g\u0142\u00f3wna\",\"item\":\"https:\/\/impolsarl.com\/es\/pagina-de-inicio\/\"},{\"@type\":\"ListItem\",\"position\":2,\"name\":\"Servicios para empresas\"}]},{\"@type\":\"WebSite\",\"@id\":\"https:\/\/impolsarl.com\/#website\",\"url\":\"https:\/\/impolsarl.com\/\",\"name\":\"Impol - Reprezentant we Francji od ponad dekady! +48 502 50 70 74\",\"description\":\"Impol SARL - Przedstawiciel transportu w Europie\",\"publisher\":{\"@id\":\"https:\/\/impolsarl.com\/#organization\"},\"potentialAction\":[{\"@type\":\"SearchAction\",\"target\":{\"@type\":\"EntryPoint\",\"urlTemplate\":\"https:\/\/impolsarl.com\/?s={search_term_string}\"},\"query-input\":{\"@type\":\"PropertyValueSpecification\",\"valueRequired\":true,\"valueName\":\"search_term_string\"}}],\"inLanguage\":\"es\"},{\"@type\":\"Organization\",\"@id\":\"https:\/\/impolsarl.com\/#organization\",\"name\":\"Impol - Przedstawiciel Transportu i Pracownikow Delegowanych Do Francji\",\"url\":\"https:\/\/impolsarl.com\/\",\"logo\":{\"@type\":\"ImageObject\",\"inLanguage\":\"es\",\"@id\":\"https:\/\/impolsarl.com\/#\/schema\/logo\/image\/\",\"url\":\"https:\/\/impolsarl.com\/wp-content\/uploads\/2018\/08\/logo-1.png\",\"contentUrl\":\"https:\/\/impolsarl.com\/wp-content\/uploads\/2018\/08\/logo-1.png\",\"width\":133,\"height\":126,\"caption\":\"Impol - Przedstawiciel Transportu i Pracownikow Delegowanych Do Francji\"},\"image\":{\"@id\":\"https:\/\/impolsarl.com\/#\/schema\/logo\/image\/\"},\"sameAs\":[\"https:\/\/www.facebook.com\/przedstawicieltransportuwefrancji\/\",\"https:\/\/www.youtube.com\/watch?v=2zjQ9NJBf04\"]}]}<\/script>\n<!-- \/ Yoast SEO Premium plugin. -->","yoast_head_json":{"title":"Servicios para empresas constructoras en Francia | Representaci\u00f3n de empresas constructoras en Francia | IMPOL","description":"Impol, con una trayectoria de \u00e9xito contrastada, lleva tres d\u00e9cadas actuando como representante directo de empresas del sector de la construcci\u00f3n en Francia. \u00a1Descubra nuestra oferta!","robots":{"index":"index","follow":"follow","max-snippet":"max-snippet:-1","max-image-preview":"max-image-preview:large","max-video-preview":"max-video-preview:-1"},"canonical":"https:\/\/impolsarl.com\/es\/servicios-para-empresas\/","og_locale":"es_ES","og_type":"article","og_title":"Servicios para empresas","og_description":"Impol, con una trayectoria de \u00e9xito contrastada, lleva tres d\u00e9cadas actuando como representante directo de empresas del sector de la construcci\u00f3n en Francia. \u00a1Descubra nuestra oferta!","og_url":"https:\/\/impolsarl.com\/es\/servicios-para-empresas\/","og_site_name":"Impol - Reprezentant we Francji od ponad dekady! +48 502 50 70 74","article_publisher":"https:\/\/www.facebook.com\/przedstawicieltransportuwefrancji\/","article_modified_time":"2025-06-02T12:23:09+00:00","twitter_card":"summary_large_image","twitter_misc":{"Tiempo de lectura":"3 minutos"},"schema":{"@context":"https:\/\/schema.org","@graph":[{"@type":"WebPage","@id":"https:\/\/impolsarl.com\/es\/servicios-para-empresas\/","url":"https:\/\/impolsarl.com\/es\/servicios-para-empresas\/","name":"Servicios para empresas constructoras en Francia | Representaci\u00f3n de empresas constructoras en Francia | IMPOL","isPartOf":{"@id":"https:\/\/impolsarl.com\/#website"},"datePublished":"2022-02-23T16:45:18+00:00","dateModified":"2025-06-02T12:23:09+00:00","description":"Impol, con una trayectoria de \u00e9xito contrastada, lleva tres d\u00e9cadas actuando como representante directo de empresas del sector de la construcci\u00f3n en Francia. \u00a1Descubra nuestra oferta!","breadcrumb":{"@id":"https:\/\/impolsarl.com\/es\/servicios-para-empresas\/#breadcrumb"},"inLanguage":"es","potentialAction":[{"@type":"ReadAction","target":["https:\/\/impolsarl.com\/es\/servicios-para-empresas\/"]}]},{"@type":"BreadcrumbList","@id":"https:\/\/impolsarl.com\/es\/servicios-para-empresas\/#breadcrumb","itemListElement":[{"@type":"ListItem","position":1,"name":"Strona g\u0142\u00f3wna","item":"https:\/\/impolsarl.com\/es\/pagina-de-inicio\/"},{"@type":"ListItem","position":2,"name":"Servicios para empresas"}]},{"@type":"WebSite","@id":"https:\/\/impolsarl.com\/#website","url":"https:\/\/impolsarl.com\/","name":"Impol - Reprezentant we Francji od ponad dekady! +48 502 50 70 74","description":"Impol SARL - Przedstawiciel transportu w Europie","publisher":{"@id":"https:\/\/impolsarl.com\/#organization"},"potentialAction":[{"@type":"SearchAction","target":{"@type":"EntryPoint","urlTemplate":"https:\/\/impolsarl.com\/?s={search_term_string}"},"query-input":{"@type":"PropertyValueSpecification","valueRequired":true,"valueName":"search_term_string"}}],"inLanguage":"es"},{"@type":"Organization","@id":"https:\/\/impolsarl.com\/#organization","name":"Impol - Przedstawiciel Transportu i Pracownikow Delegowanych Do Francji","url":"https:\/\/impolsarl.com\/","logo":{"@type":"ImageObject","inLanguage":"es","@id":"https:\/\/impolsarl.com\/#\/schema\/logo\/image\/","url":"https:\/\/impolsarl.com\/wp-content\/uploads\/2018\/08\/logo-1.png","contentUrl":"https:\/\/impolsarl.com\/wp-content\/uploads\/2018\/08\/logo-1.png","width":133,"height":126,"caption":"Impol - Przedstawiciel Transportu i Pracownikow Delegowanych Do Francji"},"image":{"@id":"https:\/\/impolsarl.com\/#\/schema\/logo\/image\/"},"sameAs":["https:\/\/www.facebook.com\/przedstawicieltransportuwefrancji\/","https:\/\/www.youtube.com\/watch?v=2zjQ9NJBf04"]}]}},"_links":{"self":[{"href":"https:\/\/impolsarl.com\/es\/wp-json\/wp\/v2\/pages\/5904","targetHints":{"allow":["GET"]}}],"collection":[{"href":"https:\/\/impolsarl.com\/es\/wp-json\/wp\/v2\/pages"}],"about":[{"href":"https:\/\/impolsarl.com\/es\/wp-json\/wp\/v2\/types\/page"}],"author":[{"embeddable":true,"href":"https:\/\/impolsarl.com\/es\/wp-json\/wp\/v2\/users\/5"}],"replies":[{"embeddable":true,"href":"https:\/\/impolsarl.com\/es\/wp-json\/wp\/v2\/comments?post=5904"}],"version-history":[{"count":1,"href":"https:\/\/impolsarl.com\/es\/wp-json\/wp\/v2\/pages\/5904\/revisions"}],"predecessor-version":[{"id":5905,"href":"https:\/\/impolsarl.com\/es\/wp-json\/wp\/v2\/pages\/5904\/revisions\/5905"}],"wp:attachment":[{"href":"https:\/\/impolsarl.com\/es\/wp-json\/wp\/v2\/media?parent=5904"}],"wp:term":[{"taxonomy":"folder","embeddable":true,"href":"https:\/\/impolsarl.com\/es\/wp-json\/wp\/v2\/folder?post=5904"}],"curies":[{"name":"wp","href":"https:\/\/api.w.org\/{rel}","templated":true}]}}