{"id":5805,"date":"2025-01-14T08:54:40","date_gmt":"2025-01-14T07:54:40","guid":{"rendered":"https:\/\/impolsarl.com\/traducciones\/traducciones-juradas\/"},"modified":"2025-06-02T02:12:07","modified_gmt":"2025-06-02T00:12:07","slug":"traducciones-juradas","status":"publish","type":"page","link":"https:\/\/impolsarl.com\/es\/traducciones\/traducciones-juradas\/","title":{"rendered":"Traducciones juradas"},"content":{"rendered":"<p>Las traducciones certificadas, tambi\u00e9n conocidas como traducciones juradas, son esenciales para la circulaci\u00f3n de documentos de car\u00e1cter oficial. Este tipo de traducciones requieren el sello y la firma de un traductor jurado que, de acuerdo con la legislaci\u00f3n polaca, es una persona con poderes conferidos por el Ministro de Justicia. Incluyen, entre otros, actas del estado civil, documentos judiciales, certificados, poderes notariales o contratos. Una traducci\u00f3n precisa es esencial para garantizar su correcta utilizaci\u00f3n en contextos jur\u00eddicos u oficiales.    <\/p>\n<p>El alto nivel de responsabilidad asociado a este tipo de ejemplos exige una especial atenci\u00f3n a los detalles. Los profesionales de Impol poseen profundos conocimientos y una amplia experiencia. Cada uno de nuestros traductores jurados de polaco-franc\u00e9s garantizar\u00e1 que el contenido se ajuste plenamente al original, tanto en el fondo como en la forma.   <\/p>\n\n<div class=\"seo\"><h2 class=\"wp-block-heading\"><strong>Traducciones juradas &#8211; profesionalidad y precisi\u00f3n garantizadas por Impol\n<\/strong><\/h2><\/div>\n\n<p>Ofrecemos la traducci\u00f3n integral de documentos por un traductor jurado y la autenticaci\u00f3n conforme a la letra de la ley aplicable. Estamos especializados en la traducci\u00f3n de una gran variedad de documentos oficiales y oficiales, como certificados de nacimiento, certificados de trabajo, diplomas, certificados o documentos de registro de empresas. Gracias a nuestra colaboraci\u00f3n con especialistas de alto nivel con las acreditaciones pertinentes, garantizamos el cumplimiento de los requisitos legales tanto en Polonia como en los pa\u00edses franc\u00f3fonos.  <\/p>\n\n<p>Las traducciones juradas de documentos en el \u00e1mbito del franc\u00e9s se realizan siempre en Impol, no s\u00f3lo cuidando la reproducci\u00f3n fiel del contenido, sino tambi\u00e9n teniendo en cuenta las diferencias culturales que puedan afectar potencialmente a la interpretaci\u00f3n. Realizamos encargos de traducciones juradas tanto de polaco a franc\u00e9s como de franc\u00e9s a polaco, garantizando puntualidad y profesionalidad en cada etapa. Dirigimos nuestros servicios tanto a clientes particulares como a empresas que necesitan apoyo en el \u00e1mbito de la documentaci\u00f3n formal.  <\/p>\n\n<p>Tambi\u00e9n le invitamos a echar un vistazo a nuestra oferta de traducciones ordinarias en italiano, alem\u00e1n, espa\u00f1ol e ingl\u00e9s.<\/p>\n\n<p>Merece la pena confiar en expertos reputados y ganar confianza en que los documentos se traducir\u00e1n correctamente y ser\u00e1n adecuados para su uso en procedimientos administrativos o legales.<\/p>\n","protected":false},"excerpt":{"rendered":"<p>Las traducciones certificadas, tambi\u00e9n conocidas como traducciones juradas, son esenciales para la circulaci\u00f3n de documentos de car\u00e1cter oficial. Este tipo de traducciones requieren el sello y la firma de un traductor jurado que, de acuerdo con la legislaci\u00f3n polaca, es una persona con poderes conferidos por el Ministro de Justicia. Incluyen, entre otros, actas del &hellip;<\/p>\n<p class=\"read-more\"> <a class=\"\" href=\"https:\/\/impolsarl.com\/es\/traducciones\/traducciones-juradas\/\"> <span class=\"screen-reader-text\">Traducciones juradas<\/span> Leer m\u00e1s \u00bb<\/a><\/p>\n","protected":false},"author":5,"featured_media":0,"parent":5420,"menu_order":21,"comment_status":"closed","ping_status":"closed","template":"","meta":{"_acf_changed":false,"site-sidebar-layout":"default","site-content-layout":"","ast-site-content-layout":"","site-content-style":"default","site-sidebar-style":"default","ast-global-header-display":"","ast-banner-title-visibility":"","ast-main-header-display":"","ast-hfb-above-header-display":"","ast-hfb-below-header-display":"","ast-hfb-mobile-header-display":"","site-post-title":"","ast-breadcrumbs-content":"","ast-featured-img":"","footer-sml-layout":"","theme-transparent-header-meta":"","adv-header-id-meta":"","stick-header-meta":"","header-above-stick-meta":"","header-main-stick-meta":"","header-below-stick-meta":"","astra-migrate-meta-layouts":"default","ast-page-background-enabled":"default","ast-page-background-meta":{"desktop":{"background-color":"var(--ast-global-color-4)","background-image":"","background-repeat":"repeat","background-position":"center center","background-size":"auto","background-attachment":"scroll","background-type":"","background-media":"","overlay-type":"","overlay-color":"","overlay-gradient":""},"tablet":{"background-color":"","background-image":"","background-repeat":"repeat","background-position":"center center","background-size":"auto","background-attachment":"scroll","background-type":"","background-media":"","overlay-type":"","overlay-color":"","overlay-gradient":""},"mobile":{"background-color":"","background-image":"","background-repeat":"repeat","background-position":"center center","background-size":"auto","background-attachment":"scroll","background-type":"","background-media":"","overlay-type":"","overlay-color":"","overlay-gradient":""}},"ast-content-background-meta":{"desktop":{"background-color":"var(--ast-global-color-5)","background-image":"","background-repeat":"repeat","background-position":"center center","background-size":"auto","background-attachment":"scroll","background-type":"","background-media":"","overlay-type":"","overlay-color":"","overlay-gradient":""},"tablet":{"background-color":"var(--ast-global-color-5)","background-image":"","background-repeat":"repeat","background-position":"center center","background-size":"auto","background-attachment":"scroll","background-type":"","background-media":"","overlay-type":"","overlay-color":"","overlay-gradient":""},"mobile":{"background-color":"var(--ast-global-color-5)","background-image":"","background-repeat":"repeat","background-position":"center center","background-size":"auto","background-attachment":"scroll","background-type":"","background-media":"","overlay-type":"","overlay-color":"","overlay-gradient":""}},"footnotes":""},"folder":[94],"class_list":["post-5805","page","type-page","status-publish","hentry"],"acf":[],"yoast_head":"<!-- This site is optimized with the Yoast SEO Premium plugin v24.7 (Yoast SEO v24.7) - https:\/\/yoast.com\/wordpress\/plugins\/seo\/ -->\n<title>Traducciones juradas | Traductor jurado polaco-franc\u00e9s | IMPOL<\/title>\n<meta name=\"description\" content=\"Impol garantiza la traducci\u00f3n profesional de documentos por un traductor jurado de franc\u00e9s. \u00a1Compru\u00e9belo ahora!\" \/>\n<meta name=\"robots\" content=\"index, follow, max-snippet:-1, max-image-preview:large, max-video-preview:-1\" \/>\n<link rel=\"canonical\" href=\"https:\/\/impolsarl.com\/es\/traducciones\/traducciones-juradas\/\" \/>\n<meta property=\"og:locale\" content=\"es_ES\" \/>\n<meta property=\"og:type\" content=\"article\" \/>\n<meta property=\"og:title\" content=\"Traducciones juradas\" \/>\n<meta property=\"og:description\" content=\"Impol garantiza la traducci\u00f3n profesional de documentos por un traductor jurado de franc\u00e9s. \u00a1Compru\u00e9belo ahora!\" \/>\n<meta property=\"og:url\" content=\"https:\/\/impolsarl.com\/es\/traducciones\/traducciones-juradas\/\" \/>\n<meta property=\"og:site_name\" content=\"Impol - Reprezentant we Francji od ponad dekady! +48 502 50 70 74\" \/>\n<meta property=\"article:publisher\" content=\"https:\/\/www.facebook.com\/przedstawicieltransportuwefrancji\/\" \/>\n<meta property=\"article:modified_time\" content=\"2025-06-02T00:12:07+00:00\" \/>\n<meta name=\"twitter:card\" content=\"summary_large_image\" \/>\n<meta name=\"twitter:label1\" content=\"Tiempo de lectura\" \/>\n\t<meta name=\"twitter:data1\" content=\"2 minutos\" \/>\n<script type=\"application\/ld+json\" class=\"yoast-schema-graph\">{\"@context\":\"https:\/\/schema.org\",\"@graph\":[{\"@type\":\"WebPage\",\"@id\":\"https:\/\/impolsarl.com\/es\/traducciones\/traducciones-juradas\/\",\"url\":\"https:\/\/impolsarl.com\/es\/traducciones\/traducciones-juradas\/\",\"name\":\"Traducciones juradas | Traductor jurado polaco-franc\u00e9s | IMPOL\",\"isPartOf\":{\"@id\":\"https:\/\/impolsarl.com\/#website\"},\"datePublished\":\"2025-01-14T07:54:40+00:00\",\"dateModified\":\"2025-06-02T00:12:07+00:00\",\"description\":\"Impol garantiza la traducci\u00f3n profesional de documentos por un traductor jurado de franc\u00e9s. \u00a1Compru\u00e9belo ahora!\",\"breadcrumb\":{\"@id\":\"https:\/\/impolsarl.com\/es\/traducciones\/traducciones-juradas\/#breadcrumb\"},\"inLanguage\":\"es\",\"potentialAction\":[{\"@type\":\"ReadAction\",\"target\":[\"https:\/\/impolsarl.com\/es\/traducciones\/traducciones-juradas\/\"]}]},{\"@type\":\"BreadcrumbList\",\"@id\":\"https:\/\/impolsarl.com\/es\/traducciones\/traducciones-juradas\/#breadcrumb\",\"itemListElement\":[{\"@type\":\"ListItem\",\"position\":1,\"name\":\"Strona g\u0142\u00f3wna\",\"item\":\"https:\/\/impolsarl.com\/es\/pagina-de-inicio\/\"},{\"@type\":\"ListItem\",\"position\":2,\"name\":\"Traducciones\",\"item\":\"https:\/\/impolsarl.com\/es\/traducciones\/\"},{\"@type\":\"ListItem\",\"position\":3,\"name\":\"Traducciones juradas\"}]},{\"@type\":\"WebSite\",\"@id\":\"https:\/\/impolsarl.com\/#website\",\"url\":\"https:\/\/impolsarl.com\/\",\"name\":\"Impol - Reprezentant we Francji od ponad dekady! +48 502 50 70 74\",\"description\":\"Impol SARL - Przedstawiciel transportu w Europie\",\"publisher\":{\"@id\":\"https:\/\/impolsarl.com\/#organization\"},\"potentialAction\":[{\"@type\":\"SearchAction\",\"target\":{\"@type\":\"EntryPoint\",\"urlTemplate\":\"https:\/\/impolsarl.com\/?s={search_term_string}\"},\"query-input\":{\"@type\":\"PropertyValueSpecification\",\"valueRequired\":true,\"valueName\":\"search_term_string\"}}],\"inLanguage\":\"es\"},{\"@type\":\"Organization\",\"@id\":\"https:\/\/impolsarl.com\/#organization\",\"name\":\"Impol - Przedstawiciel Transportu i Pracownikow Delegowanych Do Francji\",\"url\":\"https:\/\/impolsarl.com\/\",\"logo\":{\"@type\":\"ImageObject\",\"inLanguage\":\"es\",\"@id\":\"https:\/\/impolsarl.com\/#\/schema\/logo\/image\/\",\"url\":\"https:\/\/impolsarl.com\/wp-content\/uploads\/2018\/08\/logo-1.png\",\"contentUrl\":\"https:\/\/impolsarl.com\/wp-content\/uploads\/2018\/08\/logo-1.png\",\"width\":133,\"height\":126,\"caption\":\"Impol - Przedstawiciel Transportu i Pracownikow Delegowanych Do Francji\"},\"image\":{\"@id\":\"https:\/\/impolsarl.com\/#\/schema\/logo\/image\/\"},\"sameAs\":[\"https:\/\/www.facebook.com\/przedstawicieltransportuwefrancji\/\",\"https:\/\/www.youtube.com\/watch?v=2zjQ9NJBf04\"]}]}<\/script>\n<!-- \/ Yoast SEO Premium plugin. -->","yoast_head_json":{"title":"Traducciones juradas | Traductor jurado polaco-franc\u00e9s | IMPOL","description":"Impol garantiza la traducci\u00f3n profesional de documentos por un traductor jurado de franc\u00e9s. \u00a1Compru\u00e9belo ahora!","robots":{"index":"index","follow":"follow","max-snippet":"max-snippet:-1","max-image-preview":"max-image-preview:large","max-video-preview":"max-video-preview:-1"},"canonical":"https:\/\/impolsarl.com\/es\/traducciones\/traducciones-juradas\/","og_locale":"es_ES","og_type":"article","og_title":"Traducciones juradas","og_description":"Impol garantiza la traducci\u00f3n profesional de documentos por un traductor jurado de franc\u00e9s. \u00a1Compru\u00e9belo ahora!","og_url":"https:\/\/impolsarl.com\/es\/traducciones\/traducciones-juradas\/","og_site_name":"Impol - Reprezentant we Francji od ponad dekady! +48 502 50 70 74","article_publisher":"https:\/\/www.facebook.com\/przedstawicieltransportuwefrancji\/","article_modified_time":"2025-06-02T00:12:07+00:00","twitter_card":"summary_large_image","twitter_misc":{"Tiempo de lectura":"2 minutos"},"schema":{"@context":"https:\/\/schema.org","@graph":[{"@type":"WebPage","@id":"https:\/\/impolsarl.com\/es\/traducciones\/traducciones-juradas\/","url":"https:\/\/impolsarl.com\/es\/traducciones\/traducciones-juradas\/","name":"Traducciones juradas | Traductor jurado polaco-franc\u00e9s | IMPOL","isPartOf":{"@id":"https:\/\/impolsarl.com\/#website"},"datePublished":"2025-01-14T07:54:40+00:00","dateModified":"2025-06-02T00:12:07+00:00","description":"Impol garantiza la traducci\u00f3n profesional de documentos por un traductor jurado de franc\u00e9s. \u00a1Compru\u00e9belo ahora!","breadcrumb":{"@id":"https:\/\/impolsarl.com\/es\/traducciones\/traducciones-juradas\/#breadcrumb"},"inLanguage":"es","potentialAction":[{"@type":"ReadAction","target":["https:\/\/impolsarl.com\/es\/traducciones\/traducciones-juradas\/"]}]},{"@type":"BreadcrumbList","@id":"https:\/\/impolsarl.com\/es\/traducciones\/traducciones-juradas\/#breadcrumb","itemListElement":[{"@type":"ListItem","position":1,"name":"Strona g\u0142\u00f3wna","item":"https:\/\/impolsarl.com\/es\/pagina-de-inicio\/"},{"@type":"ListItem","position":2,"name":"Traducciones","item":"https:\/\/impolsarl.com\/es\/traducciones\/"},{"@type":"ListItem","position":3,"name":"Traducciones juradas"}]},{"@type":"WebSite","@id":"https:\/\/impolsarl.com\/#website","url":"https:\/\/impolsarl.com\/","name":"Impol - Reprezentant we Francji od ponad dekady! +48 502 50 70 74","description":"Impol SARL - Przedstawiciel transportu w Europie","publisher":{"@id":"https:\/\/impolsarl.com\/#organization"},"potentialAction":[{"@type":"SearchAction","target":{"@type":"EntryPoint","urlTemplate":"https:\/\/impolsarl.com\/?s={search_term_string}"},"query-input":{"@type":"PropertyValueSpecification","valueRequired":true,"valueName":"search_term_string"}}],"inLanguage":"es"},{"@type":"Organization","@id":"https:\/\/impolsarl.com\/#organization","name":"Impol - Przedstawiciel Transportu i Pracownikow Delegowanych Do Francji","url":"https:\/\/impolsarl.com\/","logo":{"@type":"ImageObject","inLanguage":"es","@id":"https:\/\/impolsarl.com\/#\/schema\/logo\/image\/","url":"https:\/\/impolsarl.com\/wp-content\/uploads\/2018\/08\/logo-1.png","contentUrl":"https:\/\/impolsarl.com\/wp-content\/uploads\/2018\/08\/logo-1.png","width":133,"height":126,"caption":"Impol - Przedstawiciel Transportu i Pracownikow Delegowanych Do Francji"},"image":{"@id":"https:\/\/impolsarl.com\/#\/schema\/logo\/image\/"},"sameAs":["https:\/\/www.facebook.com\/przedstawicieltransportuwefrancji\/","https:\/\/www.youtube.com\/watch?v=2zjQ9NJBf04"]}]}},"_links":{"self":[{"href":"https:\/\/impolsarl.com\/es\/wp-json\/wp\/v2\/pages\/5805","targetHints":{"allow":["GET"]}}],"collection":[{"href":"https:\/\/impolsarl.com\/es\/wp-json\/wp\/v2\/pages"}],"about":[{"href":"https:\/\/impolsarl.com\/es\/wp-json\/wp\/v2\/types\/page"}],"author":[{"embeddable":true,"href":"https:\/\/impolsarl.com\/es\/wp-json\/wp\/v2\/users\/5"}],"replies":[{"embeddable":true,"href":"https:\/\/impolsarl.com\/es\/wp-json\/wp\/v2\/comments?post=5805"}],"version-history":[{"count":1,"href":"https:\/\/impolsarl.com\/es\/wp-json\/wp\/v2\/pages\/5805\/revisions"}],"predecessor-version":[{"id":5806,"href":"https:\/\/impolsarl.com\/es\/wp-json\/wp\/v2\/pages\/5805\/revisions\/5806"}],"up":[{"embeddable":true,"href":"https:\/\/impolsarl.com\/es\/wp-json\/wp\/v2\/pages\/5420"}],"wp:attachment":[{"href":"https:\/\/impolsarl.com\/es\/wp-json\/wp\/v2\/media?parent=5805"}],"wp:term":[{"taxonomy":"folder","embeddable":true,"href":"https:\/\/impolsarl.com\/es\/wp-json\/wp\/v2\/folder?post=5805"}],"curies":[{"name":"wp","href":"https:\/\/api.w.org\/{rel}","templated":true}]}}