{"id":5803,"date":"2023-10-11T15:53:21","date_gmt":"2023-10-11T13:53:21","guid":{"rendered":"https:\/\/impolsarl.com\/apoyo-al-control\/"},"modified":"2025-06-02T02:10:23","modified_gmt":"2025-06-02T00:10:23","slug":"apoyo-al-control","status":"publish","type":"page","link":"https:\/\/impolsarl.com\/es\/apoyo-al-control\/","title":{"rendered":"Apoyo al control"},"content":{"rendered":"\n<p>Las inspecciones de los trabajadores desplazados, de los conductores o de los empleadores ya no son una situaci\u00f3n espor\u00e1dica, sino muy a menudo una consecuencia inevitable del trabajo en el extranjero. No tenemos ninguna influencia sobre si se llevar\u00e1 a cabo la inspecci\u00f3n, pero podemos asegurar que su conclusi\u00f3n es positiva. \n<\/p>\n<p>Nuestra empresa ofrece una amplia gama de apoyo en caso de posibles inspecciones realizadas por las Inspecciones de Trabajo competentes para el lugar donde se realiza el pedido. Dependiendo de las necesidades y expectativas de nuestros clientes, nos encargamos de la correspondencia necesaria, el contacto telef\u00f3nico con los funcionarios, las traducciones de los documentos requeridos, las instrucciones sobre c\u00f3mo completar los formularios adecuados, preparar las n\u00f3minas, las listas horarias, as\u00ed como qu\u00e9 informaci\u00f3n proporcionar a las autoridades de control. \n<\/p>\n<p>Es importante recordar que cada destino tiene sus propias regulaciones separadas y sus interpretaciones. Esto se aplica no s\u00f3lo a pa\u00edses enteros, sino tambi\u00e9n a cantones o regiones individuales. Es por eso que es esencial contar con el apoyo adecuado, que brindamos en Impol.  <\/p>\n\n<p>Gracias a muchos a\u00f1os de experiencia y a la actualizaci\u00f3n constante de los conocimientos, ayudamos a nuestros clientes a evitar las consecuencias financieras de los procedimientos de control, que pueden ser muy complicados y exigentes, por lo que es f\u00e1cil cometer un error. Los errores en el proceso de publicaci\u00f3n pueden ser costosos. En casos extremos, los casos pueden durar hasta varios a\u00f1os, con multas de hasta 40.000 euros.  \n<\/p><p>\n<\/p><p>Entre los pa\u00edses \u00abespeciales\u00bb, es decir, aquellos en los que los procedimientos son extremadamente complicados, se encuentran Francia, Austria y Suiza. Sin embargo, nuestra empresa sabe c\u00f3mo navegar por las complejidades de las regulaciones locales, lo que hemos demostrado muchas veces al llevar los casos a un resultado positivo para el cliente. <\/p>\n<p>\nNo tenemos ninguna influencia sobre si se llevar\u00e1 a cabo alg\u00fan control o no. Por otro lado, incidimos en la mejor preparaci\u00f3n posible de nuestros clientes para el procedimiento de desplazamiento y para la propia salida. Es por eso que, ya en la etapa de conversaciones iniciales, proporcionamos un paquete completo de informaci\u00f3n necesaria para un empleador que planea enviar empleados al extranjero. Lo m\u00e1s importante para nosotros es que tengan un conjunto completo de documentos requeridos, as\u00ed como habilidades pr\u00e1cticas para realizar una entrevista con un funcionario. La correcci\u00f3n de la aplicaci\u00f3n tambi\u00e9n es de gran importancia, y esta es una de nuestras mayores fortalezas.    <\/p>\n<p>\n\u00a1Estamos convencidos de que cuanto m\u00e1s nos preparemos en el pa\u00eds, mayor ser\u00e1 la posibilidad de que una posible reuni\u00f3n con el contralor sea solo una formalidad!\n<\/p>\n","protected":false},"excerpt":{"rendered":"<p>Las inspecciones de los trabajadores desplazados, de los conductores o de los empleadores ya no son una situaci\u00f3n espor\u00e1dica, sino muy a menudo una consecuencia inevitable del trabajo en el extranjero. No tenemos ninguna influencia sobre si se llevar\u00e1 a cabo la inspecci\u00f3n, pero podemos asegurar que su conclusi\u00f3n es positiva. Nuestra empresa ofrece una &hellip;<\/p>\n<p class=\"read-more\"> <a class=\"\" href=\"https:\/\/impolsarl.com\/es\/apoyo-al-control\/\"> <span class=\"screen-reader-text\">Apoyo al control<\/span> Leer m\u00e1s \u00bb<\/a><\/p>\n","protected":false},"author":5,"featured_media":0,"parent":0,"menu_order":56,"comment_status":"closed","ping_status":"closed","template":"","meta":{"_acf_changed":false,"site-sidebar-layout":"default","site-content-layout":"","ast-site-content-layout":"","site-content-style":"default","site-sidebar-style":"default","ast-global-header-display":"","ast-banner-title-visibility":"","ast-main-header-display":"","ast-hfb-above-header-display":"","ast-hfb-below-header-display":"","ast-hfb-mobile-header-display":"","site-post-title":"","ast-breadcrumbs-content":"","ast-featured-img":"","footer-sml-layout":"","theme-transparent-header-meta":"","adv-header-id-meta":"","stick-header-meta":"","header-above-stick-meta":"","header-main-stick-meta":"","header-below-stick-meta":"","astra-migrate-meta-layouts":"default","ast-page-background-enabled":"default","ast-page-background-meta":{"desktop":{"background-color":"var(--ast-global-color-4)","background-image":"","background-repeat":"repeat","background-position":"center center","background-size":"auto","background-attachment":"scroll","background-type":"","background-media":"","overlay-type":"","overlay-color":"","overlay-gradient":""},"tablet":{"background-color":"","background-image":"","background-repeat":"repeat","background-position":"center center","background-size":"auto","background-attachment":"scroll","background-type":"","background-media":"","overlay-type":"","overlay-color":"","overlay-gradient":""},"mobile":{"background-color":"","background-image":"","background-repeat":"repeat","background-position":"center center","background-size":"auto","background-attachment":"scroll","background-type":"","background-media":"","overlay-type":"","overlay-color":"","overlay-gradient":""}},"ast-content-background-meta":{"desktop":{"background-color":"var(--ast-global-color-5)","background-image":"","background-repeat":"repeat","background-position":"center center","background-size":"auto","background-attachment":"scroll","background-type":"","background-media":"","overlay-type":"","overlay-color":"","overlay-gradient":""},"tablet":{"background-color":"var(--ast-global-color-5)","background-image":"","background-repeat":"repeat","background-position":"center center","background-size":"auto","background-attachment":"scroll","background-type":"","background-media":"","overlay-type":"","overlay-color":"","overlay-gradient":""},"mobile":{"background-color":"var(--ast-global-color-5)","background-image":"","background-repeat":"repeat","background-position":"center center","background-size":"auto","background-attachment":"scroll","background-type":"","background-media":"","overlay-type":"","overlay-color":"","overlay-gradient":""}},"footnotes":""},"folder":[94],"class_list":["post-5803","page","type-page","status-publish","hentry"],"acf":[],"yoast_head":"<!-- This site is optimized with the Yoast SEO Premium plugin v24.7 (Yoast SEO v24.7) - https:\/\/yoast.com\/wordpress\/plugins\/seo\/ -->\n<title>Francia - vi\u00f1etas de zonas ecol\u00f3gicas | IMPOL<\/title>\n<meta name=\"description\" content=\"Evite las fuertes multas por no tener una vi\u00f1eta ecol\u00f3gica en Francia. Inf\u00f3rmese en nuestra web y solicite c\u00f3modamente su pegatina ecol\u00f3gica para Francia en IMPOL.\" \/>\n<meta name=\"robots\" content=\"index, follow, max-snippet:-1, max-image-preview:large, max-video-preview:-1\" \/>\n<link rel=\"canonical\" href=\"https:\/\/impolsarl.com\/es\/apoyo-al-control\/\" \/>\n<meta property=\"og:locale\" content=\"es_ES\" \/>\n<meta property=\"og:type\" content=\"article\" \/>\n<meta property=\"og:title\" content=\"Apoyo al control\" \/>\n<meta property=\"og:description\" content=\"Evite las fuertes multas por no tener una vi\u00f1eta ecol\u00f3gica en Francia. Inf\u00f3rmese en nuestra web y solicite c\u00f3modamente su pegatina ecol\u00f3gica para Francia en IMPOL.\" \/>\n<meta property=\"og:url\" content=\"https:\/\/impolsarl.com\/es\/apoyo-al-control\/\" \/>\n<meta property=\"og:site_name\" content=\"Impol - Reprezentant we Francji od ponad dekady! +48 502 50 70 74\" \/>\n<meta property=\"article:publisher\" content=\"https:\/\/www.facebook.com\/przedstawicieltransportuwefrancji\/\" \/>\n<meta property=\"article:modified_time\" content=\"2025-06-02T00:10:23+00:00\" \/>\n<meta name=\"twitter:card\" content=\"summary_large_image\" \/>\n<meta name=\"twitter:label1\" content=\"Tiempo de lectura\" \/>\n\t<meta name=\"twitter:data1\" content=\"2 minutos\" \/>\n<script type=\"application\/ld+json\" class=\"yoast-schema-graph\">{\"@context\":\"https:\/\/schema.org\",\"@graph\":[{\"@type\":\"WebPage\",\"@id\":\"https:\/\/impolsarl.com\/es\/apoyo-al-control\/\",\"url\":\"https:\/\/impolsarl.com\/es\/apoyo-al-control\/\",\"name\":\"Francia - vi\u00f1etas de zonas ecol\u00f3gicas | IMPOL\",\"isPartOf\":{\"@id\":\"https:\/\/impolsarl.com\/#website\"},\"datePublished\":\"2023-10-11T13:53:21+00:00\",\"dateModified\":\"2025-06-02T00:10:23+00:00\",\"description\":\"Evite las fuertes multas por no tener una vi\u00f1eta ecol\u00f3gica en Francia. Inf\u00f3rmese en nuestra web y solicite c\u00f3modamente su pegatina ecol\u00f3gica para Francia en IMPOL.\",\"breadcrumb\":{\"@id\":\"https:\/\/impolsarl.com\/es\/apoyo-al-control\/#breadcrumb\"},\"inLanguage\":\"es\",\"potentialAction\":[{\"@type\":\"ReadAction\",\"target\":[\"https:\/\/impolsarl.com\/es\/apoyo-al-control\/\"]}]},{\"@type\":\"BreadcrumbList\",\"@id\":\"https:\/\/impolsarl.com\/es\/apoyo-al-control\/#breadcrumb\",\"itemListElement\":[{\"@type\":\"ListItem\",\"position\":1,\"name\":\"Strona g\u0142\u00f3wna\",\"item\":\"https:\/\/impolsarl.com\/es\/pagina-de-inicio\/\"},{\"@type\":\"ListItem\",\"position\":2,\"name\":\"Apoyo al control\"}]},{\"@type\":\"WebSite\",\"@id\":\"https:\/\/impolsarl.com\/#website\",\"url\":\"https:\/\/impolsarl.com\/\",\"name\":\"Impol - Reprezentant we Francji od ponad dekady! +48 502 50 70 74\",\"description\":\"Impol SARL - Przedstawiciel transportu w Europie\",\"publisher\":{\"@id\":\"https:\/\/impolsarl.com\/#organization\"},\"potentialAction\":[{\"@type\":\"SearchAction\",\"target\":{\"@type\":\"EntryPoint\",\"urlTemplate\":\"https:\/\/impolsarl.com\/?s={search_term_string}\"},\"query-input\":{\"@type\":\"PropertyValueSpecification\",\"valueRequired\":true,\"valueName\":\"search_term_string\"}}],\"inLanguage\":\"es\"},{\"@type\":\"Organization\",\"@id\":\"https:\/\/impolsarl.com\/#organization\",\"name\":\"Impol - Przedstawiciel Transportu i Pracownikow Delegowanych Do Francji\",\"url\":\"https:\/\/impolsarl.com\/\",\"logo\":{\"@type\":\"ImageObject\",\"inLanguage\":\"es\",\"@id\":\"https:\/\/impolsarl.com\/#\/schema\/logo\/image\/\",\"url\":\"https:\/\/impolsarl.com\/wp-content\/uploads\/2018\/08\/logo-1.png\",\"contentUrl\":\"https:\/\/impolsarl.com\/wp-content\/uploads\/2018\/08\/logo-1.png\",\"width\":133,\"height\":126,\"caption\":\"Impol - Przedstawiciel Transportu i Pracownikow Delegowanych Do Francji\"},\"image\":{\"@id\":\"https:\/\/impolsarl.com\/#\/schema\/logo\/image\/\"},\"sameAs\":[\"https:\/\/www.facebook.com\/przedstawicieltransportuwefrancji\/\",\"https:\/\/www.youtube.com\/watch?v=2zjQ9NJBf04\"]}]}<\/script>\n<!-- \/ Yoast SEO Premium plugin. -->","yoast_head_json":{"title":"Francia - vi\u00f1etas de zonas ecol\u00f3gicas | IMPOL","description":"Evite las fuertes multas por no tener una vi\u00f1eta ecol\u00f3gica en Francia. Inf\u00f3rmese en nuestra web y solicite c\u00f3modamente su pegatina ecol\u00f3gica para Francia en IMPOL.","robots":{"index":"index","follow":"follow","max-snippet":"max-snippet:-1","max-image-preview":"max-image-preview:large","max-video-preview":"max-video-preview:-1"},"canonical":"https:\/\/impolsarl.com\/es\/apoyo-al-control\/","og_locale":"es_ES","og_type":"article","og_title":"Apoyo al control","og_description":"Evite las fuertes multas por no tener una vi\u00f1eta ecol\u00f3gica en Francia. Inf\u00f3rmese en nuestra web y solicite c\u00f3modamente su pegatina ecol\u00f3gica para Francia en IMPOL.","og_url":"https:\/\/impolsarl.com\/es\/apoyo-al-control\/","og_site_name":"Impol - Reprezentant we Francji od ponad dekady! +48 502 50 70 74","article_publisher":"https:\/\/www.facebook.com\/przedstawicieltransportuwefrancji\/","article_modified_time":"2025-06-02T00:10:23+00:00","twitter_card":"summary_large_image","twitter_misc":{"Tiempo de lectura":"2 minutos"},"schema":{"@context":"https:\/\/schema.org","@graph":[{"@type":"WebPage","@id":"https:\/\/impolsarl.com\/es\/apoyo-al-control\/","url":"https:\/\/impolsarl.com\/es\/apoyo-al-control\/","name":"Francia - vi\u00f1etas de zonas ecol\u00f3gicas | IMPOL","isPartOf":{"@id":"https:\/\/impolsarl.com\/#website"},"datePublished":"2023-10-11T13:53:21+00:00","dateModified":"2025-06-02T00:10:23+00:00","description":"Evite las fuertes multas por no tener una vi\u00f1eta ecol\u00f3gica en Francia. Inf\u00f3rmese en nuestra web y solicite c\u00f3modamente su pegatina ecol\u00f3gica para Francia en IMPOL.","breadcrumb":{"@id":"https:\/\/impolsarl.com\/es\/apoyo-al-control\/#breadcrumb"},"inLanguage":"es","potentialAction":[{"@type":"ReadAction","target":["https:\/\/impolsarl.com\/es\/apoyo-al-control\/"]}]},{"@type":"BreadcrumbList","@id":"https:\/\/impolsarl.com\/es\/apoyo-al-control\/#breadcrumb","itemListElement":[{"@type":"ListItem","position":1,"name":"Strona g\u0142\u00f3wna","item":"https:\/\/impolsarl.com\/es\/pagina-de-inicio\/"},{"@type":"ListItem","position":2,"name":"Apoyo al control"}]},{"@type":"WebSite","@id":"https:\/\/impolsarl.com\/#website","url":"https:\/\/impolsarl.com\/","name":"Impol - Reprezentant we Francji od ponad dekady! +48 502 50 70 74","description":"Impol SARL - Przedstawiciel transportu w Europie","publisher":{"@id":"https:\/\/impolsarl.com\/#organization"},"potentialAction":[{"@type":"SearchAction","target":{"@type":"EntryPoint","urlTemplate":"https:\/\/impolsarl.com\/?s={search_term_string}"},"query-input":{"@type":"PropertyValueSpecification","valueRequired":true,"valueName":"search_term_string"}}],"inLanguage":"es"},{"@type":"Organization","@id":"https:\/\/impolsarl.com\/#organization","name":"Impol - Przedstawiciel Transportu i Pracownikow Delegowanych Do Francji","url":"https:\/\/impolsarl.com\/","logo":{"@type":"ImageObject","inLanguage":"es","@id":"https:\/\/impolsarl.com\/#\/schema\/logo\/image\/","url":"https:\/\/impolsarl.com\/wp-content\/uploads\/2018\/08\/logo-1.png","contentUrl":"https:\/\/impolsarl.com\/wp-content\/uploads\/2018\/08\/logo-1.png","width":133,"height":126,"caption":"Impol - Przedstawiciel Transportu i Pracownikow Delegowanych Do Francji"},"image":{"@id":"https:\/\/impolsarl.com\/#\/schema\/logo\/image\/"},"sameAs":["https:\/\/www.facebook.com\/przedstawicieltransportuwefrancji\/","https:\/\/www.youtube.com\/watch?v=2zjQ9NJBf04"]}]}},"_links":{"self":[{"href":"https:\/\/impolsarl.com\/es\/wp-json\/wp\/v2\/pages\/5803","targetHints":{"allow":["GET"]}}],"collection":[{"href":"https:\/\/impolsarl.com\/es\/wp-json\/wp\/v2\/pages"}],"about":[{"href":"https:\/\/impolsarl.com\/es\/wp-json\/wp\/v2\/types\/page"}],"author":[{"embeddable":true,"href":"https:\/\/impolsarl.com\/es\/wp-json\/wp\/v2\/users\/5"}],"replies":[{"embeddable":true,"href":"https:\/\/impolsarl.com\/es\/wp-json\/wp\/v2\/comments?post=5803"}],"version-history":[{"count":1,"href":"https:\/\/impolsarl.com\/es\/wp-json\/wp\/v2\/pages\/5803\/revisions"}],"predecessor-version":[{"id":5804,"href":"https:\/\/impolsarl.com\/es\/wp-json\/wp\/v2\/pages\/5803\/revisions\/5804"}],"wp:attachment":[{"href":"https:\/\/impolsarl.com\/es\/wp-json\/wp\/v2\/media?parent=5803"}],"wp:term":[{"taxonomy":"folder","embeddable":true,"href":"https:\/\/impolsarl.com\/es\/wp-json\/wp\/v2\/folder?post=5803"}],"curies":[{"name":"wp","href":"https:\/\/api.w.org\/{rel}","templated":true}]}}