{"id":5795,"date":"2023-10-19T14:02:22","date_gmt":"2023-10-19T12:02:22","guid":{"rendered":"https:\/\/impolsarl.com\/servicios-de-consultoria\/"},"modified":"2025-06-02T02:04:46","modified_gmt":"2025-06-02T00:04:46","slug":"servicios-de-consultoria","status":"publish","type":"page","link":"https:\/\/impolsarl.com\/es\/servicios-de-consultoria\/","title":{"rendered":"Servicios de consultor\u00eda"},"content":{"rendered":"\n<div class=\"seo\"><p>Desplazar a empleados al extranjero plantea muchas cuestiones debido a las diferentes reglamentaciones y normas aplicables en los pa\u00edses de desplazamiento. Nuestros servicios de asesor\u00eda y asesoramiento jur\u00eddico est\u00e1n a su disposici\u00f3n, y nuestros expertos y abogados le ayudar\u00e1n a abordar las distintas cuestiones y retos a los que pueda enfrentarse. Tanto si es usted un empresario que opera a escala internacional como un particular que necesita apoyo en cuestiones jur\u00eddicas, nuestro equipo est\u00e1 preparado para ayudarle. Le ofrecemos apoyo en varios frentes, incluidas traducciones juradas y asesoramiento jur\u00eddico, para garantizar que todas las cuestiones se traten con profesionalidad y de conformidad con la legislaci\u00f3n vigente.   \n<\/p>\n<h2>Traducciones juradas:\n<\/h2>\n<p>Las traducciones juradas polaco-franc\u00e9s y franc\u00e9s-polaco son una parte fundamental de nuestros servicios. Sabemos lo importante que es proporcionar traducciones precisas y fiables en el contexto del desplazamiento de empleados y la representaci\u00f3n de diversas industrias a nivel internacional. Nuestro traductor jurado se asegura de que todos los documentos, contratos y materiales se traduzcan con el m\u00e1ximo cuidado para mantener su integridad y el cumplimiento de los requisitos legales.  \n<\/p>\n<div class=\"wp-block-button is-style-fill\"><a class=\"wp-block-button__link has-background wp-element-button\" href=\"https:\/\/impolsarl.com\/tlumaczenia\/\" style=\"background-color:#2900a3\">M\u00e1s informaci\u00f3n<\/a><\/div>\n\n<h2>Aviso legal:\n<\/h2>\n<p>Nuestros servicios de asesor\u00eda tambi\u00e9n incluyen asesoramiento jur\u00eddico, indispensable para las operaciones internacionales. La legislaci\u00f3n internacional, la normativa sectorial y las cuestiones de empleo y desplazamiento son complejas y requieren conocimientos profesionales. Tanto nuestro equipo de expertos como su abogado est\u00e1n a su disposici\u00f3n. Le ayudar\u00e1n a comprender las cuestiones poco claras, a cumplir la normativa aplicable y a proteger los intereses de su empresa.   <\/p>\n<div class=\"wp-block-button is-style-fill\"><a class=\"wp-block-button__link has-background wp-element-button\" href=\"https:\/\/impolsarl.com\/konsultacja\/\" style=\"background-color:#2900a3\">M\u00e1s informaci\u00f3n<\/a><\/div>\n\n<p>\nEstamos seguros de que nuestros servicios de traducci\u00f3n jurada y asesoramiento jur\u00eddico son la clave para ofrecer una representaci\u00f3n profesional y eficaz de sus intereses en los sectores del transporte, la log\u00edstica, la construcci\u00f3n, la industria y la ingenier\u00eda. Le animamos a que se ponga en contacto con nosotros para averiguar c\u00f3mo podemos ayudarle a resolver sus necesidades y retos espec\u00edficos y ahorrarle un tiempo valioso. Nuestro equipo de traductores, un abogado especializado en env\u00edos internacionales y expertos en env\u00edos est\u00e1n listos para trabajar por su \u00e9xito a escala internacional.  \n<\/p><\/div>\n","protected":false},"excerpt":{"rendered":"<p>Desplazar a empleados al extranjero plantea muchas cuestiones debido a las diferentes reglamentaciones y normas aplicables en los pa\u00edses de desplazamiento. Nuestros servicios de asesor\u00eda y asesoramiento jur\u00eddico est\u00e1n a su disposici\u00f3n, y nuestros expertos y abogados le ayudar\u00e1n a abordar las distintas cuestiones y retos a los que pueda enfrentarse. Tanto si es usted &hellip;<\/p>\n<p class=\"read-more\"> <a class=\"\" href=\"https:\/\/impolsarl.com\/es\/servicios-de-consultoria\/\"> <span class=\"screen-reader-text\">Servicios de consultor\u00eda<\/span> Leer m\u00e1s \u00bb<\/a><\/p>\n","protected":false},"author":5,"featured_media":0,"parent":0,"menu_order":56,"comment_status":"closed","ping_status":"closed","template":"","meta":{"_acf_changed":false,"site-sidebar-layout":"default","site-content-layout":"","ast-site-content-layout":"","site-content-style":"default","site-sidebar-style":"default","ast-global-header-display":"","ast-banner-title-visibility":"","ast-main-header-display":"","ast-hfb-above-header-display":"","ast-hfb-below-header-display":"","ast-hfb-mobile-header-display":"","site-post-title":"","ast-breadcrumbs-content":"","ast-featured-img":"","footer-sml-layout":"","theme-transparent-header-meta":"","adv-header-id-meta":"","stick-header-meta":"","header-above-stick-meta":"","header-main-stick-meta":"","header-below-stick-meta":"","astra-migrate-meta-layouts":"default","ast-page-background-enabled":"default","ast-page-background-meta":{"desktop":{"background-color":"var(--ast-global-color-4)","background-image":"","background-repeat":"repeat","background-position":"center center","background-size":"auto","background-attachment":"scroll","background-type":"","background-media":"","overlay-type":"","overlay-color":"","overlay-gradient":""},"tablet":{"background-color":"","background-image":"","background-repeat":"repeat","background-position":"center center","background-size":"auto","background-attachment":"scroll","background-type":"","background-media":"","overlay-type":"","overlay-color":"","overlay-gradient":""},"mobile":{"background-color":"","background-image":"","background-repeat":"repeat","background-position":"center center","background-size":"auto","background-attachment":"scroll","background-type":"","background-media":"","overlay-type":"","overlay-color":"","overlay-gradient":""}},"ast-content-background-meta":{"desktop":{"background-color":"var(--ast-global-color-5)","background-image":"","background-repeat":"repeat","background-position":"center center","background-size":"auto","background-attachment":"scroll","background-type":"","background-media":"","overlay-type":"","overlay-color":"","overlay-gradient":""},"tablet":{"background-color":"var(--ast-global-color-5)","background-image":"","background-repeat":"repeat","background-position":"center center","background-size":"auto","background-attachment":"scroll","background-type":"","background-media":"","overlay-type":"","overlay-color":"","overlay-gradient":""},"mobile":{"background-color":"var(--ast-global-color-5)","background-image":"","background-repeat":"repeat","background-position":"center center","background-size":"auto","background-attachment":"scroll","background-type":"","background-media":"","overlay-type":"","overlay-color":"","overlay-gradient":""}},"footnotes":""},"folder":[94],"class_list":["post-5795","page","type-page","status-publish","hentry"],"acf":[],"yoast_head":"<!-- This site is optimized with the Yoast SEO Premium plugin v24.7 (Yoast SEO v24.7) - https:\/\/yoast.com\/wordpress\/plugins\/seo\/ -->\n<title>Servicios de consultor\u00eda | IMPOL<\/title>\n<meta name=\"robots\" content=\"index, follow, max-snippet:-1, max-image-preview:large, max-video-preview:-1\" \/>\n<link rel=\"canonical\" href=\"https:\/\/impolsarl.com\/es\/servicios-de-consultoria\/\" \/>\n<meta property=\"og:locale\" content=\"es_ES\" \/>\n<meta property=\"og:type\" content=\"article\" \/>\n<meta property=\"og:title\" content=\"Servicios de consultor\u00eda\" \/>\n<meta property=\"og:description\" content=\"Desplazar a empleados al extranjero plantea muchas cuestiones debido a las diferentes reglamentaciones y normas aplicables en los pa\u00edses de desplazamiento. Nuestros servicios de asesor\u00eda y asesoramiento jur\u00eddico est\u00e1n a su disposici\u00f3n, y nuestros expertos y abogados le ayudar\u00e1n a abordar las distintas cuestiones y retos a los que pueda enfrentarse. Tanto si es usted &hellip; Servicios de consultor\u00eda Leer m\u00e1s \u00bb\" \/>\n<meta property=\"og:url\" content=\"https:\/\/impolsarl.com\/es\/servicios-de-consultoria\/\" \/>\n<meta property=\"og:site_name\" content=\"Impol - Reprezentant we Francji od ponad dekady! +48 502 50 70 74\" \/>\n<meta property=\"article:publisher\" content=\"https:\/\/www.facebook.com\/przedstawicieltransportuwefrancji\/\" \/>\n<meta property=\"article:modified_time\" content=\"2025-06-02T00:04:46+00:00\" \/>\n<meta name=\"twitter:card\" content=\"summary_large_image\" \/>\n<meta name=\"twitter:label1\" content=\"Tiempo de lectura\" \/>\n\t<meta name=\"twitter:data1\" content=\"2 minutos\" \/>\n<script type=\"application\/ld+json\" class=\"yoast-schema-graph\">{\"@context\":\"https:\/\/schema.org\",\"@graph\":[{\"@type\":\"WebPage\",\"@id\":\"https:\/\/impolsarl.com\/es\/servicios-de-consultoria\/\",\"url\":\"https:\/\/impolsarl.com\/es\/servicios-de-consultoria\/\",\"name\":\"Servicios de consultor\u00eda | IMPOL\",\"isPartOf\":{\"@id\":\"https:\/\/impolsarl.com\/#website\"},\"datePublished\":\"2023-10-19T12:02:22+00:00\",\"dateModified\":\"2025-06-02T00:04:46+00:00\",\"breadcrumb\":{\"@id\":\"https:\/\/impolsarl.com\/es\/servicios-de-consultoria\/#breadcrumb\"},\"inLanguage\":\"es\",\"potentialAction\":[{\"@type\":\"ReadAction\",\"target\":[\"https:\/\/impolsarl.com\/es\/servicios-de-consultoria\/\"]}]},{\"@type\":\"BreadcrumbList\",\"@id\":\"https:\/\/impolsarl.com\/es\/servicios-de-consultoria\/#breadcrumb\",\"itemListElement\":[{\"@type\":\"ListItem\",\"position\":1,\"name\":\"Strona g\u0142\u00f3wna\",\"item\":\"https:\/\/impolsarl.com\/es\/pagina-de-inicio\/\"},{\"@type\":\"ListItem\",\"position\":2,\"name\":\"Servicios de consultor\u00eda\"}]},{\"@type\":\"WebSite\",\"@id\":\"https:\/\/impolsarl.com\/#website\",\"url\":\"https:\/\/impolsarl.com\/\",\"name\":\"Impol - Reprezentant we Francji od ponad dekady! +48 502 50 70 74\",\"description\":\"Impol SARL - Przedstawiciel transportu w Europie\",\"publisher\":{\"@id\":\"https:\/\/impolsarl.com\/#organization\"},\"potentialAction\":[{\"@type\":\"SearchAction\",\"target\":{\"@type\":\"EntryPoint\",\"urlTemplate\":\"https:\/\/impolsarl.com\/?s={search_term_string}\"},\"query-input\":{\"@type\":\"PropertyValueSpecification\",\"valueRequired\":true,\"valueName\":\"search_term_string\"}}],\"inLanguage\":\"es\"},{\"@type\":\"Organization\",\"@id\":\"https:\/\/impolsarl.com\/#organization\",\"name\":\"Impol - Przedstawiciel Transportu i Pracownikow Delegowanych Do Francji\",\"url\":\"https:\/\/impolsarl.com\/\",\"logo\":{\"@type\":\"ImageObject\",\"inLanguage\":\"es\",\"@id\":\"https:\/\/impolsarl.com\/#\/schema\/logo\/image\/\",\"url\":\"https:\/\/impolsarl.com\/wp-content\/uploads\/2018\/08\/logo-1.png\",\"contentUrl\":\"https:\/\/impolsarl.com\/wp-content\/uploads\/2018\/08\/logo-1.png\",\"width\":133,\"height\":126,\"caption\":\"Impol - Przedstawiciel Transportu i Pracownikow Delegowanych Do Francji\"},\"image\":{\"@id\":\"https:\/\/impolsarl.com\/#\/schema\/logo\/image\/\"},\"sameAs\":[\"https:\/\/www.facebook.com\/przedstawicieltransportuwefrancji\/\",\"https:\/\/www.youtube.com\/watch?v=2zjQ9NJBf04\"]}]}<\/script>\n<!-- \/ Yoast SEO Premium plugin. -->","yoast_head_json":{"title":"Servicios de consultor\u00eda | IMPOL","robots":{"index":"index","follow":"follow","max-snippet":"max-snippet:-1","max-image-preview":"max-image-preview:large","max-video-preview":"max-video-preview:-1"},"canonical":"https:\/\/impolsarl.com\/es\/servicios-de-consultoria\/","og_locale":"es_ES","og_type":"article","og_title":"Servicios de consultor\u00eda","og_description":"Desplazar a empleados al extranjero plantea muchas cuestiones debido a las diferentes reglamentaciones y normas aplicables en los pa\u00edses de desplazamiento. Nuestros servicios de asesor\u00eda y asesoramiento jur\u00eddico est\u00e1n a su disposici\u00f3n, y nuestros expertos y abogados le ayudar\u00e1n a abordar las distintas cuestiones y retos a los que pueda enfrentarse. Tanto si es usted &hellip; Servicios de consultor\u00eda Leer m\u00e1s \u00bb","og_url":"https:\/\/impolsarl.com\/es\/servicios-de-consultoria\/","og_site_name":"Impol - Reprezentant we Francji od ponad dekady! +48 502 50 70 74","article_publisher":"https:\/\/www.facebook.com\/przedstawicieltransportuwefrancji\/","article_modified_time":"2025-06-02T00:04:46+00:00","twitter_card":"summary_large_image","twitter_misc":{"Tiempo de lectura":"2 minutos"},"schema":{"@context":"https:\/\/schema.org","@graph":[{"@type":"WebPage","@id":"https:\/\/impolsarl.com\/es\/servicios-de-consultoria\/","url":"https:\/\/impolsarl.com\/es\/servicios-de-consultoria\/","name":"Servicios de consultor\u00eda | IMPOL","isPartOf":{"@id":"https:\/\/impolsarl.com\/#website"},"datePublished":"2023-10-19T12:02:22+00:00","dateModified":"2025-06-02T00:04:46+00:00","breadcrumb":{"@id":"https:\/\/impolsarl.com\/es\/servicios-de-consultoria\/#breadcrumb"},"inLanguage":"es","potentialAction":[{"@type":"ReadAction","target":["https:\/\/impolsarl.com\/es\/servicios-de-consultoria\/"]}]},{"@type":"BreadcrumbList","@id":"https:\/\/impolsarl.com\/es\/servicios-de-consultoria\/#breadcrumb","itemListElement":[{"@type":"ListItem","position":1,"name":"Strona g\u0142\u00f3wna","item":"https:\/\/impolsarl.com\/es\/pagina-de-inicio\/"},{"@type":"ListItem","position":2,"name":"Servicios de consultor\u00eda"}]},{"@type":"WebSite","@id":"https:\/\/impolsarl.com\/#website","url":"https:\/\/impolsarl.com\/","name":"Impol - Reprezentant we Francji od ponad dekady! +48 502 50 70 74","description":"Impol SARL - Przedstawiciel transportu w Europie","publisher":{"@id":"https:\/\/impolsarl.com\/#organization"},"potentialAction":[{"@type":"SearchAction","target":{"@type":"EntryPoint","urlTemplate":"https:\/\/impolsarl.com\/?s={search_term_string}"},"query-input":{"@type":"PropertyValueSpecification","valueRequired":true,"valueName":"search_term_string"}}],"inLanguage":"es"},{"@type":"Organization","@id":"https:\/\/impolsarl.com\/#organization","name":"Impol - Przedstawiciel Transportu i Pracownikow Delegowanych Do Francji","url":"https:\/\/impolsarl.com\/","logo":{"@type":"ImageObject","inLanguage":"es","@id":"https:\/\/impolsarl.com\/#\/schema\/logo\/image\/","url":"https:\/\/impolsarl.com\/wp-content\/uploads\/2018\/08\/logo-1.png","contentUrl":"https:\/\/impolsarl.com\/wp-content\/uploads\/2018\/08\/logo-1.png","width":133,"height":126,"caption":"Impol - Przedstawiciel Transportu i Pracownikow Delegowanych Do Francji"},"image":{"@id":"https:\/\/impolsarl.com\/#\/schema\/logo\/image\/"},"sameAs":["https:\/\/www.facebook.com\/przedstawicieltransportuwefrancji\/","https:\/\/www.youtube.com\/watch?v=2zjQ9NJBf04"]}]}},"_links":{"self":[{"href":"https:\/\/impolsarl.com\/es\/wp-json\/wp\/v2\/pages\/5795","targetHints":{"allow":["GET"]}}],"collection":[{"href":"https:\/\/impolsarl.com\/es\/wp-json\/wp\/v2\/pages"}],"about":[{"href":"https:\/\/impolsarl.com\/es\/wp-json\/wp\/v2\/types\/page"}],"author":[{"embeddable":true,"href":"https:\/\/impolsarl.com\/es\/wp-json\/wp\/v2\/users\/5"}],"replies":[{"embeddable":true,"href":"https:\/\/impolsarl.com\/es\/wp-json\/wp\/v2\/comments?post=5795"}],"version-history":[{"count":1,"href":"https:\/\/impolsarl.com\/es\/wp-json\/wp\/v2\/pages\/5795\/revisions"}],"predecessor-version":[{"id":5796,"href":"https:\/\/impolsarl.com\/es\/wp-json\/wp\/v2\/pages\/5795\/revisions\/5796"}],"wp:attachment":[{"href":"https:\/\/impolsarl.com\/es\/wp-json\/wp\/v2\/media?parent=5795"}],"wp:term":[{"taxonomy":"folder","embeddable":true,"href":"https:\/\/impolsarl.com\/es\/wp-json\/wp\/v2\/folder?post=5795"}],"curies":[{"name":"wp","href":"https:\/\/api.w.org\/{rel}","templated":true}]}}