{"id":5780,"date":"2022-02-23T17:45:18","date_gmt":"2022-02-23T16:45:18","guid":{"rendered":"https:\/\/impolsarl.com\/notificaciones-del-imi-contabilizacion-en-el-transporte\/"},"modified":"2025-06-02T01:44:21","modified_gmt":"2025-06-01T23:44:21","slug":"notificaciones-del-imi-contabilizacion-en-el-transporte","status":"publish","type":"page","link":"https:\/\/impolsarl.com\/es\/notificaciones-del-imi-contabilizacion-en-el-transporte\/","title":{"rendered":"Notificaciones del IMI &#8211; contabilizaci\u00f3n en el transporte"},"content":{"rendered":"\t\t<div data-elementor-type=\"wp-page\" data-elementor-id=\"5780\" class=\"elementor elementor-5780 elementor-2960\" data-elementor-post-type=\"page\">\n\t\t\t\t\t\t<section class=\"elementor-section elementor-top-section elementor-element elementor-element-e804959 elementor-section-boxed elementor-section-height-default elementor-section-height-default\" data-id=\"e804959\" data-element_type=\"section\">\n\t\t\t\t\t\t<div class=\"elementor-container elementor-column-gap-default\">\n\t\t\t\t\t<div class=\"elementor-column elementor-col-100 elementor-top-column elementor-element elementor-element-1d808f6\" data-id=\"1d808f6\" data-element_type=\"column\">\n\t\t\t<div class=\"elementor-widget-wrap elementor-element-populated\">\n\t\t\t\t\t\t<div class=\"elementor-element elementor-element-b0f4f3f elementor-widget elementor-widget-heading\" data-id=\"b0f4f3f\" data-element_type=\"widget\" data-widget_type=\"heading.default\">\n\t\t\t\t<div class=\"elementor-widget-container\">\n\t\t\t\t\t<h1 class=\"elementor-heading-title elementor-size-default\">Notificaciones del IMI - contabilizaci\u00f3n en el transporte\n<\/h1>\t\t\t\t<\/div>\n\t\t\t\t<\/div>\n\t\t\t\t<div class=\"elementor-element elementor-element-42be709 elementor-widget elementor-widget-text-editor\" data-id=\"42be709\" data-element_type=\"widget\" data-widget_type=\"text-editor.default\">\n\t\t\t\t<div class=\"elementor-widget-container\">\n\t\t\t\t\t\t\t\t\t<p><span style=\"font-weight: 400;\">El IMI es un Sistema de Informaci\u00f3n del Mercado Interior que proporciona una herramienta para el intercambio de datos seguro, c\u00f3modo y multiling\u00fce entre las administraciones p\u00fablicas de los Estados miembros del Espacio Econ\u00f3mico Europeo (EEE) y las instituciones de la Uni\u00f3n Europea a escala nacional, regional y local. El IMI fue desarrollado por la Comisi\u00f3n Europea con el apoyo activo de los miembros comunitarios. Se basa en el Reglamento (UE) n\u00ba 1024\/2012 y tiene por objeto facilitar y mejorar la cooperaci\u00f3n administrativa y la prestaci\u00f3n de asistencia mutua. Con estas actividades se pretende contribuir positivamente a la mejora del funcionamiento del mercado \u00fanico.    <\/span><\/p><p><span style=\"font-weight: 400;\">En febrero de 2022, cambiaron las normas del IMI para el desplazamiento de conductores para el transporte internacional. El formulario de declaraci\u00f3n a todos los Estados miembros de la UE ha cambiado. En consecuencia, se han introducido nuevas normas para la presentaci\u00f3n de documentos en caso de inspecciones. Adem\u00e1s, se ha suprimido la obligaci\u00f3n de tener un representante.   <\/span><\/p>\t\t\t\t\t\t\t\t<\/div>\n\t\t\t\t<\/div>\n\t\t\t\t<div class=\"elementor-element elementor-element-45b42a8 elementor-widget elementor-widget-heading\" data-id=\"45b42a8\" data-element_type=\"widget\" data-widget_type=\"heading.default\">\n\t\t\t\t<div class=\"elementor-widget-container\">\n\t\t\t\t\t<h2 class=\"elementor-heading-title elementor-size-default\">IMI ampliado con un m\u00f3dulo de contabilizaci\u00f3n de conductores\n<\/h2>\t\t\t\t<\/div>\n\t\t\t\t<\/div>\n\t\t\t\t<div class=\"elementor-element elementor-element-3ebfd12 elementor-widget elementor-widget-text-editor\" data-id=\"3ebfd12\" data-element_type=\"widget\" data-widget_type=\"text-editor.default\">\n\t\t\t\t<div class=\"elementor-widget-container\">\n\t\t\t\t\t\t\t\t\t<p><span style=\"font-weight: 400;\">A partir del 2 de febrero de 2022, como resultado de la introducci\u00f3n del Paquete de Movilidad, todos los Estados miembros de la Uni\u00f3n Europea utilizar\u00e1n una \u00fanica plataforma com\u00fan para las notificaciones, a saber, el sistema IMI ampliado con un m\u00f3dulo para el desplazamiento de conductores. Es importante destacar que tambi\u00e9n se implantar\u00e1 en aquellos pa\u00edses para los que anteriormente no se requer\u00eda dicho procedimiento. Ejemplos de tales pa\u00edses son   <\/span><span style=\"font-weight: 400;\">Rep\u00fablica Checa y Reino Unido<\/span><span style=\"font-weight: 400;\">.<\/span><\/p><p><span style=\"font-weight: 400;\">Las empresas de transporte est\u00e1n obligadas a hacer una declaraci\u00f3n adecuada a trav\u00e9s de un portal especial cuando los conductores que emplean se desplazan a otro Estado miembro de la UE para ejecutar un contrato de transporte. Independientemente del Estado miembro en el que dicho conductor vaya a desempe\u00f1ar sus funciones, el formato de la declaraci\u00f3n ser\u00e1 id\u00e9ntico. <\/span><\/p>\t\t\t\t\t\t\t\t<\/div>\n\t\t\t\t<\/div>\n\t\t\t\t<div class=\"elementor-element elementor-element-a90a200 elementor-widget elementor-widget-heading\" data-id=\"a90a200\" data-element_type=\"widget\" data-widget_type=\"heading.default\">\n\t\t\t\t<div class=\"elementor-widget-container\">\n\t\t\t\t\t<h2 class=\"elementor-heading-title elementor-size-default\">Normas para declarar el desplazamiento de conductores en el IMI\n<\/h2>\t\t\t\t<\/div>\n\t\t\t\t<\/div>\n\t\t\t\t<div class=\"elementor-element elementor-element-d123f77 elementor-widget elementor-widget-text-editor\" data-id=\"d123f77\" data-element_type=\"widget\" data-widget_type=\"text-editor.default\">\n\t\t\t\t<div class=\"elementor-widget-container\">\n\t\t\t\t\t\t\t\t\t<p><span style=\"font-weight: 400;\">La utilizaci\u00f3n del IMI implica la activaci\u00f3n de una cuenta, asignada a una persona determinada, con la posibilidad de a\u00f1adir otros usuarios. Al crear una cuenta, hay que facilitar toda la informaci\u00f3n necesaria, como el nombre de la empresa, su domicilio social, el n\u00famero de licencia y el n\u00famero de IVA, los datos de contacto de la persona responsable de la declaraci\u00f3n, los detalles del contrato, el veh\u00edculo, el conductor y el tipo de transporte que realiza. <\/span><\/p><p><span style=\"font-weight: 400;\">La informaci\u00f3n introducida por el transportista se traducir\u00e1 autom\u00e1ticamente a la lengua oficial del pa\u00eds al que se desplace el trabajador, lo que facilitar\u00e1 la actuaci\u00f3n de las autoridades de control. Ser\u00e1 posible introducir la informaci\u00f3n requerida manualmente o importarla, lo que agilizar\u00e1 considerablemente todo el proceso. <\/span><\/p>\t\t\t\t\t\t\t\t<\/div>\n\t\t\t\t<\/div>\n\t\t\t\t<div class=\"elementor-element elementor-element-c7b2f42 elementor-widget elementor-widget-heading\" data-id=\"c7b2f42\" data-element_type=\"widget\" data-widget_type=\"heading.default\">\n\t\t\t\t<div class=\"elementor-widget-container\">\n\t\t\t\t\t<h2 class=\"elementor-heading-title elementor-size-default\">Plazo y validez de la notificaci\u00f3n IMI\n<\/h2>\t\t\t\t<\/div>\n\t\t\t\t<\/div>\n\t\t\t\t<div class=\"elementor-element elementor-element-32efad2 elementor-widget elementor-widget-text-editor\" data-id=\"32efad2\" data-element_type=\"widget\" data-widget_type=\"text-editor.default\">\n\t\t\t\t<div class=\"elementor-widget-container\">\n\t\t\t\t\t\t\t\t\t<p>La necesidad de notificar a los conductores desplazados en el IMI se aplica a m\u00e1s tardar desde el inicio del desplazamiento. El procedimiento solo se aplicar\u00e1 a aquellos a los que se apliquen las disposiciones sobre desplazamiento del Paquete de Movilidad, incluidos los que realicen operaciones de cabotaje y de comercio transfronterizo, excluidas las operaciones bilaterales y de tr\u00e1nsito.  <\/p><p><strong>Cada pa\u00eds requerir\u00e1 una<\/strong><br><strong>La validez de la notificaci\u00f3n oscilar\u00e1 entre 1 d\u00eda y 6 meses y ser\u00e1 temporal y no depender\u00e1 de la operaci\u00f3n de transporte.<\/strong><\/p>\t\t\t\t\t\t\t\t<\/div>\n\t\t\t\t<\/div>\n\t\t\t\t\t<\/div>\n\t\t<\/div>\n\t\t\t\t\t<\/div>\n\t\t<\/section>\n\t\t\t\t<section class=\"elementor-section elementor-top-section elementor-element elementor-element-5d3d845 elementor-section-boxed elementor-section-height-default elementor-section-height-default\" data-id=\"5d3d845\" data-element_type=\"section\">\n\t\t\t\t\t\t<div class=\"elementor-container elementor-column-gap-default\">\n\t\t\t\t\t<div class=\"elementor-column elementor-col-100 elementor-top-column elementor-element elementor-element-76a1f38\" data-id=\"76a1f38\" data-element_type=\"column\">\n\t\t\t<div class=\"elementor-widget-wrap\">\n\t\t\t\t\t\t\t<\/div>\n\t\t<\/div>\n\t\t\t\t\t<\/div>\n\t\t<\/section>\n\t\t\t\t<\/div>\n\t\t","protected":false},"excerpt":{"rendered":"<p>Notificaciones del IMI &#8211; contabilizaci\u00f3n en el transporte El IMI es un Sistema de Informaci\u00f3n del Mercado Interior que proporciona una herramienta para el intercambio de datos seguro, c\u00f3modo y multiling\u00fce entre las administraciones p\u00fablicas de los Estados miembros del Espacio Econ\u00f3mico Europeo (EEE) y las instituciones de la Uni\u00f3n Europea a escala nacional, regional &hellip;<\/p>\n<p class=\"read-more\"> <a class=\"\" href=\"https:\/\/impolsarl.com\/es\/notificaciones-del-imi-contabilizacion-en-el-transporte\/\"> <span class=\"screen-reader-text\">Notificaciones del IMI &#8211; contabilizaci\u00f3n en el transporte<\/span> Leer m\u00e1s \u00bb<\/a><\/p>\n","protected":false},"author":5,"featured_media":0,"parent":0,"menu_order":36,"comment_status":"closed","ping_status":"closed","template":"","meta":{"_acf_changed":false,"site-sidebar-layout":"no-sidebar","site-content-layout":"","ast-site-content-layout":"full-width-container","site-content-style":"default","site-sidebar-style":"default","ast-global-header-display":"","ast-banner-title-visibility":"","ast-main-header-display":"","ast-hfb-above-header-display":"","ast-hfb-below-header-display":"","ast-hfb-mobile-header-display":"","site-post-title":"disabled","ast-breadcrumbs-content":"","ast-featured-img":"disabled","footer-sml-layout":"","theme-transparent-header-meta":"","adv-header-id-meta":"","stick-header-meta":"","header-above-stick-meta":"","header-main-stick-meta":"","header-below-stick-meta":"","astra-migrate-meta-layouts":"default","ast-page-background-enabled":"default","ast-page-background-meta":{"desktop":{"background-color":"var(--ast-global-color-4)","background-image":"","background-repeat":"repeat","background-position":"center center","background-size":"auto","background-attachment":"scroll","background-type":"","background-media":"","overlay-type":"","overlay-color":"","overlay-gradient":""},"tablet":{"background-color":"","background-image":"","background-repeat":"repeat","background-position":"center center","background-size":"auto","background-attachment":"scroll","background-type":"","background-media":"","overlay-type":"","overlay-color":"","overlay-gradient":""},"mobile":{"background-color":"","background-image":"","background-repeat":"repeat","background-position":"center center","background-size":"auto","background-attachment":"scroll","background-type":"","background-media":"","overlay-type":"","overlay-color":"","overlay-gradient":""}},"ast-content-background-meta":{"desktop":{"background-color":"var(--ast-global-color-5)","background-image":"","background-repeat":"repeat","background-position":"center center","background-size":"auto","background-attachment":"scroll","background-type":"","background-media":"","overlay-type":"","overlay-color":"","overlay-gradient":""},"tablet":{"background-color":"var(--ast-global-color-5)","background-image":"","background-repeat":"repeat","background-position":"center center","background-size":"auto","background-attachment":"scroll","background-type":"","background-media":"","overlay-type":"","overlay-color":"","overlay-gradient":""},"mobile":{"background-color":"var(--ast-global-color-5)","background-image":"","background-repeat":"repeat","background-position":"center center","background-size":"auto","background-attachment":"scroll","background-type":"","background-media":"","overlay-type":"","overlay-color":"","overlay-gradient":""}},"footnotes":""},"folder":[94],"class_list":["post-5780","page","type-page","status-publish","hentry"],"acf":[],"yoast_head":"<!-- This site is optimized with the Yoast SEO Premium plugin v24.7 (Yoast SEO v24.7) - https:\/\/yoast.com\/wordpress\/plugins\/seo\/ -->\n<title>Notificaciones IMI - desplazamiento en transporte | IMPOL<\/title>\n<meta name=\"description\" content=\"En febrero de 2022, las normas de notificaci\u00f3n del IMI han cambiado. \u00a1Benef\u00edciese de los conocimientos y la experiencia de los asesores de desplazamiento de Impol!\" \/>\n<meta name=\"robots\" content=\"index, follow, max-snippet:-1, max-image-preview:large, max-video-preview:-1\" \/>\n<link rel=\"canonical\" href=\"https:\/\/impolsarl.com\/es\/notificaciones-del-imi-contabilizacion-en-el-transporte\/\" \/>\n<meta property=\"og:locale\" content=\"es_ES\" \/>\n<meta property=\"og:type\" content=\"article\" \/>\n<meta property=\"og:title\" content=\"Notificaciones del IMI - contabilizaci\u00f3n en el transporte\" \/>\n<meta property=\"og:description\" content=\"En febrero de 2022, las normas de notificaci\u00f3n del IMI han cambiado. \u00a1Benef\u00edciese de los conocimientos y la experiencia de los asesores de desplazamiento de Impol!\" \/>\n<meta property=\"og:url\" content=\"https:\/\/impolsarl.com\/es\/notificaciones-del-imi-contabilizacion-en-el-transporte\/\" \/>\n<meta property=\"og:site_name\" content=\"Impol - Reprezentant we Francji od ponad dekady! +48 502 50 70 74\" \/>\n<meta property=\"article:publisher\" content=\"https:\/\/www.facebook.com\/przedstawicieltransportuwefrancji\/\" \/>\n<meta property=\"article:modified_time\" content=\"2025-06-01T23:44:21+00:00\" \/>\n<meta name=\"twitter:card\" content=\"summary_large_image\" \/>\n<meta name=\"twitter:label1\" content=\"Tiempo de lectura\" \/>\n\t<meta name=\"twitter:data1\" content=\"3 minutos\" \/>\n<script type=\"application\/ld+json\" class=\"yoast-schema-graph\">{\"@context\":\"https:\/\/schema.org\",\"@graph\":[{\"@type\":\"WebPage\",\"@id\":\"https:\/\/impolsarl.com\/es\/notificaciones-del-imi-contabilizacion-en-el-transporte\/\",\"url\":\"https:\/\/impolsarl.com\/es\/notificaciones-del-imi-contabilizacion-en-el-transporte\/\",\"name\":\"Notificaciones IMI - desplazamiento en transporte | IMPOL\",\"isPartOf\":{\"@id\":\"https:\/\/impolsarl.com\/#website\"},\"datePublished\":\"2022-02-23T16:45:18+00:00\",\"dateModified\":\"2025-06-01T23:44:21+00:00\",\"description\":\"En febrero de 2022, las normas de notificaci\u00f3n del IMI han cambiado. \u00a1Benef\u00edciese de los conocimientos y la experiencia de los asesores de desplazamiento de Impol!\",\"breadcrumb\":{\"@id\":\"https:\/\/impolsarl.com\/es\/notificaciones-del-imi-contabilizacion-en-el-transporte\/#breadcrumb\"},\"inLanguage\":\"es\",\"potentialAction\":[{\"@type\":\"ReadAction\",\"target\":[\"https:\/\/impolsarl.com\/es\/notificaciones-del-imi-contabilizacion-en-el-transporte\/\"]}]},{\"@type\":\"BreadcrumbList\",\"@id\":\"https:\/\/impolsarl.com\/es\/notificaciones-del-imi-contabilizacion-en-el-transporte\/#breadcrumb\",\"itemListElement\":[{\"@type\":\"ListItem\",\"position\":1,\"name\":\"Strona g\u0142\u00f3wna\",\"item\":\"https:\/\/impolsarl.com\/es\/pagina-de-inicio\/\"},{\"@type\":\"ListItem\",\"position\":2,\"name\":\"Notificaciones del IMI &#8211; contabilizaci\u00f3n en el transporte\"}]},{\"@type\":\"WebSite\",\"@id\":\"https:\/\/impolsarl.com\/#website\",\"url\":\"https:\/\/impolsarl.com\/\",\"name\":\"Impol - Reprezentant we Francji od ponad dekady! +48 502 50 70 74\",\"description\":\"Impol SARL - Przedstawiciel transportu w Europie\",\"publisher\":{\"@id\":\"https:\/\/impolsarl.com\/#organization\"},\"potentialAction\":[{\"@type\":\"SearchAction\",\"target\":{\"@type\":\"EntryPoint\",\"urlTemplate\":\"https:\/\/impolsarl.com\/?s={search_term_string}\"},\"query-input\":{\"@type\":\"PropertyValueSpecification\",\"valueRequired\":true,\"valueName\":\"search_term_string\"}}],\"inLanguage\":\"es\"},{\"@type\":\"Organization\",\"@id\":\"https:\/\/impolsarl.com\/#organization\",\"name\":\"Impol - Przedstawiciel Transportu i Pracownikow Delegowanych Do Francji\",\"url\":\"https:\/\/impolsarl.com\/\",\"logo\":{\"@type\":\"ImageObject\",\"inLanguage\":\"es\",\"@id\":\"https:\/\/impolsarl.com\/#\/schema\/logo\/image\/\",\"url\":\"https:\/\/impolsarl.com\/wp-content\/uploads\/2018\/08\/logo-1.png\",\"contentUrl\":\"https:\/\/impolsarl.com\/wp-content\/uploads\/2018\/08\/logo-1.png\",\"width\":133,\"height\":126,\"caption\":\"Impol - Przedstawiciel Transportu i Pracownikow Delegowanych Do Francji\"},\"image\":{\"@id\":\"https:\/\/impolsarl.com\/#\/schema\/logo\/image\/\"},\"sameAs\":[\"https:\/\/www.facebook.com\/przedstawicieltransportuwefrancji\/\",\"https:\/\/www.youtube.com\/watch?v=2zjQ9NJBf04\"]}]}<\/script>\n<!-- \/ Yoast SEO Premium plugin. -->","yoast_head_json":{"title":"Notificaciones IMI - desplazamiento en transporte | IMPOL","description":"En febrero de 2022, las normas de notificaci\u00f3n del IMI han cambiado. \u00a1Benef\u00edciese de los conocimientos y la experiencia de los asesores de desplazamiento de Impol!","robots":{"index":"index","follow":"follow","max-snippet":"max-snippet:-1","max-image-preview":"max-image-preview:large","max-video-preview":"max-video-preview:-1"},"canonical":"https:\/\/impolsarl.com\/es\/notificaciones-del-imi-contabilizacion-en-el-transporte\/","og_locale":"es_ES","og_type":"article","og_title":"Notificaciones del IMI - contabilizaci\u00f3n en el transporte","og_description":"En febrero de 2022, las normas de notificaci\u00f3n del IMI han cambiado. \u00a1Benef\u00edciese de los conocimientos y la experiencia de los asesores de desplazamiento de Impol!","og_url":"https:\/\/impolsarl.com\/es\/notificaciones-del-imi-contabilizacion-en-el-transporte\/","og_site_name":"Impol - Reprezentant we Francji od ponad dekady! +48 502 50 70 74","article_publisher":"https:\/\/www.facebook.com\/przedstawicieltransportuwefrancji\/","article_modified_time":"2025-06-01T23:44:21+00:00","twitter_card":"summary_large_image","twitter_misc":{"Tiempo de lectura":"3 minutos"},"schema":{"@context":"https:\/\/schema.org","@graph":[{"@type":"WebPage","@id":"https:\/\/impolsarl.com\/es\/notificaciones-del-imi-contabilizacion-en-el-transporte\/","url":"https:\/\/impolsarl.com\/es\/notificaciones-del-imi-contabilizacion-en-el-transporte\/","name":"Notificaciones IMI - desplazamiento en transporte | IMPOL","isPartOf":{"@id":"https:\/\/impolsarl.com\/#website"},"datePublished":"2022-02-23T16:45:18+00:00","dateModified":"2025-06-01T23:44:21+00:00","description":"En febrero de 2022, las normas de notificaci\u00f3n del IMI han cambiado. \u00a1Benef\u00edciese de los conocimientos y la experiencia de los asesores de desplazamiento de Impol!","breadcrumb":{"@id":"https:\/\/impolsarl.com\/es\/notificaciones-del-imi-contabilizacion-en-el-transporte\/#breadcrumb"},"inLanguage":"es","potentialAction":[{"@type":"ReadAction","target":["https:\/\/impolsarl.com\/es\/notificaciones-del-imi-contabilizacion-en-el-transporte\/"]}]},{"@type":"BreadcrumbList","@id":"https:\/\/impolsarl.com\/es\/notificaciones-del-imi-contabilizacion-en-el-transporte\/#breadcrumb","itemListElement":[{"@type":"ListItem","position":1,"name":"Strona g\u0142\u00f3wna","item":"https:\/\/impolsarl.com\/es\/pagina-de-inicio\/"},{"@type":"ListItem","position":2,"name":"Notificaciones del IMI &#8211; contabilizaci\u00f3n en el transporte"}]},{"@type":"WebSite","@id":"https:\/\/impolsarl.com\/#website","url":"https:\/\/impolsarl.com\/","name":"Impol - Reprezentant we Francji od ponad dekady! +48 502 50 70 74","description":"Impol SARL - Przedstawiciel transportu w Europie","publisher":{"@id":"https:\/\/impolsarl.com\/#organization"},"potentialAction":[{"@type":"SearchAction","target":{"@type":"EntryPoint","urlTemplate":"https:\/\/impolsarl.com\/?s={search_term_string}"},"query-input":{"@type":"PropertyValueSpecification","valueRequired":true,"valueName":"search_term_string"}}],"inLanguage":"es"},{"@type":"Organization","@id":"https:\/\/impolsarl.com\/#organization","name":"Impol - Przedstawiciel Transportu i Pracownikow Delegowanych Do Francji","url":"https:\/\/impolsarl.com\/","logo":{"@type":"ImageObject","inLanguage":"es","@id":"https:\/\/impolsarl.com\/#\/schema\/logo\/image\/","url":"https:\/\/impolsarl.com\/wp-content\/uploads\/2018\/08\/logo-1.png","contentUrl":"https:\/\/impolsarl.com\/wp-content\/uploads\/2018\/08\/logo-1.png","width":133,"height":126,"caption":"Impol - Przedstawiciel Transportu i Pracownikow Delegowanych Do Francji"},"image":{"@id":"https:\/\/impolsarl.com\/#\/schema\/logo\/image\/"},"sameAs":["https:\/\/www.facebook.com\/przedstawicieltransportuwefrancji\/","https:\/\/www.youtube.com\/watch?v=2zjQ9NJBf04"]}]}},"_links":{"self":[{"href":"https:\/\/impolsarl.com\/es\/wp-json\/wp\/v2\/pages\/5780","targetHints":{"allow":["GET"]}}],"collection":[{"href":"https:\/\/impolsarl.com\/es\/wp-json\/wp\/v2\/pages"}],"about":[{"href":"https:\/\/impolsarl.com\/es\/wp-json\/wp\/v2\/types\/page"}],"author":[{"embeddable":true,"href":"https:\/\/impolsarl.com\/es\/wp-json\/wp\/v2\/users\/5"}],"replies":[{"embeddable":true,"href":"https:\/\/impolsarl.com\/es\/wp-json\/wp\/v2\/comments?post=5780"}],"version-history":[{"count":1,"href":"https:\/\/impolsarl.com\/es\/wp-json\/wp\/v2\/pages\/5780\/revisions"}],"predecessor-version":[{"id":5781,"href":"https:\/\/impolsarl.com\/es\/wp-json\/wp\/v2\/pages\/5780\/revisions\/5781"}],"wp:attachment":[{"href":"https:\/\/impolsarl.com\/es\/wp-json\/wp\/v2\/media?parent=5780"}],"wp:term":[{"taxonomy":"folder","embeddable":true,"href":"https:\/\/impolsarl.com\/es\/wp-json\/wp\/v2\/folder?post=5780"}],"curies":[{"name":"wp","href":"https:\/\/api.w.org\/{rel}","templated":true}]}}