{"id":5770,"date":"2024-10-25T12:08:37","date_gmt":"2024-10-25T10:08:37","guid":{"rendered":"https:\/\/impolsarl.com\/devolucion-del-iva-en-alemania\/"},"modified":"2025-06-02T01:23:03","modified_gmt":"2025-06-01T23:23:03","slug":"devolucion-del-iva-en-alemania","status":"publish","type":"page","link":"https:\/\/impolsarl.com\/es\/devolucion-del-iva-en-alemania\/","title":{"rendered":"Devoluci\u00f3n del IVA en Alemania"},"content":{"rendered":"\n<p>Parte de nuestra actividad est\u00e1 relacionada con el apoyo a empresas que solicitan la devoluci\u00f3n del IVA en Alemania. Trabajamos con empresas de diversos sectores, incluido el transporte, por ejemplo. Llevamos muchos a\u00f1os ocup\u00e1ndonos de la devoluci\u00f3n del IVA por compras en Alemania. Con tanta experiencia, somos capaces de afrontar cualquier reto. Nuestro objetivo es tramitar el asunto con rapidez y satisfacer al cliente. En Alemania hay dos tipos de IVA. El primero es el 19%. Es el tipo b\u00e1sico que se aplica, entre otras cosas, al coste de las compras de combustible. Tambi\u00e9n existe un tipo reducido del 7%, que cubre los gastos de alojamiento, por ejemplo.         <\/p>\n\n<h2 class=\"wp-block-heading\" id=\"h-kto-moze-starac-sie-o-zwrot-podatku-vat-w-niemczech\">\u00bfQui\u00e9n puede solicitar la devoluci\u00f3n del IVA en Alemania?<\/h2>\n\n<p>Los detalles de las normas de devoluci\u00f3n del IVA se describen en la Directiva 2008\/9\/CE del Consejo, de 12 de febrero de 2008. De conformidad con esta Directiva, las empresas que son sujetos pasivos activos del IVA en Polonia y han emitido correctamente las facturas pueden solicitar la devoluci\u00f3n del IVA a Alemania. Cabe se\u00f1alar, sin embargo, que las empresas que tienen una actividad permanente en Alemania (esto no se aplica a las empresas dedicadas al transporte y a los servicios auxiliares relacionados con esta industria) o que tienen una sede o sucursal en Alemania no pueden solicitar la recuperaci\u00f3n del IVA.  <\/p>\n\n<h2 class=\"wp-block-heading\" id=\"h-wysokosc-zwrotu-podatku-vat-z-niemiec\">Importe de la devoluci\u00f3n del IVA de Alemania<\/h2>\n\n<p>El importe m\u00ednimo necesario para solicitar la devoluci\u00f3n de impuestos por compras en Alemania es de 400 euros. Sin embargo, hay que tener en cuenta que esto se aplica a las solicitudes de menos de un a\u00f1o natural. Cuando se trata de solicitudes para todo un a\u00f1o o para el periodo de noviembre a diciembre, el importe m\u00ednimo es de 50 euros.  <\/p>\n\n<h2 class=\"wp-block-heading\" id=\"h-odzyskanie-vat-z-niemiec-za-co\">Recuperaci\u00f3n del IVA de Alemania: \u00bfpara qu\u00e9?<\/h2>\n\n<p>En Alemania, se puede reclamar el IVA soportado en la compra de bienes o servicios adquiridos por empresas en el pa\u00eds. As\u00ed, se puede reclamar el IVA sobre el combustible, el petr\u00f3leo, los peajes, los hoteles, los aparcamientos o el alquiler de medios de transporte. <\/p>\n\n<h2 class=\"wp-block-heading\" id=\"h-zwrot-vat-w-niemczech-dokumenty\">Devoluci\u00f3n del IVA en Alemania &#8211; documentos<\/h2>\n\n<p>Adem\u00e1s de la solicitud de devoluci\u00f3n del IVA de Alemania, hay que presentar otros documentos. Entre ellos est\u00e1n los recibos. Sin embargo, es importante tener en cuenta que \u00e9stos s\u00f3lo se aceptan si no superan un valor bruto de 250 euros y, adem\u00e1s, deben llevar el sello de la empresa que adquiere los bienes o servicios. Si el valor de la transacci\u00f3n es superior, deber\u00e1 presentarse una factura. Otra opci\u00f3n es el sello de la gasolinera con el visado de un empleado junto con la fecha y la firma.    <\/p>\n\n<h2 class=\"wp-block-heading\" id=\"h-skladanie-wniosku-o-zwrot-vat-niemcy\">Presentaci\u00f3n de una solicitud de devoluci\u00f3n del IVA &#8211; Alemania<\/h2>\n\n<p>Muchos empresarios se preguntan c\u00f3mo recuperar el IVA pagado en Alemania. La solicitud, junto con otros documentos, debe presentarse en la oficina tributaria con jurisdicci\u00f3n sobre la empresa. Los empleados de la oficina la verifican y luego la remiten al pa\u00eds de devoluci\u00f3n. All\u00ed se vuelven a comprobar los documentos y se decide aceptar o rechazar la solicitud.   <br\/><br\/>La solicitud de recuperaci\u00f3n del IVA de Alemania se presenta trimestralmente, anualmente o para el periodo noviembre-diciembre. Tambi\u00e9n es posible presentar documentos correspondientes al a\u00f1o anterior. En este caso, los documentos deben presentarse antes del 30 de septiembre.  <\/p>\n","protected":false},"excerpt":{"rendered":"<p>Parte de nuestra actividad est\u00e1 relacionada con el apoyo a empresas que solicitan la devoluci\u00f3n del IVA en Alemania. Trabajamos con empresas de diversos sectores, incluido el transporte, por ejemplo. Llevamos muchos a\u00f1os ocup\u00e1ndonos de la devoluci\u00f3n del IVA por compras en Alemania. Con tanta experiencia, somos capaces de afrontar cualquier reto. Nuestro objetivo es &hellip;<\/p>\n<p class=\"read-more\"> <a class=\"\" href=\"https:\/\/impolsarl.com\/es\/devolucion-del-iva-en-alemania\/\"> <span class=\"screen-reader-text\">Devoluci\u00f3n del IVA en Alemania<\/span> Leer m\u00e1s \u00bb<\/a><\/p>\n","protected":false},"author":5,"featured_media":0,"parent":0,"menu_order":17,"comment_status":"closed","ping_status":"closed","template":"","meta":{"_acf_changed":false,"site-sidebar-layout":"default","site-content-layout":"","ast-site-content-layout":"","site-content-style":"default","site-sidebar-style":"default","ast-global-header-display":"","ast-banner-title-visibility":"","ast-main-header-display":"","ast-hfb-above-header-display":"","ast-hfb-below-header-display":"","ast-hfb-mobile-header-display":"","site-post-title":"","ast-breadcrumbs-content":"","ast-featured-img":"","footer-sml-layout":"","theme-transparent-header-meta":"","adv-header-id-meta":"","stick-header-meta":"","header-above-stick-meta":"","header-main-stick-meta":"","header-below-stick-meta":"","astra-migrate-meta-layouts":"default","ast-page-background-enabled":"default","ast-page-background-meta":{"desktop":{"background-color":"var(--ast-global-color-4)","background-image":"","background-repeat":"repeat","background-position":"center center","background-size":"auto","background-attachment":"scroll","background-type":"","background-media":"","overlay-type":"","overlay-color":"","overlay-gradient":""},"tablet":{"background-color":"","background-image":"","background-repeat":"repeat","background-position":"center center","background-size":"auto","background-attachment":"scroll","background-type":"","background-media":"","overlay-type":"","overlay-color":"","overlay-gradient":""},"mobile":{"background-color":"","background-image":"","background-repeat":"repeat","background-position":"center center","background-size":"auto","background-attachment":"scroll","background-type":"","background-media":"","overlay-type":"","overlay-color":"","overlay-gradient":""}},"ast-content-background-meta":{"desktop":{"background-color":"var(--ast-global-color-5)","background-image":"","background-repeat":"repeat","background-position":"center center","background-size":"auto","background-attachment":"scroll","background-type":"","background-media":"","overlay-type":"","overlay-color":"","overlay-gradient":""},"tablet":{"background-color":"var(--ast-global-color-5)","background-image":"","background-repeat":"repeat","background-position":"center center","background-size":"auto","background-attachment":"scroll","background-type":"","background-media":"","overlay-type":"","overlay-color":"","overlay-gradient":""},"mobile":{"background-color":"var(--ast-global-color-5)","background-image":"","background-repeat":"repeat","background-position":"center center","background-size":"auto","background-attachment":"scroll","background-type":"","background-media":"","overlay-type":"","overlay-color":"","overlay-gradient":""}},"footnotes":""},"folder":[94],"class_list":["post-5770","page","type-page","status-publish","hentry"],"acf":[],"yoast_head":"<!-- This site is optimized with the Yoast SEO Premium plugin v24.7 (Yoast SEO v24.7) - https:\/\/yoast.com\/wordpress\/plugins\/seo\/ -->\n<title>Devoluciones del IVA de Alemania | \u00bfC\u00f3mo recuperarlas? | IMPOL<\/title>\n<meta name=\"description\" content=\"\u00bfNecesita ayuda con la devoluci\u00f3n del IVA de Alemania? Nuestro personal le prestar\u00e1 asistencia especializada. Estaremos encantados de trabajar con usted.\" \/>\n<meta name=\"robots\" content=\"index, follow, max-snippet:-1, max-image-preview:large, max-video-preview:-1\" \/>\n<link rel=\"canonical\" href=\"https:\/\/impolsarl.com\/es\/devolucion-del-iva-en-alemania\/\" \/>\n<meta property=\"og:locale\" content=\"es_ES\" \/>\n<meta property=\"og:type\" content=\"article\" \/>\n<meta property=\"og:title\" content=\"Devoluci\u00f3n del IVA en Alemania\" \/>\n<meta property=\"og:description\" content=\"\u00bfNecesita ayuda con la devoluci\u00f3n del IVA de Alemania? Nuestro personal le prestar\u00e1 asistencia especializada. Estaremos encantados de trabajar con usted.\" \/>\n<meta property=\"og:url\" content=\"https:\/\/impolsarl.com\/es\/devolucion-del-iva-en-alemania\/\" \/>\n<meta property=\"og:site_name\" content=\"Impol - Reprezentant we Francji od ponad dekady! +48 502 50 70 74\" \/>\n<meta property=\"article:publisher\" content=\"https:\/\/www.facebook.com\/przedstawicieltransportuwefrancji\/\" \/>\n<meta property=\"article:modified_time\" content=\"2025-06-01T23:23:03+00:00\" \/>\n<meta name=\"twitter:card\" content=\"summary_large_image\" \/>\n<meta name=\"twitter:label1\" content=\"Tiempo de lectura\" \/>\n\t<meta name=\"twitter:data1\" content=\"3 minutos\" \/>\n<script type=\"application\/ld+json\" class=\"yoast-schema-graph\">{\"@context\":\"https:\/\/schema.org\",\"@graph\":[{\"@type\":\"WebPage\",\"@id\":\"https:\/\/impolsarl.com\/es\/devolucion-del-iva-en-alemania\/\",\"url\":\"https:\/\/impolsarl.com\/es\/devolucion-del-iva-en-alemania\/\",\"name\":\"Devoluciones del IVA de Alemania | \u00bfC\u00f3mo recuperarlas? | IMPOL\",\"isPartOf\":{\"@id\":\"https:\/\/impolsarl.com\/#website\"},\"datePublished\":\"2024-10-25T10:08:37+00:00\",\"dateModified\":\"2025-06-01T23:23:03+00:00\",\"description\":\"\u00bfNecesita ayuda con la devoluci\u00f3n del IVA de Alemania? Nuestro personal le prestar\u00e1 asistencia especializada. Estaremos encantados de trabajar con usted.\",\"breadcrumb\":{\"@id\":\"https:\/\/impolsarl.com\/es\/devolucion-del-iva-en-alemania\/#breadcrumb\"},\"inLanguage\":\"es\",\"potentialAction\":[{\"@type\":\"ReadAction\",\"target\":[\"https:\/\/impolsarl.com\/es\/devolucion-del-iva-en-alemania\/\"]}]},{\"@type\":\"BreadcrumbList\",\"@id\":\"https:\/\/impolsarl.com\/es\/devolucion-del-iva-en-alemania\/#breadcrumb\",\"itemListElement\":[{\"@type\":\"ListItem\",\"position\":1,\"name\":\"Strona g\u0142\u00f3wna\",\"item\":\"https:\/\/impolsarl.com\/es\/pagina-de-inicio\/\"},{\"@type\":\"ListItem\",\"position\":2,\"name\":\"Devoluci\u00f3n del IVA en Alemania\"}]},{\"@type\":\"WebSite\",\"@id\":\"https:\/\/impolsarl.com\/#website\",\"url\":\"https:\/\/impolsarl.com\/\",\"name\":\"Impol - Reprezentant we Francji od ponad dekady! +48 502 50 70 74\",\"description\":\"Impol SARL - Przedstawiciel transportu w Europie\",\"publisher\":{\"@id\":\"https:\/\/impolsarl.com\/#organization\"},\"potentialAction\":[{\"@type\":\"SearchAction\",\"target\":{\"@type\":\"EntryPoint\",\"urlTemplate\":\"https:\/\/impolsarl.com\/?s={search_term_string}\"},\"query-input\":{\"@type\":\"PropertyValueSpecification\",\"valueRequired\":true,\"valueName\":\"search_term_string\"}}],\"inLanguage\":\"es\"},{\"@type\":\"Organization\",\"@id\":\"https:\/\/impolsarl.com\/#organization\",\"name\":\"Impol - Przedstawiciel Transportu i Pracownikow Delegowanych Do Francji\",\"url\":\"https:\/\/impolsarl.com\/\",\"logo\":{\"@type\":\"ImageObject\",\"inLanguage\":\"es\",\"@id\":\"https:\/\/impolsarl.com\/#\/schema\/logo\/image\/\",\"url\":\"https:\/\/impolsarl.com\/wp-content\/uploads\/2018\/08\/logo-1.png\",\"contentUrl\":\"https:\/\/impolsarl.com\/wp-content\/uploads\/2018\/08\/logo-1.png\",\"width\":133,\"height\":126,\"caption\":\"Impol - Przedstawiciel Transportu i Pracownikow Delegowanych Do Francji\"},\"image\":{\"@id\":\"https:\/\/impolsarl.com\/#\/schema\/logo\/image\/\"},\"sameAs\":[\"https:\/\/www.facebook.com\/przedstawicieltransportuwefrancji\/\",\"https:\/\/www.youtube.com\/watch?v=2zjQ9NJBf04\"]}]}<\/script>\n<!-- \/ Yoast SEO Premium plugin. -->","yoast_head_json":{"title":"Devoluciones del IVA de Alemania | \u00bfC\u00f3mo recuperarlas? | IMPOL","description":"\u00bfNecesita ayuda con la devoluci\u00f3n del IVA de Alemania? Nuestro personal le prestar\u00e1 asistencia especializada. Estaremos encantados de trabajar con usted.","robots":{"index":"index","follow":"follow","max-snippet":"max-snippet:-1","max-image-preview":"max-image-preview:large","max-video-preview":"max-video-preview:-1"},"canonical":"https:\/\/impolsarl.com\/es\/devolucion-del-iva-en-alemania\/","og_locale":"es_ES","og_type":"article","og_title":"Devoluci\u00f3n del IVA en Alemania","og_description":"\u00bfNecesita ayuda con la devoluci\u00f3n del IVA de Alemania? Nuestro personal le prestar\u00e1 asistencia especializada. Estaremos encantados de trabajar con usted.","og_url":"https:\/\/impolsarl.com\/es\/devolucion-del-iva-en-alemania\/","og_site_name":"Impol - Reprezentant we Francji od ponad dekady! +48 502 50 70 74","article_publisher":"https:\/\/www.facebook.com\/przedstawicieltransportuwefrancji\/","article_modified_time":"2025-06-01T23:23:03+00:00","twitter_card":"summary_large_image","twitter_misc":{"Tiempo de lectura":"3 minutos"},"schema":{"@context":"https:\/\/schema.org","@graph":[{"@type":"WebPage","@id":"https:\/\/impolsarl.com\/es\/devolucion-del-iva-en-alemania\/","url":"https:\/\/impolsarl.com\/es\/devolucion-del-iva-en-alemania\/","name":"Devoluciones del IVA de Alemania | \u00bfC\u00f3mo recuperarlas? | IMPOL","isPartOf":{"@id":"https:\/\/impolsarl.com\/#website"},"datePublished":"2024-10-25T10:08:37+00:00","dateModified":"2025-06-01T23:23:03+00:00","description":"\u00bfNecesita ayuda con la devoluci\u00f3n del IVA de Alemania? Nuestro personal le prestar\u00e1 asistencia especializada. Estaremos encantados de trabajar con usted.","breadcrumb":{"@id":"https:\/\/impolsarl.com\/es\/devolucion-del-iva-en-alemania\/#breadcrumb"},"inLanguage":"es","potentialAction":[{"@type":"ReadAction","target":["https:\/\/impolsarl.com\/es\/devolucion-del-iva-en-alemania\/"]}]},{"@type":"BreadcrumbList","@id":"https:\/\/impolsarl.com\/es\/devolucion-del-iva-en-alemania\/#breadcrumb","itemListElement":[{"@type":"ListItem","position":1,"name":"Strona g\u0142\u00f3wna","item":"https:\/\/impolsarl.com\/es\/pagina-de-inicio\/"},{"@type":"ListItem","position":2,"name":"Devoluci\u00f3n del IVA en Alemania"}]},{"@type":"WebSite","@id":"https:\/\/impolsarl.com\/#website","url":"https:\/\/impolsarl.com\/","name":"Impol - Reprezentant we Francji od ponad dekady! +48 502 50 70 74","description":"Impol SARL - Przedstawiciel transportu w Europie","publisher":{"@id":"https:\/\/impolsarl.com\/#organization"},"potentialAction":[{"@type":"SearchAction","target":{"@type":"EntryPoint","urlTemplate":"https:\/\/impolsarl.com\/?s={search_term_string}"},"query-input":{"@type":"PropertyValueSpecification","valueRequired":true,"valueName":"search_term_string"}}],"inLanguage":"es"},{"@type":"Organization","@id":"https:\/\/impolsarl.com\/#organization","name":"Impol - Przedstawiciel Transportu i Pracownikow Delegowanych Do Francji","url":"https:\/\/impolsarl.com\/","logo":{"@type":"ImageObject","inLanguage":"es","@id":"https:\/\/impolsarl.com\/#\/schema\/logo\/image\/","url":"https:\/\/impolsarl.com\/wp-content\/uploads\/2018\/08\/logo-1.png","contentUrl":"https:\/\/impolsarl.com\/wp-content\/uploads\/2018\/08\/logo-1.png","width":133,"height":126,"caption":"Impol - Przedstawiciel Transportu i Pracownikow Delegowanych Do Francji"},"image":{"@id":"https:\/\/impolsarl.com\/#\/schema\/logo\/image\/"},"sameAs":["https:\/\/www.facebook.com\/przedstawicieltransportuwefrancji\/","https:\/\/www.youtube.com\/watch?v=2zjQ9NJBf04"]}]}},"_links":{"self":[{"href":"https:\/\/impolsarl.com\/es\/wp-json\/wp\/v2\/pages\/5770","targetHints":{"allow":["GET"]}}],"collection":[{"href":"https:\/\/impolsarl.com\/es\/wp-json\/wp\/v2\/pages"}],"about":[{"href":"https:\/\/impolsarl.com\/es\/wp-json\/wp\/v2\/types\/page"}],"author":[{"embeddable":true,"href":"https:\/\/impolsarl.com\/es\/wp-json\/wp\/v2\/users\/5"}],"replies":[{"embeddable":true,"href":"https:\/\/impolsarl.com\/es\/wp-json\/wp\/v2\/comments?post=5770"}],"version-history":[{"count":1,"href":"https:\/\/impolsarl.com\/es\/wp-json\/wp\/v2\/pages\/5770\/revisions"}],"predecessor-version":[{"id":5771,"href":"https:\/\/impolsarl.com\/es\/wp-json\/wp\/v2\/pages\/5770\/revisions\/5771"}],"wp:attachment":[{"href":"https:\/\/impolsarl.com\/es\/wp-json\/wp\/v2\/media?parent=5770"}],"wp:term":[{"taxonomy":"folder","embeddable":true,"href":"https:\/\/impolsarl.com\/es\/wp-json\/wp\/v2\/folder?post=5770"}],"curies":[{"name":"wp","href":"https:\/\/api.w.org\/{rel}","templated":true}]}}