{"id":5592,"date":"2022-02-23T17:45:18","date_gmt":"2022-02-23T16:45:18","guid":{"rendered":"https:\/\/impolsarl.com\/contabilidad-francesa\/"},"modified":"2025-05-15T23:43:31","modified_gmt":"2025-05-15T21:43:31","slug":"contabilidad-francesa","status":"publish","type":"page","link":"https:\/\/impolsarl.com\/es\/contabilidad-francesa\/","title":{"rendered":"Contabilidad francesa"},"content":{"rendered":"\t\t<div data-elementor-type=\"wp-page\" data-elementor-id=\"5592\" class=\"elementor elementor-5592 elementor-2955\" data-elementor-post-type=\"page\">\n\t\t\t\t\t\t<section class=\"elementor-section elementor-top-section elementor-element elementor-element-9c7020a elementor-section-boxed elementor-section-height-default elementor-section-height-default\" data-id=\"9c7020a\" data-element_type=\"section\">\n\t\t\t\t\t\t<div class=\"elementor-container elementor-column-gap-default\">\n\t\t\t\t\t<div class=\"elementor-column elementor-col-100 elementor-top-column elementor-element elementor-element-12ab380\" data-id=\"12ab380\" data-element_type=\"column\">\n\t\t\t<div class=\"elementor-widget-wrap elementor-element-populated\">\n\t\t\t\t\t\t<div class=\"elementor-element elementor-element-d53aea7 elementor-widget elementor-widget-image\" data-id=\"d53aea7\" data-element_type=\"widget\" data-widget_type=\"image.default\">\n\t\t\t\t<div class=\"elementor-widget-container\">\n\t\t\t\t\t\t\t\t\t\t\t\t\t\t\t<img fetchpriority=\"high\" decoding=\"async\" width=\"1024\" height=\"680\" src=\"https:\/\/impolsarl.com\/wp-content\/uploads\/2023\/09\/ksiegowosc-1024x680.jpg\" class=\"attachment-large size-large wp-image-3602\" alt=\"ksi\u0119gowo\u015b\u0107\" srcset=\"https:\/\/impolsarl.com\/wp-content\/uploads\/2023\/09\/ksiegowosc-1024x680.jpg 1024w, https:\/\/impolsarl.com\/wp-content\/uploads\/2023\/09\/ksiegowosc-300x199.jpg 300w, https:\/\/impolsarl.com\/wp-content\/uploads\/2023\/09\/ksiegowosc-768x510.jpg 768w, https:\/\/impolsarl.com\/wp-content\/uploads\/2023\/09\/ksiegowosc-1536x1020.jpg 1536w, https:\/\/impolsarl.com\/wp-content\/uploads\/2023\/09\/ksiegowosc.jpg 1920w\" sizes=\"(max-width: 1024px) 100vw, 1024px\" \/>\t\t\t\t\t\t\t\t\t\t\t\t\t\t\t<\/div>\n\t\t\t\t<\/div>\n\t\t\t\t<div class=\"elementor-element elementor-element-be7102b elementor-widget elementor-widget-text-editor\" data-id=\"be7102b\" data-element_type=\"widget\" data-widget_type=\"text-editor.default\">\n\t\t\t\t<div class=\"elementor-widget-container\">\n\t\t\t\t\t\t\t\t\t<p><span style=\"font-weight: 400;\">Como representante directo de empresas con sede en Francia, tambi\u00e9n estamos especializados en el \u00e1mbito de la contabilidad extranjera. Le invitamos a beneficiarse de nuestros servicios profesionales de contabilidad. IMPOL ofrece una amplia gama de servicios de consultor\u00eda que permitir\u00e1n a su empresa gestionar eficazmente sus finanzas de conformidad con la normativa polaco-francesa vigente.  <\/span><\/p>\t\t\t\t\t\t\t\t<\/div>\n\t\t\t\t<\/div>\n\t\t\t\t<div class=\"elementor-element elementor-element-3d68e4d elementor-invisible elementor-widget elementor-widget-heading\" data-id=\"3d68e4d\" data-element_type=\"widget\" data-settings=\"{&quot;_animation&quot;:&quot;fadeIn&quot;}\" data-widget_type=\"heading.default\">\n\t\t\t\t<div class=\"elementor-widget-container\">\n\t\t\t\t\t<h2 class=\"elementor-heading-title elementor-size-default\">\u00bfQu\u00e9 ventajas aporta la Ley Macron a las empresas industriales francesas? <\/h2>\t\t\t\t<\/div>\n\t\t\t\t<\/div>\n\t\t\t\t\t<\/div>\n\t\t<\/div>\n\t\t\t\t\t<\/div>\n\t\t<\/section>\n\t\t\t\t<section class=\"elementor-section elementor-top-section elementor-element elementor-element-2e41107 elementor-section-boxed elementor-section-height-default elementor-section-height-default\" data-id=\"2e41107\" data-element_type=\"section\">\n\t\t\t\t\t\t<div class=\"elementor-container elementor-column-gap-default\">\n\t\t\t\t\t<div class=\"elementor-column elementor-col-100 elementor-top-column elementor-element elementor-element-600c7bb\" data-id=\"600c7bb\" data-element_type=\"column\">\n\t\t\t<div class=\"elementor-widget-wrap elementor-element-populated\">\n\t\t\t\t\t\t<div class=\"elementor-element elementor-element-6a24e3f elementor-widget elementor-widget-text-editor\" data-id=\"6a24e3f\" data-element_type=\"widget\" data-widget_type=\"text-editor.default\">\n\t\t\t\t<div class=\"elementor-widget-container\">\n\t\t\t\t\t\t\t\t\t<p><span style=\"font-weight: 400;\">Nuestro experimentado personal le proporcionar\u00e1 servicios completos de contabilidad diaria, ocup\u00e1ndose de la correcci\u00f3n formal y legal de todos los documentos contables. Gracias a nuestra verificaci\u00f3n, se evitar\u00e1 la indeseada doble imposici\u00f3n entre Polonia y Francia. <\/span><\/p><p><span style=\"font-weight: 400;\">Garantizamos apoyo experto en una serie de procesos: desde la creaci\u00f3n de una empresa en Francia y el registro fiscal de la empresa, hasta la contabilidad completa, pasando por la contabilidad de los viajes de negocios al extranjero y la preparaci\u00f3n de contratos biling\u00fces.<\/span><\/p><p><span style=\"font-weight: 400;\">Trabajar con los expertos de IMPOL significa<\/span><span style=\"font-weight: 400;\"> precisi\u00f3n<\/span><span style=\"font-weight: 400;\"> liquidaci\u00f3n de transacciones entre empresas relacionadas en Polonia y Francia con estricto respeto de la confidencialidad. No tendr\u00e1 que preocuparse por los entresijos de la contabilidad de una empresa en Francia ni por las complicadas cuestiones fiscales polaco-francesas. Nuestros expertos no s\u00f3lo le proporcionar\u00e1n conocimientos sustantivos y pr\u00e1cticos en todas las cuestiones fiscales relacionadas con ambos pa\u00edses, sino que tambi\u00e9n le prestar\u00e1n apoyo en caso de posibles auditor\u00edas en Francia. Tambi\u00e9n le ayudaremos eficazmente en la preparaci\u00f3n de estados e informes financieros, permiti\u00e9ndole analizar y evaluar exhaustivamente la situaci\u00f3n financiera de su empresa.   <\/span><\/p>\t\t\t\t\t\t\t\t<\/div>\n\t\t\t\t<\/div>\n\t\t\t\t<div class=\"elementor-element elementor-element-935ba7f elementor-invisible elementor-widget elementor-widget-heading\" data-id=\"935ba7f\" data-element_type=\"widget\" data-settings=\"{&quot;_animation&quot;:&quot;fadeIn&quot;}\" data-widget_type=\"heading.default\">\n\t\t\t\t<div class=\"elementor-widget-container\">\n\t\t\t\t\t<h2 class=\"elementor-heading-title elementor-size-default\">Servicios de contabilidad en el extranjero adaptados a las necesidades de su empresa<\/h2>\t\t\t\t<\/div>\n\t\t\t\t<\/div>\n\t\t\t\t<div class=\"elementor-element elementor-element-bf9f7c7 elementor-widget elementor-widget-text-editor\" data-id=\"bf9f7c7\" data-element_type=\"widget\" data-widget_type=\"text-editor.default\">\n\t\t\t\t<div class=\"elementor-widget-container\">\n\t\t\t\t\t\t\t\t\t<p><span style=\"font-weight: 400;\">Nuestra amplia experiencia en la prestaci\u00f3n de un servicio integral a una gran variedad de industrias, incluidos sectores tan vitales para la econom\u00eda mundial como la construcci\u00f3n y el transporte, nos permite ofrecer un servicio estrechamente adaptado a sus necesidades individuales. Gracias a nuestra alta cualificaci\u00f3n profesional en el \u00e1mbito de la contabilidad extranjera, especialmente en el contexto de la contabilidad en Francia, proporcionamos a nuestros clientes el m\u00e1s alto nivel de apoyo. <\/span><\/p>\t\t\t\t\t\t\t\t<\/div>\n\t\t\t\t<\/div>\n\t\t\t\t<div class=\"elementor-element elementor-element-afa25f0 elementor-invisible elementor-widget elementor-widget-heading\" data-id=\"afa25f0\" data-element_type=\"widget\" data-settings=\"{&quot;_animation&quot;:&quot;fadeIn&quot;}\" data-widget_type=\"heading.default\">\n\t\t\t\t<div class=\"elementor-widget-container\">\n\t\t\t\t\t<h2 class=\"elementor-heading-title elementor-size-default\">Entre otras cosas, nos complace poder ofrecerle:<\/h2>\t\t\t\t<\/div>\n\t\t\t\t<\/div>\n\t\t\t\t<div class=\"elementor-element elementor-element-0219e1b elementor-widget elementor-widget-text-editor\" data-id=\"0219e1b\" data-element_type=\"widget\" data-widget_type=\"text-editor.default\">\n\t\t\t\t<div class=\"elementor-widget-container\">\n\t\t\t\t\t\t\t\t\t<ul><li>asistencia en el registro del IVA<\/li><li>contabilidad en funci\u00f3n del n\u00famero de facturas<\/li><li>mantenimiento de los registros de empleados<\/li><li>lista de asalariados \/ salarios (Fiche de paie)<\/li><li>declaraciones sociales (URSSAF, fondos de pensiones, etc.).<\/li><li>desplazamiento de una delegaci\u00f3n internacional<\/li><li>elaboraci\u00f3n del balance anual<\/li><li>consultas contables<\/li><li>apoyo jur\u00eddico<\/li><li>preparaci\u00f3n para una inspecci\u00f3n anunciada <\/li><li>apoyo a las inspecciones de la URSSAF<\/li><li>inscripci\u00f3n en el CNFE<\/li><li>Inscripci\u00f3n en el PROBTP<\/li><\/ul><p>Conf\u00ede en nuestro experimentado equipo, compuesto por especialistas de alto nivel. Al elegir IMPOL, puede estar seguro de que su contabilidad en Francia se llevar\u00e1 a cabo de conformidad con la legislaci\u00f3n vigente, de forma fiable y al mismo tiempo eficaz, lo que le permitir\u00e1 concentrarse en el desarrollo de su negocio. <\/p><p>Le invitamos a que se ponga en contacto con nosotros y se una al gran n\u00famero de clientes satisfechos de IMPOL que utilizan nuestros servicios de contabilidad en el extranjero.<\/p>\t\t\t\t\t\t\t\t<\/div>\n\t\t\t\t<\/div>\n\t\t\t\t\t<\/div>\n\t\t<\/div>\n\t\t\t\t\t<\/div>\n\t\t<\/section>\n\t\t\t\t<\/div>\n\t\t","protected":false},"excerpt":{"rendered":"<p>Como representante directo de empresas con sede en Francia, tambi\u00e9n estamos especializados en el \u00e1mbito de la contabilidad extranjera. Le invitamos a beneficiarse de nuestros servicios profesionales de contabilidad. IMPOL ofrece una amplia gama de servicios de consultor\u00eda que permitir\u00e1n a su empresa gestionar eficazmente sus finanzas de conformidad con la normativa polaco-francesa vigente. \u00bfQu\u00e9 &hellip;<\/p>\n<p class=\"read-more\"> <a class=\"\" href=\"https:\/\/impolsarl.com\/es\/contabilidad-francesa\/\"> <span class=\"screen-reader-text\">Contabilidad francesa<\/span> Leer m\u00e1s \u00bb<\/a><\/p>\n","protected":false},"author":5,"featured_media":0,"parent":0,"menu_order":29,"comment_status":"closed","ping_status":"closed","template":"","meta":{"_acf_changed":false,"site-sidebar-layout":"default","site-content-layout":"","ast-site-content-layout":"","site-content-style":"default","site-sidebar-style":"default","ast-global-header-display":"","ast-banner-title-visibility":"","ast-main-header-display":"","ast-hfb-above-header-display":"","ast-hfb-below-header-display":"","ast-hfb-mobile-header-display":"","site-post-title":"","ast-breadcrumbs-content":"","ast-featured-img":"","footer-sml-layout":"","theme-transparent-header-meta":"","adv-header-id-meta":"","stick-header-meta":"","header-above-stick-meta":"","header-main-stick-meta":"","header-below-stick-meta":"","astra-migrate-meta-layouts":"default","ast-page-background-enabled":"default","ast-page-background-meta":{"desktop":{"background-color":"var(--ast-global-color-4)","background-image":"","background-repeat":"repeat","background-position":"center center","background-size":"auto","background-attachment":"scroll","background-type":"","background-media":"","overlay-type":"","overlay-color":"","overlay-gradient":""},"tablet":{"background-color":"","background-image":"","background-repeat":"repeat","background-position":"center center","background-size":"auto","background-attachment":"scroll","background-type":"","background-media":"","overlay-type":"","overlay-color":"","overlay-gradient":""},"mobile":{"background-color":"","background-image":"","background-repeat":"repeat","background-position":"center center","background-size":"auto","background-attachment":"scroll","background-type":"","background-media":"","overlay-type":"","overlay-color":"","overlay-gradient":""}},"ast-content-background-meta":{"desktop":{"background-color":"var(--ast-global-color-5)","background-image":"","background-repeat":"repeat","background-position":"center center","background-size":"auto","background-attachment":"scroll","background-type":"","background-media":"","overlay-type":"","overlay-color":"","overlay-gradient":""},"tablet":{"background-color":"var(--ast-global-color-5)","background-image":"","background-repeat":"repeat","background-position":"center center","background-size":"auto","background-attachment":"scroll","background-type":"","background-media":"","overlay-type":"","overlay-color":"","overlay-gradient":""},"mobile":{"background-color":"var(--ast-global-color-5)","background-image":"","background-repeat":"repeat","background-position":"center center","background-size":"auto","background-attachment":"scroll","background-type":"","background-media":"","overlay-type":"","overlay-color":"","overlay-gradient":""}},"footnotes":""},"folder":[91],"class_list":["post-5592","page","type-page","status-publish","hentry"],"acf":[],"yoast_head":"<!-- This site is optimized with the Yoast SEO Premium plugin v24.7 (Yoast SEO v24.7) - https:\/\/yoast.com\/wordpress\/plugins\/seo\/ -->\n<title>Contabilidad Francia | Contabilidad para una misi\u00f3n en el extranjero | IMPOL<\/title>\n<meta name=\"description\" content=\"La contabilidad exterior gestionada por IMPOL ser\u00e1 fiable y eficiente, permiti\u00e9ndole concentrarse en el desarrollo de su negocio. P\u00f3ngase en contacto con nosotros\" \/>\n<meta name=\"robots\" content=\"index, follow, max-snippet:-1, max-image-preview:large, max-video-preview:-1\" \/>\n<link rel=\"canonical\" href=\"https:\/\/impolsarl.com\/es\/contabilidad-francesa\/\" \/>\n<meta property=\"og:locale\" content=\"es_ES\" \/>\n<meta property=\"og:type\" content=\"article\" \/>\n<meta property=\"og:title\" content=\"Contabilidad francesa\" \/>\n<meta property=\"og:description\" content=\"La contabilidad exterior gestionada por IMPOL ser\u00e1 fiable y eficiente, permiti\u00e9ndole concentrarse en el desarrollo de su negocio. P\u00f3ngase en contacto con nosotros\" \/>\n<meta property=\"og:url\" content=\"https:\/\/impolsarl.com\/es\/contabilidad-francesa\/\" \/>\n<meta property=\"og:site_name\" content=\"Impol - Reprezentant we Francji od ponad dekady! +48 502 50 70 74\" \/>\n<meta property=\"article:publisher\" content=\"https:\/\/www.facebook.com\/przedstawicieltransportuwefrancji\/\" \/>\n<meta property=\"article:modified_time\" content=\"2025-05-15T21:43:31+00:00\" \/>\n<meta property=\"og:image\" content=\"https:\/\/impolsarl.com\/wp-content\/uploads\/2023\/09\/ksiegowosc.jpg\" \/>\n\t<meta property=\"og:image:width\" content=\"1920\" \/>\n\t<meta property=\"og:image:height\" content=\"1275\" \/>\n\t<meta property=\"og:image:type\" content=\"image\/jpeg\" \/>\n<meta name=\"twitter:card\" content=\"summary_large_image\" \/>\n<meta name=\"twitter:label1\" content=\"Tiempo de lectura\" \/>\n\t<meta name=\"twitter:data1\" content=\"3 minutos\" \/>\n<script type=\"application\/ld+json\" class=\"yoast-schema-graph\">{\"@context\":\"https:\/\/schema.org\",\"@graph\":[{\"@type\":\"WebPage\",\"@id\":\"https:\/\/impolsarl.com\/es\/contabilidad-francesa\/\",\"url\":\"https:\/\/impolsarl.com\/es\/contabilidad-francesa\/\",\"name\":\"Contabilidad Francia | Contabilidad para una misi\u00f3n en el extranjero | IMPOL\",\"isPartOf\":{\"@id\":\"https:\/\/impolsarl.com\/#website\"},\"primaryImageOfPage\":{\"@id\":\"https:\/\/impolsarl.com\/es\/contabilidad-francesa\/#primaryimage\"},\"image\":{\"@id\":\"https:\/\/impolsarl.com\/es\/contabilidad-francesa\/#primaryimage\"},\"thumbnailUrl\":\"https:\/\/impolsarl.com\/wp-content\/uploads\/2023\/09\/ksiegowosc-1024x680.jpg\",\"datePublished\":\"2022-02-23T16:45:18+00:00\",\"dateModified\":\"2025-05-15T21:43:31+00:00\",\"description\":\"La contabilidad exterior gestionada por IMPOL ser\u00e1 fiable y eficiente, permiti\u00e9ndole concentrarse en el desarrollo de su negocio. P\u00f3ngase en contacto con nosotros\",\"breadcrumb\":{\"@id\":\"https:\/\/impolsarl.com\/es\/contabilidad-francesa\/#breadcrumb\"},\"inLanguage\":\"es\",\"potentialAction\":[{\"@type\":\"ReadAction\",\"target\":[\"https:\/\/impolsarl.com\/es\/contabilidad-francesa\/\"]}]},{\"@type\":\"ImageObject\",\"inLanguage\":\"es\",\"@id\":\"https:\/\/impolsarl.com\/es\/contabilidad-francesa\/#primaryimage\",\"url\":\"https:\/\/impolsarl.com\/wp-content\/uploads\/2023\/09\/ksiegowosc-1024x680.jpg\",\"contentUrl\":\"https:\/\/impolsarl.com\/wp-content\/uploads\/2023\/09\/ksiegowosc-1024x680.jpg\"},{\"@type\":\"BreadcrumbList\",\"@id\":\"https:\/\/impolsarl.com\/es\/contabilidad-francesa\/#breadcrumb\",\"itemListElement\":[{\"@type\":\"ListItem\",\"position\":1,\"name\":\"Strona g\u0142\u00f3wna\",\"item\":\"https:\/\/impolsarl.com\/es\/pagina-de-inicio\/\"},{\"@type\":\"ListItem\",\"position\":2,\"name\":\"Contabilidad francesa\"}]},{\"@type\":\"WebSite\",\"@id\":\"https:\/\/impolsarl.com\/#website\",\"url\":\"https:\/\/impolsarl.com\/\",\"name\":\"Impol - Reprezentant we Francji od ponad dekady! +48 502 50 70 74\",\"description\":\"Impol SARL - Przedstawiciel transportu w Europie\",\"publisher\":{\"@id\":\"https:\/\/impolsarl.com\/#organization\"},\"potentialAction\":[{\"@type\":\"SearchAction\",\"target\":{\"@type\":\"EntryPoint\",\"urlTemplate\":\"https:\/\/impolsarl.com\/?s={search_term_string}\"},\"query-input\":{\"@type\":\"PropertyValueSpecification\",\"valueRequired\":true,\"valueName\":\"search_term_string\"}}],\"inLanguage\":\"es\"},{\"@type\":\"Organization\",\"@id\":\"https:\/\/impolsarl.com\/#organization\",\"name\":\"Impol - Przedstawiciel Transportu i Pracownikow Delegowanych Do Francji\",\"url\":\"https:\/\/impolsarl.com\/\",\"logo\":{\"@type\":\"ImageObject\",\"inLanguage\":\"es\",\"@id\":\"https:\/\/impolsarl.com\/#\/schema\/logo\/image\/\",\"url\":\"https:\/\/impolsarl.com\/wp-content\/uploads\/2018\/08\/logo-1.png\",\"contentUrl\":\"https:\/\/impolsarl.com\/wp-content\/uploads\/2018\/08\/logo-1.png\",\"width\":133,\"height\":126,\"caption\":\"Impol - Przedstawiciel Transportu i Pracownikow Delegowanych Do Francji\"},\"image\":{\"@id\":\"https:\/\/impolsarl.com\/#\/schema\/logo\/image\/\"},\"sameAs\":[\"https:\/\/www.facebook.com\/przedstawicieltransportuwefrancji\/\",\"https:\/\/www.youtube.com\/watch?v=2zjQ9NJBf04\"]}]}<\/script>\n<!-- \/ Yoast SEO Premium plugin. -->","yoast_head_json":{"title":"Contabilidad Francia | Contabilidad para una misi\u00f3n en el extranjero | IMPOL","description":"La contabilidad exterior gestionada por IMPOL ser\u00e1 fiable y eficiente, permiti\u00e9ndole concentrarse en el desarrollo de su negocio. P\u00f3ngase en contacto con nosotros","robots":{"index":"index","follow":"follow","max-snippet":"max-snippet:-1","max-image-preview":"max-image-preview:large","max-video-preview":"max-video-preview:-1"},"canonical":"https:\/\/impolsarl.com\/es\/contabilidad-francesa\/","og_locale":"es_ES","og_type":"article","og_title":"Contabilidad francesa","og_description":"La contabilidad exterior gestionada por IMPOL ser\u00e1 fiable y eficiente, permiti\u00e9ndole concentrarse en el desarrollo de su negocio. P\u00f3ngase en contacto con nosotros","og_url":"https:\/\/impolsarl.com\/es\/contabilidad-francesa\/","og_site_name":"Impol - Reprezentant we Francji od ponad dekady! +48 502 50 70 74","article_publisher":"https:\/\/www.facebook.com\/przedstawicieltransportuwefrancji\/","article_modified_time":"2025-05-15T21:43:31+00:00","og_image":[{"width":1920,"height":1275,"url":"https:\/\/impolsarl.com\/wp-content\/uploads\/2023\/09\/ksiegowosc.jpg","type":"image\/jpeg"}],"twitter_card":"summary_large_image","twitter_misc":{"Tiempo de lectura":"3 minutos"},"schema":{"@context":"https:\/\/schema.org","@graph":[{"@type":"WebPage","@id":"https:\/\/impolsarl.com\/es\/contabilidad-francesa\/","url":"https:\/\/impolsarl.com\/es\/contabilidad-francesa\/","name":"Contabilidad Francia | Contabilidad para una misi\u00f3n en el extranjero | IMPOL","isPartOf":{"@id":"https:\/\/impolsarl.com\/#website"},"primaryImageOfPage":{"@id":"https:\/\/impolsarl.com\/es\/contabilidad-francesa\/#primaryimage"},"image":{"@id":"https:\/\/impolsarl.com\/es\/contabilidad-francesa\/#primaryimage"},"thumbnailUrl":"https:\/\/impolsarl.com\/wp-content\/uploads\/2023\/09\/ksiegowosc-1024x680.jpg","datePublished":"2022-02-23T16:45:18+00:00","dateModified":"2025-05-15T21:43:31+00:00","description":"La contabilidad exterior gestionada por IMPOL ser\u00e1 fiable y eficiente, permiti\u00e9ndole concentrarse en el desarrollo de su negocio. P\u00f3ngase en contacto con nosotros","breadcrumb":{"@id":"https:\/\/impolsarl.com\/es\/contabilidad-francesa\/#breadcrumb"},"inLanguage":"es","potentialAction":[{"@type":"ReadAction","target":["https:\/\/impolsarl.com\/es\/contabilidad-francesa\/"]}]},{"@type":"ImageObject","inLanguage":"es","@id":"https:\/\/impolsarl.com\/es\/contabilidad-francesa\/#primaryimage","url":"https:\/\/impolsarl.com\/wp-content\/uploads\/2023\/09\/ksiegowosc-1024x680.jpg","contentUrl":"https:\/\/impolsarl.com\/wp-content\/uploads\/2023\/09\/ksiegowosc-1024x680.jpg"},{"@type":"BreadcrumbList","@id":"https:\/\/impolsarl.com\/es\/contabilidad-francesa\/#breadcrumb","itemListElement":[{"@type":"ListItem","position":1,"name":"Strona g\u0142\u00f3wna","item":"https:\/\/impolsarl.com\/es\/pagina-de-inicio\/"},{"@type":"ListItem","position":2,"name":"Contabilidad francesa"}]},{"@type":"WebSite","@id":"https:\/\/impolsarl.com\/#website","url":"https:\/\/impolsarl.com\/","name":"Impol - Reprezentant we Francji od ponad dekady! +48 502 50 70 74","description":"Impol SARL - Przedstawiciel transportu w Europie","publisher":{"@id":"https:\/\/impolsarl.com\/#organization"},"potentialAction":[{"@type":"SearchAction","target":{"@type":"EntryPoint","urlTemplate":"https:\/\/impolsarl.com\/?s={search_term_string}"},"query-input":{"@type":"PropertyValueSpecification","valueRequired":true,"valueName":"search_term_string"}}],"inLanguage":"es"},{"@type":"Organization","@id":"https:\/\/impolsarl.com\/#organization","name":"Impol - Przedstawiciel Transportu i Pracownikow Delegowanych Do Francji","url":"https:\/\/impolsarl.com\/","logo":{"@type":"ImageObject","inLanguage":"es","@id":"https:\/\/impolsarl.com\/#\/schema\/logo\/image\/","url":"https:\/\/impolsarl.com\/wp-content\/uploads\/2018\/08\/logo-1.png","contentUrl":"https:\/\/impolsarl.com\/wp-content\/uploads\/2018\/08\/logo-1.png","width":133,"height":126,"caption":"Impol - Przedstawiciel Transportu i Pracownikow Delegowanych Do Francji"},"image":{"@id":"https:\/\/impolsarl.com\/#\/schema\/logo\/image\/"},"sameAs":["https:\/\/www.facebook.com\/przedstawicieltransportuwefrancji\/","https:\/\/www.youtube.com\/watch?v=2zjQ9NJBf04"]}]}},"_links":{"self":[{"href":"https:\/\/impolsarl.com\/es\/wp-json\/wp\/v2\/pages\/5592","targetHints":{"allow":["GET"]}}],"collection":[{"href":"https:\/\/impolsarl.com\/es\/wp-json\/wp\/v2\/pages"}],"about":[{"href":"https:\/\/impolsarl.com\/es\/wp-json\/wp\/v2\/types\/page"}],"author":[{"embeddable":true,"href":"https:\/\/impolsarl.com\/es\/wp-json\/wp\/v2\/users\/5"}],"replies":[{"embeddable":true,"href":"https:\/\/impolsarl.com\/es\/wp-json\/wp\/v2\/comments?post=5592"}],"version-history":[{"count":1,"href":"https:\/\/impolsarl.com\/es\/wp-json\/wp\/v2\/pages\/5592\/revisions"}],"predecessor-version":[{"id":5593,"href":"https:\/\/impolsarl.com\/es\/wp-json\/wp\/v2\/pages\/5592\/revisions\/5593"}],"wp:attachment":[{"href":"https:\/\/impolsarl.com\/es\/wp-json\/wp\/v2\/media?parent=5592"}],"wp:term":[{"taxonomy":"folder","embeddable":true,"href":"https:\/\/impolsarl.com\/es\/wp-json\/wp\/v2\/folder?post=5592"}],"curies":[{"name":"wp","href":"https:\/\/api.w.org\/{rel}","templated":true}]}}