{"id":5481,"date":"2023-10-19T14:03:36","date_gmt":"2023-10-19T12:03:36","guid":{"rendered":"https:\/\/impolsarl.com\/con-destino-al-reino-unido\/"},"modified":"2025-04-22T19:55:36","modified_gmt":"2025-04-22T17:55:36","slug":"con-destino-al-reino-unido","status":"publish","type":"page","link":"https:\/\/impolsarl.com\/es\/con-destino-al-reino-unido\/","title":{"rendered":"Con destino al Reino Unido"},"content":{"rendered":"\t\t<div data-elementor-type=\"wp-page\" data-elementor-id=\"5481\" class=\"elementor elementor-5481 elementor-3766\" data-elementor-post-type=\"page\">\n\t\t\t\t\t\t<section class=\"elementor-section elementor-top-section elementor-element elementor-element-0e8f911 elementor-section-boxed elementor-section-height-default elementor-section-height-default\" data-id=\"0e8f911\" data-element_type=\"section\">\n\t\t\t\t\t\t<div class=\"elementor-container elementor-column-gap-no\">\n\t\t\t\t\t<div class=\"elementor-column elementor-col-100 elementor-top-column elementor-element elementor-element-0e0a96d\" data-id=\"0e0a96d\" data-element_type=\"column\">\n\t\t\t<div class=\"elementor-widget-wrap elementor-element-populated\">\n\t\t\t\t\t\t<section class=\"elementor-section elementor-inner-section elementor-element elementor-element-f86077b elementor-section-height-min-height elementor-section-content-middle elementor-section-boxed elementor-section-height-default\" data-id=\"f86077b\" data-element_type=\"section\" data-settings=\"{&quot;background_background&quot;:&quot;classic&quot;}\">\n\t\t\t\t\t\t\t<div class=\"elementor-background-overlay\"><\/div>\n\t\t\t\t\t\t\t<div class=\"elementor-container elementor-column-gap-no\">\n\t\t\t\t\t<div class=\"elementor-column elementor-col-100 elementor-inner-column elementor-element elementor-element-e52af5d\" data-id=\"e52af5d\" data-element_type=\"column\">\n\t\t\t<div class=\"elementor-widget-wrap elementor-element-populated\">\n\t\t\t\t\t\t<div class=\"elementor-element elementor-element-8066847 elementor-widget elementor-widget-image\" data-id=\"8066847\" data-element_type=\"widget\" data-widget_type=\"image.default\">\n\t\t\t\t<div class=\"elementor-widget-container\">\n\t\t\t\t\t\t\t\t\t\t\t\t\t\t\t<img decoding=\"async\" width=\"240\" height=\"120\" src=\"https:\/\/impolsarl.com\/wp-content\/uploads\/2023\/11\/Flag.png\" class=\"attachment-large size-large wp-image-3920\" alt=\"Wielkiej Brytania\" \/>\t\t\t\t\t\t\t\t\t\t\t\t\t\t\t<\/div>\n\t\t\t\t<\/div>\n\t\t\t\t<div class=\"elementor-element elementor-element-f2f7742 elementor-widget elementor-widget-heading\" data-id=\"f2f7742\" data-element_type=\"widget\" data-widget_type=\"heading.default\">\n\t\t\t\t<div class=\"elementor-widget-container\">\n\t\t\t\t\t<h1 class=\"elementor-heading-title elementor-size-default\">Desplazamiento de trabajadores al Reino Unido - empresas de servicios<\/h1>\t\t\t\t<\/div>\n\t\t\t\t<\/div>\n\t\t\t\t\t<\/div>\n\t\t<\/div>\n\t\t\t\t\t<\/div>\n\t\t<\/section>\n\t\t\t\t\t<\/div>\n\t\t<\/div>\n\t\t\t\t\t<\/div>\n\t\t<\/section>\n\t\t\t\t<section class=\"elementor-section elementor-top-section elementor-element elementor-element-72ce3c6 elementor-section-boxed elementor-section-height-default elementor-section-height-default\" data-id=\"72ce3c6\" data-element_type=\"section\" data-settings=\"{&quot;background_background&quot;:&quot;classic&quot;}\">\n\t\t\t\t\t\t<div class=\"elementor-container elementor-column-gap-no\">\n\t\t\t\t\t<div class=\"elementor-column elementor-col-100 elementor-top-column elementor-element elementor-element-c6622eb\" data-id=\"c6622eb\" data-element_type=\"column\">\n\t\t\t<div class=\"elementor-widget-wrap elementor-element-populated\">\n\t\t\t\t\t\t<div class=\"elementor-element elementor-element-3d62391 elementor-widget elementor-widget-text-editor\" data-id=\"3d62391\" data-element_type=\"widget\" data-widget_type=\"text-editor.default\">\n\t\t\t\t<div class=\"elementor-widget-container\">\n\t\t\t\t\t\t\t\t\t<p>El Reino Unido es uno de los centros de negocios m\u00e1s importantes del mundo y ofrece numerosas oportunidades a empresas de diversos sectores. Desplazar empleados al Reino Unido requiere una s\u00f3lida preparaci\u00f3n y conocer la normativa brit\u00e1nica. Los procedimientos que se aplicaban a los ciudadanos de la UE hace tan solo unos a\u00f1os ya no se aplican tras el Brexit, y el desplazamiento de empleados en s\u00ed es un proceso largo y complicado.  <\/p>\t\t\t\t\t\t\t\t<\/div>\n\t\t\t\t<\/div>\n\t\t\t\t<div class=\"elementor-element elementor-element-fa87680 elementor-invisible elementor-widget elementor-widget-heading\" data-id=\"fa87680\" data-element_type=\"widget\" data-settings=\"{&quot;_animation&quot;:&quot;fadeIn&quot;}\" data-widget_type=\"heading.default\">\n\t\t\t\t<div class=\"elementor-widget-container\">\n\t\t\t\t\t<h2 class=\"elementor-heading-title elementor-size-default\">Delegaci\u00f3n en Inglaterra - nuevos procedimientos<\/h2>\t\t\t\t<\/div>\n\t\t\t\t<\/div>\n\t\t\t\t<div class=\"elementor-element elementor-element-4c5da50 elementor-widget elementor-widget-text-editor\" data-id=\"4c5da50\" data-element_type=\"widget\" data-widget_type=\"text-editor.default\">\n\t\t\t\t<div class=\"elementor-widget-container\">\n\t\t\t\t\t\t\t\t\t<p>El proceso de preparaci\u00f3n para el desplazamiento de los empleados al Reino Unido debe comenzar como m\u00ednimo un mes antes de la fecha de inicio prevista. La mayor\u00eda de los empleados expatriados necesitan solicitar un visado adecuado bas\u00e1ndose en una oferta del patrocinador y su empleador para proporcionar los documentos requeridos. El proceso de obtenci\u00f3n de un visado dura aproximadamente tres semanas, mientras que la cumplimentaci\u00f3n de todos los documentos puede alargar este plazo considerablemente.  <\/p><p>El empleado delegado debe iniciar la solicitud de visado como m\u00e1ximo 3 meses despu\u00e9s de que el patrocinador verificado emita la carta. Transcurrido este plazo, la carta pierde su validez y resulta imposible incorporarse al proceso. <\/p><p>La validez del visado depende del tipo de visado y de la duraci\u00f3n del proyecto.<\/p>\t\t\t\t\t\t\t\t<\/div>\n\t\t\t\t<\/div>\n\t\t\t\t<div class=\"elementor-element elementor-element-44b8058 elementor-invisible elementor-widget elementor-widget-heading\" data-id=\"44b8058\" data-element_type=\"widget\" data-settings=\"{&quot;_animation&quot;:&quot;fadeIn&quot;}\" data-widget_type=\"heading.default\">\n\t\t\t\t<div class=\"elementor-widget-container\">\n\t\t\t\t\t<h2 class=\"elementor-heading-title elementor-size-default\">Nuestra oferta<\/h2>\t\t\t\t<\/div>\n\t\t\t\t<\/div>\n\t\t\t\t<div class=\"elementor-element elementor-element-7e4e9b7 elementor-widget elementor-widget-text-editor\" data-id=\"7e4e9b7\" data-element_type=\"widget\" data-widget_type=\"text-editor.default\">\n\t\t\t\t<div class=\"elementor-widget-container\">\n\t\t\t\t\t\t\t\t\t<p><span style=\"font-weight: 400;\">Delegar empleados al Reino Unido (RU) es un proceso que requiere precisi\u00f3n, un conocimiento profundo de la legislaci\u00f3n y un cumplimiento riguroso. Los conocimientos y el apoyo de expertos pueden ahorrarle tiempo y hacer que el proceso de desplazamiento de empleados al Reino Unido sea mucho m\u00e1s f\u00e1cil y eficaz. <br><br>P\u00f3ngase en contacto con nosotros por correo electr\u00f3nico para hablar de la situaci\u00f3n de sus empleados y seleccionar una consulta.<\/span><\/p>\t\t\t\t\t\t\t\t<\/div>\n\t\t\t\t<\/div>\n\t\t\t\t\t<\/div>\n\t\t<\/div>\n\t\t\t\t\t<\/div>\n\t\t<\/section>\n\t\t\t\t<\/div>\n\t\t","protected":false},"excerpt":{"rendered":"<p>Desplazamiento de trabajadores al Reino Unido &#8211; empresas de servicios El Reino Unido es uno de los centros de negocios m\u00e1s importantes del mundo y ofrece numerosas oportunidades a empresas de diversos sectores. Desplazar empleados al Reino Unido requiere una s\u00f3lida preparaci\u00f3n y conocer la normativa brit\u00e1nica. Los procedimientos que se aplicaban a los ciudadanos &hellip;<\/p>\n<p class=\"read-more\"> <a class=\"\" href=\"https:\/\/impolsarl.com\/es\/con-destino-al-reino-unido\/\"> <span class=\"screen-reader-text\">Con destino al Reino Unido<\/span> Leer m\u00e1s \u00bb<\/a><\/p>\n","protected":false},"author":5,"featured_media":0,"parent":0,"menu_order":-1,"comment_status":"closed","ping_status":"closed","template":"elementor_header_footer","meta":{"_acf_changed":false,"site-sidebar-layout":"no-sidebar","site-content-layout":"","ast-site-content-layout":"full-width-container","site-content-style":"default","site-sidebar-style":"default","ast-global-header-display":"","ast-banner-title-visibility":"","ast-main-header-display":"","ast-hfb-above-header-display":"","ast-hfb-below-header-display":"","ast-hfb-mobile-header-display":"","site-post-title":"disabled","ast-breadcrumbs-content":"","ast-featured-img":"","footer-sml-layout":"","theme-transparent-header-meta":"","adv-header-id-meta":"","stick-header-meta":"","header-above-stick-meta":"","header-main-stick-meta":"","header-below-stick-meta":"","astra-migrate-meta-layouts":"default","ast-page-background-enabled":"default","ast-page-background-meta":{"desktop":{"background-color":"var(--ast-global-color-4)","background-image":"","background-repeat":"repeat","background-position":"center center","background-size":"auto","background-attachment":"scroll","background-type":"","background-media":"","overlay-type":"","overlay-color":"","overlay-gradient":""},"tablet":{"background-color":"","background-image":"","background-repeat":"repeat","background-position":"center center","background-size":"auto","background-attachment":"scroll","background-type":"","background-media":"","overlay-type":"","overlay-color":"","overlay-gradient":""},"mobile":{"background-color":"","background-image":"","background-repeat":"repeat","background-position":"center center","background-size":"auto","background-attachment":"scroll","background-type":"","background-media":"","overlay-type":"","overlay-color":"","overlay-gradient":""}},"ast-content-background-meta":{"desktop":{"background-color":"var(--ast-global-color-5)","background-image":"","background-repeat":"repeat","background-position":"center center","background-size":"auto","background-attachment":"scroll","background-type":"","background-media":"","overlay-type":"","overlay-color":"","overlay-gradient":""},"tablet":{"background-color":"var(--ast-global-color-5)","background-image":"","background-repeat":"repeat","background-position":"center center","background-size":"auto","background-attachment":"scroll","background-type":"","background-media":"","overlay-type":"","overlay-color":"","overlay-gradient":""},"mobile":{"background-color":"var(--ast-global-color-5)","background-image":"","background-repeat":"repeat","background-position":"center center","background-size":"auto","background-attachment":"scroll","background-type":"","background-media":"","overlay-type":"","overlay-color":"","overlay-gradient":""}},"footnotes":""},"folder":[94],"class_list":["post-5481","page","type-page","status-publish","hentry"],"acf":[],"yoast_head":"<!-- This site is optimized with the Yoast SEO Premium plugin v24.7 (Yoast SEO v24.7) - https:\/\/yoast.com\/wordpress\/plugins\/seo\/ -->\n<title>Desplazamiento de trabajadores al Reino Unido | IMPOL<\/title>\n<meta name=\"description\" content=\"Inf\u00f3rmese sobre los cambios relacionados con las comisiones de servicio de los empleados en Inglaterra tras el Brexit. Obtenga informaci\u00f3n completa de los especialistas de Impol.\" \/>\n<meta name=\"robots\" content=\"index, follow, max-snippet:-1, max-image-preview:large, max-video-preview:-1\" \/>\n<link rel=\"canonical\" href=\"https:\/\/impolsarl.com\/es\/con-destino-al-reino-unido\/\" \/>\n<meta property=\"og:locale\" content=\"es_ES\" \/>\n<meta property=\"og:type\" content=\"article\" \/>\n<meta property=\"og:title\" content=\"Con destino al Reino Unido\" \/>\n<meta property=\"og:description\" content=\"Inf\u00f3rmese sobre los cambios relacionados con las comisiones de servicio de los empleados en Inglaterra tras el Brexit. Obtenga informaci\u00f3n completa de los especialistas de Impol.\" \/>\n<meta property=\"og:url\" content=\"https:\/\/impolsarl.com\/es\/con-destino-al-reino-unido\/\" \/>\n<meta property=\"og:site_name\" content=\"Impol - Reprezentant we Francji od ponad dekady! +48 502 50 70 74\" \/>\n<meta property=\"article:publisher\" content=\"https:\/\/www.facebook.com\/przedstawicieltransportuwefrancji\/\" \/>\n<meta property=\"article:modified_time\" content=\"2025-04-22T17:55:36+00:00\" \/>\n<meta property=\"og:image\" content=\"https:\/\/impolsarl.com\/wp-content\/uploads\/2023\/11\/Flag.png\" \/>\n\t<meta property=\"og:image:width\" content=\"240\" \/>\n\t<meta property=\"og:image:height\" content=\"120\" \/>\n\t<meta property=\"og:image:type\" content=\"image\/png\" \/>\n<meta name=\"twitter:card\" content=\"summary_large_image\" \/>\n<meta name=\"twitter:label1\" content=\"Tiempo de lectura\" \/>\n\t<meta name=\"twitter:data1\" content=\"2 minutos\" \/>\n<script type=\"application\/ld+json\" class=\"yoast-schema-graph\">{\"@context\":\"https:\/\/schema.org\",\"@graph\":[{\"@type\":\"WebPage\",\"@id\":\"https:\/\/impolsarl.com\/es\/con-destino-al-reino-unido\/\",\"url\":\"https:\/\/impolsarl.com\/es\/con-destino-al-reino-unido\/\",\"name\":\"Desplazamiento de trabajadores al Reino Unido | IMPOL\",\"isPartOf\":{\"@id\":\"https:\/\/impolsarl.com\/#website\"},\"primaryImageOfPage\":{\"@id\":\"https:\/\/impolsarl.com\/es\/con-destino-al-reino-unido\/#primaryimage\"},\"image\":{\"@id\":\"https:\/\/impolsarl.com\/es\/con-destino-al-reino-unido\/#primaryimage\"},\"thumbnailUrl\":\"https:\/\/impolsarl.com\/wp-content\/uploads\/2023\/11\/Flag.png\",\"datePublished\":\"2023-10-19T12:03:36+00:00\",\"dateModified\":\"2025-04-22T17:55:36+00:00\",\"description\":\"Inf\u00f3rmese sobre los cambios relacionados con las comisiones de servicio de los empleados en Inglaterra tras el Brexit. Obtenga informaci\u00f3n completa de los especialistas de Impol.\",\"breadcrumb\":{\"@id\":\"https:\/\/impolsarl.com\/es\/con-destino-al-reino-unido\/#breadcrumb\"},\"inLanguage\":\"es\",\"potentialAction\":[{\"@type\":\"ReadAction\",\"target\":[\"https:\/\/impolsarl.com\/es\/con-destino-al-reino-unido\/\"]}]},{\"@type\":\"ImageObject\",\"inLanguage\":\"es\",\"@id\":\"https:\/\/impolsarl.com\/es\/con-destino-al-reino-unido\/#primaryimage\",\"url\":\"https:\/\/impolsarl.com\/wp-content\/uploads\/2023\/11\/Flag.png\",\"contentUrl\":\"https:\/\/impolsarl.com\/wp-content\/uploads\/2023\/11\/Flag.png\"},{\"@type\":\"BreadcrumbList\",\"@id\":\"https:\/\/impolsarl.com\/es\/con-destino-al-reino-unido\/#breadcrumb\",\"itemListElement\":[{\"@type\":\"ListItem\",\"position\":1,\"name\":\"Strona g\u0142\u00f3wna\",\"item\":\"https:\/\/impolsarl.com\/es\/pagina-de-inicio\/\"},{\"@type\":\"ListItem\",\"position\":2,\"name\":\"Con destino al Reino Unido\"}]},{\"@type\":\"WebSite\",\"@id\":\"https:\/\/impolsarl.com\/#website\",\"url\":\"https:\/\/impolsarl.com\/\",\"name\":\"Impol - Reprezentant we Francji od ponad dekady! +48 502 50 70 74\",\"description\":\"Impol SARL - Przedstawiciel transportu w Europie\",\"publisher\":{\"@id\":\"https:\/\/impolsarl.com\/#organization\"},\"potentialAction\":[{\"@type\":\"SearchAction\",\"target\":{\"@type\":\"EntryPoint\",\"urlTemplate\":\"https:\/\/impolsarl.com\/?s={search_term_string}\"},\"query-input\":{\"@type\":\"PropertyValueSpecification\",\"valueRequired\":true,\"valueName\":\"search_term_string\"}}],\"inLanguage\":\"es\"},{\"@type\":\"Organization\",\"@id\":\"https:\/\/impolsarl.com\/#organization\",\"name\":\"Impol - Przedstawiciel Transportu i Pracownikow Delegowanych Do Francji\",\"url\":\"https:\/\/impolsarl.com\/\",\"logo\":{\"@type\":\"ImageObject\",\"inLanguage\":\"es\",\"@id\":\"https:\/\/impolsarl.com\/#\/schema\/logo\/image\/\",\"url\":\"https:\/\/impolsarl.com\/wp-content\/uploads\/2018\/08\/logo-1.png\",\"contentUrl\":\"https:\/\/impolsarl.com\/wp-content\/uploads\/2018\/08\/logo-1.png\",\"width\":133,\"height\":126,\"caption\":\"Impol - Przedstawiciel Transportu i Pracownikow Delegowanych Do Francji\"},\"image\":{\"@id\":\"https:\/\/impolsarl.com\/#\/schema\/logo\/image\/\"},\"sameAs\":[\"https:\/\/www.facebook.com\/przedstawicieltransportuwefrancji\/\",\"https:\/\/www.youtube.com\/watch?v=2zjQ9NJBf04\"]}]}<\/script>\n<!-- \/ Yoast SEO Premium plugin. -->","yoast_head_json":{"title":"Desplazamiento de trabajadores al Reino Unido | IMPOL","description":"Inf\u00f3rmese sobre los cambios relacionados con las comisiones de servicio de los empleados en Inglaterra tras el Brexit. Obtenga informaci\u00f3n completa de los especialistas de Impol.","robots":{"index":"index","follow":"follow","max-snippet":"max-snippet:-1","max-image-preview":"max-image-preview:large","max-video-preview":"max-video-preview:-1"},"canonical":"https:\/\/impolsarl.com\/es\/con-destino-al-reino-unido\/","og_locale":"es_ES","og_type":"article","og_title":"Con destino al Reino Unido","og_description":"Inf\u00f3rmese sobre los cambios relacionados con las comisiones de servicio de los empleados en Inglaterra tras el Brexit. Obtenga informaci\u00f3n completa de los especialistas de Impol.","og_url":"https:\/\/impolsarl.com\/es\/con-destino-al-reino-unido\/","og_site_name":"Impol - Reprezentant we Francji od ponad dekady! +48 502 50 70 74","article_publisher":"https:\/\/www.facebook.com\/przedstawicieltransportuwefrancji\/","article_modified_time":"2025-04-22T17:55:36+00:00","og_image":[{"width":240,"height":120,"url":"https:\/\/impolsarl.com\/wp-content\/uploads\/2023\/11\/Flag.png","type":"image\/png"}],"twitter_card":"summary_large_image","twitter_misc":{"Tiempo de lectura":"2 minutos"},"schema":{"@context":"https:\/\/schema.org","@graph":[{"@type":"WebPage","@id":"https:\/\/impolsarl.com\/es\/con-destino-al-reino-unido\/","url":"https:\/\/impolsarl.com\/es\/con-destino-al-reino-unido\/","name":"Desplazamiento de trabajadores al Reino Unido | IMPOL","isPartOf":{"@id":"https:\/\/impolsarl.com\/#website"},"primaryImageOfPage":{"@id":"https:\/\/impolsarl.com\/es\/con-destino-al-reino-unido\/#primaryimage"},"image":{"@id":"https:\/\/impolsarl.com\/es\/con-destino-al-reino-unido\/#primaryimage"},"thumbnailUrl":"https:\/\/impolsarl.com\/wp-content\/uploads\/2023\/11\/Flag.png","datePublished":"2023-10-19T12:03:36+00:00","dateModified":"2025-04-22T17:55:36+00:00","description":"Inf\u00f3rmese sobre los cambios relacionados con las comisiones de servicio de los empleados en Inglaterra tras el Brexit. Obtenga informaci\u00f3n completa de los especialistas de Impol.","breadcrumb":{"@id":"https:\/\/impolsarl.com\/es\/con-destino-al-reino-unido\/#breadcrumb"},"inLanguage":"es","potentialAction":[{"@type":"ReadAction","target":["https:\/\/impolsarl.com\/es\/con-destino-al-reino-unido\/"]}]},{"@type":"ImageObject","inLanguage":"es","@id":"https:\/\/impolsarl.com\/es\/con-destino-al-reino-unido\/#primaryimage","url":"https:\/\/impolsarl.com\/wp-content\/uploads\/2023\/11\/Flag.png","contentUrl":"https:\/\/impolsarl.com\/wp-content\/uploads\/2023\/11\/Flag.png"},{"@type":"BreadcrumbList","@id":"https:\/\/impolsarl.com\/es\/con-destino-al-reino-unido\/#breadcrumb","itemListElement":[{"@type":"ListItem","position":1,"name":"Strona g\u0142\u00f3wna","item":"https:\/\/impolsarl.com\/es\/pagina-de-inicio\/"},{"@type":"ListItem","position":2,"name":"Con destino al Reino Unido"}]},{"@type":"WebSite","@id":"https:\/\/impolsarl.com\/#website","url":"https:\/\/impolsarl.com\/","name":"Impol - Reprezentant we Francji od ponad dekady! +48 502 50 70 74","description":"Impol SARL - Przedstawiciel transportu w Europie","publisher":{"@id":"https:\/\/impolsarl.com\/#organization"},"potentialAction":[{"@type":"SearchAction","target":{"@type":"EntryPoint","urlTemplate":"https:\/\/impolsarl.com\/?s={search_term_string}"},"query-input":{"@type":"PropertyValueSpecification","valueRequired":true,"valueName":"search_term_string"}}],"inLanguage":"es"},{"@type":"Organization","@id":"https:\/\/impolsarl.com\/#organization","name":"Impol - Przedstawiciel Transportu i Pracownikow Delegowanych Do Francji","url":"https:\/\/impolsarl.com\/","logo":{"@type":"ImageObject","inLanguage":"es","@id":"https:\/\/impolsarl.com\/#\/schema\/logo\/image\/","url":"https:\/\/impolsarl.com\/wp-content\/uploads\/2018\/08\/logo-1.png","contentUrl":"https:\/\/impolsarl.com\/wp-content\/uploads\/2018\/08\/logo-1.png","width":133,"height":126,"caption":"Impol - Przedstawiciel Transportu i Pracownikow Delegowanych Do Francji"},"image":{"@id":"https:\/\/impolsarl.com\/#\/schema\/logo\/image\/"},"sameAs":["https:\/\/www.facebook.com\/przedstawicieltransportuwefrancji\/","https:\/\/www.youtube.com\/watch?v=2zjQ9NJBf04"]}]}},"_links":{"self":[{"href":"https:\/\/impolsarl.com\/es\/wp-json\/wp\/v2\/pages\/5481","targetHints":{"allow":["GET"]}}],"collection":[{"href":"https:\/\/impolsarl.com\/es\/wp-json\/wp\/v2\/pages"}],"about":[{"href":"https:\/\/impolsarl.com\/es\/wp-json\/wp\/v2\/types\/page"}],"author":[{"embeddable":true,"href":"https:\/\/impolsarl.com\/es\/wp-json\/wp\/v2\/users\/5"}],"replies":[{"embeddable":true,"href":"https:\/\/impolsarl.com\/es\/wp-json\/wp\/v2\/comments?post=5481"}],"version-history":[{"count":1,"href":"https:\/\/impolsarl.com\/es\/wp-json\/wp\/v2\/pages\/5481\/revisions"}],"predecessor-version":[{"id":5482,"href":"https:\/\/impolsarl.com\/es\/wp-json\/wp\/v2\/pages\/5481\/revisions\/5482"}],"wp:attachment":[{"href":"https:\/\/impolsarl.com\/es\/wp-json\/wp\/v2\/media?parent=5481"}],"wp:term":[{"taxonomy":"folder","embeddable":true,"href":"https:\/\/impolsarl.com\/es\/wp-json\/wp\/v2\/folder?post=5481"}],"curies":[{"name":"wp","href":"https:\/\/api.w.org\/{rel}","templated":true}]}}