{"id":5473,"date":"2021-01-06T14:39:19","date_gmt":"2021-01-06T13:39:19","guid":{"rendered":"https:\/\/impolsarl.com\/politica-de-privacidad-de-impol\/"},"modified":"2025-04-22T19:23:54","modified_gmt":"2025-04-22T17:23:54","slug":"politica-de-privacidad-de-impol","status":"publish","type":"page","link":"https:\/\/impolsarl.com\/es\/politica-de-privacidad-de-impol\/","title":{"rendered":"Pol\u00edtica de privacidad de IMPOL"},"content":{"rendered":"\n<h2 class=\"wp-block-heading\">Esta pol\u00edtica de privacidad describe c\u00f3mo procesamos la informaci\u00f3n sobre usted, incluidos los datos personales y las cookies. <\/h2>\n\n<hr class=\"wp-block-separator\"\/>\n\n<h2 class=\"wp-block-heading\"><strong>1. informaci\u00f3n general<\/strong><\/h2>\n\n<ol class=\"wp-block-list\"><li>Esta pol\u00edtica se aplica al sitio web, que opera bajo la url: <strong>impolsarl.com<\/strong><\/li><li>El operador del servicio y administrador de los datos personales es: Violette Bres 24 rue du Tir, 88110 Celles sur Plaine, Francia<\/li><li>Direcci\u00f3n de correo electr\u00f3nico de contacto del operador: biuro@impolsarl.com<\/li><li>El Operador es el administrador de sus datos personales con respecto a los datos que usted proporciona voluntariamente en el Sitio Web.<\/li><li>El Servicio utiliza los datos personales para los siguientes fines:<ul><li>Mantenimiento del bolet\u00edn informativo<\/li><li>Realizaci\u00f3n de chats en l\u00ednea<\/li><li>Gesti\u00f3n de las consultas a trav\u00e9s del formulario<\/li><li>Presentaci\u00f3n de una oferta o informaci\u00f3n<\/li><\/ul><\/li><li>El Servicio realiza funciones para obtener informaci\u00f3n sobre los usuarios y su comportamiento de las siguientes maneras:<ol><li>A trav\u00e9s de los datos introducidos voluntariamente en los formularios, que se introducen en los sistemas del Operador.<\/li><li>Mediante el almacenamiento de cookies (las llamadas \u00abcookies\u00bb) en el equipo terminal.<\/li><\/ol><\/li><\/ol>\n<h2 class=\"wp-block-heading\"><strong>2. M\u00e9todos seleccionados de protecci\u00f3n de datos aplicados por el Operador<\/strong><\/h2>\n\n<ol class=\"wp-block-list\"><li>Los puntos de acceso y entrada de datos personales est\u00e1n protegidos en la capa de transmisi\u00f3n (certificado SSL). De este modo, los datos personales y de acceso introducidos en el sitio web se cifran en el ordenador del usuario y s\u00f3lo pueden leerse en el servidor de destino. <\/li><\/ol>\n<h2 class=\"wp-block-heading\"><strong>3. Alojamiento<\/strong><\/h2>\n\n<ol class=\"wp-block-list\"><li>El servicio se aloja (se mantiene t\u00e9cnicamente) en el servidor del operador: otra empresa<\/li><\/ol>\n<h2 class=\"wp-block-heading\"><strong>4. Sus derechos y m\u00e1s informaci\u00f3n sobre el uso de sus datos<\/strong><\/h2>\n\n<ol class=\"wp-block-list\"><li>En determinadas situaciones, el Administrador tiene derecho a transferir sus datos personales a otros destinatarios si ello es necesario para la ejecuci\u00f3n de un contrato celebrado con usted o para el cumplimiento de las obligaciones que incumben al Administrador. Esto se aplica a estos grupos de destinatarios: <ul><li>empleados y asociados autorizados que utilizan los datos para cumplir con la finalidad del sitio<\/li><\/ul><\/li><li>Sus datos personales ser\u00e1n procesados por el Administrador no m\u00e1s tiempo del necesario para la realizaci\u00f3n de las actividades relacionadas especificadas en reglamentos separados (por ejemplo, sobre la contabilidad). Con respecto a los datos de marketing, los datos no se tratar\u00e1n durante m\u00e1s de 3 a\u00f1os. <\/li><li>Tiene derecho a solicitar al Administrador:<ul><li>acceso a los datos personales que le conciernen,<\/li><li>su rectificaci\u00f3n,<\/li><li>supresiones,<\/li><li>para restringir el tratamiento,<\/li><li>y la portabilidad de los datos.<\/li><\/ul><\/li><li>Usted tiene derecho a oponerse, en relaci\u00f3n con el tratamiento indicado en el apartado 3.3 c), al tratamiento de datos personales con el fin de perseguir los intereses leg\u00edtimos del responsable del tratamiento, incluida la elaboraci\u00f3n de perfiles, por lo que el derecho de oposici\u00f3n no podr\u00e1 ejercerse cuando existan motivos leg\u00edtimos v\u00e1lidos para el tratamiento que prevalezcan sobre sus intereses, derechos y libertades, en particular la formulaci\u00f3n, el ejercicio o la defensa de reclamaciones.<\/li><li>Las acciones del Administrador pueden ser reclamadas al Presidente de la Oficina de Protecci\u00f3n de Datos Personales, ul. Stawki 2, 00-193 Varsovia. <\/li><li>El suministro de datos personales es voluntario, pero necesario para el funcionamiento del sitio web.<\/li><li>Las actividades que implican la toma de decisiones automatizada, incluida la elaboraci\u00f3n de perfiles, pueden llevarse a cabo en relaci\u00f3n con usted con el fin de prestar servicios en virtud del contrato celebrado y con fines de marketing directo por parte del Administrador.<\/li><li>Los datos personales no se transfieren desde terceros pa\u00edses seg\u00fan la legislaci\u00f3n de protecci\u00f3n de datos. Esto significa que no los enviamos fuera de la Uni\u00f3n Europea. <\/li><\/ol>\n<h2 class=\"wp-block-heading\"><strong>5. informaci\u00f3n sobre los formularios<\/strong><\/h2>\n\n<ol class=\"wp-block-list\"><li>El Servicio recoge la informaci\u00f3n proporcionada voluntariamente por el usuario, incluidos los datos personales cuando se facilitan.<\/li><li>El servicio puede guardar informaci\u00f3n sobre los par\u00e1metros de conexi\u00f3n (sello de tiempo, direcci\u00f3n IP).<\/li><li>El sitio web puede, en algunos casos, guardar informaci\u00f3n que facilite la asociaci\u00f3n de los datos del formulario con la direcci\u00f3n de correo electr\u00f3nico del usuario que lo rellena. En este caso, la direcci\u00f3n de correo electr\u00f3nico del usuario aparecer\u00e1 dentro de la url de la p\u00e1gina que contiene el formulario. <\/li><li>Los datos proporcionados en el formulario se procesan con el prop\u00f3sito que resulta de la funci\u00f3n de un formulario en particular, por ejemplo, con el fin de procesar una solicitud de servicio o contacto comercial, registro de servicios, etc. Cada vez el contexto y la descripci\u00f3n de un formulario informan de forma clara para qu\u00e9 se utiliza. <\/li><\/ol>\n<h2 class=\"wp-block-heading\"><strong>6 Registros del administrador<\/strong><\/h2>\n\n<ol class=\"wp-block-list\"><li>La informaci\u00f3n sobre el comportamiento de los usuarios en el sitio web puede ser objeto de registro. Estos datos se utilizan para la administraci\u00f3n del sitio web. <\/li><\/ol>\n<h2 class=\"wp-block-heading\"><strong>7 importantes t\u00e9cnicas de marketing<\/strong><\/h2>\n\n<ol class=\"wp-block-list\"><li>El operador utiliza el an\u00e1lisis estad\u00edstico del tr\u00e1fico del sitio web a trav\u00e9s de Google Analytics (Google Inc., USA). El operador no transmite datos personales al operador de este servicio, s\u00f3lo informaci\u00f3n anonimizada. El servicio se basa en el uso de cookies en el dispositivo terminal del usuario. En cuanto a la informaci\u00f3n sobre las preferencias del usuario recopilada por la red publicitaria de Google, el usuario puede ver y editar la informaci\u00f3n resultante de las cookies mediante la siguiente herramienta: https:\/\/www.google.com\/ads\/preferences\/.   <\/li><\/ol>\n<h2 class=\"wp-block-heading\"><strong>8 Informaci\u00f3n sobre las cookies<\/strong><\/h2>\n\n<ol class=\"wp-block-list\"><li>El sitio web utiliza cookies.<\/li><li>Las cookies (denominadas \u00abcookies\u00bb) son datos inform\u00e1ticos, en particular archivos de texto, que se almacenan en el equipo terminal del Usuario del Servicio y est\u00e1n destinadas a ser utilizadas en los sitios web del Servicio. Las cookies suelen contener el nombre del sitio web del que proceden, el momento en que se almacenan en el equipo terminal y un n\u00famero \u00fanico. <\/li><li>El operador del Sitio Web es la entidad que coloca las cookies en el equipo terminal del Usuario del Sitio Web y accede a ellas.<\/li><li>Las cookies se utilizan para los siguientes fines:<ol><li>el mantenimiento de una sesi\u00f3n del usuario del Servicio (despu\u00e9s de iniciar la sesi\u00f3n), gracias a la cual el usuario no tiene que volver a introducir el nombre de usuario y la contrase\u00f1a en cada subp\u00e1gina del Servicio;<\/li><li>para alcanzar los objetivos expuestos en el apartado \u00abT\u00e9cnicas esenciales de marketing\u00bb;<\/li><\/ol><\/li><li>Hay dos tipos principales de cookies que se utilizan en el sitio web: \u00absesi\u00f3n\u00bb (cookies de sesi\u00f3n) y \u00abpermanentes\u00bb (cookies persistentes). Las cookies de \u00absesi\u00f3n\u00bb son archivos temporales que se almacenan en el dispositivo final del Usuario hasta que se cierra la sesi\u00f3n, se abandona el sitio web o se apaga el software (navegador web). Las cookies \u00abpermanentes\u00bb se almacenan en el equipo terminal del Usuario durante el tiempo especificado en los par\u00e1metros de las cookies o hasta que el Usuario las elimine.  <\/li><li>El software de navegaci\u00f3n web (navegador de Internet) suele permitir el almacenamiento de cookies en el equipo terminal del Usuario por defecto. Los usuarios del sitio web pueden cambiar su configuraci\u00f3n a este respecto. El navegador de Internet permite eliminar las cookies. Tambi\u00e9n es posible bloquear las cookies autom\u00e1ticamente. La ayuda o la documentaci\u00f3n del navegador de Internet contienen informaci\u00f3n detallada al respecto.   <\/li><li>Las restricciones en el uso de cookies pueden afectar a algunas de las funciones disponibles en el sitio web.<\/li><li>Las cookies colocadas en el dispositivo final del Usuario del Servicio tambi\u00e9n pueden ser utilizadas por entidades que cooperan con el Operador del Servicio, en particular estas empresas: Google (Google Inc. con sede en Estados Unidos), Facebook (Facebook Inc. con sede en Estados Unidos), Twitter (Twitter Inc. con sede en Estados Unidos).<\/li><\/ol>\n<h2 class=\"wp-block-heading\"><strong>9. gesti\u00f3n de cookies: \u00bfc\u00f3mo dar y retirar el consentimiento en la pr\u00e1ctica?<\/strong><\/h2>\n\n<ol class=\"wp-block-list\"><li>Si no desea recibir cookies, puede cambiar la configuraci\u00f3n de su navegador. Advertimos que deshabilitar las cookies necesarias para los procesos de autenticaci\u00f3n, seguridad, mantenimiento de las preferencias del usuario puede dificultar, y en casos extremos puede imposibilitar, el uso de los sitios web <\/li><li>Para gestionar la configuraci\u00f3n de las cookies, seleccione el navegador web que est\u00e1 utilizando de la lista siguiente y siga las instrucciones:<ul><li><a href=\"https:\/\/support.microsoft.com\/pl-pl\/help\/10607\/microsoft-edge-view-delete-browser-history\">Edge<\/a><\/li><li><a href=\"https:\/\/support.microsoft.com\/pl-pl\/help\/278835\/how-to-delete-cookie-files-in-internet-explorer\">Internet Explorer<\/a><\/li><li><a href=\"http:\/\/support.google.com\/chrome\/bin\/answer.py?hl=pl&amp;answer=95647\">Chrome<\/a><\/li><li><a href=\"http:\/\/support.apple.com\/kb\/PH5042\">Safari<\/a><\/li><li><a href=\"http:\/\/support.mozilla.org\/pl\/kb\/W%C5%82%C4%85czanie%20i%20wy%C5%82%C4%85czanie%20obs%C5%82ugi%20ciasteczek\">Firefox<\/a><\/li><li><a href=\"http:\/\/help.opera.com\/Windows\/12.10\/pl\/cookies.html\">Opera<\/a><\/li><li>Dispositivos m\u00f3viles:<\/li><li><a href=\"http:\/\/support.google.com\/chrome\/bin\/answer.py?hl=pl&amp;answer=95647\">Android<\/a><\/li><li><a href=\"http:\/\/support.apple.com\/kb\/HT1677?viewlocale=pl_PL\">Safari (iOS)<\/a><\/li><li><a href=\"http:\/\/www.windowsphone.com\/pl-pl\/how-to\/wp7\/web\/changing-privacy-and-other-browser-settings\">Windows Phone<\/a><\/li><\/ul><\/li><\/ol>\n<p>Esta plantilla de pol\u00edtica ha sido generada gratuitamente con fines informativos en base a nuestro conocimiento, las pr\u00e1cticas de la industria y las leyes vigentes a fecha de 2018-08-14. Le recomendamos que revise la plantilla de pol\u00edtica antes de utilizarla en su sitio. La plantilla se basa en las situaciones m\u00e1s comunes en los sitios web, pero puede no reflejar los detalles completos y precisos de su sitio web. Lea atentamente el documento generado y, si es necesario, ad\u00e1ptelo a su situaci\u00f3n o solicite asesoramiento jur\u00eddico. No aceptamos ninguna responsabilidad por las consecuencias de la utilizaci\u00f3n de este documento, ya que s\u00f3lo usted puede garantizar la exactitud de toda la informaci\u00f3n que contiene. Tenga en cuenta tambi\u00e9n que esta pol\u00edtica de privacidad, incluso la mejor, es s\u00f3lo un elemento de su preocupaci\u00f3n por los datos personales y la privacidad del usuario en su sitio web.     <\/p>\n","protected":false},"excerpt":{"rendered":"<p>Esta pol\u00edtica de privacidad describe c\u00f3mo procesamos la informaci\u00f3n sobre usted, incluidos los datos personales y las cookies. 1. informaci\u00f3n general Esta pol\u00edtica se aplica al sitio web, que opera bajo la url: impolsarl.com El operador del servicio y administrador de los datos personales es: Violette Bres 24 rue du Tir, 88110 Celles sur Plaine, &hellip;<\/p>\n<p class=\"read-more\"> <a class=\"\" href=\"https:\/\/impolsarl.com\/es\/politica-de-privacidad-de-impol\/\"> <span class=\"screen-reader-text\">Pol\u00edtica de privacidad de IMPOL<\/span> Leer m\u00e1s \u00bb<\/a><\/p>\n","protected":false},"author":5,"featured_media":0,"parent":0,"menu_order":16,"comment_status":"closed","ping_status":"closed","template":"","meta":{"_acf_changed":false,"site-sidebar-layout":"default","site-content-layout":"","ast-site-content-layout":"","site-content-style":"default","site-sidebar-style":"default","ast-global-header-display":"","ast-banner-title-visibility":"","ast-main-header-display":"","ast-hfb-above-header-display":"","ast-hfb-below-header-display":"","ast-hfb-mobile-header-display":"","site-post-title":"","ast-breadcrumbs-content":"","ast-featured-img":"","footer-sml-layout":"","theme-transparent-header-meta":"","adv-header-id-meta":"","stick-header-meta":"","header-above-stick-meta":"","header-main-stick-meta":"","header-below-stick-meta":"","astra-migrate-meta-layouts":"default","ast-page-background-enabled":"default","ast-page-background-meta":{"desktop":{"background-color":"var(--ast-global-color-4)","background-image":"","background-repeat":"repeat","background-position":"center center","background-size":"auto","background-attachment":"scroll","background-type":"","background-media":"","overlay-type":"","overlay-color":"","overlay-gradient":""},"tablet":{"background-color":"","background-image":"","background-repeat":"repeat","background-position":"center center","background-size":"auto","background-attachment":"scroll","background-type":"","background-media":"","overlay-type":"","overlay-color":"","overlay-gradient":""},"mobile":{"background-color":"","background-image":"","background-repeat":"repeat","background-position":"center center","background-size":"auto","background-attachment":"scroll","background-type":"","background-media":"","overlay-type":"","overlay-color":"","overlay-gradient":""}},"ast-content-background-meta":{"desktop":{"background-color":"var(--ast-global-color-5)","background-image":"","background-repeat":"repeat","background-position":"center center","background-size":"auto","background-attachment":"scroll","background-type":"","background-media":"","overlay-type":"","overlay-color":"","overlay-gradient":""},"tablet":{"background-color":"var(--ast-global-color-5)","background-image":"","background-repeat":"repeat","background-position":"center center","background-size":"auto","background-attachment":"scroll","background-type":"","background-media":"","overlay-type":"","overlay-color":"","overlay-gradient":""},"mobile":{"background-color":"var(--ast-global-color-5)","background-image":"","background-repeat":"repeat","background-position":"center center","background-size":"auto","background-attachment":"scroll","background-type":"","background-media":"","overlay-type":"","overlay-color":"","overlay-gradient":""}},"footnotes":""},"folder":[91],"class_list":["post-5473","page","type-page","status-publish","hentry"],"acf":[],"yoast_head":"<!-- This site is optimized with the Yoast SEO Premium plugin v24.7 (Yoast SEO v24.7) - https:\/\/yoast.com\/wordpress\/plugins\/seo\/ -->\n<title>Pol\u00edtica de privacidad de IMPOL - Impol - Reprezentant we Francji od ponad dekady! +48 502 50 70 74<\/title>\n<meta name=\"robots\" content=\"index, follow, max-snippet:-1, max-image-preview:large, max-video-preview:-1\" \/>\n<link rel=\"canonical\" href=\"https:\/\/impolsarl.com\/es\/politica-de-privacidad-de-impol\/\" \/>\n<meta property=\"og:locale\" content=\"es_ES\" \/>\n<meta property=\"og:type\" content=\"article\" \/>\n<meta property=\"og:title\" content=\"Pol\u00edtica de privacidad de IMPOL\" \/>\n<meta property=\"og:description\" content=\"Esta pol\u00edtica de privacidad describe c\u00f3mo procesamos la informaci\u00f3n sobre usted, incluidos los datos personales y las cookies. 1. informaci\u00f3n general Esta pol\u00edtica se aplica al sitio web, que opera bajo la url: impolsarl.com El operador del servicio y administrador de los datos personales es: Violette Bres 24 rue du Tir, 88110 Celles sur Plaine, &hellip; Pol\u00edtica de privacidad de IMPOL Leer m\u00e1s \u00bb\" \/>\n<meta property=\"og:url\" content=\"https:\/\/impolsarl.com\/es\/politica-de-privacidad-de-impol\/\" \/>\n<meta property=\"og:site_name\" content=\"Impol - Reprezentant we Francji od ponad dekady! +48 502 50 70 74\" \/>\n<meta property=\"article:publisher\" content=\"https:\/\/www.facebook.com\/przedstawicieltransportuwefrancji\/\" \/>\n<meta property=\"article:modified_time\" content=\"2025-04-22T17:23:54+00:00\" \/>\n<meta name=\"twitter:card\" content=\"summary_large_image\" \/>\n<meta name=\"twitter:label1\" content=\"Tiempo de lectura\" \/>\n\t<meta name=\"twitter:data1\" content=\"8 minutos\" \/>\n<script type=\"application\/ld+json\" class=\"yoast-schema-graph\">{\"@context\":\"https:\/\/schema.org\",\"@graph\":[{\"@type\":\"WebPage\",\"@id\":\"https:\/\/impolsarl.com\/es\/politica-de-privacidad-de-impol\/\",\"url\":\"https:\/\/impolsarl.com\/es\/politica-de-privacidad-de-impol\/\",\"name\":\"Pol\u00edtica de privacidad de IMPOL - Impol - Reprezentant we Francji od ponad dekady! +48 502 50 70 74\",\"isPartOf\":{\"@id\":\"https:\/\/impolsarl.com\/#website\"},\"datePublished\":\"2021-01-06T13:39:19+00:00\",\"dateModified\":\"2025-04-22T17:23:54+00:00\",\"breadcrumb\":{\"@id\":\"https:\/\/impolsarl.com\/es\/politica-de-privacidad-de-impol\/#breadcrumb\"},\"inLanguage\":\"es\",\"potentialAction\":[{\"@type\":\"ReadAction\",\"target\":[\"https:\/\/impolsarl.com\/es\/politica-de-privacidad-de-impol\/\"]}]},{\"@type\":\"BreadcrumbList\",\"@id\":\"https:\/\/impolsarl.com\/es\/politica-de-privacidad-de-impol\/#breadcrumb\",\"itemListElement\":[{\"@type\":\"ListItem\",\"position\":1,\"name\":\"Strona g\u0142\u00f3wna\",\"item\":\"https:\/\/impolsarl.com\/es\/pagina-de-inicio\/\"},{\"@type\":\"ListItem\",\"position\":2,\"name\":\"Pol\u00edtica de privacidad de IMPOL\"}]},{\"@type\":\"WebSite\",\"@id\":\"https:\/\/impolsarl.com\/#website\",\"url\":\"https:\/\/impolsarl.com\/\",\"name\":\"Impol - Reprezentant we Francji od ponad dekady! +48 502 50 70 74\",\"description\":\"Impol SARL - Przedstawiciel transportu w Europie\",\"publisher\":{\"@id\":\"https:\/\/impolsarl.com\/#organization\"},\"potentialAction\":[{\"@type\":\"SearchAction\",\"target\":{\"@type\":\"EntryPoint\",\"urlTemplate\":\"https:\/\/impolsarl.com\/?s={search_term_string}\"},\"query-input\":{\"@type\":\"PropertyValueSpecification\",\"valueRequired\":true,\"valueName\":\"search_term_string\"}}],\"inLanguage\":\"es\"},{\"@type\":\"Organization\",\"@id\":\"https:\/\/impolsarl.com\/#organization\",\"name\":\"Impol - Przedstawiciel Transportu i Pracownikow Delegowanych Do Francji\",\"url\":\"https:\/\/impolsarl.com\/\",\"logo\":{\"@type\":\"ImageObject\",\"inLanguage\":\"es\",\"@id\":\"https:\/\/impolsarl.com\/#\/schema\/logo\/image\/\",\"url\":\"https:\/\/impolsarl.com\/wp-content\/uploads\/2018\/08\/logo-1.png\",\"contentUrl\":\"https:\/\/impolsarl.com\/wp-content\/uploads\/2018\/08\/logo-1.png\",\"width\":133,\"height\":126,\"caption\":\"Impol - Przedstawiciel Transportu i Pracownikow Delegowanych Do Francji\"},\"image\":{\"@id\":\"https:\/\/impolsarl.com\/#\/schema\/logo\/image\/\"},\"sameAs\":[\"https:\/\/www.facebook.com\/przedstawicieltransportuwefrancji\/\",\"https:\/\/www.youtube.com\/watch?v=2zjQ9NJBf04\"]}]}<\/script>\n<!-- \/ Yoast SEO Premium plugin. -->","yoast_head_json":{"title":"Pol\u00edtica de privacidad de IMPOL - Impol - Reprezentant we Francji od ponad dekady! +48 502 50 70 74","robots":{"index":"index","follow":"follow","max-snippet":"max-snippet:-1","max-image-preview":"max-image-preview:large","max-video-preview":"max-video-preview:-1"},"canonical":"https:\/\/impolsarl.com\/es\/politica-de-privacidad-de-impol\/","og_locale":"es_ES","og_type":"article","og_title":"Pol\u00edtica de privacidad de IMPOL","og_description":"Esta pol\u00edtica de privacidad describe c\u00f3mo procesamos la informaci\u00f3n sobre usted, incluidos los datos personales y las cookies. 1. informaci\u00f3n general Esta pol\u00edtica se aplica al sitio web, que opera bajo la url: impolsarl.com El operador del servicio y administrador de los datos personales es: Violette Bres 24 rue du Tir, 88110 Celles sur Plaine, &hellip; Pol\u00edtica de privacidad de IMPOL Leer m\u00e1s \u00bb","og_url":"https:\/\/impolsarl.com\/es\/politica-de-privacidad-de-impol\/","og_site_name":"Impol - Reprezentant we Francji od ponad dekady! +48 502 50 70 74","article_publisher":"https:\/\/www.facebook.com\/przedstawicieltransportuwefrancji\/","article_modified_time":"2025-04-22T17:23:54+00:00","twitter_card":"summary_large_image","twitter_misc":{"Tiempo de lectura":"8 minutos"},"schema":{"@context":"https:\/\/schema.org","@graph":[{"@type":"WebPage","@id":"https:\/\/impolsarl.com\/es\/politica-de-privacidad-de-impol\/","url":"https:\/\/impolsarl.com\/es\/politica-de-privacidad-de-impol\/","name":"Pol\u00edtica de privacidad de IMPOL - Impol - Reprezentant we Francji od ponad dekady! +48 502 50 70 74","isPartOf":{"@id":"https:\/\/impolsarl.com\/#website"},"datePublished":"2021-01-06T13:39:19+00:00","dateModified":"2025-04-22T17:23:54+00:00","breadcrumb":{"@id":"https:\/\/impolsarl.com\/es\/politica-de-privacidad-de-impol\/#breadcrumb"},"inLanguage":"es","potentialAction":[{"@type":"ReadAction","target":["https:\/\/impolsarl.com\/es\/politica-de-privacidad-de-impol\/"]}]},{"@type":"BreadcrumbList","@id":"https:\/\/impolsarl.com\/es\/politica-de-privacidad-de-impol\/#breadcrumb","itemListElement":[{"@type":"ListItem","position":1,"name":"Strona g\u0142\u00f3wna","item":"https:\/\/impolsarl.com\/es\/pagina-de-inicio\/"},{"@type":"ListItem","position":2,"name":"Pol\u00edtica de privacidad de IMPOL"}]},{"@type":"WebSite","@id":"https:\/\/impolsarl.com\/#website","url":"https:\/\/impolsarl.com\/","name":"Impol - Reprezentant we Francji od ponad dekady! +48 502 50 70 74","description":"Impol SARL - Przedstawiciel transportu w Europie","publisher":{"@id":"https:\/\/impolsarl.com\/#organization"},"potentialAction":[{"@type":"SearchAction","target":{"@type":"EntryPoint","urlTemplate":"https:\/\/impolsarl.com\/?s={search_term_string}"},"query-input":{"@type":"PropertyValueSpecification","valueRequired":true,"valueName":"search_term_string"}}],"inLanguage":"es"},{"@type":"Organization","@id":"https:\/\/impolsarl.com\/#organization","name":"Impol - Przedstawiciel Transportu i Pracownikow Delegowanych Do Francji","url":"https:\/\/impolsarl.com\/","logo":{"@type":"ImageObject","inLanguage":"es","@id":"https:\/\/impolsarl.com\/#\/schema\/logo\/image\/","url":"https:\/\/impolsarl.com\/wp-content\/uploads\/2018\/08\/logo-1.png","contentUrl":"https:\/\/impolsarl.com\/wp-content\/uploads\/2018\/08\/logo-1.png","width":133,"height":126,"caption":"Impol - Przedstawiciel Transportu i Pracownikow Delegowanych Do Francji"},"image":{"@id":"https:\/\/impolsarl.com\/#\/schema\/logo\/image\/"},"sameAs":["https:\/\/www.facebook.com\/przedstawicieltransportuwefrancji\/","https:\/\/www.youtube.com\/watch?v=2zjQ9NJBf04"]}]}},"_links":{"self":[{"href":"https:\/\/impolsarl.com\/es\/wp-json\/wp\/v2\/pages\/5473","targetHints":{"allow":["GET"]}}],"collection":[{"href":"https:\/\/impolsarl.com\/es\/wp-json\/wp\/v2\/pages"}],"about":[{"href":"https:\/\/impolsarl.com\/es\/wp-json\/wp\/v2\/types\/page"}],"author":[{"embeddable":true,"href":"https:\/\/impolsarl.com\/es\/wp-json\/wp\/v2\/users\/5"}],"replies":[{"embeddable":true,"href":"https:\/\/impolsarl.com\/es\/wp-json\/wp\/v2\/comments?post=5473"}],"version-history":[{"count":1,"href":"https:\/\/impolsarl.com\/es\/wp-json\/wp\/v2\/pages\/5473\/revisions"}],"predecessor-version":[{"id":5474,"href":"https:\/\/impolsarl.com\/es\/wp-json\/wp\/v2\/pages\/5473\/revisions\/5474"}],"wp:attachment":[{"href":"https:\/\/impolsarl.com\/es\/wp-json\/wp\/v2\/media?parent=5473"}],"wp:term":[{"taxonomy":"folder","embeddable":true,"href":"https:\/\/impolsarl.com\/es\/wp-json\/wp\/v2\/folder?post=5473"}],"curies":[{"name":"wp","href":"https:\/\/api.w.org\/{rel}","templated":true}]}}