{"id":5467,"date":"2019-07-29T21:18:38","date_gmt":"2019-07-29T19:18:38","guid":{"rendered":"https:\/\/impolsarl.com\/loi-macron-y-la-representacion-en-francia-construccion-e-industria\/"},"modified":"2025-04-22T19:05:27","modified_gmt":"2025-04-22T17:05:27","slug":"loi-macron-y-la-representacion-en-francia-construccion-e-industria","status":"publish","type":"page","link":"https:\/\/impolsarl.com\/es\/loi-macron-y-la-representacion-en-francia-construccion-e-industria\/","title":{"rendered":"Loi Macron y la representaci\u00f3n en Francia &#8211; construcci\u00f3n e industria"},"content":{"rendered":"\t\t<div data-elementor-type=\"wp-page\" data-elementor-id=\"5467\" class=\"elementor elementor-5467 elementor-1735\" data-elementor-post-type=\"page\">\n\t\t\t\t\t\t<section class=\"elementor-section elementor-top-section elementor-element elementor-element-3695211a elementor-section-boxed elementor-section-height-default elementor-section-height-default\" data-id=\"3695211a\" data-element_type=\"section\">\n\t\t\t\t\t\t<div class=\"elementor-container elementor-column-gap-default\">\n\t\t\t\t\t<div class=\"elementor-column elementor-col-100 elementor-top-column elementor-element elementor-element-7b5585bd\" data-id=\"7b5585bd\" data-element_type=\"column\">\n\t\t\t<div class=\"elementor-widget-wrap elementor-element-populated\">\n\t\t\t\t\t\t<div class=\"elementor-element elementor-element-26908b8 elementor-widget elementor-widget-video\" data-id=\"26908b8\" data-element_type=\"widget\" data-settings=\"{&quot;youtube_url&quot;:&quot;https:\\\/\\\/www.youtube.com\\\/watch?v=J4CIkgh2xuw&quot;,&quot;video_type&quot;:&quot;youtube&quot;,&quot;controls&quot;:&quot;yes&quot;}\" data-widget_type=\"video.default\">\n\t\t\t\t<div class=\"elementor-widget-container\">\n\t\t\t\t\t\t\t<div class=\"elementor-wrapper elementor-open-inline\">\n\t\t\t<div class=\"elementor-video\"><\/div>\t\t<\/div>\n\t\t\t\t\t\t<\/div>\n\t\t\t\t<\/div>\n\t\t\t\t<div class=\"elementor-element elementor-element-440a1aab elementor-widget elementor-widget-text-editor\" data-id=\"440a1aab\" data-element_type=\"widget\" data-widget_type=\"text-editor.default\">\n\t\t\t\t<div class=\"elementor-widget-container\">\n\t\t\t\t\t\t\t\t\t<p>Todo lo que debe saber a la hora de desplazar trabajadores a Francia (Loi Macron: construcci\u00f3n e industria). En el v\u00eddeo encontrar\u00e1, entre otras cosas, informaci\u00f3n sobre: <\/p>\n<ul>\n    <li>aplicaci\u00f3n de la ley,<\/li>\n    <li>documentos,<\/li>\n    <li>responsabilidad de las partes,<\/li>\n    <li>y posibles sanciones,<\/li>\n    <li>as\u00ed como la forma de colaborar con nosotros para desplazar a sus empleados a Francia sin problemas.<\/li>\n<\/ul>\t\t\t\t\t\t\t\t<\/div>\n\t\t\t\t<\/div>\n\t\t\t\t\t<\/div>\n\t\t<\/div>\n\t\t\t\t\t<\/div>\n\t\t<\/section>\n\t\t\t\t<section class=\"elementor-section elementor-top-section elementor-element elementor-element-dbb105e elementor-section-boxed elementor-section-height-default elementor-section-height-default\" data-id=\"dbb105e\" data-element_type=\"section\">\n\t\t\t\t\t\t<div class=\"elementor-container elementor-column-gap-default\">\n\t\t\t\t\t<div class=\"elementor-column elementor-col-100 elementor-top-column elementor-element elementor-element-80d9ac4\" data-id=\"80d9ac4\" data-element_type=\"column\">\n\t\t\t<div class=\"elementor-widget-wrap elementor-element-populated\">\n\t\t\t\t\t\t<div class=\"elementor-element elementor-element-84b5cf8 elementor-widget elementor-widget-text-editor\" data-id=\"84b5cf8\" data-element_type=\"widget\" data-widget_type=\"text-editor.default\">\n\t\t\t\t<div class=\"elementor-widget-container\">\n\t\t\t\t\t\t\t\t\t<p><span style=\"font-weight: 400;\">A la hora de explotar una empresa del sector de la construcci\u00f3n y la industria en Francia, la Ley Macron, en vigor desde 2016, puede tener un impacto en la inversi\u00f3n extranjera y la cooperaci\u00f3n con los empleados derivado de las condiciones <\/span><span style=\"font-weight: 400;\">de empleo<\/span><span style=\"font-weight: 400;\">.<\/span> <\/p>\n<p><span style=\"font-weight: 400;\">Merece la pena fijarse no solo en los cambios, sino tambi\u00e9n en las oportunidades que brinda la Ley Macron para comprender las tendencias locales, prepararse para los posibles retos y aprovecharlos para hacer crecer su negocio en el pa\u00eds.<\/span><\/p>\t\t\t\t\t\t\t\t<\/div>\n\t\t\t\t<\/div>\n\t\t\t\t<div class=\"elementor-element elementor-element-1ebfab5 elementor-invisible elementor-widget elementor-widget-heading\" data-id=\"1ebfab5\" data-element_type=\"widget\" data-settings=\"{&quot;_animation&quot;:&quot;fadeIn&quot;}\" data-widget_type=\"heading.default\">\n\t\t\t\t<div class=\"elementor-widget-container\">\n\t\t\t\t\t<h2 class=\"elementor-heading-title elementor-size-default\">\u00bfQu\u00e9 ventajas aporta la Ley Macron a las empresas industriales francesas? <\/h2>\t\t\t\t<\/div>\n\t\t\t\t<\/div>\n\t\t\t\t<div class=\"elementor-element elementor-element-17050cd elementor-widget elementor-widget-text-editor\" data-id=\"17050cd\" data-element_type=\"widget\" data-widget_type=\"text-editor.default\">\n\t\t\t\t<div class=\"elementor-widget-container\">\n\t\t\t\t\t\t\t\t\t<p><span style=\"font-weight: 400;\">La Loi Macron francesa, tambi\u00e9n conocida como Ley Macron, entr\u00f3 en vigor el 1 de julio de 2016. Regula los aspectos legales relacionados con el desplazamiento de trabajadores y el salario m\u00ednimo de los camioneros que circulan por territorio franc\u00e9s. <\/span><\/p>\n<p><span style=\"font-weight: 400;\">Una de las disposiciones m\u00e1s importantes de esta ley es la necesidad de nombrar un representante de la empresa en Francia. Un aspecto importante es que el representante hable franc\u00e9s con fluidez. Esto permite una comunicaci\u00f3n eficaz con las autoridades de control y las autoridades, ayudando a minimizar posibles problemas o malentendidos durante las inspecciones.  <\/span><\/p>\n<p><span style=\"font-weight: 400;\">Trabajar con un representante experimentado aporta muchas ventajas. El equipo profesional de Impol facilita a los empresarios de diversos sectores en Francia la tramitaci\u00f3n  <\/span><span style=\"font-weight: 400;\">de todos los tr\u00e1mites. Le asistiremos en caso de problemas derivados de una serie de acontecimientos fortuitos y le ayudaremos a evitar posibles sanciones econ\u00f3micas. Ya se trate de un veh\u00edculo detenido por la polic\u00eda, de ambig\u00fcedades en los formularios o de un recurso contra una multa en Francia, un representante se pondr\u00e1 en contacto con los servicios competentes para aclarar la situaci\u00f3n.  <\/span><\/p>\t\t\t\t\t\t\t\t<\/div>\n\t\t\t\t<\/div>\n\t\t\t\t<div class=\"elementor-element elementor-element-eb9f781 elementor-invisible elementor-widget elementor-widget-heading\" data-id=\"eb9f781\" data-element_type=\"widget\" data-settings=\"{&quot;_animation&quot;:&quot;fadeIn&quot;}\" data-widget_type=\"heading.default\">\n\t\t\t\t<div class=\"elementor-widget-container\">\n\t\t\t\t\t<h2 class=\"elementor-heading-title elementor-size-default\">Representaci\u00f3n experta: clave del \u00e9xito de las empresas industriales en Francia<\/h2>\t\t\t\t<\/div>\n\t\t\t\t<\/div>\n\t\t\t\t<div class=\"elementor-element elementor-element-18de5d9 elementor-widget elementor-widget-text-editor\" data-id=\"18de5d9\" data-element_type=\"widget\" data-widget_type=\"text-editor.default\">\n\t\t\t\t<div class=\"elementor-widget-container\">\n\t\t\t\t\t\t\t\t\t<p><span style=\"font-weight: 400;\">Con nuestro conocimiento de la Loi Macron y nuestra amplia experiencia en la representaci\u00f3n de empresas en Francia, le ayudaremos con \u00e9xito a aprovechar las oportunidades legales para el desarrollo empresarial en este pa\u00eds.<\/span><\/p>\n<p><span style=\"font-weight: 400;\">Impol ofrece una amplia gama de servicios. Garantizamos un apoyo experto en la gesti\u00f3n de tr\u00e1mites, la ampliaci\u00f3n de la asistencia jur\u00eddica y la realizaci\u00f3n de las traducciones necesarias. Llevaremos a cabo una evaluaci\u00f3n exhaustiva de la movilidad de los empleados enviados a proyectos en el extranjero y nuestros expertos explicar\u00e1n las obligaciones del empresario a este respecto. Nos ocuparemos de la preparaci\u00f3n de las notificaciones de los trabajadores desplazados y prestaremos apoyo en cuestiones relacionadas con aspectos jur\u00eddicos y laborales. Nos encargaremos de la mediaci\u00f3n con la Inspecci\u00f3n de Trabajo y los servicios de inspecci\u00f3n. Realizaremos el archivo de documentos. Le ayudaremos a recuperar el IVA del extranjero y llevaremos a cabo el cobro de deudas en Francia. Tambi\u00e9n le ayudaremos en las negociaciones con los clientes. Adem\u00e1s, ofrecemos un servicio integral para asuntos administrativos y contables.        <\/span><\/p>\n<p><span style=\"font-weight: 400;\">La barrera del idioma o las diferencias culturales ya no ser\u00e1n un problema. Nuestro equipo domina el franc\u00e9s con sutilezas culturales, lo que garantiza la m\u00e1xima calidad y eficacia. Trabajar con Impol significa tener acceso a nuestro conocimiento de las leyes y normativas francesas. Esto es especialmente importante en el contexto de las leyes aplicables a las empresas del sector industrial en Francia.   <\/span><\/p>\n<p><span style=\"font-weight: 400;\">Le invitamos a ponerse en contacto con nosotros para aprovechar al m\u00e1ximo el potencial y los recursos de su empresa.<\/span><\/p>\t\t\t\t\t\t\t\t<\/div>\n\t\t\t\t<\/div>\n\t\t\t\t\t<\/div>\n\t\t<\/div>\n\t\t\t\t\t<\/div>\n\t\t<\/section>\n\t\t\t\t<\/div>\n\t\t","protected":false},"excerpt":{"rendered":"<p>https:\/\/www.youtube.com\/watch?v=J4CIkgh2xuw Todo lo que debe saber a la hora de desplazar trabajadores a Francia (Loi Macron: construcci\u00f3n e industria). En el v\u00eddeo encontrar\u00e1, entre otras cosas, informaci\u00f3n sobre: aplicaci\u00f3n de la ley, documentos, responsabilidad de las partes, y posibles sanciones, as\u00ed como la forma de colaborar con nosotros para desplazar a sus empleados a Francia &hellip;<\/p>\n<p class=\"read-more\"> <a class=\"\" href=\"https:\/\/impolsarl.com\/es\/loi-macron-y-la-representacion-en-francia-construccion-e-industria\/\"> <span class=\"screen-reader-text\">Loi Macron y la representaci\u00f3n en Francia &#8211; construcci\u00f3n e industria<\/span> Leer m\u00e1s \u00bb<\/a><\/p>\n","protected":false},"author":5,"featured_media":4996,"parent":0,"menu_order":46,"comment_status":"closed","ping_status":"closed","template":"","meta":{"_acf_changed":false,"site-sidebar-layout":"default","site-content-layout":"","ast-site-content-layout":"","site-content-style":"default","site-sidebar-style":"default","ast-global-header-display":"","ast-banner-title-visibility":"","ast-main-header-display":"","ast-hfb-above-header-display":"","ast-hfb-below-header-display":"","ast-hfb-mobile-header-display":"","site-post-title":"","ast-breadcrumbs-content":"","ast-featured-img":"","footer-sml-layout":"","theme-transparent-header-meta":"","adv-header-id-meta":"","stick-header-meta":"","header-above-stick-meta":"","header-main-stick-meta":"","header-below-stick-meta":"","astra-migrate-meta-layouts":"default","ast-page-background-enabled":"default","ast-page-background-meta":{"desktop":{"background-color":"var(--ast-global-color-4)","background-image":"","background-repeat":"repeat","background-position":"center center","background-size":"auto","background-attachment":"scroll","background-type":"","background-media":"","overlay-type":"","overlay-color":"","overlay-gradient":""},"tablet":{"background-color":"","background-image":"","background-repeat":"repeat","background-position":"center center","background-size":"auto","background-attachment":"scroll","background-type":"","background-media":"","overlay-type":"","overlay-color":"","overlay-gradient":""},"mobile":{"background-color":"","background-image":"","background-repeat":"repeat","background-position":"center center","background-size":"auto","background-attachment":"scroll","background-type":"","background-media":"","overlay-type":"","overlay-color":"","overlay-gradient":""}},"ast-content-background-meta":{"desktop":{"background-color":"var(--ast-global-color-5)","background-image":"","background-repeat":"repeat","background-position":"center center","background-size":"auto","background-attachment":"scroll","background-type":"","background-media":"","overlay-type":"","overlay-color":"","overlay-gradient":""},"tablet":{"background-color":"var(--ast-global-color-5)","background-image":"","background-repeat":"repeat","background-position":"center center","background-size":"auto","background-attachment":"scroll","background-type":"","background-media":"","overlay-type":"","overlay-color":"","overlay-gradient":""},"mobile":{"background-color":"var(--ast-global-color-5)","background-image":"","background-repeat":"repeat","background-position":"center center","background-size":"auto","background-attachment":"scroll","background-type":"","background-media":"","overlay-type":"","overlay-color":"","overlay-gradient":""}},"footnotes":""},"folder":[91],"class_list":["post-5467","page","type-page","status-publish","has-post-thumbnail","hentry"],"acf":[],"yoast_head":"<!-- This site is optimized with the Yoast SEO Premium plugin v24.7 (Yoast SEO v24.7) - https:\/\/yoast.com\/wordpress\/plugins\/seo\/ -->\n<title>Representaci\u00f3n de empresas industriales en Francia | IMPOL<\/title>\n<meta name=\"description\" content=\"Impol es la representaci\u00f3n experta de su empresa en el extranjero. Llevamos a\u00f1os contribuyendo al \u00e9xito de empresas industriales y de la construcci\u00f3n en Francia. \u00a1Descubra los detalles!\" \/>\n<meta name=\"robots\" content=\"index, follow, max-snippet:-1, max-image-preview:large, max-video-preview:-1\" \/>\n<link rel=\"canonical\" href=\"https:\/\/impolsarl.com\/es\/loi-macron-y-la-representacion-en-francia-construccion-e-industria\/\" \/>\n<meta property=\"og:locale\" content=\"es_ES\" \/>\n<meta property=\"og:type\" content=\"article\" \/>\n<meta property=\"og:title\" content=\"Loi Macron y la representaci\u00f3n en Francia - construcci\u00f3n e industria\" \/>\n<meta property=\"og:description\" content=\"Impol es la representaci\u00f3n experta de su empresa en el extranjero. Llevamos a\u00f1os contribuyendo al \u00e9xito de empresas industriales y de la construcci\u00f3n en Francia. \u00a1Descubra los detalles!\" \/>\n<meta property=\"og:url\" content=\"https:\/\/impolsarl.com\/es\/loi-macron-y-la-representacion-en-francia-construccion-e-industria\/\" \/>\n<meta property=\"og:site_name\" content=\"Impol - Reprezentant we Francji od ponad dekady! +48 502 50 70 74\" \/>\n<meta property=\"article:publisher\" content=\"https:\/\/www.facebook.com\/przedstawicieltransportuwefrancji\/\" \/>\n<meta property=\"article:modified_time\" content=\"2025-04-22T17:05:27+00:00\" \/>\n<meta property=\"og:image\" content=\"https:\/\/impolsarl.com\/wp-content\/uploads\/2021\/02\/btp-ind.jpg\" \/>\n\t<meta property=\"og:image:width\" content=\"266\" \/>\n\t<meta property=\"og:image:height\" content=\"189\" \/>\n\t<meta property=\"og:image:type\" content=\"image\/jpeg\" \/>\n<meta name=\"twitter:card\" content=\"summary_large_image\" \/>\n<meta name=\"twitter:label1\" content=\"Tiempo de lectura\" \/>\n\t<meta name=\"twitter:data1\" content=\"3 minutos\" \/>\n<script type=\"application\/ld+json\" class=\"yoast-schema-graph\">{\"@context\":\"https:\/\/schema.org\",\"@graph\":[{\"@type\":\"WebPage\",\"@id\":\"https:\/\/impolsarl.com\/es\/loi-macron-y-la-representacion-en-francia-construccion-e-industria\/\",\"url\":\"https:\/\/impolsarl.com\/es\/loi-macron-y-la-representacion-en-francia-construccion-e-industria\/\",\"name\":\"Representaci\u00f3n de empresas industriales en Francia | IMPOL\",\"isPartOf\":{\"@id\":\"https:\/\/impolsarl.com\/#website\"},\"primaryImageOfPage\":{\"@id\":\"https:\/\/impolsarl.com\/es\/loi-macron-y-la-representacion-en-francia-construccion-e-industria\/#primaryimage\"},\"image\":{\"@id\":\"https:\/\/impolsarl.com\/es\/loi-macron-y-la-representacion-en-francia-construccion-e-industria\/#primaryimage\"},\"thumbnailUrl\":\"https:\/\/impolsarl.com\/wp-content\/uploads\/2021\/02\/btp-ind.jpg\",\"datePublished\":\"2019-07-29T19:18:38+00:00\",\"dateModified\":\"2025-04-22T17:05:27+00:00\",\"description\":\"Impol es la representaci\u00f3n experta de su empresa en el extranjero. Llevamos a\u00f1os contribuyendo al \u00e9xito de empresas industriales y de la construcci\u00f3n en Francia. \u00a1Descubra los detalles!\",\"breadcrumb\":{\"@id\":\"https:\/\/impolsarl.com\/es\/loi-macron-y-la-representacion-en-francia-construccion-e-industria\/#breadcrumb\"},\"inLanguage\":\"es\",\"potentialAction\":[{\"@type\":\"ReadAction\",\"target\":[\"https:\/\/impolsarl.com\/es\/loi-macron-y-la-representacion-en-francia-construccion-e-industria\/\"]}]},{\"@type\":\"ImageObject\",\"inLanguage\":\"es\",\"@id\":\"https:\/\/impolsarl.com\/es\/loi-macron-y-la-representacion-en-francia-construccion-e-industria\/#primaryimage\",\"url\":\"https:\/\/impolsarl.com\/wp-content\/uploads\/2021\/02\/btp-ind.jpg\",\"contentUrl\":\"https:\/\/impolsarl.com\/wp-content\/uploads\/2021\/02\/btp-ind.jpg\",\"width\":266,\"height\":189},{\"@type\":\"BreadcrumbList\",\"@id\":\"https:\/\/impolsarl.com\/es\/loi-macron-y-la-representacion-en-francia-construccion-e-industria\/#breadcrumb\",\"itemListElement\":[{\"@type\":\"ListItem\",\"position\":1,\"name\":\"Strona g\u0142\u00f3wna\",\"item\":\"https:\/\/impolsarl.com\/es\/pagina-de-inicio\/\"},{\"@type\":\"ListItem\",\"position\":2,\"name\":\"Loi Macron y la representaci\u00f3n en Francia &#8211; construcci\u00f3n e industria\"}]},{\"@type\":\"WebSite\",\"@id\":\"https:\/\/impolsarl.com\/#website\",\"url\":\"https:\/\/impolsarl.com\/\",\"name\":\"Impol - Reprezentant we Francji od ponad dekady! +48 502 50 70 74\",\"description\":\"Impol SARL - Przedstawiciel transportu w Europie\",\"publisher\":{\"@id\":\"https:\/\/impolsarl.com\/#organization\"},\"potentialAction\":[{\"@type\":\"SearchAction\",\"target\":{\"@type\":\"EntryPoint\",\"urlTemplate\":\"https:\/\/impolsarl.com\/?s={search_term_string}\"},\"query-input\":{\"@type\":\"PropertyValueSpecification\",\"valueRequired\":true,\"valueName\":\"search_term_string\"}}],\"inLanguage\":\"es\"},{\"@type\":\"Organization\",\"@id\":\"https:\/\/impolsarl.com\/#organization\",\"name\":\"Impol - Przedstawiciel Transportu i Pracownikow Delegowanych Do Francji\",\"url\":\"https:\/\/impolsarl.com\/\",\"logo\":{\"@type\":\"ImageObject\",\"inLanguage\":\"es\",\"@id\":\"https:\/\/impolsarl.com\/#\/schema\/logo\/image\/\",\"url\":\"https:\/\/impolsarl.com\/wp-content\/uploads\/2018\/08\/logo-1.png\",\"contentUrl\":\"https:\/\/impolsarl.com\/wp-content\/uploads\/2018\/08\/logo-1.png\",\"width\":133,\"height\":126,\"caption\":\"Impol - Przedstawiciel Transportu i Pracownikow Delegowanych Do Francji\"},\"image\":{\"@id\":\"https:\/\/impolsarl.com\/#\/schema\/logo\/image\/\"},\"sameAs\":[\"https:\/\/www.facebook.com\/przedstawicieltransportuwefrancji\/\",\"https:\/\/www.youtube.com\/watch?v=2zjQ9NJBf04\"]}]}<\/script>\n<!-- \/ Yoast SEO Premium plugin. -->","yoast_head_json":{"title":"Representaci\u00f3n de empresas industriales en Francia | IMPOL","description":"Impol es la representaci\u00f3n experta de su empresa en el extranjero. Llevamos a\u00f1os contribuyendo al \u00e9xito de empresas industriales y de la construcci\u00f3n en Francia. \u00a1Descubra los detalles!","robots":{"index":"index","follow":"follow","max-snippet":"max-snippet:-1","max-image-preview":"max-image-preview:large","max-video-preview":"max-video-preview:-1"},"canonical":"https:\/\/impolsarl.com\/es\/loi-macron-y-la-representacion-en-francia-construccion-e-industria\/","og_locale":"es_ES","og_type":"article","og_title":"Loi Macron y la representaci\u00f3n en Francia - construcci\u00f3n e industria","og_description":"Impol es la representaci\u00f3n experta de su empresa en el extranjero. Llevamos a\u00f1os contribuyendo al \u00e9xito de empresas industriales y de la construcci\u00f3n en Francia. \u00a1Descubra los detalles!","og_url":"https:\/\/impolsarl.com\/es\/loi-macron-y-la-representacion-en-francia-construccion-e-industria\/","og_site_name":"Impol - Reprezentant we Francji od ponad dekady! +48 502 50 70 74","article_publisher":"https:\/\/www.facebook.com\/przedstawicieltransportuwefrancji\/","article_modified_time":"2025-04-22T17:05:27+00:00","og_image":[{"width":266,"height":189,"url":"https:\/\/impolsarl.com\/wp-content\/uploads\/2021\/02\/btp-ind.jpg","type":"image\/jpeg"}],"twitter_card":"summary_large_image","twitter_misc":{"Tiempo de lectura":"3 minutos"},"schema":{"@context":"https:\/\/schema.org","@graph":[{"@type":"WebPage","@id":"https:\/\/impolsarl.com\/es\/loi-macron-y-la-representacion-en-francia-construccion-e-industria\/","url":"https:\/\/impolsarl.com\/es\/loi-macron-y-la-representacion-en-francia-construccion-e-industria\/","name":"Representaci\u00f3n de empresas industriales en Francia | IMPOL","isPartOf":{"@id":"https:\/\/impolsarl.com\/#website"},"primaryImageOfPage":{"@id":"https:\/\/impolsarl.com\/es\/loi-macron-y-la-representacion-en-francia-construccion-e-industria\/#primaryimage"},"image":{"@id":"https:\/\/impolsarl.com\/es\/loi-macron-y-la-representacion-en-francia-construccion-e-industria\/#primaryimage"},"thumbnailUrl":"https:\/\/impolsarl.com\/wp-content\/uploads\/2021\/02\/btp-ind.jpg","datePublished":"2019-07-29T19:18:38+00:00","dateModified":"2025-04-22T17:05:27+00:00","description":"Impol es la representaci\u00f3n experta de su empresa en el extranjero. Llevamos a\u00f1os contribuyendo al \u00e9xito de empresas industriales y de la construcci\u00f3n en Francia. \u00a1Descubra los detalles!","breadcrumb":{"@id":"https:\/\/impolsarl.com\/es\/loi-macron-y-la-representacion-en-francia-construccion-e-industria\/#breadcrumb"},"inLanguage":"es","potentialAction":[{"@type":"ReadAction","target":["https:\/\/impolsarl.com\/es\/loi-macron-y-la-representacion-en-francia-construccion-e-industria\/"]}]},{"@type":"ImageObject","inLanguage":"es","@id":"https:\/\/impolsarl.com\/es\/loi-macron-y-la-representacion-en-francia-construccion-e-industria\/#primaryimage","url":"https:\/\/impolsarl.com\/wp-content\/uploads\/2021\/02\/btp-ind.jpg","contentUrl":"https:\/\/impolsarl.com\/wp-content\/uploads\/2021\/02\/btp-ind.jpg","width":266,"height":189},{"@type":"BreadcrumbList","@id":"https:\/\/impolsarl.com\/es\/loi-macron-y-la-representacion-en-francia-construccion-e-industria\/#breadcrumb","itemListElement":[{"@type":"ListItem","position":1,"name":"Strona g\u0142\u00f3wna","item":"https:\/\/impolsarl.com\/es\/pagina-de-inicio\/"},{"@type":"ListItem","position":2,"name":"Loi Macron y la representaci\u00f3n en Francia &#8211; construcci\u00f3n e industria"}]},{"@type":"WebSite","@id":"https:\/\/impolsarl.com\/#website","url":"https:\/\/impolsarl.com\/","name":"Impol - Reprezentant we Francji od ponad dekady! +48 502 50 70 74","description":"Impol SARL - Przedstawiciel transportu w Europie","publisher":{"@id":"https:\/\/impolsarl.com\/#organization"},"potentialAction":[{"@type":"SearchAction","target":{"@type":"EntryPoint","urlTemplate":"https:\/\/impolsarl.com\/?s={search_term_string}"},"query-input":{"@type":"PropertyValueSpecification","valueRequired":true,"valueName":"search_term_string"}}],"inLanguage":"es"},{"@type":"Organization","@id":"https:\/\/impolsarl.com\/#organization","name":"Impol - Przedstawiciel Transportu i Pracownikow Delegowanych Do Francji","url":"https:\/\/impolsarl.com\/","logo":{"@type":"ImageObject","inLanguage":"es","@id":"https:\/\/impolsarl.com\/#\/schema\/logo\/image\/","url":"https:\/\/impolsarl.com\/wp-content\/uploads\/2018\/08\/logo-1.png","contentUrl":"https:\/\/impolsarl.com\/wp-content\/uploads\/2018\/08\/logo-1.png","width":133,"height":126,"caption":"Impol - Przedstawiciel Transportu i Pracownikow Delegowanych Do Francji"},"image":{"@id":"https:\/\/impolsarl.com\/#\/schema\/logo\/image\/"},"sameAs":["https:\/\/www.facebook.com\/przedstawicieltransportuwefrancji\/","https:\/\/www.youtube.com\/watch?v=2zjQ9NJBf04"]}]}},"_links":{"self":[{"href":"https:\/\/impolsarl.com\/es\/wp-json\/wp\/v2\/pages\/5467","targetHints":{"allow":["GET"]}}],"collection":[{"href":"https:\/\/impolsarl.com\/es\/wp-json\/wp\/v2\/pages"}],"about":[{"href":"https:\/\/impolsarl.com\/es\/wp-json\/wp\/v2\/types\/page"}],"author":[{"embeddable":true,"href":"https:\/\/impolsarl.com\/es\/wp-json\/wp\/v2\/users\/5"}],"replies":[{"embeddable":true,"href":"https:\/\/impolsarl.com\/es\/wp-json\/wp\/v2\/comments?post=5467"}],"version-history":[{"count":1,"href":"https:\/\/impolsarl.com\/es\/wp-json\/wp\/v2\/pages\/5467\/revisions"}],"predecessor-version":[{"id":5468,"href":"https:\/\/impolsarl.com\/es\/wp-json\/wp\/v2\/pages\/5467\/revisions\/5468"}],"wp:featuredmedia":[{"embeddable":true,"href":"https:\/\/impolsarl.com\/es\/wp-json\/wp\/v2\/media\/4996"}],"wp:attachment":[{"href":"https:\/\/impolsarl.com\/es\/wp-json\/wp\/v2\/media?parent=5467"}],"wp:term":[{"taxonomy":"folder","embeddable":true,"href":"https:\/\/impolsarl.com\/es\/wp-json\/wp\/v2\/folder?post=5467"}],"curies":[{"name":"wp","href":"https:\/\/api.w.org\/{rel}","templated":true}]}}