{"id":5461,"date":"2019-07-16T22:57:55","date_gmt":"2019-07-16T20:57:55","guid":{"rendered":"https:\/\/impolsarl.com\/conviertase-en-nuestro-socio\/"},"modified":"2025-04-22T18:48:21","modified_gmt":"2025-04-22T16:48:21","slug":"conviertase-en-nuestro-socio","status":"publish","type":"page","link":"https:\/\/impolsarl.com\/es\/conviertase-en-nuestro-socio\/","title":{"rendered":"Convi\u00e9rtase en nuestro socio"},"content":{"rendered":"\n<p><strong>En Impol, es de vital importancia para nosotros mantener colaboraciones positivas, especialmente en el contexto de la cambiante normativa sobre el desplazamiento de trabajadores a Francia y a otros pa\u00edses de la UE y del resto del mundo.<\/strong><\/p>\n\n<p class=\"has-text-align-center\"><img decoding=\"async\" width=\"150\" height=\"150\" class=\"wp-image-1726\" style=\"width: 150px;\" src=\"https:\/\/impolsarl.com\/wp-content\/uploads\/2019\/07\/partnerstwo.png\" alt=\"\" srcset=\"https:\/\/impolsarl.com\/wp-content\/uploads\/2019\/07\/partnerstwo.png 225w, https:\/\/impolsarl.com\/wp-content\/uploads\/2019\/07\/partnerstwo-100x100.png 100w, https:\/\/impolsarl.com\/wp-content\/uploads\/2019\/07\/partnerstwo-150x150.png 150w\" sizes=\"(max-width: 150px) 100vw, 150px\" \/><\/p>\n\n<p>\u00bfEs usted una oficina de horas de conducci\u00f3n, un representante de una agencia de traducci\u00f3n, un bufete de abogados, una asesor\u00eda fiscal y financiera o representa a un grupo m\u00e1s amplio de empresas sujetas a los tr\u00e1mites de la Ley Macron en Francia? Le estamos buscando.  <\/p>\n\n<p>P\u00f3ngase en contacto con nosotros hoy mismo y benef\u00edciese de nuestro programa de afiliados ganando una comisi\u00f3n por recomendaci\u00f3n.<\/p>\n\n<p class=\"has-text-align-center\"><strong>CONVI\u00c9RTASE EN NUESTRO SOCIO EN MENOS DE UNA HORA<\/strong><\/p>\n\n<p class=\"has-text-align-center\"><strong> Hace m\u00e1s de 30 a\u00f1os que existimos como empresa en Francia. <\/strong><\/p>\n\n<p class=\"has-text-align-center\"><strong>Proporcionamos asistencia fiable en Francia los 7 d\u00edas de la semana. <\/strong><\/p>\n\n<div class=\"schema-how-to wp-block-yoast-how-to-block\"><p class=\"schema-how-to-total-time\"><span class=\"schema-how-to-duration-time-text\">Tiempo necesario<\/span>: 1 hora. <\/p><p class=\"schema-how-to-description\"> Si busca un representante de confianza en Francia, p\u00f3ngase en contacto con nosotros hoy mismo y aproveche nuestro programa de afiliaci\u00f3n, \u00a1ganando un beneficio por su recomendaci\u00f3n! <\/p> <ol class=\"schema-how-to-steps\"><li class=\"schema-how-to-step\" id=\"how-to-step-1563307657136\"><strong class=\"schema-how-to-step-name\">Contacto con nosotros<\/strong> <p class=\"schema-how-to-step-text\">Env\u00edenos un correo electr\u00f3nico a: <a href=\"reprezentacja.francji@gmail.com\">reprezentacja.francja@gmail.com<\/a>, rellene el formulario de contacto o ll\u00e1menos especificando qu\u00e9 tipo de cooperaci\u00f3n busca.<br\/>Facil\u00edtenos previamente los datos de su empresa y una descripci\u00f3n del perfil de los clientes a los que representa.<\/p> <\/li><li class=\"schema-how-to-step\" id=\"how-to-step-1563307785466\"><strong class=\"schema-how-to-step-name\"> Oferta actual <\/strong> <p class=\"schema-how-to-step-text\">En pocas horas, bas\u00e1ndonos en un an\u00e1lisis de sus necesidades, prepararemos una oferta a medida para nuestra futura cooperaci\u00f3n.<\/p> <\/li><li class=\"schema-how-to-step\" id=\"how-to-step-1563308523418\"><strong class=\"schema-how-to-step-name\"> Condiciones de cooperaci\u00f3n<\/strong> <p class=\"schema-how-to-step-text\">Una vez aceptadas las necesidades de ambas partes, estableceremos las condiciones de cooperaci\u00f3n y el sistema de comisiones por objetivos.<\/p> <\/li><li class=\"schema-how-to-step\" id=\"how-to-step-1563308657929\"><strong class=\"schema-how-to-step-name\">Inicio de la cooperaci\u00f3n <\/strong> <p class=\"schema-how-to-step-text\">Una vez aceptadas las condiciones, comenzaremos a representar conjuntamente los intereses de nuestros clientes.<\/p> <\/li><\/ol><\/div>\n\n<p><\/p>\n","protected":false},"excerpt":{"rendered":"<p>En Impol, es de vital importancia para nosotros mantener colaboraciones positivas, especialmente en el contexto de la cambiante normativa sobre el desplazamiento de trabajadores a Francia y a otros pa\u00edses de la UE y del resto del mundo. \u00bfEs usted una oficina de horas de conducci\u00f3n, un representante de una agencia de traducci\u00f3n, un bufete &hellip;<\/p>\n<p class=\"read-more\"> <a class=\"\" href=\"https:\/\/impolsarl.com\/es\/conviertase-en-nuestro-socio\/\"> <span class=\"screen-reader-text\">Convi\u00e9rtase en nuestro socio<\/span> Leer m\u00e1s \u00bb<\/a><\/p>\n","protected":false},"author":5,"featured_media":4729,"parent":0,"menu_order":45,"comment_status":"closed","ping_status":"closed","template":"","meta":{"_acf_changed":false,"site-sidebar-layout":"default","site-content-layout":"","ast-site-content-layout":"","site-content-style":"default","site-sidebar-style":"default","ast-global-header-display":"","ast-banner-title-visibility":"","ast-main-header-display":"","ast-hfb-above-header-display":"","ast-hfb-below-header-display":"","ast-hfb-mobile-header-display":"","site-post-title":"","ast-breadcrumbs-content":"","ast-featured-img":"disabled","footer-sml-layout":"","theme-transparent-header-meta":"","adv-header-id-meta":"","stick-header-meta":"","header-above-stick-meta":"","header-main-stick-meta":"","header-below-stick-meta":"","astra-migrate-meta-layouts":"default","ast-page-background-enabled":"default","ast-page-background-meta":{"desktop":{"background-color":"var(--ast-global-color-4)","background-image":"","background-repeat":"repeat","background-position":"center center","background-size":"auto","background-attachment":"scroll","background-type":"","background-media":"","overlay-type":"","overlay-color":"","overlay-gradient":""},"tablet":{"background-color":"","background-image":"","background-repeat":"repeat","background-position":"center center","background-size":"auto","background-attachment":"scroll","background-type":"","background-media":"","overlay-type":"","overlay-color":"","overlay-gradient":""},"mobile":{"background-color":"","background-image":"","background-repeat":"repeat","background-position":"center center","background-size":"auto","background-attachment":"scroll","background-type":"","background-media":"","overlay-type":"","overlay-color":"","overlay-gradient":""}},"ast-content-background-meta":{"desktop":{"background-color":"var(--ast-global-color-5)","background-image":"","background-repeat":"repeat","background-position":"center center","background-size":"auto","background-attachment":"scroll","background-type":"","background-media":"","overlay-type":"","overlay-color":"","overlay-gradient":""},"tablet":{"background-color":"var(--ast-global-color-5)","background-image":"","background-repeat":"repeat","background-position":"center center","background-size":"auto","background-attachment":"scroll","background-type":"","background-media":"","overlay-type":"","overlay-color":"","overlay-gradient":""},"mobile":{"background-color":"var(--ast-global-color-5)","background-image":"","background-repeat":"repeat","background-position":"center center","background-size":"auto","background-attachment":"scroll","background-type":"","background-media":"","overlay-type":"","overlay-color":"","overlay-gradient":""}},"footnotes":""},"folder":[94],"class_list":["post-5461","page","type-page","status-publish","has-post-thumbnail","hentry"],"acf":[],"yoast_head":"<!-- This site is optimized with the Yoast SEO Premium plugin v24.7 (Yoast SEO v24.7) - https:\/\/yoast.com\/wordpress\/plugins\/seo\/ -->\n<title>Convi\u00e9rtase en nuestro socio - Impol - Reprezentant we Francji od ponad dekady! +48 502 50 70 74<\/title>\n<meta name=\"description\" content=\"\u00bfEs usted una oficina de horas de conducci\u00f3n y busca un socio de confianza dt. Loi Macron en Francia? P\u00f3ngase en contacto con nosotros.\" \/>\n<meta name=\"robots\" content=\"index, follow, max-snippet:-1, max-image-preview:large, max-video-preview:-1\" \/>\n<link rel=\"canonical\" href=\"https:\/\/impolsarl.com\/es\/conviertase-en-nuestro-socio\/\" \/>\n<meta property=\"og:locale\" content=\"es_ES\" \/>\n<meta property=\"og:type\" content=\"article\" \/>\n<meta property=\"og:title\" content=\"Convi\u00e9rtase en nuestro socio\" \/>\n<meta property=\"og:description\" content=\"\u00bfEs usted una oficina de horas de conducci\u00f3n y busca un socio de confianza dt. Loi Macron en Francia? P\u00f3ngase en contacto con nosotros.\" \/>\n<meta property=\"og:url\" content=\"https:\/\/impolsarl.com\/es\/conviertase-en-nuestro-socio\/\" \/>\n<meta property=\"og:site_name\" content=\"Impol - Reprezentant we Francji od ponad dekady! +48 502 50 70 74\" \/>\n<meta property=\"article:publisher\" content=\"https:\/\/www.facebook.com\/przedstawicieltransportuwefrancji\/\" \/>\n<meta property=\"article:modified_time\" content=\"2025-04-22T16:48:21+00:00\" \/>\n<meta property=\"og:image\" content=\"https:\/\/impolsarl.com\/wp-content\/uploads\/2019\/07\/partnerstwo.png\" \/>\n\t<meta property=\"og:image:width\" content=\"225\" \/>\n\t<meta property=\"og:image:height\" content=\"225\" \/>\n\t<meta property=\"og:image:type\" content=\"image\/png\" \/>\n<meta name=\"twitter:card\" content=\"summary_large_image\" \/>\n<meta name=\"twitter:label1\" content=\"Tiempo de lectura\" \/>\n\t<meta name=\"twitter:data1\" content=\"1 minuto\" \/>\n<script type=\"application\/ld+json\" class=\"yoast-schema-graph\">{\"@context\":\"https:\/\/schema.org\",\"@graph\":[{\"@type\":\"WebPage\",\"@id\":\"https:\/\/impolsarl.com\/es\/conviertase-en-nuestro-socio\/\",\"url\":\"https:\/\/impolsarl.com\/es\/conviertase-en-nuestro-socio\/\",\"name\":\"Convi\u00e9rtase en nuestro socio - Impol - Reprezentant we Francji od ponad dekady! +48 502 50 70 74\",\"isPartOf\":{\"@id\":\"https:\/\/impolsarl.com\/#website\"},\"primaryImageOfPage\":{\"@id\":\"https:\/\/impolsarl.com\/es\/conviertase-en-nuestro-socio\/#primaryimage\"},\"image\":{\"@id\":\"https:\/\/impolsarl.com\/es\/conviertase-en-nuestro-socio\/#primaryimage\"},\"thumbnailUrl\":\"https:\/\/impolsarl.com\/wp-content\/uploads\/2019\/07\/partnerstwo.png\",\"datePublished\":\"2019-07-16T20:57:55+00:00\",\"dateModified\":\"2025-04-22T16:48:21+00:00\",\"description\":\"\u00bfEs usted una oficina de horas de conducci\u00f3n y busca un socio de confianza dt. Loi Macron en Francia? P\u00f3ngase en contacto con nosotros.\",\"breadcrumb\":{\"@id\":\"https:\/\/impolsarl.com\/es\/conviertase-en-nuestro-socio\/#breadcrumb\"},\"inLanguage\":\"es\",\"potentialAction\":[{\"@type\":\"ReadAction\",\"target\":[\"https:\/\/impolsarl.com\/es\/conviertase-en-nuestro-socio\/\"]}]},{\"@type\":\"ImageObject\",\"inLanguage\":\"es\",\"@id\":\"https:\/\/impolsarl.com\/es\/conviertase-en-nuestro-socio\/#primaryimage\",\"url\":\"https:\/\/impolsarl.com\/wp-content\/uploads\/2019\/07\/partnerstwo.png\",\"contentUrl\":\"https:\/\/impolsarl.com\/wp-content\/uploads\/2019\/07\/partnerstwo.png\",\"width\":225,\"height\":225},{\"@type\":\"BreadcrumbList\",\"@id\":\"https:\/\/impolsarl.com\/es\/conviertase-en-nuestro-socio\/#breadcrumb\",\"itemListElement\":[{\"@type\":\"ListItem\",\"position\":1,\"name\":\"Strona g\u0142\u00f3wna\",\"item\":\"https:\/\/impolsarl.com\/es\/pagina-de-inicio\/\"},{\"@type\":\"ListItem\",\"position\":2,\"name\":\"Convi\u00e9rtase en nuestro socio\"}]},{\"@type\":\"WebSite\",\"@id\":\"https:\/\/impolsarl.com\/#website\",\"url\":\"https:\/\/impolsarl.com\/\",\"name\":\"Impol - Reprezentant we Francji od ponad dekady! +48 502 50 70 74\",\"description\":\"Impol SARL - Przedstawiciel transportu w Europie\",\"publisher\":{\"@id\":\"https:\/\/impolsarl.com\/#organization\"},\"potentialAction\":[{\"@type\":\"SearchAction\",\"target\":{\"@type\":\"EntryPoint\",\"urlTemplate\":\"https:\/\/impolsarl.com\/?s={search_term_string}\"},\"query-input\":{\"@type\":\"PropertyValueSpecification\",\"valueRequired\":true,\"valueName\":\"search_term_string\"}}],\"inLanguage\":\"es\"},{\"@type\":\"Organization\",\"@id\":\"https:\/\/impolsarl.com\/#organization\",\"name\":\"Impol - Przedstawiciel Transportu i Pracownikow Delegowanych Do Francji\",\"url\":\"https:\/\/impolsarl.com\/\",\"logo\":{\"@type\":\"ImageObject\",\"inLanguage\":\"es\",\"@id\":\"https:\/\/impolsarl.com\/#\/schema\/logo\/image\/\",\"url\":\"https:\/\/impolsarl.com\/wp-content\/uploads\/2018\/08\/logo-1.png\",\"contentUrl\":\"https:\/\/impolsarl.com\/wp-content\/uploads\/2018\/08\/logo-1.png\",\"width\":133,\"height\":126,\"caption\":\"Impol - Przedstawiciel Transportu i Pracownikow Delegowanych Do Francji\"},\"image\":{\"@id\":\"https:\/\/impolsarl.com\/#\/schema\/logo\/image\/\"},\"sameAs\":[\"https:\/\/www.facebook.com\/przedstawicieltransportuwefrancji\/\",\"https:\/\/www.youtube.com\/watch?v=2zjQ9NJBf04\"]}]}<\/script>\n<!-- \/ Yoast SEO Premium plugin. -->","yoast_head_json":{"title":"Convi\u00e9rtase en nuestro socio - Impol - Reprezentant we Francji od ponad dekady! +48 502 50 70 74","description":"\u00bfEs usted una oficina de horas de conducci\u00f3n y busca un socio de confianza dt. Loi Macron en Francia? P\u00f3ngase en contacto con nosotros.","robots":{"index":"index","follow":"follow","max-snippet":"max-snippet:-1","max-image-preview":"max-image-preview:large","max-video-preview":"max-video-preview:-1"},"canonical":"https:\/\/impolsarl.com\/es\/conviertase-en-nuestro-socio\/","og_locale":"es_ES","og_type":"article","og_title":"Convi\u00e9rtase en nuestro socio","og_description":"\u00bfEs usted una oficina de horas de conducci\u00f3n y busca un socio de confianza dt. Loi Macron en Francia? P\u00f3ngase en contacto con nosotros.","og_url":"https:\/\/impolsarl.com\/es\/conviertase-en-nuestro-socio\/","og_site_name":"Impol - Reprezentant we Francji od ponad dekady! +48 502 50 70 74","article_publisher":"https:\/\/www.facebook.com\/przedstawicieltransportuwefrancji\/","article_modified_time":"2025-04-22T16:48:21+00:00","og_image":[{"width":225,"height":225,"url":"https:\/\/impolsarl.com\/wp-content\/uploads\/2019\/07\/partnerstwo.png","type":"image\/png"}],"twitter_card":"summary_large_image","twitter_misc":{"Tiempo de lectura":"1 minuto"},"schema":{"@context":"https:\/\/schema.org","@graph":[{"@type":"WebPage","@id":"https:\/\/impolsarl.com\/es\/conviertase-en-nuestro-socio\/","url":"https:\/\/impolsarl.com\/es\/conviertase-en-nuestro-socio\/","name":"Convi\u00e9rtase en nuestro socio - Impol - Reprezentant we Francji od ponad dekady! +48 502 50 70 74","isPartOf":{"@id":"https:\/\/impolsarl.com\/#website"},"primaryImageOfPage":{"@id":"https:\/\/impolsarl.com\/es\/conviertase-en-nuestro-socio\/#primaryimage"},"image":{"@id":"https:\/\/impolsarl.com\/es\/conviertase-en-nuestro-socio\/#primaryimage"},"thumbnailUrl":"https:\/\/impolsarl.com\/wp-content\/uploads\/2019\/07\/partnerstwo.png","datePublished":"2019-07-16T20:57:55+00:00","dateModified":"2025-04-22T16:48:21+00:00","description":"\u00bfEs usted una oficina de horas de conducci\u00f3n y busca un socio de confianza dt. Loi Macron en Francia? P\u00f3ngase en contacto con nosotros.","breadcrumb":{"@id":"https:\/\/impolsarl.com\/es\/conviertase-en-nuestro-socio\/#breadcrumb"},"inLanguage":"es","potentialAction":[{"@type":"ReadAction","target":["https:\/\/impolsarl.com\/es\/conviertase-en-nuestro-socio\/"]}]},{"@type":"ImageObject","inLanguage":"es","@id":"https:\/\/impolsarl.com\/es\/conviertase-en-nuestro-socio\/#primaryimage","url":"https:\/\/impolsarl.com\/wp-content\/uploads\/2019\/07\/partnerstwo.png","contentUrl":"https:\/\/impolsarl.com\/wp-content\/uploads\/2019\/07\/partnerstwo.png","width":225,"height":225},{"@type":"BreadcrumbList","@id":"https:\/\/impolsarl.com\/es\/conviertase-en-nuestro-socio\/#breadcrumb","itemListElement":[{"@type":"ListItem","position":1,"name":"Strona g\u0142\u00f3wna","item":"https:\/\/impolsarl.com\/es\/pagina-de-inicio\/"},{"@type":"ListItem","position":2,"name":"Convi\u00e9rtase en nuestro socio"}]},{"@type":"WebSite","@id":"https:\/\/impolsarl.com\/#website","url":"https:\/\/impolsarl.com\/","name":"Impol - Reprezentant we Francji od ponad dekady! +48 502 50 70 74","description":"Impol SARL - Przedstawiciel transportu w Europie","publisher":{"@id":"https:\/\/impolsarl.com\/#organization"},"potentialAction":[{"@type":"SearchAction","target":{"@type":"EntryPoint","urlTemplate":"https:\/\/impolsarl.com\/?s={search_term_string}"},"query-input":{"@type":"PropertyValueSpecification","valueRequired":true,"valueName":"search_term_string"}}],"inLanguage":"es"},{"@type":"Organization","@id":"https:\/\/impolsarl.com\/#organization","name":"Impol - Przedstawiciel Transportu i Pracownikow Delegowanych Do Francji","url":"https:\/\/impolsarl.com\/","logo":{"@type":"ImageObject","inLanguage":"es","@id":"https:\/\/impolsarl.com\/#\/schema\/logo\/image\/","url":"https:\/\/impolsarl.com\/wp-content\/uploads\/2018\/08\/logo-1.png","contentUrl":"https:\/\/impolsarl.com\/wp-content\/uploads\/2018\/08\/logo-1.png","width":133,"height":126,"caption":"Impol - Przedstawiciel Transportu i Pracownikow Delegowanych Do Francji"},"image":{"@id":"https:\/\/impolsarl.com\/#\/schema\/logo\/image\/"},"sameAs":["https:\/\/www.facebook.com\/przedstawicieltransportuwefrancji\/","https:\/\/www.youtube.com\/watch?v=2zjQ9NJBf04"]}]}},"_links":{"self":[{"href":"https:\/\/impolsarl.com\/es\/wp-json\/wp\/v2\/pages\/5461","targetHints":{"allow":["GET"]}}],"collection":[{"href":"https:\/\/impolsarl.com\/es\/wp-json\/wp\/v2\/pages"}],"about":[{"href":"https:\/\/impolsarl.com\/es\/wp-json\/wp\/v2\/types\/page"}],"author":[{"embeddable":true,"href":"https:\/\/impolsarl.com\/es\/wp-json\/wp\/v2\/users\/5"}],"replies":[{"embeddable":true,"href":"https:\/\/impolsarl.com\/es\/wp-json\/wp\/v2\/comments?post=5461"}],"version-history":[{"count":1,"href":"https:\/\/impolsarl.com\/es\/wp-json\/wp\/v2\/pages\/5461\/revisions"}],"predecessor-version":[{"id":5462,"href":"https:\/\/impolsarl.com\/es\/wp-json\/wp\/v2\/pages\/5461\/revisions\/5462"}],"wp:featuredmedia":[{"embeddable":true,"href":"https:\/\/impolsarl.com\/es\/wp-json\/wp\/v2\/media\/4729"}],"wp:attachment":[{"href":"https:\/\/impolsarl.com\/es\/wp-json\/wp\/v2\/media?parent=5461"}],"wp:term":[{"taxonomy":"folder","embeddable":true,"href":"https:\/\/impolsarl.com\/es\/wp-json\/wp\/v2\/folder?post=5461"}],"curies":[{"name":"wp","href":"https:\/\/api.w.org\/{rel}","templated":true}]}}