{"id":5455,"date":"2018-08-24T14:51:28","date_gmt":"2018-08-24T12:51:28","guid":{"rendered":"https:\/\/impolsarl.com\/loi-macron-y-la-representacion-en-francia-transporte\/"},"modified":"2025-04-22T18:31:18","modified_gmt":"2025-04-22T16:31:18","slug":"loi-macron-y-la-representacion-en-francia-transporte","status":"publish","type":"page","link":"https:\/\/impolsarl.com\/es\/loi-macron-y-la-representacion-en-francia-transporte\/","title":{"rendered":"Loi Macron y la representaci\u00f3n en Francia &#8211; transporte"},"content":{"rendered":"<p class=\"font_9\">IMPOL, como representante de los trabajadores desplazados en Francia, incluido el representante de las empresas de transporte, le ayudar\u00e1 a comprender y preparar todos los documentos necesarios de forma clara, r\u00e1pida y eficaz. Tambi\u00e9n le informaremos de cualquier legislaci\u00f3n aplicable, como la Loi Macron, el equivalente de la MILoG en Francia. A continuaci\u00f3n encontrar\u00e1 informaci\u00f3n oficial sobre la cooperaci\u00f3n con un representante y las responsabilidades resultantes de las partes para el desplazamiento de empleados a Francia. A veces, de forma an\u00e1loga a la MILoG, las obligaciones derivadas de la Loi Macron francesa y otras cuestiones jur\u00eddicas pueden parecer poco claras. En tales situaciones, le invitamos a ponerse en contacto con nosotros y haremos todo lo posible para responder a cualquier pregunta que pueda tener, as\u00ed como para explicarle las cuestiones relativas a la representaci\u00f3n de su empresa por Impol en Francia.     <\/p>\n\n<div class=\"seo\"><h2>Desplazamiento de trabajadores a Francia &#8211; Documentos exigidos<\/h2><\/div>\n\n<div class=\"schema-faq wp-block-yoast-faq-block\"><div class=\"schema-faq-section\" id=\"faq-question-1562018279754\"><strong class=\"schema-faq-question\">\u00bfQu\u00e9 documentos, seg\u00fan la Ley Macron, debe tener un empleado destinado en Francia? <br\/><\/strong> <p class=\"schema-faq-answer\">Para el transporte: declaraciones SIPSI impresas con peso pesado, copias de las declaraciones en Francia, anexo al contrato y formulario A1.<br\/>Para otras industrias: todo lo anterior, as\u00ed como las hojas BTP.<\/p> <\/div> <div class=\"schema-faq-section\" id=\"faq-question-1562017972025\"><strong class=\"schema-faq-question\">\u00bfQu\u00e9 documentos adicionales puede exigir el Servicio de Inspecci\u00f3n que presente sin demora el empresario\/representante cuando desplaza trabajadores a Francia?<\/strong> <p class=\"schema-faq-answer\"><br\/>Una lista espec\u00edfica de documentos que se ajustan a la Ley Macron seg\u00fan la legislaci\u00f3n francesa, que deben estar redactados en lengua francesa e indicar los importes en euros (v\u00e9ase el art\u00edculo R. 1263-1 del C\u00f3digo del Trabajo franc\u00e9s), a saber <br\/> &#8211; un documento que certifique la regularidad de la situaci\u00f3n de seguridad social del empleador, (documento A1),<br\/>&#8211; permiso de trabajo para los trabajadores procedentes de terceros pa\u00edses, <br\/>&#8211; documento que certifique el examen m\u00e9dico realizado en el pa\u00eds de origen, que es el equivalente al que se ofrece en Francia a los empleadores que operan en uno de los pa\u00edses de la UE, el EEE y la Confederaci\u00f3n Suiza, <br\/>&#8211; la n\u00f3mina de cada trabajador desplazado, o cualquier otro documento equivalente (si el per\u00edodo de desplazamiento es de un mes o m\u00e1s), o cualquier otro documento que acredite el cumplimiento de la legislaci\u00f3n sobre el salario m\u00ednimo, <br\/> &#8211; en el caso de compartir trabajadores desplazados entre empresas, deben estar presentes dos documentos en el coche: un anexo al contrato del trabajador y una copia del contrato relativo al traspaso del trabajador en cuesti\u00f3n. Esto est\u00e1 regulado por el C\u00f3digo Laboral franc\u00e9s. Tambi\u00e9n hay condiciones estrictas en cuanto a lo que debe figurar en los citados documentos delegados a Francia. El anexo debe describir el puesto de trabajo, las funciones del empleado, as\u00ed como el horario y el lugar de trabajo. El contrato entre las empresas, a su vez, debe especificar el per\u00edodo de desplazamiento, as\u00ed como proporcionar informaci\u00f3n sobre las calificaciones, la identidad, la remuneraci\u00f3n y las contribuciones de los trabajadores     <br\/><br\/> La situaci\u00f3n en la que el representante de las empresas de transporte en Francia no podr\u00e1 presentar los documentos mencionados, la empresa ser\u00e1 amenazada con multas e incluso prisi\u00f3n, ya que ser\u00e1 tratada, entre otras cosas, como obstrucci\u00f3n de las actividades del inspector de trabajo.  <\/p> <\/div> <div class=\"schema-faq-section\" id=\"faq-question-1562017727057\"><strong class=\"schema-faq-question\">\u00bfQu\u00e9 documentos debe tener el representante de las empresas en caso de control de los trabajadores desplazados por sus clientes a Francia?<br\/><\/strong> <p class=\"schema-faq-answer\"> &#8211; Copia del documento de nombramiento del Representante en Francia,<br\/>&#8211; Copia del certificado de desplazamiento,<br\/>&#8211; N\u00f3mina mensual de cada empleado,<br\/>&#8211; Prueba de pago del salario m\u00ednimo al empleado desplazado,<\/p> <\/div> <div class=\"schema-faq-section\" id=\"faq-question-1562018475813\">\n<div class=\"seo\"><h2>Representaci\u00f3n en Francia: \u00bfcu\u00e1les son las sanciones por incumplimiento de la \u00abley Macron\u00bb?<\/h2><\/div>\n <p class=\"schema-faq-answer\"><strong>&#8211; Ausencia de representante y de cualquier documento:<br\/><\/strong>El importe de la multa impuesta no puede superar los <strong>4.000 euros por trabajador desplazado <\/strong> y los <strong>8.000 euros si la infracci\u00f3n se repite en un plazo de dos a\u00f1os <\/strong> a partir de la fecha de notificaci\u00f3n de la primera multa. Se corre el riesgo, por tanto, de que las <strong>sanciones impuestas sean acumulativas<\/strong>. El importe m\u00e1ximo acumulado de la multa no podr\u00e1 superar   <strong>los 500.000 euros <\/strong>.<br\/><strong>&#8211; No disponer en el cami\u00f3n del certificado SIPSI exigido:<br\/><\/strong>750\u20ac<br\/><strong>&#8211; Certificado incorrectamente cumplimentado:<br\/><\/strong>125\u20ac<br\/>Importante &#8211; al comprobar los documentos, la sanci\u00f3n m\u00e1s com\u00fan es la superaci\u00f3n del n\u00famero permitido de operaciones de cabotaje y aqu\u00ed la sanci\u00f3n es a partir de 2250\u20ac.<br\/><br\/><br\/><br\/>Las multas s\u00f3lo pueden ser impugnadas ante un tribunal administrativo. Sin embargo, el plazo de prescripci\u00f3n de los procedimientos administrativos sobre la multa impuesta es de dos a\u00f1os, calculados a partir de la fecha en que se cometi\u00f3 la infracci\u00f3n. <\/p> <\/div> <div class=\"schema-faq-section\" id=\"faq-question-1562018852719\">\n<div class=\"seo\"><h2>\u00bfCu\u00e1les son las razones m\u00e1s comunes de los errores que dan lugar a sanciones?<\/h2><\/div>\n<p class=\"schema-faq-answer\"> Por nuestra propia experiencia, sabemos que en los expedientes de desplazamiento generados en el sistema SIPSI por los empleadores, hay errores al especificar:<br\/>&#8211; el importe de la tarifa horaria m\u00ednima por trabajo,<br\/>&#8211; las tarifas de las dietas y las cantidades globales abonadas por las pernoctaciones,<br\/>&#8211; las cualificaciones del conductor,<br\/>&#8211; un error en la fecha del contrato, los datos del empleador, etc.<br\/><br\/>Una representaci\u00f3n adecuada en Francia es, sin duda, uno de los aspectos clave para las empresas que desplazan trabajadores a ese pa\u00eds. El equipo de especialistas de Impol le invita a colaborar con nosotros. Nuestro objetivo es proporcionar a los clientes una representaci\u00f3n completa y eficaz que les ayude a alcanzar el \u00e9xito empresarial.  <\/p> <\/div> <\/div>","protected":false},"excerpt":{"rendered":"<p>IMPOL, como representante de los trabajadores desplazados en Francia, incluido el representante de las empresas de transporte, le ayudar\u00e1 a comprender y preparar todos los documentos necesarios de forma clara, r\u00e1pida y eficaz. Tambi\u00e9n le informaremos de cualquier legislaci\u00f3n aplicable, como la Loi Macron, el equivalente de la MILoG en Francia. A continuaci\u00f3n encontrar\u00e1 informaci\u00f3n &hellip;<\/p>\n<p class=\"read-more\"> <a class=\"\" href=\"https:\/\/impolsarl.com\/es\/loi-macron-y-la-representacion-en-francia-transporte\/\"> <span class=\"screen-reader-text\">Loi Macron y la representaci\u00f3n en Francia &#8211; transporte<\/span> Leer m\u00e1s \u00bb<\/a><\/p>\n","protected":false},"author":5,"featured_media":4987,"parent":0,"menu_order":41,"comment_status":"closed","ping_status":"closed","template":"","meta":{"_acf_changed":false,"site-sidebar-layout":"default","site-content-layout":"","ast-site-content-layout":"","site-content-style":"default","site-sidebar-style":"default","ast-global-header-display":"","ast-banner-title-visibility":"","ast-main-header-display":"","ast-hfb-above-header-display":"","ast-hfb-below-header-display":"","ast-hfb-mobile-header-display":"","site-post-title":"","ast-breadcrumbs-content":"","ast-featured-img":"","footer-sml-layout":"","theme-transparent-header-meta":"","adv-header-id-meta":"","stick-header-meta":"","header-above-stick-meta":"","header-main-stick-meta":"","header-below-stick-meta":"","astra-migrate-meta-layouts":"default","ast-page-background-enabled":"default","ast-page-background-meta":{"desktop":{"background-color":"var(--ast-global-color-4)","background-image":"","background-repeat":"repeat","background-position":"center center","background-size":"auto","background-attachment":"scroll","background-type":"","background-media":"","overlay-type":"","overlay-color":"","overlay-gradient":""},"tablet":{"background-color":"","background-image":"","background-repeat":"repeat","background-position":"center center","background-size":"auto","background-attachment":"scroll","background-type":"","background-media":"","overlay-type":"","overlay-color":"","overlay-gradient":""},"mobile":{"background-color":"","background-image":"","background-repeat":"repeat","background-position":"center center","background-size":"auto","background-attachment":"scroll","background-type":"","background-media":"","overlay-type":"","overlay-color":"","overlay-gradient":""}},"ast-content-background-meta":{"desktop":{"background-color":"var(--ast-global-color-5)","background-image":"","background-repeat":"repeat","background-position":"center center","background-size":"auto","background-attachment":"scroll","background-type":"","background-media":"","overlay-type":"","overlay-color":"","overlay-gradient":""},"tablet":{"background-color":"var(--ast-global-color-5)","background-image":"","background-repeat":"repeat","background-position":"center center","background-size":"auto","background-attachment":"scroll","background-type":"","background-media":"","overlay-type":"","overlay-color":"","overlay-gradient":""},"mobile":{"background-color":"var(--ast-global-color-5)","background-image":"","background-repeat":"repeat","background-position":"center center","background-size":"auto","background-attachment":"scroll","background-type":"","background-media":"","overlay-type":"","overlay-color":"","overlay-gradient":""}},"footnotes":""},"folder":[94],"class_list":["post-5455","page","type-page","status-publish","has-post-thumbnail","hentry"],"acf":[],"yoast_head":"<!-- This site is optimized with the Yoast SEO Premium plugin v24.7 (Yoast SEO v24.7) - https:\/\/yoast.com\/wordpress\/plugins\/seo\/ -->\n<title>Representaci\u00f3n de una empresa en Francia | Desplazamiento de trabajadores a Francia | IMPOL<\/title>\n<meta name=\"description\" content=\"\u00bfNecesitas informaci\u00f3n sobre la Loi Macron, el equivalente a la MILoG? \u00a1P\u00f3ngase en contacto con Impol! Lo sabemos todo sobre el desplazamiento de trabajadores a Francia.\" \/>\n<meta name=\"robots\" content=\"index, follow, max-snippet:-1, max-image-preview:large, max-video-preview:-1\" \/>\n<link rel=\"canonical\" href=\"https:\/\/impolsarl.com\/es\/loi-macron-y-la-representacion-en-francia-transporte\/\" \/>\n<meta property=\"og:locale\" content=\"es_ES\" \/>\n<meta property=\"og:type\" content=\"article\" \/>\n<meta property=\"og:title\" content=\"Loi Macron y la representaci\u00f3n en Francia - transporte\" \/>\n<meta property=\"og:description\" content=\"\u00bfNecesitas informaci\u00f3n sobre la Loi Macron, el equivalente a la MILoG? \u00a1P\u00f3ngase en contacto con Impol! Lo sabemos todo sobre el desplazamiento de trabajadores a Francia.\" \/>\n<meta property=\"og:url\" content=\"https:\/\/impolsarl.com\/es\/loi-macron-y-la-representacion-en-francia-transporte\/\" \/>\n<meta property=\"og:site_name\" content=\"Impol - Reprezentant we Francji od ponad dekady! +48 502 50 70 74\" \/>\n<meta property=\"article:publisher\" content=\"https:\/\/www.facebook.com\/przedstawicieltransportuwefrancji\/\" \/>\n<meta property=\"article:modified_time\" content=\"2025-04-22T16:31:18+00:00\" \/>\n<meta property=\"og:image\" content=\"https:\/\/impolsarl.com\/wp-content\/uploads\/2021\/02\/download.png\" \/>\n\t<meta property=\"og:image:width\" content=\"189\" \/>\n\t<meta property=\"og:image:height\" content=\"267\" \/>\n\t<meta property=\"og:image:type\" content=\"image\/png\" \/>\n<meta name=\"twitter:card\" content=\"summary_large_image\" \/>\n<meta name=\"twitter:label1\" content=\"Tiempo de lectura\" \/>\n\t<meta name=\"twitter:data1\" content=\"5 minutos\" \/>\n<script type=\"application\/ld+json\" class=\"yoast-schema-graph\">{\"@context\":\"https:\/\/schema.org\",\"@graph\":[{\"@type\":\"WebPage\",\"@id\":\"https:\/\/impolsarl.com\/es\/loi-macron-y-la-representacion-en-francia-transporte\/\",\"url\":\"https:\/\/impolsarl.com\/es\/loi-macron-y-la-representacion-en-francia-transporte\/\",\"name\":\"Representaci\u00f3n de una empresa en Francia | Desplazamiento de trabajadores a Francia | IMPOL\",\"isPartOf\":{\"@id\":\"https:\/\/impolsarl.com\/#website\"},\"primaryImageOfPage\":{\"@id\":\"https:\/\/impolsarl.com\/es\/loi-macron-y-la-representacion-en-francia-transporte\/#primaryimage\"},\"image\":{\"@id\":\"https:\/\/impolsarl.com\/es\/loi-macron-y-la-representacion-en-francia-transporte\/#primaryimage\"},\"thumbnailUrl\":\"https:\/\/impolsarl.com\/wp-content\/uploads\/2021\/02\/download.png\",\"datePublished\":\"2018-08-24T12:51:28+00:00\",\"dateModified\":\"2025-04-22T16:31:18+00:00\",\"description\":\"\u00bfNecesitas informaci\u00f3n sobre la Loi Macron, el equivalente a la MILoG? \u00a1P\u00f3ngase en contacto con Impol! Lo sabemos todo sobre el desplazamiento de trabajadores a Francia.\",\"breadcrumb\":{\"@id\":\"https:\/\/impolsarl.com\/es\/loi-macron-y-la-representacion-en-francia-transporte\/#breadcrumb\"},\"inLanguage\":\"es\",\"potentialAction\":[{\"@type\":\"ReadAction\",\"target\":[\"https:\/\/impolsarl.com\/es\/loi-macron-y-la-representacion-en-francia-transporte\/\"]}]},{\"@type\":\"ImageObject\",\"inLanguage\":\"es\",\"@id\":\"https:\/\/impolsarl.com\/es\/loi-macron-y-la-representacion-en-francia-transporte\/#primaryimage\",\"url\":\"https:\/\/impolsarl.com\/wp-content\/uploads\/2021\/02\/download.png\",\"contentUrl\":\"https:\/\/impolsarl.com\/wp-content\/uploads\/2021\/02\/download.png\",\"width\":189,\"height\":267},{\"@type\":\"BreadcrumbList\",\"@id\":\"https:\/\/impolsarl.com\/es\/loi-macron-y-la-representacion-en-francia-transporte\/#breadcrumb\",\"itemListElement\":[{\"@type\":\"ListItem\",\"position\":1,\"name\":\"Strona g\u0142\u00f3wna\",\"item\":\"https:\/\/impolsarl.com\/es\/pagina-de-inicio\/\"},{\"@type\":\"ListItem\",\"position\":2,\"name\":\"Loi Macron y la representaci\u00f3n en Francia &#8211; transporte\"}]},{\"@type\":\"WebSite\",\"@id\":\"https:\/\/impolsarl.com\/#website\",\"url\":\"https:\/\/impolsarl.com\/\",\"name\":\"Impol - Reprezentant we Francji od ponad dekady! +48 502 50 70 74\",\"description\":\"Impol SARL - Przedstawiciel transportu w Europie\",\"publisher\":{\"@id\":\"https:\/\/impolsarl.com\/#organization\"},\"potentialAction\":[{\"@type\":\"SearchAction\",\"target\":{\"@type\":\"EntryPoint\",\"urlTemplate\":\"https:\/\/impolsarl.com\/?s={search_term_string}\"},\"query-input\":{\"@type\":\"PropertyValueSpecification\",\"valueRequired\":true,\"valueName\":\"search_term_string\"}}],\"inLanguage\":\"es\"},{\"@type\":\"Organization\",\"@id\":\"https:\/\/impolsarl.com\/#organization\",\"name\":\"Impol - Przedstawiciel Transportu i Pracownikow Delegowanych Do Francji\",\"url\":\"https:\/\/impolsarl.com\/\",\"logo\":{\"@type\":\"ImageObject\",\"inLanguage\":\"es\",\"@id\":\"https:\/\/impolsarl.com\/#\/schema\/logo\/image\/\",\"url\":\"https:\/\/impolsarl.com\/wp-content\/uploads\/2018\/08\/logo-1.png\",\"contentUrl\":\"https:\/\/impolsarl.com\/wp-content\/uploads\/2018\/08\/logo-1.png\",\"width\":133,\"height\":126,\"caption\":\"Impol - Przedstawiciel Transportu i Pracownikow Delegowanych Do Francji\"},\"image\":{\"@id\":\"https:\/\/impolsarl.com\/#\/schema\/logo\/image\/\"},\"sameAs\":[\"https:\/\/www.facebook.com\/przedstawicieltransportuwefrancji\/\",\"https:\/\/www.youtube.com\/watch?v=2zjQ9NJBf04\"]}]}<\/script>\n<!-- \/ Yoast SEO Premium plugin. -->","yoast_head_json":{"title":"Representaci\u00f3n de una empresa en Francia | Desplazamiento de trabajadores a Francia | IMPOL","description":"\u00bfNecesitas informaci\u00f3n sobre la Loi Macron, el equivalente a la MILoG? \u00a1P\u00f3ngase en contacto con Impol! Lo sabemos todo sobre el desplazamiento de trabajadores a Francia.","robots":{"index":"index","follow":"follow","max-snippet":"max-snippet:-1","max-image-preview":"max-image-preview:large","max-video-preview":"max-video-preview:-1"},"canonical":"https:\/\/impolsarl.com\/es\/loi-macron-y-la-representacion-en-francia-transporte\/","og_locale":"es_ES","og_type":"article","og_title":"Loi Macron y la representaci\u00f3n en Francia - transporte","og_description":"\u00bfNecesitas informaci\u00f3n sobre la Loi Macron, el equivalente a la MILoG? \u00a1P\u00f3ngase en contacto con Impol! Lo sabemos todo sobre el desplazamiento de trabajadores a Francia.","og_url":"https:\/\/impolsarl.com\/es\/loi-macron-y-la-representacion-en-francia-transporte\/","og_site_name":"Impol - Reprezentant we Francji od ponad dekady! +48 502 50 70 74","article_publisher":"https:\/\/www.facebook.com\/przedstawicieltransportuwefrancji\/","article_modified_time":"2025-04-22T16:31:18+00:00","og_image":[{"width":189,"height":267,"url":"https:\/\/impolsarl.com\/wp-content\/uploads\/2021\/02\/download.png","type":"image\/png"}],"twitter_card":"summary_large_image","twitter_misc":{"Tiempo de lectura":"5 minutos"},"schema":{"@context":"https:\/\/schema.org","@graph":[{"@type":"WebPage","@id":"https:\/\/impolsarl.com\/es\/loi-macron-y-la-representacion-en-francia-transporte\/","url":"https:\/\/impolsarl.com\/es\/loi-macron-y-la-representacion-en-francia-transporte\/","name":"Representaci\u00f3n de una empresa en Francia | Desplazamiento de trabajadores a Francia | IMPOL","isPartOf":{"@id":"https:\/\/impolsarl.com\/#website"},"primaryImageOfPage":{"@id":"https:\/\/impolsarl.com\/es\/loi-macron-y-la-representacion-en-francia-transporte\/#primaryimage"},"image":{"@id":"https:\/\/impolsarl.com\/es\/loi-macron-y-la-representacion-en-francia-transporte\/#primaryimage"},"thumbnailUrl":"https:\/\/impolsarl.com\/wp-content\/uploads\/2021\/02\/download.png","datePublished":"2018-08-24T12:51:28+00:00","dateModified":"2025-04-22T16:31:18+00:00","description":"\u00bfNecesitas informaci\u00f3n sobre la Loi Macron, el equivalente a la MILoG? \u00a1P\u00f3ngase en contacto con Impol! Lo sabemos todo sobre el desplazamiento de trabajadores a Francia.","breadcrumb":{"@id":"https:\/\/impolsarl.com\/es\/loi-macron-y-la-representacion-en-francia-transporte\/#breadcrumb"},"inLanguage":"es","potentialAction":[{"@type":"ReadAction","target":["https:\/\/impolsarl.com\/es\/loi-macron-y-la-representacion-en-francia-transporte\/"]}]},{"@type":"ImageObject","inLanguage":"es","@id":"https:\/\/impolsarl.com\/es\/loi-macron-y-la-representacion-en-francia-transporte\/#primaryimage","url":"https:\/\/impolsarl.com\/wp-content\/uploads\/2021\/02\/download.png","contentUrl":"https:\/\/impolsarl.com\/wp-content\/uploads\/2021\/02\/download.png","width":189,"height":267},{"@type":"BreadcrumbList","@id":"https:\/\/impolsarl.com\/es\/loi-macron-y-la-representacion-en-francia-transporte\/#breadcrumb","itemListElement":[{"@type":"ListItem","position":1,"name":"Strona g\u0142\u00f3wna","item":"https:\/\/impolsarl.com\/es\/pagina-de-inicio\/"},{"@type":"ListItem","position":2,"name":"Loi Macron y la representaci\u00f3n en Francia &#8211; transporte"}]},{"@type":"WebSite","@id":"https:\/\/impolsarl.com\/#website","url":"https:\/\/impolsarl.com\/","name":"Impol - Reprezentant we Francji od ponad dekady! +48 502 50 70 74","description":"Impol SARL - Przedstawiciel transportu w Europie","publisher":{"@id":"https:\/\/impolsarl.com\/#organization"},"potentialAction":[{"@type":"SearchAction","target":{"@type":"EntryPoint","urlTemplate":"https:\/\/impolsarl.com\/?s={search_term_string}"},"query-input":{"@type":"PropertyValueSpecification","valueRequired":true,"valueName":"search_term_string"}}],"inLanguage":"es"},{"@type":"Organization","@id":"https:\/\/impolsarl.com\/#organization","name":"Impol - Przedstawiciel Transportu i Pracownikow Delegowanych Do Francji","url":"https:\/\/impolsarl.com\/","logo":{"@type":"ImageObject","inLanguage":"es","@id":"https:\/\/impolsarl.com\/#\/schema\/logo\/image\/","url":"https:\/\/impolsarl.com\/wp-content\/uploads\/2018\/08\/logo-1.png","contentUrl":"https:\/\/impolsarl.com\/wp-content\/uploads\/2018\/08\/logo-1.png","width":133,"height":126,"caption":"Impol - Przedstawiciel Transportu i Pracownikow Delegowanych Do Francji"},"image":{"@id":"https:\/\/impolsarl.com\/#\/schema\/logo\/image\/"},"sameAs":["https:\/\/www.facebook.com\/przedstawicieltransportuwefrancji\/","https:\/\/www.youtube.com\/watch?v=2zjQ9NJBf04"]}]}},"_links":{"self":[{"href":"https:\/\/impolsarl.com\/es\/wp-json\/wp\/v2\/pages\/5455","targetHints":{"allow":["GET"]}}],"collection":[{"href":"https:\/\/impolsarl.com\/es\/wp-json\/wp\/v2\/pages"}],"about":[{"href":"https:\/\/impolsarl.com\/es\/wp-json\/wp\/v2\/types\/page"}],"author":[{"embeddable":true,"href":"https:\/\/impolsarl.com\/es\/wp-json\/wp\/v2\/users\/5"}],"replies":[{"embeddable":true,"href":"https:\/\/impolsarl.com\/es\/wp-json\/wp\/v2\/comments?post=5455"}],"version-history":[{"count":1,"href":"https:\/\/impolsarl.com\/es\/wp-json\/wp\/v2\/pages\/5455\/revisions"}],"predecessor-version":[{"id":5456,"href":"https:\/\/impolsarl.com\/es\/wp-json\/wp\/v2\/pages\/5455\/revisions\/5456"}],"wp:featuredmedia":[{"embeddable":true,"href":"https:\/\/impolsarl.com\/es\/wp-json\/wp\/v2\/media\/4987"}],"wp:attachment":[{"href":"https:\/\/impolsarl.com\/es\/wp-json\/wp\/v2\/media?parent=5455"}],"wp:term":[{"taxonomy":"folder","embeddable":true,"href":"https:\/\/impolsarl.com\/es\/wp-json\/wp\/v2\/folder?post=5455"}],"curies":[{"name":"wp","href":"https:\/\/api.w.org\/{rel}","templated":true}]}}