{"id":5449,"date":"2018-08-29T11:42:49","date_gmt":"2018-08-29T09:42:49","guid":{"rendered":"https:\/\/impolsarl.com\/sobre-nosotros\/"},"modified":"2025-04-22T18:13:44","modified_gmt":"2025-04-22T16:13:44","slug":"sobre-nosotros","status":"publish","type":"page","link":"https:\/\/impolsarl.com\/es\/sobre-nosotros\/","title":{"rendered":"Sobre nosotros"},"content":{"rendered":"<div class=\"seo\">\n<p>Somos representantes directos de empresas polacas y extranjeras y tenemos nuestra sede en Francia. Nuestro equipo est\u00e1 dirigido por un abogado especializado en el desplazamiento de trabajadores. Llevamos muchos a\u00f1os ocup\u00e1ndonos de la representaci\u00f3n en los mercados europeos y participamos en el sector de la construcci\u00f3n desde 1991. Hemos representado con \u00e9xito a los sectores del autom\u00f3vil, ferial, industrial y del transporte, entre otros. Gozamos de la confianza tanto de grandes empresas de log\u00edstica como de transportistas que se inician en la escena internacional.    <\/p>\n<p class=\"font_8\"><strong>Papel del representante:<\/strong> El nombramiento de un representante en una empresa con sede en Francia (es importante tener un n\u00famero SIRET activo) es obligatorio, y su incumplimiento puede acarrear no s\u00f3lo problemas de comunicaci\u00f3n en Francia, sino tambi\u00e9n elevadas sanciones econ\u00f3micas para la empresa.<\/p>\n<p>El papel de la mayor\u00eda de los representantes termina cuando se llevan a cabo inspecciones y se imponen multas, que entonces obligan a los clientes a buscar bufetes de abogados. En Impol actuamos de forma diferente. En caso de inspecci\u00f3n, nuestro abogado est\u00e1 a su disposici\u00f3n y su experiencia le permitir\u00e1 evitar cuantiosas multas que ascienden a decenas de miles.  <\/p>\n<h3 style=\"text-align: left;\"><strong><span style=\"color: #2900a3;\">\u00bfQu\u00e9 podemos ofrecerle?<\/span><\/strong><\/h3>\n<h2 style=\"text-align: left;\"><span style=\"color: #000000;\">Gesti\u00f3n y administraci\u00f3n de cuentas Sipsi<\/span><\/h2>\n<p>Nuestras responsabilidades incluyen la creaci\u00f3n y administraci\u00f3n de cuentas en el sistema SIPSI. Emitimos los documentos necesarios y garantizamos la exactitud de cada notificaci\u00f3n cumplimentada. Como parte de nuestros servicios, tambi\u00e9n ofrecemos notificaciones gratuitas cuando est\u00e1n a punto de expirar las notificaciones de 6 meses.  <\/p>\n<\/div>\n\n<div class=\"wp-block-buttons is-content-justification-center is-layout-flex wp-container-core-buttons-is-layout-1 wp-block-buttons-is-layout-flex\">\n<div class=\"wp-block-button\"><a class=\"wp-block-button__link has-background wp-element-button\" href=\"https:\/\/impolsarl.com\/sipsi\/\" style=\"background-color:#2900a3\">M\u00e1s informaci\u00f3n<\/a><\/div>\n<\/div>\n<div class=\"seo\">\n<h2 style=\"text-align: left;\">Servicios jur\u00eddicos y de traducci\u00f3n (traducciones gratuitas) + Archivo<\/h2>\n<p>Recopilamos los documentos necesarios, los traducimos al franc\u00e9s y los ponemos a disposici\u00f3n de los servicios de inspecci\u00f3n. A un precio atractivo, tambi\u00e9n traducimos los documentos requeridos durante la inspecci\u00f3n (n\u00f3mina de cada empleado, confirmaci\u00f3n de la n\u00f3mina con todos los complementos, formulario A1, contrato de trabajo). <\/p>\n<\/div>\n\n<div class=\"wp-block-buttons is-content-justification-center is-layout-flex wp-container-core-buttons-is-layout-2 wp-block-buttons-is-layout-flex\">\n<div class=\"wp-block-button\"><a class=\"wp-block-button__link has-background wp-element-button\" href=\"https:\/\/impolsarl.com\/tlumaczenia\/\" style=\"background-color:#2900a3\">M\u00e1s informaci\u00f3n<\/a><\/div>\n<\/div>\n<div class=\"seo\">\n<h2 style=\"text-align: left;\">Mediaci\u00f3n con los servicios de inspecci\u00f3n y control del trabajo<\/h2>\n<p>Nuestros 30 a\u00f1os de experiencia en servicios de inspecci\u00f3n nos permiten evitar multas a nuestros clientes. Conocemos las particularidades y los requisitos de los inspectores. <\/p>\n<p>Preparamos para el empresario las respuestas a las preguntas que los inspectores dirigen a los empleados.<\/p>\n<p>Nuestro abogado ofrece asesoramiento jur\u00eddico gratuito en materia de inspecciones. No queremos ser un simple \u00abbuz\u00f3n\u00bb o archivo. Sabemos por experiencia que todo va bien hasta que tiene lugar la inspecci\u00f3n. Estamos dispuestos a guiarle a lo largo de todo el proceso, de principio a fin.   <\/p>\n<\/div>\n\n<div class=\"wp-block-buttons is-content-justification-center is-layout-flex wp-container-core-buttons-is-layout-3 wp-block-buttons-is-layout-flex\">\n<div class=\"wp-block-button is-style-fill\"><a class=\"wp-block-button__link has-background wp-element-button\" href=\"https:\/\/impolsarl.com\/wsparcie-przy-kontroli\/\" style=\"background-color:#2900a3\">M\u00e1s informaci\u00f3n<\/a><\/div>\n<\/div>\n<div class=\"seo\">\n<h2 style=\"text-align: left;\"><span style=\"color: #000000;\">Asistencia 7 d\u00edas a la semana<\/span><\/h2>\n<p>Nuestra mayor ventaja es nuestra disponibilidad y actuaci\u00f3n inmediata. Trabajamos de inmediato. Garantizamos a nuestros clientes una comunicaci\u00f3n telef\u00f3nica constante de 7 a 22 horas, incluidos fines de semana y festivos. Ya no tendr\u00e1 que esperar al d\u00eda siguiente o al lunes siguiente. Su caso ser\u00e1 tratado de inmediato.    <\/p>\n<p>Tambi\u00e9n ofrecemos asistencia gratuita para realizar cualquier tr\u00e1mite relacionado con problemas urgentes en Francia, como ayuda para encontrar un hotel, intervenci\u00f3n con la polic\u00eda, negociaciones con clientes y muchas otras cuestiones. Previo pago, realizamos el cobro de facturas pendientes de Francia. <\/p>\n<p style=\"text-align: left;\"><strong>Ya conf\u00edan en nosotros varios cientos de empresas de Polonia y otros pa\u00edses.<\/strong><\/p>\n<\/div>\n\n<div style=\"height:100px\" aria-hidden=\"true\" class=\"wp-block-spacer\"><\/div>\n\n<div class=\"wp-block-media-text has-media-on-the-right is-stacked-on-mobile is-image-fill\"><div class=\"wp-block-media-text__content\">\n<h3 class=\"wp-block-heading has-text-align-center has-text-color\" id=\"h-nasza-misja\" style=\"color:#2900a3\">Nuestra misi\u00f3n<\/h3>\n\n\n\n<p>En IMPOL creemos en la movilidad de las empresas de la UE y la promovemos firmemente. Apoyamos a las empresas de la UE para que asuman nuevos retos en Europa y fuera de ella. Como estrecho colaborador de nuestros clientes en Europa, sabemos que los errores derivados del desconocimiento de la legislaci\u00f3n laboral de la UE pueden arruinar incluso a la empresa m\u00e1s grande. Por eso intervenimos y nos convertimos en su asistente para la movilidad de los empleados.   <\/p>\n\n\n\n<p>Como expertos experimentados en el campo del desplazamiento de trabajadores en Europa, sabemos que el tema del desplazamiento de trabajadores suele ser el \u00faltimo, sobre todo en el momento en que hay que garantizar la ejecuci\u00f3n de un contrato con un cliente. Descuidar los procedimientos de desplazamiento de trabajadores puede causar muchos problemas y costar mucho. <\/p>\n\n\n\n<p>La p\u00e9rdida de dinero, los nervios, las noches en vela y, en el peor de los casos, las enormes multas y demandas judiciales, son consecuencias muy comunes del incumplimiento de los procedimientos de contabilizaci\u00f3n.<\/p>\n\n\n\n<p>IMPOL le guiar\u00e1 en cada paso antes, durante y despu\u00e9s del desplazamiento de los empleados.<\/p>\n<\/div><figure class=\"wp-block-media-text__media\" style=\"background-image:url(https:\/\/impolsarl.com\/wp-content\/uploads\/2021\/09\/impol-image-5-1024x683.jpg);background-position:50% 50%\"><img fetchpriority=\"high\" decoding=\"async\" width=\"1024\" height=\"683\" src=\"https:\/\/impolsarl.com\/wp-content\/uploads\/2021\/09\/impol-image-5-1024x683.jpg\" alt=\"\" class=\"wp-image-2410 size-full\" srcset=\"https:\/\/impolsarl.com\/wp-content\/uploads\/2021\/09\/impol-image-5-1024x683.jpg 1024w, https:\/\/impolsarl.com\/wp-content\/uploads\/2021\/09\/impol-image-5-300x200.jpg 300w, https:\/\/impolsarl.com\/wp-content\/uploads\/2021\/09\/impol-image-5-768x512.jpg 768w, https:\/\/impolsarl.com\/wp-content\/uploads\/2021\/09\/impol-image-5-1536x1024.jpg 1536w, https:\/\/impolsarl.com\/wp-content\/uploads\/2021\/09\/impol-image-5.jpg 1800w\" sizes=\"(max-width: 1024px) 100vw, 1024px\" \/><\/figure><\/div>\n","protected":false},"excerpt":{"rendered":"<p>Somos representantes directos de empresas polacas y extranjeras y tenemos nuestra sede en Francia. Nuestro equipo est\u00e1 dirigido por un abogado especializado en el desplazamiento de trabajadores. Llevamos muchos a\u00f1os ocup\u00e1ndonos de la representaci\u00f3n en los mercados europeos y participamos en el sector de la construcci\u00f3n desde 1991. Hemos representado con \u00e9xito a los sectores &hellip;<\/p>\n<p class=\"read-more\"> <a class=\"\" href=\"https:\/\/impolsarl.com\/es\/sobre-nosotros\/\"> <span class=\"screen-reader-text\">Sobre nosotros<\/span> Leer m\u00e1s \u00bb<\/a><\/p>\n","protected":false},"author":5,"featured_media":0,"parent":0,"menu_order":48,"comment_status":"closed","ping_status":"closed","template":"","meta":{"_acf_changed":false,"site-sidebar-layout":"default","site-content-layout":"","ast-site-content-layout":"","site-content-style":"default","site-sidebar-style":"default","ast-global-header-display":"","ast-banner-title-visibility":"","ast-main-header-display":"","ast-hfb-above-header-display":"","ast-hfb-below-header-display":"","ast-hfb-mobile-header-display":"","site-post-title":"","ast-breadcrumbs-content":"","ast-featured-img":"","footer-sml-layout":"","theme-transparent-header-meta":"","adv-header-id-meta":"","stick-header-meta":"","header-above-stick-meta":"","header-main-stick-meta":"","header-below-stick-meta":"","astra-migrate-meta-layouts":"default","ast-page-background-enabled":"default","ast-page-background-meta":{"desktop":{"background-color":"var(--ast-global-color-4)","background-image":"","background-repeat":"repeat","background-position":"center center","background-size":"auto","background-attachment":"scroll","background-type":"","background-media":"","overlay-type":"","overlay-color":"","overlay-gradient":""},"tablet":{"background-color":"","background-image":"","background-repeat":"repeat","background-position":"center center","background-size":"auto","background-attachment":"scroll","background-type":"","background-media":"","overlay-type":"","overlay-color":"","overlay-gradient":""},"mobile":{"background-color":"","background-image":"","background-repeat":"repeat","background-position":"center center","background-size":"auto","background-attachment":"scroll","background-type":"","background-media":"","overlay-type":"","overlay-color":"","overlay-gradient":""}},"ast-content-background-meta":{"desktop":{"background-color":"var(--ast-global-color-5)","background-image":"","background-repeat":"repeat","background-position":"center center","background-size":"auto","background-attachment":"scroll","background-type":"","background-media":"","overlay-type":"","overlay-color":"","overlay-gradient":""},"tablet":{"background-color":"var(--ast-global-color-5)","background-image":"","background-repeat":"repeat","background-position":"center center","background-size":"auto","background-attachment":"scroll","background-type":"","background-media":"","overlay-type":"","overlay-color":"","overlay-gradient":""},"mobile":{"background-color":"var(--ast-global-color-5)","background-image":"","background-repeat":"repeat","background-position":"center center","background-size":"auto","background-attachment":"scroll","background-type":"","background-media":"","overlay-type":"","overlay-color":"","overlay-gradient":""}},"footnotes":""},"folder":[94],"class_list":["post-5449","page","type-page","status-publish","hentry"],"acf":[],"yoast_head":"<!-- This site is optimized with the Yoast SEO Premium plugin v24.7 (Yoast SEO v24.7) - https:\/\/yoast.com\/wordpress\/plugins\/seo\/ -->\n<title>Sobre nosotros - Impol - Reprezentant we Francji od ponad dekady! +48 502 50 70 74<\/title>\n<meta name=\"robots\" content=\"index, follow, max-snippet:-1, max-image-preview:large, max-video-preview:-1\" \/>\n<link rel=\"canonical\" href=\"https:\/\/impolsarl.com\/es\/sobre-nosotros\/\" \/>\n<meta property=\"og:locale\" content=\"es_ES\" \/>\n<meta property=\"og:type\" content=\"article\" \/>\n<meta property=\"og:title\" content=\"Sobre nosotros\" \/>\n<meta property=\"og:description\" content=\"Somos representantes directos de empresas polacas y extranjeras y tenemos nuestra sede en Francia. Nuestro equipo est\u00e1 dirigido por un abogado especializado en el desplazamiento de trabajadores. Llevamos muchos a\u00f1os ocup\u00e1ndonos de la representaci\u00f3n en los mercados europeos y participamos en el sector de la construcci\u00f3n desde 1991. Hemos representado con \u00e9xito a los sectores &hellip; Sobre nosotros Leer m\u00e1s \u00bb\" \/>\n<meta property=\"og:url\" content=\"https:\/\/impolsarl.com\/es\/sobre-nosotros\/\" \/>\n<meta property=\"og:site_name\" content=\"Impol - Reprezentant we Francji od ponad dekady! +48 502 50 70 74\" \/>\n<meta property=\"article:publisher\" content=\"https:\/\/www.facebook.com\/przedstawicieltransportuwefrancji\/\" \/>\n<meta property=\"article:modified_time\" content=\"2025-04-22T16:13:44+00:00\" \/>\n<meta property=\"og:image\" content=\"https:\/\/impolsarl.com\/wp-content\/uploads\/2021\/09\/impol-image-5.jpg\" \/>\n\t<meta property=\"og:image:width\" content=\"1800\" \/>\n\t<meta property=\"og:image:height\" content=\"1200\" \/>\n\t<meta property=\"og:image:type\" content=\"image\/jpeg\" \/>\n<meta name=\"twitter:card\" content=\"summary_large_image\" \/>\n<meta name=\"twitter:label1\" content=\"Tiempo de lectura\" \/>\n\t<meta name=\"twitter:data1\" content=\"4 minutos\" \/>\n<script type=\"application\/ld+json\" class=\"yoast-schema-graph\">{\"@context\":\"https:\/\/schema.org\",\"@graph\":[{\"@type\":\"WebPage\",\"@id\":\"https:\/\/impolsarl.com\/es\/sobre-nosotros\/\",\"url\":\"https:\/\/impolsarl.com\/es\/sobre-nosotros\/\",\"name\":\"Sobre nosotros - Impol - Reprezentant we Francji od ponad dekady! +48 502 50 70 74\",\"isPartOf\":{\"@id\":\"https:\/\/impolsarl.com\/#website\"},\"primaryImageOfPage\":{\"@id\":\"https:\/\/impolsarl.com\/es\/sobre-nosotros\/#primaryimage\"},\"image\":{\"@id\":\"https:\/\/impolsarl.com\/es\/sobre-nosotros\/#primaryimage\"},\"thumbnailUrl\":\"https:\/\/impolsarl.com\/wp-content\/uploads\/2021\/09\/impol-image-5-1024x683.jpg\",\"datePublished\":\"2018-08-29T09:42:49+00:00\",\"dateModified\":\"2025-04-22T16:13:44+00:00\",\"breadcrumb\":{\"@id\":\"https:\/\/impolsarl.com\/es\/sobre-nosotros\/#breadcrumb\"},\"inLanguage\":\"es\",\"potentialAction\":[{\"@type\":\"ReadAction\",\"target\":[\"https:\/\/impolsarl.com\/es\/sobre-nosotros\/\"]}]},{\"@type\":\"ImageObject\",\"inLanguage\":\"es\",\"@id\":\"https:\/\/impolsarl.com\/es\/sobre-nosotros\/#primaryimage\",\"url\":\"https:\/\/impolsarl.com\/wp-content\/uploads\/2021\/09\/impol-image-5-1024x683.jpg\",\"contentUrl\":\"https:\/\/impolsarl.com\/wp-content\/uploads\/2021\/09\/impol-image-5-1024x683.jpg\"},{\"@type\":\"BreadcrumbList\",\"@id\":\"https:\/\/impolsarl.com\/es\/sobre-nosotros\/#breadcrumb\",\"itemListElement\":[{\"@type\":\"ListItem\",\"position\":1,\"name\":\"Strona g\u0142\u00f3wna\",\"item\":\"https:\/\/impolsarl.com\/es\/pagina-de-inicio\/\"},{\"@type\":\"ListItem\",\"position\":2,\"name\":\"Sobre nosotros\"}]},{\"@type\":\"WebSite\",\"@id\":\"https:\/\/impolsarl.com\/#website\",\"url\":\"https:\/\/impolsarl.com\/\",\"name\":\"Impol - Reprezentant we Francji od ponad dekady! +48 502 50 70 74\",\"description\":\"Impol SARL - Przedstawiciel transportu w Europie\",\"publisher\":{\"@id\":\"https:\/\/impolsarl.com\/#organization\"},\"potentialAction\":[{\"@type\":\"SearchAction\",\"target\":{\"@type\":\"EntryPoint\",\"urlTemplate\":\"https:\/\/impolsarl.com\/?s={search_term_string}\"},\"query-input\":{\"@type\":\"PropertyValueSpecification\",\"valueRequired\":true,\"valueName\":\"search_term_string\"}}],\"inLanguage\":\"es\"},{\"@type\":\"Organization\",\"@id\":\"https:\/\/impolsarl.com\/#organization\",\"name\":\"Impol - Przedstawiciel Transportu i Pracownikow Delegowanych Do Francji\",\"url\":\"https:\/\/impolsarl.com\/\",\"logo\":{\"@type\":\"ImageObject\",\"inLanguage\":\"es\",\"@id\":\"https:\/\/impolsarl.com\/#\/schema\/logo\/image\/\",\"url\":\"https:\/\/impolsarl.com\/wp-content\/uploads\/2018\/08\/logo-1.png\",\"contentUrl\":\"https:\/\/impolsarl.com\/wp-content\/uploads\/2018\/08\/logo-1.png\",\"width\":133,\"height\":126,\"caption\":\"Impol - Przedstawiciel Transportu i Pracownikow Delegowanych Do Francji\"},\"image\":{\"@id\":\"https:\/\/impolsarl.com\/#\/schema\/logo\/image\/\"},\"sameAs\":[\"https:\/\/www.facebook.com\/przedstawicieltransportuwefrancji\/\",\"https:\/\/www.youtube.com\/watch?v=2zjQ9NJBf04\"]}]}<\/script>\n<!-- \/ Yoast SEO Premium plugin. -->","yoast_head_json":{"title":"Sobre nosotros - Impol - Reprezentant we Francji od ponad dekady! +48 502 50 70 74","robots":{"index":"index","follow":"follow","max-snippet":"max-snippet:-1","max-image-preview":"max-image-preview:large","max-video-preview":"max-video-preview:-1"},"canonical":"https:\/\/impolsarl.com\/es\/sobre-nosotros\/","og_locale":"es_ES","og_type":"article","og_title":"Sobre nosotros","og_description":"Somos representantes directos de empresas polacas y extranjeras y tenemos nuestra sede en Francia. Nuestro equipo est\u00e1 dirigido por un abogado especializado en el desplazamiento de trabajadores. Llevamos muchos a\u00f1os ocup\u00e1ndonos de la representaci\u00f3n en los mercados europeos y participamos en el sector de la construcci\u00f3n desde 1991. Hemos representado con \u00e9xito a los sectores &hellip; Sobre nosotros Leer m\u00e1s \u00bb","og_url":"https:\/\/impolsarl.com\/es\/sobre-nosotros\/","og_site_name":"Impol - Reprezentant we Francji od ponad dekady! +48 502 50 70 74","article_publisher":"https:\/\/www.facebook.com\/przedstawicieltransportuwefrancji\/","article_modified_time":"2025-04-22T16:13:44+00:00","og_image":[{"width":1800,"height":1200,"url":"https:\/\/impolsarl.com\/wp-content\/uploads\/2021\/09\/impol-image-5.jpg","type":"image\/jpeg"}],"twitter_card":"summary_large_image","twitter_misc":{"Tiempo de lectura":"4 minutos"},"schema":{"@context":"https:\/\/schema.org","@graph":[{"@type":"WebPage","@id":"https:\/\/impolsarl.com\/es\/sobre-nosotros\/","url":"https:\/\/impolsarl.com\/es\/sobre-nosotros\/","name":"Sobre nosotros - Impol - Reprezentant we Francji od ponad dekady! +48 502 50 70 74","isPartOf":{"@id":"https:\/\/impolsarl.com\/#website"},"primaryImageOfPage":{"@id":"https:\/\/impolsarl.com\/es\/sobre-nosotros\/#primaryimage"},"image":{"@id":"https:\/\/impolsarl.com\/es\/sobre-nosotros\/#primaryimage"},"thumbnailUrl":"https:\/\/impolsarl.com\/wp-content\/uploads\/2021\/09\/impol-image-5-1024x683.jpg","datePublished":"2018-08-29T09:42:49+00:00","dateModified":"2025-04-22T16:13:44+00:00","breadcrumb":{"@id":"https:\/\/impolsarl.com\/es\/sobre-nosotros\/#breadcrumb"},"inLanguage":"es","potentialAction":[{"@type":"ReadAction","target":["https:\/\/impolsarl.com\/es\/sobre-nosotros\/"]}]},{"@type":"ImageObject","inLanguage":"es","@id":"https:\/\/impolsarl.com\/es\/sobre-nosotros\/#primaryimage","url":"https:\/\/impolsarl.com\/wp-content\/uploads\/2021\/09\/impol-image-5-1024x683.jpg","contentUrl":"https:\/\/impolsarl.com\/wp-content\/uploads\/2021\/09\/impol-image-5-1024x683.jpg"},{"@type":"BreadcrumbList","@id":"https:\/\/impolsarl.com\/es\/sobre-nosotros\/#breadcrumb","itemListElement":[{"@type":"ListItem","position":1,"name":"Strona g\u0142\u00f3wna","item":"https:\/\/impolsarl.com\/es\/pagina-de-inicio\/"},{"@type":"ListItem","position":2,"name":"Sobre nosotros"}]},{"@type":"WebSite","@id":"https:\/\/impolsarl.com\/#website","url":"https:\/\/impolsarl.com\/","name":"Impol - Reprezentant we Francji od ponad dekady! +48 502 50 70 74","description":"Impol SARL - Przedstawiciel transportu w Europie","publisher":{"@id":"https:\/\/impolsarl.com\/#organization"},"potentialAction":[{"@type":"SearchAction","target":{"@type":"EntryPoint","urlTemplate":"https:\/\/impolsarl.com\/?s={search_term_string}"},"query-input":{"@type":"PropertyValueSpecification","valueRequired":true,"valueName":"search_term_string"}}],"inLanguage":"es"},{"@type":"Organization","@id":"https:\/\/impolsarl.com\/#organization","name":"Impol - Przedstawiciel Transportu i Pracownikow Delegowanych Do Francji","url":"https:\/\/impolsarl.com\/","logo":{"@type":"ImageObject","inLanguage":"es","@id":"https:\/\/impolsarl.com\/#\/schema\/logo\/image\/","url":"https:\/\/impolsarl.com\/wp-content\/uploads\/2018\/08\/logo-1.png","contentUrl":"https:\/\/impolsarl.com\/wp-content\/uploads\/2018\/08\/logo-1.png","width":133,"height":126,"caption":"Impol - Przedstawiciel Transportu i Pracownikow Delegowanych Do Francji"},"image":{"@id":"https:\/\/impolsarl.com\/#\/schema\/logo\/image\/"},"sameAs":["https:\/\/www.facebook.com\/przedstawicieltransportuwefrancji\/","https:\/\/www.youtube.com\/watch?v=2zjQ9NJBf04"]}]}},"_links":{"self":[{"href":"https:\/\/impolsarl.com\/es\/wp-json\/wp\/v2\/pages\/5449","targetHints":{"allow":["GET"]}}],"collection":[{"href":"https:\/\/impolsarl.com\/es\/wp-json\/wp\/v2\/pages"}],"about":[{"href":"https:\/\/impolsarl.com\/es\/wp-json\/wp\/v2\/types\/page"}],"author":[{"embeddable":true,"href":"https:\/\/impolsarl.com\/es\/wp-json\/wp\/v2\/users\/5"}],"replies":[{"embeddable":true,"href":"https:\/\/impolsarl.com\/es\/wp-json\/wp\/v2\/comments?post=5449"}],"version-history":[{"count":1,"href":"https:\/\/impolsarl.com\/es\/wp-json\/wp\/v2\/pages\/5449\/revisions"}],"predecessor-version":[{"id":5450,"href":"https:\/\/impolsarl.com\/es\/wp-json\/wp\/v2\/pages\/5449\/revisions\/5450"}],"wp:attachment":[{"href":"https:\/\/impolsarl.com\/es\/wp-json\/wp\/v2\/media?parent=5449"}],"wp:term":[{"taxonomy":"folder","embeddable":true,"href":"https:\/\/impolsarl.com\/es\/wp-json\/wp\/v2\/folder?post=5449"}],"curies":[{"name":"wp","href":"https:\/\/api.w.org\/{rel}","templated":true}]}}