{"id":5443,"date":"2022-02-23T16:42:45","date_gmt":"2022-02-23T15:42:45","guid":{"rendered":"https:\/\/impolsarl.com\/delegacion\/"},"modified":"2025-04-22T17:28:48","modified_gmt":"2025-04-22T15:28:48","slug":"delegacion","status":"publish","type":"page","link":"https:\/\/impolsarl.com\/es\/delegacion\/","title":{"rendered":"DELEGACI\u00d3N"},"content":{"rendered":"\n<div class=\"seo\"><p>Desplazar a un empleado al extranjero es una parte muy importante de la empresa moderna. El aumento de la cooperaci\u00f3n internacional, la globalizaci\u00f3n y la expansi\u00f3n de los mercados hacen que cada vez m\u00e1s empresas env\u00eden a un empleado a trabajar al extranjero. En relaci\u00f3n con este proceso, que conlleva muchos beneficios pero tambi\u00e9n retos, es crucial comprender los aspectos b\u00e1sicos del env\u00edo de empleados al extranjero y la normativa que los define.  <\/p>\n<h2>\u00bfQu\u00e9 diferencia hay entre las comisiones de servicio en el extranjero y el desplazamiento de un empleado al extranjero?<\/h2>\n<p>Aunque los t\u00e9rminos \u00abdesplazamiento al extranjero\u00bb y \u00abdesplazamiento de un empleado para trabajar en el extranjero\u00bb suelen utilizarse indistintamente en sentido coloquial, existen algunas diferencias entre ellos.<\/p>\n<p>Lamentablemente, la definici\u00f3n jur\u00eddica de delegaci\u00f3n no se expresa expl\u00edcitamente. Seg\u00fan el C\u00f3digo de Trabajo, en el caso de un empleado en viaje de negocios, entre otros, al extranjero, deben cumplirse tres condiciones: el empleado debe recibir la orden de realizar un viaje de negocios, durante el viaje debe realizar una tarea de negocios y, al mismo tiempo, debe realizarse fuera de la ciudad donde se encuentra el domicilio social del empresario o fuera del lugar de trabajo permanente.  <\/p>\n<p>La ley carece de una definici\u00f3n de trabajadores desplazados y en comisi\u00f3n de servicios, aunque el legislador prev\u00e9 diferentes consecuencias jur\u00eddicas para el desplazamiento y la comisi\u00f3n de servicios.<\/p>\n<p>Sobre la base de reglamentaciones distintas, se supone que el desplazamiento de un empleado, por ejemplo al extranjero, es de car\u00e1cter fortuito y de corta duraci\u00f3n, y no debe durar m\u00e1s de tres meses en total durante el a\u00f1o. En cambio, el desplazamiento de trabajadores como consecuencia de la interpretaci\u00f3n de la Ley implica un cambio formal del lugar de trabajo y una modificaci\u00f3n del contrato por acuerdo de las partes. <\/p>\n<p>Un empleado desplazado puede llevar a cabo proyectos en el extranjero para la empresa matriz, su filial o un socio comercial. En consecuencia, puede verse obligado a cumplir las normas y reglamentos del pa\u00eds al que se desplaza, en particular en materia fiscal, de seguridad social y de condiciones de trabajo. <\/p>\n<h2>AEntG &#8211; Ley sobre el desplazamiento de trabajadores en Alemania<\/h2>\n<p>El env\u00edo de empleados al extranjero debe realizarse no s\u00f3lo de conformidad con la legislaci\u00f3n polaca, sino tambi\u00e9n con la normativa pertinente del pa\u00eds al que se env\u00eda al empleado a trabajar al extranjero.<\/p>\n<p>Un buen ejemplo es la AEntG (Arbeitnehmer-Entsendegesetz). Es la ley alemana sobre el desplazamiento de trabajadores a Alemania. Regula las condiciones laborales y salariales de los trabajadores desplazados a Alemania por empresas extranjeras. El principal objetivo de la AEntG es garantizar que un empleado desplazado a trabajar en Alemania reciba un salario m\u00ednimo y unas condiciones laborales equivalentes a las aplicables a los empleados alemanes en los mismos sectores.   <\/p>\n<p>La Ley sobre el Desplazamiento de Trabajadores en Alemania aborda, entre otras cosas, aspectos de la vida laboral como la jornada laboral m\u00e1xima, las pausas, las vacaciones, los convenios colectivos de \u00e1mbito nacional, los gastos de viaje, alojamiento y manutenci\u00f3n. El objetivo es proteger a los trabajadores de la explotaci\u00f3n y garantizar la competencia leal entre empresas en el mercado laboral alem\u00e1n.  <\/p>\n<h2>Modificaci\u00f3n de la disposici\u00f3n sobre los viajes de negocios de los conductores extranjeros<\/h2>\n<p>En febrero de 2022, se introdujo una enmienda a la disposici\u00f3n sobre los viajes de negocios de los conductores extranjeros en el transporte internacional en relaci\u00f3n con la aplicaci\u00f3n del llamado Paquete de Movilidad. En virtud de la misma, el transporte extranjero por carretera qued\u00f3 excluido de la definici\u00f3n de viaje de negocios. A partir del 2 de febrero de 2022, el concepto de viaje de negocios de un conductor incluye cualquier tarea profesional realizada en el contexto del transporte nacional por carretera, consistente en la realizaci\u00f3n de un transporte por carretera por orden del empresario o la salida para su realizaci\u00f3n, fuera de lugares o emplazamientos predefinidos.     <\/p>\n<p>Como resultado de la ambig\u00fcedad en relaci\u00f3n con los viajes de negocios de los conductores extranjeros, a la luz de las posiciones del Ministerio de Infraestructuras y de la Inspecci\u00f3n Jefe de Trabajo, toda la tarea de transporte realizada por el conductor, incluidos los segmentos nacionales del viaje, se considera transporte internacional, ya que est\u00e1n relacionados con el transporte extranjero. En consecuencia, s\u00f3lo los conductores dedicados exclusivamente al transporte nacional por carretera pueden realizar viajes de negocios. <\/p>\n<h2>Impol &#8211; ayuda para desplazar a un empleado al extranjero<\/h2>\n<p>Impol es una empresa con experiencia especializada en la representaci\u00f3n de empresas polacas en mercados europeos din\u00e1micos. Como su representante, nos ocuparemos de sus intereses empresariales, facilitando el proceso de expansi\u00f3n. Nuestro equipo de expertos se mantiene siempre al d\u00eda de los cambios en la normativa, lo que nos ha permitido operar con \u00e9xito en varios pa\u00edses durante casi 30 a\u00f1os. Creemos que una de las claves del \u00e9xito de nuestros clientes en el \u00e1mbito internacional es la representaci\u00f3n profesional de su empresa en el extranjero.   <\/p>\n<p>Realizaremos para usted un an\u00e1lisis de la movilidad de los trabajadores desplazados en proyectos en el extranjero. Nuestros especialistas le ayudar\u00e1n a comprender las obligaciones impuestas al empresario y a preparar los documentos necesarios, como la declaraci\u00f3n de trabajadores desplazados, inform\u00e1ndole de cualquier cuesti\u00f3n jur\u00eddica. <\/p>\n<p>Nos adherimos a un enfoque hol\u00edstico de los clientes, por lo que puede contar con nosotros para ayudarle con una amplia gama de posibles problemas de movilidad de los empleados.<\/p>\n<p>Ayudamos a negociar con un cliente o empleador extranjero, por ejemplo en Francia, reservamos alojamiento y recuperamos el IVA pagado de m\u00e1s en la UE por gastos como puertas de autopista, repostaje, aparcamiento, alquiler de hoteles.<\/p>\n<p>Puede contar con nosotros en un amplio horario, ya que ofrecemos contacto telef\u00f3nico los 7 d\u00edas de la semana, de 7.00 a 22.00 horas. \u00a1Eche un vistazo a la extensa gama de servicios de Impol!  <\/p><\/div>\n","protected":false},"excerpt":{"rendered":"<p>Desplazar a un empleado al extranjero es una parte muy importante de la empresa moderna. El aumento de la cooperaci\u00f3n internacional, la globalizaci\u00f3n y la expansi\u00f3n de los mercados hacen que cada vez m\u00e1s empresas env\u00eden a un empleado a trabajar al extranjero. En relaci\u00f3n con este proceso, que conlleva muchos beneficios pero tambi\u00e9n retos, &hellip;<\/p>\n<p class=\"read-more\"> <a class=\"\" href=\"https:\/\/impolsarl.com\/es\/delegacion\/\"> <span class=\"screen-reader-text\">DELEGACI\u00d3N<\/span> Leer m\u00e1s \u00bb<\/a><\/p>\n","protected":false},"author":5,"featured_media":0,"parent":0,"menu_order":24,"comment_status":"closed","ping_status":"closed","template":"","meta":{"_acf_changed":false,"site-sidebar-layout":"default","site-content-layout":"","ast-site-content-layout":"","site-content-style":"default","site-sidebar-style":"default","ast-global-header-display":"","ast-banner-title-visibility":"","ast-main-header-display":"","ast-hfb-above-header-display":"","ast-hfb-below-header-display":"","ast-hfb-mobile-header-display":"","site-post-title":"","ast-breadcrumbs-content":"","ast-featured-img":"","footer-sml-layout":"","theme-transparent-header-meta":"","adv-header-id-meta":"","stick-header-meta":"","header-above-stick-meta":"","header-main-stick-meta":"","header-below-stick-meta":"","astra-migrate-meta-layouts":"default","ast-page-background-enabled":"default","ast-page-background-meta":{"desktop":{"background-color":"var(--ast-global-color-4)","background-image":"","background-repeat":"repeat","background-position":"center center","background-size":"auto","background-attachment":"scroll","background-type":"","background-media":"","overlay-type":"","overlay-color":"","overlay-gradient":""},"tablet":{"background-color":"","background-image":"","background-repeat":"repeat","background-position":"center center","background-size":"auto","background-attachment":"scroll","background-type":"","background-media":"","overlay-type":"","overlay-color":"","overlay-gradient":""},"mobile":{"background-color":"","background-image":"","background-repeat":"repeat","background-position":"center center","background-size":"auto","background-attachment":"scroll","background-type":"","background-media":"","overlay-type":"","overlay-color":"","overlay-gradient":""}},"ast-content-background-meta":{"desktop":{"background-color":"var(--ast-global-color-5)","background-image":"","background-repeat":"repeat","background-position":"center center","background-size":"auto","background-attachment":"scroll","background-type":"","background-media":"","overlay-type":"","overlay-color":"","overlay-gradient":""},"tablet":{"background-color":"var(--ast-global-color-5)","background-image":"","background-repeat":"repeat","background-position":"center center","background-size":"auto","background-attachment":"scroll","background-type":"","background-media":"","overlay-type":"","overlay-color":"","overlay-gradient":""},"mobile":{"background-color":"var(--ast-global-color-5)","background-image":"","background-repeat":"repeat","background-position":"center center","background-size":"auto","background-attachment":"scroll","background-type":"","background-media":"","overlay-type":"","overlay-color":"","overlay-gradient":""}},"footnotes":""},"folder":[94],"class_list":["post-5443","page","type-page","status-publish","hentry"],"acf":[],"yoast_head":"<!-- This site is optimized with the Yoast SEO Premium plugin v24.7 (Yoast SEO v24.7) - https:\/\/yoast.com\/wordpress\/plugins\/seo\/ -->\n<title>Desplazamiento de un empleado al extranjero | Desplazamiento de un empleado al extranjero | Representaci\u00f3n de una empresa en el extranjero | IMPOL<\/title>\n<meta name=\"description\" content=\"Los especialistas de Impol realizar\u00e1n para usted un an\u00e1lisis de la movilidad de los empleados destinados a proyectos en el extranjero. Le ayudaremos a comprender las complejidades jur\u00eddicas.\" \/>\n<meta name=\"robots\" content=\"index, follow, max-snippet:-1, max-image-preview:large, max-video-preview:-1\" \/>\n<link rel=\"canonical\" href=\"https:\/\/impolsarl.com\/es\/delegacion\/\" \/>\n<meta property=\"og:locale\" content=\"es_ES\" \/>\n<meta property=\"og:type\" content=\"article\" \/>\n<meta property=\"og:title\" content=\"DELEGACI\u00d3N\" \/>\n<meta property=\"og:description\" content=\"Los especialistas de Impol realizar\u00e1n para usted un an\u00e1lisis de la movilidad de los empleados destinados a proyectos en el extranjero. Le ayudaremos a comprender las complejidades jur\u00eddicas.\" \/>\n<meta property=\"og:url\" content=\"https:\/\/impolsarl.com\/es\/delegacion\/\" \/>\n<meta property=\"og:site_name\" content=\"Impol - Reprezentant we Francji od ponad dekady! +48 502 50 70 74\" \/>\n<meta property=\"article:publisher\" content=\"https:\/\/www.facebook.com\/przedstawicieltransportuwefrancji\/\" \/>\n<meta property=\"article:modified_time\" content=\"2025-04-22T15:28:48+00:00\" \/>\n<meta name=\"twitter:card\" content=\"summary_large_image\" \/>\n<meta name=\"twitter:label1\" content=\"Tiempo de lectura\" \/>\n\t<meta name=\"twitter:data1\" content=\"5 minutos\" \/>\n<script type=\"application\/ld+json\" class=\"yoast-schema-graph\">{\"@context\":\"https:\/\/schema.org\",\"@graph\":[{\"@type\":\"WebPage\",\"@id\":\"https:\/\/impolsarl.com\/es\/delegacion\/\",\"url\":\"https:\/\/impolsarl.com\/es\/delegacion\/\",\"name\":\"Desplazamiento de un empleado al extranjero | Desplazamiento de un empleado al extranjero | Representaci\u00f3n de una empresa en el extranjero | IMPOL\",\"isPartOf\":{\"@id\":\"https:\/\/impolsarl.com\/#website\"},\"datePublished\":\"2022-02-23T15:42:45+00:00\",\"dateModified\":\"2025-04-22T15:28:48+00:00\",\"description\":\"Los especialistas de Impol realizar\u00e1n para usted un an\u00e1lisis de la movilidad de los empleados destinados a proyectos en el extranjero. Le ayudaremos a comprender las complejidades jur\u00eddicas.\",\"breadcrumb\":{\"@id\":\"https:\/\/impolsarl.com\/es\/delegacion\/#breadcrumb\"},\"inLanguage\":\"es\",\"potentialAction\":[{\"@type\":\"ReadAction\",\"target\":[\"https:\/\/impolsarl.com\/es\/delegacion\/\"]}]},{\"@type\":\"BreadcrumbList\",\"@id\":\"https:\/\/impolsarl.com\/es\/delegacion\/#breadcrumb\",\"itemListElement\":[{\"@type\":\"ListItem\",\"position\":1,\"name\":\"Strona g\u0142\u00f3wna\",\"item\":\"https:\/\/impolsarl.com\/es\/pagina-de-inicio\/\"},{\"@type\":\"ListItem\",\"position\":2,\"name\":\"DELEGACI\u00d3N\"}]},{\"@type\":\"WebSite\",\"@id\":\"https:\/\/impolsarl.com\/#website\",\"url\":\"https:\/\/impolsarl.com\/\",\"name\":\"Impol - Reprezentant we Francji od ponad dekady! +48 502 50 70 74\",\"description\":\"Impol SARL - Przedstawiciel transportu w Europie\",\"publisher\":{\"@id\":\"https:\/\/impolsarl.com\/#organization\"},\"potentialAction\":[{\"@type\":\"SearchAction\",\"target\":{\"@type\":\"EntryPoint\",\"urlTemplate\":\"https:\/\/impolsarl.com\/?s={search_term_string}\"},\"query-input\":{\"@type\":\"PropertyValueSpecification\",\"valueRequired\":true,\"valueName\":\"search_term_string\"}}],\"inLanguage\":\"es\"},{\"@type\":\"Organization\",\"@id\":\"https:\/\/impolsarl.com\/#organization\",\"name\":\"Impol - Przedstawiciel Transportu i Pracownikow Delegowanych Do Francji\",\"url\":\"https:\/\/impolsarl.com\/\",\"logo\":{\"@type\":\"ImageObject\",\"inLanguage\":\"es\",\"@id\":\"https:\/\/impolsarl.com\/#\/schema\/logo\/image\/\",\"url\":\"https:\/\/impolsarl.com\/wp-content\/uploads\/2018\/08\/logo-1.png\",\"contentUrl\":\"https:\/\/impolsarl.com\/wp-content\/uploads\/2018\/08\/logo-1.png\",\"width\":133,\"height\":126,\"caption\":\"Impol - Przedstawiciel Transportu i Pracownikow Delegowanych Do Francji\"},\"image\":{\"@id\":\"https:\/\/impolsarl.com\/#\/schema\/logo\/image\/\"},\"sameAs\":[\"https:\/\/www.facebook.com\/przedstawicieltransportuwefrancji\/\",\"https:\/\/www.youtube.com\/watch?v=2zjQ9NJBf04\"]}]}<\/script>\n<!-- \/ Yoast SEO Premium plugin. -->","yoast_head_json":{"title":"Desplazamiento de un empleado al extranjero | Desplazamiento de un empleado al extranjero | Representaci\u00f3n de una empresa en el extranjero | IMPOL","description":"Los especialistas de Impol realizar\u00e1n para usted un an\u00e1lisis de la movilidad de los empleados destinados a proyectos en el extranjero. Le ayudaremos a comprender las complejidades jur\u00eddicas.","robots":{"index":"index","follow":"follow","max-snippet":"max-snippet:-1","max-image-preview":"max-image-preview:large","max-video-preview":"max-video-preview:-1"},"canonical":"https:\/\/impolsarl.com\/es\/delegacion\/","og_locale":"es_ES","og_type":"article","og_title":"DELEGACI\u00d3N","og_description":"Los especialistas de Impol realizar\u00e1n para usted un an\u00e1lisis de la movilidad de los empleados destinados a proyectos en el extranjero. Le ayudaremos a comprender las complejidades jur\u00eddicas.","og_url":"https:\/\/impolsarl.com\/es\/delegacion\/","og_site_name":"Impol - Reprezentant we Francji od ponad dekady! +48 502 50 70 74","article_publisher":"https:\/\/www.facebook.com\/przedstawicieltransportuwefrancji\/","article_modified_time":"2025-04-22T15:28:48+00:00","twitter_card":"summary_large_image","twitter_misc":{"Tiempo de lectura":"5 minutos"},"schema":{"@context":"https:\/\/schema.org","@graph":[{"@type":"WebPage","@id":"https:\/\/impolsarl.com\/es\/delegacion\/","url":"https:\/\/impolsarl.com\/es\/delegacion\/","name":"Desplazamiento de un empleado al extranjero | Desplazamiento de un empleado al extranjero | Representaci\u00f3n de una empresa en el extranjero | IMPOL","isPartOf":{"@id":"https:\/\/impolsarl.com\/#website"},"datePublished":"2022-02-23T15:42:45+00:00","dateModified":"2025-04-22T15:28:48+00:00","description":"Los especialistas de Impol realizar\u00e1n para usted un an\u00e1lisis de la movilidad de los empleados destinados a proyectos en el extranjero. Le ayudaremos a comprender las complejidades jur\u00eddicas.","breadcrumb":{"@id":"https:\/\/impolsarl.com\/es\/delegacion\/#breadcrumb"},"inLanguage":"es","potentialAction":[{"@type":"ReadAction","target":["https:\/\/impolsarl.com\/es\/delegacion\/"]}]},{"@type":"BreadcrumbList","@id":"https:\/\/impolsarl.com\/es\/delegacion\/#breadcrumb","itemListElement":[{"@type":"ListItem","position":1,"name":"Strona g\u0142\u00f3wna","item":"https:\/\/impolsarl.com\/es\/pagina-de-inicio\/"},{"@type":"ListItem","position":2,"name":"DELEGACI\u00d3N"}]},{"@type":"WebSite","@id":"https:\/\/impolsarl.com\/#website","url":"https:\/\/impolsarl.com\/","name":"Impol - Reprezentant we Francji od ponad dekady! +48 502 50 70 74","description":"Impol SARL - Przedstawiciel transportu w Europie","publisher":{"@id":"https:\/\/impolsarl.com\/#organization"},"potentialAction":[{"@type":"SearchAction","target":{"@type":"EntryPoint","urlTemplate":"https:\/\/impolsarl.com\/?s={search_term_string}"},"query-input":{"@type":"PropertyValueSpecification","valueRequired":true,"valueName":"search_term_string"}}],"inLanguage":"es"},{"@type":"Organization","@id":"https:\/\/impolsarl.com\/#organization","name":"Impol - Przedstawiciel Transportu i Pracownikow Delegowanych Do Francji","url":"https:\/\/impolsarl.com\/","logo":{"@type":"ImageObject","inLanguage":"es","@id":"https:\/\/impolsarl.com\/#\/schema\/logo\/image\/","url":"https:\/\/impolsarl.com\/wp-content\/uploads\/2018\/08\/logo-1.png","contentUrl":"https:\/\/impolsarl.com\/wp-content\/uploads\/2018\/08\/logo-1.png","width":133,"height":126,"caption":"Impol - Przedstawiciel Transportu i Pracownikow Delegowanych Do Francji"},"image":{"@id":"https:\/\/impolsarl.com\/#\/schema\/logo\/image\/"},"sameAs":["https:\/\/www.facebook.com\/przedstawicieltransportuwefrancji\/","https:\/\/www.youtube.com\/watch?v=2zjQ9NJBf04"]}]}},"_links":{"self":[{"href":"https:\/\/impolsarl.com\/es\/wp-json\/wp\/v2\/pages\/5443","targetHints":{"allow":["GET"]}}],"collection":[{"href":"https:\/\/impolsarl.com\/es\/wp-json\/wp\/v2\/pages"}],"about":[{"href":"https:\/\/impolsarl.com\/es\/wp-json\/wp\/v2\/types\/page"}],"author":[{"embeddable":true,"href":"https:\/\/impolsarl.com\/es\/wp-json\/wp\/v2\/users\/5"}],"replies":[{"embeddable":true,"href":"https:\/\/impolsarl.com\/es\/wp-json\/wp\/v2\/comments?post=5443"}],"version-history":[{"count":1,"href":"https:\/\/impolsarl.com\/es\/wp-json\/wp\/v2\/pages\/5443\/revisions"}],"predecessor-version":[{"id":5444,"href":"https:\/\/impolsarl.com\/es\/wp-json\/wp\/v2\/pages\/5443\/revisions\/5444"}],"wp:attachment":[{"href":"https:\/\/impolsarl.com\/es\/wp-json\/wp\/v2\/media?parent=5443"}],"wp:term":[{"taxonomy":"folder","embeddable":true,"href":"https:\/\/impolsarl.com\/es\/wp-json\/wp\/v2\/folder?post=5443"}],"curies":[{"name":"wp","href":"https:\/\/api.w.org\/{rel}","templated":true}]}}