{"id":5435,"date":"2020-01-07T21:47:39","date_gmt":"2020-01-07T20:47:39","guid":{"rendered":"https:\/\/impolsarl.com\/recuperacion-del-iva-del-extranjero\/"},"modified":"2025-04-22T17:22:39","modified_gmt":"2025-04-22T15:22:39","slug":"recuperacion-del-iva-del-extranjero","status":"publish","type":"page","link":"https:\/\/impolsarl.com\/es\/recuperacion-del-iva-del-extranjero\/","title":{"rendered":"Recuperaci\u00f3n del IVA del extranjero"},"content":{"rendered":"\n<h1 class=\"wp-block-heading\" id=\"h-odzyskanie-vat-z-zagranicy\">Recuperaci\u00f3n del IVA del extranjero<\/h1>\n\n<h2 class=\"wp-block-heading\" id=\"h-\"><img fetchpriority=\"high\" decoding=\"async\" width=\"500\" height=\"400\" class=\"wp-image-1896\" style=\"width: 500px;\" src=\"https:\/\/impolsarl.com\/wp-content\/uploads\/2020\/01\/Zwrot-VAT-info.png\" alt=\"\" srcset=\"https:\/\/impolsarl.com\/wp-content\/uploads\/2020\/01\/Zwrot-VAT-info.png 2000w, https:\/\/impolsarl.com\/wp-content\/uploads\/2020\/01\/Zwrot-VAT-info-600x480.png 600w, https:\/\/impolsarl.com\/wp-content\/uploads\/2020\/01\/Zwrot-VAT-info-300x240.png 300w, https:\/\/impolsarl.com\/wp-content\/uploads\/2020\/01\/Zwrot-VAT-info-768x614.png 768w, https:\/\/impolsarl.com\/wp-content\/uploads\/2020\/01\/Zwrot-VAT-info-1024x819.png 1024w\" sizes=\"(max-width: 500px) 100vw, 500px\" \/><\/h2>\n\n<p>\u00bfDirige una empresa de transportes? Si es as\u00ed, sabemos que el tema de la devoluci\u00f3n del IVA desde el extranjero no es nuevo para usted. En el mundo del transporte, la devoluci\u00f3n del IVA por parte de la UE, es decir, Alemania, Francia, Espa\u00f1a y\/o los otros 27 pa\u00edses, entre otros, es uno de los primeros y m\u00e1s importantes temas a la hora de optimizar la tesorer\u00eda de una empresa de transporte y reducir sus costes.  <\/p>\n\n<p>Si no dirige una empresa del sector del transporte, pero env\u00eda a sus empleados en viaje de negocios a otros pa\u00edses y les paga la manutenci\u00f3n y los hoteles a cuenta de la empresa, seguramente se preguntar\u00e1 c\u00f3mo recuperar el IVA del extranjero. No se preocupe: \u00a1podemos ayudarle! Sobre todo porque puede recuperar hasta el 27% del importe de la factura pagada. \u00bfNo sabe c\u00f3mo reclamar el IVA pagado en Alemania? \u00bfNo conoce el procedimiento para solicitar la devoluci\u00f3n del IVA desde el extranjero? Entre otras cosas, nuestra empresa se ocupa de tareas como la devoluci\u00f3n del IVA desde Francia, la devoluci\u00f3n de impuestos especiales desde B\u00e9lgica, la devoluci\u00f3n del IVA desde Alemania, es decir, en general, de todo lo relacionado con la devoluci\u00f3n del IVA pagado en la UE.     <\/p>\n\n<h2 class=\"wp-block-heading\" id=\"h-jak-impol-moze-pomoc-w-odzyskiwaniu-vat-u-z-zagranicy\">\u00bfC\u00f3mo puede ayudarle Impol a recuperar el IVA del extranjero?<\/h2>\n\n<p><strong>Como empresa con gran experiencia, somos muy conscientes de que hoy en d\u00eda la creciente calidad de los servicios de transporte debe ir acompa\u00f1ada de una constante reducci\u00f3n de costes. Las empresas que recuperan el IVA del extranjero pueden contar con el apoyo profesional de nuestros especialistas. \u00bfC\u00f3mo recupero el IVA de una factura extranjera de Alemania u otro pa\u00eds de la UE? Cuando se trata de recuperar el IVA del extranjero, ofrecemos a nuestros clientes las siguientes soluciones:   <\/strong><\/p>\n\n<ul class=\"wp-block-list\">\n<li><strong>Devoluci\u00f3n est\u00e1ndar del IVA<\/strong>: en la que se ahorra gracias a un margen muy bajo y, a cambio, se obtiene el IVA cuando se recibe la decisi\u00f3n de la agencia tributaria del pa\u00eds de devoluci\u00f3n.<\/li>\n<\/ul>\n\n<ul class=\"wp-block-list\">\n<li><strong>asistencia experta en la recuperaci\u00f3n del IVA de la UE<\/strong> &#8211; si su deseo es aprender a hacer usted mismo la devoluci\u00f3n del IVA &#8211; estaremos encantados de ayudarle, por ejemplo con asesoramiento, recursos, asistencia en la recuperaci\u00f3n del IVA del extranjero o incluso con los tr\u00e1mites relacionados con la devoluci\u00f3n del IVA despu\u00e9s del Brexit. Le animamos a aprovechar nuestro asesoramiento experto en la devoluci\u00f3n del IVA pagado en la UE. En cualquier momento, estamos dispuestos a presentar las soluciones m\u00e1s convenientes para nuestros clientes, optimizadas para sus necesidades individuales.  <\/li>\n<\/ul>\n\n<p>Para la categor\u00eda de costes de devoluci\u00f3n del IVA de la UE, puede solicitar:<\/p>\n\n<ul class=\"wp-block-list\">\n<li>devoluci\u00f3n del IVA extranjero sobre el combustible; <\/li>\n\n\n\n<li>devoluci\u00f3n del IVA extranjero en los peajes, <\/li>\n\n\n\n<li>Reembolso del IVA extranjero en los aparcamientos,<\/li>\n\n\n\n<li>Devoluci\u00f3n del IVA extranjero en los accesorios de transporte,<\/li>\n\n\n\n<li>Devoluci\u00f3n del IVA extranjero a los hoteles<\/li>\n\n\n\n<li>El reembolso del IVA extranjero sobre las reparaciones y otros gastos, cuya recuperaci\u00f3n se determina por las normas internas del para\u00edso del reembolso.<\/li>\n<\/ul>\n\n<p>As\u00ed pues, si desea obtener la devoluci\u00f3n del IVA pagado en la UE, p\u00f3ngase en contacto con nosotros por correo electr\u00f3nico: <a href=\"https:\/\/impolsarl.com\/wp-admin\/vat@impolsarl.com\">vat@impolsarl.com<\/a>, llamar por tel\u00e9fono o utilizar nuestra sala de chat en la parte inferior derecha del sitio web. <\/p>\n\n<h2 class=\"wp-block-heading\" id=\"h-potrzebujesz-pomocy-przy-zwrocie-akcyzy-za-paliwo-z-ue\">\u00bfNecesita ayuda con la devoluci\u00f3n de los impuestos especiales de la UE?<\/h2>\n\n<p>Ahora es posible solicitar la devoluci\u00f3n de los impuestos especiales tras utilizar una estaci\u00f3n en uno de los 7 pa\u00edses de la Uni\u00f3n Europea: Ruman\u00eda, Hungr\u00eda, Italia, Espa\u00f1a, Eslovenia, B\u00e9lgica y Francia. Cada pa\u00eds tiene diferentes tipos de este impuesto por litro de combustible. El tiempo de espera para el reembolso tambi\u00e9n var\u00eda. Si, por ejemplo, quiere que le devuelvan los impuestos especiales de B\u00e9lgica, todo el procedimiento puede durar alrededor de un a\u00f1o. Para asegurarse de que ha realizado todos los tr\u00e1mites, le animamos a utilizar nuestros servicios. Completaremos y le enviaremos toda la documentaci\u00f3n y nos aseguraremos de que todo el proceso se desarrolle sin problemas. \u00bfEst\u00e1 interesado en una devoluci\u00f3n de impuestos especiales de, por ejemplo, B\u00e9lgica? \u00a1Quedamos a su disposici\u00f3n! \u00bfQuiere saber m\u00e1s sobre: combustible comprado en el extranjero e IVA? Le animamos a leer nuestra entrada del blog https:\/\/impolsarl.com\/2021\/05\/17\/zakup-paliwa-a-zwrot-podatku\/.         <\/p>\n\n<h2 class=\"wp-block-heading\" id=\"h-co-wyroznia-nas-na-tle-konkurencji-w-kwestii-odzyskiwania-podatku-vat-z-zagranicy\">\u00bfQu\u00e9 nos diferencia de la competencia cuando se trata de recuperar el IVA del extranjero?<\/h2>\n\n<p>Llevamos a\u00f1os ocup\u00e1ndonos del tema de la recuperaci\u00f3n del IVA de la UE. Nuestra empresa es independiente y acepta facturas de todos los proveedores con una comisi\u00f3n fija baja y, lo que es igual de importante, sin costes ocultos. El objetivo primordial de IMPOL es que la recuperaci\u00f3n del IVA del extranjero sea r\u00e1pida y ventajosa. Le animamos a que aproveche nuestros servicios para facilitar la devoluci\u00f3n del IVA desde Francia, Alemania y otros pa\u00edses de la Uni\u00f3n Europea. Gestionaremos su devoluci\u00f3n del IVA de la UE r\u00e1pidamente y sin complicaciones, dej\u00e1ndole libre para concentrarse en el resto de su negocio.    <\/p>\n\n<h2>Devoluci\u00f3n del IVA desde el extranjero: informaci\u00f3n b\u00e1sica<\/h2>\n<p>La recuperaci\u00f3n del IVA de la UE puede obtenerse en relaci\u00f3n con la compra de bienes o servicios relacionados con una actividad empresarial. Por ejemplo, la recuperaci\u00f3n del IVA por compras en Alemania se refiere, por ejemplo, a combustible, alojamiento o alquiler de medios de transporte. Si su empresa mantiene su propia flota de veh\u00edculos, puede solicitar la recuperaci\u00f3n del IVA de Alemania en relaci\u00f3n con los gastos de aparcamiento, reparaci\u00f3n de veh\u00edculos, etc. Sin embargo, la recuperaci\u00f3n del IVA de Alemania no se aplica a los recibos de peaje, ya que no est\u00e1n sujetos al IVA.   <\/p>\n<h2>\u00bfQui\u00e9n puede solicitar la devoluci\u00f3n del IVA desde el extranjero?<\/h2>\n<p>Seg\u00fan la normativa de la UE, el procedimiento de devoluci\u00f3n del IVA procedente del extranjero se aplica a los empresarios que est\u00e9n registrados como contribuyentes activos del IVA en Polonia. El domicilio social de la empresa debe estar situado en nuestro pa\u00eds, no en el Estado miembro de devoluci\u00f3n. Si no tienen un establecimiento permanente, los contribuyentes que soliciten la devoluci\u00f3n del IVA pagado en la UE no deben tener un lugar de residencia permanente o habitual en el pa\u00eds de devoluci\u00f3n.  <\/p>\n<p>Se entiende por sujeto pasivo que puede ser objeto del procedimiento de devoluci\u00f3n del IVA extranjero la entidad que realiza una actividad con independencia de su objeto o resultado, y que al mismo tiempo no estaba exenta del impuesto en virtud del art\u00edculo 113 de la Ley del Impuesto sobre el Valor A\u00f1adido ni realizaba exclusivamente actividades exentas. <\/p>\n<p>La recuperaci\u00f3n del IVA del extranjero no est\u00e1 disponible para los contribuyentes que suministran ocasionalmente un nuevo medio de transporte a un destino dentro de la Uni\u00f3n Europea.<\/p>\n<h2>\u00bfC\u00f3mo recuperar el IVA de una factura extranjera? Plazos para presentar una solicitud <\/h2>\n<p>La solicitud de devoluci\u00f3n del IVA del extranjero puede presentarse hasta el 30 de septiembre del a\u00f1o siguiente a aquel en que se realizaron las compras en los pa\u00edses de la UE. Si se supera este plazo, se pierde el derecho a reclamar la devoluci\u00f3n del IVA desde el extranjero. <\/p>\n<p>Para solicitar la devoluci\u00f3n del IVA a la UE, el importe m\u00ednimo solicitado debe ser de al menos 50 euros al a\u00f1o o 400 euros por un periodo de tres meses. Debe indicarse en la moneda del pa\u00eds desde el que se efect\u00faa la devoluci\u00f3n. <\/p>\n<p>La oficina tributaria de Polonia dispone de 15 d\u00edas naturales para enviar una solicitud de devoluci\u00f3n del IVA procedente del extranjero a la administraci\u00f3n tributaria competente de un Estado miembro. Esperar la decisi\u00f3n de ese pa\u00eds puede llevar hasta 4 meses. Si no se dispone de informaci\u00f3n suficiente, este plazo puede prolongarse hasta 8 meses a partir de la fecha de recepci\u00f3n de la solicitud. Si la decisi\u00f3n es negativa, existe la posibilidad de recurrirla, lo que ampl\u00eda a\u00fan m\u00e1s el plazo para recuperar el IVA del extranjero.   <\/p>\n<p>El documento b\u00e1sico que da derecho a la devoluci\u00f3n del IVA desde el extranjero es la factura. Tambi\u00e9n est\u00e1 permitido utilizar recibos, siempre que la normativa del pa\u00eds en cuesti\u00f3n lo permita. Por ejemplo, si su empresa reposta desde nuestro vecino occidental y le interesa reclamar el IVA desde Alemania, puede recibir la devoluci\u00f3n del IVA desde el extranjero sobre la base de recibos de hasta 250 euros.  <\/p>\n<h2>Devoluci\u00f3n del IVA desde el extranjero: \u00a1cuidado con las preferencias de cada pa\u00eds de la UE!<\/h2>\n<p>Cabe se\u00f1alar que en determinados Estados miembros pueden aplicarse normas espec\u00edficas de devoluci\u00f3n del IVA de los pa\u00edses de la UE. Las denominadas preferencias se refieren, entre otras cosas, a los periodos de devoluci\u00f3n, las descripciones de actividades, las copias de documentos obligatorios, los subc\u00f3digos exigidos, los c\u00f3digos ling\u00fc\u00edsticos de descripci\u00f3n para la selecci\u00f3n de bienes. Por lo tanto, hay que tener en cuenta la posible necesidad de cumplir requisitos adicionales, como la presentaci\u00f3n de documentaci\u00f3n justificativa.   <\/p>\n<p>Algunos Estados miembros de la UE no prev\u00e9n la posibilidad de corregir las solicitudes presentadas. No es f\u00e1cil perderse en el laberinto de la normativa, por lo que sin duda merece la pena recurrir a la ayuda de los profesionales de IMPOL. Sabemos c\u00f3mo recuperar el IVA del extranjero y le ayudaremos a conseguirlo r\u00e1pidamente y sin dificultades innecesarias. Estaremos encantados de atenderle. \u00danase hoy mismo a las filas de nuestros numerosos clientes satisfechos.    <\/p>\n","protected":false},"excerpt":{"rendered":"<p>Recuperaci\u00f3n del IVA del extranjero \u00bfDirige una empresa de transportes? Si es as\u00ed, sabemos que el tema de la devoluci\u00f3n del IVA desde el extranjero no es nuevo para usted. En el mundo del transporte, la devoluci\u00f3n del IVA por parte de la UE, es decir, Alemania, Francia, Espa\u00f1a y\/o los otros 27 pa\u00edses, entre &hellip;<\/p>\n<p class=\"read-more\"> <a class=\"\" href=\"https:\/\/impolsarl.com\/es\/recuperacion-del-iva-del-extranjero\/\"> <span class=\"screen-reader-text\">Recuperaci\u00f3n del IVA del extranjero<\/span> Leer m\u00e1s \u00bb<\/a><\/p>\n","protected":false},"author":5,"featured_media":4993,"parent":0,"menu_order":17,"comment_status":"closed","ping_status":"closed","template":"","meta":{"_acf_changed":false,"site-sidebar-layout":"default","site-content-layout":"","ast-site-content-layout":"","site-content-style":"default","site-sidebar-style":"default","ast-global-header-display":"","ast-banner-title-visibility":"","ast-main-header-display":"","ast-hfb-above-header-display":"","ast-hfb-below-header-display":"","ast-hfb-mobile-header-display":"","site-post-title":"disabled","ast-breadcrumbs-content":"","ast-featured-img":"disabled","footer-sml-layout":"","theme-transparent-header-meta":"","adv-header-id-meta":"","stick-header-meta":"","header-above-stick-meta":"","header-main-stick-meta":"","header-below-stick-meta":"","astra-migrate-meta-layouts":"default","ast-page-background-enabled":"default","ast-page-background-meta":{"desktop":{"background-color":"var(--ast-global-color-4)","background-image":"","background-repeat":"repeat","background-position":"center center","background-size":"auto","background-attachment":"scroll","background-type":"","background-media":"","overlay-type":"","overlay-color":"","overlay-gradient":""},"tablet":{"background-color":"","background-image":"","background-repeat":"repeat","background-position":"center center","background-size":"auto","background-attachment":"scroll","background-type":"","background-media":"","overlay-type":"","overlay-color":"","overlay-gradient":""},"mobile":{"background-color":"","background-image":"","background-repeat":"repeat","background-position":"center center","background-size":"auto","background-attachment":"scroll","background-type":"","background-media":"","overlay-type":"","overlay-color":"","overlay-gradient":""}},"ast-content-background-meta":{"desktop":{"background-color":"var(--ast-global-color-5)","background-image":"","background-repeat":"repeat","background-position":"center center","background-size":"auto","background-attachment":"scroll","background-type":"","background-media":"","overlay-type":"","overlay-color":"","overlay-gradient":""},"tablet":{"background-color":"var(--ast-global-color-5)","background-image":"","background-repeat":"repeat","background-position":"center center","background-size":"auto","background-attachment":"scroll","background-type":"","background-media":"","overlay-type":"","overlay-color":"","overlay-gradient":""},"mobile":{"background-color":"var(--ast-global-color-5)","background-image":"","background-repeat":"repeat","background-position":"center center","background-size":"auto","background-attachment":"scroll","background-type":"","background-media":"","overlay-type":"","overlay-color":"","overlay-gradient":""}},"footnotes":""},"folder":[94],"class_list":["post-5435","page","type-page","status-publish","has-post-thumbnail","hentry"],"acf":[],"yoast_head":"<!-- This site is optimized with the Yoast SEO Premium plugin v24.7 (Yoast SEO v24.7) - https:\/\/yoast.com\/wordpress\/plugins\/seo\/ -->\n<title>Devoluciones del IVA desde el extranjero | Recuperaci\u00f3n del IVA de la UE | IMPOL<\/title>\n<meta name=\"description\" content=\"\u00bfSe pregunta c\u00f3mo recuperar el IVA del extranjero? No es f\u00e1cil perderse en el laberinto de la normativa. Aproveche la ayuda profesional de IMPOL.\" \/>\n<meta name=\"robots\" content=\"index, follow, max-snippet:-1, max-image-preview:large, max-video-preview:-1\" \/>\n<link rel=\"canonical\" href=\"https:\/\/impolsarl.com\/es\/recuperacion-del-iva-del-extranjero\/\" \/>\n<meta property=\"og:locale\" content=\"es_ES\" \/>\n<meta property=\"og:type\" content=\"article\" \/>\n<meta property=\"og:title\" content=\"Recuperaci\u00f3n del IVA del extranjero\" \/>\n<meta property=\"og:description\" content=\"\u00bfSe pregunta c\u00f3mo recuperar el IVA del extranjero? No es f\u00e1cil perderse en el laberinto de la normativa. Aproveche la ayuda profesional de IMPOL.\" \/>\n<meta property=\"og:url\" content=\"https:\/\/impolsarl.com\/es\/recuperacion-del-iva-del-extranjero\/\" \/>\n<meta property=\"og:site_name\" content=\"Impol - Reprezentant we Francji od ponad dekady! +48 502 50 70 74\" \/>\n<meta property=\"article:publisher\" content=\"https:\/\/www.facebook.com\/przedstawicieltransportuwefrancji\/\" \/>\n<meta property=\"article:modified_time\" content=\"2025-04-22T15:22:39+00:00\" \/>\n<meta property=\"og:image\" content=\"https:\/\/impolsarl.com\/wp-content\/uploads\/2021\/02\/vat-ref.jpg\" \/>\n\t<meta property=\"og:image:width\" content=\"327\" \/>\n\t<meta property=\"og:image:height\" content=\"154\" \/>\n\t<meta property=\"og:image:type\" content=\"image\/jpeg\" \/>\n<meta name=\"twitter:card\" content=\"summary_large_image\" \/>\n<meta name=\"twitter:label1\" content=\"Tiempo de lectura\" \/>\n\t<meta name=\"twitter:data1\" content=\"8 minutos\" \/>\n<script type=\"application\/ld+json\" class=\"yoast-schema-graph\">{\"@context\":\"https:\/\/schema.org\",\"@graph\":[{\"@type\":\"WebPage\",\"@id\":\"https:\/\/impolsarl.com\/es\/recuperacion-del-iva-del-extranjero\/\",\"url\":\"https:\/\/impolsarl.com\/es\/recuperacion-del-iva-del-extranjero\/\",\"name\":\"Devoluciones del IVA desde el extranjero | Recuperaci\u00f3n del IVA de la UE | IMPOL\",\"isPartOf\":{\"@id\":\"https:\/\/impolsarl.com\/#website\"},\"primaryImageOfPage\":{\"@id\":\"https:\/\/impolsarl.com\/es\/recuperacion-del-iva-del-extranjero\/#primaryimage\"},\"image\":{\"@id\":\"https:\/\/impolsarl.com\/es\/recuperacion-del-iva-del-extranjero\/#primaryimage\"},\"thumbnailUrl\":\"https:\/\/impolsarl.com\/wp-content\/uploads\/2021\/02\/vat-ref.jpg\",\"datePublished\":\"2020-01-07T20:47:39+00:00\",\"dateModified\":\"2025-04-22T15:22:39+00:00\",\"description\":\"\u00bfSe pregunta c\u00f3mo recuperar el IVA del extranjero? No es f\u00e1cil perderse en el laberinto de la normativa. Aproveche la ayuda profesional de IMPOL.\",\"breadcrumb\":{\"@id\":\"https:\/\/impolsarl.com\/es\/recuperacion-del-iva-del-extranjero\/#breadcrumb\"},\"inLanguage\":\"es\",\"potentialAction\":[{\"@type\":\"ReadAction\",\"target\":[\"https:\/\/impolsarl.com\/es\/recuperacion-del-iva-del-extranjero\/\"]}]},{\"@type\":\"ImageObject\",\"inLanguage\":\"es\",\"@id\":\"https:\/\/impolsarl.com\/es\/recuperacion-del-iva-del-extranjero\/#primaryimage\",\"url\":\"https:\/\/impolsarl.com\/wp-content\/uploads\/2021\/02\/vat-ref.jpg\",\"contentUrl\":\"https:\/\/impolsarl.com\/wp-content\/uploads\/2021\/02\/vat-ref.jpg\",\"width\":327,\"height\":154},{\"@type\":\"BreadcrumbList\",\"@id\":\"https:\/\/impolsarl.com\/es\/recuperacion-del-iva-del-extranjero\/#breadcrumb\",\"itemListElement\":[{\"@type\":\"ListItem\",\"position\":1,\"name\":\"Strona g\u0142\u00f3wna\",\"item\":\"https:\/\/impolsarl.com\/es\/pagina-de-inicio\/\"},{\"@type\":\"ListItem\",\"position\":2,\"name\":\"Recuperaci\u00f3n del IVA del extranjero\"}]},{\"@type\":\"WebSite\",\"@id\":\"https:\/\/impolsarl.com\/#website\",\"url\":\"https:\/\/impolsarl.com\/\",\"name\":\"Impol - Reprezentant we Francji od ponad dekady! +48 502 50 70 74\",\"description\":\"Impol SARL - Przedstawiciel transportu w Europie\",\"publisher\":{\"@id\":\"https:\/\/impolsarl.com\/#organization\"},\"potentialAction\":[{\"@type\":\"SearchAction\",\"target\":{\"@type\":\"EntryPoint\",\"urlTemplate\":\"https:\/\/impolsarl.com\/?s={search_term_string}\"},\"query-input\":{\"@type\":\"PropertyValueSpecification\",\"valueRequired\":true,\"valueName\":\"search_term_string\"}}],\"inLanguage\":\"es\"},{\"@type\":\"Organization\",\"@id\":\"https:\/\/impolsarl.com\/#organization\",\"name\":\"Impol - Przedstawiciel Transportu i Pracownikow Delegowanych Do Francji\",\"url\":\"https:\/\/impolsarl.com\/\",\"logo\":{\"@type\":\"ImageObject\",\"inLanguage\":\"es\",\"@id\":\"https:\/\/impolsarl.com\/#\/schema\/logo\/image\/\",\"url\":\"https:\/\/impolsarl.com\/wp-content\/uploads\/2018\/08\/logo-1.png\",\"contentUrl\":\"https:\/\/impolsarl.com\/wp-content\/uploads\/2018\/08\/logo-1.png\",\"width\":133,\"height\":126,\"caption\":\"Impol - Przedstawiciel Transportu i Pracownikow Delegowanych Do Francji\"},\"image\":{\"@id\":\"https:\/\/impolsarl.com\/#\/schema\/logo\/image\/\"},\"sameAs\":[\"https:\/\/www.facebook.com\/przedstawicieltransportuwefrancji\/\",\"https:\/\/www.youtube.com\/watch?v=2zjQ9NJBf04\"]}]}<\/script>\n<!-- \/ Yoast SEO Premium plugin. -->","yoast_head_json":{"title":"Devoluciones del IVA desde el extranjero | Recuperaci\u00f3n del IVA de la UE | IMPOL","description":"\u00bfSe pregunta c\u00f3mo recuperar el IVA del extranjero? No es f\u00e1cil perderse en el laberinto de la normativa. Aproveche la ayuda profesional de IMPOL.","robots":{"index":"index","follow":"follow","max-snippet":"max-snippet:-1","max-image-preview":"max-image-preview:large","max-video-preview":"max-video-preview:-1"},"canonical":"https:\/\/impolsarl.com\/es\/recuperacion-del-iva-del-extranjero\/","og_locale":"es_ES","og_type":"article","og_title":"Recuperaci\u00f3n del IVA del extranjero","og_description":"\u00bfSe pregunta c\u00f3mo recuperar el IVA del extranjero? No es f\u00e1cil perderse en el laberinto de la normativa. Aproveche la ayuda profesional de IMPOL.","og_url":"https:\/\/impolsarl.com\/es\/recuperacion-del-iva-del-extranjero\/","og_site_name":"Impol - Reprezentant we Francji od ponad dekady! +48 502 50 70 74","article_publisher":"https:\/\/www.facebook.com\/przedstawicieltransportuwefrancji\/","article_modified_time":"2025-04-22T15:22:39+00:00","og_image":[{"width":327,"height":154,"url":"https:\/\/impolsarl.com\/wp-content\/uploads\/2021\/02\/vat-ref.jpg","type":"image\/jpeg"}],"twitter_card":"summary_large_image","twitter_misc":{"Tiempo de lectura":"8 minutos"},"schema":{"@context":"https:\/\/schema.org","@graph":[{"@type":"WebPage","@id":"https:\/\/impolsarl.com\/es\/recuperacion-del-iva-del-extranjero\/","url":"https:\/\/impolsarl.com\/es\/recuperacion-del-iva-del-extranjero\/","name":"Devoluciones del IVA desde el extranjero | Recuperaci\u00f3n del IVA de la UE | IMPOL","isPartOf":{"@id":"https:\/\/impolsarl.com\/#website"},"primaryImageOfPage":{"@id":"https:\/\/impolsarl.com\/es\/recuperacion-del-iva-del-extranjero\/#primaryimage"},"image":{"@id":"https:\/\/impolsarl.com\/es\/recuperacion-del-iva-del-extranjero\/#primaryimage"},"thumbnailUrl":"https:\/\/impolsarl.com\/wp-content\/uploads\/2021\/02\/vat-ref.jpg","datePublished":"2020-01-07T20:47:39+00:00","dateModified":"2025-04-22T15:22:39+00:00","description":"\u00bfSe pregunta c\u00f3mo recuperar el IVA del extranjero? No es f\u00e1cil perderse en el laberinto de la normativa. Aproveche la ayuda profesional de IMPOL.","breadcrumb":{"@id":"https:\/\/impolsarl.com\/es\/recuperacion-del-iva-del-extranjero\/#breadcrumb"},"inLanguage":"es","potentialAction":[{"@type":"ReadAction","target":["https:\/\/impolsarl.com\/es\/recuperacion-del-iva-del-extranjero\/"]}]},{"@type":"ImageObject","inLanguage":"es","@id":"https:\/\/impolsarl.com\/es\/recuperacion-del-iva-del-extranjero\/#primaryimage","url":"https:\/\/impolsarl.com\/wp-content\/uploads\/2021\/02\/vat-ref.jpg","contentUrl":"https:\/\/impolsarl.com\/wp-content\/uploads\/2021\/02\/vat-ref.jpg","width":327,"height":154},{"@type":"BreadcrumbList","@id":"https:\/\/impolsarl.com\/es\/recuperacion-del-iva-del-extranjero\/#breadcrumb","itemListElement":[{"@type":"ListItem","position":1,"name":"Strona g\u0142\u00f3wna","item":"https:\/\/impolsarl.com\/es\/pagina-de-inicio\/"},{"@type":"ListItem","position":2,"name":"Recuperaci\u00f3n del IVA del extranjero"}]},{"@type":"WebSite","@id":"https:\/\/impolsarl.com\/#website","url":"https:\/\/impolsarl.com\/","name":"Impol - Reprezentant we Francji od ponad dekady! +48 502 50 70 74","description":"Impol SARL - Przedstawiciel transportu w Europie","publisher":{"@id":"https:\/\/impolsarl.com\/#organization"},"potentialAction":[{"@type":"SearchAction","target":{"@type":"EntryPoint","urlTemplate":"https:\/\/impolsarl.com\/?s={search_term_string}"},"query-input":{"@type":"PropertyValueSpecification","valueRequired":true,"valueName":"search_term_string"}}],"inLanguage":"es"},{"@type":"Organization","@id":"https:\/\/impolsarl.com\/#organization","name":"Impol - Przedstawiciel Transportu i Pracownikow Delegowanych Do Francji","url":"https:\/\/impolsarl.com\/","logo":{"@type":"ImageObject","inLanguage":"es","@id":"https:\/\/impolsarl.com\/#\/schema\/logo\/image\/","url":"https:\/\/impolsarl.com\/wp-content\/uploads\/2018\/08\/logo-1.png","contentUrl":"https:\/\/impolsarl.com\/wp-content\/uploads\/2018\/08\/logo-1.png","width":133,"height":126,"caption":"Impol - Przedstawiciel Transportu i Pracownikow Delegowanych Do Francji"},"image":{"@id":"https:\/\/impolsarl.com\/#\/schema\/logo\/image\/"},"sameAs":["https:\/\/www.facebook.com\/przedstawicieltransportuwefrancji\/","https:\/\/www.youtube.com\/watch?v=2zjQ9NJBf04"]}]}},"_links":{"self":[{"href":"https:\/\/impolsarl.com\/es\/wp-json\/wp\/v2\/pages\/5435","targetHints":{"allow":["GET"]}}],"collection":[{"href":"https:\/\/impolsarl.com\/es\/wp-json\/wp\/v2\/pages"}],"about":[{"href":"https:\/\/impolsarl.com\/es\/wp-json\/wp\/v2\/types\/page"}],"author":[{"embeddable":true,"href":"https:\/\/impolsarl.com\/es\/wp-json\/wp\/v2\/users\/5"}],"replies":[{"embeddable":true,"href":"https:\/\/impolsarl.com\/es\/wp-json\/wp\/v2\/comments?post=5435"}],"version-history":[{"count":1,"href":"https:\/\/impolsarl.com\/es\/wp-json\/wp\/v2\/pages\/5435\/revisions"}],"predecessor-version":[{"id":5436,"href":"https:\/\/impolsarl.com\/es\/wp-json\/wp\/v2\/pages\/5435\/revisions\/5436"}],"wp:featuredmedia":[{"embeddable":true,"href":"https:\/\/impolsarl.com\/es\/wp-json\/wp\/v2\/media\/4993"}],"wp:attachment":[{"href":"https:\/\/impolsarl.com\/es\/wp-json\/wp\/v2\/media?parent=5435"}],"wp:term":[{"taxonomy":"folder","embeddable":true,"href":"https:\/\/impolsarl.com\/es\/wp-json\/wp\/v2\/folder?post=5435"}],"curies":[{"name":"wp","href":"https:\/\/api.w.org\/{rel}","templated":true}]}}