{"id":5429,"date":"2018-08-29T21:57:33","date_gmt":"2018-08-29T19:57:33","guid":{"rendered":"https:\/\/impolsarl.com\/sipsi\/"},"modified":"2025-04-22T16:55:32","modified_gmt":"2025-04-22T14:55:32","slug":"sipsi","status":"publish","type":"page","link":"https:\/\/impolsarl.com\/es\/sipsi\/","title":{"rendered":"SIPSI"},"content":{"rendered":"\t\t<div data-elementor-type=\"wp-page\" data-elementor-id=\"5429\" class=\"elementor elementor-5429 elementor-1510\" data-elementor-post-type=\"page\">\n\t\t\t\t\t\t<section class=\"elementor-section elementor-top-section elementor-element elementor-element-5ffb626d elementor-section-full_width elementor-section-height-default elementor-section-height-default\" data-id=\"5ffb626d\" data-element_type=\"section\">\n\t\t\t\t\t\t<div class=\"elementor-container elementor-column-gap-default\">\n\t\t\t\t\t<div class=\"elementor-column elementor-col-100 elementor-top-column elementor-element elementor-element-48d963bb\" data-id=\"48d963bb\" data-element_type=\"column\">\n\t\t\t<div class=\"elementor-widget-wrap elementor-element-populated\">\n\t\t\t\t\t\t<div class=\"elementor-element elementor-element-4373932b elementor-widget elementor-widget-text-editor\" data-id=\"4373932b\" data-element_type=\"widget\" data-widget_type=\"text-editor.default\">\n\t\t\t\t<div class=\"elementor-widget-container\">\n\t\t\t\t\t\t\t\t\t<div class=\"seo\">SIPSI es un sistema basado en Internet que le permite crear una cuenta de empresa y asignarle los documentos de los empleados desplazados para trabajar en Francia.\n\nEl sistema SIPSI est\u00e1 disponible en el sitio web del Ministerio franc\u00e9s en franc\u00e9s e ingl\u00e9s. Las empresas extranjeras cuyos empleados ofrecen trabajo en Francia deben crear una cuenta y asignar a cada persona la documentaci\u00f3n pertinente. Estos documentos deben confirmar si el empleado en cuesti\u00f3n ha percibido el salario m\u00ednimo franc\u00e9s por su trabajo y si el empresario ha designado un representante en Francia. La notificaci\u00f3n al SIPSI debe realizarse antes del inicio de la comisi\u00f3n de servicio.   \n\n<h2>Notificaci\u00f3n al SIPSI de los trabajadores desplazados a Francia<\/h2>\nA partir de 2017, las instituciones francesas competentes podr\u00e1n consultar los documentos de empresas y trabajadores almacenados en el sistema SIPSI. \n\nLos franceses afirman que esta herramienta en l\u00ednea ayudar\u00e1 a las empresas a cumplir mejor las obligaciones que les impone la Ley Macron. Los servicios de inspecci\u00f3n, por su parte, tendr\u00e1n un acceso m\u00e1s c\u00f3modo a los documentos pertinentes en SIPSI. \n\nEl sistema SIPSI no sustituye al formulario en papel. Todo empleado extranjero destinado a trabajar en Francia sigue estando obligado a disponer de los documentos exigidos por la Ley Macron. \n\n<strong style=\"font-style: inherit; color: var( --e-global-color-text ); font-family: var( --e-global-typography-text-font-family ), Sans-serif; background-color: var(--ast-global-color-5);\">Estos documentos incluyen :<\/strong>\n<ul>\n \t<li> Formulario A1 &#8211; Notificaci\u00f3n de la ZUS<\/li>\n \t<li> nombramiento de un representante en Francia<\/li>\n \t<li> un anexo biling\u00fce al contrato de trabajo, que incluye informaci\u00f3n sobre los salarios en Francia.<\/li>\n \t<li> impresi\u00f3n de la aplicaci\u00f3n SIPSI<\/li>\n<\/ul>\nDisponer de un representante en Francia y cumplimentar correctamente las declaraciones son elementos clave para el \u00e9xito de la delegaci\u00f3n de trabajadores. P\u00f3ngase en contacto con nosotros para hablar de sus necesidades y nos encargaremos de los tr\u00e1mites. \n<\/div>\t\t\t\t\t\t\t\t<\/div>\n\t\t\t\t<\/div>\n\t\t\t\t\t<\/div>\n\t\t<\/div>\n\t\t\t\t\t<\/div>\n\t\t<\/section>\n\t\t\t\t<\/div>\n\t\t","protected":false},"excerpt":{"rendered":"<p>SIPSI es un sistema basado en Internet que le permite crear una cuenta de empresa y asignarle los documentos de los empleados desplazados para trabajar en Francia. El sistema SIPSI est\u00e1 disponible en el sitio web del Ministerio franc\u00e9s en franc\u00e9s e ingl\u00e9s. Las empresas extranjeras cuyos empleados ofrecen trabajo en Francia deben crear una &hellip;<\/p>\n<p class=\"read-more\"> <a class=\"\" href=\"https:\/\/impolsarl.com\/es\/sipsi\/\"> <span class=\"screen-reader-text\">SIPSI<\/span> Leer m\u00e1s \u00bb<\/a><\/p>\n","protected":false},"author":5,"featured_media":0,"parent":0,"menu_order":53,"comment_status":"closed","ping_status":"closed","template":"","meta":{"_acf_changed":false,"site-sidebar-layout":"default","site-content-layout":"","ast-site-content-layout":"","site-content-style":"default","site-sidebar-style":"default","ast-global-header-display":"","ast-banner-title-visibility":"","ast-main-header-display":"","ast-hfb-above-header-display":"","ast-hfb-below-header-display":"","ast-hfb-mobile-header-display":"","site-post-title":"","ast-breadcrumbs-content":"","ast-featured-img":"","footer-sml-layout":"","theme-transparent-header-meta":"","adv-header-id-meta":"","stick-header-meta":"","header-above-stick-meta":"","header-main-stick-meta":"","header-below-stick-meta":"","astra-migrate-meta-layouts":"default","ast-page-background-enabled":"default","ast-page-background-meta":{"desktop":{"background-color":"var(--ast-global-color-4)","background-image":"","background-repeat":"repeat","background-position":"center center","background-size":"auto","background-attachment":"scroll","background-type":"","background-media":"","overlay-type":"","overlay-color":"","overlay-gradient":""},"tablet":{"background-color":"","background-image":"","background-repeat":"repeat","background-position":"center center","background-size":"auto","background-attachment":"scroll","background-type":"","background-media":"","overlay-type":"","overlay-color":"","overlay-gradient":""},"mobile":{"background-color":"","background-image":"","background-repeat":"repeat","background-position":"center center","background-size":"auto","background-attachment":"scroll","background-type":"","background-media":"","overlay-type":"","overlay-color":"","overlay-gradient":""}},"ast-content-background-meta":{"desktop":{"background-color":"var(--ast-global-color-5)","background-image":"","background-repeat":"repeat","background-position":"center center","background-size":"auto","background-attachment":"scroll","background-type":"","background-media":"","overlay-type":"","overlay-color":"","overlay-gradient":""},"tablet":{"background-color":"var(--ast-global-color-5)","background-image":"","background-repeat":"repeat","background-position":"center center","background-size":"auto","background-attachment":"scroll","background-type":"","background-media":"","overlay-type":"","overlay-color":"","overlay-gradient":""},"mobile":{"background-color":"var(--ast-global-color-5)","background-image":"","background-repeat":"repeat","background-position":"center center","background-size":"auto","background-attachment":"scroll","background-type":"","background-media":"","overlay-type":"","overlay-color":"","overlay-gradient":""}},"footnotes":""},"folder":[94],"class_list":["post-5429","page","type-page","status-publish","hentry"],"acf":[],"yoast_head":"<!-- This site is optimized with the Yoast SEO Premium plugin v24.7 (Yoast SEO v24.7) - https:\/\/yoast.com\/wordpress\/plugins\/seo\/ -->\n<title>Solicitudes de SIPSI | IMPOL<\/title>\n<meta name=\"description\" content=\"\u00bfBusca expertos que le apoyen en los tr\u00e1mites de las solicitudes SIPSI? El experimentado personal de Impol est\u00e1 a su disposici\u00f3n.\" \/>\n<meta name=\"robots\" content=\"index, follow, max-snippet:-1, max-image-preview:large, max-video-preview:-1\" \/>\n<link rel=\"canonical\" href=\"https:\/\/impolsarl.com\/es\/sipsi\/\" \/>\n<meta property=\"og:locale\" content=\"es_ES\" \/>\n<meta property=\"og:type\" content=\"article\" \/>\n<meta property=\"og:title\" content=\"SIPSI\" \/>\n<meta property=\"og:description\" content=\"\u00bfBusca expertos que le apoyen en los tr\u00e1mites de las solicitudes SIPSI? El experimentado personal de Impol est\u00e1 a su disposici\u00f3n.\" \/>\n<meta property=\"og:url\" content=\"https:\/\/impolsarl.com\/es\/sipsi\/\" \/>\n<meta property=\"og:site_name\" content=\"Impol - Reprezentant we Francji od ponad dekady! +48 502 50 70 74\" \/>\n<meta property=\"article:publisher\" content=\"https:\/\/www.facebook.com\/przedstawicieltransportuwefrancji\/\" \/>\n<meta property=\"article:modified_time\" content=\"2025-04-22T14:55:32+00:00\" \/>\n<meta name=\"twitter:card\" content=\"summary_large_image\" \/>\n<meta name=\"twitter:label1\" content=\"Tiempo de lectura\" \/>\n\t<meta name=\"twitter:data1\" content=\"2 minutos\" \/>\n<script type=\"application\/ld+json\" class=\"yoast-schema-graph\">{\"@context\":\"https:\/\/schema.org\",\"@graph\":[{\"@type\":\"WebPage\",\"@id\":\"https:\/\/impolsarl.com\/es\/sipsi\/\",\"url\":\"https:\/\/impolsarl.com\/es\/sipsi\/\",\"name\":\"Solicitudes de SIPSI | IMPOL\",\"isPartOf\":{\"@id\":\"https:\/\/impolsarl.com\/#website\"},\"datePublished\":\"2018-08-29T19:57:33+00:00\",\"dateModified\":\"2025-04-22T14:55:32+00:00\",\"description\":\"\u00bfBusca expertos que le apoyen en los tr\u00e1mites de las solicitudes SIPSI? El experimentado personal de Impol est\u00e1 a su disposici\u00f3n.\",\"breadcrumb\":{\"@id\":\"https:\/\/impolsarl.com\/es\/sipsi\/#breadcrumb\"},\"inLanguage\":\"es\",\"potentialAction\":[{\"@type\":\"ReadAction\",\"target\":[\"https:\/\/impolsarl.com\/es\/sipsi\/\"]}]},{\"@type\":\"BreadcrumbList\",\"@id\":\"https:\/\/impolsarl.com\/es\/sipsi\/#breadcrumb\",\"itemListElement\":[{\"@type\":\"ListItem\",\"position\":1,\"name\":\"Strona g\u0142\u00f3wna\",\"item\":\"https:\/\/impolsarl.com\/es\/pagina-de-inicio\/\"},{\"@type\":\"ListItem\",\"position\":2,\"name\":\"SIPSI\"}]},{\"@type\":\"WebSite\",\"@id\":\"https:\/\/impolsarl.com\/#website\",\"url\":\"https:\/\/impolsarl.com\/\",\"name\":\"Impol - Reprezentant we Francji od ponad dekady! +48 502 50 70 74\",\"description\":\"Impol SARL - Przedstawiciel transportu w Europie\",\"publisher\":{\"@id\":\"https:\/\/impolsarl.com\/#organization\"},\"potentialAction\":[{\"@type\":\"SearchAction\",\"target\":{\"@type\":\"EntryPoint\",\"urlTemplate\":\"https:\/\/impolsarl.com\/?s={search_term_string}\"},\"query-input\":{\"@type\":\"PropertyValueSpecification\",\"valueRequired\":true,\"valueName\":\"search_term_string\"}}],\"inLanguage\":\"es\"},{\"@type\":\"Organization\",\"@id\":\"https:\/\/impolsarl.com\/#organization\",\"name\":\"Impol - Przedstawiciel Transportu i Pracownikow Delegowanych Do Francji\",\"url\":\"https:\/\/impolsarl.com\/\",\"logo\":{\"@type\":\"ImageObject\",\"inLanguage\":\"es\",\"@id\":\"https:\/\/impolsarl.com\/#\/schema\/logo\/image\/\",\"url\":\"https:\/\/impolsarl.com\/wp-content\/uploads\/2018\/08\/logo-1.png\",\"contentUrl\":\"https:\/\/impolsarl.com\/wp-content\/uploads\/2018\/08\/logo-1.png\",\"width\":133,\"height\":126,\"caption\":\"Impol - Przedstawiciel Transportu i Pracownikow Delegowanych Do Francji\"},\"image\":{\"@id\":\"https:\/\/impolsarl.com\/#\/schema\/logo\/image\/\"},\"sameAs\":[\"https:\/\/www.facebook.com\/przedstawicieltransportuwefrancji\/\",\"https:\/\/www.youtube.com\/watch?v=2zjQ9NJBf04\"]}]}<\/script>\n<!-- \/ Yoast SEO Premium plugin. -->","yoast_head_json":{"title":"Solicitudes de SIPSI | IMPOL","description":"\u00bfBusca expertos que le apoyen en los tr\u00e1mites de las solicitudes SIPSI? El experimentado personal de Impol est\u00e1 a su disposici\u00f3n.","robots":{"index":"index","follow":"follow","max-snippet":"max-snippet:-1","max-image-preview":"max-image-preview:large","max-video-preview":"max-video-preview:-1"},"canonical":"https:\/\/impolsarl.com\/es\/sipsi\/","og_locale":"es_ES","og_type":"article","og_title":"SIPSI","og_description":"\u00bfBusca expertos que le apoyen en los tr\u00e1mites de las solicitudes SIPSI? El experimentado personal de Impol est\u00e1 a su disposici\u00f3n.","og_url":"https:\/\/impolsarl.com\/es\/sipsi\/","og_site_name":"Impol - Reprezentant we Francji od ponad dekady! +48 502 50 70 74","article_publisher":"https:\/\/www.facebook.com\/przedstawicieltransportuwefrancji\/","article_modified_time":"2025-04-22T14:55:32+00:00","twitter_card":"summary_large_image","twitter_misc":{"Tiempo de lectura":"2 minutos"},"schema":{"@context":"https:\/\/schema.org","@graph":[{"@type":"WebPage","@id":"https:\/\/impolsarl.com\/es\/sipsi\/","url":"https:\/\/impolsarl.com\/es\/sipsi\/","name":"Solicitudes de SIPSI | IMPOL","isPartOf":{"@id":"https:\/\/impolsarl.com\/#website"},"datePublished":"2018-08-29T19:57:33+00:00","dateModified":"2025-04-22T14:55:32+00:00","description":"\u00bfBusca expertos que le apoyen en los tr\u00e1mites de las solicitudes SIPSI? El experimentado personal de Impol est\u00e1 a su disposici\u00f3n.","breadcrumb":{"@id":"https:\/\/impolsarl.com\/es\/sipsi\/#breadcrumb"},"inLanguage":"es","potentialAction":[{"@type":"ReadAction","target":["https:\/\/impolsarl.com\/es\/sipsi\/"]}]},{"@type":"BreadcrumbList","@id":"https:\/\/impolsarl.com\/es\/sipsi\/#breadcrumb","itemListElement":[{"@type":"ListItem","position":1,"name":"Strona g\u0142\u00f3wna","item":"https:\/\/impolsarl.com\/es\/pagina-de-inicio\/"},{"@type":"ListItem","position":2,"name":"SIPSI"}]},{"@type":"WebSite","@id":"https:\/\/impolsarl.com\/#website","url":"https:\/\/impolsarl.com\/","name":"Impol - Reprezentant we Francji od ponad dekady! +48 502 50 70 74","description":"Impol SARL - Przedstawiciel transportu w Europie","publisher":{"@id":"https:\/\/impolsarl.com\/#organization"},"potentialAction":[{"@type":"SearchAction","target":{"@type":"EntryPoint","urlTemplate":"https:\/\/impolsarl.com\/?s={search_term_string}"},"query-input":{"@type":"PropertyValueSpecification","valueRequired":true,"valueName":"search_term_string"}}],"inLanguage":"es"},{"@type":"Organization","@id":"https:\/\/impolsarl.com\/#organization","name":"Impol - Przedstawiciel Transportu i Pracownikow Delegowanych Do Francji","url":"https:\/\/impolsarl.com\/","logo":{"@type":"ImageObject","inLanguage":"es","@id":"https:\/\/impolsarl.com\/#\/schema\/logo\/image\/","url":"https:\/\/impolsarl.com\/wp-content\/uploads\/2018\/08\/logo-1.png","contentUrl":"https:\/\/impolsarl.com\/wp-content\/uploads\/2018\/08\/logo-1.png","width":133,"height":126,"caption":"Impol - Przedstawiciel Transportu i Pracownikow Delegowanych Do Francji"},"image":{"@id":"https:\/\/impolsarl.com\/#\/schema\/logo\/image\/"},"sameAs":["https:\/\/www.facebook.com\/przedstawicieltransportuwefrancji\/","https:\/\/www.youtube.com\/watch?v=2zjQ9NJBf04"]}]}},"_links":{"self":[{"href":"https:\/\/impolsarl.com\/es\/wp-json\/wp\/v2\/pages\/5429","targetHints":{"allow":["GET"]}}],"collection":[{"href":"https:\/\/impolsarl.com\/es\/wp-json\/wp\/v2\/pages"}],"about":[{"href":"https:\/\/impolsarl.com\/es\/wp-json\/wp\/v2\/types\/page"}],"author":[{"embeddable":true,"href":"https:\/\/impolsarl.com\/es\/wp-json\/wp\/v2\/users\/5"}],"replies":[{"embeddable":true,"href":"https:\/\/impolsarl.com\/es\/wp-json\/wp\/v2\/comments?post=5429"}],"version-history":[{"count":1,"href":"https:\/\/impolsarl.com\/es\/wp-json\/wp\/v2\/pages\/5429\/revisions"}],"predecessor-version":[{"id":5430,"href":"https:\/\/impolsarl.com\/es\/wp-json\/wp\/v2\/pages\/5429\/revisions\/5430"}],"wp:attachment":[{"href":"https:\/\/impolsarl.com\/es\/wp-json\/wp\/v2\/media?parent=5429"}],"wp:term":[{"taxonomy":"folder","embeddable":true,"href":"https:\/\/impolsarl.com\/es\/wp-json\/wp\/v2\/folder?post=5429"}],"curies":[{"name":"wp","href":"https:\/\/api.w.org\/{rel}","templated":true}]}}