{"id":5426,"date":"2018-08-29T21:53:33","date_gmt":"2018-08-29T19:53:33","guid":{"rendered":"https:\/\/impolsarl.com\/tarjeta-btp\/"},"modified":"2018-08-29T21:53:33","modified_gmt":"2018-08-29T19:53:33","slug":"tarjeta-btp","status":"publish","type":"page","link":"https:\/\/impolsarl.com\/es\/tarjeta-btp\/","title":{"rendered":"Tarjeta BTP"},"content":{"rendered":"<p><strong>QUI\u00c9N DEBE TENER UNA TARJETA BTP<\/strong><\/p>\n<p><strong><br \/>\n<\/strong><strong><\/strong>Se trata de trabajadores que realizan directamente o de forma organizada (capataces) trabajos de construcci\u00f3n, montaje, instalaci\u00f3n u obras p\u00fablicas, aunque lo hagan de forma ocasional, puntual o auxiliar. Las personas que nunca est\u00e1n en la obra est\u00e1n exentas de la obligaci\u00f3n de tener una tarjeta. Tambi\u00e9n pueden estar exentos, aunque est\u00e9n regularmente en la obra:<br \/>\n&#8211; los empleados del departamento comercial y del departamento de apoyo de la empresa (gesti\u00f3n de n\u00f3minas, gesti\u00f3n de riesgos, mantenimiento, personal de seguridad, departamento de compras, departamento de inventarios, etc.), aunque est\u00e9n presentes de forma permanente en la obra, siempre que no realicen trabajos de construcci\u00f3n o de obra p\u00fablica de forma ocasional, puntual o auxiliar,<br \/>\n&#8211; trabajadores que no trabajan f\u00edsicamente y no supervisan directamente el trabajo en la obra,<br \/>\n&#8211; aprendices; su supervisor debe poder presentar un documento que certifique su situaci\u00f3n en caso de inspecci\u00f3n,<br \/>\n&#8211; los empleados que limpian y ordenan la obra si realizan sus actividades despu\u00e9s de la finalizaci\u00f3n del proyecto de construcci\u00f3n,<br \/>\n&#8211; arquitectos, top\u00f3grafos, responsables de seguridad y conductores de furgonetas de reparto.<\/p>\n<p><strong>PRUEBA DE IDENTIDAD PROFESIONAL<br \/>\n<\/strong><br \/>\nLa tarjeta profesional para luchar contra el trabajo ilegal (Carte BTP) ser\u00e1 una herramienta de control destinada principalmente a contrarrestar el empleo ilegal en la construcci\u00f3n y el montaje, que afecta sobre todo a los trabajadores desplazados. Esto es importante para nuestra econom\u00eda nacional, ya que la mayor\u00eda de los trabajadores de la construcci\u00f3n en la Rep\u00fablica Francesa son polacos. Las tarjetas ser\u00e1n emitidas por la Caisse du r\u00e9seau Cong\u00e9s Intemp\u00e9ries (BTP).<br \/>\nLa introducci\u00f3n de este instrumento responde a una vieja reivindicaci\u00f3n de la Federaci\u00f3n de la Construcci\u00f3n, que lucha contra el trabajo ilegal y quiere limitar la competencia de los trabajadores rumanos, polacos y portugueses, que son de media entre un 25 y un 30% m\u00e1s baratos, incluso cuando trabajan legalmente. Los trabajadores deben tenerlo desde el momento en que empiezan a trabajar. Esto supone nuevos tr\u00e1mites y puede provocar retrasos, ya que este documento debe expedirse a personas que a\u00fan no est\u00e1n en Francia. &#8230;&#8230;&#8230;&#8230;&#8230;&#8230;.. \u00abEl incumplimiento de la obligaci\u00f3n de tener la tarjeta BTP , el empresario se enfrenta a una multa de 2000 euros y en caso de reincidencia &#8211; 4000 euros.<br \/>\nFrancia es un ejemplo de pa\u00eds que introduce cada vez m\u00e1s restricciones para los empresarios que desplazan a los trabajadores all\u00ed. Tras la introducci\u00f3n de un salario m\u00ednimo obligatorio, rigurosamente controlado, se observan nuevos indicios de aumento de las obligaciones administrativas y fiscales de las empresas que desplazan trabajadores al pa\u00eds.\u00bb <\/p>\n","protected":false},"excerpt":{"rendered":"<p>QUI\u00c9N DEBE TENER UNA TARJETA BTP Se trata de trabajadores que realizan directamente o de forma organizada (capataces) trabajos de construcci\u00f3n, montaje, instalaci\u00f3n u obras p\u00fablicas, aunque lo hagan de forma ocasional, puntual o auxiliar. Las personas que nunca est\u00e1n en la obra est\u00e1n exentas de la obligaci\u00f3n de tener una tarjeta. Tambi\u00e9n pueden estar &hellip;<\/p>\n<p class=\"read-more\"> <a class=\"\" href=\"https:\/\/impolsarl.com\/es\/tarjeta-btp\/\"> <span class=\"screen-reader-text\">Tarjeta BTP<\/span> Leer m\u00e1s \u00bb<\/a><\/p>\n","protected":false},"author":5,"featured_media":4999,"parent":0,"menu_order":51,"comment_status":"closed","ping_status":"closed","template":"","meta":{"_acf_changed":false,"site-sidebar-layout":"default","site-content-layout":"","ast-site-content-layout":"","site-content-style":"default","site-sidebar-style":"default","ast-global-header-display":"","ast-banner-title-visibility":"","ast-main-header-display":"","ast-hfb-above-header-display":"","ast-hfb-below-header-display":"","ast-hfb-mobile-header-display":"","site-post-title":"","ast-breadcrumbs-content":"","ast-featured-img":"","footer-sml-layout":"","theme-transparent-header-meta":"","adv-header-id-meta":"","stick-header-meta":"","header-above-stick-meta":"","header-main-stick-meta":"","header-below-stick-meta":"","astra-migrate-meta-layouts":"default","ast-page-background-enabled":"default","ast-page-background-meta":{"desktop":{"background-color":"var(--ast-global-color-4)","background-image":"","background-repeat":"repeat","background-position":"center center","background-size":"auto","background-attachment":"scroll","background-type":"","background-media":"","overlay-type":"","overlay-color":"","overlay-gradient":""},"tablet":{"background-color":"","background-image":"","background-repeat":"repeat","background-position":"center center","background-size":"auto","background-attachment":"scroll","background-type":"","background-media":"","overlay-type":"","overlay-color":"","overlay-gradient":""},"mobile":{"background-color":"","background-image":"","background-repeat":"repeat","background-position":"center center","background-size":"auto","background-attachment":"scroll","background-type":"","background-media":"","overlay-type":"","overlay-color":"","overlay-gradient":""}},"ast-content-background-meta":{"desktop":{"background-color":"var(--ast-global-color-5)","background-image":"","background-repeat":"repeat","background-position":"center center","background-size":"auto","background-attachment":"scroll","background-type":"","background-media":"","overlay-type":"","overlay-color":"","overlay-gradient":""},"tablet":{"background-color":"var(--ast-global-color-5)","background-image":"","background-repeat":"repeat","background-position":"center center","background-size":"auto","background-attachment":"scroll","background-type":"","background-media":"","overlay-type":"","overlay-color":"","overlay-gradient":""},"mobile":{"background-color":"var(--ast-global-color-5)","background-image":"","background-repeat":"repeat","background-position":"center center","background-size":"auto","background-attachment":"scroll","background-type":"","background-media":"","overlay-type":"","overlay-color":"","overlay-gradient":""}},"footnotes":""},"folder":[94],"class_list":["post-5426","page","type-page","status-publish","has-post-thumbnail","hentry"],"acf":[],"yoast_head":"<!-- This site is optimized with the Yoast SEO Premium plugin v24.7 (Yoast SEO v24.7) - https:\/\/yoast.com\/wordpress\/plugins\/seo\/ -->\n<title>Tarjeta BTP - Impol - Reprezentant we Francji od ponad dekady! +48 502 50 70 74<\/title>\n<meta name=\"robots\" content=\"index, follow, max-snippet:-1, max-image-preview:large, max-video-preview:-1\" \/>\n<link rel=\"canonical\" href=\"https:\/\/impolsarl.com\/tarjeta-btp\/\" \/>\n<meta property=\"og:locale\" content=\"es_ES\" \/>\n<meta property=\"og:type\" content=\"article\" \/>\n<meta property=\"og:title\" content=\"Tarjeta BTP\" \/>\n<meta property=\"og:description\" content=\"QUI\u00c9N DEBE TENER UNA TARJETA BTP Se trata de trabajadores que realizan directamente o de forma organizada (capataces) trabajos de construcci\u00f3n, montaje, instalaci\u00f3n u obras p\u00fablicas, aunque lo hagan de forma ocasional, puntual o auxiliar. Las personas que nunca est\u00e1n en la obra est\u00e1n exentas de la obligaci\u00f3n de tener una tarjeta. Tambi\u00e9n pueden estar &hellip; Tarjeta BTP Leer m\u00e1s \u00bb\" \/>\n<meta property=\"og:url\" content=\"https:\/\/impolsarl.com\/tarjeta-btp\/\" \/>\n<meta property=\"og:site_name\" content=\"Impol - Reprezentant we Francji od ponad dekady! +48 502 50 70 74\" \/>\n<meta property=\"article:publisher\" content=\"https:\/\/www.facebook.com\/przedstawicieltransportuwefrancji\/\" \/>\n<meta name=\"twitter:card\" content=\"summary_large_image\" \/>\n<meta name=\"twitter:label1\" content=\"Tiempo de lectura\" \/>\n\t<meta name=\"twitter:data1\" content=\"2 minutos\" \/>\n<script type=\"application\/ld+json\" class=\"yoast-schema-graph\">{\"@context\":\"https:\/\/schema.org\",\"@graph\":[{\"@type\":\"WebPage\",\"@id\":\"https:\/\/impolsarl.com\/tarjeta-btp\/\",\"url\":\"https:\/\/impolsarl.com\/tarjeta-btp\/\",\"name\":\"Tarjeta BTP - Impol - Reprezentant we Francji od ponad dekady! +48 502 50 70 74\",\"isPartOf\":{\"@id\":\"https:\/\/impolsarl.com\/#website\"},\"primaryImageOfPage\":{\"@id\":\"https:\/\/impolsarl.com\/tarjeta-btp\/#primaryimage\"},\"image\":{\"@id\":\"https:\/\/impolsarl.com\/tarjeta-btp\/#primaryimage\"},\"thumbnailUrl\":\"https:\/\/impolsarl.com\/wp-content\/uploads\/2021\/02\/btp-1.jpg\",\"datePublished\":\"2018-08-29T19:53:33+00:00\",\"breadcrumb\":{\"@id\":\"https:\/\/impolsarl.com\/tarjeta-btp\/#breadcrumb\"},\"inLanguage\":\"es\",\"potentialAction\":[{\"@type\":\"ReadAction\",\"target\":[\"https:\/\/impolsarl.com\/tarjeta-btp\/\"]}]},{\"@type\":\"ImageObject\",\"inLanguage\":\"es\",\"@id\":\"https:\/\/impolsarl.com\/tarjeta-btp\/#primaryimage\",\"url\":\"https:\/\/impolsarl.com\/wp-content\/uploads\/2021\/02\/btp-1.jpg\",\"contentUrl\":\"https:\/\/impolsarl.com\/wp-content\/uploads\/2021\/02\/btp-1.jpg\",\"width\":230,\"height\":146},{\"@type\":\"BreadcrumbList\",\"@id\":\"https:\/\/impolsarl.com\/tarjeta-btp\/#breadcrumb\",\"itemListElement\":[{\"@type\":\"ListItem\",\"position\":1,\"name\":\"Strona g\u0142\u00f3wna\",\"item\":\"https:\/\/impolsarl.com\/es\/pagina-de-inicio\/\"},{\"@type\":\"ListItem\",\"position\":2,\"name\":\"Tarjeta BTP\"}]},{\"@type\":\"WebSite\",\"@id\":\"https:\/\/impolsarl.com\/#website\",\"url\":\"https:\/\/impolsarl.com\/\",\"name\":\"Impol - Reprezentant we Francji od ponad dekady! +48 502 50 70 74\",\"description\":\"Impol SARL - Przedstawiciel transportu w Europie\",\"publisher\":{\"@id\":\"https:\/\/impolsarl.com\/#organization\"},\"potentialAction\":[{\"@type\":\"SearchAction\",\"target\":{\"@type\":\"EntryPoint\",\"urlTemplate\":\"https:\/\/impolsarl.com\/?s={search_term_string}\"},\"query-input\":{\"@type\":\"PropertyValueSpecification\",\"valueRequired\":true,\"valueName\":\"search_term_string\"}}],\"inLanguage\":\"es\"},{\"@type\":\"Organization\",\"@id\":\"https:\/\/impolsarl.com\/#organization\",\"name\":\"Impol - Przedstawiciel Transportu i Pracownikow Delegowanych Do Francji\",\"url\":\"https:\/\/impolsarl.com\/\",\"logo\":{\"@type\":\"ImageObject\",\"inLanguage\":\"es\",\"@id\":\"https:\/\/impolsarl.com\/#\/schema\/logo\/image\/\",\"url\":\"https:\/\/impolsarl.com\/wp-content\/uploads\/2018\/08\/logo-1.png\",\"contentUrl\":\"https:\/\/impolsarl.com\/wp-content\/uploads\/2018\/08\/logo-1.png\",\"width\":133,\"height\":126,\"caption\":\"Impol - Przedstawiciel Transportu i Pracownikow Delegowanych Do Francji\"},\"image\":{\"@id\":\"https:\/\/impolsarl.com\/#\/schema\/logo\/image\/\"},\"sameAs\":[\"https:\/\/www.facebook.com\/przedstawicieltransportuwefrancji\/\",\"https:\/\/www.youtube.com\/watch?v=2zjQ9NJBf04\"]}]}<\/script>\n<!-- \/ Yoast SEO Premium plugin. -->","yoast_head_json":{"title":"Tarjeta BTP - Impol - Reprezentant we Francji od ponad dekady! +48 502 50 70 74","robots":{"index":"index","follow":"follow","max-snippet":"max-snippet:-1","max-image-preview":"max-image-preview:large","max-video-preview":"max-video-preview:-1"},"canonical":"https:\/\/impolsarl.com\/tarjeta-btp\/","og_locale":"es_ES","og_type":"article","og_title":"Tarjeta BTP","og_description":"QUI\u00c9N DEBE TENER UNA TARJETA BTP Se trata de trabajadores que realizan directamente o de forma organizada (capataces) trabajos de construcci\u00f3n, montaje, instalaci\u00f3n u obras p\u00fablicas, aunque lo hagan de forma ocasional, puntual o auxiliar. Las personas que nunca est\u00e1n en la obra est\u00e1n exentas de la obligaci\u00f3n de tener una tarjeta. Tambi\u00e9n pueden estar &hellip; Tarjeta BTP Leer m\u00e1s \u00bb","og_url":"https:\/\/impolsarl.com\/tarjeta-btp\/","og_site_name":"Impol - Reprezentant we Francji od ponad dekady! +48 502 50 70 74","article_publisher":"https:\/\/www.facebook.com\/przedstawicieltransportuwefrancji\/","twitter_card":"summary_large_image","twitter_misc":{"Tiempo de lectura":"2 minutos"},"schema":{"@context":"https:\/\/schema.org","@graph":[{"@type":"WebPage","@id":"https:\/\/impolsarl.com\/tarjeta-btp\/","url":"https:\/\/impolsarl.com\/tarjeta-btp\/","name":"Tarjeta BTP - Impol - Reprezentant we Francji od ponad dekady! +48 502 50 70 74","isPartOf":{"@id":"https:\/\/impolsarl.com\/#website"},"primaryImageOfPage":{"@id":"https:\/\/impolsarl.com\/tarjeta-btp\/#primaryimage"},"image":{"@id":"https:\/\/impolsarl.com\/tarjeta-btp\/#primaryimage"},"thumbnailUrl":"https:\/\/impolsarl.com\/wp-content\/uploads\/2021\/02\/btp-1.jpg","datePublished":"2018-08-29T19:53:33+00:00","breadcrumb":{"@id":"https:\/\/impolsarl.com\/tarjeta-btp\/#breadcrumb"},"inLanguage":"es","potentialAction":[{"@type":"ReadAction","target":["https:\/\/impolsarl.com\/tarjeta-btp\/"]}]},{"@type":"ImageObject","inLanguage":"es","@id":"https:\/\/impolsarl.com\/tarjeta-btp\/#primaryimage","url":"https:\/\/impolsarl.com\/wp-content\/uploads\/2021\/02\/btp-1.jpg","contentUrl":"https:\/\/impolsarl.com\/wp-content\/uploads\/2021\/02\/btp-1.jpg","width":230,"height":146},{"@type":"BreadcrumbList","@id":"https:\/\/impolsarl.com\/tarjeta-btp\/#breadcrumb","itemListElement":[{"@type":"ListItem","position":1,"name":"Strona g\u0142\u00f3wna","item":"https:\/\/impolsarl.com\/es\/pagina-de-inicio\/"},{"@type":"ListItem","position":2,"name":"Tarjeta BTP"}]},{"@type":"WebSite","@id":"https:\/\/impolsarl.com\/#website","url":"https:\/\/impolsarl.com\/","name":"Impol - Reprezentant we Francji od ponad dekady! +48 502 50 70 74","description":"Impol SARL - Przedstawiciel transportu w Europie","publisher":{"@id":"https:\/\/impolsarl.com\/#organization"},"potentialAction":[{"@type":"SearchAction","target":{"@type":"EntryPoint","urlTemplate":"https:\/\/impolsarl.com\/?s={search_term_string}"},"query-input":{"@type":"PropertyValueSpecification","valueRequired":true,"valueName":"search_term_string"}}],"inLanguage":"es"},{"@type":"Organization","@id":"https:\/\/impolsarl.com\/#organization","name":"Impol - Przedstawiciel Transportu i Pracownikow Delegowanych Do Francji","url":"https:\/\/impolsarl.com\/","logo":{"@type":"ImageObject","inLanguage":"es","@id":"https:\/\/impolsarl.com\/#\/schema\/logo\/image\/","url":"https:\/\/impolsarl.com\/wp-content\/uploads\/2018\/08\/logo-1.png","contentUrl":"https:\/\/impolsarl.com\/wp-content\/uploads\/2018\/08\/logo-1.png","width":133,"height":126,"caption":"Impol - Przedstawiciel Transportu i Pracownikow Delegowanych Do Francji"},"image":{"@id":"https:\/\/impolsarl.com\/#\/schema\/logo\/image\/"},"sameAs":["https:\/\/www.facebook.com\/przedstawicieltransportuwefrancji\/","https:\/\/www.youtube.com\/watch?v=2zjQ9NJBf04"]}]}},"_links":{"self":[{"href":"https:\/\/impolsarl.com\/es\/wp-json\/wp\/v2\/pages\/5426","targetHints":{"allow":["GET"]}}],"collection":[{"href":"https:\/\/impolsarl.com\/es\/wp-json\/wp\/v2\/pages"}],"about":[{"href":"https:\/\/impolsarl.com\/es\/wp-json\/wp\/v2\/types\/page"}],"author":[{"embeddable":true,"href":"https:\/\/impolsarl.com\/es\/wp-json\/wp\/v2\/users\/5"}],"replies":[{"embeddable":true,"href":"https:\/\/impolsarl.com\/es\/wp-json\/wp\/v2\/comments?post=5426"}],"version-history":[{"count":0,"href":"https:\/\/impolsarl.com\/es\/wp-json\/wp\/v2\/pages\/5426\/revisions"}],"wp:featuredmedia":[{"embeddable":true,"href":"https:\/\/impolsarl.com\/es\/wp-json\/wp\/v2\/media\/4999"}],"wp:attachment":[{"href":"https:\/\/impolsarl.com\/es\/wp-json\/wp\/v2\/media?parent=5426"}],"wp:term":[{"taxonomy":"folder","embeddable":true,"href":"https:\/\/impolsarl.com\/es\/wp-json\/wp\/v2\/folder?post=5426"}],"curies":[{"name":"wp","href":"https:\/\/api.w.org\/{rel}","templated":true}]}}