{"id":5420,"date":"2018-08-23T14:05:14","date_gmt":"2018-08-23T12:05:14","guid":{"rendered":"https:\/\/impolsarl.com\/traducciones\/"},"modified":"2025-04-22T16:23:59","modified_gmt":"2025-04-22T14:23:59","slug":"traducciones","status":"publish","type":"page","link":"https:\/\/impolsarl.com\/es\/traducciones\/","title":{"rendered":"Traducciones"},"content":{"rendered":"<p>La comprensi\u00f3n de documentos en otro idioma, especialmente cuando se utilizan en contextos oficiales o jur\u00eddicos, requiere atenci\u00f3n al detalle y una reproducci\u00f3n fiel del contenido. Impol, al ofrecer traducciones juradas especializadas y traducciones ordinarias, proporciona un servicio ling\u00fc\u00edstico integral, gracias al cual puede estar seguro de la precisi\u00f3n de la traducci\u00f3n y de su total conformidad con el original. <\/p>\n<p>Gracias a la alta cualificaci\u00f3n de nuestros traductores, combinada con nuestro conocimiento de las especificidades ling\u00fc\u00edsticas de cada pa\u00eds, nuestros servicios proporcionan un apoyo profesional a quienes necesitan, por ejemplo, una traducci\u00f3n de documentos oficiales por un traductor jurado del franc\u00e9s al polaco, as\u00ed como del polaco al franc\u00e9s. Tambi\u00e9n realizamos encargos de traducciones ordinarias del italiano, alem\u00e1n, espa\u00f1ol e ingl\u00e9s. <\/p>\n\n<div class=\"seo\"><h2 class=\"wp-block-heading\" id=\"h-precyzyjne-i-rzetelne-tlumaczenie-polsko-francuskie-i-francusko-polskie-nbsp\"><strong>Traducci\u00f3n precisa y fiable polaco-franc\u00e9s y franc\u00e9s-polaco <\/strong><\/h2><\/div>\n\n<p>Ofrecemos traducciones juradas polaco-franc\u00e9s y franc\u00e9s-polaco r\u00e1pidas, profesionales y a precios atractivos. Cada traductor que trabaja para nuestra agencia es un experto con la acreditaci\u00f3n requerida. <\/p>\n\n<p>\u00bfBusca una traducci\u00f3n de alta calidad del franc\u00e9s al polaco o del polaco al franc\u00e9s? \u00a1No dude en colaborar con Impol! Nuestro traductor jurado experimentado de polaco a franc\u00e9s y de franc\u00e9s a polaco le garantiza traducciones de la m\u00e1s alta calidad. Al confiar sus documentos a nuestro traductor polaco-franc\u00e9s, puede estar seguro de que su contenido se traducir\u00e1 con precisi\u00f3n, prestando atenci\u00f3n a los m\u00e1s m\u00ednimos detalles y conservando el contexto cultural.   <\/p>\n\n<p>Trabajamos con un experto con profundos conocimientos no s\u00f3lo ling\u00fc\u00edsticos, sino tambi\u00e9n culturales. El resultado son traducciones en funci\u00f3n de las necesidades del cliente -del franc\u00e9s al polaco y del polaco al franc\u00e9s- que el traductor realiza preservando estrictamente el sentido y el tono del original. Si necesita una traducci\u00f3n polaco-franc\u00e9s o franc\u00e9s-polaco de documentos oficiales, facturas, poderes, documentos comerciales, certificados o diplomas, \u00a1estamos a su servicio!  <\/p>\n\n<div class=\"seo\"><h2 class=\"wp-block-heading\" id=\"h-tlumaczenie-francusko-polskie-przez-akredytowanego-tlumacza-przysieglego\"><strong>Traducci\u00f3n franc\u00e9s-polaco por un traductor jurado acreditado<\/strong><\/h2><\/div>\n\n<p>El servicio de traducci\u00f3n prestado por nuestro traductor del polaco al franc\u00e9s y del franc\u00e9s al polaco cumple los requisitos aplicables en Polonia y Francia. En consecuencia, es posible utilizar el texto certificado en procedimientos formales y oficiales. <\/p>\n\n<p>La prioridad de Impol en lo que respecta, entre otras cosas, a la autenticaci\u00f3n de la traducci\u00f3n de documentaci\u00f3n es ofrecer un servicio profesional y completo al m\u00e1s alto nivel. Aprovechar la oferta de traducci\u00f3n de franc\u00e9s a polaco o de polaco a franc\u00e9s de nuestro traductor significa, por tanto, no s\u00f3lo precisi\u00f3n, sino tambi\u00e9n eficacia y puntualidad. Merece la pena que se ponga en contacto con nosotros inmediatamente para informarse sobre nuestros precios competitivos y obtener una oferta individual adaptada a sus necesidades. Al trabajar con Impol y nuestro traductor de franc\u00e9s de documentos completos, puede estar seguro de que el contenido se transmitir\u00e1 de forma clara y precisa, conservando su valor informativo y certificado por un traductor jurado acreditado de polaco-franc\u00e9s y franc\u00e9s-polaco.    <\/p>\n\n<div class=\"seo\"><h2 class=\"wp-block-heading\" id=\"h-tlumaczenia-uwierzytelnione-z-impol-gwarancja-pewnosci-i-zgodnosci\">Traducciones juradas con Impol: garant\u00eda de fiabilidad y conformidad<\/h2><\/div>\n\n<p>La traducci\u00f3n jurada de documentos es indispensable en el din\u00e1mico entorno del intercambio de informaci\u00f3n y las transacciones internacionales. En el caso de documentaci\u00f3n de car\u00e1cter legal, oficial u oficial, como partidas de nacimiento, certificados de matrimonio, diplomas, certificados y documentos de registro de empresas, es una parte obligatoria del proceso administrativo, que permite el reconocimiento de escrituras en el extranjero. <\/p>\n\n<p>Como empresa especializada en traducciones juradas polaco-franc\u00e9s y franc\u00e9s-polaco, ofrecemos un apoyo completo a las empresas, cuidando de mantener la precisi\u00f3n ling\u00fc\u00edstica indispensable en la documentaci\u00f3n que requiere una certificaci\u00f3n oficial. Cada documento traducido se somete a un exhaustivo control de correcci\u00f3n y adecuaci\u00f3n ling\u00fc\u00edstica para que sea aceptado por las autoridades e instituciones jur\u00eddicas del pa\u00eds de destino. <\/p>\n\n<div class=\"seo\"><h2 class=\"wp-block-heading\" id=\"h-profesjonalne-uslugi-z-zakresu-jezyka-wloskiego-niemieckiego-hiszpanskiego-i-angielskiego\">Servicios profesionales en italiano, alem\u00e1n, espa\u00f1ol e ingl\u00e9s<\/h2><\/div>\n\n<p>Adem\u00e1s de la traducci\u00f3n jurada de documentos franceses, nuestra oferta tambi\u00e9n incluye traducciones ordinarias, es decir, de contenido menos formal. Por ejemplo, los clientes pueden encargarnos la traducci\u00f3n de diversas cartas internas de la empresa o de correspondencia comercial. Este servicio se aplica al franc\u00e9s, italiano, alem\u00e1n, espa\u00f1ol e ingl\u00e9s.  <\/p>\n\n<p>Cada proyecto de traducci\u00f3n se adapta a la naturaleza espec\u00edfica del encargo y de su destinatario, lo que significa que el traductor utiliza una terminolog\u00eda coherente con el campo en cuesti\u00f3n y con las expectativas del cliente. Impol asegura una total discreci\u00f3n y atenci\u00f3n a los plazos, garantizando un enfoque flexible a las necesidades del destinatario. Tambi\u00e9n realizamos traducciones franc\u00e9s-polaco y polaco-franc\u00e9s en l\u00ednea, por ejemplo, lo que permite un acceso r\u00e1pido y c\u00f3modo a las traducciones sin necesidad de acudir personalmente a nuestras instalaciones.  <\/p>\n\n<div class=\"seo\"> <h2 class=\"wp-block-heading\" id=\"h-tlumaczenia-certyfikatow-i-dyplomow\">Traducci\u00f3n de certificados y diplomas<\/h2><\/div>\n\n<p>La traducci\u00f3n de certificados y diplomas y otros documentos oficiales debe cumplir una serie de requisitos para ser reconocida por las instituciones y organizaciones extranjeras pertinentes. Por ello, nuestros traductores son extremadamente meticulosos a la hora de garantizar que toda la informaci\u00f3n conserve su significado original. Somos conscientes de nuestra responsabilidad, ya que el m\u00e1s m\u00ednimo fallo puede acarrear dificultades administrativas. Por eso, el equipo de traductores de Impol, con su cualificaci\u00f3n demostrada y su amplia experiencia, garantiza que todas las traducciones se ajusten plenamente al original.   <\/p>\n\n<p>Las traducciones perfectas realizadas por nuestros expertos son una garant\u00eda de correcci\u00f3n e interpretaci\u00f3n que no se desv\u00eda del original, excluyendo el riesgo de errores que puedan tener importantes consecuencias jur\u00eddicas. Estaremos encantados de trabajar con usted. <\/p>\n","protected":false},"excerpt":{"rendered":"<p>La comprensi\u00f3n de documentos en otro idioma, especialmente cuando se utilizan en contextos oficiales o jur\u00eddicos, requiere atenci\u00f3n al detalle y una reproducci\u00f3n fiel del contenido. Impol, al ofrecer traducciones juradas especializadas y traducciones ordinarias, proporciona un servicio ling\u00fc\u00edstico integral, gracias al cual puede estar seguro de la precisi\u00f3n de la traducci\u00f3n y de su &hellip;<\/p>\n<p class=\"read-more\"> <a class=\"\" href=\"https:\/\/impolsarl.com\/es\/traducciones\/\"> <span class=\"screen-reader-text\">Traducciones<\/span> Leer m\u00e1s \u00bb<\/a><\/p>\n","protected":false},"author":5,"featured_media":0,"parent":0,"menu_order":21,"comment_status":"closed","ping_status":"closed","template":"","meta":{"_acf_changed":false,"site-sidebar-layout":"default","site-content-layout":"","ast-site-content-layout":"","site-content-style":"default","site-sidebar-style":"default","ast-global-header-display":"","ast-banner-title-visibility":"","ast-main-header-display":"","ast-hfb-above-header-display":"","ast-hfb-below-header-display":"","ast-hfb-mobile-header-display":"","site-post-title":"","ast-breadcrumbs-content":"","ast-featured-img":"","footer-sml-layout":"","theme-transparent-header-meta":"","adv-header-id-meta":"","stick-header-meta":"","header-above-stick-meta":"","header-main-stick-meta":"","header-below-stick-meta":"","astra-migrate-meta-layouts":"default","ast-page-background-enabled":"default","ast-page-background-meta":{"desktop":{"background-color":"var(--ast-global-color-4)","background-image":"","background-repeat":"repeat","background-position":"center center","background-size":"auto","background-attachment":"scroll","background-type":"","background-media":"","overlay-type":"","overlay-color":"","overlay-gradient":""},"tablet":{"background-color":"","background-image":"","background-repeat":"repeat","background-position":"center center","background-size":"auto","background-attachment":"scroll","background-type":"","background-media":"","overlay-type":"","overlay-color":"","overlay-gradient":""},"mobile":{"background-color":"","background-image":"","background-repeat":"repeat","background-position":"center center","background-size":"auto","background-attachment":"scroll","background-type":"","background-media":"","overlay-type":"","overlay-color":"","overlay-gradient":""}},"ast-content-background-meta":{"desktop":{"background-color":"var(--ast-global-color-5)","background-image":"","background-repeat":"repeat","background-position":"center center","background-size":"auto","background-attachment":"scroll","background-type":"","background-media":"","overlay-type":"","overlay-color":"","overlay-gradient":""},"tablet":{"background-color":"var(--ast-global-color-5)","background-image":"","background-repeat":"repeat","background-position":"center center","background-size":"auto","background-attachment":"scroll","background-type":"","background-media":"","overlay-type":"","overlay-color":"","overlay-gradient":""},"mobile":{"background-color":"var(--ast-global-color-5)","background-image":"","background-repeat":"repeat","background-position":"center center","background-size":"auto","background-attachment":"scroll","background-type":"","background-media":"","overlay-type":"","overlay-color":"","overlay-gradient":""}},"footnotes":""},"folder":[94],"class_list":["post-5420","page","type-page","status-publish","hentry"],"acf":[],"yoast_head":"<!-- This site is optimized with the Yoast SEO Premium plugin v24.7 (Yoast SEO v24.7) - https:\/\/yoast.com\/wordpress\/plugins\/seo\/ -->\n<title>Traducci\u00f3n | Traductor jurado polaco-franc\u00e9s y franc\u00e9s-polaco | IMPOL<\/title>\n<meta name=\"description\" content=\"\u00bfNecesita una traducci\u00f3n del franc\u00e9s al polaco? P\u00f3ngase en contacto con IMPOL. Inf\u00f3rmese sobre nuestros precios competitivos y solicite un presupuesto personalizado.\" \/>\n<meta name=\"robots\" content=\"index, follow, max-snippet:-1, max-image-preview:large, max-video-preview:-1\" \/>\n<link rel=\"canonical\" href=\"https:\/\/impolsarl.com\/es\/traducciones\/\" \/>\n<meta property=\"og:locale\" content=\"es_ES\" \/>\n<meta property=\"og:type\" content=\"article\" \/>\n<meta property=\"og:title\" content=\"Traducciones\" \/>\n<meta property=\"og:description\" content=\"\u00bfNecesita una traducci\u00f3n del franc\u00e9s al polaco? P\u00f3ngase en contacto con IMPOL. Inf\u00f3rmese sobre nuestros precios competitivos y solicite un presupuesto personalizado.\" \/>\n<meta property=\"og:url\" content=\"https:\/\/impolsarl.com\/es\/traducciones\/\" \/>\n<meta property=\"og:site_name\" content=\"Impol - Reprezentant we Francji od ponad dekady! +48 502 50 70 74\" \/>\n<meta property=\"article:publisher\" content=\"https:\/\/www.facebook.com\/przedstawicieltransportuwefrancji\/\" \/>\n<meta property=\"article:modified_time\" content=\"2025-04-22T14:23:59+00:00\" \/>\n<meta name=\"twitter:card\" content=\"summary_large_image\" \/>\n<meta name=\"twitter:label1\" content=\"Tiempo de lectura\" \/>\n\t<meta name=\"twitter:data1\" content=\"5 minutos\" \/>\n<script type=\"application\/ld+json\" class=\"yoast-schema-graph\">{\"@context\":\"https:\/\/schema.org\",\"@graph\":[{\"@type\":\"WebPage\",\"@id\":\"https:\/\/impolsarl.com\/es\/traducciones\/\",\"url\":\"https:\/\/impolsarl.com\/es\/traducciones\/\",\"name\":\"Traducci\u00f3n | Traductor jurado polaco-franc\u00e9s y franc\u00e9s-polaco | IMPOL\",\"isPartOf\":{\"@id\":\"https:\/\/impolsarl.com\/#website\"},\"datePublished\":\"2018-08-23T12:05:14+00:00\",\"dateModified\":\"2025-04-22T14:23:59+00:00\",\"description\":\"\u00bfNecesita una traducci\u00f3n del franc\u00e9s al polaco? P\u00f3ngase en contacto con IMPOL. Inf\u00f3rmese sobre nuestros precios competitivos y solicite un presupuesto personalizado.\",\"breadcrumb\":{\"@id\":\"https:\/\/impolsarl.com\/es\/traducciones\/#breadcrumb\"},\"inLanguage\":\"es\",\"potentialAction\":[{\"@type\":\"ReadAction\",\"target\":[\"https:\/\/impolsarl.com\/es\/traducciones\/\"]}]},{\"@type\":\"BreadcrumbList\",\"@id\":\"https:\/\/impolsarl.com\/es\/traducciones\/#breadcrumb\",\"itemListElement\":[{\"@type\":\"ListItem\",\"position\":1,\"name\":\"Strona g\u0142\u00f3wna\",\"item\":\"https:\/\/impolsarl.com\/es\/pagina-de-inicio\/\"},{\"@type\":\"ListItem\",\"position\":2,\"name\":\"Traducciones\"}]},{\"@type\":\"WebSite\",\"@id\":\"https:\/\/impolsarl.com\/#website\",\"url\":\"https:\/\/impolsarl.com\/\",\"name\":\"Impol - Reprezentant we Francji od ponad dekady! +48 502 50 70 74\",\"description\":\"Impol SARL - Przedstawiciel transportu w Europie\",\"publisher\":{\"@id\":\"https:\/\/impolsarl.com\/#organization\"},\"potentialAction\":[{\"@type\":\"SearchAction\",\"target\":{\"@type\":\"EntryPoint\",\"urlTemplate\":\"https:\/\/impolsarl.com\/?s={search_term_string}\"},\"query-input\":{\"@type\":\"PropertyValueSpecification\",\"valueRequired\":true,\"valueName\":\"search_term_string\"}}],\"inLanguage\":\"es\"},{\"@type\":\"Organization\",\"@id\":\"https:\/\/impolsarl.com\/#organization\",\"name\":\"Impol - Przedstawiciel Transportu i Pracownikow Delegowanych Do Francji\",\"url\":\"https:\/\/impolsarl.com\/\",\"logo\":{\"@type\":\"ImageObject\",\"inLanguage\":\"es\",\"@id\":\"https:\/\/impolsarl.com\/#\/schema\/logo\/image\/\",\"url\":\"https:\/\/impolsarl.com\/wp-content\/uploads\/2018\/08\/logo-1.png\",\"contentUrl\":\"https:\/\/impolsarl.com\/wp-content\/uploads\/2018\/08\/logo-1.png\",\"width\":133,\"height\":126,\"caption\":\"Impol - Przedstawiciel Transportu i Pracownikow Delegowanych Do Francji\"},\"image\":{\"@id\":\"https:\/\/impolsarl.com\/#\/schema\/logo\/image\/\"},\"sameAs\":[\"https:\/\/www.facebook.com\/przedstawicieltransportuwefrancji\/\",\"https:\/\/www.youtube.com\/watch?v=2zjQ9NJBf04\"]}]}<\/script>\n<!-- \/ Yoast SEO Premium plugin. -->","yoast_head_json":{"title":"Traducci\u00f3n | Traductor jurado polaco-franc\u00e9s y franc\u00e9s-polaco | IMPOL","description":"\u00bfNecesita una traducci\u00f3n del franc\u00e9s al polaco? P\u00f3ngase en contacto con IMPOL. Inf\u00f3rmese sobre nuestros precios competitivos y solicite un presupuesto personalizado.","robots":{"index":"index","follow":"follow","max-snippet":"max-snippet:-1","max-image-preview":"max-image-preview:large","max-video-preview":"max-video-preview:-1"},"canonical":"https:\/\/impolsarl.com\/es\/traducciones\/","og_locale":"es_ES","og_type":"article","og_title":"Traducciones","og_description":"\u00bfNecesita una traducci\u00f3n del franc\u00e9s al polaco? P\u00f3ngase en contacto con IMPOL. Inf\u00f3rmese sobre nuestros precios competitivos y solicite un presupuesto personalizado.","og_url":"https:\/\/impolsarl.com\/es\/traducciones\/","og_site_name":"Impol - Reprezentant we Francji od ponad dekady! +48 502 50 70 74","article_publisher":"https:\/\/www.facebook.com\/przedstawicieltransportuwefrancji\/","article_modified_time":"2025-04-22T14:23:59+00:00","twitter_card":"summary_large_image","twitter_misc":{"Tiempo de lectura":"5 minutos"},"schema":{"@context":"https:\/\/schema.org","@graph":[{"@type":"WebPage","@id":"https:\/\/impolsarl.com\/es\/traducciones\/","url":"https:\/\/impolsarl.com\/es\/traducciones\/","name":"Traducci\u00f3n | Traductor jurado polaco-franc\u00e9s y franc\u00e9s-polaco | IMPOL","isPartOf":{"@id":"https:\/\/impolsarl.com\/#website"},"datePublished":"2018-08-23T12:05:14+00:00","dateModified":"2025-04-22T14:23:59+00:00","description":"\u00bfNecesita una traducci\u00f3n del franc\u00e9s al polaco? P\u00f3ngase en contacto con IMPOL. Inf\u00f3rmese sobre nuestros precios competitivos y solicite un presupuesto personalizado.","breadcrumb":{"@id":"https:\/\/impolsarl.com\/es\/traducciones\/#breadcrumb"},"inLanguage":"es","potentialAction":[{"@type":"ReadAction","target":["https:\/\/impolsarl.com\/es\/traducciones\/"]}]},{"@type":"BreadcrumbList","@id":"https:\/\/impolsarl.com\/es\/traducciones\/#breadcrumb","itemListElement":[{"@type":"ListItem","position":1,"name":"Strona g\u0142\u00f3wna","item":"https:\/\/impolsarl.com\/es\/pagina-de-inicio\/"},{"@type":"ListItem","position":2,"name":"Traducciones"}]},{"@type":"WebSite","@id":"https:\/\/impolsarl.com\/#website","url":"https:\/\/impolsarl.com\/","name":"Impol - Reprezentant we Francji od ponad dekady! +48 502 50 70 74","description":"Impol SARL - Przedstawiciel transportu w Europie","publisher":{"@id":"https:\/\/impolsarl.com\/#organization"},"potentialAction":[{"@type":"SearchAction","target":{"@type":"EntryPoint","urlTemplate":"https:\/\/impolsarl.com\/?s={search_term_string}"},"query-input":{"@type":"PropertyValueSpecification","valueRequired":true,"valueName":"search_term_string"}}],"inLanguage":"es"},{"@type":"Organization","@id":"https:\/\/impolsarl.com\/#organization","name":"Impol - Przedstawiciel Transportu i Pracownikow Delegowanych Do Francji","url":"https:\/\/impolsarl.com\/","logo":{"@type":"ImageObject","inLanguage":"es","@id":"https:\/\/impolsarl.com\/#\/schema\/logo\/image\/","url":"https:\/\/impolsarl.com\/wp-content\/uploads\/2018\/08\/logo-1.png","contentUrl":"https:\/\/impolsarl.com\/wp-content\/uploads\/2018\/08\/logo-1.png","width":133,"height":126,"caption":"Impol - Przedstawiciel Transportu i Pracownikow Delegowanych Do Francji"},"image":{"@id":"https:\/\/impolsarl.com\/#\/schema\/logo\/image\/"},"sameAs":["https:\/\/www.facebook.com\/przedstawicieltransportuwefrancji\/","https:\/\/www.youtube.com\/watch?v=2zjQ9NJBf04"]}]}},"_links":{"self":[{"href":"https:\/\/impolsarl.com\/es\/wp-json\/wp\/v2\/pages\/5420","targetHints":{"allow":["GET"]}}],"collection":[{"href":"https:\/\/impolsarl.com\/es\/wp-json\/wp\/v2\/pages"}],"about":[{"href":"https:\/\/impolsarl.com\/es\/wp-json\/wp\/v2\/types\/page"}],"author":[{"embeddable":true,"href":"https:\/\/impolsarl.com\/es\/wp-json\/wp\/v2\/users\/5"}],"replies":[{"embeddable":true,"href":"https:\/\/impolsarl.com\/es\/wp-json\/wp\/v2\/comments?post=5420"}],"version-history":[{"count":1,"href":"https:\/\/impolsarl.com\/es\/wp-json\/wp\/v2\/pages\/5420\/revisions"}],"predecessor-version":[{"id":5421,"href":"https:\/\/impolsarl.com\/es\/wp-json\/wp\/v2\/pages\/5420\/revisions\/5421"}],"wp:attachment":[{"href":"https:\/\/impolsarl.com\/es\/wp-json\/wp\/v2\/media?parent=5420"}],"wp:term":[{"taxonomy":"folder","embeddable":true,"href":"https:\/\/impolsarl.com\/es\/wp-json\/wp\/v2\/folder?post=5420"}],"curies":[{"name":"wp","href":"https:\/\/api.w.org\/{rel}","templated":true}]}}