{"id":5896,"date":"2022-02-23T17:45:18","date_gmt":"2022-02-23T16:45:18","guid":{"rendered":"https:\/\/impolsarl.com\/french-accounting\/"},"modified":"2025-06-02T12:40:42","modified_gmt":"2025-06-02T10:40:42","slug":"french-accounting","status":"publish","type":"page","link":"https:\/\/impolsarl.com\/en\/french-accounting\/","title":{"rendered":"French accounting"},"content":{"rendered":"\t\t<div data-elementor-type=\"wp-page\" data-elementor-id=\"5896\" class=\"elementor elementor-5896 elementor-2955\" data-elementor-post-type=\"page\">\n\t\t\t\t\t\t<section class=\"elementor-section elementor-top-section elementor-element elementor-element-9c7020a elementor-section-boxed elementor-section-height-default elementor-section-height-default\" data-id=\"9c7020a\" data-element_type=\"section\">\n\t\t\t\t\t\t<div class=\"elementor-container elementor-column-gap-default\">\n\t\t\t\t\t<div class=\"elementor-column elementor-col-100 elementor-top-column elementor-element elementor-element-12ab380\" data-id=\"12ab380\" data-element_type=\"column\">\n\t\t\t<div class=\"elementor-widget-wrap elementor-element-populated\">\n\t\t\t\t\t\t<div class=\"elementor-element elementor-element-d53aea7 elementor-widget elementor-widget-image\" data-id=\"d53aea7\" data-element_type=\"widget\" data-widget_type=\"image.default\">\n\t\t\t\t<div class=\"elementor-widget-container\">\n\t\t\t\t\t\t\t\t\t\t\t\t\t\t\t<img fetchpriority=\"high\" decoding=\"async\" width=\"1024\" height=\"680\" src=\"https:\/\/impolsarl.com\/wp-content\/uploads\/2023\/09\/ksiegowosc-1024x680.jpg\" class=\"attachment-large size-large wp-image-3602\" alt=\"ksi\u0119gowo\u015b\u0107\" srcset=\"https:\/\/impolsarl.com\/wp-content\/uploads\/2023\/09\/ksiegowosc-1024x680.jpg 1024w, https:\/\/impolsarl.com\/wp-content\/uploads\/2023\/09\/ksiegowosc-300x199.jpg 300w, https:\/\/impolsarl.com\/wp-content\/uploads\/2023\/09\/ksiegowosc-768x510.jpg 768w, https:\/\/impolsarl.com\/wp-content\/uploads\/2023\/09\/ksiegowosc-1536x1020.jpg 1536w, https:\/\/impolsarl.com\/wp-content\/uploads\/2023\/09\/ksiegowosc.jpg 1920w\" sizes=\"(max-width: 1024px) 100vw, 1024px\" \/>\t\t\t\t\t\t\t\t\t\t\t\t\t\t\t<\/div>\n\t\t\t\t<\/div>\n\t\t\t\t<div class=\"elementor-element elementor-element-be7102b elementor-widget elementor-widget-text-editor\" data-id=\"be7102b\" data-element_type=\"widget\" data-widget_type=\"text-editor.default\">\n\t\t\t\t<div class=\"elementor-widget-container\">\n\t\t\t\t\t\t\t\t\t<p><span style=\"font-weight: 400;\">As a direct representative of companies based in France, we also specialize in the field of foreign accounting. We invite you to take advantage of our professional accounting services. IMPOL offers a wide range of consulting services that will allow your company to effectively manage its finances in compliance with current Polish-French regulations.  <\/span><\/p>\t\t\t\t\t\t\t\t<\/div>\n\t\t\t\t<\/div>\n\t\t\t\t<div class=\"elementor-element elementor-element-3d68e4d elementor-invisible elementor-widget elementor-widget-heading\" data-id=\"3d68e4d\" data-element_type=\"widget\" data-settings=\"{&quot;_animation&quot;:&quot;fadeIn&quot;}\" data-widget_type=\"heading.default\">\n\t\t\t\t<div class=\"elementor-widget-container\">\n\t\t\t\t\t<h2 class=\"elementor-heading-title elementor-size-default\">What benefits does Loi Macron bring to industrial companies in France? <\/h2>\t\t\t\t<\/div>\n\t\t\t\t<\/div>\n\t\t\t\t\t<\/div>\n\t\t<\/div>\n\t\t\t\t\t<\/div>\n\t\t<\/section>\n\t\t\t\t<section class=\"elementor-section elementor-top-section elementor-element elementor-element-2e41107 elementor-section-boxed elementor-section-height-default elementor-section-height-default\" data-id=\"2e41107\" data-element_type=\"section\">\n\t\t\t\t\t\t<div class=\"elementor-container elementor-column-gap-default\">\n\t\t\t\t\t<div class=\"elementor-column elementor-col-100 elementor-top-column elementor-element elementor-element-600c7bb\" data-id=\"600c7bb\" data-element_type=\"column\">\n\t\t\t<div class=\"elementor-widget-wrap elementor-element-populated\">\n\t\t\t\t\t\t<div class=\"elementor-element elementor-element-6a24e3f elementor-widget elementor-widget-text-editor\" data-id=\"6a24e3f\" data-element_type=\"widget\" data-widget_type=\"text-editor.default\">\n\t\t\t\t<div class=\"elementor-widget-container\">\n\t\t\t\t\t\t\t\t\t<p><span style=\"font-weight: 400;\">Our experienced staff will provide comprehensive ongoing accounting services, taking care of the formal and legal correctness of all accounting documents. Thanks to our verification, unwanted double taxation between Poland and France will be avoided. <\/span><\/p><p><span style=\"font-weight: 400;\">We guarantee expert support in a range of processes: from setting up a company in France and tax registration of the company, to full accounting, to accounting for foreign delegations and preparing bilingual contracts.<\/span><\/p><p><span style=\"font-weight: 400;\">Working with IMPOL experts means <\/span><span style=\"font-weight: 400;\">accurate <\/span><span style=\"font-weight: 400;\"> settlement of transactions between related companies in Poland and France with strict respect for confidentiality. You do not have to worry about the intricacies of company accounting in France and complicated Polish-French tax issues. Our experts will not only provide substantive and practical knowledge in all tax matters related to both countries, but will also provide support in case of possible audits in France. We will also effectively assist you in the preparation of statements and financial reports, allowing you to comprehensively analyze and assess the financial condition of your business.   <\/span><\/p>\t\t\t\t\t\t\t\t<\/div>\n\t\t\t\t<\/div>\n\t\t\t\t<div class=\"elementor-element elementor-element-935ba7f elementor-invisible elementor-widget elementor-widget-heading\" data-id=\"935ba7f\" data-element_type=\"widget\" data-settings=\"{&quot;_animation&quot;:&quot;fadeIn&quot;}\" data-widget_type=\"heading.default\">\n\t\t\t\t<div class=\"elementor-widget-container\">\n\t\t\t\t\t<h2 class=\"elementor-heading-title elementor-size-default\">Foreign accounting services tailored to your company's needs<\/h2>\t\t\t\t<\/div>\n\t\t\t\t<\/div>\n\t\t\t\t<div class=\"elementor-element elementor-element-bf9f7c7 elementor-widget elementor-widget-text-editor\" data-id=\"bf9f7c7\" data-element_type=\"widget\" data-widget_type=\"text-editor.default\">\n\t\t\t\t<div class=\"elementor-widget-container\">\n\t\t\t\t\t\t\t\t\t<p><span style=\"font-weight: 400;\">Our extensive experience in providing holistic services to a variety of industries, including such vital sectors of the global economy as construction and transportation, allows us to offer services that are closely tailored to your individual needs. With a high professional qualification in the field of foreign accounting, especially in the context of accounting in France, we provide our clients with the highest level of support. <\/span><\/p>\t\t\t\t\t\t\t\t<\/div>\n\t\t\t\t<\/div>\n\t\t\t\t<div class=\"elementor-element elementor-element-afa25f0 elementor-invisible elementor-widget elementor-widget-heading\" data-id=\"afa25f0\" data-element_type=\"widget\" data-settings=\"{&quot;_animation&quot;:&quot;fadeIn&quot;}\" data-widget_type=\"heading.default\">\n\t\t\t\t<div class=\"elementor-widget-container\">\n\t\t\t\t\t<h2 class=\"elementor-heading-title elementor-size-default\">Among other things, we are pleased to offer you:<\/h2>\t\t\t\t<\/div>\n\t\t\t\t<\/div>\n\t\t\t\t<div class=\"elementor-element elementor-element-0219e1b elementor-widget elementor-widget-text-editor\" data-id=\"0219e1b\" data-element_type=\"widget\" data-widget_type=\"text-editor.default\">\n\t\t\t\t<div class=\"elementor-widget-container\">\n\t\t\t\t\t\t\t\t\t<ul><li>assistance with VAT number registration<\/li><li>bookkeeping depending on the number of invoices<\/li><li>maintenance of employee records<\/li><li>list of plaza \/ wages (Fiche de paie)<\/li><li>Social declarations (URSSAF, pension funds, etc.).<\/li><li>posting of foreign delegations<\/li><li>preparation of the annual balance sheet<\/li><li>accounting consultations<\/li><li>legal support<\/li><li>preparing for an announced inspection <\/li><li>support for URSSAF inspections<\/li><li>registration to CNFE<\/li><li>PROBTP registration<\/li><\/ul><p>You should trust our experienced team, consisting of high-class specialists. Choosing IMPOL, you are assured that accounting in France will be carried out in accordance with applicable regulations, reliably and at the same time efficiently, allowing you to focus on the development of your business. <\/p><p>We invite you to contact us and join the numerous satisfied IMPOL clients using our foreign accounting services!<\/p>\t\t\t\t\t\t\t\t<\/div>\n\t\t\t\t<\/div>\n\t\t\t\t\t<\/div>\n\t\t<\/div>\n\t\t\t\t\t<\/div>\n\t\t<\/section>\n\t\t\t\t<\/div>\n\t\t","protected":false},"excerpt":{"rendered":"<p>As a direct representative of companies based in France, we also specialize in the field of foreign accounting. We invite you to take advantage of our professional accounting services. IMPOL offers a wide range of consulting services that will allow your company to effectively manage its finances in compliance with current Polish-French regulations. What benefits &hellip;<\/p>\n<p class=\"read-more\"> <a class=\"\" href=\"https:\/\/impolsarl.com\/en\/french-accounting\/\"> <span class=\"screen-reader-text\">French accounting<\/span> Read More \u00bb<\/a><\/p>\n","protected":false},"author":5,"featured_media":0,"parent":0,"menu_order":29,"comment_status":"closed","ping_status":"closed","template":"","meta":{"_acf_changed":false,"site-sidebar-layout":"default","site-content-layout":"","ast-site-content-layout":"","site-content-style":"default","site-sidebar-style":"default","ast-global-header-display":"","ast-banner-title-visibility":"","ast-main-header-display":"","ast-hfb-above-header-display":"","ast-hfb-below-header-display":"","ast-hfb-mobile-header-display":"","site-post-title":"","ast-breadcrumbs-content":"","ast-featured-img":"","footer-sml-layout":"","theme-transparent-header-meta":"","adv-header-id-meta":"","stick-header-meta":"","header-above-stick-meta":"","header-main-stick-meta":"","header-below-stick-meta":"","astra-migrate-meta-layouts":"default","ast-page-background-enabled":"default","ast-page-background-meta":{"desktop":{"background-color":"var(--ast-global-color-4)","background-image":"","background-repeat":"repeat","background-position":"center center","background-size":"auto","background-attachment":"scroll","background-type":"","background-media":"","overlay-type":"","overlay-color":"","overlay-gradient":""},"tablet":{"background-color":"","background-image":"","background-repeat":"repeat","background-position":"center center","background-size":"auto","background-attachment":"scroll","background-type":"","background-media":"","overlay-type":"","overlay-color":"","overlay-gradient":""},"mobile":{"background-color":"","background-image":"","background-repeat":"repeat","background-position":"center center","background-size":"auto","background-attachment":"scroll","background-type":"","background-media":"","overlay-type":"","overlay-color":"","overlay-gradient":""}},"ast-content-background-meta":{"desktop":{"background-color":"var(--ast-global-color-5)","background-image":"","background-repeat":"repeat","background-position":"center center","background-size":"auto","background-attachment":"scroll","background-type":"","background-media":"","overlay-type":"","overlay-color":"","overlay-gradient":""},"tablet":{"background-color":"var(--ast-global-color-5)","background-image":"","background-repeat":"repeat","background-position":"center center","background-size":"auto","background-attachment":"scroll","background-type":"","background-media":"","overlay-type":"","overlay-color":"","overlay-gradient":""},"mobile":{"background-color":"var(--ast-global-color-5)","background-image":"","background-repeat":"repeat","background-position":"center center","background-size":"auto","background-attachment":"scroll","background-type":"","background-media":"","overlay-type":"","overlay-color":"","overlay-gradient":""}},"footnotes":""},"folder":[91],"class_list":["post-5896","page","type-page","status-publish","hentry"],"acf":[],"yoast_head":"<!-- This site is optimized with the Yoast SEO Premium plugin v24.7 (Yoast SEO v24.7) - https:\/\/yoast.com\/wordpress\/plugins\/seo\/ -->\n<title>Accounting France | Accounting for foreign business trips | IMPOL<\/title>\n<meta name=\"description\" content=\"Foreign accounting services provided by IMPOL will be reliable and efficient, allowing you to focus on developing your business. Contact us!\" \/>\n<meta name=\"robots\" content=\"index, follow, max-snippet:-1, max-image-preview:large, max-video-preview:-1\" \/>\n<link rel=\"canonical\" href=\"https:\/\/impolsarl.com\/en\/french-accounting\/\" \/>\n<meta property=\"og:locale\" content=\"en_US\" \/>\n<meta property=\"og:type\" content=\"article\" \/>\n<meta property=\"og:title\" content=\"French accounting\" \/>\n<meta property=\"og:description\" content=\"Foreign accounting services provided by IMPOL will be reliable and efficient, allowing you to focus on developing your business. Contact us!\" \/>\n<meta property=\"og:url\" content=\"https:\/\/impolsarl.com\/en\/french-accounting\/\" \/>\n<meta property=\"og:site_name\" content=\"Impol - Reprezentant we Francji od ponad dekady! +48 502 50 70 74\" \/>\n<meta property=\"article:publisher\" content=\"https:\/\/www.facebook.com\/przedstawicieltransportuwefrancji\/\" \/>\n<meta property=\"article:modified_time\" content=\"2025-06-02T10:40:42+00:00\" \/>\n<meta property=\"og:image\" content=\"https:\/\/impolsarl.com\/wp-content\/uploads\/2023\/09\/ksiegowosc.jpg\" \/>\n\t<meta property=\"og:image:width\" content=\"1920\" \/>\n\t<meta property=\"og:image:height\" content=\"1275\" \/>\n\t<meta property=\"og:image:type\" content=\"image\/jpeg\" \/>\n<meta name=\"twitter:card\" content=\"summary_large_image\" \/>\n<meta name=\"twitter:label1\" content=\"Est. reading time\" \/>\n\t<meta name=\"twitter:data1\" content=\"2 minutes\" \/>\n<script type=\"application\/ld+json\" class=\"yoast-schema-graph\">{\"@context\":\"https:\/\/schema.org\",\"@graph\":[{\"@type\":\"WebPage\",\"@id\":\"https:\/\/impolsarl.com\/en\/french-accounting\/\",\"url\":\"https:\/\/impolsarl.com\/en\/french-accounting\/\",\"name\":\"Accounting France | Accounting for foreign business trips | IMPOL\",\"isPartOf\":{\"@id\":\"https:\/\/impolsarl.com\/#website\"},\"primaryImageOfPage\":{\"@id\":\"https:\/\/impolsarl.com\/en\/french-accounting\/#primaryimage\"},\"image\":{\"@id\":\"https:\/\/impolsarl.com\/en\/french-accounting\/#primaryimage\"},\"thumbnailUrl\":\"https:\/\/impolsarl.com\/wp-content\/uploads\/2023\/09\/ksiegowosc-1024x680.jpg\",\"datePublished\":\"2022-02-23T16:45:18+00:00\",\"dateModified\":\"2025-06-02T10:40:42+00:00\",\"description\":\"Foreign accounting services provided by IMPOL will be reliable and efficient, allowing you to focus on developing your business. Contact us!\",\"breadcrumb\":{\"@id\":\"https:\/\/impolsarl.com\/en\/french-accounting\/#breadcrumb\"},\"inLanguage\":\"en-US\",\"potentialAction\":[{\"@type\":\"ReadAction\",\"target\":[\"https:\/\/impolsarl.com\/en\/french-accounting\/\"]}]},{\"@type\":\"ImageObject\",\"inLanguage\":\"en-US\",\"@id\":\"https:\/\/impolsarl.com\/en\/french-accounting\/#primaryimage\",\"url\":\"https:\/\/impolsarl.com\/wp-content\/uploads\/2023\/09\/ksiegowosc-1024x680.jpg\",\"contentUrl\":\"https:\/\/impolsarl.com\/wp-content\/uploads\/2023\/09\/ksiegowosc-1024x680.jpg\"},{\"@type\":\"BreadcrumbList\",\"@id\":\"https:\/\/impolsarl.com\/en\/french-accounting\/#breadcrumb\",\"itemListElement\":[{\"@type\":\"ListItem\",\"position\":1,\"name\":\"Strona g\u0142\u00f3wna\",\"item\":\"https:\/\/impolsarl.com\/en\/homepage\/\"},{\"@type\":\"ListItem\",\"position\":2,\"name\":\"French accounting\"}]},{\"@type\":\"WebSite\",\"@id\":\"https:\/\/impolsarl.com\/#website\",\"url\":\"https:\/\/impolsarl.com\/\",\"name\":\"Impol - Reprezentant we Francji od ponad dekady! +48 502 50 70 74\",\"description\":\"Impol SARL - Przedstawiciel transportu w Europie\",\"publisher\":{\"@id\":\"https:\/\/impolsarl.com\/#organization\"},\"potentialAction\":[{\"@type\":\"SearchAction\",\"target\":{\"@type\":\"EntryPoint\",\"urlTemplate\":\"https:\/\/impolsarl.com\/?s={search_term_string}\"},\"query-input\":{\"@type\":\"PropertyValueSpecification\",\"valueRequired\":true,\"valueName\":\"search_term_string\"}}],\"inLanguage\":\"en-US\"},{\"@type\":\"Organization\",\"@id\":\"https:\/\/impolsarl.com\/#organization\",\"name\":\"Impol - Przedstawiciel Transportu i Pracownikow Delegowanych Do Francji\",\"url\":\"https:\/\/impolsarl.com\/\",\"logo\":{\"@type\":\"ImageObject\",\"inLanguage\":\"en-US\",\"@id\":\"https:\/\/impolsarl.com\/#\/schema\/logo\/image\/\",\"url\":\"https:\/\/impolsarl.com\/wp-content\/uploads\/2018\/08\/logo-1.png\",\"contentUrl\":\"https:\/\/impolsarl.com\/wp-content\/uploads\/2018\/08\/logo-1.png\",\"width\":133,\"height\":126,\"caption\":\"Impol - Przedstawiciel Transportu i Pracownikow Delegowanych Do Francji\"},\"image\":{\"@id\":\"https:\/\/impolsarl.com\/#\/schema\/logo\/image\/\"},\"sameAs\":[\"https:\/\/www.facebook.com\/przedstawicieltransportuwefrancji\/\",\"https:\/\/www.youtube.com\/watch?v=2zjQ9NJBf04\"]}]}<\/script>\n<!-- \/ Yoast SEO Premium plugin. -->","yoast_head_json":{"title":"Accounting France | Accounting for foreign business trips | IMPOL","description":"Foreign accounting services provided by IMPOL will be reliable and efficient, allowing you to focus on developing your business. Contact us!","robots":{"index":"index","follow":"follow","max-snippet":"max-snippet:-1","max-image-preview":"max-image-preview:large","max-video-preview":"max-video-preview:-1"},"canonical":"https:\/\/impolsarl.com\/en\/french-accounting\/","og_locale":"en_US","og_type":"article","og_title":"French accounting","og_description":"Foreign accounting services provided by IMPOL will be reliable and efficient, allowing you to focus on developing your business. Contact us!","og_url":"https:\/\/impolsarl.com\/en\/french-accounting\/","og_site_name":"Impol - Reprezentant we Francji od ponad dekady! +48 502 50 70 74","article_publisher":"https:\/\/www.facebook.com\/przedstawicieltransportuwefrancji\/","article_modified_time":"2025-06-02T10:40:42+00:00","og_image":[{"width":1920,"height":1275,"url":"https:\/\/impolsarl.com\/wp-content\/uploads\/2023\/09\/ksiegowosc.jpg","type":"image\/jpeg"}],"twitter_card":"summary_large_image","twitter_misc":{"Est. reading time":"2 minutes"},"schema":{"@context":"https:\/\/schema.org","@graph":[{"@type":"WebPage","@id":"https:\/\/impolsarl.com\/en\/french-accounting\/","url":"https:\/\/impolsarl.com\/en\/french-accounting\/","name":"Accounting France | Accounting for foreign business trips | IMPOL","isPartOf":{"@id":"https:\/\/impolsarl.com\/#website"},"primaryImageOfPage":{"@id":"https:\/\/impolsarl.com\/en\/french-accounting\/#primaryimage"},"image":{"@id":"https:\/\/impolsarl.com\/en\/french-accounting\/#primaryimage"},"thumbnailUrl":"https:\/\/impolsarl.com\/wp-content\/uploads\/2023\/09\/ksiegowosc-1024x680.jpg","datePublished":"2022-02-23T16:45:18+00:00","dateModified":"2025-06-02T10:40:42+00:00","description":"Foreign accounting services provided by IMPOL will be reliable and efficient, allowing you to focus on developing your business. Contact us!","breadcrumb":{"@id":"https:\/\/impolsarl.com\/en\/french-accounting\/#breadcrumb"},"inLanguage":"en-US","potentialAction":[{"@type":"ReadAction","target":["https:\/\/impolsarl.com\/en\/french-accounting\/"]}]},{"@type":"ImageObject","inLanguage":"en-US","@id":"https:\/\/impolsarl.com\/en\/french-accounting\/#primaryimage","url":"https:\/\/impolsarl.com\/wp-content\/uploads\/2023\/09\/ksiegowosc-1024x680.jpg","contentUrl":"https:\/\/impolsarl.com\/wp-content\/uploads\/2023\/09\/ksiegowosc-1024x680.jpg"},{"@type":"BreadcrumbList","@id":"https:\/\/impolsarl.com\/en\/french-accounting\/#breadcrumb","itemListElement":[{"@type":"ListItem","position":1,"name":"Strona g\u0142\u00f3wna","item":"https:\/\/impolsarl.com\/en\/homepage\/"},{"@type":"ListItem","position":2,"name":"French accounting"}]},{"@type":"WebSite","@id":"https:\/\/impolsarl.com\/#website","url":"https:\/\/impolsarl.com\/","name":"Impol - Reprezentant we Francji od ponad dekady! +48 502 50 70 74","description":"Impol SARL - Przedstawiciel transportu w Europie","publisher":{"@id":"https:\/\/impolsarl.com\/#organization"},"potentialAction":[{"@type":"SearchAction","target":{"@type":"EntryPoint","urlTemplate":"https:\/\/impolsarl.com\/?s={search_term_string}"},"query-input":{"@type":"PropertyValueSpecification","valueRequired":true,"valueName":"search_term_string"}}],"inLanguage":"en-US"},{"@type":"Organization","@id":"https:\/\/impolsarl.com\/#organization","name":"Impol - Przedstawiciel Transportu i Pracownikow Delegowanych Do Francji","url":"https:\/\/impolsarl.com\/","logo":{"@type":"ImageObject","inLanguage":"en-US","@id":"https:\/\/impolsarl.com\/#\/schema\/logo\/image\/","url":"https:\/\/impolsarl.com\/wp-content\/uploads\/2018\/08\/logo-1.png","contentUrl":"https:\/\/impolsarl.com\/wp-content\/uploads\/2018\/08\/logo-1.png","width":133,"height":126,"caption":"Impol - Przedstawiciel Transportu i Pracownikow Delegowanych Do Francji"},"image":{"@id":"https:\/\/impolsarl.com\/#\/schema\/logo\/image\/"},"sameAs":["https:\/\/www.facebook.com\/przedstawicieltransportuwefrancji\/","https:\/\/www.youtube.com\/watch?v=2zjQ9NJBf04"]}]}},"_links":{"self":[{"href":"https:\/\/impolsarl.com\/en\/wp-json\/wp\/v2\/pages\/5896","targetHints":{"allow":["GET"]}}],"collection":[{"href":"https:\/\/impolsarl.com\/en\/wp-json\/wp\/v2\/pages"}],"about":[{"href":"https:\/\/impolsarl.com\/en\/wp-json\/wp\/v2\/types\/page"}],"author":[{"embeddable":true,"href":"https:\/\/impolsarl.com\/en\/wp-json\/wp\/v2\/users\/5"}],"replies":[{"embeddable":true,"href":"https:\/\/impolsarl.com\/en\/wp-json\/wp\/v2\/comments?post=5896"}],"version-history":[{"count":1,"href":"https:\/\/impolsarl.com\/en\/wp-json\/wp\/v2\/pages\/5896\/revisions"}],"predecessor-version":[{"id":5897,"href":"https:\/\/impolsarl.com\/en\/wp-json\/wp\/v2\/pages\/5896\/revisions\/5897"}],"wp:attachment":[{"href":"https:\/\/impolsarl.com\/en\/wp-json\/wp\/v2\/media?parent=5896"}],"wp:term":[{"taxonomy":"folder","embeddable":true,"href":"https:\/\/impolsarl.com\/en\/wp-json\/wp\/v2\/folder?post=5896"}],"curies":[{"name":"wp","href":"https:\/\/api.w.org\/{rel}","templated":true}]}}