{"id":5820,"date":"2022-02-23T17:45:18","date_gmt":"2022-02-23T16:45:18","guid":{"rendered":"https:\/\/impolsarl.com\/setting-up-a-company-in-france\/"},"modified":"2025-06-02T02:45:31","modified_gmt":"2025-06-02T00:45:31","slug":"setting-up-a-company-in-france","status":"publish","type":"page","link":"https:\/\/impolsarl.com\/en\/setting-up-a-company-in-france\/","title":{"rendered":"Setting up a company in France"},"content":{"rendered":"\n<div class=\"seo\"><p>France is ranked among the world&#8217;s ten largest economies and is considered one of the best places for foreign investment in Europe. Poland ranks among the top countries in Central and Eastern Europe in terms of the number of new jobs. <\/p>\n\n<h2>Setting up a company in France &#8211; legal structures<\/h2>\n\n<p>Analogous to our country, when it comes to setting up a company in France, the most preferred form of doing business is incorporated companies. Entrepreneurs looking to expand their business here have several different legal structures to choose from: <\/p>\n<ol><li><b>SARL (Soci\u00e9t\u00e9 \u00e0 responsabilit\u00e9 limit\u00e9e):<\/b> A company with limited liability and equivalent to a Polish limited liability company. This is a popular form for small and medium-sized businesses. The share capital is divided into shares, and the owners have limited liability. <\/li>\n\n<li><b>SAS (Soci\u00e9t\u00e9 par actions simplifi\u00e9e):<\/b> a simplified joint stock company. This is a flexible legal form that allows the statute to be customized. It is more suitable for larger companies.  <\/li>\n\n<li><b>SA (Soci\u00e9t\u00e9 Anonyme):<\/b> a joint-stock company, which is the equivalent of a Polish joint-stock company (S.A.). This is the form often chosen by large corporations. <\/li>\n<li><b>Auto-Entrepreneur:<\/b> a form of sole proprietorship that is suitable for people working independently. It is a simple form that includes simplified procedures for both tax and administration. <\/li>\n\n<li><b>EURL (Entreprise Unipersonnelle \u00e0 Responsabilit\u00e9 Limit\u00e9e):<\/b> a single-member company with limited liability.<\/li>\n\n<li><b>SNC (Soci\u00e9t\u00e9 en Nom Collectif):<\/b> a limited partnership that includes unlimited liability partners and limited partners with limited liability.<\/li>\n\n<li><b>SARL de famille:<\/b> a special type of SARL that is only available to family members.<\/li>\n\n<li><b>Soci\u00e9t\u00e9 Civile Immobili\u00e8re (SCI):<\/b> a real estate investment partnership.<\/li>\n\n<li><b>Soci\u00e9t\u00e9 Coop\u00e9rative (SC):<\/b> a cooperative company in which the owners jointly manage the company and share profits.<\/li>\n\n<li><b>Soci\u00e9t\u00e9 en commandite par actions (SCA):<\/b> a limited partnership that combines elements of a joint-stock company with elements of a limited partnership.<\/li>\n\n<li><b>Soci\u00e9t\u00e9 par actions simplifi\u00e9e unipersonnelle (SASU):<\/b> A one-person simplified joint stock company that is the equivalent of SAS for a single owner.<\/li>\n\n<li><b>Soci\u00e9t\u00e9 d&#8217;Exercice Lib\u00e9ral (SEL):<\/b> a form for the liberal professions.<\/li>\n<\/ol><p>Each of these structures has its own requirements and benefits, so it&#8217;s worth consulting professional advisors to choose the most suitable one for your business.<\/p>\n\n<h2>Establishing a company in France &#8211; general information<\/h2>\n\n<p>When establishing a company in France, all the words in its name must be in French or English. In addition, the name must end with a word, phrase or abbreviation indicating the organizational and legal form of the business. The chosen name is verified with the patent office (Institut national de la propri\u00e9t\u00e9 industrielle).  <\/p>\n\n<p>To register a company in France, you must contact the Center for Business Formalities (Centre de Formalit\u00e9s des Entreprises) and provide the appropriate documents.<\/p>\n\n<p>After registration, the INSEE (Institut national de la statistique et des tu des economiques) National Institute for Statistics and Economic Research assigns a SIRET (Systeme informatique pour le repertoire des etablissements) and SIREN (Systeme informatique pour le repertoire des entreprises et et etablissements) number to the enterprise. The SIREN number identifies the business entity, while the SIRET number identifies both the business entity and its specific function or location. <\/p>\n\n<p>Part of the business requires declaring financial guarantees, so it is worth consulting with professional advisors to ascertain what requirements your prospective company must meet.<\/p>\n\n<p>If you are setting up a company in France with the assumption of hiring employees, you should be thoroughly familiar with French employment regulations, including employment contracts, salaries, social security, vacations, or employee notifications. It should be borne in mind that in France, in addition to the Labor Code, there are also collective bargaining agreements, which are separate for each industry, often including the region. Trade unions operating at the regional, industry and company level play a major role in the area of labor legislation.  <\/p>\n\n<h2>Take advantage of our experience when setting up your business in France!<\/h2>\n\n<p>Strict accounting regulations are associated with setting up a company in France. In order to properly keep the books and file the appropriate financial statements, it is a good idea to use a company experienced in this market that has sufficient knowledge of French regulations and is able to provide extensive business assistance. <\/p>\n\n<p>Impol is a direct representative of companies based in France. For many years, we have been successfully representing Polish companies in European markets, including reputable industries such as automotive, construction, transportation and logistics.  <\/p>\n\n<p>We specialize in the comprehensive handling of administrative and personnel matters. Among other things, we guarantee support in bookkeeping depending on the number of invoices, annual balance sheet, accounting consultation and employee records.  <\/p>\n\n<p>When setting up a company in France, you can count on our specialists for CNFE, PROBTP and VAT registration. In addition, we offer legal support such as preparing for URSSAF inspections <\/p>\n\n<p>Our professional advisors will clearly explain the process of setting up a company in France. At Impol, we understand very well that each case may be different, so we always take an individual approach to our clients to help understand all the details and requirements of your specific situation. You are more than welcome to contact us!  <\/p><\/div>\n","protected":false},"excerpt":{"rendered":"<p>France is ranked among the world&#8217;s ten largest economies and is considered one of the best places for foreign investment in Europe. Poland ranks among the top countries in Central and Eastern Europe in terms of the number of new jobs. Setting up a company in France &#8211; legal structures Analogous to our country, when &hellip;<\/p>\n<p class=\"read-more\"> <a class=\"\" href=\"https:\/\/impolsarl.com\/en\/setting-up-a-company-in-france\/\"> <span class=\"screen-reader-text\">Setting up a company in France<\/span> Read More \u00bb<\/a><\/p>\n","protected":false},"author":5,"featured_media":0,"parent":0,"menu_order":25,"comment_status":"closed","ping_status":"closed","template":"","meta":{"_acf_changed":false,"site-sidebar-layout":"default","site-content-layout":"","ast-site-content-layout":"","site-content-style":"default","site-sidebar-style":"default","ast-global-header-display":"","ast-banner-title-visibility":"","ast-main-header-display":"","ast-hfb-above-header-display":"","ast-hfb-below-header-display":"","ast-hfb-mobile-header-display":"","site-post-title":"","ast-breadcrumbs-content":"","ast-featured-img":"","footer-sml-layout":"","theme-transparent-header-meta":"","adv-header-id-meta":"","stick-header-meta":"","header-above-stick-meta":"","header-main-stick-meta":"","header-below-stick-meta":"","astra-migrate-meta-layouts":"default","ast-page-background-enabled":"default","ast-page-background-meta":{"desktop":{"background-color":"var(--ast-global-color-4)","background-image":"","background-repeat":"repeat","background-position":"center center","background-size":"auto","background-attachment":"scroll","background-type":"","background-media":"","overlay-type":"","overlay-color":"","overlay-gradient":""},"tablet":{"background-color":"","background-image":"","background-repeat":"repeat","background-position":"center center","background-size":"auto","background-attachment":"scroll","background-type":"","background-media":"","overlay-type":"","overlay-color":"","overlay-gradient":""},"mobile":{"background-color":"","background-image":"","background-repeat":"repeat","background-position":"center center","background-size":"auto","background-attachment":"scroll","background-type":"","background-media":"","overlay-type":"","overlay-color":"","overlay-gradient":""}},"ast-content-background-meta":{"desktop":{"background-color":"var(--ast-global-color-5)","background-image":"","background-repeat":"repeat","background-position":"center center","background-size":"auto","background-attachment":"scroll","background-type":"","background-media":"","overlay-type":"","overlay-color":"","overlay-gradient":""},"tablet":{"background-color":"var(--ast-global-color-5)","background-image":"","background-repeat":"repeat","background-position":"center center","background-size":"auto","background-attachment":"scroll","background-type":"","background-media":"","overlay-type":"","overlay-color":"","overlay-gradient":""},"mobile":{"background-color":"var(--ast-global-color-5)","background-image":"","background-repeat":"repeat","background-position":"center center","background-size":"auto","background-attachment":"scroll","background-type":"","background-media":"","overlay-type":"","overlay-color":"","overlay-gradient":""}},"footnotes":""},"folder":[94],"class_list":["post-5820","page","type-page","status-publish","hentry"],"acf":[],"yoast_head":"<!-- This site is optimized with the Yoast SEO Premium plugin v24.7 (Yoast SEO v24.7) - https:\/\/yoast.com\/wordpress\/plugins\/seo\/ -->\n<title>Starting a business in France | Advisors in the process of setting up a business in France | IMPOL<\/title>\n<meta name=\"description\" content=\"There are strict regulations associated with setting up a company in France. Impol will help you navigate all the legal complexities and more! Check it out!\" \/>\n<meta name=\"robots\" content=\"index, follow, max-snippet:-1, max-image-preview:large, max-video-preview:-1\" \/>\n<link rel=\"canonical\" href=\"https:\/\/impolsarl.com\/en\/setting-up-a-company-in-france\/\" \/>\n<meta property=\"og:locale\" content=\"en_US\" \/>\n<meta property=\"og:type\" content=\"article\" \/>\n<meta property=\"og:title\" content=\"Setting up a company in France\" \/>\n<meta property=\"og:description\" content=\"There are strict regulations associated with setting up a company in France. Impol will help you navigate all the legal complexities and more! Check it out!\" \/>\n<meta property=\"og:url\" content=\"https:\/\/impolsarl.com\/en\/setting-up-a-company-in-france\/\" \/>\n<meta property=\"og:site_name\" content=\"Impol - Reprezentant we Francji od ponad dekady! +48 502 50 70 74\" \/>\n<meta property=\"article:publisher\" content=\"https:\/\/www.facebook.com\/przedstawicieltransportuwefrancji\/\" \/>\n<meta property=\"article:modified_time\" content=\"2025-06-02T00:45:31+00:00\" \/>\n<meta name=\"twitter:card\" content=\"summary_large_image\" \/>\n<meta name=\"twitter:label1\" content=\"Est. reading time\" \/>\n\t<meta name=\"twitter:data1\" content=\"4 minutes\" \/>\n<script type=\"application\/ld+json\" class=\"yoast-schema-graph\">{\"@context\":\"https:\/\/schema.org\",\"@graph\":[{\"@type\":\"WebPage\",\"@id\":\"https:\/\/impolsarl.com\/en\/setting-up-a-company-in-france\/\",\"url\":\"https:\/\/impolsarl.com\/en\/setting-up-a-company-in-france\/\",\"name\":\"Starting a business in France | Advisors in the process of setting up a business in France | IMPOL\",\"isPartOf\":{\"@id\":\"https:\/\/impolsarl.com\/#website\"},\"datePublished\":\"2022-02-23T16:45:18+00:00\",\"dateModified\":\"2025-06-02T00:45:31+00:00\",\"description\":\"There are strict regulations associated with setting up a company in France. Impol will help you navigate all the legal complexities and more! Check it out!\",\"breadcrumb\":{\"@id\":\"https:\/\/impolsarl.com\/en\/setting-up-a-company-in-france\/#breadcrumb\"},\"inLanguage\":\"en-US\",\"potentialAction\":[{\"@type\":\"ReadAction\",\"target\":[\"https:\/\/impolsarl.com\/en\/setting-up-a-company-in-france\/\"]}]},{\"@type\":\"BreadcrumbList\",\"@id\":\"https:\/\/impolsarl.com\/en\/setting-up-a-company-in-france\/#breadcrumb\",\"itemListElement\":[{\"@type\":\"ListItem\",\"position\":1,\"name\":\"Strona g\u0142\u00f3wna\",\"item\":\"https:\/\/impolsarl.com\/en\/homepage\/\"},{\"@type\":\"ListItem\",\"position\":2,\"name\":\"Setting up a company in France\"}]},{\"@type\":\"WebSite\",\"@id\":\"https:\/\/impolsarl.com\/#website\",\"url\":\"https:\/\/impolsarl.com\/\",\"name\":\"Impol - Reprezentant we Francji od ponad dekady! +48 502 50 70 74\",\"description\":\"Impol SARL - Przedstawiciel transportu w Europie\",\"publisher\":{\"@id\":\"https:\/\/impolsarl.com\/#organization\"},\"potentialAction\":[{\"@type\":\"SearchAction\",\"target\":{\"@type\":\"EntryPoint\",\"urlTemplate\":\"https:\/\/impolsarl.com\/?s={search_term_string}\"},\"query-input\":{\"@type\":\"PropertyValueSpecification\",\"valueRequired\":true,\"valueName\":\"search_term_string\"}}],\"inLanguage\":\"en-US\"},{\"@type\":\"Organization\",\"@id\":\"https:\/\/impolsarl.com\/#organization\",\"name\":\"Impol - Przedstawiciel Transportu i Pracownikow Delegowanych Do Francji\",\"url\":\"https:\/\/impolsarl.com\/\",\"logo\":{\"@type\":\"ImageObject\",\"inLanguage\":\"en-US\",\"@id\":\"https:\/\/impolsarl.com\/#\/schema\/logo\/image\/\",\"url\":\"https:\/\/impolsarl.com\/wp-content\/uploads\/2018\/08\/logo-1.png\",\"contentUrl\":\"https:\/\/impolsarl.com\/wp-content\/uploads\/2018\/08\/logo-1.png\",\"width\":133,\"height\":126,\"caption\":\"Impol - Przedstawiciel Transportu i Pracownikow Delegowanych Do Francji\"},\"image\":{\"@id\":\"https:\/\/impolsarl.com\/#\/schema\/logo\/image\/\"},\"sameAs\":[\"https:\/\/www.facebook.com\/przedstawicieltransportuwefrancji\/\",\"https:\/\/www.youtube.com\/watch?v=2zjQ9NJBf04\"]}]}<\/script>\n<!-- \/ Yoast SEO Premium plugin. -->","yoast_head_json":{"title":"Starting a business in France | Advisors in the process of setting up a business in France | IMPOL","description":"There are strict regulations associated with setting up a company in France. Impol will help you navigate all the legal complexities and more! Check it out!","robots":{"index":"index","follow":"follow","max-snippet":"max-snippet:-1","max-image-preview":"max-image-preview:large","max-video-preview":"max-video-preview:-1"},"canonical":"https:\/\/impolsarl.com\/en\/setting-up-a-company-in-france\/","og_locale":"en_US","og_type":"article","og_title":"Setting up a company in France","og_description":"There are strict regulations associated with setting up a company in France. Impol will help you navigate all the legal complexities and more! Check it out!","og_url":"https:\/\/impolsarl.com\/en\/setting-up-a-company-in-france\/","og_site_name":"Impol - Reprezentant we Francji od ponad dekady! +48 502 50 70 74","article_publisher":"https:\/\/www.facebook.com\/przedstawicieltransportuwefrancji\/","article_modified_time":"2025-06-02T00:45:31+00:00","twitter_card":"summary_large_image","twitter_misc":{"Est. reading time":"4 minutes"},"schema":{"@context":"https:\/\/schema.org","@graph":[{"@type":"WebPage","@id":"https:\/\/impolsarl.com\/en\/setting-up-a-company-in-france\/","url":"https:\/\/impolsarl.com\/en\/setting-up-a-company-in-france\/","name":"Starting a business in France | Advisors in the process of setting up a business in France | IMPOL","isPartOf":{"@id":"https:\/\/impolsarl.com\/#website"},"datePublished":"2022-02-23T16:45:18+00:00","dateModified":"2025-06-02T00:45:31+00:00","description":"There are strict regulations associated with setting up a company in France. Impol will help you navigate all the legal complexities and more! Check it out!","breadcrumb":{"@id":"https:\/\/impolsarl.com\/en\/setting-up-a-company-in-france\/#breadcrumb"},"inLanguage":"en-US","potentialAction":[{"@type":"ReadAction","target":["https:\/\/impolsarl.com\/en\/setting-up-a-company-in-france\/"]}]},{"@type":"BreadcrumbList","@id":"https:\/\/impolsarl.com\/en\/setting-up-a-company-in-france\/#breadcrumb","itemListElement":[{"@type":"ListItem","position":1,"name":"Strona g\u0142\u00f3wna","item":"https:\/\/impolsarl.com\/en\/homepage\/"},{"@type":"ListItem","position":2,"name":"Setting up a company in France"}]},{"@type":"WebSite","@id":"https:\/\/impolsarl.com\/#website","url":"https:\/\/impolsarl.com\/","name":"Impol - Reprezentant we Francji od ponad dekady! +48 502 50 70 74","description":"Impol SARL - Przedstawiciel transportu w Europie","publisher":{"@id":"https:\/\/impolsarl.com\/#organization"},"potentialAction":[{"@type":"SearchAction","target":{"@type":"EntryPoint","urlTemplate":"https:\/\/impolsarl.com\/?s={search_term_string}"},"query-input":{"@type":"PropertyValueSpecification","valueRequired":true,"valueName":"search_term_string"}}],"inLanguage":"en-US"},{"@type":"Organization","@id":"https:\/\/impolsarl.com\/#organization","name":"Impol - Przedstawiciel Transportu i Pracownikow Delegowanych Do Francji","url":"https:\/\/impolsarl.com\/","logo":{"@type":"ImageObject","inLanguage":"en-US","@id":"https:\/\/impolsarl.com\/#\/schema\/logo\/image\/","url":"https:\/\/impolsarl.com\/wp-content\/uploads\/2018\/08\/logo-1.png","contentUrl":"https:\/\/impolsarl.com\/wp-content\/uploads\/2018\/08\/logo-1.png","width":133,"height":126,"caption":"Impol - Przedstawiciel Transportu i Pracownikow Delegowanych Do Francji"},"image":{"@id":"https:\/\/impolsarl.com\/#\/schema\/logo\/image\/"},"sameAs":["https:\/\/www.facebook.com\/przedstawicieltransportuwefrancji\/","https:\/\/www.youtube.com\/watch?v=2zjQ9NJBf04"]}]}},"_links":{"self":[{"href":"https:\/\/impolsarl.com\/en\/wp-json\/wp\/v2\/pages\/5820","targetHints":{"allow":["GET"]}}],"collection":[{"href":"https:\/\/impolsarl.com\/en\/wp-json\/wp\/v2\/pages"}],"about":[{"href":"https:\/\/impolsarl.com\/en\/wp-json\/wp\/v2\/types\/page"}],"author":[{"embeddable":true,"href":"https:\/\/impolsarl.com\/en\/wp-json\/wp\/v2\/users\/5"}],"replies":[{"embeddable":true,"href":"https:\/\/impolsarl.com\/en\/wp-json\/wp\/v2\/comments?post=5820"}],"version-history":[{"count":1,"href":"https:\/\/impolsarl.com\/en\/wp-json\/wp\/v2\/pages\/5820\/revisions"}],"predecessor-version":[{"id":5821,"href":"https:\/\/impolsarl.com\/en\/wp-json\/wp\/v2\/pages\/5820\/revisions\/5821"}],"wp:attachment":[{"href":"https:\/\/impolsarl.com\/en\/wp-json\/wp\/v2\/media?parent=5820"}],"wp:term":[{"taxonomy":"folder","embeddable":true,"href":"https:\/\/impolsarl.com\/en\/wp-json\/wp\/v2\/folder?post=5820"}],"curies":[{"name":"wp","href":"https:\/\/api.w.org\/{rel}","templated":true}]}}