{"id":5428,"date":"2018-08-29T21:53:33","date_gmt":"2018-08-29T19:53:33","guid":{"rendered":"https:\/\/impolsarl.com\/btp-card\/"},"modified":"2018-08-29T21:53:33","modified_gmt":"2018-08-29T19:53:33","slug":"btp-card","status":"publish","type":"page","link":"https:\/\/impolsarl.com\/en\/btp-card\/","title":{"rendered":"BTP card"},"content":{"rendered":"<p><strong>WHO HAS TO HAVE A BTP CARD<\/strong><\/p>\n<p><strong><br \/>\n<\/strong><strong><\/strong>These are workers who carry out construction, assembly, installation or public works directly or in an organised manner (foremen), even if they do so occasionally, occasionally or auxiliary. People who are never on the building site are exempt from the obligation to have a card. They may also be exempt &#8211; even if they are regularly on the building site:<br \/>\n&#8211; employees in the commercial department and in the company&#8217;s support department (payroll management, risk management, maintenance, security staff, procurement department, inventory department, etc.), even if they are permanently present on the construction site, provided that they do not occasionally, occasionally or auxiliary perform construction work or public works,<br \/>\n&#8211; workers who do not physically work and do not directly supervise work on the construction site,<br \/>\n&#8211; apprentices; their supervisor should be able to produce a document certifying their status in the event of an inspection,<br \/>\n&#8211; employees who clean and tidy the construction site if they perform their activities after the end of the construction project,<br \/>\n&#8211; architects, surveyors, safety officers and delivery van drivers.<\/p>\n<p><strong>PROOF OF PROFESSIONAL IDENTITY<br \/>\n<\/strong><br \/>\nA professional identity card (une carte professionnelle pour lutter contre le travail ill\u00e9gal, Carte BTP) will be a control tool aimed primarily at counteracting illegal employment in construction and assembly work, which mainly concerns posted workers. This is important for our national economy as the majority of construction workers in the French Republic are Poles. The cards will be issued by the Caisse du r\u00e9seau Cong\u00e9s Intemp\u00e9ries (BTP).<\/p>\n<p>The introduction of this instrument is a response to a long-standing demand from the Construction Federation, which is fighting illegal work and wants to limit competition from Romanian, Polish and Portuguese workers, who are on average 25-30% cheaper, even when working legally. Workers are supposed to have it from the moment they start work. This means new formalities and can cause delays, as this document is to be issued to people who are not yet in France. &#8230;&#8230;&#8230;&#8230;&#8230;&#8230;.. &#8220;Violation of the obligation to have the BTP card , the employer faces a fine of 2000 euros and in case of recidivism &#8211; 4000 euros.<br \/>\nFrance is an example of a country introducing more and more restrictions for employers who post workers there. Following the introduction of a compulsory minimum wage, which is rigorously controlled, there are further signs of increasing administrative and fiscal obligations on companies posting workers to the country.&#8221; <\/p>\n","protected":false},"excerpt":{"rendered":"<p>WHO HAS TO HAVE A BTP CARD These are workers who carry out construction, assembly, installation or public works directly or in an organised manner (foremen), even if they do so occasionally, occasionally or auxiliary. People who are never on the building site are exempt from the obligation to have a card. They may also &hellip;<\/p>\n<p class=\"read-more\"> <a class=\"\" href=\"https:\/\/impolsarl.com\/en\/btp-card\/\"> <span class=\"screen-reader-text\">BTP card<\/span> Read More \u00bb<\/a><\/p>\n","protected":false},"author":5,"featured_media":4997,"parent":0,"menu_order":51,"comment_status":"closed","ping_status":"closed","template":"","meta":{"_acf_changed":false,"site-sidebar-layout":"default","site-content-layout":"","ast-site-content-layout":"","site-content-style":"default","site-sidebar-style":"default","ast-global-header-display":"","ast-banner-title-visibility":"","ast-main-header-display":"","ast-hfb-above-header-display":"","ast-hfb-below-header-display":"","ast-hfb-mobile-header-display":"","site-post-title":"","ast-breadcrumbs-content":"","ast-featured-img":"","footer-sml-layout":"","theme-transparent-header-meta":"","adv-header-id-meta":"","stick-header-meta":"","header-above-stick-meta":"","header-main-stick-meta":"","header-below-stick-meta":"","astra-migrate-meta-layouts":"default","ast-page-background-enabled":"default","ast-page-background-meta":{"desktop":{"background-color":"var(--ast-global-color-4)","background-image":"","background-repeat":"repeat","background-position":"center center","background-size":"auto","background-attachment":"scroll","background-type":"","background-media":"","overlay-type":"","overlay-color":"","overlay-gradient":""},"tablet":{"background-color":"","background-image":"","background-repeat":"repeat","background-position":"center center","background-size":"auto","background-attachment":"scroll","background-type":"","background-media":"","overlay-type":"","overlay-color":"","overlay-gradient":""},"mobile":{"background-color":"","background-image":"","background-repeat":"repeat","background-position":"center center","background-size":"auto","background-attachment":"scroll","background-type":"","background-media":"","overlay-type":"","overlay-color":"","overlay-gradient":""}},"ast-content-background-meta":{"desktop":{"background-color":"var(--ast-global-color-5)","background-image":"","background-repeat":"repeat","background-position":"center center","background-size":"auto","background-attachment":"scroll","background-type":"","background-media":"","overlay-type":"","overlay-color":"","overlay-gradient":""},"tablet":{"background-color":"var(--ast-global-color-5)","background-image":"","background-repeat":"repeat","background-position":"center center","background-size":"auto","background-attachment":"scroll","background-type":"","background-media":"","overlay-type":"","overlay-color":"","overlay-gradient":""},"mobile":{"background-color":"var(--ast-global-color-5)","background-image":"","background-repeat":"repeat","background-position":"center center","background-size":"auto","background-attachment":"scroll","background-type":"","background-media":"","overlay-type":"","overlay-color":"","overlay-gradient":""}},"footnotes":""},"folder":[94],"class_list":["post-5428","page","type-page","status-publish","has-post-thumbnail","hentry"],"acf":[],"yoast_head":"<!-- This site is optimized with the Yoast SEO Premium plugin v24.7 (Yoast SEO v24.7) - https:\/\/yoast.com\/wordpress\/plugins\/seo\/ -->\n<title>BTP card - Impol - Reprezentant we Francji od ponad dekady! +48 502 50 70 74<\/title>\n<meta name=\"robots\" content=\"index, follow, max-snippet:-1, max-image-preview:large, max-video-preview:-1\" \/>\n<link rel=\"canonical\" href=\"https:\/\/impolsarl.com\/btp-card\/\" \/>\n<meta property=\"og:locale\" content=\"en_US\" \/>\n<meta property=\"og:type\" content=\"article\" \/>\n<meta property=\"og:title\" content=\"BTP card\" \/>\n<meta property=\"og:description\" content=\"WHO HAS TO HAVE A BTP CARD These are workers who carry out construction, assembly, installation or public works directly or in an organised manner (foremen), even if they do so occasionally, occasionally or auxiliary. People who are never on the building site are exempt from the obligation to have a card. They may also &hellip; BTP card Read More \u00bb\" \/>\n<meta property=\"og:url\" content=\"https:\/\/impolsarl.com\/btp-card\/\" \/>\n<meta property=\"og:site_name\" content=\"Impol - Reprezentant we Francji od ponad dekady! +48 502 50 70 74\" \/>\n<meta property=\"article:publisher\" content=\"https:\/\/www.facebook.com\/przedstawicieltransportuwefrancji\/\" \/>\n<meta name=\"twitter:card\" content=\"summary_large_image\" \/>\n<meta name=\"twitter:label1\" content=\"Est. reading time\" \/>\n\t<meta name=\"twitter:data1\" content=\"2 minutes\" \/>\n<script type=\"application\/ld+json\" class=\"yoast-schema-graph\">{\"@context\":\"https:\/\/schema.org\",\"@graph\":[{\"@type\":\"WebPage\",\"@id\":\"https:\/\/impolsarl.com\/btp-card\/\",\"url\":\"https:\/\/impolsarl.com\/btp-card\/\",\"name\":\"BTP card - Impol - Reprezentant we Francji od ponad dekady! +48 502 50 70 74\",\"isPartOf\":{\"@id\":\"https:\/\/impolsarl.com\/#website\"},\"primaryImageOfPage\":{\"@id\":\"https:\/\/impolsarl.com\/btp-card\/#primaryimage\"},\"image\":{\"@id\":\"https:\/\/impolsarl.com\/btp-card\/#primaryimage\"},\"thumbnailUrl\":\"https:\/\/impolsarl.com\/wp-content\/uploads\/2021\/02\/btp-1.jpg\",\"datePublished\":\"2018-08-29T19:53:33+00:00\",\"breadcrumb\":{\"@id\":\"https:\/\/impolsarl.com\/btp-card\/#breadcrumb\"},\"inLanguage\":\"en-US\",\"potentialAction\":[{\"@type\":\"ReadAction\",\"target\":[\"https:\/\/impolsarl.com\/btp-card\/\"]}]},{\"@type\":\"ImageObject\",\"inLanguage\":\"en-US\",\"@id\":\"https:\/\/impolsarl.com\/btp-card\/#primaryimage\",\"url\":\"https:\/\/impolsarl.com\/wp-content\/uploads\/2021\/02\/btp-1.jpg\",\"contentUrl\":\"https:\/\/impolsarl.com\/wp-content\/uploads\/2021\/02\/btp-1.jpg\",\"width\":230,\"height\":146},{\"@type\":\"BreadcrumbList\",\"@id\":\"https:\/\/impolsarl.com\/btp-card\/#breadcrumb\",\"itemListElement\":[{\"@type\":\"ListItem\",\"position\":1,\"name\":\"Strona g\u0142\u00f3wna\",\"item\":\"https:\/\/impolsarl.com\/en\/homepage\/\"},{\"@type\":\"ListItem\",\"position\":2,\"name\":\"BTP card\"}]},{\"@type\":\"WebSite\",\"@id\":\"https:\/\/impolsarl.com\/#website\",\"url\":\"https:\/\/impolsarl.com\/\",\"name\":\"Impol - Reprezentant we Francji od ponad dekady! +48 502 50 70 74\",\"description\":\"Impol SARL - Przedstawiciel transportu w Europie\",\"publisher\":{\"@id\":\"https:\/\/impolsarl.com\/#organization\"},\"potentialAction\":[{\"@type\":\"SearchAction\",\"target\":{\"@type\":\"EntryPoint\",\"urlTemplate\":\"https:\/\/impolsarl.com\/?s={search_term_string}\"},\"query-input\":{\"@type\":\"PropertyValueSpecification\",\"valueRequired\":true,\"valueName\":\"search_term_string\"}}],\"inLanguage\":\"en-US\"},{\"@type\":\"Organization\",\"@id\":\"https:\/\/impolsarl.com\/#organization\",\"name\":\"Impol - Przedstawiciel Transportu i Pracownikow Delegowanych Do Francji\",\"url\":\"https:\/\/impolsarl.com\/\",\"logo\":{\"@type\":\"ImageObject\",\"inLanguage\":\"en-US\",\"@id\":\"https:\/\/impolsarl.com\/#\/schema\/logo\/image\/\",\"url\":\"https:\/\/impolsarl.com\/wp-content\/uploads\/2018\/08\/logo-1.png\",\"contentUrl\":\"https:\/\/impolsarl.com\/wp-content\/uploads\/2018\/08\/logo-1.png\",\"width\":133,\"height\":126,\"caption\":\"Impol - Przedstawiciel Transportu i Pracownikow Delegowanych Do Francji\"},\"image\":{\"@id\":\"https:\/\/impolsarl.com\/#\/schema\/logo\/image\/\"},\"sameAs\":[\"https:\/\/www.facebook.com\/przedstawicieltransportuwefrancji\/\",\"https:\/\/www.youtube.com\/watch?v=2zjQ9NJBf04\"]}]}<\/script>\n<!-- \/ Yoast SEO Premium plugin. -->","yoast_head_json":{"title":"BTP card - Impol - Reprezentant we Francji od ponad dekady! +48 502 50 70 74","robots":{"index":"index","follow":"follow","max-snippet":"max-snippet:-1","max-image-preview":"max-image-preview:large","max-video-preview":"max-video-preview:-1"},"canonical":"https:\/\/impolsarl.com\/btp-card\/","og_locale":"en_US","og_type":"article","og_title":"BTP card","og_description":"WHO HAS TO HAVE A BTP CARD These are workers who carry out construction, assembly, installation or public works directly or in an organised manner (foremen), even if they do so occasionally, occasionally or auxiliary. People who are never on the building site are exempt from the obligation to have a card. They may also &hellip; BTP card Read More \u00bb","og_url":"https:\/\/impolsarl.com\/btp-card\/","og_site_name":"Impol - Reprezentant we Francji od ponad dekady! +48 502 50 70 74","article_publisher":"https:\/\/www.facebook.com\/przedstawicieltransportuwefrancji\/","twitter_card":"summary_large_image","twitter_misc":{"Est. reading time":"2 minutes"},"schema":{"@context":"https:\/\/schema.org","@graph":[{"@type":"WebPage","@id":"https:\/\/impolsarl.com\/btp-card\/","url":"https:\/\/impolsarl.com\/btp-card\/","name":"BTP card - Impol - Reprezentant we Francji od ponad dekady! +48 502 50 70 74","isPartOf":{"@id":"https:\/\/impolsarl.com\/#website"},"primaryImageOfPage":{"@id":"https:\/\/impolsarl.com\/btp-card\/#primaryimage"},"image":{"@id":"https:\/\/impolsarl.com\/btp-card\/#primaryimage"},"thumbnailUrl":"https:\/\/impolsarl.com\/wp-content\/uploads\/2021\/02\/btp-1.jpg","datePublished":"2018-08-29T19:53:33+00:00","breadcrumb":{"@id":"https:\/\/impolsarl.com\/btp-card\/#breadcrumb"},"inLanguage":"en-US","potentialAction":[{"@type":"ReadAction","target":["https:\/\/impolsarl.com\/btp-card\/"]}]},{"@type":"ImageObject","inLanguage":"en-US","@id":"https:\/\/impolsarl.com\/btp-card\/#primaryimage","url":"https:\/\/impolsarl.com\/wp-content\/uploads\/2021\/02\/btp-1.jpg","contentUrl":"https:\/\/impolsarl.com\/wp-content\/uploads\/2021\/02\/btp-1.jpg","width":230,"height":146},{"@type":"BreadcrumbList","@id":"https:\/\/impolsarl.com\/btp-card\/#breadcrumb","itemListElement":[{"@type":"ListItem","position":1,"name":"Strona g\u0142\u00f3wna","item":"https:\/\/impolsarl.com\/en\/homepage\/"},{"@type":"ListItem","position":2,"name":"BTP card"}]},{"@type":"WebSite","@id":"https:\/\/impolsarl.com\/#website","url":"https:\/\/impolsarl.com\/","name":"Impol - Reprezentant we Francji od ponad dekady! +48 502 50 70 74","description":"Impol SARL - Przedstawiciel transportu w Europie","publisher":{"@id":"https:\/\/impolsarl.com\/#organization"},"potentialAction":[{"@type":"SearchAction","target":{"@type":"EntryPoint","urlTemplate":"https:\/\/impolsarl.com\/?s={search_term_string}"},"query-input":{"@type":"PropertyValueSpecification","valueRequired":true,"valueName":"search_term_string"}}],"inLanguage":"en-US"},{"@type":"Organization","@id":"https:\/\/impolsarl.com\/#organization","name":"Impol - Przedstawiciel Transportu i Pracownikow Delegowanych Do Francji","url":"https:\/\/impolsarl.com\/","logo":{"@type":"ImageObject","inLanguage":"en-US","@id":"https:\/\/impolsarl.com\/#\/schema\/logo\/image\/","url":"https:\/\/impolsarl.com\/wp-content\/uploads\/2018\/08\/logo-1.png","contentUrl":"https:\/\/impolsarl.com\/wp-content\/uploads\/2018\/08\/logo-1.png","width":133,"height":126,"caption":"Impol - Przedstawiciel Transportu i Pracownikow Delegowanych Do Francji"},"image":{"@id":"https:\/\/impolsarl.com\/#\/schema\/logo\/image\/"},"sameAs":["https:\/\/www.facebook.com\/przedstawicieltransportuwefrancji\/","https:\/\/www.youtube.com\/watch?v=2zjQ9NJBf04"]}]}},"_links":{"self":[{"href":"https:\/\/impolsarl.com\/en\/wp-json\/wp\/v2\/pages\/5428","targetHints":{"allow":["GET"]}}],"collection":[{"href":"https:\/\/impolsarl.com\/en\/wp-json\/wp\/v2\/pages"}],"about":[{"href":"https:\/\/impolsarl.com\/en\/wp-json\/wp\/v2\/types\/page"}],"author":[{"embeddable":true,"href":"https:\/\/impolsarl.com\/en\/wp-json\/wp\/v2\/users\/5"}],"replies":[{"embeddable":true,"href":"https:\/\/impolsarl.com\/en\/wp-json\/wp\/v2\/comments?post=5428"}],"version-history":[{"count":0,"href":"https:\/\/impolsarl.com\/en\/wp-json\/wp\/v2\/pages\/5428\/revisions"}],"wp:featuredmedia":[{"embeddable":true,"href":"https:\/\/impolsarl.com\/en\/wp-json\/wp\/v2\/media\/4997"}],"wp:attachment":[{"href":"https:\/\/impolsarl.com\/en\/wp-json\/wp\/v2\/media?parent=5428"}],"wp:term":[{"taxonomy":"folder","embeddable":true,"href":"https:\/\/impolsarl.com\/en\/wp-json\/wp\/v2\/folder?post=5428"}],"curies":[{"name":"wp","href":"https:\/\/api.w.org\/{rel}","templated":true}]}}