{"id":5939,"date":"2024-10-25T12:08:37","date_gmt":"2024-10-25T10:08:37","guid":{"rendered":"https:\/\/impolsarl.com\/mehrwertsteuererstattungen-aus-deutschland\/"},"modified":"2025-06-02T14:43:23","modified_gmt":"2025-06-02T12:43:23","slug":"mehrwertsteuererstattungen-aus-deutschland","status":"publish","type":"page","link":"https:\/\/impolsarl.com\/de\/mehrwertsteuererstattungen-aus-deutschland\/","title":{"rendered":"Mehrwertsteuererstattungen aus Deutschland"},"content":{"rendered":"\n<p>Ein Teil unserer T\u00e4tigkeit besteht darin, Unternehmen bei der Beantragung von Mehrwertsteuererstattungen in Deutschland zu unterst\u00fctzen. Wir arbeiten mit Unternehmen aus verschiedenen Sektoren zusammen, zum Beispiel dem Transportwesen. Wir befassen uns seit vielen Jahren mit der R\u00fcckerstattung der Mehrwertsteuer f\u00fcr Eink\u00e4ufe in Deutschland. Mit so viel Erfahrung sind wir in der Lage, jede Herausforderung zu meistern. Unser Ziel ist es, die Angelegenheit schnell zu erledigen und den Kunden zufrieden zu stellen. In Deutschland gibt es zwei Mehrwertsteuers\u00e4tze. Der erste betr\u00e4gt 19 %. Dies ist der Basissatz, der unter anderem auf die Kosten f\u00fcr den Kauf von Kraftstoff Anwendung findet. Daneben gibt es einen erm\u00e4\u00dfigten Satz von 7 %, der zum Beispiel f\u00fcr \u00dcbernachtungskosten gilt.         <\/p>\n\n<h2 class=\"wp-block-heading\" id=\"h-kto-moze-starac-sie-o-zwrot-podatku-vat-w-niemczech\">Wer kann in Deutschland eine Mehrwertsteuererstattung beantragen?<\/h2>\n\n<p>Die Einzelheiten der Mehrwertsteuererstattungsregeln sind in der Richtlinie 2008\/9\/EG des Rates vom 12. Februar 2008 beschrieben. Gem\u00e4\u00df dieser Richtlinie k\u00f6nnen Unternehmen, die in Polen steuerpflichtig sind und ordnungsgem\u00e4\u00df ausgestellte Rechnungen haben, eine Mehrwertsteuererstattung aus Deutschland beantragen. Es ist jedoch zu beachten, dass Unternehmen, die st\u00e4ndig in Deutschland t\u00e4tig sind (dies gilt nicht f\u00fcr Unternehmen, die im Bereich des Transports und der damit verbundenen Dienstleistungen t\u00e4tig sind) oder einen eingetragenen Sitz oder eine Niederlassung in Deutschland haben, keine Mehrwertsteuererstattung beantragen k\u00f6nnen.  <\/p>\n\n<h2 class=\"wp-block-heading\" id=\"h-wysokosc-zwrotu-podatku-vat-z-niemiec\">Betrag der Mehrwertsteuererstattung aus Deutschland<\/h2>\n\n<p>Der niedrigste Betrag, der f\u00fcr eine Steuererstattung f\u00fcr Eink\u00e4ufe in Deutschland erforderlich ist, betr\u00e4gt 400 \u20ac. Es ist jedoch zu beachten, dass dies f\u00fcr Antr\u00e4ge gilt, die weniger als ein Kalenderjahr betreffen. Bei Antr\u00e4gen f\u00fcr ein ganzes Jahr oder f\u00fcr den Zeitraum von November bis Dezember betr\u00e4gt der Mindestbetrag 50 EUR.  <\/p>\n\n<h2 class=\"wp-block-heading\" id=\"h-odzyskanie-vat-z-niemiec-za-co\">R\u00fcckforderung der Mehrwertsteuer von Deutschland &#8211; wof\u00fcr?<\/h2>\n\n<p>R\u00fcckerstattung der Mehrwertsteuer aus Deutschland &#8211; wof\u00fcr? In Deutschland ist es m\u00f6glich, eine R\u00fcckerstattung der Vorsteuer auf den Kauf von Waren oder Dienstleistungen zu beantragen, die von Unternehmen im Land erworben wurden. Dementsprechend kann die Mehrwertsteuer auf Kraftstoff, \u00d6l, Mautgeb\u00fchren, Hotels, Parkpl\u00e4tze oder die Anmietung von Verkehrsmitteln geltend gemacht werden. <\/p>\n\n<h2 class=\"wp-block-heading\" id=\"h-zwrot-vat-w-niemczech-dokumenty\">Mehrwertsteuererstattung in Deutschland &#8211; Dokumente<\/h2>\n\n<p>Neben dem Antrag auf R\u00fcckerstattung der Mehrwertsteuer aus Deutschland m\u00fcssen weitere Unterlagen eingereicht werden. Dazu geh\u00f6ren auch Quittungen. Es ist jedoch wichtig zu beachten, dass diese nur akzeptiert werden, wenn sie einen Bruttowert von 250 \u20ac nicht \u00fcberschreiten und au\u00dferdem den Stempel des Unternehmens tragen, das die Waren oder Dienstleistungen erworben hat. Liegt der Wert der Transaktion dar\u00fcber, muss eine Rechnung vorgelegt werden. Eine weitere M\u00f6glichkeit ist der Stempel der Tankstelle mit dem Vermerk eines Mitarbeiters, der Datum und Unterschrift angibt.    <\/p>\n\n<h2 class=\"wp-block-heading\" id=\"h-skladanie-wniosku-o-zwrot-vat-niemcy\">Einreichung eines Antrags auf MwSt-Erstattung &#8211; Deutschland<\/h2>\n\n<p>Viele Unternehmer fragen sich, wie sie die in Deutschland gezahlte Mehrwertsteuer zur\u00fcckerhalten k\u00f6nnen. Der Antrag muss zusammen mit anderen Unterlagen bei dem f\u00fcr das Unternehmen zust\u00e4ndigen Finanzamt eingereicht werden. Die Mitarbeiter des Amtes pr\u00fcfen ihn und leiten ihn dann an das Land der Erstattung weiter. Dort werden die Unterlagen erneut gepr\u00fcft, und es wird \u00fcber die Annahme oder Ablehnung des Antrags entschieden.   <br\/><br\/>Der Antrag auf R\u00fcckerstattung der Mehrwertsteuer von Deutschland wird viertelj\u00e4hrlich, j\u00e4hrlich oder f\u00fcr den Zeitraum November &#8211; Dezember eingereicht. Es besteht auch die M\u00f6glichkeit, Unterlagen f\u00fcr das Vorjahr einzureichen. In diesem Fall m\u00fcssen die Unterlagen bis zum 30. September eingereicht werden.  <\/p>\n","protected":false},"excerpt":{"rendered":"<p>Ein Teil unserer T\u00e4tigkeit besteht darin, Unternehmen bei der Beantragung von Mehrwertsteuererstattungen in Deutschland zu unterst\u00fctzen. Wir arbeiten mit Unternehmen aus verschiedenen Sektoren zusammen, zum Beispiel dem Transportwesen. Wir befassen uns seit vielen Jahren mit der R\u00fcckerstattung der Mehrwertsteuer f\u00fcr Eink\u00e4ufe in Deutschland. Mit so viel Erfahrung sind wir in der Lage, jede Herausforderung zu &hellip;<\/p>\n<p class=\"read-more\"> <a class=\"\" href=\"https:\/\/impolsarl.com\/de\/mehrwertsteuererstattungen-aus-deutschland\/\"> <span class=\"screen-reader-text\">Mehrwertsteuererstattungen aus Deutschland<\/span> Read More \u00bb<\/a><\/p>\n","protected":false},"author":5,"featured_media":0,"parent":0,"menu_order":17,"comment_status":"closed","ping_status":"closed","template":"","meta":{"_acf_changed":false,"site-sidebar-layout":"default","site-content-layout":"","ast-site-content-layout":"","site-content-style":"default","site-sidebar-style":"default","ast-global-header-display":"","ast-banner-title-visibility":"","ast-main-header-display":"","ast-hfb-above-header-display":"","ast-hfb-below-header-display":"","ast-hfb-mobile-header-display":"","site-post-title":"","ast-breadcrumbs-content":"","ast-featured-img":"","footer-sml-layout":"","theme-transparent-header-meta":"","adv-header-id-meta":"","stick-header-meta":"","header-above-stick-meta":"","header-main-stick-meta":"","header-below-stick-meta":"","astra-migrate-meta-layouts":"default","ast-page-background-enabled":"default","ast-page-background-meta":{"desktop":{"background-color":"var(--ast-global-color-4)","background-image":"","background-repeat":"repeat","background-position":"center center","background-size":"auto","background-attachment":"scroll","background-type":"","background-media":"","overlay-type":"","overlay-color":"","overlay-gradient":""},"tablet":{"background-color":"","background-image":"","background-repeat":"repeat","background-position":"center center","background-size":"auto","background-attachment":"scroll","background-type":"","background-media":"","overlay-type":"","overlay-color":"","overlay-gradient":""},"mobile":{"background-color":"","background-image":"","background-repeat":"repeat","background-position":"center center","background-size":"auto","background-attachment":"scroll","background-type":"","background-media":"","overlay-type":"","overlay-color":"","overlay-gradient":""}},"ast-content-background-meta":{"desktop":{"background-color":"var(--ast-global-color-5)","background-image":"","background-repeat":"repeat","background-position":"center center","background-size":"auto","background-attachment":"scroll","background-type":"","background-media":"","overlay-type":"","overlay-color":"","overlay-gradient":""},"tablet":{"background-color":"var(--ast-global-color-5)","background-image":"","background-repeat":"repeat","background-position":"center center","background-size":"auto","background-attachment":"scroll","background-type":"","background-media":"","overlay-type":"","overlay-color":"","overlay-gradient":""},"mobile":{"background-color":"var(--ast-global-color-5)","background-image":"","background-repeat":"repeat","background-position":"center center","background-size":"auto","background-attachment":"scroll","background-type":"","background-media":"","overlay-type":"","overlay-color":"","overlay-gradient":""}},"footnotes":""},"folder":[94],"class_list":["post-5939","page","type-page","status-publish","hentry"],"acf":[],"yoast_head":"<!-- This site is optimized with the Yoast SEO Premium plugin v24.7 (Yoast SEO v24.7) - https:\/\/yoast.com\/wordpress\/plugins\/seo\/ -->\n<title>Mehrwertsteuererstattungen aus Deutschland | Wie kann man sie zur\u00fcckfordern? | IMPOL<\/title>\n<meta name=\"description\" content=\"Brauchen Sie Hilfe bei der R\u00fcckerstattung der Mehrwertsteuer aus Deutschland? Unsere Mitarbeiter unterst\u00fctzen Sie kompetent. Wir freuen uns auf die Zusammenarbeit mit Ihnen!\" \/>\n<meta name=\"robots\" content=\"index, follow, max-snippet:-1, max-image-preview:large, max-video-preview:-1\" \/>\n<link rel=\"canonical\" href=\"https:\/\/impolsarl.com\/de\/mehrwertsteuererstattungen-aus-deutschland\/\" \/>\n<meta property=\"og:locale\" content=\"de_DE\" \/>\n<meta property=\"og:type\" content=\"article\" \/>\n<meta property=\"og:title\" content=\"Mehrwertsteuererstattungen aus Deutschland\" \/>\n<meta property=\"og:description\" content=\"Brauchen Sie Hilfe bei der R\u00fcckerstattung der Mehrwertsteuer aus Deutschland? Unsere Mitarbeiter unterst\u00fctzen Sie kompetent. Wir freuen uns auf die Zusammenarbeit mit Ihnen!\" \/>\n<meta property=\"og:url\" content=\"https:\/\/impolsarl.com\/de\/mehrwertsteuererstattungen-aus-deutschland\/\" \/>\n<meta property=\"og:site_name\" content=\"Impol - Reprezentant we Francji od ponad dekady! +48 502 50 70 74\" \/>\n<meta property=\"article:publisher\" content=\"https:\/\/www.facebook.com\/przedstawicieltransportuwefrancji\/\" \/>\n<meta property=\"article:modified_time\" content=\"2025-06-02T12:43:23+00:00\" \/>\n<meta name=\"twitter:card\" content=\"summary_large_image\" \/>\n<meta name=\"twitter:label1\" content=\"Gesch\u00e4tzte Lesezeit\" \/>\n\t<meta name=\"twitter:data1\" content=\"3\u00a0Minuten\" \/>\n<script type=\"application\/ld+json\" class=\"yoast-schema-graph\">{\"@context\":\"https:\/\/schema.org\",\"@graph\":[{\"@type\":\"WebPage\",\"@id\":\"https:\/\/impolsarl.com\/de\/mehrwertsteuererstattungen-aus-deutschland\/\",\"url\":\"https:\/\/impolsarl.com\/de\/mehrwertsteuererstattungen-aus-deutschland\/\",\"name\":\"Mehrwertsteuererstattungen aus Deutschland | Wie kann man sie zur\u00fcckfordern? | IMPOL\",\"isPartOf\":{\"@id\":\"https:\/\/impolsarl.com\/#website\"},\"datePublished\":\"2024-10-25T10:08:37+00:00\",\"dateModified\":\"2025-06-02T12:43:23+00:00\",\"description\":\"Brauchen Sie Hilfe bei der R\u00fcckerstattung der Mehrwertsteuer aus Deutschland? Unsere Mitarbeiter unterst\u00fctzen Sie kompetent. Wir freuen uns auf die Zusammenarbeit mit Ihnen!\",\"breadcrumb\":{\"@id\":\"https:\/\/impolsarl.com\/de\/mehrwertsteuererstattungen-aus-deutschland\/#breadcrumb\"},\"inLanguage\":\"de\",\"potentialAction\":[{\"@type\":\"ReadAction\",\"target\":[\"https:\/\/impolsarl.com\/de\/mehrwertsteuererstattungen-aus-deutschland\/\"]}]},{\"@type\":\"BreadcrumbList\",\"@id\":\"https:\/\/impolsarl.com\/de\/mehrwertsteuererstattungen-aus-deutschland\/#breadcrumb\",\"itemListElement\":[{\"@type\":\"ListItem\",\"position\":1,\"name\":\"Strona g\u0142\u00f3wna\",\"item\":\"https:\/\/impolsarl.com\/de\/homepage\/\"},{\"@type\":\"ListItem\",\"position\":2,\"name\":\"Mehrwertsteuererstattungen aus Deutschland\"}]},{\"@type\":\"WebSite\",\"@id\":\"https:\/\/impolsarl.com\/#website\",\"url\":\"https:\/\/impolsarl.com\/\",\"name\":\"Impol - Reprezentant we Francji od ponad dekady! +48 502 50 70 74\",\"description\":\"Impol SARL - Przedstawiciel transportu w Europie\",\"publisher\":{\"@id\":\"https:\/\/impolsarl.com\/#organization\"},\"potentialAction\":[{\"@type\":\"SearchAction\",\"target\":{\"@type\":\"EntryPoint\",\"urlTemplate\":\"https:\/\/impolsarl.com\/?s={search_term_string}\"},\"query-input\":{\"@type\":\"PropertyValueSpecification\",\"valueRequired\":true,\"valueName\":\"search_term_string\"}}],\"inLanguage\":\"de\"},{\"@type\":\"Organization\",\"@id\":\"https:\/\/impolsarl.com\/#organization\",\"name\":\"Impol - Przedstawiciel Transportu i Pracownikow Delegowanych Do Francji\",\"url\":\"https:\/\/impolsarl.com\/\",\"logo\":{\"@type\":\"ImageObject\",\"inLanguage\":\"de\",\"@id\":\"https:\/\/impolsarl.com\/#\/schema\/logo\/image\/\",\"url\":\"https:\/\/impolsarl.com\/wp-content\/uploads\/2018\/08\/logo-1.png\",\"contentUrl\":\"https:\/\/impolsarl.com\/wp-content\/uploads\/2018\/08\/logo-1.png\",\"width\":133,\"height\":126,\"caption\":\"Impol - Przedstawiciel Transportu i Pracownikow Delegowanych Do Francji\"},\"image\":{\"@id\":\"https:\/\/impolsarl.com\/#\/schema\/logo\/image\/\"},\"sameAs\":[\"https:\/\/www.facebook.com\/przedstawicieltransportuwefrancji\/\",\"https:\/\/www.youtube.com\/watch?v=2zjQ9NJBf04\"]}]}<\/script>\n<!-- \/ Yoast SEO Premium plugin. -->","yoast_head_json":{"title":"Mehrwertsteuererstattungen aus Deutschland | Wie kann man sie zur\u00fcckfordern? | IMPOL","description":"Brauchen Sie Hilfe bei der R\u00fcckerstattung der Mehrwertsteuer aus Deutschland? Unsere Mitarbeiter unterst\u00fctzen Sie kompetent. Wir freuen uns auf die Zusammenarbeit mit Ihnen!","robots":{"index":"index","follow":"follow","max-snippet":"max-snippet:-1","max-image-preview":"max-image-preview:large","max-video-preview":"max-video-preview:-1"},"canonical":"https:\/\/impolsarl.com\/de\/mehrwertsteuererstattungen-aus-deutschland\/","og_locale":"de_DE","og_type":"article","og_title":"Mehrwertsteuererstattungen aus Deutschland","og_description":"Brauchen Sie Hilfe bei der R\u00fcckerstattung der Mehrwertsteuer aus Deutschland? Unsere Mitarbeiter unterst\u00fctzen Sie kompetent. Wir freuen uns auf die Zusammenarbeit mit Ihnen!","og_url":"https:\/\/impolsarl.com\/de\/mehrwertsteuererstattungen-aus-deutschland\/","og_site_name":"Impol - Reprezentant we Francji od ponad dekady! +48 502 50 70 74","article_publisher":"https:\/\/www.facebook.com\/przedstawicieltransportuwefrancji\/","article_modified_time":"2025-06-02T12:43:23+00:00","twitter_card":"summary_large_image","twitter_misc":{"Gesch\u00e4tzte Lesezeit":"3\u00a0Minuten"},"schema":{"@context":"https:\/\/schema.org","@graph":[{"@type":"WebPage","@id":"https:\/\/impolsarl.com\/de\/mehrwertsteuererstattungen-aus-deutschland\/","url":"https:\/\/impolsarl.com\/de\/mehrwertsteuererstattungen-aus-deutschland\/","name":"Mehrwertsteuererstattungen aus Deutschland | Wie kann man sie zur\u00fcckfordern? | IMPOL","isPartOf":{"@id":"https:\/\/impolsarl.com\/#website"},"datePublished":"2024-10-25T10:08:37+00:00","dateModified":"2025-06-02T12:43:23+00:00","description":"Brauchen Sie Hilfe bei der R\u00fcckerstattung der Mehrwertsteuer aus Deutschland? Unsere Mitarbeiter unterst\u00fctzen Sie kompetent. Wir freuen uns auf die Zusammenarbeit mit Ihnen!","breadcrumb":{"@id":"https:\/\/impolsarl.com\/de\/mehrwertsteuererstattungen-aus-deutschland\/#breadcrumb"},"inLanguage":"de","potentialAction":[{"@type":"ReadAction","target":["https:\/\/impolsarl.com\/de\/mehrwertsteuererstattungen-aus-deutschland\/"]}]},{"@type":"BreadcrumbList","@id":"https:\/\/impolsarl.com\/de\/mehrwertsteuererstattungen-aus-deutschland\/#breadcrumb","itemListElement":[{"@type":"ListItem","position":1,"name":"Strona g\u0142\u00f3wna","item":"https:\/\/impolsarl.com\/de\/homepage\/"},{"@type":"ListItem","position":2,"name":"Mehrwertsteuererstattungen aus Deutschland"}]},{"@type":"WebSite","@id":"https:\/\/impolsarl.com\/#website","url":"https:\/\/impolsarl.com\/","name":"Impol - Reprezentant we Francji od ponad dekady! +48 502 50 70 74","description":"Impol SARL - Przedstawiciel transportu w Europie","publisher":{"@id":"https:\/\/impolsarl.com\/#organization"},"potentialAction":[{"@type":"SearchAction","target":{"@type":"EntryPoint","urlTemplate":"https:\/\/impolsarl.com\/?s={search_term_string}"},"query-input":{"@type":"PropertyValueSpecification","valueRequired":true,"valueName":"search_term_string"}}],"inLanguage":"de"},{"@type":"Organization","@id":"https:\/\/impolsarl.com\/#organization","name":"Impol - Przedstawiciel Transportu i Pracownikow Delegowanych Do Francji","url":"https:\/\/impolsarl.com\/","logo":{"@type":"ImageObject","inLanguage":"de","@id":"https:\/\/impolsarl.com\/#\/schema\/logo\/image\/","url":"https:\/\/impolsarl.com\/wp-content\/uploads\/2018\/08\/logo-1.png","contentUrl":"https:\/\/impolsarl.com\/wp-content\/uploads\/2018\/08\/logo-1.png","width":133,"height":126,"caption":"Impol - Przedstawiciel Transportu i Pracownikow Delegowanych Do Francji"},"image":{"@id":"https:\/\/impolsarl.com\/#\/schema\/logo\/image\/"},"sameAs":["https:\/\/www.facebook.com\/przedstawicieltransportuwefrancji\/","https:\/\/www.youtube.com\/watch?v=2zjQ9NJBf04"]}]}},"_links":{"self":[{"href":"https:\/\/impolsarl.com\/de\/wp-json\/wp\/v2\/pages\/5939","targetHints":{"allow":["GET"]}}],"collection":[{"href":"https:\/\/impolsarl.com\/de\/wp-json\/wp\/v2\/pages"}],"about":[{"href":"https:\/\/impolsarl.com\/de\/wp-json\/wp\/v2\/types\/page"}],"author":[{"embeddable":true,"href":"https:\/\/impolsarl.com\/de\/wp-json\/wp\/v2\/users\/5"}],"replies":[{"embeddable":true,"href":"https:\/\/impolsarl.com\/de\/wp-json\/wp\/v2\/comments?post=5939"}],"version-history":[{"count":1,"href":"https:\/\/impolsarl.com\/de\/wp-json\/wp\/v2\/pages\/5939\/revisions"}],"predecessor-version":[{"id":5940,"href":"https:\/\/impolsarl.com\/de\/wp-json\/wp\/v2\/pages\/5939\/revisions\/5940"}],"wp:attachment":[{"href":"https:\/\/impolsarl.com\/de\/wp-json\/wp\/v2\/media?parent=5939"}],"wp:term":[{"taxonomy":"folder","embeddable":true,"href":"https:\/\/impolsarl.com\/de\/wp-json\/wp\/v2\/folder?post=5939"}],"curies":[{"name":"wp","href":"https:\/\/api.w.org\/{rel}","templated":true}]}}