{"id":5925,"date":"2025-01-14T08:55:13","date_gmt":"2025-01-14T07:55:13","guid":{"rendered":"https:\/\/impolsarl.com\/uebersetzung\/uebersetzung-von-bescheinigungen\/"},"modified":"2025-06-02T14:37:53","modified_gmt":"2025-06-02T12:37:53","slug":"uebersetzung-von-bescheinigungen","status":"publish","type":"page","link":"https:\/\/impolsarl.com\/de\/uebersetzung\/uebersetzung-von-bescheinigungen\/","title":{"rendered":"\u00dcbersetzung von Bescheinigungen"},"content":{"rendered":"<p><span style=\"font-weight: 400;\">Dokumente sind ein \u00e4u\u00dferst wichtiger Informationstr\u00e4ger. Daher m\u00fcssen Dokumente, die international im Umlauf sind, mit gr\u00f6\u00dfter Sorgfalt \u00fcbersetzt werden. Impol bietet professionelle \u00dcbersetzungen von Dokumenten &#8211; sowohl von gew\u00f6hnlichen als auch von beglaubigten &#8211; an, die auf die Bed\u00fcrfnisse der einzelnen Kunden und Unternehmen zugeschnitten sind. Die von unserem Spezialistenteam angefertigten \u00dcbersetzungen entsprechen hohen Qualit\u00e4tsstandards und garantieren Genauigkeit und Originaltreue.  <\/span><\/p>\n<p><span style=\"font-weight: 400;\">Unabh\u00e4ngig vom Inhalt sind Pr\u00e4zision und P\u00fcnktlichkeit die Eckpfeiler unserer Dienstleistungen. Dank unserer langj\u00e4hrigen Erfahrung und der Kenntnis der sprachlichen und kulturellen Besonderheiten Frankreichs kann der \u00dcbersetzer von Impol komplette Dokumente \u00fcbersetzen, die den Anforderungen von Beh\u00f6rden und Institutionen in Polen und im Ausland entsprechen. Wir bieten beglaubigte und gew\u00f6hnliche \u00dcbersetzungen franz\u00f6sischer Dokumente, sowie gew\u00f6hnliche \u00dcbersetzungen in Italienisch, Deutsch, Spanisch und Englisch.  <\/span><\/p>\n\n<div class=\"seo\"><h2 class=\"wp-block-heading\"><strong>\u00dcbersetzung von amtlichen Dokumenten\n<\/strong><\/h2><\/div>\n\n<p>Wir liefern \u00dcbersetzungen von amtlichen Dokumenten, die den vorgeschriebenen formalen Richtlinien entsprechen, damit die Unterlagen bei den zust\u00e4ndigen Beh\u00f6rden und Institutionen eingereicht werden k\u00f6nnen. Die \u00dcbersetzung franz\u00f6sischer Dokumente wird bei Impol von akkreditierten \u00dcbersetzern angefertigt, so dass jede \u00dcbersetzung gem\u00e4\u00df den geltenden Vorschriften beglaubigt werden kann. <\/p>\n\n<div class=\"seo\"><h2 class=\"wp-block-heading\"><strong>\u00dcbersetzung von Bescheinigungen\n<\/strong><\/h2><\/div>\n\n<p>Spezielle Zeugnisse wie Sprach-, Berufs- oder Gesundheitszeugnisse m\u00fcssen oft f\u00fcr Verwaltungs-, Bildungs- oder Gesch\u00e4ftszwecke \u00fcbersetzt werden. Unser Angebot an Zeugnis\u00fcbersetzungen umfasst sowohl gew\u00f6hnliche als auch beglaubigte \u00dcbersetzungen Polnisch-Franz\u00f6sisch und Franz\u00f6sisch-Polnisch. Wir k\u00f6nnen Ihnen versichern, dass jedes dieser Zeugnisse mit gr\u00f6\u00dfter Sorgfalt \u00fcbersetzt wird, so dass es von den entsprechenden Institutionen voll akzeptiert wird.  <\/p>\n\n<p>Wir laden Sie ein, unsere \u00dcbersetzungsdienste in Anspruch zu nehmen! Die Zusammenarbeit mit uns garantiert hohe Professionalit\u00e4t, Pr\u00e4zision und die Einhaltung internationaler Standards. <\/p>\n","protected":false},"excerpt":{"rendered":"<p>Dokumente sind ein \u00e4u\u00dferst wichtiger Informationstr\u00e4ger. Daher m\u00fcssen Dokumente, die international im Umlauf sind, mit gr\u00f6\u00dfter Sorgfalt \u00fcbersetzt werden. Impol bietet professionelle \u00dcbersetzungen von Dokumenten &#8211; sowohl von gew\u00f6hnlichen als auch von beglaubigten &#8211; an, die auf die Bed\u00fcrfnisse der einzelnen Kunden und Unternehmen zugeschnitten sind. Die von unserem Spezialistenteam angefertigten \u00dcbersetzungen entsprechen hohen Qualit\u00e4tsstandards &hellip;<\/p>\n<p class=\"read-more\"> <a class=\"\" href=\"https:\/\/impolsarl.com\/de\/uebersetzung\/uebersetzung-von-bescheinigungen\/\"> <span class=\"screen-reader-text\">\u00dcbersetzung von Bescheinigungen<\/span> Read More \u00bb<\/a><\/p>\n","protected":false},"author":5,"featured_media":0,"parent":5424,"menu_order":21,"comment_status":"closed","ping_status":"closed","template":"","meta":{"_acf_changed":false,"site-sidebar-layout":"default","site-content-layout":"","ast-site-content-layout":"","site-content-style":"default","site-sidebar-style":"default","ast-global-header-display":"","ast-banner-title-visibility":"","ast-main-header-display":"","ast-hfb-above-header-display":"","ast-hfb-below-header-display":"","ast-hfb-mobile-header-display":"","site-post-title":"","ast-breadcrumbs-content":"","ast-featured-img":"","footer-sml-layout":"","theme-transparent-header-meta":"","adv-header-id-meta":"","stick-header-meta":"","header-above-stick-meta":"","header-main-stick-meta":"","header-below-stick-meta":"","astra-migrate-meta-layouts":"default","ast-page-background-enabled":"default","ast-page-background-meta":{"desktop":{"background-color":"var(--ast-global-color-4)","background-image":"","background-repeat":"repeat","background-position":"center center","background-size":"auto","background-attachment":"scroll","background-type":"","background-media":"","overlay-type":"","overlay-color":"","overlay-gradient":""},"tablet":{"background-color":"","background-image":"","background-repeat":"repeat","background-position":"center center","background-size":"auto","background-attachment":"scroll","background-type":"","background-media":"","overlay-type":"","overlay-color":"","overlay-gradient":""},"mobile":{"background-color":"","background-image":"","background-repeat":"repeat","background-position":"center center","background-size":"auto","background-attachment":"scroll","background-type":"","background-media":"","overlay-type":"","overlay-color":"","overlay-gradient":""}},"ast-content-background-meta":{"desktop":{"background-color":"var(--ast-global-color-5)","background-image":"","background-repeat":"repeat","background-position":"center center","background-size":"auto","background-attachment":"scroll","background-type":"","background-media":"","overlay-type":"","overlay-color":"","overlay-gradient":""},"tablet":{"background-color":"var(--ast-global-color-5)","background-image":"","background-repeat":"repeat","background-position":"center center","background-size":"auto","background-attachment":"scroll","background-type":"","background-media":"","overlay-type":"","overlay-color":"","overlay-gradient":""},"mobile":{"background-color":"var(--ast-global-color-5)","background-image":"","background-repeat":"repeat","background-position":"center center","background-size":"auto","background-attachment":"scroll","background-type":"","background-media":"","overlay-type":"","overlay-color":"","overlay-gradient":""}},"footnotes":""},"folder":[94],"class_list":["post-5925","page","type-page","status-publish","hentry"],"acf":[],"yoast_head":"<!-- This site is optimized with the Yoast SEO Premium plugin v24.7 (Yoast SEO v24.7) - https:\/\/yoast.com\/wordpress\/plugins\/seo\/ -->\n<title>\u00dcbersetzung von amtlichen Dokumenten und Bescheinigungen | IMPOL<\/title>\n<meta name=\"description\" content=\"Sie ben\u00f6tigen eine zuverl\u00e4ssige \u00dcbersetzung von Urkunden oder amtlichen Dokumenten? Die Experten von Impol freuen sich auf die Zusammenarbeit mit Ihnen!\" \/>\n<meta name=\"robots\" content=\"index, follow, max-snippet:-1, max-image-preview:large, max-video-preview:-1\" \/>\n<link rel=\"canonical\" href=\"https:\/\/impolsarl.com\/de\/uebersetzung\/uebersetzung-von-bescheinigungen\/\" \/>\n<meta property=\"og:locale\" content=\"de_DE\" \/>\n<meta property=\"og:type\" content=\"article\" \/>\n<meta property=\"og:title\" content=\"\u00dcbersetzung von Bescheinigungen\" \/>\n<meta property=\"og:description\" content=\"Sie ben\u00f6tigen eine zuverl\u00e4ssige \u00dcbersetzung von Urkunden oder amtlichen Dokumenten? Die Experten von Impol freuen sich auf die Zusammenarbeit mit Ihnen!\" \/>\n<meta property=\"og:url\" content=\"https:\/\/impolsarl.com\/de\/uebersetzung\/uebersetzung-von-bescheinigungen\/\" \/>\n<meta property=\"og:site_name\" content=\"Impol - Reprezentant we Francji od ponad dekady! +48 502 50 70 74\" \/>\n<meta property=\"article:publisher\" content=\"https:\/\/www.facebook.com\/przedstawicieltransportuwefrancji\/\" \/>\n<meta property=\"article:modified_time\" content=\"2025-06-02T12:37:53+00:00\" \/>\n<meta name=\"twitter:card\" content=\"summary_large_image\" \/>\n<meta name=\"twitter:label1\" content=\"Gesch\u00e4tzte Lesezeit\" \/>\n\t<meta name=\"twitter:data1\" content=\"1\u00a0Minute\" \/>\n<script type=\"application\/ld+json\" class=\"yoast-schema-graph\">{\"@context\":\"https:\/\/schema.org\",\"@graph\":[{\"@type\":\"WebPage\",\"@id\":\"https:\/\/impolsarl.com\/de\/uebersetzung\/uebersetzung-von-bescheinigungen\/\",\"url\":\"https:\/\/impolsarl.com\/de\/uebersetzung\/uebersetzung-von-bescheinigungen\/\",\"name\":\"\u00dcbersetzung von amtlichen Dokumenten und Bescheinigungen | IMPOL\",\"isPartOf\":{\"@id\":\"https:\/\/impolsarl.com\/#website\"},\"datePublished\":\"2025-01-14T07:55:13+00:00\",\"dateModified\":\"2025-06-02T12:37:53+00:00\",\"description\":\"Sie ben\u00f6tigen eine zuverl\u00e4ssige \u00dcbersetzung von Urkunden oder amtlichen Dokumenten? Die Experten von Impol freuen sich auf die Zusammenarbeit mit Ihnen!\",\"breadcrumb\":{\"@id\":\"https:\/\/impolsarl.com\/de\/uebersetzung\/uebersetzung-von-bescheinigungen\/#breadcrumb\"},\"inLanguage\":\"de\",\"potentialAction\":[{\"@type\":\"ReadAction\",\"target\":[\"https:\/\/impolsarl.com\/de\/uebersetzung\/uebersetzung-von-bescheinigungen\/\"]}]},{\"@type\":\"BreadcrumbList\",\"@id\":\"https:\/\/impolsarl.com\/de\/uebersetzung\/uebersetzung-von-bescheinigungen\/#breadcrumb\",\"itemListElement\":[{\"@type\":\"ListItem\",\"position\":1,\"name\":\"Strona g\u0142\u00f3wna\",\"item\":\"https:\/\/impolsarl.com\/de\/homepage\/\"},{\"@type\":\"ListItem\",\"position\":2,\"name\":\"\u00dcbersetzung\",\"item\":\"https:\/\/impolsarl.com\/de\/uebersetzung\/\"},{\"@type\":\"ListItem\",\"position\":3,\"name\":\"\u00dcbersetzung von Bescheinigungen\"}]},{\"@type\":\"WebSite\",\"@id\":\"https:\/\/impolsarl.com\/#website\",\"url\":\"https:\/\/impolsarl.com\/\",\"name\":\"Impol - Reprezentant we Francji od ponad dekady! +48 502 50 70 74\",\"description\":\"Impol SARL - Przedstawiciel transportu w Europie\",\"publisher\":{\"@id\":\"https:\/\/impolsarl.com\/#organization\"},\"potentialAction\":[{\"@type\":\"SearchAction\",\"target\":{\"@type\":\"EntryPoint\",\"urlTemplate\":\"https:\/\/impolsarl.com\/?s={search_term_string}\"},\"query-input\":{\"@type\":\"PropertyValueSpecification\",\"valueRequired\":true,\"valueName\":\"search_term_string\"}}],\"inLanguage\":\"de\"},{\"@type\":\"Organization\",\"@id\":\"https:\/\/impolsarl.com\/#organization\",\"name\":\"Impol - Przedstawiciel Transportu i Pracownikow Delegowanych Do Francji\",\"url\":\"https:\/\/impolsarl.com\/\",\"logo\":{\"@type\":\"ImageObject\",\"inLanguage\":\"de\",\"@id\":\"https:\/\/impolsarl.com\/#\/schema\/logo\/image\/\",\"url\":\"https:\/\/impolsarl.com\/wp-content\/uploads\/2018\/08\/logo-1.png\",\"contentUrl\":\"https:\/\/impolsarl.com\/wp-content\/uploads\/2018\/08\/logo-1.png\",\"width\":133,\"height\":126,\"caption\":\"Impol - Przedstawiciel Transportu i Pracownikow Delegowanych Do Francji\"},\"image\":{\"@id\":\"https:\/\/impolsarl.com\/#\/schema\/logo\/image\/\"},\"sameAs\":[\"https:\/\/www.facebook.com\/przedstawicieltransportuwefrancji\/\",\"https:\/\/www.youtube.com\/watch?v=2zjQ9NJBf04\"]}]}<\/script>\n<!-- \/ Yoast SEO Premium plugin. -->","yoast_head_json":{"title":"\u00dcbersetzung von amtlichen Dokumenten und Bescheinigungen | IMPOL","description":"Sie ben\u00f6tigen eine zuverl\u00e4ssige \u00dcbersetzung von Urkunden oder amtlichen Dokumenten? Die Experten von Impol freuen sich auf die Zusammenarbeit mit Ihnen!","robots":{"index":"index","follow":"follow","max-snippet":"max-snippet:-1","max-image-preview":"max-image-preview:large","max-video-preview":"max-video-preview:-1"},"canonical":"https:\/\/impolsarl.com\/de\/uebersetzung\/uebersetzung-von-bescheinigungen\/","og_locale":"de_DE","og_type":"article","og_title":"\u00dcbersetzung von Bescheinigungen","og_description":"Sie ben\u00f6tigen eine zuverl\u00e4ssige \u00dcbersetzung von Urkunden oder amtlichen Dokumenten? Die Experten von Impol freuen sich auf die Zusammenarbeit mit Ihnen!","og_url":"https:\/\/impolsarl.com\/de\/uebersetzung\/uebersetzung-von-bescheinigungen\/","og_site_name":"Impol - Reprezentant we Francji od ponad dekady! +48 502 50 70 74","article_publisher":"https:\/\/www.facebook.com\/przedstawicieltransportuwefrancji\/","article_modified_time":"2025-06-02T12:37:53+00:00","twitter_card":"summary_large_image","twitter_misc":{"Gesch\u00e4tzte Lesezeit":"1\u00a0Minute"},"schema":{"@context":"https:\/\/schema.org","@graph":[{"@type":"WebPage","@id":"https:\/\/impolsarl.com\/de\/uebersetzung\/uebersetzung-von-bescheinigungen\/","url":"https:\/\/impolsarl.com\/de\/uebersetzung\/uebersetzung-von-bescheinigungen\/","name":"\u00dcbersetzung von amtlichen Dokumenten und Bescheinigungen | IMPOL","isPartOf":{"@id":"https:\/\/impolsarl.com\/#website"},"datePublished":"2025-01-14T07:55:13+00:00","dateModified":"2025-06-02T12:37:53+00:00","description":"Sie ben\u00f6tigen eine zuverl\u00e4ssige \u00dcbersetzung von Urkunden oder amtlichen Dokumenten? Die Experten von Impol freuen sich auf die Zusammenarbeit mit Ihnen!","breadcrumb":{"@id":"https:\/\/impolsarl.com\/de\/uebersetzung\/uebersetzung-von-bescheinigungen\/#breadcrumb"},"inLanguage":"de","potentialAction":[{"@type":"ReadAction","target":["https:\/\/impolsarl.com\/de\/uebersetzung\/uebersetzung-von-bescheinigungen\/"]}]},{"@type":"BreadcrumbList","@id":"https:\/\/impolsarl.com\/de\/uebersetzung\/uebersetzung-von-bescheinigungen\/#breadcrumb","itemListElement":[{"@type":"ListItem","position":1,"name":"Strona g\u0142\u00f3wna","item":"https:\/\/impolsarl.com\/de\/homepage\/"},{"@type":"ListItem","position":2,"name":"\u00dcbersetzung","item":"https:\/\/impolsarl.com\/de\/uebersetzung\/"},{"@type":"ListItem","position":3,"name":"\u00dcbersetzung von Bescheinigungen"}]},{"@type":"WebSite","@id":"https:\/\/impolsarl.com\/#website","url":"https:\/\/impolsarl.com\/","name":"Impol - Reprezentant we Francji od ponad dekady! +48 502 50 70 74","description":"Impol SARL - Przedstawiciel transportu w Europie","publisher":{"@id":"https:\/\/impolsarl.com\/#organization"},"potentialAction":[{"@type":"SearchAction","target":{"@type":"EntryPoint","urlTemplate":"https:\/\/impolsarl.com\/?s={search_term_string}"},"query-input":{"@type":"PropertyValueSpecification","valueRequired":true,"valueName":"search_term_string"}}],"inLanguage":"de"},{"@type":"Organization","@id":"https:\/\/impolsarl.com\/#organization","name":"Impol - Przedstawiciel Transportu i Pracownikow Delegowanych Do Francji","url":"https:\/\/impolsarl.com\/","logo":{"@type":"ImageObject","inLanguage":"de","@id":"https:\/\/impolsarl.com\/#\/schema\/logo\/image\/","url":"https:\/\/impolsarl.com\/wp-content\/uploads\/2018\/08\/logo-1.png","contentUrl":"https:\/\/impolsarl.com\/wp-content\/uploads\/2018\/08\/logo-1.png","width":133,"height":126,"caption":"Impol - Przedstawiciel Transportu i Pracownikow Delegowanych Do Francji"},"image":{"@id":"https:\/\/impolsarl.com\/#\/schema\/logo\/image\/"},"sameAs":["https:\/\/www.facebook.com\/przedstawicieltransportuwefrancji\/","https:\/\/www.youtube.com\/watch?v=2zjQ9NJBf04"]}]}},"_links":{"self":[{"href":"https:\/\/impolsarl.com\/de\/wp-json\/wp\/v2\/pages\/5925","targetHints":{"allow":["GET"]}}],"collection":[{"href":"https:\/\/impolsarl.com\/de\/wp-json\/wp\/v2\/pages"}],"about":[{"href":"https:\/\/impolsarl.com\/de\/wp-json\/wp\/v2\/types\/page"}],"author":[{"embeddable":true,"href":"https:\/\/impolsarl.com\/de\/wp-json\/wp\/v2\/users\/5"}],"replies":[{"embeddable":true,"href":"https:\/\/impolsarl.com\/de\/wp-json\/wp\/v2\/comments?post=5925"}],"version-history":[{"count":1,"href":"https:\/\/impolsarl.com\/de\/wp-json\/wp\/v2\/pages\/5925\/revisions"}],"predecessor-version":[{"id":5926,"href":"https:\/\/impolsarl.com\/de\/wp-json\/wp\/v2\/pages\/5925\/revisions\/5926"}],"up":[{"embeddable":true,"href":"https:\/\/impolsarl.com\/de\/wp-json\/wp\/v2\/pages\/5424"}],"wp:attachment":[{"href":"https:\/\/impolsarl.com\/de\/wp-json\/wp\/v2\/media?parent=5925"}],"wp:term":[{"taxonomy":"folder","embeddable":true,"href":"https:\/\/impolsarl.com\/de\/wp-json\/wp\/v2\/folder?post=5925"}],"curies":[{"name":"wp","href":"https:\/\/api.w.org\/{rel}","templated":true}]}}