{"id":5919,"date":"2022-02-23T17:45:19","date_gmt":"2022-02-23T16:45:19","guid":{"rendered":"https:\/\/impolsarl.com\/forderungseinzug\/"},"modified":"2025-06-02T14:33:23","modified_gmt":"2025-06-02T12:33:23","slug":"forderungseinzug","status":"publish","type":"page","link":"https:\/\/impolsarl.com\/de\/forderungseinzug\/","title":{"rendered":"Forderungseinzug"},"content":{"rendered":"\n<div class=\"seo\"><p>IMPOL vertritt seit 1991 polnische Unternehmen in Frankreich. Unter anderem bieten wir polnischen Unternehmen, die in diesem Land t\u00e4tig sind, rechtlichen Beistand. Seit dem Beginn unserer T\u00e4tigkeit haben wir unsere F\u00e4higkeiten und Kompetenzen weiterentwickelt, um Ihnen stets Dienstleistungen von h\u00f6chster Qualit\u00e4t anbieten zu k\u00f6nnen. Zu unseren Dienstleistungen geh\u00f6rt auch die Eintreibung von Forderungen in Frankreich.    <\/p>\n<h2>Inkasso in Frankreich &#8211; vertrauen Sie den Profis von Impol!<\/h2>\n<p>Bei Impol bieten wir jedem Kunden einen professionellen Service, indem wir ihm die effizientesten L\u00f6sungen im Bereich der Forderungsbeitreibung in Frankreich anbieten, die auf seine individuellen Bed\u00fcrfnisse zugeschnitten sind. Unser Team wird von einem erfahrenen Rechtsanwalt geleitet, der sowohl Fachanwalt f\u00fcr Arbeitsrecht als auch vereidigter \u00dcbersetzer ist. <\/p>\n<p>Wir bieten juristische Dienstleistungen und Unterst\u00fctzung in polnischer Sprache. Wir helfen Ihnen bei allen Fragen zum franz\u00f6sischen Recht und informieren Sie \u00fcber die aktuellen \u00c4nderungen. Das Inkasso in Frankreich, das wir anbieten, ist in Bezug auf Effizienz und Fachwissen auf h\u00f6chstem Niveau.  <\/p>\n<h2>Forderungseinzug in Frankreich &#8211; Professionalit\u00e4t und Effizienz von Impol<\/h2>\n<p>Polnische Unternehmer, die ihre Produkte nach Frankreich exportieren, haben h\u00e4ufig mit Zahlungsr\u00fcckst\u00e4nden zu k\u00e4mpfen. Leider sind polnische Unternehmen f\u00fcr ausl\u00e4ndische Empf\u00e4nger, die mit ihren Zahlungen im R\u00fcckstand sind, oft keine Priorit\u00e4t. Unsere jahrelange Erfahrung garantiert, dass das Inkasso in Frankreich nicht von vornherein zum Scheitern verurteilt sein muss. Dank unserer Kenntnis der \u00f6rtlichen Vorschriften und unseres schnellen und entschlossenen Handelns hat die von uns durchgef\u00fchrte g\u00fctliche oder gerichtliche Forderungseinziehung in Frankreich eine hohe Erfolgschance.   <\/p>\n<p>Impol &#8211; Vertreter in Frankreich f\u00fcr polnische Unternehmen, auch f\u00fcr Inkasso in Frankreich. Keine Vermittler, keine versteckten Geb\u00fchren, flexibel und auf Ihre Bed\u00fcrfnisse zugeschnitten! <\/p><\/div>\n","protected":false},"excerpt":{"rendered":"<p>IMPOL vertritt seit 1991 polnische Unternehmen in Frankreich. Unter anderem bieten wir polnischen Unternehmen, die in diesem Land t\u00e4tig sind, rechtlichen Beistand. Seit dem Beginn unserer T\u00e4tigkeit haben wir unsere F\u00e4higkeiten und Kompetenzen weiterentwickelt, um Ihnen stets Dienstleistungen von h\u00f6chster Qualit\u00e4t anbieten zu k\u00f6nnen. Zu unseren Dienstleistungen geh\u00f6rt auch die Eintreibung von Forderungen in Frankreich. &hellip;<\/p>\n<p class=\"read-more\"> <a class=\"\" href=\"https:\/\/impolsarl.com\/de\/forderungseinzug\/\"> <span class=\"screen-reader-text\">Forderungseinzug<\/span> Read More \u00bb<\/a><\/p>\n","protected":false},"author":5,"featured_media":0,"parent":0,"menu_order":38,"comment_status":"closed","ping_status":"closed","template":"","meta":{"_acf_changed":false,"site-sidebar-layout":"default","site-content-layout":"","ast-site-content-layout":"","site-content-style":"default","site-sidebar-style":"default","ast-global-header-display":"","ast-banner-title-visibility":"","ast-main-header-display":"","ast-hfb-above-header-display":"","ast-hfb-below-header-display":"","ast-hfb-mobile-header-display":"","site-post-title":"","ast-breadcrumbs-content":"","ast-featured-img":"","footer-sml-layout":"","theme-transparent-header-meta":"","adv-header-id-meta":"","stick-header-meta":"","header-above-stick-meta":"","header-main-stick-meta":"","header-below-stick-meta":"","astra-migrate-meta-layouts":"default","ast-page-background-enabled":"default","ast-page-background-meta":{"desktop":{"background-color":"var(--ast-global-color-4)","background-image":"","background-repeat":"repeat","background-position":"center center","background-size":"auto","background-attachment":"scroll","background-type":"","background-media":"","overlay-type":"","overlay-color":"","overlay-gradient":""},"tablet":{"background-color":"","background-image":"","background-repeat":"repeat","background-position":"center center","background-size":"auto","background-attachment":"scroll","background-type":"","background-media":"","overlay-type":"","overlay-color":"","overlay-gradient":""},"mobile":{"background-color":"","background-image":"","background-repeat":"repeat","background-position":"center center","background-size":"auto","background-attachment":"scroll","background-type":"","background-media":"","overlay-type":"","overlay-color":"","overlay-gradient":""}},"ast-content-background-meta":{"desktop":{"background-color":"var(--ast-global-color-5)","background-image":"","background-repeat":"repeat","background-position":"center center","background-size":"auto","background-attachment":"scroll","background-type":"","background-media":"","overlay-type":"","overlay-color":"","overlay-gradient":""},"tablet":{"background-color":"var(--ast-global-color-5)","background-image":"","background-repeat":"repeat","background-position":"center center","background-size":"auto","background-attachment":"scroll","background-type":"","background-media":"","overlay-type":"","overlay-color":"","overlay-gradient":""},"mobile":{"background-color":"var(--ast-global-color-5)","background-image":"","background-repeat":"repeat","background-position":"center center","background-size":"auto","background-attachment":"scroll","background-type":"","background-media":"","overlay-type":"","overlay-color":"","overlay-gradient":""}},"footnotes":""},"folder":[94],"class_list":["post-5919","page","type-page","status-publish","hentry"],"acf":[],"yoast_head":"<!-- This site is optimized with the Yoast SEO Premium plugin v24.7 (Yoast SEO v24.7) - https:\/\/yoast.com\/wordpress\/plugins\/seo\/ -->\n<title>Forderungseinzug in Frankreich | IMPOL - Vertretung von Unternehmen in Frankreich seit mehr als einem Jahrzehnt!<\/title>\n<meta name=\"description\" content=\"Impol - Inkasso in Frankreich. Wir sorgen daf\u00fcr, dass die g\u00fctliche oder gerichtliche Eintreibung von Forderungen eine gute Chance auf Erfolg hat. Pr\u00fcfen Sie unsere Effizienz!\" \/>\n<meta name=\"robots\" content=\"index, follow, max-snippet:-1, max-image-preview:large, max-video-preview:-1\" \/>\n<link rel=\"canonical\" href=\"https:\/\/impolsarl.com\/de\/forderungseinzug\/\" \/>\n<meta property=\"og:locale\" content=\"de_DE\" \/>\n<meta property=\"og:type\" content=\"article\" \/>\n<meta property=\"og:title\" content=\"Forderungseinzug\" \/>\n<meta property=\"og:description\" content=\"Impol - Inkasso in Frankreich. Wir sorgen daf\u00fcr, dass die g\u00fctliche oder gerichtliche Eintreibung von Forderungen eine gute Chance auf Erfolg hat. Pr\u00fcfen Sie unsere Effizienz!\" \/>\n<meta property=\"og:url\" content=\"https:\/\/impolsarl.com\/de\/forderungseinzug\/\" \/>\n<meta property=\"og:site_name\" content=\"Impol - Reprezentant we Francji od ponad dekady! +48 502 50 70 74\" \/>\n<meta property=\"article:publisher\" content=\"https:\/\/www.facebook.com\/przedstawicieltransportuwefrancji\/\" \/>\n<meta property=\"article:modified_time\" content=\"2025-06-02T12:33:23+00:00\" \/>\n<meta name=\"twitter:card\" content=\"summary_large_image\" \/>\n<meta name=\"twitter:label1\" content=\"Gesch\u00e4tzte Lesezeit\" \/>\n\t<meta name=\"twitter:data1\" content=\"1\u00a0Minute\" \/>\n<script type=\"application\/ld+json\" class=\"yoast-schema-graph\">{\"@context\":\"https:\/\/schema.org\",\"@graph\":[{\"@type\":\"WebPage\",\"@id\":\"https:\/\/impolsarl.com\/de\/forderungseinzug\/\",\"url\":\"https:\/\/impolsarl.com\/de\/forderungseinzug\/\",\"name\":\"Forderungseinzug in Frankreich | IMPOL - Vertretung von Unternehmen in Frankreich seit mehr als einem Jahrzehnt!\",\"isPartOf\":{\"@id\":\"https:\/\/impolsarl.com\/#website\"},\"datePublished\":\"2022-02-23T16:45:19+00:00\",\"dateModified\":\"2025-06-02T12:33:23+00:00\",\"description\":\"Impol - Inkasso in Frankreich. Wir sorgen daf\u00fcr, dass die g\u00fctliche oder gerichtliche Eintreibung von Forderungen eine gute Chance auf Erfolg hat. Pr\u00fcfen Sie unsere Effizienz!\",\"breadcrumb\":{\"@id\":\"https:\/\/impolsarl.com\/de\/forderungseinzug\/#breadcrumb\"},\"inLanguage\":\"de\",\"potentialAction\":[{\"@type\":\"ReadAction\",\"target\":[\"https:\/\/impolsarl.com\/de\/forderungseinzug\/\"]}]},{\"@type\":\"BreadcrumbList\",\"@id\":\"https:\/\/impolsarl.com\/de\/forderungseinzug\/#breadcrumb\",\"itemListElement\":[{\"@type\":\"ListItem\",\"position\":1,\"name\":\"Strona g\u0142\u00f3wna\",\"item\":\"https:\/\/impolsarl.com\/de\/homepage\/\"},{\"@type\":\"ListItem\",\"position\":2,\"name\":\"Forderungseinzug\"}]},{\"@type\":\"WebSite\",\"@id\":\"https:\/\/impolsarl.com\/#website\",\"url\":\"https:\/\/impolsarl.com\/\",\"name\":\"Impol - Reprezentant we Francji od ponad dekady! +48 502 50 70 74\",\"description\":\"Impol SARL - Przedstawiciel transportu w Europie\",\"publisher\":{\"@id\":\"https:\/\/impolsarl.com\/#organization\"},\"potentialAction\":[{\"@type\":\"SearchAction\",\"target\":{\"@type\":\"EntryPoint\",\"urlTemplate\":\"https:\/\/impolsarl.com\/?s={search_term_string}\"},\"query-input\":{\"@type\":\"PropertyValueSpecification\",\"valueRequired\":true,\"valueName\":\"search_term_string\"}}],\"inLanguage\":\"de\"},{\"@type\":\"Organization\",\"@id\":\"https:\/\/impolsarl.com\/#organization\",\"name\":\"Impol - Przedstawiciel Transportu i Pracownikow Delegowanych Do Francji\",\"url\":\"https:\/\/impolsarl.com\/\",\"logo\":{\"@type\":\"ImageObject\",\"inLanguage\":\"de\",\"@id\":\"https:\/\/impolsarl.com\/#\/schema\/logo\/image\/\",\"url\":\"https:\/\/impolsarl.com\/wp-content\/uploads\/2018\/08\/logo-1.png\",\"contentUrl\":\"https:\/\/impolsarl.com\/wp-content\/uploads\/2018\/08\/logo-1.png\",\"width\":133,\"height\":126,\"caption\":\"Impol - Przedstawiciel Transportu i Pracownikow Delegowanych Do Francji\"},\"image\":{\"@id\":\"https:\/\/impolsarl.com\/#\/schema\/logo\/image\/\"},\"sameAs\":[\"https:\/\/www.facebook.com\/przedstawicieltransportuwefrancji\/\",\"https:\/\/www.youtube.com\/watch?v=2zjQ9NJBf04\"]}]}<\/script>\n<!-- \/ Yoast SEO Premium plugin. -->","yoast_head_json":{"title":"Forderungseinzug in Frankreich | IMPOL - Vertretung von Unternehmen in Frankreich seit mehr als einem Jahrzehnt!","description":"Impol - Inkasso in Frankreich. Wir sorgen daf\u00fcr, dass die g\u00fctliche oder gerichtliche Eintreibung von Forderungen eine gute Chance auf Erfolg hat. Pr\u00fcfen Sie unsere Effizienz!","robots":{"index":"index","follow":"follow","max-snippet":"max-snippet:-1","max-image-preview":"max-image-preview:large","max-video-preview":"max-video-preview:-1"},"canonical":"https:\/\/impolsarl.com\/de\/forderungseinzug\/","og_locale":"de_DE","og_type":"article","og_title":"Forderungseinzug","og_description":"Impol - Inkasso in Frankreich. Wir sorgen daf\u00fcr, dass die g\u00fctliche oder gerichtliche Eintreibung von Forderungen eine gute Chance auf Erfolg hat. Pr\u00fcfen Sie unsere Effizienz!","og_url":"https:\/\/impolsarl.com\/de\/forderungseinzug\/","og_site_name":"Impol - Reprezentant we Francji od ponad dekady! +48 502 50 70 74","article_publisher":"https:\/\/www.facebook.com\/przedstawicieltransportuwefrancji\/","article_modified_time":"2025-06-02T12:33:23+00:00","twitter_card":"summary_large_image","twitter_misc":{"Gesch\u00e4tzte Lesezeit":"1\u00a0Minute"},"schema":{"@context":"https:\/\/schema.org","@graph":[{"@type":"WebPage","@id":"https:\/\/impolsarl.com\/de\/forderungseinzug\/","url":"https:\/\/impolsarl.com\/de\/forderungseinzug\/","name":"Forderungseinzug in Frankreich | IMPOL - Vertretung von Unternehmen in Frankreich seit mehr als einem Jahrzehnt!","isPartOf":{"@id":"https:\/\/impolsarl.com\/#website"},"datePublished":"2022-02-23T16:45:19+00:00","dateModified":"2025-06-02T12:33:23+00:00","description":"Impol - Inkasso in Frankreich. Wir sorgen daf\u00fcr, dass die g\u00fctliche oder gerichtliche Eintreibung von Forderungen eine gute Chance auf Erfolg hat. Pr\u00fcfen Sie unsere Effizienz!","breadcrumb":{"@id":"https:\/\/impolsarl.com\/de\/forderungseinzug\/#breadcrumb"},"inLanguage":"de","potentialAction":[{"@type":"ReadAction","target":["https:\/\/impolsarl.com\/de\/forderungseinzug\/"]}]},{"@type":"BreadcrumbList","@id":"https:\/\/impolsarl.com\/de\/forderungseinzug\/#breadcrumb","itemListElement":[{"@type":"ListItem","position":1,"name":"Strona g\u0142\u00f3wna","item":"https:\/\/impolsarl.com\/de\/homepage\/"},{"@type":"ListItem","position":2,"name":"Forderungseinzug"}]},{"@type":"WebSite","@id":"https:\/\/impolsarl.com\/#website","url":"https:\/\/impolsarl.com\/","name":"Impol - Reprezentant we Francji od ponad dekady! +48 502 50 70 74","description":"Impol SARL - Przedstawiciel transportu w Europie","publisher":{"@id":"https:\/\/impolsarl.com\/#organization"},"potentialAction":[{"@type":"SearchAction","target":{"@type":"EntryPoint","urlTemplate":"https:\/\/impolsarl.com\/?s={search_term_string}"},"query-input":{"@type":"PropertyValueSpecification","valueRequired":true,"valueName":"search_term_string"}}],"inLanguage":"de"},{"@type":"Organization","@id":"https:\/\/impolsarl.com\/#organization","name":"Impol - Przedstawiciel Transportu i Pracownikow Delegowanych Do Francji","url":"https:\/\/impolsarl.com\/","logo":{"@type":"ImageObject","inLanguage":"de","@id":"https:\/\/impolsarl.com\/#\/schema\/logo\/image\/","url":"https:\/\/impolsarl.com\/wp-content\/uploads\/2018\/08\/logo-1.png","contentUrl":"https:\/\/impolsarl.com\/wp-content\/uploads\/2018\/08\/logo-1.png","width":133,"height":126,"caption":"Impol - Przedstawiciel Transportu i Pracownikow Delegowanych Do Francji"},"image":{"@id":"https:\/\/impolsarl.com\/#\/schema\/logo\/image\/"},"sameAs":["https:\/\/www.facebook.com\/przedstawicieltransportuwefrancji\/","https:\/\/www.youtube.com\/watch?v=2zjQ9NJBf04"]}]}},"_links":{"self":[{"href":"https:\/\/impolsarl.com\/de\/wp-json\/wp\/v2\/pages\/5919","targetHints":{"allow":["GET"]}}],"collection":[{"href":"https:\/\/impolsarl.com\/de\/wp-json\/wp\/v2\/pages"}],"about":[{"href":"https:\/\/impolsarl.com\/de\/wp-json\/wp\/v2\/types\/page"}],"author":[{"embeddable":true,"href":"https:\/\/impolsarl.com\/de\/wp-json\/wp\/v2\/users\/5"}],"replies":[{"embeddable":true,"href":"https:\/\/impolsarl.com\/de\/wp-json\/wp\/v2\/comments?post=5919"}],"version-history":[{"count":1,"href":"https:\/\/impolsarl.com\/de\/wp-json\/wp\/v2\/pages\/5919\/revisions"}],"predecessor-version":[{"id":5920,"href":"https:\/\/impolsarl.com\/de\/wp-json\/wp\/v2\/pages\/5919\/revisions\/5920"}],"wp:attachment":[{"href":"https:\/\/impolsarl.com\/de\/wp-json\/wp\/v2\/media?parent=5919"}],"wp:term":[{"taxonomy":"folder","embeddable":true,"href":"https:\/\/impolsarl.com\/de\/wp-json\/wp\/v2\/folder?post=5919"}],"curies":[{"name":"wp","href":"https:\/\/api.w.org\/{rel}","templated":true}]}}