{"id":5915,"date":"2022-02-23T17:45:18","date_gmt":"2022-02-23T16:45:18","guid":{"rendered":"https:\/\/impolsarl.com\/gruendung-eines-unternehmens-in-frankreich\/"},"modified":"2025-06-02T14:29:13","modified_gmt":"2025-06-02T12:29:13","slug":"gruendung-eines-unternehmens-in-frankreich","status":"publish","type":"page","link":"https:\/\/impolsarl.com\/de\/gruendung-eines-unternehmens-in-frankreich\/","title":{"rendered":"Gr\u00fcndung eines Unternehmens in Frankreich"},"content":{"rendered":"\n<div class=\"seo\"><p>Frankreich geh\u00f6rt zu den zehn gr\u00f6\u00dften Volkswirtschaften der Welt und gilt als einer der besten Standorte f\u00fcr ausl\u00e4ndische Investitionen in Europa. Polen geh\u00f6rt zu den f\u00fchrenden L\u00e4ndern Mittel- und Osteuropas, was die Zahl der hier neu geschaffenen Arbeitspl\u00e4tze angeht\n. <\/p>\n\n<h2>Gr\u00fcndung eines Unternehmens in Frankreich &#8211; Rechtliche Strukturen<\/h2>\n\n<p>\u00c4hnlich wie bei uns ist auch in Frankreich die Kapitalgesellschaft die bevorzugte Unternehmensform bei der Gr\u00fcndung eines Unternehmens. Unternehmer, die ihr Gesch\u00e4ft hier ausbauen wollen, k\u00f6nnen zwischen verschiedenen Rechtsformen w\u00e4hlen: <\/p>\n<ol><li><b>SARL (Soci\u00e9t\u00e9 \u00e0 responsabilit\u00e9 limit\u00e9e): <\/b>Eine Gesellschaft mit beschr\u00e4nkter Haftung, die der polnischen Gesellschaft mit beschr\u00e4nkter Haftung entspricht. Sie ist eine beliebte Form f\u00fcr kleine und mittlere Unternehmen. Das Grundkapital ist in Aktien aufgeteilt und die Eigent\u00fcmer haften beschr\u00e4nkt. <\/li>\n\n<li><b>SAS (Soci\u00e9t\u00e9 par actions simplifi\u00e9e): <\/b>eine vereinfachte Aktiengesellschaft. Es handelt sich um eine flexible Rechtsform, die eine individuelle Gestaltung der Satzung erm\u00f6glicht. Sie ist eher f\u00fcr gr\u00f6\u00dfere Unternehmen geeignet.  <\/li>\n\n<li><b>SA (Soci\u00e9t\u00e9 Anonyme): <\/b>eine Aktiengesellschaft, die der polnischen Aktiengesellschaft (S.A.) entspricht. Diese Form wird h\u00e4ufig von gro\u00dfen Konzernen gew\u00e4hlt. <\/li>\n<li><b>Auto-Entrepreneur: <\/b>eine Form des Einzelunternehmens, die f\u00fcr Selbstst\u00e4ndige geeignet ist. Es handelt sich um eine einfache Form, die vereinfachte Verfahren sowohl f\u00fcr die Steuer als auch f\u00fcr die Verwaltung beinhaltet. <\/li>\n\n<li><b>EURL (Entreprise Unipersonnelle \u00e0 Responsabilit\u00e9 Limit\u00e9e):<\/b> eine Einpersonengesellschaft mit beschr\u00e4nkter Haftung.<\/li>\n\n<li><b>SNC (Soci\u00e9t\u00e9 en Nom Collectif):<\/b> eine Kommanditgesellschaft mit unbeschr\u00e4nkt haftenden Gesellschaftern und beschr\u00e4nkt haftenden Gesellschaftern.<\/li>\n\n<li><b>SARL de famille: <\/b>eine besondere Art von SARL, die nur f\u00fcr Familienmitglieder zug\u00e4nglich ist.<\/li>\n\n<li><b>Soci\u00e9t\u00e9 Civile Immobili\u00e8re (SCI):<\/b> eine Immobilieninvestitionsgesellschaft.<\/li>\n\n<li><b>Soci\u00e9t\u00e9 Coop\u00e9rative (SC):<\/b> Genossenschaftliches Unternehmen, bei dem die Eigent\u00fcmer das Unternehmen gemeinsam leiten und den Gewinn teilen.<\/li>\n\n<li><b>Soci\u00e9t\u00e9 en commandite par actions (SCA):<\/b> eine Gesellschaft mit beschr\u00e4nkter Haftung, die Elemente einer Gesellschaft mit beschr\u00e4nkter Haftung mit Elementen einer Kommanditgesellschaft kombiniert.<\/li>\n\n<li><b>Soci\u00e9t\u00e9 par actions simplifi\u00e9e unipersonnelle (SASU): <\/b>eine vereinfachte Ein-Personen-Aktiengesellschaft, die der SAS f\u00fcr einen einzigen Eigent\u00fcmer entspricht.<\/li>\n\n<li><b>Soci\u00e9t\u00e9 d&#8217;Exercice Lib\u00e9ral (SEL): <\/b>eine Form f\u00fcr freie Berufe.<\/li>\n<\/ol><p>Jede dieser Strukturen hat ihre eigenen Anforderungen und Vorteile, so dass es sich lohnt, professionelle Berater zu konsultieren, um die f\u00fcr Ihr Unternehmen am besten geeignete Struktur zu w\u00e4hlen.<\/p>\n\n<h2>Gr\u00fcndung eines Unternehmens in Frankreich &#8211; allgemeine Informationen<\/h2>\n\n<p>Bei der Gr\u00fcndung eines Unternehmens in Frankreich m\u00fcssen alle W\u00f6rter des Firmennamens auf Franz\u00f6sisch oder Englisch sein. Au\u00dferdem muss der Name mit einem Wort, einer Phrase oder einer Abk\u00fcrzung enden, die die Organisations- und Rechtsform des Unternehmens angibt. Der gew\u00e4hlte Name wird beim Patentamt (Institut national de la propri\u00e9t\u00e9 industrielle) \u00fcberpr\u00fcft.  <\/p>\n\n<p>Um ein Unternehmen in Frankreich einzutragen, m\u00fcssen Sie sich an das Centre de Formalit\u00e9s des Entreprises (Zentrum f\u00fcr Unternehmensformalit\u00e4ten) wenden und die entsprechenden Unterlagen einreichen.<\/p>\n\n<p>Nach der Registrierung weist das Nationale Institut f\u00fcr Statistik und Wirtschaftsforschung INSEE (Institut national de la statistique et des tu des economiques) dem Unternehmen eine SIRET-Nummer (System informatique pour le repertoire des etablissements) und eine SIREN-Nummer (System informatique pour le repertoire des entreprises et etablissements) zu. Die SIREN-Nummer identifiziert die Wirtschaftseinheit, w\u00e4hrend die SIRET-Nummer sowohl die Wirtschaftseinheit als auch ihre spezifische Funktion oder Einrichtung identifiziert. <\/p>\n\n<p>F\u00fcr einen Teil der Gesch\u00e4ftst\u00e4tigkeit m\u00fcssen finanzielle Garantien angegeben werden. Es lohnt sich also, professionelle Berater zu konsultieren, um herauszufinden, welche Anforderungen Ihr potenzielles Unternehmen erf\u00fcllen muss.<\/p>\n\n<p>Bei der Gr\u00fcndung eines Unternehmens in Frankreich mit der Absicht, Mitarbeiter einzustellen, ist es wichtig, sich mit den franz\u00f6sischen arbeitsrechtlichen Bestimmungen gr\u00fcndlich vertraut zu machen, z. B. mit Arbeitsvertr\u00e4gen, Geh\u00e4ltern, Sozialversicherung, Urlaub oder Arbeitnehmermitteilungen. Es ist wichtig zu wissen, dass es in Frankreich neben dem Arbeitsgesetzbuch auch Tarifvertr\u00e4ge gibt, die f\u00fcr jede Branche und oft auch f\u00fcr die Region gelten. Gewerkschaften, die auf regionaler, sektoraler und betrieblicher Ebene t\u00e4tig sind, spielen im Bereich der Arbeitsgesetzgebung eine wichtige Rolle.  <\/p>\n\n<h2>Profitieren Sie von unserer Erfahrung bei der Gr\u00fcndung Ihres Unternehmens in Frankreich!<\/h2>\n\n<p>Die Gr\u00fcndung eines Unternehmens in Frankreich ist mit strengen Buchf\u00fchrungsvorschriften verbunden. Um die B\u00fccher ordnungsgem\u00e4\u00df zu f\u00fchren und die entsprechenden Jahresabschl\u00fcsse einzureichen, empfiehlt es sich, ein auf diesem Markt erfahrenes Unternehmen zu beauftragen, das \u00fcber ausreichende Kenntnisse der franz\u00f6sischen Vorschriften verf\u00fcgt und in der Lage ist, umfassende Unterst\u00fctzung bei der Unternehmensf\u00fchrung zu leisten. <\/p>\n\n<p>Impol ist ein direkter Vertreter von Unternehmen mit Sitz in Frankreich. Wir vertreten seit vielen Jahren erfolgreich polnische Unternehmen auf den europ\u00e4ischen M\u00e4rkten, darunter so renommierte Branchen wie Automobil, Bau, Transport und Logistik.   <\/p>\n\n<p>Wir sind spezialisiert auf die umfassende Abwicklung von Verwaltungs- und Personalangelegenheiten. Wir garantieren unter anderem Unterst\u00fctzung bei der Buchhaltung je nach Anzahl der Rechnungen, der Jahresbilanz, der Buchhaltungsberatung und der Mitarbeiterdokumentation.  <\/p>\n\n<p>Bei der Gr\u00fcndung eines Unternehmens in Frankreich k\u00f6nnen Sie auf unsere Spezialisten f\u00fcr CNFE-, PROBTP- und Mehrwertsteuerregistrierung z\u00e4hlen. Wir bieten auch rechtliche Unterst\u00fctzung, z. B. bei der Vorbereitung auf ein URSSAF-Audit <\/p>\n\n<p>Unsere professionellen Berater werden Ihnen den Prozess der Gr\u00fcndung eines Unternehmens in Frankreich genau erkl\u00e4ren. Wir bei Impol sind uns bewusst, dass jeder Fall anders gelagert sein kann. Deshalb gehen wir immer individuell auf unsere Kunden ein, um Ihnen zu helfen, alle Details und Anforderungen Ihrer spezifischen Situation zu verstehen. Wir freuen uns darauf, von Ihnen zu h\u00f6ren!  <\/p><\/div>\n","protected":false},"excerpt":{"rendered":"<p>Frankreich geh\u00f6rt zu den zehn gr\u00f6\u00dften Volkswirtschaften der Welt und gilt als einer der besten Standorte f\u00fcr ausl\u00e4ndische Investitionen in Europa. Polen geh\u00f6rt zu den f\u00fchrenden L\u00e4ndern Mittel- und Osteuropas, was die Zahl der hier neu geschaffenen Arbeitspl\u00e4tze angeht . Gr\u00fcndung eines Unternehmens in Frankreich &#8211; Rechtliche Strukturen \u00c4hnlich wie bei uns ist auch in &hellip;<\/p>\n<p class=\"read-more\"> <a class=\"\" href=\"https:\/\/impolsarl.com\/de\/gruendung-eines-unternehmens-in-frankreich\/\"> <span class=\"screen-reader-text\">Gr\u00fcndung eines Unternehmens in Frankreich<\/span> Read More \u00bb<\/a><\/p>\n","protected":false},"author":5,"featured_media":0,"parent":0,"menu_order":25,"comment_status":"closed","ping_status":"closed","template":"","meta":{"_acf_changed":false,"site-sidebar-layout":"default","site-content-layout":"","ast-site-content-layout":"","site-content-style":"default","site-sidebar-style":"default","ast-global-header-display":"","ast-banner-title-visibility":"","ast-main-header-display":"","ast-hfb-above-header-display":"","ast-hfb-below-header-display":"","ast-hfb-mobile-header-display":"","site-post-title":"","ast-breadcrumbs-content":"","ast-featured-img":"","footer-sml-layout":"","theme-transparent-header-meta":"","adv-header-id-meta":"","stick-header-meta":"","header-above-stick-meta":"","header-main-stick-meta":"","header-below-stick-meta":"","astra-migrate-meta-layouts":"default","ast-page-background-enabled":"default","ast-page-background-meta":{"desktop":{"background-color":"var(--ast-global-color-4)","background-image":"","background-repeat":"repeat","background-position":"center center","background-size":"auto","background-attachment":"scroll","background-type":"","background-media":"","overlay-type":"","overlay-color":"","overlay-gradient":""},"tablet":{"background-color":"","background-image":"","background-repeat":"repeat","background-position":"center center","background-size":"auto","background-attachment":"scroll","background-type":"","background-media":"","overlay-type":"","overlay-color":"","overlay-gradient":""},"mobile":{"background-color":"","background-image":"","background-repeat":"repeat","background-position":"center center","background-size":"auto","background-attachment":"scroll","background-type":"","background-media":"","overlay-type":"","overlay-color":"","overlay-gradient":""}},"ast-content-background-meta":{"desktop":{"background-color":"var(--ast-global-color-5)","background-image":"","background-repeat":"repeat","background-position":"center center","background-size":"auto","background-attachment":"scroll","background-type":"","background-media":"","overlay-type":"","overlay-color":"","overlay-gradient":""},"tablet":{"background-color":"var(--ast-global-color-5)","background-image":"","background-repeat":"repeat","background-position":"center center","background-size":"auto","background-attachment":"scroll","background-type":"","background-media":"","overlay-type":"","overlay-color":"","overlay-gradient":""},"mobile":{"background-color":"var(--ast-global-color-5)","background-image":"","background-repeat":"repeat","background-position":"center center","background-size":"auto","background-attachment":"scroll","background-type":"","background-media":"","overlay-type":"","overlay-color":"","overlay-gradient":""}},"footnotes":""},"folder":[94],"class_list":["post-5915","page","type-page","status-publish","hentry"],"acf":[],"yoast_head":"<!-- This site is optimized with the Yoast SEO Premium plugin v24.7 (Yoast SEO v24.7) - https:\/\/yoast.com\/wordpress\/plugins\/seo\/ -->\n<title>Unternehmensgr\u00fcndung in Frankreich | Berater bei der Gr\u00fcndung eines Unternehmens in Frankreich | IMPOL<\/title>\n<meta name=\"description\" content=\"Die Gr\u00fcndung eines Unternehmens in Frankreich ist mit strengen Vorschriften verbunden. Impol hilft Ihnen bei der Bew\u00e4ltigung aller rechtlichen Probleme und mehr! Probieren Sie es aus!\" \/>\n<meta name=\"robots\" content=\"index, follow, max-snippet:-1, max-image-preview:large, max-video-preview:-1\" \/>\n<link rel=\"canonical\" href=\"https:\/\/impolsarl.com\/de\/gruendung-eines-unternehmens-in-frankreich\/\" \/>\n<meta property=\"og:locale\" content=\"de_DE\" \/>\n<meta property=\"og:type\" content=\"article\" \/>\n<meta property=\"og:title\" content=\"Gr\u00fcndung eines Unternehmens in Frankreich\" \/>\n<meta property=\"og:description\" content=\"Die Gr\u00fcndung eines Unternehmens in Frankreich ist mit strengen Vorschriften verbunden. Impol hilft Ihnen bei der Bew\u00e4ltigung aller rechtlichen Probleme und mehr! Probieren Sie es aus!\" \/>\n<meta property=\"og:url\" content=\"https:\/\/impolsarl.com\/de\/gruendung-eines-unternehmens-in-frankreich\/\" \/>\n<meta property=\"og:site_name\" content=\"Impol - Reprezentant we Francji od ponad dekady! +48 502 50 70 74\" \/>\n<meta property=\"article:publisher\" content=\"https:\/\/www.facebook.com\/przedstawicieltransportuwefrancji\/\" \/>\n<meta property=\"article:modified_time\" content=\"2025-06-02T12:29:13+00:00\" \/>\n<meta name=\"twitter:card\" content=\"summary_large_image\" \/>\n<meta name=\"twitter:label1\" content=\"Gesch\u00e4tzte Lesezeit\" \/>\n\t<meta name=\"twitter:data1\" content=\"5\u00a0Minuten\" \/>\n<script type=\"application\/ld+json\" class=\"yoast-schema-graph\">{\"@context\":\"https:\/\/schema.org\",\"@graph\":[{\"@type\":\"WebPage\",\"@id\":\"https:\/\/impolsarl.com\/de\/gruendung-eines-unternehmens-in-frankreich\/\",\"url\":\"https:\/\/impolsarl.com\/de\/gruendung-eines-unternehmens-in-frankreich\/\",\"name\":\"Unternehmensgr\u00fcndung in Frankreich | Berater bei der Gr\u00fcndung eines Unternehmens in Frankreich | IMPOL\",\"isPartOf\":{\"@id\":\"https:\/\/impolsarl.com\/#website\"},\"datePublished\":\"2022-02-23T16:45:18+00:00\",\"dateModified\":\"2025-06-02T12:29:13+00:00\",\"description\":\"Die Gr\u00fcndung eines Unternehmens in Frankreich ist mit strengen Vorschriften verbunden. Impol hilft Ihnen bei der Bew\u00e4ltigung aller rechtlichen Probleme und mehr! Probieren Sie es aus!\",\"breadcrumb\":{\"@id\":\"https:\/\/impolsarl.com\/de\/gruendung-eines-unternehmens-in-frankreich\/#breadcrumb\"},\"inLanguage\":\"de\",\"potentialAction\":[{\"@type\":\"ReadAction\",\"target\":[\"https:\/\/impolsarl.com\/de\/gruendung-eines-unternehmens-in-frankreich\/\"]}]},{\"@type\":\"BreadcrumbList\",\"@id\":\"https:\/\/impolsarl.com\/de\/gruendung-eines-unternehmens-in-frankreich\/#breadcrumb\",\"itemListElement\":[{\"@type\":\"ListItem\",\"position\":1,\"name\":\"Strona g\u0142\u00f3wna\",\"item\":\"https:\/\/impolsarl.com\/de\/homepage\/\"},{\"@type\":\"ListItem\",\"position\":2,\"name\":\"Gr\u00fcndung eines Unternehmens in Frankreich\"}]},{\"@type\":\"WebSite\",\"@id\":\"https:\/\/impolsarl.com\/#website\",\"url\":\"https:\/\/impolsarl.com\/\",\"name\":\"Impol - Reprezentant we Francji od ponad dekady! +48 502 50 70 74\",\"description\":\"Impol SARL - Przedstawiciel transportu w Europie\",\"publisher\":{\"@id\":\"https:\/\/impolsarl.com\/#organization\"},\"potentialAction\":[{\"@type\":\"SearchAction\",\"target\":{\"@type\":\"EntryPoint\",\"urlTemplate\":\"https:\/\/impolsarl.com\/?s={search_term_string}\"},\"query-input\":{\"@type\":\"PropertyValueSpecification\",\"valueRequired\":true,\"valueName\":\"search_term_string\"}}],\"inLanguage\":\"de\"},{\"@type\":\"Organization\",\"@id\":\"https:\/\/impolsarl.com\/#organization\",\"name\":\"Impol - Przedstawiciel Transportu i Pracownikow Delegowanych Do Francji\",\"url\":\"https:\/\/impolsarl.com\/\",\"logo\":{\"@type\":\"ImageObject\",\"inLanguage\":\"de\",\"@id\":\"https:\/\/impolsarl.com\/#\/schema\/logo\/image\/\",\"url\":\"https:\/\/impolsarl.com\/wp-content\/uploads\/2018\/08\/logo-1.png\",\"contentUrl\":\"https:\/\/impolsarl.com\/wp-content\/uploads\/2018\/08\/logo-1.png\",\"width\":133,\"height\":126,\"caption\":\"Impol - Przedstawiciel Transportu i Pracownikow Delegowanych Do Francji\"},\"image\":{\"@id\":\"https:\/\/impolsarl.com\/#\/schema\/logo\/image\/\"},\"sameAs\":[\"https:\/\/www.facebook.com\/przedstawicieltransportuwefrancji\/\",\"https:\/\/www.youtube.com\/watch?v=2zjQ9NJBf04\"]}]}<\/script>\n<!-- \/ Yoast SEO Premium plugin. -->","yoast_head_json":{"title":"Unternehmensgr\u00fcndung in Frankreich | Berater bei der Gr\u00fcndung eines Unternehmens in Frankreich | IMPOL","description":"Die Gr\u00fcndung eines Unternehmens in Frankreich ist mit strengen Vorschriften verbunden. Impol hilft Ihnen bei der Bew\u00e4ltigung aller rechtlichen Probleme und mehr! Probieren Sie es aus!","robots":{"index":"index","follow":"follow","max-snippet":"max-snippet:-1","max-image-preview":"max-image-preview:large","max-video-preview":"max-video-preview:-1"},"canonical":"https:\/\/impolsarl.com\/de\/gruendung-eines-unternehmens-in-frankreich\/","og_locale":"de_DE","og_type":"article","og_title":"Gr\u00fcndung eines Unternehmens in Frankreich","og_description":"Die Gr\u00fcndung eines Unternehmens in Frankreich ist mit strengen Vorschriften verbunden. Impol hilft Ihnen bei der Bew\u00e4ltigung aller rechtlichen Probleme und mehr! Probieren Sie es aus!","og_url":"https:\/\/impolsarl.com\/de\/gruendung-eines-unternehmens-in-frankreich\/","og_site_name":"Impol - Reprezentant we Francji od ponad dekady! +48 502 50 70 74","article_publisher":"https:\/\/www.facebook.com\/przedstawicieltransportuwefrancji\/","article_modified_time":"2025-06-02T12:29:13+00:00","twitter_card":"summary_large_image","twitter_misc":{"Gesch\u00e4tzte Lesezeit":"5\u00a0Minuten"},"schema":{"@context":"https:\/\/schema.org","@graph":[{"@type":"WebPage","@id":"https:\/\/impolsarl.com\/de\/gruendung-eines-unternehmens-in-frankreich\/","url":"https:\/\/impolsarl.com\/de\/gruendung-eines-unternehmens-in-frankreich\/","name":"Unternehmensgr\u00fcndung in Frankreich | Berater bei der Gr\u00fcndung eines Unternehmens in Frankreich | IMPOL","isPartOf":{"@id":"https:\/\/impolsarl.com\/#website"},"datePublished":"2022-02-23T16:45:18+00:00","dateModified":"2025-06-02T12:29:13+00:00","description":"Die Gr\u00fcndung eines Unternehmens in Frankreich ist mit strengen Vorschriften verbunden. Impol hilft Ihnen bei der Bew\u00e4ltigung aller rechtlichen Probleme und mehr! Probieren Sie es aus!","breadcrumb":{"@id":"https:\/\/impolsarl.com\/de\/gruendung-eines-unternehmens-in-frankreich\/#breadcrumb"},"inLanguage":"de","potentialAction":[{"@type":"ReadAction","target":["https:\/\/impolsarl.com\/de\/gruendung-eines-unternehmens-in-frankreich\/"]}]},{"@type":"BreadcrumbList","@id":"https:\/\/impolsarl.com\/de\/gruendung-eines-unternehmens-in-frankreich\/#breadcrumb","itemListElement":[{"@type":"ListItem","position":1,"name":"Strona g\u0142\u00f3wna","item":"https:\/\/impolsarl.com\/de\/homepage\/"},{"@type":"ListItem","position":2,"name":"Gr\u00fcndung eines Unternehmens in Frankreich"}]},{"@type":"WebSite","@id":"https:\/\/impolsarl.com\/#website","url":"https:\/\/impolsarl.com\/","name":"Impol - Reprezentant we Francji od ponad dekady! +48 502 50 70 74","description":"Impol SARL - Przedstawiciel transportu w Europie","publisher":{"@id":"https:\/\/impolsarl.com\/#organization"},"potentialAction":[{"@type":"SearchAction","target":{"@type":"EntryPoint","urlTemplate":"https:\/\/impolsarl.com\/?s={search_term_string}"},"query-input":{"@type":"PropertyValueSpecification","valueRequired":true,"valueName":"search_term_string"}}],"inLanguage":"de"},{"@type":"Organization","@id":"https:\/\/impolsarl.com\/#organization","name":"Impol - Przedstawiciel Transportu i Pracownikow Delegowanych Do Francji","url":"https:\/\/impolsarl.com\/","logo":{"@type":"ImageObject","inLanguage":"de","@id":"https:\/\/impolsarl.com\/#\/schema\/logo\/image\/","url":"https:\/\/impolsarl.com\/wp-content\/uploads\/2018\/08\/logo-1.png","contentUrl":"https:\/\/impolsarl.com\/wp-content\/uploads\/2018\/08\/logo-1.png","width":133,"height":126,"caption":"Impol - Przedstawiciel Transportu i Pracownikow Delegowanych Do Francji"},"image":{"@id":"https:\/\/impolsarl.com\/#\/schema\/logo\/image\/"},"sameAs":["https:\/\/www.facebook.com\/przedstawicieltransportuwefrancji\/","https:\/\/www.youtube.com\/watch?v=2zjQ9NJBf04"]}]}},"_links":{"self":[{"href":"https:\/\/impolsarl.com\/de\/wp-json\/wp\/v2\/pages\/5915","targetHints":{"allow":["GET"]}}],"collection":[{"href":"https:\/\/impolsarl.com\/de\/wp-json\/wp\/v2\/pages"}],"about":[{"href":"https:\/\/impolsarl.com\/de\/wp-json\/wp\/v2\/types\/page"}],"author":[{"embeddable":true,"href":"https:\/\/impolsarl.com\/de\/wp-json\/wp\/v2\/users\/5"}],"replies":[{"embeddable":true,"href":"https:\/\/impolsarl.com\/de\/wp-json\/wp\/v2\/comments?post=5915"}],"version-history":[{"count":1,"href":"https:\/\/impolsarl.com\/de\/wp-json\/wp\/v2\/pages\/5915\/revisions"}],"predecessor-version":[{"id":5916,"href":"https:\/\/impolsarl.com\/de\/wp-json\/wp\/v2\/pages\/5915\/revisions\/5916"}],"wp:attachment":[{"href":"https:\/\/impolsarl.com\/de\/wp-json\/wp\/v2\/media?parent=5915"}],"wp:term":[{"taxonomy":"folder","embeddable":true,"href":"https:\/\/impolsarl.com\/de\/wp-json\/wp\/v2\/folder?post=5915"}],"curies":[{"name":"wp","href":"https:\/\/api.w.org\/{rel}","templated":true}]}}