{"id":5907,"date":"2022-02-23T17:45:18","date_gmt":"2022-02-23T16:45:18","guid":{"rendered":"https:\/\/impolsarl.com\/betreuung-von-unternehmen\/"},"modified":"2025-06-02T14:25:29","modified_gmt":"2025-06-02T12:25:29","slug":"betreuung-von-unternehmen","status":"publish","type":"page","link":"https:\/\/impolsarl.com\/de\/betreuung-von-unternehmen\/","title":{"rendered":"Betreuung von Unternehmen"},"content":{"rendered":"\n<div class=\"seo\"><p>Bei Impol bieten wir Ihnen L\u00f6sungen, die den Erfolg Ihres Unternehmens auf dem internationalen Markt sichern. Als Unternehmen, das sich auf die Entsendung von Mitarbeitern ins Ausland spezialisiert hat, vertreten wir eine Vielzahl von Branchen, darunter Transport, Logistik, Bauwesen, Industrie und Ingenieurwesen. Unsere Dienstleistungen sind auf Ihre Bed\u00fcrfnisse zugeschnitten und geben Ihnen die Sicherheit, dass Ihre Projekte im Ausland reibungslos und vorschriftsm\u00e4\u00dfig durchgef\u00fchrt werden.  \n<\/p>\n<h2>Dienstleistungen f\u00fcr Bauunternehmen in Frankreich<\/h2>\n<p>Als direkter Vertreter von Unternehmen in Frankreich sind wir seit \u00fcber 30 Jahren t\u00e4tig. Wir verf\u00fcgen \u00fcber Fachwissen, das durch umfangreiche Erfahrung untermauert ist. Wir begleiten Sie transparent durch jede Phase unserer Zusammenarbeit \u2013 von der Analyse der rechtlichen Aspekte der Entsendung von Arbeitnehmern ins Ausland bis hin zur Abrechnung ihrer Lohnabrechnungen. Wir bieten Ihnen Unterst\u00fctzung in polnischer, englischer, franz\u00f6sischer und russischer Sprache. Unsere Kunden k\u00f6nnen sich unter anderem auf unsere Fachkompetenz und Zuverl\u00e4ssigkeit im Bereich des franz\u00f6sischen Rechts und bei der Information \u00fcber dessen \u00c4nderungen verlassen.    <\/p>\n<p>Unabh\u00e4ngig davon, ob Sie gerade eine Expansion in einen ausl\u00e4ndischen Markt erw\u00e4gen oder Ihr Unternehmen bereits dort t\u00e4tig ist, bieten wir Ihnen mit unserer professionellen Rechts-, Buchhaltungs- und Personalberatung eine effektive Unterst\u00fctzung, damit Ihre Gesch\u00e4ftsvorhaben reibungslos und problemlos ablaufen.\n<\/p>\n<p>Durch die Zusammenarbeit mit uns gewinnen Sie nicht nur Experten auf dem Gebiet der Entsendung von Arbeitnehmern, des franz\u00f6sischen Rechts und des Personalwesens, sondern auch einen zuverl\u00e4ssigen Partner, der dank seiner Kenntnisse der lokalen Gesch\u00e4ftskultur und der Besonderheiten des Marktes einen wesentlichen Beitrag zur Entwicklung und Umsetzung Ihrer Pl\u00e4ne leistet.\n<\/p>\n<p>Sie k\u00f6nnen sich auch in der Phase der Gr\u00fcndung eines Bauunternehmens in Frankreich auf unsere Spezialisten verlassen, z. B. bei der Registrierung bei CNFE, PROBTP und VAT. Dar\u00fcber hinaus bieten wir Ihnen die rechtliche Vorbereitung auf eventuelle Kontrollen, wie z. B. URSSAF, sowie Beratung im Bereich des EU-Arbeitsrechts und der Branchentarifvertr\u00e4ge. Zu unseren zahlreichen Dienstleistungen f\u00fcr in Frankreich t\u00e4tige Unternehmen geh\u00f6ren au\u00dferdem Inkasso, Unterst\u00fctzung bei Verhandlungen mit Vertragspartnern, R\u00fcckforderung von zu viel gezahlter Mehrwertsteuer aus dem Ausland, Beantragung der Umweltplakette Crit&#8217;Air oder Einspruch gegen Bu\u00dfgeldbescheide. Wir fertigen auch beglaubigte \u00dcbersetzungen aus dem Polnischen ins Franz\u00f6sische und aus dem Franz\u00f6sischen ins Polnische an.    \n<\/p>\n<h2>Entfalten Sie das volle Potenzial Ihres Unternehmens mit Impol!<\/h2>\n<p>Wir kennen die Herausforderungen in den Bereichen Bauwesen, Transport, Industrie und Ingenieurwesen in Frankreich sehr gut. Wir sorgen daf\u00fcr, dass die durchgef\u00fchrten Ma\u00dfnahmen keine unn\u00f6tigen Schwierigkeiten mit sich bringen. Wir helfen Ihnen dabei, sich auf das Wesentliche zu konzentrieren.   \n<\/p>\n<p>Neben der Erledigung administrativer Angelegenheiten und der Buchhaltung bieten wir Ihnen alle Informationen zur Entsendung von Mitarbeitern in Europa und weltweit. Wir bereiten die erforderlichen Dokumente vor und helfen Ihnen bei der Erledigung der Formalit\u00e4ten. Unterschiedliche Rechtsvorschriften, geringf\u00fcgige Abweichungen in der Auslegung, unterschiedliche Verwaltungsanforderungen \u2013 all dies kann die Entsendung von Mitarbeitern zu einer komplexen Angelegenheit machen. Unser Unternehmen garantiert Ihnen umfassende Unterst\u00fctzung in diesem Bereich und sorgt daf\u00fcr, dass alles termingerecht und in \u00dcbereinstimmung mit den geltenden Rechtsvorschriften organisiert wird.    \n<\/p>\n<strong>Wir laden sowohl gro\u00dfe als auch kleinere Unternehmen zur Zusammenarbeit ein. Aus Frankreich bieten wir telefonischen Support von 7:00 bis 22:00 Uhr, auch an Wochenenden und Feiertagen. Impol steht f\u00fcr zuverl\u00e4ssigen und effizienten Service, der auf die individuellen Bed\u00fcrfnisse des Kunden zugeschnitten ist.  \n<\/strong><\/div>\n","protected":false},"excerpt":{"rendered":"<p>Bei Impol bieten wir Ihnen L\u00f6sungen, die den Erfolg Ihres Unternehmens auf dem internationalen Markt sichern. Als Unternehmen, das sich auf die Entsendung von Mitarbeitern ins Ausland spezialisiert hat, vertreten wir eine Vielzahl von Branchen, darunter Transport, Logistik, Bauwesen, Industrie und Ingenieurwesen. Unsere Dienstleistungen sind auf Ihre Bed\u00fcrfnisse zugeschnitten und geben Ihnen die Sicherheit, dass &hellip;<\/p>\n<p class=\"read-more\"> <a class=\"\" href=\"https:\/\/impolsarl.com\/de\/betreuung-von-unternehmen\/\"> <span class=\"screen-reader-text\">Betreuung von Unternehmen<\/span> Read More \u00bb<\/a><\/p>\n","protected":false},"author":5,"featured_media":0,"parent":0,"menu_order":34,"comment_status":"closed","ping_status":"closed","template":"","meta":{"_acf_changed":false,"site-sidebar-layout":"default","site-content-layout":"","ast-site-content-layout":"","site-content-style":"default","site-sidebar-style":"default","ast-global-header-display":"","ast-banner-title-visibility":"","ast-main-header-display":"","ast-hfb-above-header-display":"","ast-hfb-below-header-display":"","ast-hfb-mobile-header-display":"","site-post-title":"","ast-breadcrumbs-content":"","ast-featured-img":"","footer-sml-layout":"","theme-transparent-header-meta":"","adv-header-id-meta":"","stick-header-meta":"","header-above-stick-meta":"","header-main-stick-meta":"","header-below-stick-meta":"","astra-migrate-meta-layouts":"default","ast-page-background-enabled":"default","ast-page-background-meta":{"desktop":{"background-color":"var(--ast-global-color-4)","background-image":"","background-repeat":"repeat","background-position":"center center","background-size":"auto","background-attachment":"scroll","background-type":"","background-media":"","overlay-type":"","overlay-color":"","overlay-gradient":""},"tablet":{"background-color":"","background-image":"","background-repeat":"repeat","background-position":"center center","background-size":"auto","background-attachment":"scroll","background-type":"","background-media":"","overlay-type":"","overlay-color":"","overlay-gradient":""},"mobile":{"background-color":"","background-image":"","background-repeat":"repeat","background-position":"center center","background-size":"auto","background-attachment":"scroll","background-type":"","background-media":"","overlay-type":"","overlay-color":"","overlay-gradient":""}},"ast-content-background-meta":{"desktop":{"background-color":"var(--ast-global-color-5)","background-image":"","background-repeat":"repeat","background-position":"center center","background-size":"auto","background-attachment":"scroll","background-type":"","background-media":"","overlay-type":"","overlay-color":"","overlay-gradient":""},"tablet":{"background-color":"var(--ast-global-color-5)","background-image":"","background-repeat":"repeat","background-position":"center center","background-size":"auto","background-attachment":"scroll","background-type":"","background-media":"","overlay-type":"","overlay-color":"","overlay-gradient":""},"mobile":{"background-color":"var(--ast-global-color-5)","background-image":"","background-repeat":"repeat","background-position":"center center","background-size":"auto","background-attachment":"scroll","background-type":"","background-media":"","overlay-type":"","overlay-color":"","overlay-gradient":""}},"footnotes":""},"folder":[94],"class_list":["post-5907","page","type-page","status-publish","hentry"],"acf":[],"yoast_head":"<!-- This site is optimized with the Yoast SEO Premium plugin v24.7 (Yoast SEO v24.7) - https:\/\/yoast.com\/wordpress\/plugins\/seo\/ -->\n<title>Dienstleistungen f\u00fcr Bauunternehmen in Frankreich | Vertretung von Bauunternehmen in Frankreich | IMPOL<\/title>\n<meta name=\"description\" content=\"Impol ist seit drei Jahrzehnten als direkter Vertreter von Unternehmen aus der Baubranche in Frankreich t\u00e4tig und kann auf zahlreiche Erfolge zur\u00fcckblicken. Entdecken Sie unser Angebot!\" \/>\n<meta name=\"robots\" content=\"index, follow, max-snippet:-1, max-image-preview:large, max-video-preview:-1\" \/>\n<link rel=\"canonical\" href=\"https:\/\/impolsarl.com\/de\/betreuung-von-unternehmen\/\" \/>\n<meta property=\"og:locale\" content=\"de_DE\" \/>\n<meta property=\"og:type\" content=\"article\" \/>\n<meta property=\"og:title\" content=\"Betreuung von Unternehmen\" \/>\n<meta property=\"og:description\" content=\"Impol ist seit drei Jahrzehnten als direkter Vertreter von Unternehmen aus der Baubranche in Frankreich t\u00e4tig und kann auf zahlreiche Erfolge zur\u00fcckblicken. Entdecken Sie unser Angebot!\" \/>\n<meta property=\"og:url\" content=\"https:\/\/impolsarl.com\/de\/betreuung-von-unternehmen\/\" \/>\n<meta property=\"og:site_name\" content=\"Impol - Reprezentant we Francji od ponad dekady! +48 502 50 70 74\" \/>\n<meta property=\"article:publisher\" content=\"https:\/\/www.facebook.com\/przedstawicieltransportuwefrancji\/\" \/>\n<meta property=\"article:modified_time\" content=\"2025-06-02T12:25:29+00:00\" \/>\n<meta name=\"twitter:card\" content=\"summary_large_image\" \/>\n<meta name=\"twitter:label1\" content=\"Gesch\u00e4tzte Lesezeit\" \/>\n\t<meta name=\"twitter:data1\" content=\"3\u00a0Minuten\" \/>\n<script type=\"application\/ld+json\" class=\"yoast-schema-graph\">{\"@context\":\"https:\/\/schema.org\",\"@graph\":[{\"@type\":\"WebPage\",\"@id\":\"https:\/\/impolsarl.com\/de\/betreuung-von-unternehmen\/\",\"url\":\"https:\/\/impolsarl.com\/de\/betreuung-von-unternehmen\/\",\"name\":\"Dienstleistungen f\u00fcr Bauunternehmen in Frankreich | Vertretung von Bauunternehmen in Frankreich | IMPOL\",\"isPartOf\":{\"@id\":\"https:\/\/impolsarl.com\/#website\"},\"datePublished\":\"2022-02-23T16:45:18+00:00\",\"dateModified\":\"2025-06-02T12:25:29+00:00\",\"description\":\"Impol ist seit drei Jahrzehnten als direkter Vertreter von Unternehmen aus der Baubranche in Frankreich t\u00e4tig und kann auf zahlreiche Erfolge zur\u00fcckblicken. Entdecken Sie unser Angebot!\",\"breadcrumb\":{\"@id\":\"https:\/\/impolsarl.com\/de\/betreuung-von-unternehmen\/#breadcrumb\"},\"inLanguage\":\"de\",\"potentialAction\":[{\"@type\":\"ReadAction\",\"target\":[\"https:\/\/impolsarl.com\/de\/betreuung-von-unternehmen\/\"]}]},{\"@type\":\"BreadcrumbList\",\"@id\":\"https:\/\/impolsarl.com\/de\/betreuung-von-unternehmen\/#breadcrumb\",\"itemListElement\":[{\"@type\":\"ListItem\",\"position\":1,\"name\":\"Strona g\u0142\u00f3wna\",\"item\":\"https:\/\/impolsarl.com\/de\/homepage\/\"},{\"@type\":\"ListItem\",\"position\":2,\"name\":\"Betreuung von Unternehmen\"}]},{\"@type\":\"WebSite\",\"@id\":\"https:\/\/impolsarl.com\/#website\",\"url\":\"https:\/\/impolsarl.com\/\",\"name\":\"Impol - Reprezentant we Francji od ponad dekady! +48 502 50 70 74\",\"description\":\"Impol SARL - Przedstawiciel transportu w Europie\",\"publisher\":{\"@id\":\"https:\/\/impolsarl.com\/#organization\"},\"potentialAction\":[{\"@type\":\"SearchAction\",\"target\":{\"@type\":\"EntryPoint\",\"urlTemplate\":\"https:\/\/impolsarl.com\/?s={search_term_string}\"},\"query-input\":{\"@type\":\"PropertyValueSpecification\",\"valueRequired\":true,\"valueName\":\"search_term_string\"}}],\"inLanguage\":\"de\"},{\"@type\":\"Organization\",\"@id\":\"https:\/\/impolsarl.com\/#organization\",\"name\":\"Impol - Przedstawiciel Transportu i Pracownikow Delegowanych Do Francji\",\"url\":\"https:\/\/impolsarl.com\/\",\"logo\":{\"@type\":\"ImageObject\",\"inLanguage\":\"de\",\"@id\":\"https:\/\/impolsarl.com\/#\/schema\/logo\/image\/\",\"url\":\"https:\/\/impolsarl.com\/wp-content\/uploads\/2018\/08\/logo-1.png\",\"contentUrl\":\"https:\/\/impolsarl.com\/wp-content\/uploads\/2018\/08\/logo-1.png\",\"width\":133,\"height\":126,\"caption\":\"Impol - Przedstawiciel Transportu i Pracownikow Delegowanych Do Francji\"},\"image\":{\"@id\":\"https:\/\/impolsarl.com\/#\/schema\/logo\/image\/\"},\"sameAs\":[\"https:\/\/www.facebook.com\/przedstawicieltransportuwefrancji\/\",\"https:\/\/www.youtube.com\/watch?v=2zjQ9NJBf04\"]}]}<\/script>\n<!-- \/ Yoast SEO Premium plugin. -->","yoast_head_json":{"title":"Dienstleistungen f\u00fcr Bauunternehmen in Frankreich | Vertretung von Bauunternehmen in Frankreich | IMPOL","description":"Impol ist seit drei Jahrzehnten als direkter Vertreter von Unternehmen aus der Baubranche in Frankreich t\u00e4tig und kann auf zahlreiche Erfolge zur\u00fcckblicken. Entdecken Sie unser Angebot!","robots":{"index":"index","follow":"follow","max-snippet":"max-snippet:-1","max-image-preview":"max-image-preview:large","max-video-preview":"max-video-preview:-1"},"canonical":"https:\/\/impolsarl.com\/de\/betreuung-von-unternehmen\/","og_locale":"de_DE","og_type":"article","og_title":"Betreuung von Unternehmen","og_description":"Impol ist seit drei Jahrzehnten als direkter Vertreter von Unternehmen aus der Baubranche in Frankreich t\u00e4tig und kann auf zahlreiche Erfolge zur\u00fcckblicken. Entdecken Sie unser Angebot!","og_url":"https:\/\/impolsarl.com\/de\/betreuung-von-unternehmen\/","og_site_name":"Impol - Reprezentant we Francji od ponad dekady! +48 502 50 70 74","article_publisher":"https:\/\/www.facebook.com\/przedstawicieltransportuwefrancji\/","article_modified_time":"2025-06-02T12:25:29+00:00","twitter_card":"summary_large_image","twitter_misc":{"Gesch\u00e4tzte Lesezeit":"3\u00a0Minuten"},"schema":{"@context":"https:\/\/schema.org","@graph":[{"@type":"WebPage","@id":"https:\/\/impolsarl.com\/de\/betreuung-von-unternehmen\/","url":"https:\/\/impolsarl.com\/de\/betreuung-von-unternehmen\/","name":"Dienstleistungen f\u00fcr Bauunternehmen in Frankreich | Vertretung von Bauunternehmen in Frankreich | IMPOL","isPartOf":{"@id":"https:\/\/impolsarl.com\/#website"},"datePublished":"2022-02-23T16:45:18+00:00","dateModified":"2025-06-02T12:25:29+00:00","description":"Impol ist seit drei Jahrzehnten als direkter Vertreter von Unternehmen aus der Baubranche in Frankreich t\u00e4tig und kann auf zahlreiche Erfolge zur\u00fcckblicken. Entdecken Sie unser Angebot!","breadcrumb":{"@id":"https:\/\/impolsarl.com\/de\/betreuung-von-unternehmen\/#breadcrumb"},"inLanguage":"de","potentialAction":[{"@type":"ReadAction","target":["https:\/\/impolsarl.com\/de\/betreuung-von-unternehmen\/"]}]},{"@type":"BreadcrumbList","@id":"https:\/\/impolsarl.com\/de\/betreuung-von-unternehmen\/#breadcrumb","itemListElement":[{"@type":"ListItem","position":1,"name":"Strona g\u0142\u00f3wna","item":"https:\/\/impolsarl.com\/de\/homepage\/"},{"@type":"ListItem","position":2,"name":"Betreuung von Unternehmen"}]},{"@type":"WebSite","@id":"https:\/\/impolsarl.com\/#website","url":"https:\/\/impolsarl.com\/","name":"Impol - Reprezentant we Francji od ponad dekady! +48 502 50 70 74","description":"Impol SARL - Przedstawiciel transportu w Europie","publisher":{"@id":"https:\/\/impolsarl.com\/#organization"},"potentialAction":[{"@type":"SearchAction","target":{"@type":"EntryPoint","urlTemplate":"https:\/\/impolsarl.com\/?s={search_term_string}"},"query-input":{"@type":"PropertyValueSpecification","valueRequired":true,"valueName":"search_term_string"}}],"inLanguage":"de"},{"@type":"Organization","@id":"https:\/\/impolsarl.com\/#organization","name":"Impol - Przedstawiciel Transportu i Pracownikow Delegowanych Do Francji","url":"https:\/\/impolsarl.com\/","logo":{"@type":"ImageObject","inLanguage":"de","@id":"https:\/\/impolsarl.com\/#\/schema\/logo\/image\/","url":"https:\/\/impolsarl.com\/wp-content\/uploads\/2018\/08\/logo-1.png","contentUrl":"https:\/\/impolsarl.com\/wp-content\/uploads\/2018\/08\/logo-1.png","width":133,"height":126,"caption":"Impol - Przedstawiciel Transportu i Pracownikow Delegowanych Do Francji"},"image":{"@id":"https:\/\/impolsarl.com\/#\/schema\/logo\/image\/"},"sameAs":["https:\/\/www.facebook.com\/przedstawicieltransportuwefrancji\/","https:\/\/www.youtube.com\/watch?v=2zjQ9NJBf04"]}]}},"_links":{"self":[{"href":"https:\/\/impolsarl.com\/de\/wp-json\/wp\/v2\/pages\/5907","targetHints":{"allow":["GET"]}}],"collection":[{"href":"https:\/\/impolsarl.com\/de\/wp-json\/wp\/v2\/pages"}],"about":[{"href":"https:\/\/impolsarl.com\/de\/wp-json\/wp\/v2\/types\/page"}],"author":[{"embeddable":true,"href":"https:\/\/impolsarl.com\/de\/wp-json\/wp\/v2\/users\/5"}],"replies":[{"embeddable":true,"href":"https:\/\/impolsarl.com\/de\/wp-json\/wp\/v2\/comments?post=5907"}],"version-history":[{"count":1,"href":"https:\/\/impolsarl.com\/de\/wp-json\/wp\/v2\/pages\/5907\/revisions"}],"predecessor-version":[{"id":5908,"href":"https:\/\/impolsarl.com\/de\/wp-json\/wp\/v2\/pages\/5907\/revisions\/5908"}],"wp:attachment":[{"href":"https:\/\/impolsarl.com\/de\/wp-json\/wp\/v2\/media?parent=5907"}],"wp:term":[{"taxonomy":"folder","embeddable":true,"href":"https:\/\/impolsarl.com\/de\/wp-json\/wp\/v2\/folder?post=5907"}],"curies":[{"name":"wp","href":"https:\/\/api.w.org\/{rel}","templated":true}]}}