{"id":5807,"date":"2025-01-14T08:54:40","date_gmt":"2025-01-14T07:54:40","guid":{"rendered":"https:\/\/impolsarl.com\/uebersetzung\/beglaubigte-uebersetzungen\/"},"modified":"2025-06-02T02:13:43","modified_gmt":"2025-06-02T00:13:43","slug":"beglaubigte-uebersetzungen","status":"publish","type":"page","link":"https:\/\/impolsarl.com\/de\/uebersetzung\/beglaubigte-uebersetzungen\/","title":{"rendered":"Beglaubigte \u00dcbersetzungen"},"content":{"rendered":"<p>Beglaubigte \u00dcbersetzungen, die auch als vereidigte \u00dcbersetzungen bezeichnet werden, sind f\u00fcr den Umlauf von Dokumenten mit amtlichem Charakter unerl\u00e4sslich. Diese Art von \u00dcbersetzungen erfordern das Siegel und die Unterschrift eines vereidigten \u00dcbersetzers, der nach polnischem Recht eine vom Justizminister bevollm\u00e4chtigte Person ist. Dazu geh\u00f6ren u. a. Personenstandsurkunden, Gerichtsdokumente, Urkunden, Vollmachten oder Vertr\u00e4ge. Eine genaue \u00dcbersetzung ist unerl\u00e4sslich, um ihre korrekte Verwendung in rechtlichen oder offiziellen Zusammenh\u00e4ngen zu gew\u00e4hrleisten.    <\/p>\n<p>Das hohe Ma\u00df an Verantwortung, das mit solchen Beispielen verbunden ist, erfordert eine besondere Aufmerksamkeit f\u00fcr Details. Die Fachleute von Impol verf\u00fcgen \u00fcber fundierte Kenntnisse und umfangreiche Erfahrungen. Jeder unserer vereidigten Polnisch-Franz\u00f6sisch-\u00dcbersetzer garantiert, dass der Inhalt vollst\u00e4ndig mit dem Original \u00fcbereinstimmt &#8211; sowohl in Bezug auf den Inhalt als auch auf die Form.   <\/p>\n\n<div class=\"seo\"><h2 class=\"wp-block-heading\"><strong>Beeidigte \u00dcbersetzungen &#8211; Professionalit\u00e4t und Pr\u00e4zision garantiert durch Impol\n<\/strong><\/h2><\/div>\n\n<p>Wir bieten eine umfassende \u00dcbersetzung von Dokumenten durch einen vereidigten \u00dcbersetzer und eine Beglaubigung nach dem geltenden Recht. Wir sind spezialisiert auf die \u00dcbersetzung einer Vielzahl von offiziellen und amtlichen Dokumenten, wie z.B. Geburtsurkunden, Arbeitszeugnisse, Diplome, Zeugnisse oder Dokumente zur Firmenregistrierung. Dank unserer Zusammenarbeit mit hochkar\u00e4tigen Fachleuten mit den entsprechenden Akkreditierungen gew\u00e4hrleisten wir die Einhaltung der gesetzlichen Vorschriften sowohl in Polen als auch in den franz\u00f6sischsprachigen L\u00e4ndern.  <\/p>\n\n<p>Beglaubigte \u00dcbersetzungen von Dokumenten im Bereich des Franz\u00f6sischen werden bei Impol stets nicht nur mit der Sorgfalt einer originalgetreuen Wiedergabe des Inhalts angefertigt, sondern auch unter Ber\u00fccksichtigung kultureller Unterschiede, die sich m\u00f6glicherweise auf die Auslegung auswirken k\u00f6nnen. Wir f\u00fchren sowohl Auftr\u00e4ge f\u00fcr beglaubigte \u00dcbersetzungen aus dem Polnischen ins Franz\u00f6sische als auch aus dem Franz\u00f6sischen ins Polnische aus und garantieren P\u00fcnktlichkeit und Professionalit\u00e4t in jeder Phase. Wir richten uns mit unseren Dienstleistungen sowohl an Privatkunden als auch an Unternehmen, die Unterst\u00fctzung im Bereich der formellen Dokumentation ben\u00f6tigen.  <\/p>\n\n<p>Wir laden Sie auch ein, einen Blick auf unser Angebot f\u00fcr gew\u00f6hnliche \u00dcbersetzungen in Italienisch, Deutsch, Spanisch und Englisch zu werfen.<\/p>\n\n<p>Es lohnt sich, seri\u00f6sen Fachleuten zu vertrauen und sich darauf zu verlassen, dass die Dokumente korrekt \u00fcbersetzt werden und f\u00fcr die Verwendung in Verwaltungs- oder Gerichtsverfahren geeignet sind.<\/p>\n","protected":false},"excerpt":{"rendered":"<p>Beglaubigte \u00dcbersetzungen, die auch als vereidigte \u00dcbersetzungen bezeichnet werden, sind f\u00fcr den Umlauf von Dokumenten mit amtlichem Charakter unerl\u00e4sslich. Diese Art von \u00dcbersetzungen erfordern das Siegel und die Unterschrift eines vereidigten \u00dcbersetzers, der nach polnischem Recht eine vom Justizminister bevollm\u00e4chtigte Person ist. Dazu geh\u00f6ren u. a. Personenstandsurkunden, Gerichtsdokumente, Urkunden, Vollmachten oder Vertr\u00e4ge. Eine genaue \u00dcbersetzung &hellip;<\/p>\n<p class=\"read-more\"> <a class=\"\" href=\"https:\/\/impolsarl.com\/de\/uebersetzung\/beglaubigte-uebersetzungen\/\"> <span class=\"screen-reader-text\">Beglaubigte \u00dcbersetzungen<\/span> Read More \u00bb<\/a><\/p>\n","protected":false},"author":5,"featured_media":0,"parent":5424,"menu_order":21,"comment_status":"closed","ping_status":"closed","template":"","meta":{"_acf_changed":false,"site-sidebar-layout":"default","site-content-layout":"","ast-site-content-layout":"","site-content-style":"default","site-sidebar-style":"default","ast-global-header-display":"","ast-banner-title-visibility":"","ast-main-header-display":"","ast-hfb-above-header-display":"","ast-hfb-below-header-display":"","ast-hfb-mobile-header-display":"","site-post-title":"","ast-breadcrumbs-content":"","ast-featured-img":"","footer-sml-layout":"","theme-transparent-header-meta":"","adv-header-id-meta":"","stick-header-meta":"","header-above-stick-meta":"","header-main-stick-meta":"","header-below-stick-meta":"","astra-migrate-meta-layouts":"default","ast-page-background-enabled":"default","ast-page-background-meta":{"desktop":{"background-color":"var(--ast-global-color-4)","background-image":"","background-repeat":"repeat","background-position":"center center","background-size":"auto","background-attachment":"scroll","background-type":"","background-media":"","overlay-type":"","overlay-color":"","overlay-gradient":""},"tablet":{"background-color":"","background-image":"","background-repeat":"repeat","background-position":"center center","background-size":"auto","background-attachment":"scroll","background-type":"","background-media":"","overlay-type":"","overlay-color":"","overlay-gradient":""},"mobile":{"background-color":"","background-image":"","background-repeat":"repeat","background-position":"center center","background-size":"auto","background-attachment":"scroll","background-type":"","background-media":"","overlay-type":"","overlay-color":"","overlay-gradient":""}},"ast-content-background-meta":{"desktop":{"background-color":"var(--ast-global-color-5)","background-image":"","background-repeat":"repeat","background-position":"center center","background-size":"auto","background-attachment":"scroll","background-type":"","background-media":"","overlay-type":"","overlay-color":"","overlay-gradient":""},"tablet":{"background-color":"var(--ast-global-color-5)","background-image":"","background-repeat":"repeat","background-position":"center center","background-size":"auto","background-attachment":"scroll","background-type":"","background-media":"","overlay-type":"","overlay-color":"","overlay-gradient":""},"mobile":{"background-color":"var(--ast-global-color-5)","background-image":"","background-repeat":"repeat","background-position":"center center","background-size":"auto","background-attachment":"scroll","background-type":"","background-media":"","overlay-type":"","overlay-color":"","overlay-gradient":""}},"footnotes":""},"folder":[94],"class_list":["post-5807","page","type-page","status-publish","hentry"],"acf":[],"yoast_head":"<!-- This site is optimized with the Yoast SEO Premium plugin v24.7 (Yoast SEO v24.7) - https:\/\/yoast.com\/wordpress\/plugins\/seo\/ -->\n<title>Beglaubigte \u00dcbersetzungen | Beeidigter \u00dcbersetzer Polnisch-Franz\u00f6sisch | IMPOL<\/title>\n<meta name=\"description\" content=\"Impol garantiert die professionelle \u00dcbersetzung von Dokumenten durch einen beeidigten \u00dcbersetzer in Franz\u00f6sisch. Probieren Sie es jetzt aus!\" \/>\n<meta name=\"robots\" content=\"index, follow, max-snippet:-1, max-image-preview:large, max-video-preview:-1\" \/>\n<link rel=\"canonical\" href=\"https:\/\/impolsarl.com\/de\/uebersetzung\/beglaubigte-uebersetzungen\/\" \/>\n<meta property=\"og:locale\" content=\"de_DE\" \/>\n<meta property=\"og:type\" content=\"article\" \/>\n<meta property=\"og:title\" content=\"Beglaubigte \u00dcbersetzungen\" \/>\n<meta property=\"og:description\" content=\"Impol garantiert die professionelle \u00dcbersetzung von Dokumenten durch einen beeidigten \u00dcbersetzer in Franz\u00f6sisch. Probieren Sie es jetzt aus!\" \/>\n<meta property=\"og:url\" content=\"https:\/\/impolsarl.com\/de\/uebersetzung\/beglaubigte-uebersetzungen\/\" \/>\n<meta property=\"og:site_name\" content=\"Impol - Reprezentant we Francji od ponad dekady! +48 502 50 70 74\" \/>\n<meta property=\"article:publisher\" content=\"https:\/\/www.facebook.com\/przedstawicieltransportuwefrancji\/\" \/>\n<meta property=\"article:modified_time\" content=\"2025-06-02T00:13:43+00:00\" \/>\n<meta name=\"twitter:card\" content=\"summary_large_image\" \/>\n<meta name=\"twitter:label1\" content=\"Gesch\u00e4tzte Lesezeit\" \/>\n\t<meta name=\"twitter:data1\" content=\"2\u00a0Minuten\" \/>\n<script type=\"application\/ld+json\" class=\"yoast-schema-graph\">{\"@context\":\"https:\/\/schema.org\",\"@graph\":[{\"@type\":\"WebPage\",\"@id\":\"https:\/\/impolsarl.com\/de\/uebersetzung\/beglaubigte-uebersetzungen\/\",\"url\":\"https:\/\/impolsarl.com\/de\/uebersetzung\/beglaubigte-uebersetzungen\/\",\"name\":\"Beglaubigte \u00dcbersetzungen | Beeidigter \u00dcbersetzer Polnisch-Franz\u00f6sisch | IMPOL\",\"isPartOf\":{\"@id\":\"https:\/\/impolsarl.com\/#website\"},\"datePublished\":\"2025-01-14T07:54:40+00:00\",\"dateModified\":\"2025-06-02T00:13:43+00:00\",\"description\":\"Impol garantiert die professionelle \u00dcbersetzung von Dokumenten durch einen beeidigten \u00dcbersetzer in Franz\u00f6sisch. Probieren Sie es jetzt aus!\",\"breadcrumb\":{\"@id\":\"https:\/\/impolsarl.com\/de\/uebersetzung\/beglaubigte-uebersetzungen\/#breadcrumb\"},\"inLanguage\":\"de\",\"potentialAction\":[{\"@type\":\"ReadAction\",\"target\":[\"https:\/\/impolsarl.com\/de\/uebersetzung\/beglaubigte-uebersetzungen\/\"]}]},{\"@type\":\"BreadcrumbList\",\"@id\":\"https:\/\/impolsarl.com\/de\/uebersetzung\/beglaubigte-uebersetzungen\/#breadcrumb\",\"itemListElement\":[{\"@type\":\"ListItem\",\"position\":1,\"name\":\"Strona g\u0142\u00f3wna\",\"item\":\"https:\/\/impolsarl.com\/de\/homepage\/\"},{\"@type\":\"ListItem\",\"position\":2,\"name\":\"\u00dcbersetzung\",\"item\":\"https:\/\/impolsarl.com\/de\/uebersetzung\/\"},{\"@type\":\"ListItem\",\"position\":3,\"name\":\"Beglaubigte \u00dcbersetzungen\"}]},{\"@type\":\"WebSite\",\"@id\":\"https:\/\/impolsarl.com\/#website\",\"url\":\"https:\/\/impolsarl.com\/\",\"name\":\"Impol - Reprezentant we Francji od ponad dekady! +48 502 50 70 74\",\"description\":\"Impol SARL - Przedstawiciel transportu w Europie\",\"publisher\":{\"@id\":\"https:\/\/impolsarl.com\/#organization\"},\"potentialAction\":[{\"@type\":\"SearchAction\",\"target\":{\"@type\":\"EntryPoint\",\"urlTemplate\":\"https:\/\/impolsarl.com\/?s={search_term_string}\"},\"query-input\":{\"@type\":\"PropertyValueSpecification\",\"valueRequired\":true,\"valueName\":\"search_term_string\"}}],\"inLanguage\":\"de\"},{\"@type\":\"Organization\",\"@id\":\"https:\/\/impolsarl.com\/#organization\",\"name\":\"Impol - Przedstawiciel Transportu i Pracownikow Delegowanych Do Francji\",\"url\":\"https:\/\/impolsarl.com\/\",\"logo\":{\"@type\":\"ImageObject\",\"inLanguage\":\"de\",\"@id\":\"https:\/\/impolsarl.com\/#\/schema\/logo\/image\/\",\"url\":\"https:\/\/impolsarl.com\/wp-content\/uploads\/2018\/08\/logo-1.png\",\"contentUrl\":\"https:\/\/impolsarl.com\/wp-content\/uploads\/2018\/08\/logo-1.png\",\"width\":133,\"height\":126,\"caption\":\"Impol - Przedstawiciel Transportu i Pracownikow Delegowanych Do Francji\"},\"image\":{\"@id\":\"https:\/\/impolsarl.com\/#\/schema\/logo\/image\/\"},\"sameAs\":[\"https:\/\/www.facebook.com\/przedstawicieltransportuwefrancji\/\",\"https:\/\/www.youtube.com\/watch?v=2zjQ9NJBf04\"]}]}<\/script>\n<!-- \/ Yoast SEO Premium plugin. -->","yoast_head_json":{"title":"Beglaubigte \u00dcbersetzungen | Beeidigter \u00dcbersetzer Polnisch-Franz\u00f6sisch | IMPOL","description":"Impol garantiert die professionelle \u00dcbersetzung von Dokumenten durch einen beeidigten \u00dcbersetzer in Franz\u00f6sisch. Probieren Sie es jetzt aus!","robots":{"index":"index","follow":"follow","max-snippet":"max-snippet:-1","max-image-preview":"max-image-preview:large","max-video-preview":"max-video-preview:-1"},"canonical":"https:\/\/impolsarl.com\/de\/uebersetzung\/beglaubigte-uebersetzungen\/","og_locale":"de_DE","og_type":"article","og_title":"Beglaubigte \u00dcbersetzungen","og_description":"Impol garantiert die professionelle \u00dcbersetzung von Dokumenten durch einen beeidigten \u00dcbersetzer in Franz\u00f6sisch. Probieren Sie es jetzt aus!","og_url":"https:\/\/impolsarl.com\/de\/uebersetzung\/beglaubigte-uebersetzungen\/","og_site_name":"Impol - Reprezentant we Francji od ponad dekady! +48 502 50 70 74","article_publisher":"https:\/\/www.facebook.com\/przedstawicieltransportuwefrancji\/","article_modified_time":"2025-06-02T00:13:43+00:00","twitter_card":"summary_large_image","twitter_misc":{"Gesch\u00e4tzte Lesezeit":"2\u00a0Minuten"},"schema":{"@context":"https:\/\/schema.org","@graph":[{"@type":"WebPage","@id":"https:\/\/impolsarl.com\/de\/uebersetzung\/beglaubigte-uebersetzungen\/","url":"https:\/\/impolsarl.com\/de\/uebersetzung\/beglaubigte-uebersetzungen\/","name":"Beglaubigte \u00dcbersetzungen | Beeidigter \u00dcbersetzer Polnisch-Franz\u00f6sisch | IMPOL","isPartOf":{"@id":"https:\/\/impolsarl.com\/#website"},"datePublished":"2025-01-14T07:54:40+00:00","dateModified":"2025-06-02T00:13:43+00:00","description":"Impol garantiert die professionelle \u00dcbersetzung von Dokumenten durch einen beeidigten \u00dcbersetzer in Franz\u00f6sisch. Probieren Sie es jetzt aus!","breadcrumb":{"@id":"https:\/\/impolsarl.com\/de\/uebersetzung\/beglaubigte-uebersetzungen\/#breadcrumb"},"inLanguage":"de","potentialAction":[{"@type":"ReadAction","target":["https:\/\/impolsarl.com\/de\/uebersetzung\/beglaubigte-uebersetzungen\/"]}]},{"@type":"BreadcrumbList","@id":"https:\/\/impolsarl.com\/de\/uebersetzung\/beglaubigte-uebersetzungen\/#breadcrumb","itemListElement":[{"@type":"ListItem","position":1,"name":"Strona g\u0142\u00f3wna","item":"https:\/\/impolsarl.com\/de\/homepage\/"},{"@type":"ListItem","position":2,"name":"\u00dcbersetzung","item":"https:\/\/impolsarl.com\/de\/uebersetzung\/"},{"@type":"ListItem","position":3,"name":"Beglaubigte \u00dcbersetzungen"}]},{"@type":"WebSite","@id":"https:\/\/impolsarl.com\/#website","url":"https:\/\/impolsarl.com\/","name":"Impol - Reprezentant we Francji od ponad dekady! +48 502 50 70 74","description":"Impol SARL - Przedstawiciel transportu w Europie","publisher":{"@id":"https:\/\/impolsarl.com\/#organization"},"potentialAction":[{"@type":"SearchAction","target":{"@type":"EntryPoint","urlTemplate":"https:\/\/impolsarl.com\/?s={search_term_string}"},"query-input":{"@type":"PropertyValueSpecification","valueRequired":true,"valueName":"search_term_string"}}],"inLanguage":"de"},{"@type":"Organization","@id":"https:\/\/impolsarl.com\/#organization","name":"Impol - Przedstawiciel Transportu i Pracownikow Delegowanych Do Francji","url":"https:\/\/impolsarl.com\/","logo":{"@type":"ImageObject","inLanguage":"de","@id":"https:\/\/impolsarl.com\/#\/schema\/logo\/image\/","url":"https:\/\/impolsarl.com\/wp-content\/uploads\/2018\/08\/logo-1.png","contentUrl":"https:\/\/impolsarl.com\/wp-content\/uploads\/2018\/08\/logo-1.png","width":133,"height":126,"caption":"Impol - Przedstawiciel Transportu i Pracownikow Delegowanych Do Francji"},"image":{"@id":"https:\/\/impolsarl.com\/#\/schema\/logo\/image\/"},"sameAs":["https:\/\/www.facebook.com\/przedstawicieltransportuwefrancji\/","https:\/\/www.youtube.com\/watch?v=2zjQ9NJBf04"]}]}},"_links":{"self":[{"href":"https:\/\/impolsarl.com\/de\/wp-json\/wp\/v2\/pages\/5807","targetHints":{"allow":["GET"]}}],"collection":[{"href":"https:\/\/impolsarl.com\/de\/wp-json\/wp\/v2\/pages"}],"about":[{"href":"https:\/\/impolsarl.com\/de\/wp-json\/wp\/v2\/types\/page"}],"author":[{"embeddable":true,"href":"https:\/\/impolsarl.com\/de\/wp-json\/wp\/v2\/users\/5"}],"replies":[{"embeddable":true,"href":"https:\/\/impolsarl.com\/de\/wp-json\/wp\/v2\/comments?post=5807"}],"version-history":[{"count":1,"href":"https:\/\/impolsarl.com\/de\/wp-json\/wp\/v2\/pages\/5807\/revisions"}],"predecessor-version":[{"id":5808,"href":"https:\/\/impolsarl.com\/de\/wp-json\/wp\/v2\/pages\/5807\/revisions\/5808"}],"up":[{"embeddable":true,"href":"https:\/\/impolsarl.com\/de\/wp-json\/wp\/v2\/pages\/5424"}],"wp:attachment":[{"href":"https:\/\/impolsarl.com\/de\/wp-json\/wp\/v2\/media?parent=5807"}],"wp:term":[{"taxonomy":"folder","embeddable":true,"href":"https:\/\/impolsarl.com\/de\/wp-json\/wp\/v2\/folder?post=5807"}],"curies":[{"name":"wp","href":"https:\/\/api.w.org\/{rel}","templated":true}]}}