{"id":5801,"date":"2023-10-11T15:53:21","date_gmt":"2023-10-11T13:53:21","guid":{"rendered":"https:\/\/impolsarl.com\/unterstuetzung-der-kontrolle\/"},"modified":"2025-06-02T02:08:52","modified_gmt":"2025-06-02T00:08:52","slug":"unterstuetzung-der-kontrolle","status":"publish","type":"page","link":"https:\/\/impolsarl.com\/de\/unterstuetzung-der-kontrolle\/","title":{"rendered":"Unterst\u00fctzung der Kontrolle"},"content":{"rendered":"\n<p>Kontrollen von entsandten Arbeitnehmern, Fahrern oder Arbeitgebern sind nicht mehr eine gelegentliche Situation, sondern sehr oft eine unvermeidliche Folge der Arbeit im Ausland. Wir haben keinen Einfluss darauf, ob eine Kontrolle durchgef\u00fchrt wird, aber wir k\u00f6nnen daf\u00fcr sorgen, dass sie in positiver Weise durchgef\u00fchrt wird. \n<\/p>\n<p>Unser Unternehmen bietet umfassende Unterst\u00fctzung bei eventuellen Kontrollen durch die f\u00fcr den Ort der Auftragsausf\u00fchrung zust\u00e4ndige Arbeitsaufsichtsbeh\u00f6rde. Je nach den Bed\u00fcrfnissen und Erwartungen unserer Kunden k\u00fcmmern wir uns um die notwendige Korrespondenz, den telefonischen Kontakt mit den Beamten, die \u00dcbersetzung der erforderlichen Dokumente, wir weisen in das Ausf\u00fcllen der entsprechenden Formulare ein, erstellen Lohnlisten, Stundenlisten sowie die Informationen, die den Kontrollbeh\u00f6rden zur Verf\u00fcgung gestellt werden m\u00fcssen. \n<\/p>\n<p>Es ist wichtig zu wissen, dass jedes Reiseziel seine eigenen Vorschriften und Auslegungen hat. Dies gilt nicht nur f\u00fcr ganze L\u00e4nder, sondern auch f\u00fcr einzelne Kantone oder Regionen. Eine angemessene Unterst\u00fctzung ist daher unerl\u00e4sslich, die wir bei Impol bieten.  <\/p>\n\n<p>Mit langj\u00e4hriger Erfahrung und aktuellem Wissen helfen wir unseren Kunden, die finanziellen Folgen von Kontrollverfahren zu vermeiden, die manchmal sehr kompliziert und anspruchsvoll sind und bei denen daher leicht Fehler gemacht werden k\u00f6nnen. Fehler im Buchungsverfahren k\u00f6nnen kostspielig sein. In extremen F\u00e4llen dauern die Verfahren sogar mehrere Jahre und die verh\u00e4ngten Geldstrafen k\u00f6nnen bis zu 40.000 EUR erreichen.  \n<\/p><p>\n<\/p><p>Frankreich, \u00d6sterreich und die Schweiz geh\u00f6ren zu den &#8222;besonderen&#8220; L\u00e4ndern, d. h. zu den L\u00e4ndern mit \u00e4u\u00dferst komplizierten Verfahren. Unsere Kanzlei wei\u00df jedoch, wie man sich in den komplizierten Vorschriften dieser L\u00e4nder zurechtfindet. Das haben wir immer wieder bewiesen, indem wir F\u00e4lle f\u00fcr unsere Kunden zu einem positiven Abschluss gebracht haben. <\/p>\n<p>\nOb eine Kontrolle stattfindet oder nicht, liegt nicht in unserer Hand. Wir haben jedoch einen Einfluss darauf, wie wir unsere Kunden am besten auf das Entsendungsverfahren und die Reise selbst vorbereiten. Deshalb stellen wir bereits in der Phase der Vorgespr\u00e4che ein komplettes Paket an Informationen zur Verf\u00fcgung, die ein Arbeitgeber ben\u00f6tigt, der Mitarbeiter ins Ausland entsenden m\u00f6chte. Das Wichtigste f\u00fcr uns ist, dass der Arbeitgeber \u00fcber einen vollst\u00e4ndigen Satz der erforderlichen Dokumente sowie \u00fcber praktische F\u00e4higkeiten zur F\u00fchrung eines Gespr\u00e4chs mit einem Beamten verf\u00fcgt. Auch die Korrektheit der Anmeldung ist von nicht geringer Bedeutung, und das ist eine unserer St\u00e4rken.    <\/p>\n<p>\nWir sind davon \u00fcberzeugt, dass je mehr wir uns auf dem Land vorbereiten, desto gr\u00f6\u00dfer ist die Chance, dass ein m\u00f6gliches Treffen mit einem Inspektor eine reine Formalit\u00e4t ist!\n<\/p>\n","protected":false},"excerpt":{"rendered":"<p>Kontrollen von entsandten Arbeitnehmern, Fahrern oder Arbeitgebern sind nicht mehr eine gelegentliche Situation, sondern sehr oft eine unvermeidliche Folge der Arbeit im Ausland. Wir haben keinen Einfluss darauf, ob eine Kontrolle durchgef\u00fchrt wird, aber wir k\u00f6nnen daf\u00fcr sorgen, dass sie in positiver Weise durchgef\u00fchrt wird. Unser Unternehmen bietet umfassende Unterst\u00fctzung bei eventuellen Kontrollen durch die &hellip;<\/p>\n<p class=\"read-more\"> <a class=\"\" href=\"https:\/\/impolsarl.com\/de\/unterstuetzung-der-kontrolle\/\"> <span class=\"screen-reader-text\">Unterst\u00fctzung der Kontrolle<\/span> Read More \u00bb<\/a><\/p>\n","protected":false},"author":5,"featured_media":0,"parent":0,"menu_order":56,"comment_status":"closed","ping_status":"closed","template":"","meta":{"_acf_changed":false,"site-sidebar-layout":"default","site-content-layout":"","ast-site-content-layout":"","site-content-style":"default","site-sidebar-style":"default","ast-global-header-display":"","ast-banner-title-visibility":"","ast-main-header-display":"","ast-hfb-above-header-display":"","ast-hfb-below-header-display":"","ast-hfb-mobile-header-display":"","site-post-title":"","ast-breadcrumbs-content":"","ast-featured-img":"","footer-sml-layout":"","theme-transparent-header-meta":"","adv-header-id-meta":"","stick-header-meta":"","header-above-stick-meta":"","header-main-stick-meta":"","header-below-stick-meta":"","astra-migrate-meta-layouts":"default","ast-page-background-enabled":"default","ast-page-background-meta":{"desktop":{"background-color":"var(--ast-global-color-4)","background-image":"","background-repeat":"repeat","background-position":"center center","background-size":"auto","background-attachment":"scroll","background-type":"","background-media":"","overlay-type":"","overlay-color":"","overlay-gradient":""},"tablet":{"background-color":"","background-image":"","background-repeat":"repeat","background-position":"center center","background-size":"auto","background-attachment":"scroll","background-type":"","background-media":"","overlay-type":"","overlay-color":"","overlay-gradient":""},"mobile":{"background-color":"","background-image":"","background-repeat":"repeat","background-position":"center center","background-size":"auto","background-attachment":"scroll","background-type":"","background-media":"","overlay-type":"","overlay-color":"","overlay-gradient":""}},"ast-content-background-meta":{"desktop":{"background-color":"var(--ast-global-color-5)","background-image":"","background-repeat":"repeat","background-position":"center center","background-size":"auto","background-attachment":"scroll","background-type":"","background-media":"","overlay-type":"","overlay-color":"","overlay-gradient":""},"tablet":{"background-color":"var(--ast-global-color-5)","background-image":"","background-repeat":"repeat","background-position":"center center","background-size":"auto","background-attachment":"scroll","background-type":"","background-media":"","overlay-type":"","overlay-color":"","overlay-gradient":""},"mobile":{"background-color":"var(--ast-global-color-5)","background-image":"","background-repeat":"repeat","background-position":"center center","background-size":"auto","background-attachment":"scroll","background-type":"","background-media":"","overlay-type":"","overlay-color":"","overlay-gradient":""}},"footnotes":""},"folder":[94],"class_list":["post-5801","page","type-page","status-publish","hentry"],"acf":[],"yoast_head":"<!-- This site is optimized with the Yoast SEO Premium plugin v24.7 (Yoast SEO v24.7) - https:\/\/yoast.com\/wordpress\/plugins\/seo\/ -->\n<title>Frankreich - Vignetten f\u00fcr Umweltzonen | IMPOL<\/title>\n<meta name=\"description\" content=\"Vermeiden Sie saftige Geldstrafen f\u00fcr das Fehlen einer Umweltvignette in Frankreich. Erfahren Sie mehr auf unserer Website und bestellen Sie Ihre Umweltplakette f\u00fcr Frankreich bequem bei IMPOL!\" \/>\n<meta name=\"robots\" content=\"index, follow, max-snippet:-1, max-image-preview:large, max-video-preview:-1\" \/>\n<link rel=\"canonical\" href=\"https:\/\/impolsarl.com\/de\/unterstuetzung-der-kontrolle\/\" \/>\n<meta property=\"og:locale\" content=\"de_DE\" \/>\n<meta property=\"og:type\" content=\"article\" \/>\n<meta property=\"og:title\" content=\"Unterst\u00fctzung der Kontrolle\" \/>\n<meta property=\"og:description\" content=\"Vermeiden Sie saftige Geldstrafen f\u00fcr das Fehlen einer Umweltvignette in Frankreich. Erfahren Sie mehr auf unserer Website und bestellen Sie Ihre Umweltplakette f\u00fcr Frankreich bequem bei IMPOL!\" \/>\n<meta property=\"og:url\" content=\"https:\/\/impolsarl.com\/de\/unterstuetzung-der-kontrolle\/\" \/>\n<meta property=\"og:site_name\" content=\"Impol - Reprezentant we Francji od ponad dekady! +48 502 50 70 74\" \/>\n<meta property=\"article:publisher\" content=\"https:\/\/www.facebook.com\/przedstawicieltransportuwefrancji\/\" \/>\n<meta property=\"article:modified_time\" content=\"2025-06-02T00:08:52+00:00\" \/>\n<meta name=\"twitter:card\" content=\"summary_large_image\" \/>\n<meta name=\"twitter:label1\" content=\"Gesch\u00e4tzte Lesezeit\" \/>\n\t<meta name=\"twitter:data1\" content=\"2\u00a0Minuten\" \/>\n<script type=\"application\/ld+json\" class=\"yoast-schema-graph\">{\"@context\":\"https:\/\/schema.org\",\"@graph\":[{\"@type\":\"WebPage\",\"@id\":\"https:\/\/impolsarl.com\/de\/unterstuetzung-der-kontrolle\/\",\"url\":\"https:\/\/impolsarl.com\/de\/unterstuetzung-der-kontrolle\/\",\"name\":\"Frankreich - Vignetten f\u00fcr Umweltzonen | IMPOL\",\"isPartOf\":{\"@id\":\"https:\/\/impolsarl.com\/#website\"},\"datePublished\":\"2023-10-11T13:53:21+00:00\",\"dateModified\":\"2025-06-02T00:08:52+00:00\",\"description\":\"Vermeiden Sie saftige Geldstrafen f\u00fcr das Fehlen einer Umweltvignette in Frankreich. Erfahren Sie mehr auf unserer Website und bestellen Sie Ihre Umweltplakette f\u00fcr Frankreich bequem bei IMPOL!\",\"breadcrumb\":{\"@id\":\"https:\/\/impolsarl.com\/de\/unterstuetzung-der-kontrolle\/#breadcrumb\"},\"inLanguage\":\"de\",\"potentialAction\":[{\"@type\":\"ReadAction\",\"target\":[\"https:\/\/impolsarl.com\/de\/unterstuetzung-der-kontrolle\/\"]}]},{\"@type\":\"BreadcrumbList\",\"@id\":\"https:\/\/impolsarl.com\/de\/unterstuetzung-der-kontrolle\/#breadcrumb\",\"itemListElement\":[{\"@type\":\"ListItem\",\"position\":1,\"name\":\"Strona g\u0142\u00f3wna\",\"item\":\"https:\/\/impolsarl.com\/de\/homepage\/\"},{\"@type\":\"ListItem\",\"position\":2,\"name\":\"Unterst\u00fctzung der Kontrolle\"}]},{\"@type\":\"WebSite\",\"@id\":\"https:\/\/impolsarl.com\/#website\",\"url\":\"https:\/\/impolsarl.com\/\",\"name\":\"Impol - Reprezentant we Francji od ponad dekady! +48 502 50 70 74\",\"description\":\"Impol SARL - Przedstawiciel transportu w Europie\",\"publisher\":{\"@id\":\"https:\/\/impolsarl.com\/#organization\"},\"potentialAction\":[{\"@type\":\"SearchAction\",\"target\":{\"@type\":\"EntryPoint\",\"urlTemplate\":\"https:\/\/impolsarl.com\/?s={search_term_string}\"},\"query-input\":{\"@type\":\"PropertyValueSpecification\",\"valueRequired\":true,\"valueName\":\"search_term_string\"}}],\"inLanguage\":\"de\"},{\"@type\":\"Organization\",\"@id\":\"https:\/\/impolsarl.com\/#organization\",\"name\":\"Impol - Przedstawiciel Transportu i Pracownikow Delegowanych Do Francji\",\"url\":\"https:\/\/impolsarl.com\/\",\"logo\":{\"@type\":\"ImageObject\",\"inLanguage\":\"de\",\"@id\":\"https:\/\/impolsarl.com\/#\/schema\/logo\/image\/\",\"url\":\"https:\/\/impolsarl.com\/wp-content\/uploads\/2018\/08\/logo-1.png\",\"contentUrl\":\"https:\/\/impolsarl.com\/wp-content\/uploads\/2018\/08\/logo-1.png\",\"width\":133,\"height\":126,\"caption\":\"Impol - Przedstawiciel Transportu i Pracownikow Delegowanych Do Francji\"},\"image\":{\"@id\":\"https:\/\/impolsarl.com\/#\/schema\/logo\/image\/\"},\"sameAs\":[\"https:\/\/www.facebook.com\/przedstawicieltransportuwefrancji\/\",\"https:\/\/www.youtube.com\/watch?v=2zjQ9NJBf04\"]}]}<\/script>\n<!-- \/ Yoast SEO Premium plugin. -->","yoast_head_json":{"title":"Frankreich - Vignetten f\u00fcr Umweltzonen | IMPOL","description":"Vermeiden Sie saftige Geldstrafen f\u00fcr das Fehlen einer Umweltvignette in Frankreich. Erfahren Sie mehr auf unserer Website und bestellen Sie Ihre Umweltplakette f\u00fcr Frankreich bequem bei IMPOL!","robots":{"index":"index","follow":"follow","max-snippet":"max-snippet:-1","max-image-preview":"max-image-preview:large","max-video-preview":"max-video-preview:-1"},"canonical":"https:\/\/impolsarl.com\/de\/unterstuetzung-der-kontrolle\/","og_locale":"de_DE","og_type":"article","og_title":"Unterst\u00fctzung der Kontrolle","og_description":"Vermeiden Sie saftige Geldstrafen f\u00fcr das Fehlen einer Umweltvignette in Frankreich. Erfahren Sie mehr auf unserer Website und bestellen Sie Ihre Umweltplakette f\u00fcr Frankreich bequem bei IMPOL!","og_url":"https:\/\/impolsarl.com\/de\/unterstuetzung-der-kontrolle\/","og_site_name":"Impol - Reprezentant we Francji od ponad dekady! +48 502 50 70 74","article_publisher":"https:\/\/www.facebook.com\/przedstawicieltransportuwefrancji\/","article_modified_time":"2025-06-02T00:08:52+00:00","twitter_card":"summary_large_image","twitter_misc":{"Gesch\u00e4tzte Lesezeit":"2\u00a0Minuten"},"schema":{"@context":"https:\/\/schema.org","@graph":[{"@type":"WebPage","@id":"https:\/\/impolsarl.com\/de\/unterstuetzung-der-kontrolle\/","url":"https:\/\/impolsarl.com\/de\/unterstuetzung-der-kontrolle\/","name":"Frankreich - Vignetten f\u00fcr Umweltzonen | IMPOL","isPartOf":{"@id":"https:\/\/impolsarl.com\/#website"},"datePublished":"2023-10-11T13:53:21+00:00","dateModified":"2025-06-02T00:08:52+00:00","description":"Vermeiden Sie saftige Geldstrafen f\u00fcr das Fehlen einer Umweltvignette in Frankreich. Erfahren Sie mehr auf unserer Website und bestellen Sie Ihre Umweltplakette f\u00fcr Frankreich bequem bei IMPOL!","breadcrumb":{"@id":"https:\/\/impolsarl.com\/de\/unterstuetzung-der-kontrolle\/#breadcrumb"},"inLanguage":"de","potentialAction":[{"@type":"ReadAction","target":["https:\/\/impolsarl.com\/de\/unterstuetzung-der-kontrolle\/"]}]},{"@type":"BreadcrumbList","@id":"https:\/\/impolsarl.com\/de\/unterstuetzung-der-kontrolle\/#breadcrumb","itemListElement":[{"@type":"ListItem","position":1,"name":"Strona g\u0142\u00f3wna","item":"https:\/\/impolsarl.com\/de\/homepage\/"},{"@type":"ListItem","position":2,"name":"Unterst\u00fctzung der Kontrolle"}]},{"@type":"WebSite","@id":"https:\/\/impolsarl.com\/#website","url":"https:\/\/impolsarl.com\/","name":"Impol - Reprezentant we Francji od ponad dekady! +48 502 50 70 74","description":"Impol SARL - Przedstawiciel transportu w Europie","publisher":{"@id":"https:\/\/impolsarl.com\/#organization"},"potentialAction":[{"@type":"SearchAction","target":{"@type":"EntryPoint","urlTemplate":"https:\/\/impolsarl.com\/?s={search_term_string}"},"query-input":{"@type":"PropertyValueSpecification","valueRequired":true,"valueName":"search_term_string"}}],"inLanguage":"de"},{"@type":"Organization","@id":"https:\/\/impolsarl.com\/#organization","name":"Impol - Przedstawiciel Transportu i Pracownikow Delegowanych Do Francji","url":"https:\/\/impolsarl.com\/","logo":{"@type":"ImageObject","inLanguage":"de","@id":"https:\/\/impolsarl.com\/#\/schema\/logo\/image\/","url":"https:\/\/impolsarl.com\/wp-content\/uploads\/2018\/08\/logo-1.png","contentUrl":"https:\/\/impolsarl.com\/wp-content\/uploads\/2018\/08\/logo-1.png","width":133,"height":126,"caption":"Impol - Przedstawiciel Transportu i Pracownikow Delegowanych Do Francji"},"image":{"@id":"https:\/\/impolsarl.com\/#\/schema\/logo\/image\/"},"sameAs":["https:\/\/www.facebook.com\/przedstawicieltransportuwefrancji\/","https:\/\/www.youtube.com\/watch?v=2zjQ9NJBf04"]}]}},"_links":{"self":[{"href":"https:\/\/impolsarl.com\/de\/wp-json\/wp\/v2\/pages\/5801","targetHints":{"allow":["GET"]}}],"collection":[{"href":"https:\/\/impolsarl.com\/de\/wp-json\/wp\/v2\/pages"}],"about":[{"href":"https:\/\/impolsarl.com\/de\/wp-json\/wp\/v2\/types\/page"}],"author":[{"embeddable":true,"href":"https:\/\/impolsarl.com\/de\/wp-json\/wp\/v2\/users\/5"}],"replies":[{"embeddable":true,"href":"https:\/\/impolsarl.com\/de\/wp-json\/wp\/v2\/comments?post=5801"}],"version-history":[{"count":1,"href":"https:\/\/impolsarl.com\/de\/wp-json\/wp\/v2\/pages\/5801\/revisions"}],"predecessor-version":[{"id":5802,"href":"https:\/\/impolsarl.com\/de\/wp-json\/wp\/v2\/pages\/5801\/revisions\/5802"}],"wp:attachment":[{"href":"https:\/\/impolsarl.com\/de\/wp-json\/wp\/v2\/media?parent=5801"}],"wp:term":[{"taxonomy":"folder","embeddable":true,"href":"https:\/\/impolsarl.com\/de\/wp-json\/wp\/v2\/folder?post=5801"}],"curies":[{"name":"wp","href":"https:\/\/api.w.org\/{rel}","templated":true}]}}