{"id":5788,"date":"2023-10-10T17:12:31","date_gmt":"2023-10-10T15:12:31","guid":{"rendered":"https:\/\/impolsarl.com\/konsultation\/"},"modified":"2025-06-02T01:54:33","modified_gmt":"2025-06-01T23:54:33","slug":"konsultation","status":"publish","type":"page","link":"https:\/\/impolsarl.com\/de\/konsultation\/","title":{"rendered":"Konsultation"},"content":{"rendered":"\n<p>Haben Sie Zweifel an der Entsendung von Arbeitnehmern ins Ausland? Suchen Sie Rechtsberatung im Zusammenhang mit dem Arbeitsrecht in Frankreich, den Benelux-L\u00e4ndern oder dem Rest der Europ\u00e4ischen Union? Ben\u00f6tigen Sie Hilfe bei der Lohnabrechnung, der Zeiterfassung oder bei Tarifvertr\u00e4gen?  <\/p>\n\n<div class=\"seo\"><h2 id=\"h-w-impol-odpowiemy-na-twoje-pytania-i-rozwiejemy-wszelkie-watpliwosci\">Bei Impol werden wir Ihre Fragen beantworten und alle Zweifel ausr\u00e4umen.<\/h2><\/div>\n\n<p>Die Entsendung von Mitarbeitern ins Ausland ist keine einfache Angelegenheit, und der Prozess ist mit vielen Herausforderungen, Fragen oder sogar Problemen verbunden. Die Arbeitsbedingungen, die Entlohnung, die Sicherheit oder die gesetzlichen Bestimmungen sind von einem Entsendungsland zum anderen unterschiedlich. Lassen Sie Ihre Zweifel nicht unbeantwortet und vereinbaren Sie ein Beratungsgespr\u00e4ch mit unseren Experten, das von einem erfahrenen Anwalt f\u00fcr Entsendungsrecht geleitet wird.  <\/p>\n\n<ul class=\"wp-block-list\">\n<li>1h &#8211; 100\u20ac<\/li>\n\n\n\n<li>45 min &#8211; 80\u20ac<\/li>\n\n\n\n<li>30 min &#8211; 50\u20ac<\/li>\n\n\n\n<li>15 min &#8211; 25\u20ac<\/li>\n<\/ul>\n\n<div class=\"wp-block-buttons is-layout-flex wp-block-buttons-is-layout-flex\">\n<div class=\"wp-block-button\"><a class=\"wp-block-button__link wp-element-button\" href=\"https:\/\/impolsarl.com\/kontakt\/\">Vereinbaren Sie einen Termin f\u00fcr ein Beratungsgespr\u00e4ch<\/a><\/div>\n<\/div>\n","protected":false},"excerpt":{"rendered":"<p>Haben Sie Zweifel an der Entsendung von Arbeitnehmern ins Ausland? Suchen Sie Rechtsberatung im Zusammenhang mit dem Arbeitsrecht in Frankreich, den Benelux-L\u00e4ndern oder dem Rest der Europ\u00e4ischen Union? Ben\u00f6tigen Sie Hilfe bei der Lohnabrechnung, der Zeiterfassung oder bei Tarifvertr\u00e4gen? Bei Impol werden wir Ihre Fragen beantworten und alle Zweifel ausr\u00e4umen. Die Entsendung von Mitarbeitern ins &hellip;<\/p>\n<p class=\"read-more\"> <a class=\"\" href=\"https:\/\/impolsarl.com\/de\/konsultation\/\"> <span class=\"screen-reader-text\">Konsultation<\/span> Read More \u00bb<\/a><\/p>\n","protected":false},"author":5,"featured_media":0,"parent":0,"menu_order":56,"comment_status":"closed","ping_status":"closed","template":"","meta":{"_acf_changed":false,"site-sidebar-layout":"default","site-content-layout":"","ast-site-content-layout":"","site-content-style":"default","site-sidebar-style":"default","ast-global-header-display":"","ast-banner-title-visibility":"","ast-main-header-display":"","ast-hfb-above-header-display":"","ast-hfb-below-header-display":"","ast-hfb-mobile-header-display":"","site-post-title":"","ast-breadcrumbs-content":"","ast-featured-img":"","footer-sml-layout":"","theme-transparent-header-meta":"","adv-header-id-meta":"","stick-header-meta":"","header-above-stick-meta":"","header-main-stick-meta":"","header-below-stick-meta":"","astra-migrate-meta-layouts":"default","ast-page-background-enabled":"default","ast-page-background-meta":{"desktop":{"background-color":"var(--ast-global-color-4)","background-image":"","background-repeat":"repeat","background-position":"center center","background-size":"auto","background-attachment":"scroll","background-type":"","background-media":"","overlay-type":"","overlay-color":"","overlay-gradient":""},"tablet":{"background-color":"","background-image":"","background-repeat":"repeat","background-position":"center center","background-size":"auto","background-attachment":"scroll","background-type":"","background-media":"","overlay-type":"","overlay-color":"","overlay-gradient":""},"mobile":{"background-color":"","background-image":"","background-repeat":"repeat","background-position":"center center","background-size":"auto","background-attachment":"scroll","background-type":"","background-media":"","overlay-type":"","overlay-color":"","overlay-gradient":""}},"ast-content-background-meta":{"desktop":{"background-color":"var(--ast-global-color-5)","background-image":"","background-repeat":"repeat","background-position":"center center","background-size":"auto","background-attachment":"scroll","background-type":"","background-media":"","overlay-type":"","overlay-color":"","overlay-gradient":""},"tablet":{"background-color":"var(--ast-global-color-5)","background-image":"","background-repeat":"repeat","background-position":"center center","background-size":"auto","background-attachment":"scroll","background-type":"","background-media":"","overlay-type":"","overlay-color":"","overlay-gradient":""},"mobile":{"background-color":"var(--ast-global-color-5)","background-image":"","background-repeat":"repeat","background-position":"center center","background-size":"auto","background-attachment":"scroll","background-type":"","background-media":"","overlay-type":"","overlay-color":"","overlay-gradient":""}},"footnotes":""},"folder":[94],"class_list":["post-5788","page","type-page","status-publish","hentry"],"acf":[],"yoast_head":"<!-- This site is optimized with the Yoast SEO Premium plugin v24.7 (Yoast SEO v24.7) - https:\/\/yoast.com\/wordpress\/plugins\/seo\/ -->\n<title>Konsultation<\/title>\n<meta name=\"robots\" content=\"index, follow, max-snippet:-1, max-image-preview:large, max-video-preview:-1\" \/>\n<link rel=\"canonical\" href=\"https:\/\/impolsarl.com\/de\/konsultation\/\" \/>\n<meta property=\"og:locale\" content=\"de_DE\" \/>\n<meta property=\"og:type\" content=\"article\" \/>\n<meta property=\"og:title\" content=\"Konsultation\" \/>\n<meta property=\"og:description\" content=\"Haben Sie Zweifel an der Entsendung von Arbeitnehmern ins Ausland? Suchen Sie Rechtsberatung im Zusammenhang mit dem Arbeitsrecht in Frankreich, den Benelux-L\u00e4ndern oder dem Rest der Europ\u00e4ischen Union? Ben\u00f6tigen Sie Hilfe bei der Lohnabrechnung, der Zeiterfassung oder bei Tarifvertr\u00e4gen? Bei Impol werden wir Ihre Fragen beantworten und alle Zweifel ausr\u00e4umen. Die Entsendung von Mitarbeitern ins &hellip; Konsultation Read More \u00bb\" \/>\n<meta property=\"og:url\" content=\"https:\/\/impolsarl.com\/de\/konsultation\/\" \/>\n<meta property=\"og:site_name\" content=\"Impol - Reprezentant we Francji od ponad dekady! +48 502 50 70 74\" \/>\n<meta property=\"article:publisher\" content=\"https:\/\/www.facebook.com\/przedstawicieltransportuwefrancji\/\" \/>\n<meta property=\"article:modified_time\" content=\"2025-06-01T23:54:33+00:00\" \/>\n<meta name=\"twitter:card\" content=\"summary_large_image\" \/>\n<meta name=\"twitter:label1\" content=\"Gesch\u00e4tzte Lesezeit\" \/>\n\t<meta name=\"twitter:data1\" content=\"1\u00a0Minute\" \/>\n<script type=\"application\/ld+json\" class=\"yoast-schema-graph\">{\"@context\":\"https:\/\/schema.org\",\"@graph\":[{\"@type\":\"WebPage\",\"@id\":\"https:\/\/impolsarl.com\/de\/konsultation\/\",\"url\":\"https:\/\/impolsarl.com\/de\/konsultation\/\",\"name\":\"Konsultation\",\"isPartOf\":{\"@id\":\"https:\/\/impolsarl.com\/#website\"},\"datePublished\":\"2023-10-10T15:12:31+00:00\",\"dateModified\":\"2025-06-01T23:54:33+00:00\",\"breadcrumb\":{\"@id\":\"https:\/\/impolsarl.com\/de\/konsultation\/#breadcrumb\"},\"inLanguage\":\"de\",\"potentialAction\":[{\"@type\":\"ReadAction\",\"target\":[\"https:\/\/impolsarl.com\/de\/konsultation\/\"]}]},{\"@type\":\"BreadcrumbList\",\"@id\":\"https:\/\/impolsarl.com\/de\/konsultation\/#breadcrumb\",\"itemListElement\":[{\"@type\":\"ListItem\",\"position\":1,\"name\":\"Strona g\u0142\u00f3wna\",\"item\":\"https:\/\/impolsarl.com\/de\/homepage\/\"},{\"@type\":\"ListItem\",\"position\":2,\"name\":\"Konsultation\"}]},{\"@type\":\"WebSite\",\"@id\":\"https:\/\/impolsarl.com\/#website\",\"url\":\"https:\/\/impolsarl.com\/\",\"name\":\"Impol - Reprezentant we Francji od ponad dekady! +48 502 50 70 74\",\"description\":\"Impol SARL - Przedstawiciel transportu w Europie\",\"publisher\":{\"@id\":\"https:\/\/impolsarl.com\/#organization\"},\"potentialAction\":[{\"@type\":\"SearchAction\",\"target\":{\"@type\":\"EntryPoint\",\"urlTemplate\":\"https:\/\/impolsarl.com\/?s={search_term_string}\"},\"query-input\":{\"@type\":\"PropertyValueSpecification\",\"valueRequired\":true,\"valueName\":\"search_term_string\"}}],\"inLanguage\":\"de\"},{\"@type\":\"Organization\",\"@id\":\"https:\/\/impolsarl.com\/#organization\",\"name\":\"Impol - Przedstawiciel Transportu i Pracownikow Delegowanych Do Francji\",\"url\":\"https:\/\/impolsarl.com\/\",\"logo\":{\"@type\":\"ImageObject\",\"inLanguage\":\"de\",\"@id\":\"https:\/\/impolsarl.com\/#\/schema\/logo\/image\/\",\"url\":\"https:\/\/impolsarl.com\/wp-content\/uploads\/2018\/08\/logo-1.png\",\"contentUrl\":\"https:\/\/impolsarl.com\/wp-content\/uploads\/2018\/08\/logo-1.png\",\"width\":133,\"height\":126,\"caption\":\"Impol - Przedstawiciel Transportu i Pracownikow Delegowanych Do Francji\"},\"image\":{\"@id\":\"https:\/\/impolsarl.com\/#\/schema\/logo\/image\/\"},\"sameAs\":[\"https:\/\/www.facebook.com\/przedstawicieltransportuwefrancji\/\",\"https:\/\/www.youtube.com\/watch?v=2zjQ9NJBf04\"]}]}<\/script>\n<!-- \/ Yoast SEO Premium plugin. -->","yoast_head_json":{"title":"Konsultation","robots":{"index":"index","follow":"follow","max-snippet":"max-snippet:-1","max-image-preview":"max-image-preview:large","max-video-preview":"max-video-preview:-1"},"canonical":"https:\/\/impolsarl.com\/de\/konsultation\/","og_locale":"de_DE","og_type":"article","og_title":"Konsultation","og_description":"Haben Sie Zweifel an der Entsendung von Arbeitnehmern ins Ausland? Suchen Sie Rechtsberatung im Zusammenhang mit dem Arbeitsrecht in Frankreich, den Benelux-L\u00e4ndern oder dem Rest der Europ\u00e4ischen Union? Ben\u00f6tigen Sie Hilfe bei der Lohnabrechnung, der Zeiterfassung oder bei Tarifvertr\u00e4gen? Bei Impol werden wir Ihre Fragen beantworten und alle Zweifel ausr\u00e4umen. Die Entsendung von Mitarbeitern ins &hellip; Konsultation Read More \u00bb","og_url":"https:\/\/impolsarl.com\/de\/konsultation\/","og_site_name":"Impol - Reprezentant we Francji od ponad dekady! +48 502 50 70 74","article_publisher":"https:\/\/www.facebook.com\/przedstawicieltransportuwefrancji\/","article_modified_time":"2025-06-01T23:54:33+00:00","twitter_card":"summary_large_image","twitter_misc":{"Gesch\u00e4tzte Lesezeit":"1\u00a0Minute"},"schema":{"@context":"https:\/\/schema.org","@graph":[{"@type":"WebPage","@id":"https:\/\/impolsarl.com\/de\/konsultation\/","url":"https:\/\/impolsarl.com\/de\/konsultation\/","name":"Konsultation","isPartOf":{"@id":"https:\/\/impolsarl.com\/#website"},"datePublished":"2023-10-10T15:12:31+00:00","dateModified":"2025-06-01T23:54:33+00:00","breadcrumb":{"@id":"https:\/\/impolsarl.com\/de\/konsultation\/#breadcrumb"},"inLanguage":"de","potentialAction":[{"@type":"ReadAction","target":["https:\/\/impolsarl.com\/de\/konsultation\/"]}]},{"@type":"BreadcrumbList","@id":"https:\/\/impolsarl.com\/de\/konsultation\/#breadcrumb","itemListElement":[{"@type":"ListItem","position":1,"name":"Strona g\u0142\u00f3wna","item":"https:\/\/impolsarl.com\/de\/homepage\/"},{"@type":"ListItem","position":2,"name":"Konsultation"}]},{"@type":"WebSite","@id":"https:\/\/impolsarl.com\/#website","url":"https:\/\/impolsarl.com\/","name":"Impol - Reprezentant we Francji od ponad dekady! +48 502 50 70 74","description":"Impol SARL - Przedstawiciel transportu w Europie","publisher":{"@id":"https:\/\/impolsarl.com\/#organization"},"potentialAction":[{"@type":"SearchAction","target":{"@type":"EntryPoint","urlTemplate":"https:\/\/impolsarl.com\/?s={search_term_string}"},"query-input":{"@type":"PropertyValueSpecification","valueRequired":true,"valueName":"search_term_string"}}],"inLanguage":"de"},{"@type":"Organization","@id":"https:\/\/impolsarl.com\/#organization","name":"Impol - Przedstawiciel Transportu i Pracownikow Delegowanych Do Francji","url":"https:\/\/impolsarl.com\/","logo":{"@type":"ImageObject","inLanguage":"de","@id":"https:\/\/impolsarl.com\/#\/schema\/logo\/image\/","url":"https:\/\/impolsarl.com\/wp-content\/uploads\/2018\/08\/logo-1.png","contentUrl":"https:\/\/impolsarl.com\/wp-content\/uploads\/2018\/08\/logo-1.png","width":133,"height":126,"caption":"Impol - Przedstawiciel Transportu i Pracownikow Delegowanych Do Francji"},"image":{"@id":"https:\/\/impolsarl.com\/#\/schema\/logo\/image\/"},"sameAs":["https:\/\/www.facebook.com\/przedstawicieltransportuwefrancji\/","https:\/\/www.youtube.com\/watch?v=2zjQ9NJBf04"]}]}},"_links":{"self":[{"href":"https:\/\/impolsarl.com\/de\/wp-json\/wp\/v2\/pages\/5788","targetHints":{"allow":["GET"]}}],"collection":[{"href":"https:\/\/impolsarl.com\/de\/wp-json\/wp\/v2\/pages"}],"about":[{"href":"https:\/\/impolsarl.com\/de\/wp-json\/wp\/v2\/types\/page"}],"author":[{"embeddable":true,"href":"https:\/\/impolsarl.com\/de\/wp-json\/wp\/v2\/users\/5"}],"replies":[{"embeddable":true,"href":"https:\/\/impolsarl.com\/de\/wp-json\/wp\/v2\/comments?post=5788"}],"version-history":[{"count":1,"href":"https:\/\/impolsarl.com\/de\/wp-json\/wp\/v2\/pages\/5788\/revisions"}],"predecessor-version":[{"id":5789,"href":"https:\/\/impolsarl.com\/de\/wp-json\/wp\/v2\/pages\/5788\/revisions\/5789"}],"wp:attachment":[{"href":"https:\/\/impolsarl.com\/de\/wp-json\/wp\/v2\/media?parent=5788"}],"wp:term":[{"taxonomy":"folder","embeddable":true,"href":"https:\/\/impolsarl.com\/de\/wp-json\/wp\/v2\/folder?post=5788"}],"curies":[{"name":"wp","href":"https:\/\/api.w.org\/{rel}","templated":true}]}}