{"id":5782,"date":"2022-02-23T17:45:18","date_gmt":"2022-02-23T16:45:18","guid":{"rendered":"https:\/\/impolsarl.com\/imi-benachrichtigungen-buchung-im-transport\/"},"modified":"2025-06-02T01:50:54","modified_gmt":"2025-06-01T23:50:54","slug":"imi-benachrichtigungen-buchung-im-transport","status":"publish","type":"page","link":"https:\/\/impolsarl.com\/de\/imi-benachrichtigungen-buchung-im-transport\/","title":{"rendered":"IMI-Benachrichtigungen &#8211; Buchung im Transport"},"content":{"rendered":"\t\t<div data-elementor-type=\"wp-page\" data-elementor-id=\"5782\" class=\"elementor elementor-5782 elementor-2960\" data-elementor-post-type=\"page\">\n\t\t\t\t\t\t<section class=\"elementor-section elementor-top-section elementor-element elementor-element-e804959 elementor-section-boxed elementor-section-height-default elementor-section-height-default\" data-id=\"e804959\" data-element_type=\"section\">\n\t\t\t\t\t\t<div class=\"elementor-container elementor-column-gap-default\">\n\t\t\t\t\t<div class=\"elementor-column elementor-col-100 elementor-top-column elementor-element elementor-element-1d808f6\" data-id=\"1d808f6\" data-element_type=\"column\">\n\t\t\t<div class=\"elementor-widget-wrap elementor-element-populated\">\n\t\t\t\t\t\t<div class=\"elementor-element elementor-element-b0f4f3f elementor-widget elementor-widget-heading\" data-id=\"b0f4f3f\" data-element_type=\"widget\" data-widget_type=\"heading.default\">\n\t\t\t\t<div class=\"elementor-widget-container\">\n\t\t\t\t\t<h1 class=\"elementor-heading-title elementor-size-default\">IMI-Benachrichtigungen - Buchung im Transport\n<\/h1>\t\t\t\t<\/div>\n\t\t\t\t<\/div>\n\t\t\t\t<div class=\"elementor-element elementor-element-42be709 elementor-widget elementor-widget-text-editor\" data-id=\"42be709\" data-element_type=\"widget\" data-widget_type=\"text-editor.default\">\n\t\t\t\t<div class=\"elementor-widget-container\">\n\t\t\t\t\t\t\t\t\t<p><span style=\"font-weight: 400;\">Das IMI ist ein Binnenmarktinformationssystem, das ein Instrument f\u00fcr den sicheren, bequemen und mehrsprachigen Datenaustausch zwischen den \u00f6ffentlichen Verwaltungen der Mitgliedstaaten des Europ\u00e4ischen Wirtschaftsraums (EWR) und den Institutionen der Europ\u00e4ischen Union auf nationaler, regionaler und lokaler Ebene darstellt. Das IMI wurde von der Europ\u00e4ischen Kommission mit aktiver Unterst\u00fctzung durch die Mitglieder der Gemeinschaft entwickelt. Es st\u00fctzt sich auf die Verordnung (EU) Nr. 1024\/2012 und zielt darauf ab, die Verwaltungszusammenarbeit und die gegenseitige Amtshilfe zu erleichtern und zu verbessern. Diese Aktivit\u00e4ten sollen einen positiven Beitrag zur Verbesserung der Funktionsweise des Binnenmarktes leisten.    <\/span><\/p><p><span style=\"font-weight: 400;\">Im Februar 2022 haben sich die IMI-Vorschriften f\u00fcr die Entsendung von Fahrern f\u00fcr den internationalen Verkehr ge\u00e4ndert. Die Form der Meldung an alle EU-Mitgliedstaaten hat sich ge\u00e4ndert. Folglich wurden neue Regeln f\u00fcr die Vorlage von Dokumenten im Falle von Kontrollen eingef\u00fchrt. Dar\u00fcber hinaus wurde die Verpflichtung, einen Vertreter zu haben, abgeschafft.   <\/span><\/p>\t\t\t\t\t\t\t\t<\/div>\n\t\t\t\t<\/div>\n\t\t\t\t<div class=\"elementor-element elementor-element-45b42a8 elementor-widget elementor-widget-heading\" data-id=\"45b42a8\" data-element_type=\"widget\" data-widget_type=\"heading.default\">\n\t\t\t\t<div class=\"elementor-widget-container\">\n\t\t\t\t\t<h2 class=\"elementor-heading-title elementor-size-default\">IMI erweitert um ein Fahrerbuchungsmodul\n<\/h2>\t\t\t\t<\/div>\n\t\t\t\t<\/div>\n\t\t\t\t<div class=\"elementor-element elementor-element-3ebfd12 elementor-widget elementor-widget-text-editor\" data-id=\"3ebfd12\" data-element_type=\"widget\" data-widget_type=\"text-editor.default\">\n\t\t\t\t<div class=\"elementor-widget-container\">\n\t\t\t\t\t\t\t\t\t<p><span style=\"font-weight: 400;\">Ab dem 2. Februar 2022 verwenden alle Mitgliedstaaten der Europ\u00e4ischen Union infolge der Einf\u00fchrung des Mobilit\u00e4tspakets eine einzige gemeinsame Plattform f\u00fcr Meldungen, n\u00e4mlich das um ein Modul f\u00fcr die Entsendung von Fahrern erweiterte IMI-System. Wichtig ist, dass es auch in den L\u00e4ndern eingef\u00fchrt wird, f\u00fcr die ein solches Verfahren bisher nicht erforderlich war. Beispiele f\u00fcr solche L\u00e4nder sind   <\/span><span style=\"font-weight: 400;\">die Tschechische Republik und das Vereinigte K\u00f6nigreich<\/span><span style=\"font-weight: 400;\">.<\/span><\/p><p><span style=\"font-weight: 400;\">Transportunternehmen sind verpflichtet, \u00fcber ein spezielles Portal eine entsprechende Erkl\u00e4rung abzugeben, wenn die von ihnen besch\u00e4ftigten Fahrer zur Ausf\u00fchrung eines Transportauftrags in einen anderen EU-Mitgliedstaat entsandt werden. Unabh\u00e4ngig von dem Mitgliedstaat, in dem der Fahrer seine T\u00e4tigkeit aus\u00fcben wird, ist das Format der Erkl\u00e4rung identisch. <\/span><\/p>\t\t\t\t\t\t\t\t<\/div>\n\t\t\t\t<\/div>\n\t\t\t\t<div class=\"elementor-element elementor-element-a90a200 elementor-widget elementor-widget-heading\" data-id=\"a90a200\" data-element_type=\"widget\" data-widget_type=\"heading.default\">\n\t\t\t\t<div class=\"elementor-widget-container\">\n\t\t\t\t\t<h2 class=\"elementor-heading-title elementor-size-default\">Regeln f\u00fcr die Meldung der Entsendung von Fahrern in das IMI\n<\/h2>\t\t\t\t<\/div>\n\t\t\t\t<\/div>\n\t\t\t\t<div class=\"elementor-element elementor-element-d123f77 elementor-widget elementor-widget-text-editor\" data-id=\"d123f77\" data-element_type=\"widget\" data-widget_type=\"text-editor.default\">\n\t\t\t\t<div class=\"elementor-widget-container\">\n\t\t\t\t\t\t\t\t\t<p><span style=\"font-weight: 400;\">Die Nutzung des IMI setzt die Aktivierung eines Kontos voraus, das einer bestimmten Person zugewiesen wird, wobei die M\u00f6glichkeit besteht, weitere Nutzer hinzuzuf\u00fcgen. Bei der Einrichtung eines Kontos m\u00fcssen alle erforderlichen Angaben gemacht werden, wie z. B. der Name des Unternehmens, sein Sitz, die Zulassungsnummer und die Umsatzsteuer-Identifikationsnummer, die Kontaktdaten der f\u00fcr die Meldung verantwortlichen Person, Angaben zum Vertrag, zum Fahrzeug, zum Fahrer und zur Art des von ihm durchgef\u00fchrten Transports. <\/span><\/p><p><span style=\"font-weight: 400;\">Die vom Spediteur eingegebenen Informationen werden automatisch in die Amtssprache des Landes \u00fcbersetzt, in das der Arbeitnehmer entsandt wird, was die Arbeit der Kontrollbeh\u00f6rden erleichtert. Es wird m\u00f6glich sein, die erforderlichen Informationen manuell einzugeben oder sie zu importieren, was den gesamten Prozess erheblich beschleunigt. <\/span><\/p>\t\t\t\t\t\t\t\t<\/div>\n\t\t\t\t<\/div>\n\t\t\t\t<div class=\"elementor-element elementor-element-c7b2f42 elementor-widget elementor-widget-heading\" data-id=\"c7b2f42\" data-element_type=\"widget\" data-widget_type=\"heading.default\">\n\t\t\t\t<div class=\"elementor-widget-container\">\n\t\t\t\t\t<h2 class=\"elementor-heading-title elementor-size-default\">Frist und G\u00fcltigkeit der IMI-Meldung\n<\/h2>\t\t\t\t<\/div>\n\t\t\t\t<\/div>\n\t\t\t\t<div class=\"elementor-element elementor-element-32efad2 elementor-widget elementor-widget-text-editor\" data-id=\"32efad2\" data-element_type=\"widget\" data-widget_type=\"text-editor.default\">\n\t\t\t\t<div class=\"elementor-widget-container\">\n\t\t\t\t\t\t\t\t\t<p>Die Notwendigkeit, entsandte Fahrer im IMI zu melden, gilt sp\u00e4testens ab Beginn der Entsendung. Das Verfahren gilt nur f\u00fcr diejenigen, f\u00fcr die die Entsendungsbestimmungen des Mobilit\u00e4tspakets gelten, einschlie\u00dflich derjenigen, die Kabotage und Dreil\u00e4nderverkehr durchf\u00fchren, mit Ausnahme von bilateralem Verkehr und Transitverkehr.  <\/p><p><strong>F\u00fcr jedes Land ist eine gesonderte<\/strong><br><strong>Die G\u00fcltigkeit der Anmeldung reicht von einem Tag bis zu sechs Monaten und ist zeitlich befristet und nicht vom Transportvorgang abh\u00e4ngig.<\/strong><\/p>\t\t\t\t\t\t\t\t<\/div>\n\t\t\t\t<\/div>\n\t\t\t\t\t<\/div>\n\t\t<\/div>\n\t\t\t\t\t<\/div>\n\t\t<\/section>\n\t\t\t\t<section class=\"elementor-section elementor-top-section elementor-element elementor-element-5d3d845 elementor-section-boxed elementor-section-height-default elementor-section-height-default\" data-id=\"5d3d845\" data-element_type=\"section\">\n\t\t\t\t\t\t<div class=\"elementor-container elementor-column-gap-default\">\n\t\t\t\t\t<div class=\"elementor-column elementor-col-100 elementor-top-column elementor-element elementor-element-76a1f38\" data-id=\"76a1f38\" data-element_type=\"column\">\n\t\t\t<div class=\"elementor-widget-wrap\">\n\t\t\t\t\t\t\t<\/div>\n\t\t<\/div>\n\t\t\t\t\t<\/div>\n\t\t<\/section>\n\t\t\t\t<\/div>\n\t\t","protected":false},"excerpt":{"rendered":"<p>IMI-Benachrichtigungen &#8211; Buchung im Transport Das IMI ist ein Binnenmarktinformationssystem, das ein Instrument f\u00fcr den sicheren, bequemen und mehrsprachigen Datenaustausch zwischen den \u00f6ffentlichen Verwaltungen der Mitgliedstaaten des Europ\u00e4ischen Wirtschaftsraums (EWR) und den Institutionen der Europ\u00e4ischen Union auf nationaler, regionaler und lokaler Ebene darstellt. Das IMI wurde von der Europ\u00e4ischen Kommission mit aktiver Unterst\u00fctzung durch die &hellip;<\/p>\n<p class=\"read-more\"> <a class=\"\" href=\"https:\/\/impolsarl.com\/de\/imi-benachrichtigungen-buchung-im-transport\/\"> <span class=\"screen-reader-text\">IMI-Benachrichtigungen &#8211; Buchung im Transport<\/span> Read More \u00bb<\/a><\/p>\n","protected":false},"author":5,"featured_media":0,"parent":0,"menu_order":36,"comment_status":"closed","ping_status":"closed","template":"","meta":{"_acf_changed":false,"site-sidebar-layout":"no-sidebar","site-content-layout":"","ast-site-content-layout":"full-width-container","site-content-style":"default","site-sidebar-style":"default","ast-global-header-display":"","ast-banner-title-visibility":"","ast-main-header-display":"","ast-hfb-above-header-display":"","ast-hfb-below-header-display":"","ast-hfb-mobile-header-display":"","site-post-title":"disabled","ast-breadcrumbs-content":"","ast-featured-img":"disabled","footer-sml-layout":"","theme-transparent-header-meta":"","adv-header-id-meta":"","stick-header-meta":"","header-above-stick-meta":"","header-main-stick-meta":"","header-below-stick-meta":"","astra-migrate-meta-layouts":"default","ast-page-background-enabled":"default","ast-page-background-meta":{"desktop":{"background-color":"var(--ast-global-color-4)","background-image":"","background-repeat":"repeat","background-position":"center center","background-size":"auto","background-attachment":"scroll","background-type":"","background-media":"","overlay-type":"","overlay-color":"","overlay-gradient":""},"tablet":{"background-color":"","background-image":"","background-repeat":"repeat","background-position":"center center","background-size":"auto","background-attachment":"scroll","background-type":"","background-media":"","overlay-type":"","overlay-color":"","overlay-gradient":""},"mobile":{"background-color":"","background-image":"","background-repeat":"repeat","background-position":"center center","background-size":"auto","background-attachment":"scroll","background-type":"","background-media":"","overlay-type":"","overlay-color":"","overlay-gradient":""}},"ast-content-background-meta":{"desktop":{"background-color":"var(--ast-global-color-5)","background-image":"","background-repeat":"repeat","background-position":"center center","background-size":"auto","background-attachment":"scroll","background-type":"","background-media":"","overlay-type":"","overlay-color":"","overlay-gradient":""},"tablet":{"background-color":"var(--ast-global-color-5)","background-image":"","background-repeat":"repeat","background-position":"center center","background-size":"auto","background-attachment":"scroll","background-type":"","background-media":"","overlay-type":"","overlay-color":"","overlay-gradient":""},"mobile":{"background-color":"var(--ast-global-color-5)","background-image":"","background-repeat":"repeat","background-position":"center center","background-size":"auto","background-attachment":"scroll","background-type":"","background-media":"","overlay-type":"","overlay-color":"","overlay-gradient":""}},"footnotes":""},"folder":[94],"class_list":["post-5782","page","type-page","status-publish","hentry"],"acf":[],"yoast_head":"<!-- This site is optimized with the Yoast SEO Premium plugin v24.7 (Yoast SEO v24.7) - https:\/\/yoast.com\/wordpress\/plugins\/seo\/ -->\n<title>IMI-Meldungen - Entsendung in den Verkehr | IMPOL<\/title>\n<meta name=\"description\" content=\"Im Februar 2022 haben sich die IMI-Meldevorschriften ge\u00e4ndert. Profitieren Sie von dem Wissen und der Erfahrung der Entsendungsberater von Impol!\" \/>\n<meta name=\"robots\" content=\"index, follow, max-snippet:-1, max-image-preview:large, max-video-preview:-1\" \/>\n<link rel=\"canonical\" href=\"https:\/\/impolsarl.com\/de\/imi-benachrichtigungen-buchung-im-transport\/\" \/>\n<meta property=\"og:locale\" content=\"de_DE\" \/>\n<meta property=\"og:type\" content=\"article\" \/>\n<meta property=\"og:title\" content=\"IMI-Benachrichtigungen - Buchung im Transport\" \/>\n<meta property=\"og:description\" content=\"Im Februar 2022 haben sich die IMI-Meldevorschriften ge\u00e4ndert. Profitieren Sie von dem Wissen und der Erfahrung der Entsendungsberater von Impol!\" \/>\n<meta property=\"og:url\" content=\"https:\/\/impolsarl.com\/de\/imi-benachrichtigungen-buchung-im-transport\/\" \/>\n<meta property=\"og:site_name\" content=\"Impol - Reprezentant we Francji od ponad dekady! +48 502 50 70 74\" \/>\n<meta property=\"article:publisher\" content=\"https:\/\/www.facebook.com\/przedstawicieltransportuwefrancji\/\" \/>\n<meta property=\"article:modified_time\" content=\"2025-06-01T23:50:54+00:00\" \/>\n<meta name=\"twitter:card\" content=\"summary_large_image\" \/>\n<meta name=\"twitter:label1\" content=\"Gesch\u00e4tzte Lesezeit\" \/>\n\t<meta name=\"twitter:data1\" content=\"3\u00a0Minuten\" \/>\n<script type=\"application\/ld+json\" class=\"yoast-schema-graph\">{\"@context\":\"https:\/\/schema.org\",\"@graph\":[{\"@type\":\"WebPage\",\"@id\":\"https:\/\/impolsarl.com\/de\/imi-benachrichtigungen-buchung-im-transport\/\",\"url\":\"https:\/\/impolsarl.com\/de\/imi-benachrichtigungen-buchung-im-transport\/\",\"name\":\"IMI-Meldungen - Entsendung in den Verkehr | IMPOL\",\"isPartOf\":{\"@id\":\"https:\/\/impolsarl.com\/#website\"},\"datePublished\":\"2022-02-23T16:45:18+00:00\",\"dateModified\":\"2025-06-01T23:50:54+00:00\",\"description\":\"Im Februar 2022 haben sich die IMI-Meldevorschriften ge\u00e4ndert. Profitieren Sie von dem Wissen und der Erfahrung der Entsendungsberater von Impol!\",\"breadcrumb\":{\"@id\":\"https:\/\/impolsarl.com\/de\/imi-benachrichtigungen-buchung-im-transport\/#breadcrumb\"},\"inLanguage\":\"de\",\"potentialAction\":[{\"@type\":\"ReadAction\",\"target\":[\"https:\/\/impolsarl.com\/de\/imi-benachrichtigungen-buchung-im-transport\/\"]}]},{\"@type\":\"BreadcrumbList\",\"@id\":\"https:\/\/impolsarl.com\/de\/imi-benachrichtigungen-buchung-im-transport\/#breadcrumb\",\"itemListElement\":[{\"@type\":\"ListItem\",\"position\":1,\"name\":\"Strona g\u0142\u00f3wna\",\"item\":\"https:\/\/impolsarl.com\/de\/homepage\/\"},{\"@type\":\"ListItem\",\"position\":2,\"name\":\"IMI-Benachrichtigungen &#8211; Buchung im Transport\"}]},{\"@type\":\"WebSite\",\"@id\":\"https:\/\/impolsarl.com\/#website\",\"url\":\"https:\/\/impolsarl.com\/\",\"name\":\"Impol - Reprezentant we Francji od ponad dekady! +48 502 50 70 74\",\"description\":\"Impol SARL - Przedstawiciel transportu w Europie\",\"publisher\":{\"@id\":\"https:\/\/impolsarl.com\/#organization\"},\"potentialAction\":[{\"@type\":\"SearchAction\",\"target\":{\"@type\":\"EntryPoint\",\"urlTemplate\":\"https:\/\/impolsarl.com\/?s={search_term_string}\"},\"query-input\":{\"@type\":\"PropertyValueSpecification\",\"valueRequired\":true,\"valueName\":\"search_term_string\"}}],\"inLanguage\":\"de\"},{\"@type\":\"Organization\",\"@id\":\"https:\/\/impolsarl.com\/#organization\",\"name\":\"Impol - Przedstawiciel Transportu i Pracownikow Delegowanych Do Francji\",\"url\":\"https:\/\/impolsarl.com\/\",\"logo\":{\"@type\":\"ImageObject\",\"inLanguage\":\"de\",\"@id\":\"https:\/\/impolsarl.com\/#\/schema\/logo\/image\/\",\"url\":\"https:\/\/impolsarl.com\/wp-content\/uploads\/2018\/08\/logo-1.png\",\"contentUrl\":\"https:\/\/impolsarl.com\/wp-content\/uploads\/2018\/08\/logo-1.png\",\"width\":133,\"height\":126,\"caption\":\"Impol - Przedstawiciel Transportu i Pracownikow Delegowanych Do Francji\"},\"image\":{\"@id\":\"https:\/\/impolsarl.com\/#\/schema\/logo\/image\/\"},\"sameAs\":[\"https:\/\/www.facebook.com\/przedstawicieltransportuwefrancji\/\",\"https:\/\/www.youtube.com\/watch?v=2zjQ9NJBf04\"]}]}<\/script>\n<!-- \/ Yoast SEO Premium plugin. -->","yoast_head_json":{"title":"IMI-Meldungen - Entsendung in den Verkehr | IMPOL","description":"Im Februar 2022 haben sich die IMI-Meldevorschriften ge\u00e4ndert. Profitieren Sie von dem Wissen und der Erfahrung der Entsendungsberater von Impol!","robots":{"index":"index","follow":"follow","max-snippet":"max-snippet:-1","max-image-preview":"max-image-preview:large","max-video-preview":"max-video-preview:-1"},"canonical":"https:\/\/impolsarl.com\/de\/imi-benachrichtigungen-buchung-im-transport\/","og_locale":"de_DE","og_type":"article","og_title":"IMI-Benachrichtigungen - Buchung im Transport","og_description":"Im Februar 2022 haben sich die IMI-Meldevorschriften ge\u00e4ndert. Profitieren Sie von dem Wissen und der Erfahrung der Entsendungsberater von Impol!","og_url":"https:\/\/impolsarl.com\/de\/imi-benachrichtigungen-buchung-im-transport\/","og_site_name":"Impol - Reprezentant we Francji od ponad dekady! +48 502 50 70 74","article_publisher":"https:\/\/www.facebook.com\/przedstawicieltransportuwefrancji\/","article_modified_time":"2025-06-01T23:50:54+00:00","twitter_card":"summary_large_image","twitter_misc":{"Gesch\u00e4tzte Lesezeit":"3\u00a0Minuten"},"schema":{"@context":"https:\/\/schema.org","@graph":[{"@type":"WebPage","@id":"https:\/\/impolsarl.com\/de\/imi-benachrichtigungen-buchung-im-transport\/","url":"https:\/\/impolsarl.com\/de\/imi-benachrichtigungen-buchung-im-transport\/","name":"IMI-Meldungen - Entsendung in den Verkehr | IMPOL","isPartOf":{"@id":"https:\/\/impolsarl.com\/#website"},"datePublished":"2022-02-23T16:45:18+00:00","dateModified":"2025-06-01T23:50:54+00:00","description":"Im Februar 2022 haben sich die IMI-Meldevorschriften ge\u00e4ndert. Profitieren Sie von dem Wissen und der Erfahrung der Entsendungsberater von Impol!","breadcrumb":{"@id":"https:\/\/impolsarl.com\/de\/imi-benachrichtigungen-buchung-im-transport\/#breadcrumb"},"inLanguage":"de","potentialAction":[{"@type":"ReadAction","target":["https:\/\/impolsarl.com\/de\/imi-benachrichtigungen-buchung-im-transport\/"]}]},{"@type":"BreadcrumbList","@id":"https:\/\/impolsarl.com\/de\/imi-benachrichtigungen-buchung-im-transport\/#breadcrumb","itemListElement":[{"@type":"ListItem","position":1,"name":"Strona g\u0142\u00f3wna","item":"https:\/\/impolsarl.com\/de\/homepage\/"},{"@type":"ListItem","position":2,"name":"IMI-Benachrichtigungen &#8211; Buchung im Transport"}]},{"@type":"WebSite","@id":"https:\/\/impolsarl.com\/#website","url":"https:\/\/impolsarl.com\/","name":"Impol - Reprezentant we Francji od ponad dekady! +48 502 50 70 74","description":"Impol SARL - Przedstawiciel transportu w Europie","publisher":{"@id":"https:\/\/impolsarl.com\/#organization"},"potentialAction":[{"@type":"SearchAction","target":{"@type":"EntryPoint","urlTemplate":"https:\/\/impolsarl.com\/?s={search_term_string}"},"query-input":{"@type":"PropertyValueSpecification","valueRequired":true,"valueName":"search_term_string"}}],"inLanguage":"de"},{"@type":"Organization","@id":"https:\/\/impolsarl.com\/#organization","name":"Impol - Przedstawiciel Transportu i Pracownikow Delegowanych Do Francji","url":"https:\/\/impolsarl.com\/","logo":{"@type":"ImageObject","inLanguage":"de","@id":"https:\/\/impolsarl.com\/#\/schema\/logo\/image\/","url":"https:\/\/impolsarl.com\/wp-content\/uploads\/2018\/08\/logo-1.png","contentUrl":"https:\/\/impolsarl.com\/wp-content\/uploads\/2018\/08\/logo-1.png","width":133,"height":126,"caption":"Impol - Przedstawiciel Transportu i Pracownikow Delegowanych Do Francji"},"image":{"@id":"https:\/\/impolsarl.com\/#\/schema\/logo\/image\/"},"sameAs":["https:\/\/www.facebook.com\/przedstawicieltransportuwefrancji\/","https:\/\/www.youtube.com\/watch?v=2zjQ9NJBf04"]}]}},"_links":{"self":[{"href":"https:\/\/impolsarl.com\/de\/wp-json\/wp\/v2\/pages\/5782","targetHints":{"allow":["GET"]}}],"collection":[{"href":"https:\/\/impolsarl.com\/de\/wp-json\/wp\/v2\/pages"}],"about":[{"href":"https:\/\/impolsarl.com\/de\/wp-json\/wp\/v2\/types\/page"}],"author":[{"embeddable":true,"href":"https:\/\/impolsarl.com\/de\/wp-json\/wp\/v2\/users\/5"}],"replies":[{"embeddable":true,"href":"https:\/\/impolsarl.com\/de\/wp-json\/wp\/v2\/comments?post=5782"}],"version-history":[{"count":1,"href":"https:\/\/impolsarl.com\/de\/wp-json\/wp\/v2\/pages\/5782\/revisions"}],"predecessor-version":[{"id":5783,"href":"https:\/\/impolsarl.com\/de\/wp-json\/wp\/v2\/pages\/5782\/revisions\/5783"}],"wp:attachment":[{"href":"https:\/\/impolsarl.com\/de\/wp-json\/wp\/v2\/media?parent=5782"}],"wp:term":[{"taxonomy":"folder","embeddable":true,"href":"https:\/\/impolsarl.com\/de\/wp-json\/wp\/v2\/folder?post=5782"}],"curies":[{"name":"wp","href":"https:\/\/api.w.org\/{rel}","templated":true}]}}