{"id":5774,"date":"2024-10-25T12:16:25","date_gmt":"2024-10-25T10:16:25","guid":{"rendered":"https:\/\/impolsarl.com\/mehrwertsteuererstattungen-aus-frankreich\/"},"modified":"2025-06-02T01:35:44","modified_gmt":"2025-06-01T23:35:44","slug":"mehrwertsteuererstattungen-aus-frankreich","status":"publish","type":"page","link":"https:\/\/impolsarl.com\/de\/mehrwertsteuererstattungen-aus-frankreich\/","title":{"rendered":"Mehrwertsteuererstattungen aus Frankreich"},"content":{"rendered":"\n<p>Alle in Polen registrierten Unternehmen, denen Kosten f\u00fcr ihre Gesch\u00e4ftst\u00e4tigkeit in Frankreich entstehen, k\u00f6nnen eine R\u00fcckerstattung der Steuer beantragen, die auf die erworbenen Produkte oder Dienstleistungen erhoben wurde. Wenn Sie nicht wissen, wie Sie mit dieser Aufgabe umgehen sollen, laden wir Sie ein, mit uns zusammenzuarbeiten. Wir befassen uns seit vielen Jahren mit der Erstattung der Mehrwertsteuer (TVA &#8211; Taxe sur la Valeur Ajoutee) in Frankreich. In diesem Land gibt es einen einzigen Standardsatz. Dieser Satz betr\u00e4gt 20 % und deckt u. a. die Kosten f\u00fcr Stra\u00dfenmaut und Kraftstoff ab. Es gibt auch erm\u00e4\u00dfigte S\u00e4tze von 10 %, 5,5 % und 2,1 %.      <\/p>\n\n<h2 class=\"wp-block-heading\" id=\"h-kto-moze-starac-sie-o-zwrot-podatku-z-francji\">Wer kann eine Steuererstattung aus Frankreich beantragen?<\/h2>\n\n<p>Alle Unternehmen, die in Polen als MwSt.-Vertreter t\u00e4tig sind, k\u00f6nnen die R\u00fcckerstattung der TVA-Steuer beantragen, sofern sie in dem angegebenen Zeitraum in Frankreich gesch\u00e4ftliche Ausgaben get\u00e4tigt haben. Es ist jedoch zu bedenken, dass nicht jeder einen solchen Antrag stellen kann. Unternehmen, die in dem genannten Land als Steuerzahler registriert sind oder dort ihren Sitz haben, haben nicht die M\u00f6glichkeit, die R\u00fcckerstattung der Mehrwertsteuer zu beantragen.  <\/p>\n\n<h2 class=\"wp-block-heading\" id=\"h-kiedy-mozna-ubiegac-sie-o-zwrot-vat-z-francji\">Wann k\u00f6nnen Sie eine Mehrwertsteuererstattung aus Frankreich beantragen?<\/h2>\n\n<p>Ein Antrag auf R\u00fcckerstattung der Mehrwertsteuer aus Frankreich wird in der Regel viertelj\u00e4hrlich gestellt, obwohl es m\u00f6glich ist, sie zu kombinieren. Dementsprechend k\u00f6nnen Unternehmer die R\u00fcckforderung der TVA beantragen f\u00fcr: <\/p>\n\n<ul class=\"wp-block-list\">\n<li>Q1,<\/li>\n\n\n\n<li>Q2,<\/li>\n\n\n\n<li>Q3,<\/li>\n\n\n\n<li>Q4,<\/li>\n\n\n\n<li>H1,<\/li>\n\n\n\n<li>H2,<\/li>\n\n\n\n<li>Zeitraum Q1-Q3,<\/li>\n\n\n\n<li>Zeitraum Q2-Q3,<\/li>\n\n\n\n<li>Zeitraum Q2-Q4,<\/li>\n\n\n\n<li>das ganze Jahr \u00fcber.<\/li>\n<\/ul>\n\n<p>Wenn der Antrag f\u00fcr ein ganzes Jahr gestellt wird, betr\u00e4gt der niedrigste Betrag 50 \u20ac. F\u00fcr k\u00fcrzere Zeitr\u00e4ume muss ein Betrag von mindestens 400 \u20ac beantragt werden. Ebenso wichtig ist es, die Fristen einzuhalten. Am 30. September l\u00e4uft die Frist f\u00fcr die Beantragung von Mehrwertsteuererstattungen aus Frankreich f\u00fcr das vorangegangene Jahr ab.   <\/p>\n\n<h2 class=\"wp-block-heading\" id=\"h-zwrot-podatku-z-francji-jakie-dokumenty-sa-wymagane\">Steuerr\u00fcckerstattung aus Frankreich &#8211; welche Unterlagen sind erforderlich?<\/h2>\n\n<p>Mit Ihrem Antrag auf Erstattung der franz\u00f6sischen Mehrwertsteuer m\u00fcssen Sie weitere Unterlagen einreichen. Dabei kann es sich um Quittungen oder Rechnungen handeln, wobei letztere nicht mit allen Angaben zum K\u00e4ufer der Waren oder Dienstleistungen vorgelegt werden m\u00fcssen. <\/p>\n\n<h2 class=\"wp-block-heading\" id=\"h-skladanie-wniosku-o-zwrot-podatku-z-francji\">Einreichung eines Steuererstattungsantrags aus Frankreich<\/h2>\n\n<p>Der Antrag auf Mehrwertsteuererstattung (TVA) aus Frankreich wird bei dem f\u00fcr Ihr Unternehmen zust\u00e4ndigen Finanzamt eingereicht. Die Mitarbeiter dieses Amtes haben 15 Tage Zeit, den Antrag zu pr\u00fcfen und ihn dann nach Frankreich weiterzuleiten. Ab dem Datum des Antragseingangs haben die franz\u00f6sischen Finanzbeamten 4 Monate Zeit, um eine Entscheidung zu treffen. Diese Frist kann verl\u00e4ngert werden, wenn eine \u00dcberpr\u00fcfung der Unterlagen erforderlich ist. In diesem Fall hat der Unternehmer weitere zwei Monate Zeit, um die fehlenden Unterlagen nachzureichen.    <\/p>\n","protected":false},"excerpt":{"rendered":"<p>Alle in Polen registrierten Unternehmen, denen Kosten f\u00fcr ihre Gesch\u00e4ftst\u00e4tigkeit in Frankreich entstehen, k\u00f6nnen eine R\u00fcckerstattung der Steuer beantragen, die auf die erworbenen Produkte oder Dienstleistungen erhoben wurde. Wenn Sie nicht wissen, wie Sie mit dieser Aufgabe umgehen sollen, laden wir Sie ein, mit uns zusammenzuarbeiten. Wir befassen uns seit vielen Jahren mit der Erstattung &hellip;<\/p>\n<p class=\"read-more\"> <a class=\"\" href=\"https:\/\/impolsarl.com\/de\/mehrwertsteuererstattungen-aus-frankreich\/\"> <span class=\"screen-reader-text\">Mehrwertsteuererstattungen aus Frankreich<\/span> Read More \u00bb<\/a><\/p>\n","protected":false},"author":5,"featured_media":0,"parent":0,"menu_order":17,"comment_status":"closed","ping_status":"closed","template":"","meta":{"_acf_changed":false,"site-sidebar-layout":"default","site-content-layout":"","ast-site-content-layout":"","site-content-style":"default","site-sidebar-style":"default","ast-global-header-display":"","ast-banner-title-visibility":"","ast-main-header-display":"","ast-hfb-above-header-display":"","ast-hfb-below-header-display":"","ast-hfb-mobile-header-display":"","site-post-title":"","ast-breadcrumbs-content":"","ast-featured-img":"","footer-sml-layout":"","theme-transparent-header-meta":"","adv-header-id-meta":"","stick-header-meta":"","header-above-stick-meta":"","header-main-stick-meta":"","header-below-stick-meta":"","astra-migrate-meta-layouts":"default","ast-page-background-enabled":"default","ast-page-background-meta":{"desktop":{"background-color":"var(--ast-global-color-4)","background-image":"","background-repeat":"repeat","background-position":"center center","background-size":"auto","background-attachment":"scroll","background-type":"","background-media":"","overlay-type":"","overlay-color":"","overlay-gradient":""},"tablet":{"background-color":"","background-image":"","background-repeat":"repeat","background-position":"center center","background-size":"auto","background-attachment":"scroll","background-type":"","background-media":"","overlay-type":"","overlay-color":"","overlay-gradient":""},"mobile":{"background-color":"","background-image":"","background-repeat":"repeat","background-position":"center center","background-size":"auto","background-attachment":"scroll","background-type":"","background-media":"","overlay-type":"","overlay-color":"","overlay-gradient":""}},"ast-content-background-meta":{"desktop":{"background-color":"var(--ast-global-color-5)","background-image":"","background-repeat":"repeat","background-position":"center center","background-size":"auto","background-attachment":"scroll","background-type":"","background-media":"","overlay-type":"","overlay-color":"","overlay-gradient":""},"tablet":{"background-color":"var(--ast-global-color-5)","background-image":"","background-repeat":"repeat","background-position":"center center","background-size":"auto","background-attachment":"scroll","background-type":"","background-media":"","overlay-type":"","overlay-color":"","overlay-gradient":""},"mobile":{"background-color":"var(--ast-global-color-5)","background-image":"","background-repeat":"repeat","background-position":"center center","background-size":"auto","background-attachment":"scroll","background-type":"","background-media":"","overlay-type":"","overlay-color":"","overlay-gradient":""}},"footnotes":""},"folder":[94],"class_list":["post-5774","page","type-page","status-publish","hentry"],"acf":[],"yoast_head":"<!-- This site is optimized with the Yoast SEO Premium plugin v24.7 (Yoast SEO v24.7) - https:\/\/yoast.com\/wordpress\/plugins\/seo\/ -->\n<title>Mehrwertsteuererstattung aus Frankreich | Wie zur\u00fcckfordern? | IMPOL<\/title>\n<meta name=\"description\" content=\"Wenn Sie Hilfe bei der R\u00fcckerstattung der Mehrwertsteuer aus Frankreich ben\u00f6tigen, laden wir Sie ein, mit uns zusammenzuarbeiten. Wir haben viele Jahre Erfahrung in solchen Angelegenheiten.\" \/>\n<meta name=\"robots\" content=\"index, follow, max-snippet:-1, max-image-preview:large, max-video-preview:-1\" \/>\n<link rel=\"canonical\" href=\"https:\/\/impolsarl.com\/de\/mehrwertsteuererstattungen-aus-frankreich\/\" \/>\n<meta property=\"og:locale\" content=\"de_DE\" \/>\n<meta property=\"og:type\" content=\"article\" \/>\n<meta property=\"og:title\" content=\"Mehrwertsteuererstattungen aus Frankreich\" \/>\n<meta property=\"og:description\" content=\"Wenn Sie Hilfe bei der R\u00fcckerstattung der Mehrwertsteuer aus Frankreich ben\u00f6tigen, laden wir Sie ein, mit uns zusammenzuarbeiten. Wir haben viele Jahre Erfahrung in solchen Angelegenheiten.\" \/>\n<meta property=\"og:url\" content=\"https:\/\/impolsarl.com\/de\/mehrwertsteuererstattungen-aus-frankreich\/\" \/>\n<meta property=\"og:site_name\" content=\"Impol - Reprezentant we Francji od ponad dekady! +48 502 50 70 74\" \/>\n<meta property=\"article:publisher\" content=\"https:\/\/www.facebook.com\/przedstawicieltransportuwefrancji\/\" \/>\n<meta property=\"article:modified_time\" content=\"2025-06-01T23:35:44+00:00\" \/>\n<meta name=\"twitter:card\" content=\"summary_large_image\" \/>\n<meta name=\"twitter:label1\" content=\"Gesch\u00e4tzte Lesezeit\" \/>\n\t<meta name=\"twitter:data1\" content=\"2\u00a0Minuten\" \/>\n<script type=\"application\/ld+json\" class=\"yoast-schema-graph\">{\"@context\":\"https:\/\/schema.org\",\"@graph\":[{\"@type\":\"WebPage\",\"@id\":\"https:\/\/impolsarl.com\/de\/mehrwertsteuererstattungen-aus-frankreich\/\",\"url\":\"https:\/\/impolsarl.com\/de\/mehrwertsteuererstattungen-aus-frankreich\/\",\"name\":\"Mehrwertsteuererstattung aus Frankreich | Wie zur\u00fcckfordern? | IMPOL\",\"isPartOf\":{\"@id\":\"https:\/\/impolsarl.com\/#website\"},\"datePublished\":\"2024-10-25T10:16:25+00:00\",\"dateModified\":\"2025-06-01T23:35:44+00:00\",\"description\":\"Wenn Sie Hilfe bei der R\u00fcckerstattung der Mehrwertsteuer aus Frankreich ben\u00f6tigen, laden wir Sie ein, mit uns zusammenzuarbeiten. Wir haben viele Jahre Erfahrung in solchen Angelegenheiten.\",\"breadcrumb\":{\"@id\":\"https:\/\/impolsarl.com\/de\/mehrwertsteuererstattungen-aus-frankreich\/#breadcrumb\"},\"inLanguage\":\"de\",\"potentialAction\":[{\"@type\":\"ReadAction\",\"target\":[\"https:\/\/impolsarl.com\/de\/mehrwertsteuererstattungen-aus-frankreich\/\"]}]},{\"@type\":\"BreadcrumbList\",\"@id\":\"https:\/\/impolsarl.com\/de\/mehrwertsteuererstattungen-aus-frankreich\/#breadcrumb\",\"itemListElement\":[{\"@type\":\"ListItem\",\"position\":1,\"name\":\"Strona g\u0142\u00f3wna\",\"item\":\"https:\/\/impolsarl.com\/de\/homepage\/\"},{\"@type\":\"ListItem\",\"position\":2,\"name\":\"Mehrwertsteuererstattungen aus Frankreich\"}]},{\"@type\":\"WebSite\",\"@id\":\"https:\/\/impolsarl.com\/#website\",\"url\":\"https:\/\/impolsarl.com\/\",\"name\":\"Impol - Reprezentant we Francji od ponad dekady! +48 502 50 70 74\",\"description\":\"Impol SARL - Przedstawiciel transportu w Europie\",\"publisher\":{\"@id\":\"https:\/\/impolsarl.com\/#organization\"},\"potentialAction\":[{\"@type\":\"SearchAction\",\"target\":{\"@type\":\"EntryPoint\",\"urlTemplate\":\"https:\/\/impolsarl.com\/?s={search_term_string}\"},\"query-input\":{\"@type\":\"PropertyValueSpecification\",\"valueRequired\":true,\"valueName\":\"search_term_string\"}}],\"inLanguage\":\"de\"},{\"@type\":\"Organization\",\"@id\":\"https:\/\/impolsarl.com\/#organization\",\"name\":\"Impol - Przedstawiciel Transportu i Pracownikow Delegowanych Do Francji\",\"url\":\"https:\/\/impolsarl.com\/\",\"logo\":{\"@type\":\"ImageObject\",\"inLanguage\":\"de\",\"@id\":\"https:\/\/impolsarl.com\/#\/schema\/logo\/image\/\",\"url\":\"https:\/\/impolsarl.com\/wp-content\/uploads\/2018\/08\/logo-1.png\",\"contentUrl\":\"https:\/\/impolsarl.com\/wp-content\/uploads\/2018\/08\/logo-1.png\",\"width\":133,\"height\":126,\"caption\":\"Impol - Przedstawiciel Transportu i Pracownikow Delegowanych Do Francji\"},\"image\":{\"@id\":\"https:\/\/impolsarl.com\/#\/schema\/logo\/image\/\"},\"sameAs\":[\"https:\/\/www.facebook.com\/przedstawicieltransportuwefrancji\/\",\"https:\/\/www.youtube.com\/watch?v=2zjQ9NJBf04\"]}]}<\/script>\n<!-- \/ Yoast SEO Premium plugin. -->","yoast_head_json":{"title":"Mehrwertsteuererstattung aus Frankreich | Wie zur\u00fcckfordern? | IMPOL","description":"Wenn Sie Hilfe bei der R\u00fcckerstattung der Mehrwertsteuer aus Frankreich ben\u00f6tigen, laden wir Sie ein, mit uns zusammenzuarbeiten. Wir haben viele Jahre Erfahrung in solchen Angelegenheiten.","robots":{"index":"index","follow":"follow","max-snippet":"max-snippet:-1","max-image-preview":"max-image-preview:large","max-video-preview":"max-video-preview:-1"},"canonical":"https:\/\/impolsarl.com\/de\/mehrwertsteuererstattungen-aus-frankreich\/","og_locale":"de_DE","og_type":"article","og_title":"Mehrwertsteuererstattungen aus Frankreich","og_description":"Wenn Sie Hilfe bei der R\u00fcckerstattung der Mehrwertsteuer aus Frankreich ben\u00f6tigen, laden wir Sie ein, mit uns zusammenzuarbeiten. Wir haben viele Jahre Erfahrung in solchen Angelegenheiten.","og_url":"https:\/\/impolsarl.com\/de\/mehrwertsteuererstattungen-aus-frankreich\/","og_site_name":"Impol - Reprezentant we Francji od ponad dekady! +48 502 50 70 74","article_publisher":"https:\/\/www.facebook.com\/przedstawicieltransportuwefrancji\/","article_modified_time":"2025-06-01T23:35:44+00:00","twitter_card":"summary_large_image","twitter_misc":{"Gesch\u00e4tzte Lesezeit":"2\u00a0Minuten"},"schema":{"@context":"https:\/\/schema.org","@graph":[{"@type":"WebPage","@id":"https:\/\/impolsarl.com\/de\/mehrwertsteuererstattungen-aus-frankreich\/","url":"https:\/\/impolsarl.com\/de\/mehrwertsteuererstattungen-aus-frankreich\/","name":"Mehrwertsteuererstattung aus Frankreich | Wie zur\u00fcckfordern? | IMPOL","isPartOf":{"@id":"https:\/\/impolsarl.com\/#website"},"datePublished":"2024-10-25T10:16:25+00:00","dateModified":"2025-06-01T23:35:44+00:00","description":"Wenn Sie Hilfe bei der R\u00fcckerstattung der Mehrwertsteuer aus Frankreich ben\u00f6tigen, laden wir Sie ein, mit uns zusammenzuarbeiten. Wir haben viele Jahre Erfahrung in solchen Angelegenheiten.","breadcrumb":{"@id":"https:\/\/impolsarl.com\/de\/mehrwertsteuererstattungen-aus-frankreich\/#breadcrumb"},"inLanguage":"de","potentialAction":[{"@type":"ReadAction","target":["https:\/\/impolsarl.com\/de\/mehrwertsteuererstattungen-aus-frankreich\/"]}]},{"@type":"BreadcrumbList","@id":"https:\/\/impolsarl.com\/de\/mehrwertsteuererstattungen-aus-frankreich\/#breadcrumb","itemListElement":[{"@type":"ListItem","position":1,"name":"Strona g\u0142\u00f3wna","item":"https:\/\/impolsarl.com\/de\/homepage\/"},{"@type":"ListItem","position":2,"name":"Mehrwertsteuererstattungen aus Frankreich"}]},{"@type":"WebSite","@id":"https:\/\/impolsarl.com\/#website","url":"https:\/\/impolsarl.com\/","name":"Impol - Reprezentant we Francji od ponad dekady! +48 502 50 70 74","description":"Impol SARL - Przedstawiciel transportu w Europie","publisher":{"@id":"https:\/\/impolsarl.com\/#organization"},"potentialAction":[{"@type":"SearchAction","target":{"@type":"EntryPoint","urlTemplate":"https:\/\/impolsarl.com\/?s={search_term_string}"},"query-input":{"@type":"PropertyValueSpecification","valueRequired":true,"valueName":"search_term_string"}}],"inLanguage":"de"},{"@type":"Organization","@id":"https:\/\/impolsarl.com\/#organization","name":"Impol - Przedstawiciel Transportu i Pracownikow Delegowanych Do Francji","url":"https:\/\/impolsarl.com\/","logo":{"@type":"ImageObject","inLanguage":"de","@id":"https:\/\/impolsarl.com\/#\/schema\/logo\/image\/","url":"https:\/\/impolsarl.com\/wp-content\/uploads\/2018\/08\/logo-1.png","contentUrl":"https:\/\/impolsarl.com\/wp-content\/uploads\/2018\/08\/logo-1.png","width":133,"height":126,"caption":"Impol - Przedstawiciel Transportu i Pracownikow Delegowanych Do Francji"},"image":{"@id":"https:\/\/impolsarl.com\/#\/schema\/logo\/image\/"},"sameAs":["https:\/\/www.facebook.com\/przedstawicieltransportuwefrancji\/","https:\/\/www.youtube.com\/watch?v=2zjQ9NJBf04"]}]}},"_links":{"self":[{"href":"https:\/\/impolsarl.com\/de\/wp-json\/wp\/v2\/pages\/5774","targetHints":{"allow":["GET"]}}],"collection":[{"href":"https:\/\/impolsarl.com\/de\/wp-json\/wp\/v2\/pages"}],"about":[{"href":"https:\/\/impolsarl.com\/de\/wp-json\/wp\/v2\/types\/page"}],"author":[{"embeddable":true,"href":"https:\/\/impolsarl.com\/de\/wp-json\/wp\/v2\/users\/5"}],"replies":[{"embeddable":true,"href":"https:\/\/impolsarl.com\/de\/wp-json\/wp\/v2\/comments?post=5774"}],"version-history":[{"count":1,"href":"https:\/\/impolsarl.com\/de\/wp-json\/wp\/v2\/pages\/5774\/revisions"}],"predecessor-version":[{"id":5775,"href":"https:\/\/impolsarl.com\/de\/wp-json\/wp\/v2\/pages\/5774\/revisions\/5775"}],"wp:attachment":[{"href":"https:\/\/impolsarl.com\/de\/wp-json\/wp\/v2\/media?parent=5774"}],"wp:term":[{"taxonomy":"folder","embeddable":true,"href":"https:\/\/impolsarl.com\/de\/wp-json\/wp\/v2\/folder?post=5774"}],"curies":[{"name":"wp","href":"https:\/\/api.w.org\/{rel}","templated":true}]}}