{"id":5594,"date":"2022-02-23T17:45:18","date_gmt":"2022-02-23T16:45:18","guid":{"rendered":"https:\/\/impolsarl.com\/franzoesische-buchhaltung\/"},"modified":"2025-05-15T23:49:25","modified_gmt":"2025-05-15T21:49:25","slug":"franzoesische-buchhaltung","status":"publish","type":"page","link":"https:\/\/impolsarl.com\/de\/franzoesische-buchhaltung\/","title":{"rendered":"Franz\u00f6sische Buchhaltung"},"content":{"rendered":"\t\t<div data-elementor-type=\"wp-page\" data-elementor-id=\"5594\" class=\"elementor elementor-5594 elementor-2955\" data-elementor-post-type=\"page\">\n\t\t\t\t\t\t<section class=\"elementor-section elementor-top-section elementor-element elementor-element-9c7020a elementor-section-boxed elementor-section-height-default elementor-section-height-default\" data-id=\"9c7020a\" data-element_type=\"section\">\n\t\t\t\t\t\t<div class=\"elementor-container elementor-column-gap-default\">\n\t\t\t\t\t<div class=\"elementor-column elementor-col-100 elementor-top-column elementor-element elementor-element-12ab380\" data-id=\"12ab380\" data-element_type=\"column\">\n\t\t\t<div class=\"elementor-widget-wrap elementor-element-populated\">\n\t\t\t\t\t\t<div class=\"elementor-element elementor-element-d53aea7 elementor-widget elementor-widget-image\" data-id=\"d53aea7\" data-element_type=\"widget\" data-widget_type=\"image.default\">\n\t\t\t\t<div class=\"elementor-widget-container\">\n\t\t\t\t\t\t\t\t\t\t\t\t\t\t\t<img fetchpriority=\"high\" decoding=\"async\" width=\"1024\" height=\"680\" src=\"https:\/\/impolsarl.com\/wp-content\/uploads\/2023\/09\/ksiegowosc-1024x680.jpg\" class=\"attachment-large size-large wp-image-3602\" alt=\"ksi\u0119gowo\u015b\u0107\" srcset=\"https:\/\/impolsarl.com\/wp-content\/uploads\/2023\/09\/ksiegowosc-1024x680.jpg 1024w, https:\/\/impolsarl.com\/wp-content\/uploads\/2023\/09\/ksiegowosc-300x199.jpg 300w, https:\/\/impolsarl.com\/wp-content\/uploads\/2023\/09\/ksiegowosc-768x510.jpg 768w, https:\/\/impolsarl.com\/wp-content\/uploads\/2023\/09\/ksiegowosc-1536x1020.jpg 1536w, https:\/\/impolsarl.com\/wp-content\/uploads\/2023\/09\/ksiegowosc.jpg 1920w\" sizes=\"(max-width: 1024px) 100vw, 1024px\" \/>\t\t\t\t\t\t\t\t\t\t\t\t\t\t\t<\/div>\n\t\t\t\t<\/div>\n\t\t\t\t<div class=\"elementor-element elementor-element-be7102b elementor-widget elementor-widget-text-editor\" data-id=\"be7102b\" data-element_type=\"widget\" data-widget_type=\"text-editor.default\">\n\t\t\t\t<div class=\"elementor-widget-container\">\n\t\t\t\t\t\t\t\t\t<p><span style=\"font-weight: 400;\">Als direkter Vertreter von Unternehmen mit Sitz in Frankreich sind wir auch auf den Bereich der ausl\u00e4ndischen Buchhaltung spezialisiert. Wir laden Sie ein, unsere professionellen Buchhaltungsdienstleistungen in Anspruch zu nehmen. IMPOL bietet eine breite Palette von Beratungsleistungen, die es Ihrem Unternehmen erm\u00f6glichen, seine Finanzen unter Einhaltung der geltenden polnisch-franz\u00f6sischen Vorschriften effizient zu verwalten.  <\/span><\/p>\t\t\t\t\t\t\t\t<\/div>\n\t\t\t\t<\/div>\n\t\t\t\t<div class=\"elementor-element elementor-element-3d68e4d elementor-invisible elementor-widget elementor-widget-heading\" data-id=\"3d68e4d\" data-element_type=\"widget\" data-settings=\"{&quot;_animation&quot;:&quot;fadeIn&quot;}\" data-widget_type=\"heading.default\">\n\t\t\t\t<div class=\"elementor-widget-container\">\n\t\t\t\t\t<h2 class=\"elementor-heading-title elementor-size-default\">Welche Vorteile bringt die Loi Macron den Industrieunternehmen in Frankreich? <\/h2>\t\t\t\t<\/div>\n\t\t\t\t<\/div>\n\t\t\t\t\t<\/div>\n\t\t<\/div>\n\t\t\t\t\t<\/div>\n\t\t<\/section>\n\t\t\t\t<section class=\"elementor-section elementor-top-section elementor-element elementor-element-2e41107 elementor-section-boxed elementor-section-height-default elementor-section-height-default\" data-id=\"2e41107\" data-element_type=\"section\">\n\t\t\t\t\t\t<div class=\"elementor-container elementor-column-gap-default\">\n\t\t\t\t\t<div class=\"elementor-column elementor-col-100 elementor-top-column elementor-element elementor-element-600c7bb\" data-id=\"600c7bb\" data-element_type=\"column\">\n\t\t\t<div class=\"elementor-widget-wrap elementor-element-populated\">\n\t\t\t\t\t\t<div class=\"elementor-element elementor-element-6a24e3f elementor-widget elementor-widget-text-editor\" data-id=\"6a24e3f\" data-element_type=\"widget\" data-widget_type=\"text-editor.default\">\n\t\t\t\t<div class=\"elementor-widget-container\">\n\t\t\t\t\t\t\t\t\t<p><span style=\"font-weight: 400;\">Unsere erfahrenen Mitarbeiter erbringen umfassende Dienstleistungen im Bereich der t\u00e4glichen Buchhaltung und sorgen f\u00fcr die formale und rechtliche Korrektheit aller Buchhaltungsunterlagen. Dank unserer Pr\u00fcfung wird eine unerw\u00fcnschte Doppelbesteuerung zwischen Polen und Frankreich vermieden. <\/span><\/p><p><span style=\"font-weight: 400;\">Wir garantieren kompetente Unterst\u00fctzung bei einer Reihe von Prozessen: von der Gr\u00fcndung eines Unternehmens in Frankreich und der steuerlichen Registrierung des Unternehmens \u00fcber die vollst\u00e4ndige Buchhaltung bis hin zur Abrechnung von Auslandsreisen und der Erstellung zweisprachiger Vertr\u00e4ge.<\/span><\/p><p><span style=\"font-weight: 400;\">Die Zusammenarbeit mit IMPOL-Experten bedeutet <\/span><span style=\"font-weight: 400;\">genaue<\/span><span style=\"font-weight: 400;\"> die korrekte Abwicklung von Transaktionen zwischen verbundenen Unternehmen in Polen und Frankreich unter strikter Wahrung der Vertraulichkeit. Sie m\u00fcssen sich nicht um die Feinheiten der Buchhaltung f\u00fcr ein Unternehmen in Frankreich und komplizierte polnisch-franz\u00f6sische Steuerfragen k\u00fcmmern. Unsere Experten bieten Ihnen nicht nur fundiertes und praktisches Wissen in allen Steuerangelegenheiten, die beide L\u00e4nder betreffen, sondern unterst\u00fctzen Sie auch bei eventuellen Betriebspr\u00fcfungen in Frankreich. Wir helfen Ihnen auch bei der Erstellung von Abschl\u00fcssen und Finanzberichten, damit Sie die finanzielle Lage Ihres Unternehmens umfassend analysieren und bewerten k\u00f6nnen.   <\/span><\/p>\t\t\t\t\t\t\t\t<\/div>\n\t\t\t\t<\/div>\n\t\t\t\t<div class=\"elementor-element elementor-element-935ba7f elementor-invisible elementor-widget elementor-widget-heading\" data-id=\"935ba7f\" data-element_type=\"widget\" data-settings=\"{&quot;_animation&quot;:&quot;fadeIn&quot;}\" data-widget_type=\"heading.default\">\n\t\t\t\t<div class=\"elementor-widget-container\">\n\t\t\t\t\t<h2 class=\"elementor-heading-title elementor-size-default\">Ausl\u00e4ndische Buchhaltungsdienstleistungen, die auf die Bed\u00fcrfnisse Ihres Unternehmens zugeschnitten sind<\/h2>\t\t\t\t<\/div>\n\t\t\t\t<\/div>\n\t\t\t\t<div class=\"elementor-element elementor-element-bf9f7c7 elementor-widget elementor-widget-text-editor\" data-id=\"bf9f7c7\" data-element_type=\"widget\" data-widget_type=\"text-editor.default\">\n\t\t\t\t<div class=\"elementor-widget-container\">\n\t\t\t\t\t\t\t\t\t<p><span style=\"font-weight: 400;\">Dank unserer langj\u00e4hrigen Erfahrung in der ganzheitlichen Betreuung einer Vielzahl von Branchen, darunter f\u00fcr die Weltwirtschaft so wichtige Sektoren wie das Baugewerbe und das Transportwesen, k\u00f6nnen wir Ihnen einen Service bieten, der genau auf Ihre individuellen Bed\u00fcrfnisse zugeschnitten ist. Dank unserer hohen fachlichen Qualifikation auf dem Gebiet der ausl\u00e4ndischen Rechnungslegung, insbesondere im Zusammenhang mit der Rechnungslegung in Frankreich, bieten wir unseren Mandanten ein H\u00f6chstma\u00df an Unterst\u00fctzung. <\/span><\/p>\t\t\t\t\t\t\t\t<\/div>\n\t\t\t\t<\/div>\n\t\t\t\t<div class=\"elementor-element elementor-element-afa25f0 elementor-invisible elementor-widget elementor-widget-heading\" data-id=\"afa25f0\" data-element_type=\"widget\" data-settings=\"{&quot;_animation&quot;:&quot;fadeIn&quot;}\" data-widget_type=\"heading.default\">\n\t\t\t\t<div class=\"elementor-widget-container\">\n\t\t\t\t\t<h2 class=\"elementor-heading-title elementor-size-default\">Wir freuen uns, Ihnen unter anderem Folgendes anbieten zu k\u00f6nnen:<\/h2>\t\t\t\t<\/div>\n\t\t\t\t<\/div>\n\t\t\t\t<div class=\"elementor-element elementor-element-0219e1b elementor-widget elementor-widget-text-editor\" data-id=\"0219e1b\" data-element_type=\"widget\" data-widget_type=\"text-editor.default\">\n\t\t\t\t<div class=\"elementor-widget-container\">\n\t\t\t\t\t\t\t\t\t<ul><li>Unterst\u00fctzung bei der Mehrwertsteuerregistrierung<\/li><li>Buchhaltung in Abh\u00e4ngigkeit von der Anzahl der Rechnungen<\/li><li>F\u00fchrung von Mitarbeiterakten<\/li><li>Liste der Werften \/ Geh\u00e4lter (Fiche de paie)<\/li><li>Sozialmeldungen (URSSAF, Rentenfonds usw.).<\/li><li>Entsendung einer internationalen Delegation<\/li><li>Erstellung der Jahresbilanz<\/li><li>buchhalterische Beratungen<\/li><li>rechtliche Unterst\u00fctzung<\/li><li>Vorbereitung auf eine angek\u00fcndigte Inspektion <\/li><li>Unterst\u00fctzung f\u00fcr URSSAF-Inspektionen<\/li><li>Anmeldung zum CNFE<\/li><li>PROBTP-Registrierung<\/li><\/ul><p>Vertrauen Sie unserem erfahrenen Team, das sich aus hochkar\u00e4tigen Spezialisten zusammensetzt. Wenn Sie sich f\u00fcr IMPOL entscheiden, k\u00f6nnen Sie sicher sein, dass Ihre Buchhaltung in Frankreich gem\u00e4\u00df den geltenden Vorschriften, zuverl\u00e4ssig und effizient durchgef\u00fchrt wird, so dass Sie sich auf die Entwicklung Ihres Unternehmens konzentrieren k\u00f6nnen. <\/p><p>Wir laden Sie ein, sich mit uns in Verbindung zu setzen und sich der gro\u00dfen Zahl zufriedener IMPOL-Kunden anzuschlie\u00dfen, die unsere ausl\u00e4ndischen Buchhaltungsdienste nutzen!<\/p>\t\t\t\t\t\t\t\t<\/div>\n\t\t\t\t<\/div>\n\t\t\t\t\t<\/div>\n\t\t<\/div>\n\t\t\t\t\t<\/div>\n\t\t<\/section>\n\t\t\t\t<\/div>\n\t\t","protected":false},"excerpt":{"rendered":"<p>Als direkter Vertreter von Unternehmen mit Sitz in Frankreich sind wir auch auf den Bereich der ausl\u00e4ndischen Buchhaltung spezialisiert. Wir laden Sie ein, unsere professionellen Buchhaltungsdienstleistungen in Anspruch zu nehmen. IMPOL bietet eine breite Palette von Beratungsleistungen, die es Ihrem Unternehmen erm\u00f6glichen, seine Finanzen unter Einhaltung der geltenden polnisch-franz\u00f6sischen Vorschriften effizient zu verwalten. Welche Vorteile &hellip;<\/p>\n<p class=\"read-more\"> <a class=\"\" href=\"https:\/\/impolsarl.com\/de\/franzoesische-buchhaltung\/\"> <span class=\"screen-reader-text\">Franz\u00f6sische Buchhaltung<\/span> Read More \u00bb<\/a><\/p>\n","protected":false},"author":5,"featured_media":0,"parent":0,"menu_order":29,"comment_status":"closed","ping_status":"closed","template":"","meta":{"_acf_changed":false,"site-sidebar-layout":"default","site-content-layout":"","ast-site-content-layout":"","site-content-style":"default","site-sidebar-style":"default","ast-global-header-display":"","ast-banner-title-visibility":"","ast-main-header-display":"","ast-hfb-above-header-display":"","ast-hfb-below-header-display":"","ast-hfb-mobile-header-display":"","site-post-title":"","ast-breadcrumbs-content":"","ast-featured-img":"","footer-sml-layout":"","theme-transparent-header-meta":"","adv-header-id-meta":"","stick-header-meta":"","header-above-stick-meta":"","header-main-stick-meta":"","header-below-stick-meta":"","astra-migrate-meta-layouts":"default","ast-page-background-enabled":"default","ast-page-background-meta":{"desktop":{"background-color":"var(--ast-global-color-4)","background-image":"","background-repeat":"repeat","background-position":"center center","background-size":"auto","background-attachment":"scroll","background-type":"","background-media":"","overlay-type":"","overlay-color":"","overlay-gradient":""},"tablet":{"background-color":"","background-image":"","background-repeat":"repeat","background-position":"center center","background-size":"auto","background-attachment":"scroll","background-type":"","background-media":"","overlay-type":"","overlay-color":"","overlay-gradient":""},"mobile":{"background-color":"","background-image":"","background-repeat":"repeat","background-position":"center center","background-size":"auto","background-attachment":"scroll","background-type":"","background-media":"","overlay-type":"","overlay-color":"","overlay-gradient":""}},"ast-content-background-meta":{"desktop":{"background-color":"var(--ast-global-color-5)","background-image":"","background-repeat":"repeat","background-position":"center center","background-size":"auto","background-attachment":"scroll","background-type":"","background-media":"","overlay-type":"","overlay-color":"","overlay-gradient":""},"tablet":{"background-color":"var(--ast-global-color-5)","background-image":"","background-repeat":"repeat","background-position":"center center","background-size":"auto","background-attachment":"scroll","background-type":"","background-media":"","overlay-type":"","overlay-color":"","overlay-gradient":""},"mobile":{"background-color":"var(--ast-global-color-5)","background-image":"","background-repeat":"repeat","background-position":"center center","background-size":"auto","background-attachment":"scroll","background-type":"","background-media":"","overlay-type":"","overlay-color":"","overlay-gradient":""}},"footnotes":""},"folder":[91],"class_list":["post-5594","page","type-page","status-publish","hentry"],"acf":[],"yoast_head":"<!-- This site is optimized with the Yoast SEO Premium plugin v24.7 (Yoast SEO v24.7) - https:\/\/yoast.com\/wordpress\/plugins\/seo\/ -->\n<title>Buchhaltung Frankreich | Buchhaltung f\u00fcr eine Auslandsmission | IMPOL<\/title>\n<meta name=\"description\" content=\"Die von IMPOL gef\u00fchrte ausl\u00e4ndische Buchhaltung ist zuverl\u00e4ssig und effizient, so dass Sie sich auf die Gesch\u00e4ftsentwicklung konzentrieren k\u00f6nnen. Kontaktieren Sie uns!\" \/>\n<meta name=\"robots\" content=\"index, follow, max-snippet:-1, max-image-preview:large, max-video-preview:-1\" \/>\n<link rel=\"canonical\" href=\"https:\/\/impolsarl.com\/de\/franzoesische-buchhaltung\/\" \/>\n<meta property=\"og:locale\" content=\"de_DE\" \/>\n<meta property=\"og:type\" content=\"article\" \/>\n<meta property=\"og:title\" content=\"Franz\u00f6sische Buchhaltung\" \/>\n<meta property=\"og:description\" content=\"Die von IMPOL gef\u00fchrte ausl\u00e4ndische Buchhaltung ist zuverl\u00e4ssig und effizient, so dass Sie sich auf die Gesch\u00e4ftsentwicklung konzentrieren k\u00f6nnen. Kontaktieren Sie uns!\" \/>\n<meta property=\"og:url\" content=\"https:\/\/impolsarl.com\/de\/franzoesische-buchhaltung\/\" \/>\n<meta property=\"og:site_name\" content=\"Impol - Reprezentant we Francji od ponad dekady! +48 502 50 70 74\" \/>\n<meta property=\"article:publisher\" content=\"https:\/\/www.facebook.com\/przedstawicieltransportuwefrancji\/\" \/>\n<meta property=\"article:modified_time\" content=\"2025-05-15T21:49:25+00:00\" \/>\n<meta property=\"og:image\" content=\"https:\/\/impolsarl.com\/wp-content\/uploads\/2023\/09\/ksiegowosc.jpg\" \/>\n\t<meta property=\"og:image:width\" content=\"1920\" \/>\n\t<meta property=\"og:image:height\" content=\"1275\" \/>\n\t<meta property=\"og:image:type\" content=\"image\/jpeg\" \/>\n<meta name=\"twitter:card\" content=\"summary_large_image\" \/>\n<meta name=\"twitter:label1\" content=\"Gesch\u00e4tzte Lesezeit\" \/>\n\t<meta name=\"twitter:data1\" content=\"2\u00a0Minuten\" \/>\n<script type=\"application\/ld+json\" class=\"yoast-schema-graph\">{\"@context\":\"https:\/\/schema.org\",\"@graph\":[{\"@type\":\"WebPage\",\"@id\":\"https:\/\/impolsarl.com\/de\/franzoesische-buchhaltung\/\",\"url\":\"https:\/\/impolsarl.com\/de\/franzoesische-buchhaltung\/\",\"name\":\"Buchhaltung Frankreich | Buchhaltung f\u00fcr eine Auslandsmission | IMPOL\",\"isPartOf\":{\"@id\":\"https:\/\/impolsarl.com\/#website\"},\"primaryImageOfPage\":{\"@id\":\"https:\/\/impolsarl.com\/de\/franzoesische-buchhaltung\/#primaryimage\"},\"image\":{\"@id\":\"https:\/\/impolsarl.com\/de\/franzoesische-buchhaltung\/#primaryimage\"},\"thumbnailUrl\":\"https:\/\/impolsarl.com\/wp-content\/uploads\/2023\/09\/ksiegowosc-1024x680.jpg\",\"datePublished\":\"2022-02-23T16:45:18+00:00\",\"dateModified\":\"2025-05-15T21:49:25+00:00\",\"description\":\"Die von IMPOL gef\u00fchrte ausl\u00e4ndische Buchhaltung ist zuverl\u00e4ssig und effizient, so dass Sie sich auf die Gesch\u00e4ftsentwicklung konzentrieren k\u00f6nnen. Kontaktieren Sie uns!\",\"breadcrumb\":{\"@id\":\"https:\/\/impolsarl.com\/de\/franzoesische-buchhaltung\/#breadcrumb\"},\"inLanguage\":\"de\",\"potentialAction\":[{\"@type\":\"ReadAction\",\"target\":[\"https:\/\/impolsarl.com\/de\/franzoesische-buchhaltung\/\"]}]},{\"@type\":\"ImageObject\",\"inLanguage\":\"de\",\"@id\":\"https:\/\/impolsarl.com\/de\/franzoesische-buchhaltung\/#primaryimage\",\"url\":\"https:\/\/impolsarl.com\/wp-content\/uploads\/2023\/09\/ksiegowosc-1024x680.jpg\",\"contentUrl\":\"https:\/\/impolsarl.com\/wp-content\/uploads\/2023\/09\/ksiegowosc-1024x680.jpg\"},{\"@type\":\"BreadcrumbList\",\"@id\":\"https:\/\/impolsarl.com\/de\/franzoesische-buchhaltung\/#breadcrumb\",\"itemListElement\":[{\"@type\":\"ListItem\",\"position\":1,\"name\":\"Strona g\u0142\u00f3wna\",\"item\":\"https:\/\/impolsarl.com\/de\/homepage\/\"},{\"@type\":\"ListItem\",\"position\":2,\"name\":\"Franz\u00f6sische Buchhaltung\"}]},{\"@type\":\"WebSite\",\"@id\":\"https:\/\/impolsarl.com\/#website\",\"url\":\"https:\/\/impolsarl.com\/\",\"name\":\"Impol - Reprezentant we Francji od ponad dekady! +48 502 50 70 74\",\"description\":\"Impol SARL - Przedstawiciel transportu w Europie\",\"publisher\":{\"@id\":\"https:\/\/impolsarl.com\/#organization\"},\"potentialAction\":[{\"@type\":\"SearchAction\",\"target\":{\"@type\":\"EntryPoint\",\"urlTemplate\":\"https:\/\/impolsarl.com\/?s={search_term_string}\"},\"query-input\":{\"@type\":\"PropertyValueSpecification\",\"valueRequired\":true,\"valueName\":\"search_term_string\"}}],\"inLanguage\":\"de\"},{\"@type\":\"Organization\",\"@id\":\"https:\/\/impolsarl.com\/#organization\",\"name\":\"Impol - Przedstawiciel Transportu i Pracownikow Delegowanych Do Francji\",\"url\":\"https:\/\/impolsarl.com\/\",\"logo\":{\"@type\":\"ImageObject\",\"inLanguage\":\"de\",\"@id\":\"https:\/\/impolsarl.com\/#\/schema\/logo\/image\/\",\"url\":\"https:\/\/impolsarl.com\/wp-content\/uploads\/2018\/08\/logo-1.png\",\"contentUrl\":\"https:\/\/impolsarl.com\/wp-content\/uploads\/2018\/08\/logo-1.png\",\"width\":133,\"height\":126,\"caption\":\"Impol - Przedstawiciel Transportu i Pracownikow Delegowanych Do Francji\"},\"image\":{\"@id\":\"https:\/\/impolsarl.com\/#\/schema\/logo\/image\/\"},\"sameAs\":[\"https:\/\/www.facebook.com\/przedstawicieltransportuwefrancji\/\",\"https:\/\/www.youtube.com\/watch?v=2zjQ9NJBf04\"]}]}<\/script>\n<!-- \/ Yoast SEO Premium plugin. -->","yoast_head_json":{"title":"Buchhaltung Frankreich | Buchhaltung f\u00fcr eine Auslandsmission | IMPOL","description":"Die von IMPOL gef\u00fchrte ausl\u00e4ndische Buchhaltung ist zuverl\u00e4ssig und effizient, so dass Sie sich auf die Gesch\u00e4ftsentwicklung konzentrieren k\u00f6nnen. Kontaktieren Sie uns!","robots":{"index":"index","follow":"follow","max-snippet":"max-snippet:-1","max-image-preview":"max-image-preview:large","max-video-preview":"max-video-preview:-1"},"canonical":"https:\/\/impolsarl.com\/de\/franzoesische-buchhaltung\/","og_locale":"de_DE","og_type":"article","og_title":"Franz\u00f6sische Buchhaltung","og_description":"Die von IMPOL gef\u00fchrte ausl\u00e4ndische Buchhaltung ist zuverl\u00e4ssig und effizient, so dass Sie sich auf die Gesch\u00e4ftsentwicklung konzentrieren k\u00f6nnen. Kontaktieren Sie uns!","og_url":"https:\/\/impolsarl.com\/de\/franzoesische-buchhaltung\/","og_site_name":"Impol - Reprezentant we Francji od ponad dekady! +48 502 50 70 74","article_publisher":"https:\/\/www.facebook.com\/przedstawicieltransportuwefrancji\/","article_modified_time":"2025-05-15T21:49:25+00:00","og_image":[{"width":1920,"height":1275,"url":"https:\/\/impolsarl.com\/wp-content\/uploads\/2023\/09\/ksiegowosc.jpg","type":"image\/jpeg"}],"twitter_card":"summary_large_image","twitter_misc":{"Gesch\u00e4tzte Lesezeit":"2\u00a0Minuten"},"schema":{"@context":"https:\/\/schema.org","@graph":[{"@type":"WebPage","@id":"https:\/\/impolsarl.com\/de\/franzoesische-buchhaltung\/","url":"https:\/\/impolsarl.com\/de\/franzoesische-buchhaltung\/","name":"Buchhaltung Frankreich | Buchhaltung f\u00fcr eine Auslandsmission | IMPOL","isPartOf":{"@id":"https:\/\/impolsarl.com\/#website"},"primaryImageOfPage":{"@id":"https:\/\/impolsarl.com\/de\/franzoesische-buchhaltung\/#primaryimage"},"image":{"@id":"https:\/\/impolsarl.com\/de\/franzoesische-buchhaltung\/#primaryimage"},"thumbnailUrl":"https:\/\/impolsarl.com\/wp-content\/uploads\/2023\/09\/ksiegowosc-1024x680.jpg","datePublished":"2022-02-23T16:45:18+00:00","dateModified":"2025-05-15T21:49:25+00:00","description":"Die von IMPOL gef\u00fchrte ausl\u00e4ndische Buchhaltung ist zuverl\u00e4ssig und effizient, so dass Sie sich auf die Gesch\u00e4ftsentwicklung konzentrieren k\u00f6nnen. Kontaktieren Sie uns!","breadcrumb":{"@id":"https:\/\/impolsarl.com\/de\/franzoesische-buchhaltung\/#breadcrumb"},"inLanguage":"de","potentialAction":[{"@type":"ReadAction","target":["https:\/\/impolsarl.com\/de\/franzoesische-buchhaltung\/"]}]},{"@type":"ImageObject","inLanguage":"de","@id":"https:\/\/impolsarl.com\/de\/franzoesische-buchhaltung\/#primaryimage","url":"https:\/\/impolsarl.com\/wp-content\/uploads\/2023\/09\/ksiegowosc-1024x680.jpg","contentUrl":"https:\/\/impolsarl.com\/wp-content\/uploads\/2023\/09\/ksiegowosc-1024x680.jpg"},{"@type":"BreadcrumbList","@id":"https:\/\/impolsarl.com\/de\/franzoesische-buchhaltung\/#breadcrumb","itemListElement":[{"@type":"ListItem","position":1,"name":"Strona g\u0142\u00f3wna","item":"https:\/\/impolsarl.com\/de\/homepage\/"},{"@type":"ListItem","position":2,"name":"Franz\u00f6sische Buchhaltung"}]},{"@type":"WebSite","@id":"https:\/\/impolsarl.com\/#website","url":"https:\/\/impolsarl.com\/","name":"Impol - Reprezentant we Francji od ponad dekady! +48 502 50 70 74","description":"Impol SARL - Przedstawiciel transportu w Europie","publisher":{"@id":"https:\/\/impolsarl.com\/#organization"},"potentialAction":[{"@type":"SearchAction","target":{"@type":"EntryPoint","urlTemplate":"https:\/\/impolsarl.com\/?s={search_term_string}"},"query-input":{"@type":"PropertyValueSpecification","valueRequired":true,"valueName":"search_term_string"}}],"inLanguage":"de"},{"@type":"Organization","@id":"https:\/\/impolsarl.com\/#organization","name":"Impol - Przedstawiciel Transportu i Pracownikow Delegowanych Do Francji","url":"https:\/\/impolsarl.com\/","logo":{"@type":"ImageObject","inLanguage":"de","@id":"https:\/\/impolsarl.com\/#\/schema\/logo\/image\/","url":"https:\/\/impolsarl.com\/wp-content\/uploads\/2018\/08\/logo-1.png","contentUrl":"https:\/\/impolsarl.com\/wp-content\/uploads\/2018\/08\/logo-1.png","width":133,"height":126,"caption":"Impol - Przedstawiciel Transportu i Pracownikow Delegowanych Do Francji"},"image":{"@id":"https:\/\/impolsarl.com\/#\/schema\/logo\/image\/"},"sameAs":["https:\/\/www.facebook.com\/przedstawicieltransportuwefrancji\/","https:\/\/www.youtube.com\/watch?v=2zjQ9NJBf04"]}]}},"_links":{"self":[{"href":"https:\/\/impolsarl.com\/de\/wp-json\/wp\/v2\/pages\/5594","targetHints":{"allow":["GET"]}}],"collection":[{"href":"https:\/\/impolsarl.com\/de\/wp-json\/wp\/v2\/pages"}],"about":[{"href":"https:\/\/impolsarl.com\/de\/wp-json\/wp\/v2\/types\/page"}],"author":[{"embeddable":true,"href":"https:\/\/impolsarl.com\/de\/wp-json\/wp\/v2\/users\/5"}],"replies":[{"embeddable":true,"href":"https:\/\/impolsarl.com\/de\/wp-json\/wp\/v2\/comments?post=5594"}],"version-history":[{"count":1,"href":"https:\/\/impolsarl.com\/de\/wp-json\/wp\/v2\/pages\/5594\/revisions"}],"predecessor-version":[{"id":5595,"href":"https:\/\/impolsarl.com\/de\/wp-json\/wp\/v2\/pages\/5594\/revisions\/5595"}],"wp:attachment":[{"href":"https:\/\/impolsarl.com\/de\/wp-json\/wp\/v2\/media?parent=5594"}],"wp:term":[{"taxonomy":"folder","embeddable":true,"href":"https:\/\/impolsarl.com\/de\/wp-json\/wp\/v2\/folder?post=5594"}],"curies":[{"name":"wp","href":"https:\/\/api.w.org\/{rel}","templated":true}]}}