{"id":5483,"date":"2023-10-19T14:03:36","date_gmt":"2023-10-19T12:03:36","guid":{"rendered":"https:\/\/impolsarl.com\/entsendung-in-das-vereinigte-koenigreich\/"},"modified":"2025-04-22T19:59:45","modified_gmt":"2025-04-22T17:59:45","slug":"entsendung-in-das-vereinigte-koenigreich","status":"publish","type":"page","link":"https:\/\/impolsarl.com\/de\/entsendung-in-das-vereinigte-koenigreich\/","title":{"rendered":"Entsendung in das Vereinigte K\u00f6nigreich"},"content":{"rendered":"\t\t<div data-elementor-type=\"wp-page\" data-elementor-id=\"5483\" class=\"elementor elementor-5483 elementor-3766\" data-elementor-post-type=\"page\">\n\t\t\t\t\t\t<section class=\"elementor-section elementor-top-section elementor-element elementor-element-0e8f911 elementor-section-boxed elementor-section-height-default elementor-section-height-default\" data-id=\"0e8f911\" data-element_type=\"section\">\n\t\t\t\t\t\t<div class=\"elementor-container elementor-column-gap-no\">\n\t\t\t\t\t<div class=\"elementor-column elementor-col-100 elementor-top-column elementor-element elementor-element-0e0a96d\" data-id=\"0e0a96d\" data-element_type=\"column\">\n\t\t\t<div class=\"elementor-widget-wrap elementor-element-populated\">\n\t\t\t\t\t\t<section class=\"elementor-section elementor-inner-section elementor-element elementor-element-f86077b elementor-section-height-min-height elementor-section-content-middle elementor-section-boxed elementor-section-height-default\" data-id=\"f86077b\" data-element_type=\"section\" data-settings=\"{&quot;background_background&quot;:&quot;classic&quot;}\">\n\t\t\t\t\t\t\t<div class=\"elementor-background-overlay\"><\/div>\n\t\t\t\t\t\t\t<div class=\"elementor-container elementor-column-gap-no\">\n\t\t\t\t\t<div class=\"elementor-column elementor-col-100 elementor-inner-column elementor-element elementor-element-e52af5d\" data-id=\"e52af5d\" data-element_type=\"column\">\n\t\t\t<div class=\"elementor-widget-wrap elementor-element-populated\">\n\t\t\t\t\t\t<div class=\"elementor-element elementor-element-8066847 elementor-widget elementor-widget-image\" data-id=\"8066847\" data-element_type=\"widget\" data-widget_type=\"image.default\">\n\t\t\t\t<div class=\"elementor-widget-container\">\n\t\t\t\t\t\t\t\t\t\t\t\t\t\t\t<img decoding=\"async\" width=\"240\" height=\"120\" src=\"https:\/\/impolsarl.com\/wp-content\/uploads\/2023\/11\/Flag.png\" class=\"attachment-large size-large wp-image-3920\" alt=\"Wielkiej Brytania\" \/>\t\t\t\t\t\t\t\t\t\t\t\t\t\t\t<\/div>\n\t\t\t\t<\/div>\n\t\t\t\t<div class=\"elementor-element elementor-element-f2f7742 elementor-widget elementor-widget-heading\" data-id=\"f2f7742\" data-element_type=\"widget\" data-widget_type=\"heading.default\">\n\t\t\t\t<div class=\"elementor-widget-container\">\n\t\t\t\t\t<h1 class=\"elementor-heading-title elementor-size-default\">Entsendung von Arbeitnehmern in das Vereinigte K\u00f6nigreich - Dienstleistungsunternehmen<\/h1>\t\t\t\t<\/div>\n\t\t\t\t<\/div>\n\t\t\t\t\t<\/div>\n\t\t<\/div>\n\t\t\t\t\t<\/div>\n\t\t<\/section>\n\t\t\t\t\t<\/div>\n\t\t<\/div>\n\t\t\t\t\t<\/div>\n\t\t<\/section>\n\t\t\t\t<section class=\"elementor-section elementor-top-section elementor-element elementor-element-72ce3c6 elementor-section-boxed elementor-section-height-default elementor-section-height-default\" data-id=\"72ce3c6\" data-element_type=\"section\" data-settings=\"{&quot;background_background&quot;:&quot;classic&quot;}\">\n\t\t\t\t\t\t<div class=\"elementor-container elementor-column-gap-no\">\n\t\t\t\t\t<div class=\"elementor-column elementor-col-100 elementor-top-column elementor-element elementor-element-c6622eb\" data-id=\"c6622eb\" data-element_type=\"column\">\n\t\t\t<div class=\"elementor-widget-wrap elementor-element-populated\">\n\t\t\t\t\t\t<div class=\"elementor-element elementor-element-3d62391 elementor-widget elementor-widget-text-editor\" data-id=\"3d62391\" data-element_type=\"widget\" data-widget_type=\"text-editor.default\">\n\t\t\t\t<div class=\"elementor-widget-container\">\n\t\t\t\t\t\t\t\t\t<p>Das Vereinigte K\u00f6nigreich ist eines der wichtigsten Wirtschaftszentren der Welt und bietet zahlreiche M\u00f6glichkeiten f\u00fcr Unternehmen in einer Vielzahl von Branchen. Die Entsendung von Mitarbeitern in das Vereinigte K\u00f6nigreich erfordert eine solide Vorbereitung und ein Verst\u00e4ndnis der britischen Vorschriften. Verfahren, die noch vor wenigen Jahren f\u00fcr EU-B\u00fcrger galten, gelten nach dem Brexit nicht mehr, und die Entsendung von Mitarbeitern selbst ist ein zeitaufw\u00e4ndiger und komplizierter Prozess.  <\/p>\t\t\t\t\t\t\t\t<\/div>\n\t\t\t\t<\/div>\n\t\t\t\t<div class=\"elementor-element elementor-element-fa87680 elementor-invisible elementor-widget elementor-widget-heading\" data-id=\"fa87680\" data-element_type=\"widget\" data-settings=\"{&quot;_animation&quot;:&quot;fadeIn&quot;}\" data-widget_type=\"heading.default\">\n\t\t\t\t<div class=\"elementor-widget-container\">\n\t\t\t\t\t<h2 class=\"elementor-heading-title elementor-size-default\">Delegation nach England - neue Verfahren<\/h2>\t\t\t\t<\/div>\n\t\t\t\t<\/div>\n\t\t\t\t<div class=\"elementor-element elementor-element-4c5da50 elementor-widget elementor-widget-text-editor\" data-id=\"4c5da50\" data-element_type=\"widget\" data-widget_type=\"text-editor.default\">\n\t\t\t\t<div class=\"elementor-widget-container\">\n\t\t\t\t\t\t\t\t\t<p>Der Vorbereitungsprozess f\u00fcr die Entsendung von Arbeitnehmern in das Vereinigte K\u00f6nigreich sollte mindestens einen Monat vor dem geplanten Arbeitsbeginn beginnen. Die meisten ausreisenden Arbeitnehmer m\u00fcssen auf der Grundlage eines Angebots eines Sponsors ein entsprechendes Visum beantragen und ihr Arbeitgeber muss die erforderlichen Dokumente bereitstellen. Der Prozess zur Erlangung eines Visums dauert etwa drei Wochen. Das Zusammentragen aller Dokumente kann diese Zeit jedoch erheblich verl\u00e4ngern.  <\/p><p>Der entsandte Arbeitnehmer muss den Visumsantrag sp\u00e4testens 3 Monate nach Ausstellung des Schreibens durch den verifizierten Sponsor stellen. Nach Ablauf dieser Frist verliert der Brief seine G\u00fcltigkeit und eine Teilnahme am Verfahren ist nicht mehr m\u00f6glich. <\/p><p>Die G\u00fcltigkeit des Visums h\u00e4ngt von der Art des Visums und der Dauer des Projekts ab.<\/p>\t\t\t\t\t\t\t\t<\/div>\n\t\t\t\t<\/div>\n\t\t\t\t<div class=\"elementor-element elementor-element-44b8058 elementor-invisible elementor-widget elementor-widget-heading\" data-id=\"44b8058\" data-element_type=\"widget\" data-settings=\"{&quot;_animation&quot;:&quot;fadeIn&quot;}\" data-widget_type=\"heading.default\">\n\t\t\t\t<div class=\"elementor-widget-container\">\n\t\t\t\t\t<h2 class=\"elementor-heading-title elementor-size-default\">Unser Angebot<\/h2>\t\t\t\t<\/div>\n\t\t\t\t<\/div>\n\t\t\t\t<div class=\"elementor-element elementor-element-7e4e9b7 elementor-widget elementor-widget-text-editor\" data-id=\"7e4e9b7\" data-element_type=\"widget\" data-widget_type=\"text-editor.default\">\n\t\t\t\t<div class=\"elementor-widget-container\">\n\t\t\t\t\t\t\t\t\t<p><span style=\"font-weight: 400;\">Die Entsendung von Mitarbeitern in das Vereinigte K\u00f6nigreich (UK) ist ein Prozess, der Pr\u00e4zision, ein gr\u00fcndliches Verst\u00e4ndnis der gesetzlichen Bestimmungen und die strikte Einhaltung der Anforderungen erfordert. Das Wissen und die Unterst\u00fctzung von Spezialisten k\u00f6nnen Ihnen Zeit sparen und den Prozess der Entsendung von Mitarbeitern nach Gro\u00dfbritannien erheblich vereinfachen und rationalisieren. <br><br>Kontaktieren Sie uns per E-Mail, um die Situation Ihrer Mitarbeiter und die Auswahl der Beratungen zu besprechen.<\/span><\/p>\t\t\t\t\t\t\t\t<\/div>\n\t\t\t\t<\/div>\n\t\t\t\t\t<\/div>\n\t\t<\/div>\n\t\t\t\t\t<\/div>\n\t\t<\/section>\n\t\t\t\t<\/div>\n\t\t","protected":false},"excerpt":{"rendered":"<p>Entsendung von Arbeitnehmern in das Vereinigte K\u00f6nigreich &#8211; Dienstleistungsunternehmen Das Vereinigte K\u00f6nigreich ist eines der wichtigsten Wirtschaftszentren der Welt und bietet zahlreiche M\u00f6glichkeiten f\u00fcr Unternehmen in einer Vielzahl von Branchen. Die Entsendung von Mitarbeitern in das Vereinigte K\u00f6nigreich erfordert eine solide Vorbereitung und ein Verst\u00e4ndnis der britischen Vorschriften. Verfahren, die noch vor wenigen Jahren f\u00fcr &hellip;<\/p>\n<p class=\"read-more\"> <a class=\"\" href=\"https:\/\/impolsarl.com\/de\/entsendung-in-das-vereinigte-koenigreich\/\"> <span class=\"screen-reader-text\">Entsendung in das Vereinigte K\u00f6nigreich<\/span> Read More \u00bb<\/a><\/p>\n","protected":false},"author":5,"featured_media":0,"parent":0,"menu_order":-1,"comment_status":"closed","ping_status":"closed","template":"elementor_header_footer","meta":{"_acf_changed":false,"site-sidebar-layout":"no-sidebar","site-content-layout":"","ast-site-content-layout":"full-width-container","site-content-style":"default","site-sidebar-style":"default","ast-global-header-display":"","ast-banner-title-visibility":"","ast-main-header-display":"","ast-hfb-above-header-display":"","ast-hfb-below-header-display":"","ast-hfb-mobile-header-display":"","site-post-title":"disabled","ast-breadcrumbs-content":"","ast-featured-img":"","footer-sml-layout":"","theme-transparent-header-meta":"","adv-header-id-meta":"","stick-header-meta":"","header-above-stick-meta":"","header-main-stick-meta":"","header-below-stick-meta":"","astra-migrate-meta-layouts":"default","ast-page-background-enabled":"default","ast-page-background-meta":{"desktop":{"background-color":"var(--ast-global-color-4)","background-image":"","background-repeat":"repeat","background-position":"center center","background-size":"auto","background-attachment":"scroll","background-type":"","background-media":"","overlay-type":"","overlay-color":"","overlay-gradient":""},"tablet":{"background-color":"","background-image":"","background-repeat":"repeat","background-position":"center center","background-size":"auto","background-attachment":"scroll","background-type":"","background-media":"","overlay-type":"","overlay-color":"","overlay-gradient":""},"mobile":{"background-color":"","background-image":"","background-repeat":"repeat","background-position":"center center","background-size":"auto","background-attachment":"scroll","background-type":"","background-media":"","overlay-type":"","overlay-color":"","overlay-gradient":""}},"ast-content-background-meta":{"desktop":{"background-color":"var(--ast-global-color-5)","background-image":"","background-repeat":"repeat","background-position":"center center","background-size":"auto","background-attachment":"scroll","background-type":"","background-media":"","overlay-type":"","overlay-color":"","overlay-gradient":""},"tablet":{"background-color":"var(--ast-global-color-5)","background-image":"","background-repeat":"repeat","background-position":"center center","background-size":"auto","background-attachment":"scroll","background-type":"","background-media":"","overlay-type":"","overlay-color":"","overlay-gradient":""},"mobile":{"background-color":"var(--ast-global-color-5)","background-image":"","background-repeat":"repeat","background-position":"center center","background-size":"auto","background-attachment":"scroll","background-type":"","background-media":"","overlay-type":"","overlay-color":"","overlay-gradient":""}},"footnotes":""},"folder":[94],"class_list":["post-5483","page","type-page","status-publish","hentry"],"acf":[],"yoast_head":"<!-- This site is optimized with the Yoast SEO Premium plugin v24.7 (Yoast SEO v24.7) - https:\/\/yoast.com\/wordpress\/plugins\/seo\/ -->\n<title>Entsendung von Arbeitnehmern nach Gro\u00dfbritannien | IMPOL<\/title>\n<meta name=\"description\" content=\"Informieren Sie sich \u00fcber die \u00c4nderungen im Zusammenhang mit der Entsendung von Arbeitnehmern nach England nach dem Brexit. Sie erhalten umfassende Informationen von den Impol-Spezialisten!\" \/>\n<meta name=\"robots\" content=\"index, follow, max-snippet:-1, max-image-preview:large, max-video-preview:-1\" \/>\n<link rel=\"canonical\" href=\"https:\/\/impolsarl.com\/de\/entsendung-in-das-vereinigte-koenigreich\/\" \/>\n<meta property=\"og:locale\" content=\"de_DE\" \/>\n<meta property=\"og:type\" content=\"article\" \/>\n<meta property=\"og:title\" content=\"Entsendung in das Vereinigte K\u00f6nigreich\" \/>\n<meta property=\"og:description\" content=\"Informieren Sie sich \u00fcber die \u00c4nderungen im Zusammenhang mit der Entsendung von Arbeitnehmern nach England nach dem Brexit. Sie erhalten umfassende Informationen von den Impol-Spezialisten!\" \/>\n<meta property=\"og:url\" content=\"https:\/\/impolsarl.com\/de\/entsendung-in-das-vereinigte-koenigreich\/\" \/>\n<meta property=\"og:site_name\" content=\"Impol - Reprezentant we Francji od ponad dekady! +48 502 50 70 74\" \/>\n<meta property=\"article:publisher\" content=\"https:\/\/www.facebook.com\/przedstawicieltransportuwefrancji\/\" \/>\n<meta property=\"article:modified_time\" content=\"2025-04-22T17:59:45+00:00\" \/>\n<meta property=\"og:image\" content=\"https:\/\/impolsarl.com\/wp-content\/uploads\/2023\/11\/Flag.png\" \/>\n\t<meta property=\"og:image:width\" content=\"240\" \/>\n\t<meta property=\"og:image:height\" content=\"120\" \/>\n\t<meta property=\"og:image:type\" content=\"image\/png\" \/>\n<meta name=\"twitter:card\" content=\"summary_large_image\" \/>\n<meta name=\"twitter:label1\" content=\"Gesch\u00e4tzte Lesezeit\" \/>\n\t<meta name=\"twitter:data1\" content=\"1\u00a0Minute\" \/>\n<script type=\"application\/ld+json\" class=\"yoast-schema-graph\">{\"@context\":\"https:\/\/schema.org\",\"@graph\":[{\"@type\":\"WebPage\",\"@id\":\"https:\/\/impolsarl.com\/de\/entsendung-in-das-vereinigte-koenigreich\/\",\"url\":\"https:\/\/impolsarl.com\/de\/entsendung-in-das-vereinigte-koenigreich\/\",\"name\":\"Entsendung von Arbeitnehmern nach Gro\u00dfbritannien | IMPOL\",\"isPartOf\":{\"@id\":\"https:\/\/impolsarl.com\/#website\"},\"primaryImageOfPage\":{\"@id\":\"https:\/\/impolsarl.com\/de\/entsendung-in-das-vereinigte-koenigreich\/#primaryimage\"},\"image\":{\"@id\":\"https:\/\/impolsarl.com\/de\/entsendung-in-das-vereinigte-koenigreich\/#primaryimage\"},\"thumbnailUrl\":\"https:\/\/impolsarl.com\/wp-content\/uploads\/2023\/11\/Flag.png\",\"datePublished\":\"2023-10-19T12:03:36+00:00\",\"dateModified\":\"2025-04-22T17:59:45+00:00\",\"description\":\"Informieren Sie sich \u00fcber die \u00c4nderungen im Zusammenhang mit der Entsendung von Arbeitnehmern nach England nach dem Brexit. Sie erhalten umfassende Informationen von den Impol-Spezialisten!\",\"breadcrumb\":{\"@id\":\"https:\/\/impolsarl.com\/de\/entsendung-in-das-vereinigte-koenigreich\/#breadcrumb\"},\"inLanguage\":\"de\",\"potentialAction\":[{\"@type\":\"ReadAction\",\"target\":[\"https:\/\/impolsarl.com\/de\/entsendung-in-das-vereinigte-koenigreich\/\"]}]},{\"@type\":\"ImageObject\",\"inLanguage\":\"de\",\"@id\":\"https:\/\/impolsarl.com\/de\/entsendung-in-das-vereinigte-koenigreich\/#primaryimage\",\"url\":\"https:\/\/impolsarl.com\/wp-content\/uploads\/2023\/11\/Flag.png\",\"contentUrl\":\"https:\/\/impolsarl.com\/wp-content\/uploads\/2023\/11\/Flag.png\"},{\"@type\":\"BreadcrumbList\",\"@id\":\"https:\/\/impolsarl.com\/de\/entsendung-in-das-vereinigte-koenigreich\/#breadcrumb\",\"itemListElement\":[{\"@type\":\"ListItem\",\"position\":1,\"name\":\"Strona g\u0142\u00f3wna\",\"item\":\"https:\/\/impolsarl.com\/de\/homepage\/\"},{\"@type\":\"ListItem\",\"position\":2,\"name\":\"Entsendung in das Vereinigte K\u00f6nigreich\"}]},{\"@type\":\"WebSite\",\"@id\":\"https:\/\/impolsarl.com\/#website\",\"url\":\"https:\/\/impolsarl.com\/\",\"name\":\"Impol - Reprezentant we Francji od ponad dekady! +48 502 50 70 74\",\"description\":\"Impol SARL - Przedstawiciel transportu w Europie\",\"publisher\":{\"@id\":\"https:\/\/impolsarl.com\/#organization\"},\"potentialAction\":[{\"@type\":\"SearchAction\",\"target\":{\"@type\":\"EntryPoint\",\"urlTemplate\":\"https:\/\/impolsarl.com\/?s={search_term_string}\"},\"query-input\":{\"@type\":\"PropertyValueSpecification\",\"valueRequired\":true,\"valueName\":\"search_term_string\"}}],\"inLanguage\":\"de\"},{\"@type\":\"Organization\",\"@id\":\"https:\/\/impolsarl.com\/#organization\",\"name\":\"Impol - Przedstawiciel Transportu i Pracownikow Delegowanych Do Francji\",\"url\":\"https:\/\/impolsarl.com\/\",\"logo\":{\"@type\":\"ImageObject\",\"inLanguage\":\"de\",\"@id\":\"https:\/\/impolsarl.com\/#\/schema\/logo\/image\/\",\"url\":\"https:\/\/impolsarl.com\/wp-content\/uploads\/2018\/08\/logo-1.png\",\"contentUrl\":\"https:\/\/impolsarl.com\/wp-content\/uploads\/2018\/08\/logo-1.png\",\"width\":133,\"height\":126,\"caption\":\"Impol - Przedstawiciel Transportu i Pracownikow Delegowanych Do Francji\"},\"image\":{\"@id\":\"https:\/\/impolsarl.com\/#\/schema\/logo\/image\/\"},\"sameAs\":[\"https:\/\/www.facebook.com\/przedstawicieltransportuwefrancji\/\",\"https:\/\/www.youtube.com\/watch?v=2zjQ9NJBf04\"]}]}<\/script>\n<!-- \/ Yoast SEO Premium plugin. -->","yoast_head_json":{"title":"Entsendung von Arbeitnehmern nach Gro\u00dfbritannien | IMPOL","description":"Informieren Sie sich \u00fcber die \u00c4nderungen im Zusammenhang mit der Entsendung von Arbeitnehmern nach England nach dem Brexit. Sie erhalten umfassende Informationen von den Impol-Spezialisten!","robots":{"index":"index","follow":"follow","max-snippet":"max-snippet:-1","max-image-preview":"max-image-preview:large","max-video-preview":"max-video-preview:-1"},"canonical":"https:\/\/impolsarl.com\/de\/entsendung-in-das-vereinigte-koenigreich\/","og_locale":"de_DE","og_type":"article","og_title":"Entsendung in das Vereinigte K\u00f6nigreich","og_description":"Informieren Sie sich \u00fcber die \u00c4nderungen im Zusammenhang mit der Entsendung von Arbeitnehmern nach England nach dem Brexit. Sie erhalten umfassende Informationen von den Impol-Spezialisten!","og_url":"https:\/\/impolsarl.com\/de\/entsendung-in-das-vereinigte-koenigreich\/","og_site_name":"Impol - Reprezentant we Francji od ponad dekady! +48 502 50 70 74","article_publisher":"https:\/\/www.facebook.com\/przedstawicieltransportuwefrancji\/","article_modified_time":"2025-04-22T17:59:45+00:00","og_image":[{"width":240,"height":120,"url":"https:\/\/impolsarl.com\/wp-content\/uploads\/2023\/11\/Flag.png","type":"image\/png"}],"twitter_card":"summary_large_image","twitter_misc":{"Gesch\u00e4tzte Lesezeit":"1\u00a0Minute"},"schema":{"@context":"https:\/\/schema.org","@graph":[{"@type":"WebPage","@id":"https:\/\/impolsarl.com\/de\/entsendung-in-das-vereinigte-koenigreich\/","url":"https:\/\/impolsarl.com\/de\/entsendung-in-das-vereinigte-koenigreich\/","name":"Entsendung von Arbeitnehmern nach Gro\u00dfbritannien | IMPOL","isPartOf":{"@id":"https:\/\/impolsarl.com\/#website"},"primaryImageOfPage":{"@id":"https:\/\/impolsarl.com\/de\/entsendung-in-das-vereinigte-koenigreich\/#primaryimage"},"image":{"@id":"https:\/\/impolsarl.com\/de\/entsendung-in-das-vereinigte-koenigreich\/#primaryimage"},"thumbnailUrl":"https:\/\/impolsarl.com\/wp-content\/uploads\/2023\/11\/Flag.png","datePublished":"2023-10-19T12:03:36+00:00","dateModified":"2025-04-22T17:59:45+00:00","description":"Informieren Sie sich \u00fcber die \u00c4nderungen im Zusammenhang mit der Entsendung von Arbeitnehmern nach England nach dem Brexit. Sie erhalten umfassende Informationen von den Impol-Spezialisten!","breadcrumb":{"@id":"https:\/\/impolsarl.com\/de\/entsendung-in-das-vereinigte-koenigreich\/#breadcrumb"},"inLanguage":"de","potentialAction":[{"@type":"ReadAction","target":["https:\/\/impolsarl.com\/de\/entsendung-in-das-vereinigte-koenigreich\/"]}]},{"@type":"ImageObject","inLanguage":"de","@id":"https:\/\/impolsarl.com\/de\/entsendung-in-das-vereinigte-koenigreich\/#primaryimage","url":"https:\/\/impolsarl.com\/wp-content\/uploads\/2023\/11\/Flag.png","contentUrl":"https:\/\/impolsarl.com\/wp-content\/uploads\/2023\/11\/Flag.png"},{"@type":"BreadcrumbList","@id":"https:\/\/impolsarl.com\/de\/entsendung-in-das-vereinigte-koenigreich\/#breadcrumb","itemListElement":[{"@type":"ListItem","position":1,"name":"Strona g\u0142\u00f3wna","item":"https:\/\/impolsarl.com\/de\/homepage\/"},{"@type":"ListItem","position":2,"name":"Entsendung in das Vereinigte K\u00f6nigreich"}]},{"@type":"WebSite","@id":"https:\/\/impolsarl.com\/#website","url":"https:\/\/impolsarl.com\/","name":"Impol - Reprezentant we Francji od ponad dekady! +48 502 50 70 74","description":"Impol SARL - Przedstawiciel transportu w Europie","publisher":{"@id":"https:\/\/impolsarl.com\/#organization"},"potentialAction":[{"@type":"SearchAction","target":{"@type":"EntryPoint","urlTemplate":"https:\/\/impolsarl.com\/?s={search_term_string}"},"query-input":{"@type":"PropertyValueSpecification","valueRequired":true,"valueName":"search_term_string"}}],"inLanguage":"de"},{"@type":"Organization","@id":"https:\/\/impolsarl.com\/#organization","name":"Impol - Przedstawiciel Transportu i Pracownikow Delegowanych Do Francji","url":"https:\/\/impolsarl.com\/","logo":{"@type":"ImageObject","inLanguage":"de","@id":"https:\/\/impolsarl.com\/#\/schema\/logo\/image\/","url":"https:\/\/impolsarl.com\/wp-content\/uploads\/2018\/08\/logo-1.png","contentUrl":"https:\/\/impolsarl.com\/wp-content\/uploads\/2018\/08\/logo-1.png","width":133,"height":126,"caption":"Impol - Przedstawiciel Transportu i Pracownikow Delegowanych Do Francji"},"image":{"@id":"https:\/\/impolsarl.com\/#\/schema\/logo\/image\/"},"sameAs":["https:\/\/www.facebook.com\/przedstawicieltransportuwefrancji\/","https:\/\/www.youtube.com\/watch?v=2zjQ9NJBf04"]}]}},"_links":{"self":[{"href":"https:\/\/impolsarl.com\/de\/wp-json\/wp\/v2\/pages\/5483","targetHints":{"allow":["GET"]}}],"collection":[{"href":"https:\/\/impolsarl.com\/de\/wp-json\/wp\/v2\/pages"}],"about":[{"href":"https:\/\/impolsarl.com\/de\/wp-json\/wp\/v2\/types\/page"}],"author":[{"embeddable":true,"href":"https:\/\/impolsarl.com\/de\/wp-json\/wp\/v2\/users\/5"}],"replies":[{"embeddable":true,"href":"https:\/\/impolsarl.com\/de\/wp-json\/wp\/v2\/comments?post=5483"}],"version-history":[{"count":1,"href":"https:\/\/impolsarl.com\/de\/wp-json\/wp\/v2\/pages\/5483\/revisions"}],"predecessor-version":[{"id":5484,"href":"https:\/\/impolsarl.com\/de\/wp-json\/wp\/v2\/pages\/5483\/revisions\/5484"}],"wp:attachment":[{"href":"https:\/\/impolsarl.com\/de\/wp-json\/wp\/v2\/media?parent=5483"}],"wp:term":[{"taxonomy":"folder","embeddable":true,"href":"https:\/\/impolsarl.com\/de\/wp-json\/wp\/v2\/folder?post=5483"}],"curies":[{"name":"wp","href":"https:\/\/api.w.org\/{rel}","templated":true}]}}