{"id":5475,"date":"2021-01-06T14:39:19","date_gmt":"2021-01-06T13:39:19","guid":{"rendered":"https:\/\/impolsarl.com\/impol-datenschutzrichtlinie\/"},"modified":"2025-04-22T19:29:05","modified_gmt":"2025-04-22T17:29:05","slug":"impol-datenschutzrichtlinie","status":"publish","type":"page","link":"https:\/\/impolsarl.com\/de\/impol-datenschutzrichtlinie\/","title":{"rendered":"IMPOL-Datenschutzrichtlinie"},"content":{"rendered":"\n<h2 class=\"wp-block-heading\">In dieser Datenschutzerkl\u00e4rung wird beschrieben, wie wir Informationen \u00fcber Sie, einschlie\u00dflich personenbezogener Daten und Cookies, oder &#8222;Cookies&#8220;, verarbeiten. <\/h2>\n\n<hr class=\"wp-block-separator\"\/>\n\n<h2 class=\"wp-block-heading\"><strong>1. allgemeine Informationen<\/strong><\/h2>\n\n<ol class=\"wp-block-list\"><li>Diese Richtlinie gilt f\u00fcr die Website, die unter der URL: <strong>impolsarl.com<\/strong> betrieben wird.<\/li><li>Der Betreiber der Website und der Verwalter der pers\u00f6nlichen Daten ist: Violette Bres 24 rue du Tir, 88110 Celles sur Plaine, Frankreich<\/li><li>E-Mail-Kontaktadresse des Betreibers: biuro@impolsarl.com<\/li><li>Der Betreiber ist der Verwalter Ihrer pers\u00f6nlichen Daten in Bezug auf die Daten, die Sie freiwillig auf der Website angeben.<\/li><li>Der Dienst verwendet personenbezogene Daten f\u00fcr die folgenden Zwecke:<ul><li>Erstellung eines Newsletters<\/li><li>F\u00fchren eines Online-Chats<\/li><li>Bearbeitung von Anfragen \u00fcber das Formular<\/li><li>Pr\u00e4sentation eines Angebots oder einer Information<\/li><\/ul><\/li><li>Der Dienst f\u00fchrt Funktionen aus, um Informationen \u00fcber die Nutzer und ihr Verhalten auf folgende Weise zu erhalten:<ol><li>Durch die freiwillig in die Formulare eingegebenen Daten, die in die Systeme des Betreibers eingegeben werden.<\/li><li>Durch die Speicherung von Cookies (sog. &#8222;Cookies&#8220;) auf den Endger\u00e4ten.<\/li><\/ol><\/li><\/ol>\n<h2 class=\"wp-block-heading\"><strong>2. ausgew\u00e4hlte Datenschutzmethoden des Betreibers<\/strong><\/h2>\n\n<ol class=\"wp-block-list\"><li>Die Seiten f\u00fcr die Anmeldung und die Eingabe der pers\u00f6nlichen Daten sind durch die \u00dcbertragungsschicht (SSL-Zertifikat) gesch\u00fctzt. Dadurch wird sichergestellt, dass die auf der Website eingegebenen pers\u00f6nlichen Daten und Anmeldedaten auf dem Computer des Benutzers verschl\u00fcsselt werden und nur auf dem Zielserver gelesen werden k\u00f6nnen. <\/li><\/ol>\n<h2 class=\"wp-block-heading\"><strong>3. das Hosting<\/strong><\/h2>\n\n<ol class=\"wp-block-list\"><li>Der Dienst wird auf dem Server des Betreibers gehostet (technisch gewartet): ein anderes Unternehmen<\/li><\/ol>\n<h2 class=\"wp-block-heading\"><strong>4. Ihre Rechte und zus\u00e4tzliche Informationen \u00fcber die Verwendung Ihrer Daten<\/strong><\/h2>\n\n<ol class=\"wp-block-list\"><li>In bestimmten Situationen hat der Verwalter das Recht, Ihre personenbezogenen Daten an andere Empf\u00e4nger zu \u00fcbermitteln, wenn dies f\u00fcr die Erf\u00fcllung eines mit Ihnen geschlossenen Vertrags oder f\u00fcr die Erf\u00fcllung der dem Verwalter obliegenden Verpflichtungen erforderlich ist. Dies gilt f\u00fcr diese Gruppen von Empf\u00e4ngern: <ul><li>autorisierte Mitarbeiter und Partner, die die Daten zur Erf\u00fcllung des Zwecks der Website verwenden<\/li><\/ul><\/li><li>Ihre personenbezogenen Daten werden vom Verwalter nur so lange verarbeitet, wie es f\u00fcr die Durchf\u00fchrung der damit verbundenen, in gesonderten Vorschriften festgelegten T\u00e4tigkeiten (z. B. zur Buchf\u00fchrung) erforderlich ist. Was die Marketingdaten betrifft, so werden diese nicht l\u00e4nger als 3 Jahre verarbeitet. <\/li><li>Sie haben das Recht, sich an den Verwalter zu wenden:<ul><li>Zugang zu den Sie betreffenden personenbezogenen Daten,<\/li><li>ihre Berichtigung,<\/li><li>L\u00f6schungen,<\/li><li>Einschr\u00e4nkung der Verarbeitung,<\/li><li>und Daten\u00fcbertragbarkeit.<\/li><\/ul><\/li><li>Sie haben das Recht, der unter 3.3 c) genannten Verarbeitung Ihrer personenbezogenen Daten zur Wahrung der berechtigten Interessen des f\u00fcr die Verarbeitung Verantwortlichen, einschlie\u00dflich des Profilings, zu widersprechen, wobei das Widerspruchsrecht nicht ausge\u00fcbt werden kann, wenn berechtigte Gr\u00fcnde f\u00fcr die Verarbeitung vorliegen, die Ihre Interessen, Rechte und Freiheiten \u00fcberwiegen, insbesondere die Feststellung, Geltendmachung oder Verteidigung von Anspr\u00fcchen.<\/li><li>Gegen die Handlungen des Verwalters kann beim Pr\u00e4sidenten des Amtes f\u00fcr den Schutz personenbezogener Daten, ul. Stawki 2, 00-193 Warschau, Beschwerde eingelegt werden. <\/li><li>Die Angabe von personenbezogenen Daten ist freiwillig, aber f\u00fcr den Betrieb des Dienstes erforderlich.<\/li><li>Eine automatisierte Entscheidungsfindung, einschlie\u00dflich Profiling, kann in Bezug auf Sie zum Zweck der Erbringung von Dienstleistungen im Rahmen des geschlossenen Vertrags und zum Zweck der Direktwerbung durch den Verwalter erfolgen.<\/li><li>Personenbezogene Daten werden nicht aus Drittl\u00e4ndern im Sinne der Datenschutzgesetzgebung \u00fcbermittelt. Das bedeutet, dass wir sie nicht in L\u00e4nder au\u00dferhalb der Europ\u00e4ischen Union versenden. <\/li><\/ol>\n<h2 class=\"wp-block-heading\"><strong>5. Informationen zu den Formularen<\/strong><\/h2>\n\n<ol class=\"wp-block-list\"><li>Der Dienst sammelt Informationen, die der Nutzer freiwillig zur Verf\u00fcgung stellt, einschlie\u00dflich personenbezogener Daten, sofern diese zur Verf\u00fcgung gestellt werden.<\/li><li>Der Dienst kann Informationen \u00fcber die Verbindungsparameter (Zeitstempel, IP-Adresse) speichern.<\/li><li>Die Website kann in einigen F\u00e4llen Informationen speichern, um die Daten im Formular mit der E-Mail-Adresse des Nutzers, der das Formular ausf\u00fcllt, zu verkn\u00fcpfen. In diesem Fall erscheint die E-Mail-Adresse des Benutzers innerhalb der URL der Seite, die das Formular enth\u00e4lt. <\/li><li>Die im Formular angegebenen Daten werden zu dem Zweck verarbeitet, der sich aus der Funktion des jeweiligen Formulars ergibt, z. B. zur Bearbeitung einer Dienstleistungsanfrage oder eines Gesch\u00e4ftskontakts, zur Registrierung von Dienstleistungen usw. In jedem Fall wird aus dem Kontext und der Beschreibung des Formulars klar ersichtlich, wof\u00fcr es verwendet wird. <\/li><\/ol>\n<h2 class=\"wp-block-heading\"><strong>6 Administratorprotokolle<\/strong><\/h2>\n\n<ol class=\"wp-block-list\"><li>Die Informationen \u00fcber das Nutzerverhalten auf der Website k\u00f6nnen protokolliert werden. Diese Daten werden f\u00fcr die Verwaltung der Website verwendet. <\/li><\/ol>\n<h2 class=\"wp-block-heading\"><strong>7 Relevante Marketingtechniken<\/strong><\/h2>\n\n<ol class=\"wp-block-list\"><li>Der Betreiber nutzt die statistische Auswertung des Website-Verkehrs mittels Google Analytics (Google Inc., mit Sitz in den USA). Der Betreiber \u00fcbermittelt keine personenbezogenen Daten an den Betreiber dieses Dienstes, sondern nur anonymisierte Informationen. Der Dienst basiert auf der Verwendung von Cookies auf dem Endger\u00e4t des Nutzers. Was die vom Google-Werbenetzwerk gesammelten Informationen \u00fcber die Nutzerpr\u00e4ferenzen betrifft, so kann der Nutzer die aus den Cookies resultierenden Informationen mit dem folgenden Tool einsehen und bearbeiten: https:\/\/www.google.com\/ads\/preferences\/.   <\/li><\/ol>\n<h2 class=\"wp-block-heading\"><strong>8 Informationen \u00fcber Cookies<\/strong><\/h2>\n\n<ol class=\"wp-block-list\"><li>Die Website verwendet Cookies.<\/li><li>Cookies (sog. &#8222;Cookies&#8220;) sind IT-Daten, insbesondere Textdateien, die im Endger\u00e4t des Dienstnutzers gespeichert werden und f\u00fcr die Nutzung der Website bestimmt sind. Cookies enthalten in der Regel den Namen der Website, von der sie stammen, die Zeit, in der sie auf dem Endger\u00e4t gespeichert werden, und eine eindeutige Nummer. <\/li><li>Die Stelle, die Cookies auf dem Endger\u00e4t des Nutzers platziert und auf sie zugreift, ist der Betreiber des Dienstes.<\/li><li>Cookies werden f\u00fcr die folgenden Zwecke verwendet:<ol><li>Aufrechterhaltung einer Sitzung des Website-Benutzers (nach dem Einloggen), dank derer der Benutzer sein Login und sein Passwort nicht auf jeder Unterseite der Website erneut eingeben muss;<\/li><li>um die oben unter &#8222;Wesentliche Marketingtechniken&#8220; genannten Ziele zu erreichen;<\/li><\/ol><\/li><li>Die Website verwendet zwei Haupttypen von Cookies: &#8222;Session&#8220; (Sitzungscookies) und &#8222;permanent&#8220; (dauerhafte Cookies). &#8222;Session&#8220;-Cookies sind tempor\u00e4re Dateien, die auf dem Endger\u00e4t des Nutzers gespeichert werden, bis er sich abmeldet, die Website verl\u00e4sst oder die Software (Webbrowser) ausschaltet. &#8222;Persistente&#8220; Cookies werden auf dem Endger\u00e4t des Nutzers f\u00fcr die in den Parametern der Cookies angegebene Zeit oder bis zu ihrer L\u00f6schung durch den Nutzer gespeichert.  <\/li><li>Web-Browsing-Software (Webbrowser) erlaubt in der Regel standardm\u00e4\u00dfig die Speicherung von Cookies auf dem Endger\u00e4t des Nutzers. Die Nutzer der Website k\u00f6nnen ihre diesbez\u00fcglichen Einstellungen \u00e4ndern. Ihr Webbrowser erlaubt es Ihnen, Cookies zu l\u00f6schen. Es ist auch m\u00f6glich, Cookies automatisch zu blockieren. Einzelheiten entnehmen Sie bitte der Hilfe oder Dokumentation Ihres Internet-Browsers.   <\/li><li>Einschr\u00e4nkungen bei der Verwendung von Cookies k\u00f6nnen einige der auf der Website verf\u00fcgbaren Funktionen beeintr\u00e4chtigen.<\/li><li>Die im Endger\u00e4t des Nutzers des Dienstes platzierten Cookies k\u00f6nnen auch von Einrichtungen verwendet werden, die mit dem Betreiber des Dienstes zusammenarbeiten, insbesondere von Unternehmen: Google (Google Inc. mit Sitz in den USA), Facebook (Facebook Inc. mit Sitz in den USA), Twitter (Twitter Inc. mit Sitz in den USA).<\/li><\/ol>\n<h2 class=\"wp-block-heading\"><strong>9. die Verwaltung von Cookies &#8211; wie wird die Zustimmung in der Praxis erteilt und zur\u00fcckgezogen?<\/strong><\/h2>\n\n<ol class=\"wp-block-list\"><li>Wenn Sie keine Cookies erhalten m\u00f6chten, k\u00f6nnen Sie Ihre Browsereinstellungen \u00e4ndern. Wir weisen darauf hin, dass die Deaktivierung von Cookies, die f\u00fcr Authentifizierungsprozesse, die Sicherheit und die Beibehaltung von Benutzerpr\u00e4ferenzen unerl\u00e4sslich sind, die Nutzung der Websites erschweren und in extremen F\u00e4llen unm\u00f6glich machen kann. <\/li><li>Um Ihre Cookie-Einstellungen zu verwalten, w\u00e4hlen Sie den von Ihnen verwendeten Webbrowser aus der nachstehenden Liste aus und folgen Sie den Anweisungen:<ul><li><a href=\"https:\/\/support.microsoft.com\/pl-pl\/help\/10607\/microsoft-edge-view-delete-browser-history\">Edge<\/a><\/li><li><a href=\"https:\/\/support.microsoft.com\/pl-pl\/help\/278835\/how-to-delete-cookie-files-in-internet-explorer\">Internet Explorer<\/a><\/li><li><a href=\"http:\/\/support.google.com\/chrome\/bin\/answer.py?hl=pl&amp;answer=95647\">Chrome<\/a><\/li><li><a href=\"http:\/\/support.apple.com\/kb\/PH5042\">Safari<\/a><\/li><li><a href=\"http:\/\/support.mozilla.org\/pl\/kb\/W%C5%82%C4%85czanie%20i%20wy%C5%82%C4%85czanie%20obs%C5%82ugi%20ciasteczek\">Firefox<\/a><\/li><li><a href=\"http:\/\/help.opera.com\/Windows\/12.10\/pl\/cookies.html\">Opera<\/a><\/li><li>Mobile Ger\u00e4te:<\/li><li><a href=\"http:\/\/support.google.com\/chrome\/bin\/answer.py?hl=pl&amp;answer=95647\">Android<\/a><\/li><li><a href=\"http:\/\/support.apple.com\/kb\/HT1677?viewlocale=pl_PL\">Safari (iOS)<\/a><\/li><li><a href=\"http:\/\/www.windowsphone.com\/pl-pl\/how-to\/wp7\/web\/changing-privacy-and-other-browser-settings\">Windows Phone<\/a><\/li><\/ul><\/li><\/ol>\n<p>Diese Richtlinienvorlage wurde kostenlos und zu Informationszwecken auf der Grundlage unseres Wissens, der Branchenpraktiken und der zum 14.08.2018 geltenden Gesetze erstellt. Wir empfehlen Ihnen, die Richtlinienvorlage zu \u00fcberpr\u00fcfen, bevor Sie sie auf Ihrer Website verwenden. Die Vorlage basiert auf den am h\u00e4ufigsten vorkommenden Situationen auf Websites, spiegelt aber m\u00f6glicherweise nicht die vollst\u00e4ndigen und genauen Besonderheiten Ihrer Website wider. Lesen Sie das erstellte Dokument sorgf\u00e4ltig durch und passen Sie es gegebenenfalls an Ihre Situation an oder lassen Sie sich rechtlich beraten. Wir \u00fcbernehmen keine Verantwortung f\u00fcr die Folgen der Verwendung dieses Dokuments, da nur Sie die Kontrolle \u00fcber die Richtigkeit aller darin enthaltenen Informationen haben. Bitte beachten Sie auch, dass die Datenschutzpolitik, selbst die beste, nur ein Teil Ihrer Sorge um die pers\u00f6nlichen Daten und den Schutz der Privatsph\u00e4re der Nutzer auf der Website ist.     <\/p>\n","protected":false},"excerpt":{"rendered":"<p>In dieser Datenschutzerkl\u00e4rung wird beschrieben, wie wir Informationen \u00fcber Sie, einschlie\u00dflich personenbezogener Daten und Cookies, oder &#8222;Cookies&#8220;, verarbeiten. 1. allgemeine Informationen Diese Richtlinie gilt f\u00fcr die Website, die unter der URL: impolsarl.com betrieben wird. Der Betreiber der Website und der Verwalter der pers\u00f6nlichen Daten ist: Violette Bres 24 rue du Tir, 88110 Celles sur Plaine, &hellip;<\/p>\n<p class=\"read-more\"> <a class=\"\" href=\"https:\/\/impolsarl.com\/de\/impol-datenschutzrichtlinie\/\"> <span class=\"screen-reader-text\">IMPOL-Datenschutzrichtlinie<\/span> Read More \u00bb<\/a><\/p>\n","protected":false},"author":5,"featured_media":0,"parent":0,"menu_order":16,"comment_status":"closed","ping_status":"closed","template":"","meta":{"_acf_changed":false,"site-sidebar-layout":"default","site-content-layout":"","ast-site-content-layout":"","site-content-style":"default","site-sidebar-style":"default","ast-global-header-display":"","ast-banner-title-visibility":"","ast-main-header-display":"","ast-hfb-above-header-display":"","ast-hfb-below-header-display":"","ast-hfb-mobile-header-display":"","site-post-title":"","ast-breadcrumbs-content":"","ast-featured-img":"","footer-sml-layout":"","theme-transparent-header-meta":"","adv-header-id-meta":"","stick-header-meta":"","header-above-stick-meta":"","header-main-stick-meta":"","header-below-stick-meta":"","astra-migrate-meta-layouts":"default","ast-page-background-enabled":"default","ast-page-background-meta":{"desktop":{"background-color":"var(--ast-global-color-4)","background-image":"","background-repeat":"repeat","background-position":"center center","background-size":"auto","background-attachment":"scroll","background-type":"","background-media":"","overlay-type":"","overlay-color":"","overlay-gradient":""},"tablet":{"background-color":"","background-image":"","background-repeat":"repeat","background-position":"center center","background-size":"auto","background-attachment":"scroll","background-type":"","background-media":"","overlay-type":"","overlay-color":"","overlay-gradient":""},"mobile":{"background-color":"","background-image":"","background-repeat":"repeat","background-position":"center center","background-size":"auto","background-attachment":"scroll","background-type":"","background-media":"","overlay-type":"","overlay-color":"","overlay-gradient":""}},"ast-content-background-meta":{"desktop":{"background-color":"var(--ast-global-color-5)","background-image":"","background-repeat":"repeat","background-position":"center center","background-size":"auto","background-attachment":"scroll","background-type":"","background-media":"","overlay-type":"","overlay-color":"","overlay-gradient":""},"tablet":{"background-color":"var(--ast-global-color-5)","background-image":"","background-repeat":"repeat","background-position":"center center","background-size":"auto","background-attachment":"scroll","background-type":"","background-media":"","overlay-type":"","overlay-color":"","overlay-gradient":""},"mobile":{"background-color":"var(--ast-global-color-5)","background-image":"","background-repeat":"repeat","background-position":"center center","background-size":"auto","background-attachment":"scroll","background-type":"","background-media":"","overlay-type":"","overlay-color":"","overlay-gradient":""}},"footnotes":""},"folder":[91],"class_list":["post-5475","page","type-page","status-publish","hentry"],"acf":[],"yoast_head":"<!-- This site is optimized with the Yoast SEO Premium plugin v24.7 (Yoast SEO v24.7) - https:\/\/yoast.com\/wordpress\/plugins\/seo\/ -->\n<title>IMPOL-Datenschutzrichtlinie - Impol - Reprezentant we Francji od ponad dekady! +48 502 50 70 74<\/title>\n<meta name=\"robots\" content=\"index, follow, max-snippet:-1, max-image-preview:large, max-video-preview:-1\" \/>\n<link rel=\"canonical\" href=\"https:\/\/impolsarl.com\/de\/impol-datenschutzrichtlinie\/\" \/>\n<meta property=\"og:locale\" content=\"de_DE\" \/>\n<meta property=\"og:type\" content=\"article\" \/>\n<meta property=\"og:title\" content=\"IMPOL-Datenschutzrichtlinie\" \/>\n<meta property=\"og:description\" content=\"In dieser Datenschutzerkl\u00e4rung wird beschrieben, wie wir Informationen \u00fcber Sie, einschlie\u00dflich personenbezogener Daten und Cookies, oder &#8222;Cookies&#8220;, verarbeiten. 1. allgemeine Informationen Diese Richtlinie gilt f\u00fcr die Website, die unter der URL: impolsarl.com betrieben wird. Der Betreiber der Website und der Verwalter der pers\u00f6nlichen Daten ist: Violette Bres 24 rue du Tir, 88110 Celles sur Plaine, &hellip; IMPOL-Datenschutzrichtlinie Read More \u00bb\" \/>\n<meta property=\"og:url\" content=\"https:\/\/impolsarl.com\/de\/impol-datenschutzrichtlinie\/\" \/>\n<meta property=\"og:site_name\" content=\"Impol - Reprezentant we Francji od ponad dekady! +48 502 50 70 74\" \/>\n<meta property=\"article:publisher\" content=\"https:\/\/www.facebook.com\/przedstawicieltransportuwefrancji\/\" \/>\n<meta property=\"article:modified_time\" content=\"2025-04-22T17:29:05+00:00\" \/>\n<meta name=\"twitter:card\" content=\"summary_large_image\" \/>\n<meta name=\"twitter:label1\" content=\"Gesch\u00e4tzte Lesezeit\" \/>\n\t<meta name=\"twitter:data1\" content=\"7\u00a0Minuten\" \/>\n<script type=\"application\/ld+json\" class=\"yoast-schema-graph\">{\"@context\":\"https:\/\/schema.org\",\"@graph\":[{\"@type\":\"WebPage\",\"@id\":\"https:\/\/impolsarl.com\/de\/impol-datenschutzrichtlinie\/\",\"url\":\"https:\/\/impolsarl.com\/de\/impol-datenschutzrichtlinie\/\",\"name\":\"IMPOL-Datenschutzrichtlinie - Impol - Reprezentant we Francji od ponad dekady! +48 502 50 70 74\",\"isPartOf\":{\"@id\":\"https:\/\/impolsarl.com\/#website\"},\"datePublished\":\"2021-01-06T13:39:19+00:00\",\"dateModified\":\"2025-04-22T17:29:05+00:00\",\"breadcrumb\":{\"@id\":\"https:\/\/impolsarl.com\/de\/impol-datenschutzrichtlinie\/#breadcrumb\"},\"inLanguage\":\"de\",\"potentialAction\":[{\"@type\":\"ReadAction\",\"target\":[\"https:\/\/impolsarl.com\/de\/impol-datenschutzrichtlinie\/\"]}]},{\"@type\":\"BreadcrumbList\",\"@id\":\"https:\/\/impolsarl.com\/de\/impol-datenschutzrichtlinie\/#breadcrumb\",\"itemListElement\":[{\"@type\":\"ListItem\",\"position\":1,\"name\":\"Strona g\u0142\u00f3wna\",\"item\":\"https:\/\/impolsarl.com\/de\/homepage\/\"},{\"@type\":\"ListItem\",\"position\":2,\"name\":\"IMPOL-Datenschutzrichtlinie\"}]},{\"@type\":\"WebSite\",\"@id\":\"https:\/\/impolsarl.com\/#website\",\"url\":\"https:\/\/impolsarl.com\/\",\"name\":\"Impol - Reprezentant we Francji od ponad dekady! +48 502 50 70 74\",\"description\":\"Impol SARL - Przedstawiciel transportu w Europie\",\"publisher\":{\"@id\":\"https:\/\/impolsarl.com\/#organization\"},\"potentialAction\":[{\"@type\":\"SearchAction\",\"target\":{\"@type\":\"EntryPoint\",\"urlTemplate\":\"https:\/\/impolsarl.com\/?s={search_term_string}\"},\"query-input\":{\"@type\":\"PropertyValueSpecification\",\"valueRequired\":true,\"valueName\":\"search_term_string\"}}],\"inLanguage\":\"de\"},{\"@type\":\"Organization\",\"@id\":\"https:\/\/impolsarl.com\/#organization\",\"name\":\"Impol - Przedstawiciel Transportu i Pracownikow Delegowanych Do Francji\",\"url\":\"https:\/\/impolsarl.com\/\",\"logo\":{\"@type\":\"ImageObject\",\"inLanguage\":\"de\",\"@id\":\"https:\/\/impolsarl.com\/#\/schema\/logo\/image\/\",\"url\":\"https:\/\/impolsarl.com\/wp-content\/uploads\/2018\/08\/logo-1.png\",\"contentUrl\":\"https:\/\/impolsarl.com\/wp-content\/uploads\/2018\/08\/logo-1.png\",\"width\":133,\"height\":126,\"caption\":\"Impol - Przedstawiciel Transportu i Pracownikow Delegowanych Do Francji\"},\"image\":{\"@id\":\"https:\/\/impolsarl.com\/#\/schema\/logo\/image\/\"},\"sameAs\":[\"https:\/\/www.facebook.com\/przedstawicieltransportuwefrancji\/\",\"https:\/\/www.youtube.com\/watch?v=2zjQ9NJBf04\"]}]}<\/script>\n<!-- \/ Yoast SEO Premium plugin. -->","yoast_head_json":{"title":"IMPOL-Datenschutzrichtlinie - Impol - Reprezentant we Francji od ponad dekady! +48 502 50 70 74","robots":{"index":"index","follow":"follow","max-snippet":"max-snippet:-1","max-image-preview":"max-image-preview:large","max-video-preview":"max-video-preview:-1"},"canonical":"https:\/\/impolsarl.com\/de\/impol-datenschutzrichtlinie\/","og_locale":"de_DE","og_type":"article","og_title":"IMPOL-Datenschutzrichtlinie","og_description":"In dieser Datenschutzerkl\u00e4rung wird beschrieben, wie wir Informationen \u00fcber Sie, einschlie\u00dflich personenbezogener Daten und Cookies, oder &#8222;Cookies&#8220;, verarbeiten. 1. allgemeine Informationen Diese Richtlinie gilt f\u00fcr die Website, die unter der URL: impolsarl.com betrieben wird. Der Betreiber der Website und der Verwalter der pers\u00f6nlichen Daten ist: Violette Bres 24 rue du Tir, 88110 Celles sur Plaine, &hellip; IMPOL-Datenschutzrichtlinie Read More \u00bb","og_url":"https:\/\/impolsarl.com\/de\/impol-datenschutzrichtlinie\/","og_site_name":"Impol - Reprezentant we Francji od ponad dekady! +48 502 50 70 74","article_publisher":"https:\/\/www.facebook.com\/przedstawicieltransportuwefrancji\/","article_modified_time":"2025-04-22T17:29:05+00:00","twitter_card":"summary_large_image","twitter_misc":{"Gesch\u00e4tzte Lesezeit":"7\u00a0Minuten"},"schema":{"@context":"https:\/\/schema.org","@graph":[{"@type":"WebPage","@id":"https:\/\/impolsarl.com\/de\/impol-datenschutzrichtlinie\/","url":"https:\/\/impolsarl.com\/de\/impol-datenschutzrichtlinie\/","name":"IMPOL-Datenschutzrichtlinie - Impol - Reprezentant we Francji od ponad dekady! +48 502 50 70 74","isPartOf":{"@id":"https:\/\/impolsarl.com\/#website"},"datePublished":"2021-01-06T13:39:19+00:00","dateModified":"2025-04-22T17:29:05+00:00","breadcrumb":{"@id":"https:\/\/impolsarl.com\/de\/impol-datenschutzrichtlinie\/#breadcrumb"},"inLanguage":"de","potentialAction":[{"@type":"ReadAction","target":["https:\/\/impolsarl.com\/de\/impol-datenschutzrichtlinie\/"]}]},{"@type":"BreadcrumbList","@id":"https:\/\/impolsarl.com\/de\/impol-datenschutzrichtlinie\/#breadcrumb","itemListElement":[{"@type":"ListItem","position":1,"name":"Strona g\u0142\u00f3wna","item":"https:\/\/impolsarl.com\/de\/homepage\/"},{"@type":"ListItem","position":2,"name":"IMPOL-Datenschutzrichtlinie"}]},{"@type":"WebSite","@id":"https:\/\/impolsarl.com\/#website","url":"https:\/\/impolsarl.com\/","name":"Impol - Reprezentant we Francji od ponad dekady! +48 502 50 70 74","description":"Impol SARL - Przedstawiciel transportu w Europie","publisher":{"@id":"https:\/\/impolsarl.com\/#organization"},"potentialAction":[{"@type":"SearchAction","target":{"@type":"EntryPoint","urlTemplate":"https:\/\/impolsarl.com\/?s={search_term_string}"},"query-input":{"@type":"PropertyValueSpecification","valueRequired":true,"valueName":"search_term_string"}}],"inLanguage":"de"},{"@type":"Organization","@id":"https:\/\/impolsarl.com\/#organization","name":"Impol - Przedstawiciel Transportu i Pracownikow Delegowanych Do Francji","url":"https:\/\/impolsarl.com\/","logo":{"@type":"ImageObject","inLanguage":"de","@id":"https:\/\/impolsarl.com\/#\/schema\/logo\/image\/","url":"https:\/\/impolsarl.com\/wp-content\/uploads\/2018\/08\/logo-1.png","contentUrl":"https:\/\/impolsarl.com\/wp-content\/uploads\/2018\/08\/logo-1.png","width":133,"height":126,"caption":"Impol - Przedstawiciel Transportu i Pracownikow Delegowanych Do Francji"},"image":{"@id":"https:\/\/impolsarl.com\/#\/schema\/logo\/image\/"},"sameAs":["https:\/\/www.facebook.com\/przedstawicieltransportuwefrancji\/","https:\/\/www.youtube.com\/watch?v=2zjQ9NJBf04"]}]}},"_links":{"self":[{"href":"https:\/\/impolsarl.com\/de\/wp-json\/wp\/v2\/pages\/5475","targetHints":{"allow":["GET"]}}],"collection":[{"href":"https:\/\/impolsarl.com\/de\/wp-json\/wp\/v2\/pages"}],"about":[{"href":"https:\/\/impolsarl.com\/de\/wp-json\/wp\/v2\/types\/page"}],"author":[{"embeddable":true,"href":"https:\/\/impolsarl.com\/de\/wp-json\/wp\/v2\/users\/5"}],"replies":[{"embeddable":true,"href":"https:\/\/impolsarl.com\/de\/wp-json\/wp\/v2\/comments?post=5475"}],"version-history":[{"count":1,"href":"https:\/\/impolsarl.com\/de\/wp-json\/wp\/v2\/pages\/5475\/revisions"}],"predecessor-version":[{"id":5476,"href":"https:\/\/impolsarl.com\/de\/wp-json\/wp\/v2\/pages\/5475\/revisions\/5476"}],"wp:attachment":[{"href":"https:\/\/impolsarl.com\/de\/wp-json\/wp\/v2\/media?parent=5475"}],"wp:term":[{"taxonomy":"folder","embeddable":true,"href":"https:\/\/impolsarl.com\/de\/wp-json\/wp\/v2\/folder?post=5475"}],"curies":[{"name":"wp","href":"https:\/\/api.w.org\/{rel}","templated":true}]}}