{"id":5469,"date":"2019-07-29T21:18:38","date_gmt":"2019-07-29T19:18:38","guid":{"rendered":"https:\/\/impolsarl.com\/loi-macron-und-vertretung-in-frankreich-bauwesen-und-industrie\/"},"modified":"2025-04-22T19:08:40","modified_gmt":"2025-04-22T17:08:40","slug":"loi-macron-und-vertretung-in-frankreich-bauwesen-und-industrie","status":"publish","type":"page","link":"https:\/\/impolsarl.com\/de\/loi-macron-und-vertretung-in-frankreich-bauwesen-und-industrie\/","title":{"rendered":"Loi Macron und Vertretung in Frankreich &#8211; Bauwesen und Industrie"},"content":{"rendered":"\t\t<div data-elementor-type=\"wp-page\" data-elementor-id=\"5469\" class=\"elementor elementor-5469 elementor-1735\" data-elementor-post-type=\"page\">\n\t\t\t\t\t\t<section class=\"elementor-section elementor-top-section elementor-element elementor-element-3695211a elementor-section-boxed elementor-section-height-default elementor-section-height-default\" data-id=\"3695211a\" data-element_type=\"section\">\n\t\t\t\t\t\t<div class=\"elementor-container elementor-column-gap-default\">\n\t\t\t\t\t<div class=\"elementor-column elementor-col-100 elementor-top-column elementor-element elementor-element-7b5585bd\" data-id=\"7b5585bd\" data-element_type=\"column\">\n\t\t\t<div class=\"elementor-widget-wrap elementor-element-populated\">\n\t\t\t\t\t\t<div class=\"elementor-element elementor-element-26908b8 elementor-widget elementor-widget-video\" data-id=\"26908b8\" data-element_type=\"widget\" data-settings=\"{&quot;youtube_url&quot;:&quot;https:\\\/\\\/www.youtube.com\\\/watch?v=J4CIkgh2xuw&quot;,&quot;video_type&quot;:&quot;youtube&quot;,&quot;controls&quot;:&quot;yes&quot;}\" data-widget_type=\"video.default\">\n\t\t\t\t<div class=\"elementor-widget-container\">\n\t\t\t\t\t\t\t<div class=\"elementor-wrapper elementor-open-inline\">\n\t\t\t<div class=\"elementor-video\"><\/div>\t\t<\/div>\n\t\t\t\t\t\t<\/div>\n\t\t\t\t<\/div>\n\t\t\t\t<div class=\"elementor-element elementor-element-440a1aab elementor-widget elementor-widget-text-editor\" data-id=\"440a1aab\" data-element_type=\"widget\" data-widget_type=\"text-editor.default\">\n\t\t\t\t<div class=\"elementor-widget-container\">\n\t\t\t\t\t\t\t\t\t<p>Alles, was Sie bei der Entsendung von Arbeitnehmern nach Frankreich wissen sollten (Loi Macron: Bau und Industrie). In dem Video finden Sie unter anderem Informationen \u00fcber: <\/p>\n<ul>\n    <li>die Anwendung des Gesetzes,<\/li>\n    <li>Dokumente,<\/li>\n    <li>die Haftung der Parteien,<\/li>\n    <li>und m\u00f6gliche Sanktionen,<\/li>\n    <li>und wie Sie mit uns zusammenarbeiten k\u00f6nnen, um Ihre Mitarbeiter ohne Probleme nach Frankreich zu entsenden.<\/li>\n<\/ul>\t\t\t\t\t\t\t\t<\/div>\n\t\t\t\t<\/div>\n\t\t\t\t\t<\/div>\n\t\t<\/div>\n\t\t\t\t\t<\/div>\n\t\t<\/section>\n\t\t\t\t<section class=\"elementor-section elementor-top-section elementor-element elementor-element-dbb105e elementor-section-boxed elementor-section-height-default elementor-section-height-default\" data-id=\"dbb105e\" data-element_type=\"section\">\n\t\t\t\t\t\t<div class=\"elementor-container elementor-column-gap-default\">\n\t\t\t\t\t<div class=\"elementor-column elementor-col-100 elementor-top-column elementor-element elementor-element-80d9ac4\" data-id=\"80d9ac4\" data-element_type=\"column\">\n\t\t\t<div class=\"elementor-widget-wrap elementor-element-populated\">\n\t\t\t\t\t\t<div class=\"elementor-element elementor-element-84b5cf8 elementor-widget elementor-widget-text-editor\" data-id=\"84b5cf8\" data-element_type=\"widget\" data-widget_type=\"text-editor.default\">\n\t\t\t\t<div class=\"elementor-widget-container\">\n\t\t\t\t\t\t\t\t\t<p><span style=\"font-weight: 400;\">Wenn Sie ein Unternehmen im Bau- und Industriesektor in Frankreich betreiben, kann das seit 2016 geltende Loi Macron Auswirkungen auf ausl\u00e4ndische Investitionen und die Zusammenarbeit mit Arbeitnehmern haben, die sich aus den Bedingungen f\u00fcr <\/span><span style=\"font-weight: 400;\">Besch\u00e4ftigung<\/span><span style=\"font-weight: 400;\">.<\/span> <\/p>\n<p><span style=\"font-weight: 400;\">Es lohnt sich, nicht nur die Ver\u00e4nderungen zu beachten, sondern auch die Chancen, die das Gesetz Macron mit sich bringt, um die lokalen Trends zu verstehen, sich auf m\u00f6gliche Herausforderungen vorzubereiten und sie f\u00fcr das Wachstum Ihres Unternehmens im Land zu nutzen.<\/span><\/p>\t\t\t\t\t\t\t\t<\/div>\n\t\t\t\t<\/div>\n\t\t\t\t<div class=\"elementor-element elementor-element-1ebfab5 elementor-invisible elementor-widget elementor-widget-heading\" data-id=\"1ebfab5\" data-element_type=\"widget\" data-settings=\"{&quot;_animation&quot;:&quot;fadeIn&quot;}\" data-widget_type=\"heading.default\">\n\t\t\t\t<div class=\"elementor-widget-container\">\n\t\t\t\t\t<h2 class=\"elementor-heading-title elementor-size-default\">Welche Vorteile bringt die Loi Macron den Industrieunternehmen in Frankreich? <\/h2>\t\t\t\t<\/div>\n\t\t\t\t<\/div>\n\t\t\t\t<div class=\"elementor-element elementor-element-17050cd elementor-widget elementor-widget-text-editor\" data-id=\"17050cd\" data-element_type=\"widget\" data-widget_type=\"text-editor.default\">\n\t\t\t\t<div class=\"elementor-widget-container\">\n\t\t\t\t\t\t\t\t\t<p><span style=\"font-weight: 400;\">Das franz\u00f6sische Gesetz Loi Macron, auch bekannt als Macron-Gesetz, wurde am 1. Juli 2016 in Kraft gesetzt. Es regelt die rechtlichen Aspekte im Zusammenhang mit der Entsendung von Arbeitnehmern und dem Mindestlohn f\u00fcr Lkw-Fahrer, die auf franz\u00f6sischem Gebiet unterwegs sind. <\/span><\/p>\n<p><span style=\"font-weight: 400;\">Eine der \u00e4u\u00dferst wichtigen Bestimmungen dieses Gesetzes ist die Notwendigkeit, einen Unternehmensvertreter in Frankreich zu benennen. Ein wichtiger Aspekt ist die F\u00e4higkeit des Vertreters, flie\u00dfend Franz\u00f6sisch zu sprechen. Dies erm\u00f6glicht eine wirksame Kommunikation mit den Kontrollbeh\u00f6rden und den Beh\u00f6rden und tr\u00e4gt dazu bei, m\u00f6gliche Probleme oder Missverst\u00e4ndnisse bei Kontrollen zu minimieren.  <\/span><\/p>\n<p><span style=\"font-weight: 400;\">Die Zusammenarbeit mit einem erfahrenen Vertreter bringt viele Vorteile mit sich. Das professionelle Team von Impol macht es Unternehmern aus verschiedenen Branchen in Frankreich leicht,  <\/span><span style=\"font-weight: 400;\">sich um aller Formalit\u00e4ten. Wir stehen Ihnen bei Problemen zur Seite, die sich aus einer Reihe von zuf\u00e4lligen Ereignissen ergeben, und helfen Ihnen, m\u00f6gliche finanzielle Strafen zu vermeiden. Ob es sich um eine Fahrzeugkontrolle durch die Polizei, Unklarheiten in den Formularen oder einen Einspruch gegen einen Bu\u00dfgeldbescheid in Frankreich handelt, ein Vertreter nimmt Kontakt mit den zust\u00e4ndigen Stellen auf, um die Situation zu kl\u00e4ren.  <\/span><\/p>\t\t\t\t\t\t\t\t<\/div>\n\t\t\t\t<\/div>\n\t\t\t\t<div class=\"elementor-element elementor-element-eb9f781 elementor-invisible elementor-widget elementor-widget-heading\" data-id=\"eb9f781\" data-element_type=\"widget\" data-settings=\"{&quot;_animation&quot;:&quot;fadeIn&quot;}\" data-widget_type=\"heading.default\">\n\t\t\t\t<div class=\"elementor-widget-container\">\n\t\t\t\t\t<h2 class=\"elementor-heading-title elementor-size-default\">Expertenvertretung - der Schl\u00fcssel zum Erfolg von Industrieunternehmen in Frankreich<\/h2>\t\t\t\t<\/div>\n\t\t\t\t<\/div>\n\t\t\t\t<div class=\"elementor-element elementor-element-18de5d9 elementor-widget elementor-widget-text-editor\" data-id=\"18de5d9\" data-element_type=\"widget\" data-widget_type=\"text-editor.default\">\n\t\t\t\t<div class=\"elementor-widget-container\">\n\t\t\t\t\t\t\t\t\t<p><span style=\"font-weight: 400;\">Mit unseren Kenntnissen des Loi Macron und unserer langj\u00e4hrigen Erfahrung in der Vertretung von Unternehmen in Frankreich helfen wir Ihnen, die rechtlichen M\u00f6glichkeiten der Gesch\u00e4ftsentwicklung in diesem Land erfolgreich zu nutzen.<\/span><\/p>\n<p><span style=\"font-weight: 400;\">Impol bietet eine breite Palette von Dienstleistungen an. Wir garantieren fachkundige Unterst\u00fctzung bei der Erledigung von Formalit\u00e4ten, bei der rechtlichen Betreuung und bei der Anfertigung der erforderlichen \u00dcbersetzungen. Wir f\u00fchren eine umfassende Bewertung der Mobilit\u00e4t von Arbeitnehmern durch, die f\u00fcr Projekte ins Ausland entsandt werden, und unsere Experten erl\u00e4utern die diesbez\u00fcglichen Pflichten des Arbeitgebers. Wir k\u00fcmmern uns um die Vorbereitung der Meldungen von entsandten Arbeitnehmern und bieten Unterst\u00fctzung bei rechtlichen und arbeitsrechtlichen Fragen. Wir \u00fcbernehmen die Vermittlung mit der Arbeitsaufsichtsbeh\u00f6rde und den Kontrolldiensten. Wir f\u00fchren die Archivierung von Dokumenten durch. Wir helfen Ihnen bei der R\u00fcckerstattung der Mehrwertsteuer aus dem Ausland und f\u00fchren das Inkasso in Frankreich durch. Wir unterst\u00fctzen Sie auch bei Verhandlungen mit Kunden. Dar\u00fcber hinaus bieten wir einen umfassenden Service f\u00fcr Verwaltungs- und Buchhaltungsangelegenheiten.        <\/span><\/p>\n<p><span style=\"font-weight: 400;\">Die Sprachbarriere oder kulturelle Unterschiede stellen kein Problem mehr dar. Unser Team beherrscht die franz\u00f6sische Sprache mit ihren kulturellen Feinheiten und gew\u00e4hrleistet h\u00f6chste Qualit\u00e4t und Effizienz. Wenn Sie mit Impol zusammenarbeiten, haben Sie Zugang zu unseren Kenntnissen der franz\u00f6sischen Gesetze und Vorschriften. Dies ist besonders wichtig im Zusammenhang mit den Gesetzen, die f\u00fcr Industrieunternehmen in Frankreich gelten.   <\/span><\/p>\n<p><span style=\"font-weight: 400;\">Wir laden Sie ein, sich mit uns in Verbindung zu setzen, um das volle Potenzial und die Ressourcen Ihres Unternehmens mit uns zu nutzen!<\/span><\/p>\t\t\t\t\t\t\t\t<\/div>\n\t\t\t\t<\/div>\n\t\t\t\t\t<\/div>\n\t\t<\/div>\n\t\t\t\t\t<\/div>\n\t\t<\/section>\n\t\t\t\t<\/div>\n\t\t","protected":false},"excerpt":{"rendered":"<p>https:\/\/www.youtube.com\/watch?v=J4CIkgh2xuw Alles, was Sie bei der Entsendung von Arbeitnehmern nach Frankreich wissen sollten (Loi Macron: Bau und Industrie). In dem Video finden Sie unter anderem Informationen \u00fcber: die Anwendung des Gesetzes, Dokumente, die Haftung der Parteien, und m\u00f6gliche Sanktionen, und wie Sie mit uns zusammenarbeiten k\u00f6nnen, um Ihre Mitarbeiter ohne Probleme nach Frankreich zu entsenden. &hellip;<\/p>\n<p class=\"read-more\"> <a class=\"\" href=\"https:\/\/impolsarl.com\/de\/loi-macron-und-vertretung-in-frankreich-bauwesen-und-industrie\/\"> <span class=\"screen-reader-text\">Loi Macron und Vertretung in Frankreich &#8211; Bauwesen und Industrie<\/span> Read More \u00bb<\/a><\/p>\n","protected":false},"author":5,"featured_media":4995,"parent":0,"menu_order":46,"comment_status":"closed","ping_status":"closed","template":"","meta":{"_acf_changed":false,"site-sidebar-layout":"default","site-content-layout":"","ast-site-content-layout":"","site-content-style":"default","site-sidebar-style":"default","ast-global-header-display":"","ast-banner-title-visibility":"","ast-main-header-display":"","ast-hfb-above-header-display":"","ast-hfb-below-header-display":"","ast-hfb-mobile-header-display":"","site-post-title":"","ast-breadcrumbs-content":"","ast-featured-img":"","footer-sml-layout":"","theme-transparent-header-meta":"","adv-header-id-meta":"","stick-header-meta":"","header-above-stick-meta":"","header-main-stick-meta":"","header-below-stick-meta":"","astra-migrate-meta-layouts":"default","ast-page-background-enabled":"default","ast-page-background-meta":{"desktop":{"background-color":"var(--ast-global-color-4)","background-image":"","background-repeat":"repeat","background-position":"center center","background-size":"auto","background-attachment":"scroll","background-type":"","background-media":"","overlay-type":"","overlay-color":"","overlay-gradient":""},"tablet":{"background-color":"","background-image":"","background-repeat":"repeat","background-position":"center center","background-size":"auto","background-attachment":"scroll","background-type":"","background-media":"","overlay-type":"","overlay-color":"","overlay-gradient":""},"mobile":{"background-color":"","background-image":"","background-repeat":"repeat","background-position":"center center","background-size":"auto","background-attachment":"scroll","background-type":"","background-media":"","overlay-type":"","overlay-color":"","overlay-gradient":""}},"ast-content-background-meta":{"desktop":{"background-color":"var(--ast-global-color-5)","background-image":"","background-repeat":"repeat","background-position":"center center","background-size":"auto","background-attachment":"scroll","background-type":"","background-media":"","overlay-type":"","overlay-color":"","overlay-gradient":""},"tablet":{"background-color":"var(--ast-global-color-5)","background-image":"","background-repeat":"repeat","background-position":"center center","background-size":"auto","background-attachment":"scroll","background-type":"","background-media":"","overlay-type":"","overlay-color":"","overlay-gradient":""},"mobile":{"background-color":"var(--ast-global-color-5)","background-image":"","background-repeat":"repeat","background-position":"center center","background-size":"auto","background-attachment":"scroll","background-type":"","background-media":"","overlay-type":"","overlay-color":"","overlay-gradient":""}},"footnotes":""},"folder":[91],"class_list":["post-5469","page","type-page","status-publish","has-post-thumbnail","hentry"],"acf":[],"yoast_head":"<!-- This site is optimized with the Yoast SEO Premium plugin v24.7 (Yoast SEO v24.7) - https:\/\/yoast.com\/wordpress\/plugins\/seo\/ -->\n<title>Vertretung von Industrieunternehmen in Frankreich | IMPOL<\/title>\n<meta name=\"description\" content=\"Impol ist die kompetente Vertretung Ihres Unternehmens im Ausland. Wir unterst\u00fctzen seit Jahren den Erfolg von Bau- und Industrieunternehmen in Frankreich. Informieren Sie sich \u00fcber die Details!\" \/>\n<meta name=\"robots\" content=\"index, follow, max-snippet:-1, max-image-preview:large, max-video-preview:-1\" \/>\n<link rel=\"canonical\" href=\"https:\/\/impolsarl.com\/de\/loi-macron-und-vertretung-in-frankreich-bauwesen-und-industrie\/\" \/>\n<meta property=\"og:locale\" content=\"de_DE\" \/>\n<meta property=\"og:type\" content=\"article\" \/>\n<meta property=\"og:title\" content=\"Loi Macron und Vertretung in Frankreich - Bauwesen und Industrie\" \/>\n<meta property=\"og:description\" content=\"Impol ist die kompetente Vertretung Ihres Unternehmens im Ausland. Wir unterst\u00fctzen seit Jahren den Erfolg von Bau- und Industrieunternehmen in Frankreich. Informieren Sie sich \u00fcber die Details!\" \/>\n<meta property=\"og:url\" content=\"https:\/\/impolsarl.com\/de\/loi-macron-und-vertretung-in-frankreich-bauwesen-und-industrie\/\" \/>\n<meta property=\"og:site_name\" content=\"Impol - Reprezentant we Francji od ponad dekady! +48 502 50 70 74\" \/>\n<meta property=\"article:publisher\" content=\"https:\/\/www.facebook.com\/przedstawicieltransportuwefrancji\/\" \/>\n<meta property=\"article:modified_time\" content=\"2025-04-22T17:08:40+00:00\" \/>\n<meta property=\"og:image\" content=\"https:\/\/impolsarl.com\/wp-content\/uploads\/2021\/02\/btp-ind.jpg\" \/>\n\t<meta property=\"og:image:width\" content=\"266\" \/>\n\t<meta property=\"og:image:height\" content=\"189\" \/>\n\t<meta property=\"og:image:type\" content=\"image\/jpeg\" \/>\n<meta name=\"twitter:card\" content=\"summary_large_image\" \/>\n<meta name=\"twitter:label1\" content=\"Gesch\u00e4tzte Lesezeit\" \/>\n\t<meta name=\"twitter:data1\" content=\"3\u00a0Minuten\" \/>\n<script type=\"application\/ld+json\" class=\"yoast-schema-graph\">{\"@context\":\"https:\/\/schema.org\",\"@graph\":[{\"@type\":\"WebPage\",\"@id\":\"https:\/\/impolsarl.com\/de\/loi-macron-und-vertretung-in-frankreich-bauwesen-und-industrie\/\",\"url\":\"https:\/\/impolsarl.com\/de\/loi-macron-und-vertretung-in-frankreich-bauwesen-und-industrie\/\",\"name\":\"Vertretung von Industrieunternehmen in Frankreich | IMPOL\",\"isPartOf\":{\"@id\":\"https:\/\/impolsarl.com\/#website\"},\"primaryImageOfPage\":{\"@id\":\"https:\/\/impolsarl.com\/de\/loi-macron-und-vertretung-in-frankreich-bauwesen-und-industrie\/#primaryimage\"},\"image\":{\"@id\":\"https:\/\/impolsarl.com\/de\/loi-macron-und-vertretung-in-frankreich-bauwesen-und-industrie\/#primaryimage\"},\"thumbnailUrl\":\"https:\/\/impolsarl.com\/wp-content\/uploads\/2021\/02\/btp-ind.jpg\",\"datePublished\":\"2019-07-29T19:18:38+00:00\",\"dateModified\":\"2025-04-22T17:08:40+00:00\",\"description\":\"Impol ist die kompetente Vertretung Ihres Unternehmens im Ausland. Wir unterst\u00fctzen seit Jahren den Erfolg von Bau- und Industrieunternehmen in Frankreich. Informieren Sie sich \u00fcber die Details!\",\"breadcrumb\":{\"@id\":\"https:\/\/impolsarl.com\/de\/loi-macron-und-vertretung-in-frankreich-bauwesen-und-industrie\/#breadcrumb\"},\"inLanguage\":\"de\",\"potentialAction\":[{\"@type\":\"ReadAction\",\"target\":[\"https:\/\/impolsarl.com\/de\/loi-macron-und-vertretung-in-frankreich-bauwesen-und-industrie\/\"]}]},{\"@type\":\"ImageObject\",\"inLanguage\":\"de\",\"@id\":\"https:\/\/impolsarl.com\/de\/loi-macron-und-vertretung-in-frankreich-bauwesen-und-industrie\/#primaryimage\",\"url\":\"https:\/\/impolsarl.com\/wp-content\/uploads\/2021\/02\/btp-ind.jpg\",\"contentUrl\":\"https:\/\/impolsarl.com\/wp-content\/uploads\/2021\/02\/btp-ind.jpg\",\"width\":266,\"height\":189},{\"@type\":\"BreadcrumbList\",\"@id\":\"https:\/\/impolsarl.com\/de\/loi-macron-und-vertretung-in-frankreich-bauwesen-und-industrie\/#breadcrumb\",\"itemListElement\":[{\"@type\":\"ListItem\",\"position\":1,\"name\":\"Strona g\u0142\u00f3wna\",\"item\":\"https:\/\/impolsarl.com\/de\/homepage\/\"},{\"@type\":\"ListItem\",\"position\":2,\"name\":\"Loi Macron und Vertretung in Frankreich &#8211; Bauwesen und Industrie\"}]},{\"@type\":\"WebSite\",\"@id\":\"https:\/\/impolsarl.com\/#website\",\"url\":\"https:\/\/impolsarl.com\/\",\"name\":\"Impol - Reprezentant we Francji od ponad dekady! +48 502 50 70 74\",\"description\":\"Impol SARL - Przedstawiciel transportu w Europie\",\"publisher\":{\"@id\":\"https:\/\/impolsarl.com\/#organization\"},\"potentialAction\":[{\"@type\":\"SearchAction\",\"target\":{\"@type\":\"EntryPoint\",\"urlTemplate\":\"https:\/\/impolsarl.com\/?s={search_term_string}\"},\"query-input\":{\"@type\":\"PropertyValueSpecification\",\"valueRequired\":true,\"valueName\":\"search_term_string\"}}],\"inLanguage\":\"de\"},{\"@type\":\"Organization\",\"@id\":\"https:\/\/impolsarl.com\/#organization\",\"name\":\"Impol - Przedstawiciel Transportu i Pracownikow Delegowanych Do Francji\",\"url\":\"https:\/\/impolsarl.com\/\",\"logo\":{\"@type\":\"ImageObject\",\"inLanguage\":\"de\",\"@id\":\"https:\/\/impolsarl.com\/#\/schema\/logo\/image\/\",\"url\":\"https:\/\/impolsarl.com\/wp-content\/uploads\/2018\/08\/logo-1.png\",\"contentUrl\":\"https:\/\/impolsarl.com\/wp-content\/uploads\/2018\/08\/logo-1.png\",\"width\":133,\"height\":126,\"caption\":\"Impol - Przedstawiciel Transportu i Pracownikow Delegowanych Do Francji\"},\"image\":{\"@id\":\"https:\/\/impolsarl.com\/#\/schema\/logo\/image\/\"},\"sameAs\":[\"https:\/\/www.facebook.com\/przedstawicieltransportuwefrancji\/\",\"https:\/\/www.youtube.com\/watch?v=2zjQ9NJBf04\"]}]}<\/script>\n<!-- \/ Yoast SEO Premium plugin. -->","yoast_head_json":{"title":"Vertretung von Industrieunternehmen in Frankreich | IMPOL","description":"Impol ist die kompetente Vertretung Ihres Unternehmens im Ausland. Wir unterst\u00fctzen seit Jahren den Erfolg von Bau- und Industrieunternehmen in Frankreich. Informieren Sie sich \u00fcber die Details!","robots":{"index":"index","follow":"follow","max-snippet":"max-snippet:-1","max-image-preview":"max-image-preview:large","max-video-preview":"max-video-preview:-1"},"canonical":"https:\/\/impolsarl.com\/de\/loi-macron-und-vertretung-in-frankreich-bauwesen-und-industrie\/","og_locale":"de_DE","og_type":"article","og_title":"Loi Macron und Vertretung in Frankreich - Bauwesen und Industrie","og_description":"Impol ist die kompetente Vertretung Ihres Unternehmens im Ausland. Wir unterst\u00fctzen seit Jahren den Erfolg von Bau- und Industrieunternehmen in Frankreich. Informieren Sie sich \u00fcber die Details!","og_url":"https:\/\/impolsarl.com\/de\/loi-macron-und-vertretung-in-frankreich-bauwesen-und-industrie\/","og_site_name":"Impol - Reprezentant we Francji od ponad dekady! +48 502 50 70 74","article_publisher":"https:\/\/www.facebook.com\/przedstawicieltransportuwefrancji\/","article_modified_time":"2025-04-22T17:08:40+00:00","og_image":[{"width":266,"height":189,"url":"https:\/\/impolsarl.com\/wp-content\/uploads\/2021\/02\/btp-ind.jpg","type":"image\/jpeg"}],"twitter_card":"summary_large_image","twitter_misc":{"Gesch\u00e4tzte Lesezeit":"3\u00a0Minuten"},"schema":{"@context":"https:\/\/schema.org","@graph":[{"@type":"WebPage","@id":"https:\/\/impolsarl.com\/de\/loi-macron-und-vertretung-in-frankreich-bauwesen-und-industrie\/","url":"https:\/\/impolsarl.com\/de\/loi-macron-und-vertretung-in-frankreich-bauwesen-und-industrie\/","name":"Vertretung von Industrieunternehmen in Frankreich | IMPOL","isPartOf":{"@id":"https:\/\/impolsarl.com\/#website"},"primaryImageOfPage":{"@id":"https:\/\/impolsarl.com\/de\/loi-macron-und-vertretung-in-frankreich-bauwesen-und-industrie\/#primaryimage"},"image":{"@id":"https:\/\/impolsarl.com\/de\/loi-macron-und-vertretung-in-frankreich-bauwesen-und-industrie\/#primaryimage"},"thumbnailUrl":"https:\/\/impolsarl.com\/wp-content\/uploads\/2021\/02\/btp-ind.jpg","datePublished":"2019-07-29T19:18:38+00:00","dateModified":"2025-04-22T17:08:40+00:00","description":"Impol ist die kompetente Vertretung Ihres Unternehmens im Ausland. Wir unterst\u00fctzen seit Jahren den Erfolg von Bau- und Industrieunternehmen in Frankreich. Informieren Sie sich \u00fcber die Details!","breadcrumb":{"@id":"https:\/\/impolsarl.com\/de\/loi-macron-und-vertretung-in-frankreich-bauwesen-und-industrie\/#breadcrumb"},"inLanguage":"de","potentialAction":[{"@type":"ReadAction","target":["https:\/\/impolsarl.com\/de\/loi-macron-und-vertretung-in-frankreich-bauwesen-und-industrie\/"]}]},{"@type":"ImageObject","inLanguage":"de","@id":"https:\/\/impolsarl.com\/de\/loi-macron-und-vertretung-in-frankreich-bauwesen-und-industrie\/#primaryimage","url":"https:\/\/impolsarl.com\/wp-content\/uploads\/2021\/02\/btp-ind.jpg","contentUrl":"https:\/\/impolsarl.com\/wp-content\/uploads\/2021\/02\/btp-ind.jpg","width":266,"height":189},{"@type":"BreadcrumbList","@id":"https:\/\/impolsarl.com\/de\/loi-macron-und-vertretung-in-frankreich-bauwesen-und-industrie\/#breadcrumb","itemListElement":[{"@type":"ListItem","position":1,"name":"Strona g\u0142\u00f3wna","item":"https:\/\/impolsarl.com\/de\/homepage\/"},{"@type":"ListItem","position":2,"name":"Loi Macron und Vertretung in Frankreich &#8211; Bauwesen und Industrie"}]},{"@type":"WebSite","@id":"https:\/\/impolsarl.com\/#website","url":"https:\/\/impolsarl.com\/","name":"Impol - Reprezentant we Francji od ponad dekady! +48 502 50 70 74","description":"Impol SARL - Przedstawiciel transportu w Europie","publisher":{"@id":"https:\/\/impolsarl.com\/#organization"},"potentialAction":[{"@type":"SearchAction","target":{"@type":"EntryPoint","urlTemplate":"https:\/\/impolsarl.com\/?s={search_term_string}"},"query-input":{"@type":"PropertyValueSpecification","valueRequired":true,"valueName":"search_term_string"}}],"inLanguage":"de"},{"@type":"Organization","@id":"https:\/\/impolsarl.com\/#organization","name":"Impol - Przedstawiciel Transportu i Pracownikow Delegowanych Do Francji","url":"https:\/\/impolsarl.com\/","logo":{"@type":"ImageObject","inLanguage":"de","@id":"https:\/\/impolsarl.com\/#\/schema\/logo\/image\/","url":"https:\/\/impolsarl.com\/wp-content\/uploads\/2018\/08\/logo-1.png","contentUrl":"https:\/\/impolsarl.com\/wp-content\/uploads\/2018\/08\/logo-1.png","width":133,"height":126,"caption":"Impol - Przedstawiciel Transportu i Pracownikow Delegowanych Do Francji"},"image":{"@id":"https:\/\/impolsarl.com\/#\/schema\/logo\/image\/"},"sameAs":["https:\/\/www.facebook.com\/przedstawicieltransportuwefrancji\/","https:\/\/www.youtube.com\/watch?v=2zjQ9NJBf04"]}]}},"_links":{"self":[{"href":"https:\/\/impolsarl.com\/de\/wp-json\/wp\/v2\/pages\/5469","targetHints":{"allow":["GET"]}}],"collection":[{"href":"https:\/\/impolsarl.com\/de\/wp-json\/wp\/v2\/pages"}],"about":[{"href":"https:\/\/impolsarl.com\/de\/wp-json\/wp\/v2\/types\/page"}],"author":[{"embeddable":true,"href":"https:\/\/impolsarl.com\/de\/wp-json\/wp\/v2\/users\/5"}],"replies":[{"embeddable":true,"href":"https:\/\/impolsarl.com\/de\/wp-json\/wp\/v2\/comments?post=5469"}],"version-history":[{"count":1,"href":"https:\/\/impolsarl.com\/de\/wp-json\/wp\/v2\/pages\/5469\/revisions"}],"predecessor-version":[{"id":5470,"href":"https:\/\/impolsarl.com\/de\/wp-json\/wp\/v2\/pages\/5469\/revisions\/5470"}],"wp:featuredmedia":[{"embeddable":true,"href":"https:\/\/impolsarl.com\/de\/wp-json\/wp\/v2\/media\/4995"}],"wp:attachment":[{"href":"https:\/\/impolsarl.com\/de\/wp-json\/wp\/v2\/media?parent=5469"}],"wp:term":[{"taxonomy":"folder","embeddable":true,"href":"https:\/\/impolsarl.com\/de\/wp-json\/wp\/v2\/folder?post=5469"}],"curies":[{"name":"wp","href":"https:\/\/api.w.org\/{rel}","templated":true}]}}