{"id":5463,"date":"2019-07-16T22:57:55","date_gmt":"2019-07-16T20:57:55","guid":{"rendered":"https:\/\/impolsarl.com\/werden-sie-unser-partner\/"},"modified":"2025-04-22T18:50:50","modified_gmt":"2025-04-22T16:50:50","slug":"werden-sie-unser-partner","status":"publish","type":"page","link":"https:\/\/impolsarl.com\/de\/werden-sie-unser-partner\/","title":{"rendered":"Werden Sie unser Partner"},"content":{"rendered":"\n<p><strong>F\u00fcr Impol ist es von gr\u00f6\u00dfter Bedeutung, positive Partnerschaften aufrechtzuerhalten, insbesondere im Zusammenhang mit den sich \u00e4ndernden Vorschriften f\u00fcr die Entsendung von Arbeitnehmern nach Frankreich und in andere EU-L\u00e4nder sowie in den Rest der Welt.<\/strong><\/p>\n\n<p class=\"has-text-align-center\"><img decoding=\"async\" width=\"150\" height=\"150\" class=\"wp-image-1726\" style=\"width: 150px;\" src=\"https:\/\/impolsarl.com\/wp-content\/uploads\/2019\/07\/partnerstwo.png\" alt=\"\" srcset=\"https:\/\/impolsarl.com\/wp-content\/uploads\/2019\/07\/partnerstwo.png 225w, https:\/\/impolsarl.com\/wp-content\/uploads\/2019\/07\/partnerstwo-100x100.png 100w, https:\/\/impolsarl.com\/wp-content\/uploads\/2019\/07\/partnerstwo-150x150.png 150w\" sizes=\"(max-width: 150px) 100vw, 150px\" \/><\/p>\n\n<p>Sind Sie ein Fahrstundenb\u00fcro, ein Vertreter eines \u00dcbersetzungsb\u00fcros, eine Anwaltskanzlei, eine Steuer- und Finanzberatungsfirma oder vertreten Sie eine gr\u00f6\u00dfere Gruppe von Unternehmen, die den Formalit\u00e4ten des Loi Macron in Frankreich unterliegen? Dann sind Sie derjenige, den wir suchen!  <\/p>\n\n<p>Setzen Sie sich noch heute mit uns in Verbindung und profitieren Sie von unserem Partnerprogramm, indem Sie eine Vermittlungsgeb\u00fchr erhalten.<\/p>\n\n<p class=\"has-text-align-center\"><strong>WERDEN SIE IN WENIGER ALS EINER STUNDE UNSER PARTNER!<\/strong><\/p>\n\n<p class=\"has-text-align-center\"><strong> Wir bestehen als Unternehmen in Frankreich seit \u00fcber 30 Jahren! <\/strong><\/p>\n\n<p class=\"has-text-align-center\"><strong>Wir bieten zuverl\u00e4ssige Hilfe in Frankreich an 7 Tagen in der Woche! <\/strong><\/p>\n\n<div class=\"schema-how-to wp-block-yoast-how-to-block\"><p class=\"schema-how-to-total-time\"><span class=\"schema-how-to-duration-time-text\">Ben\u00f6tigte Zeit:<\/span> 1 Stunde. <\/p><p class=\"schema-how-to-description\"> Wenn Sie auf der Suche nach einem zuverl\u00e4ssigen Vertreter in Frankreich sind, nehmen Sie noch heute Kontakt mit uns auf und profitieren Sie von unserem Partnerprogramm, das Ihnen eine Vermittlungsprovision einbringt! <\/p> <ol class=\"schema-how-to-steps\"><li class=\"schema-how-to-step\" id=\"how-to-step-1563307657136\"><strong class=\"schema-how-to-step-name\">Kontakt<\/strong> <p class=\"schema-how-to-step-text\">Senden Sie uns eine E-Mail an: <a href=\"reprezentacja.francji@gmail.com\">reprezentacja.francja@gmail.com<\/a>, f\u00fcllen Sie das Kontaktformular aus oder rufen Sie uns einfach an und geben Sie an, welche Art der Zusammenarbeit Sie suchen.<br\/>Bitte teilen Sie uns im Voraus Ihre Unternehmensdaten und eine Beschreibung des Profils der von Ihnen vertretenen Kunden mit.<\/p> <\/li><li class=\"schema-how-to-step\" id=\"how-to-step-1563307785466\"><strong class=\"schema-how-to-step-name\"> Aktuelles Angebot <\/strong> <p class=\"schema-how-to-step-text\">Innerhalb weniger Stunden erstellen wir auf der Grundlage einer Analyse Ihrer Bed\u00fcrfnisse ein ma\u00dfgeschneidertes Angebot f\u00fcr unsere k\u00fcnftige Zusammenarbeit.<\/p> <\/li><li class=\"schema-how-to-step\" id=\"how-to-step-1563308523418\"><strong class=\"schema-how-to-step-name\"> Bedingungen und Konditionen der Zusammenarbeit<\/strong> <p class=\"schema-how-to-step-text\">Sobald die Bed\u00fcrfnisse beider Parteien akzeptiert sind, werden wir uns \u00fcber die Bedingungen der Zusammenarbeit und das System der Zielprovisionen einigen.<\/p> <\/li><li class=\"schema-how-to-step\" id=\"how-to-step-1563308657929\"><strong class=\"schema-how-to-step-name\">Beginn der Zusammenarbeit <\/strong> <p class=\"schema-how-to-step-text\">Sobald die Bedingungen akzeptiert worden sind, werden wir gemeinsam die Interessen unserer Kunden vertreten.<\/p> <\/li><\/ol><\/div>\n\n<p><\/p>\n","protected":false},"excerpt":{"rendered":"<p>F\u00fcr Impol ist es von gr\u00f6\u00dfter Bedeutung, positive Partnerschaften aufrechtzuerhalten, insbesondere im Zusammenhang mit den sich \u00e4ndernden Vorschriften f\u00fcr die Entsendung von Arbeitnehmern nach Frankreich und in andere EU-L\u00e4nder sowie in den Rest der Welt. Sind Sie ein Fahrstundenb\u00fcro, ein Vertreter eines \u00dcbersetzungsb\u00fcros, eine Anwaltskanzlei, eine Steuer- und Finanzberatungsfirma oder vertreten Sie eine gr\u00f6\u00dfere Gruppe &hellip;<\/p>\n<p class=\"read-more\"> <a class=\"\" href=\"https:\/\/impolsarl.com\/de\/werden-sie-unser-partner\/\"> <span class=\"screen-reader-text\">Werden Sie unser Partner<\/span> Read More \u00bb<\/a><\/p>\n","protected":false},"author":5,"featured_media":4728,"parent":0,"menu_order":45,"comment_status":"closed","ping_status":"closed","template":"","meta":{"_acf_changed":false,"site-sidebar-layout":"default","site-content-layout":"","ast-site-content-layout":"","site-content-style":"default","site-sidebar-style":"default","ast-global-header-display":"","ast-banner-title-visibility":"","ast-main-header-display":"","ast-hfb-above-header-display":"","ast-hfb-below-header-display":"","ast-hfb-mobile-header-display":"","site-post-title":"","ast-breadcrumbs-content":"","ast-featured-img":"disabled","footer-sml-layout":"","theme-transparent-header-meta":"","adv-header-id-meta":"","stick-header-meta":"","header-above-stick-meta":"","header-main-stick-meta":"","header-below-stick-meta":"","astra-migrate-meta-layouts":"default","ast-page-background-enabled":"default","ast-page-background-meta":{"desktop":{"background-color":"var(--ast-global-color-4)","background-image":"","background-repeat":"repeat","background-position":"center center","background-size":"auto","background-attachment":"scroll","background-type":"","background-media":"","overlay-type":"","overlay-color":"","overlay-gradient":""},"tablet":{"background-color":"","background-image":"","background-repeat":"repeat","background-position":"center center","background-size":"auto","background-attachment":"scroll","background-type":"","background-media":"","overlay-type":"","overlay-color":"","overlay-gradient":""},"mobile":{"background-color":"","background-image":"","background-repeat":"repeat","background-position":"center center","background-size":"auto","background-attachment":"scroll","background-type":"","background-media":"","overlay-type":"","overlay-color":"","overlay-gradient":""}},"ast-content-background-meta":{"desktop":{"background-color":"var(--ast-global-color-5)","background-image":"","background-repeat":"repeat","background-position":"center center","background-size":"auto","background-attachment":"scroll","background-type":"","background-media":"","overlay-type":"","overlay-color":"","overlay-gradient":""},"tablet":{"background-color":"var(--ast-global-color-5)","background-image":"","background-repeat":"repeat","background-position":"center center","background-size":"auto","background-attachment":"scroll","background-type":"","background-media":"","overlay-type":"","overlay-color":"","overlay-gradient":""},"mobile":{"background-color":"var(--ast-global-color-5)","background-image":"","background-repeat":"repeat","background-position":"center center","background-size":"auto","background-attachment":"scroll","background-type":"","background-media":"","overlay-type":"","overlay-color":"","overlay-gradient":""}},"footnotes":""},"folder":[94],"class_list":["post-5463","page","type-page","status-publish","has-post-thumbnail","hentry"],"acf":[],"yoast_head":"<!-- This site is optimized with the Yoast SEO Premium plugin v24.7 (Yoast SEO v24.7) - https:\/\/yoast.com\/wordpress\/plugins\/seo\/ -->\n<title>Werden Sie unser Partner - Impol - Reprezentant we Francji od ponad dekady! +48 502 50 70 74<\/title>\n<meta name=\"description\" content=\"Sind Sie ein Fahrstundenb\u00fcro und suchen einen vertrauensw\u00fcrdigen Partner dt. Loi Macron in Frankreich? Nehmen Sie Kontakt mit uns auf!\" \/>\n<meta name=\"robots\" content=\"index, follow, max-snippet:-1, max-image-preview:large, max-video-preview:-1\" \/>\n<link rel=\"canonical\" href=\"https:\/\/impolsarl.com\/de\/werden-sie-unser-partner\/\" \/>\n<meta property=\"og:locale\" content=\"de_DE\" \/>\n<meta property=\"og:type\" content=\"article\" \/>\n<meta property=\"og:title\" content=\"Werden Sie unser Partner\" \/>\n<meta property=\"og:description\" content=\"Sind Sie ein Fahrstundenb\u00fcro und suchen einen vertrauensw\u00fcrdigen Partner dt. Loi Macron in Frankreich? Nehmen Sie Kontakt mit uns auf!\" \/>\n<meta property=\"og:url\" content=\"https:\/\/impolsarl.com\/de\/werden-sie-unser-partner\/\" \/>\n<meta property=\"og:site_name\" content=\"Impol - Reprezentant we Francji od ponad dekady! +48 502 50 70 74\" \/>\n<meta property=\"article:publisher\" content=\"https:\/\/www.facebook.com\/przedstawicieltransportuwefrancji\/\" \/>\n<meta property=\"article:modified_time\" content=\"2025-04-22T16:50:50+00:00\" \/>\n<meta property=\"og:image\" content=\"https:\/\/impolsarl.com\/wp-content\/uploads\/2019\/07\/partnerstwo.png\" \/>\n\t<meta property=\"og:image:width\" content=\"225\" \/>\n\t<meta property=\"og:image:height\" content=\"225\" \/>\n\t<meta property=\"og:image:type\" content=\"image\/png\" \/>\n<meta name=\"twitter:card\" content=\"summary_large_image\" \/>\n<meta name=\"twitter:label1\" content=\"Gesch\u00e4tzte Lesezeit\" \/>\n\t<meta name=\"twitter:data1\" content=\"1\u00a0Minute\" \/>\n<script type=\"application\/ld+json\" class=\"yoast-schema-graph\">{\"@context\":\"https:\/\/schema.org\",\"@graph\":[{\"@type\":\"WebPage\",\"@id\":\"https:\/\/impolsarl.com\/de\/werden-sie-unser-partner\/\",\"url\":\"https:\/\/impolsarl.com\/de\/werden-sie-unser-partner\/\",\"name\":\"Werden Sie unser Partner - Impol - Reprezentant we Francji od ponad dekady! +48 502 50 70 74\",\"isPartOf\":{\"@id\":\"https:\/\/impolsarl.com\/#website\"},\"primaryImageOfPage\":{\"@id\":\"https:\/\/impolsarl.com\/de\/werden-sie-unser-partner\/#primaryimage\"},\"image\":{\"@id\":\"https:\/\/impolsarl.com\/de\/werden-sie-unser-partner\/#primaryimage\"},\"thumbnailUrl\":\"https:\/\/impolsarl.com\/wp-content\/uploads\/2019\/07\/partnerstwo.png\",\"datePublished\":\"2019-07-16T20:57:55+00:00\",\"dateModified\":\"2025-04-22T16:50:50+00:00\",\"description\":\"Sind Sie ein Fahrstundenb\u00fcro und suchen einen vertrauensw\u00fcrdigen Partner dt. Loi Macron in Frankreich? Nehmen Sie Kontakt mit uns auf!\",\"breadcrumb\":{\"@id\":\"https:\/\/impolsarl.com\/de\/werden-sie-unser-partner\/#breadcrumb\"},\"inLanguage\":\"de\",\"potentialAction\":[{\"@type\":\"ReadAction\",\"target\":[\"https:\/\/impolsarl.com\/de\/werden-sie-unser-partner\/\"]}]},{\"@type\":\"ImageObject\",\"inLanguage\":\"de\",\"@id\":\"https:\/\/impolsarl.com\/de\/werden-sie-unser-partner\/#primaryimage\",\"url\":\"https:\/\/impolsarl.com\/wp-content\/uploads\/2019\/07\/partnerstwo.png\",\"contentUrl\":\"https:\/\/impolsarl.com\/wp-content\/uploads\/2019\/07\/partnerstwo.png\",\"width\":225,\"height\":225},{\"@type\":\"BreadcrumbList\",\"@id\":\"https:\/\/impolsarl.com\/de\/werden-sie-unser-partner\/#breadcrumb\",\"itemListElement\":[{\"@type\":\"ListItem\",\"position\":1,\"name\":\"Strona g\u0142\u00f3wna\",\"item\":\"https:\/\/impolsarl.com\/de\/homepage\/\"},{\"@type\":\"ListItem\",\"position\":2,\"name\":\"Werden Sie unser Partner\"}]},{\"@type\":\"WebSite\",\"@id\":\"https:\/\/impolsarl.com\/#website\",\"url\":\"https:\/\/impolsarl.com\/\",\"name\":\"Impol - Reprezentant we Francji od ponad dekady! +48 502 50 70 74\",\"description\":\"Impol SARL - Przedstawiciel transportu w Europie\",\"publisher\":{\"@id\":\"https:\/\/impolsarl.com\/#organization\"},\"potentialAction\":[{\"@type\":\"SearchAction\",\"target\":{\"@type\":\"EntryPoint\",\"urlTemplate\":\"https:\/\/impolsarl.com\/?s={search_term_string}\"},\"query-input\":{\"@type\":\"PropertyValueSpecification\",\"valueRequired\":true,\"valueName\":\"search_term_string\"}}],\"inLanguage\":\"de\"},{\"@type\":\"Organization\",\"@id\":\"https:\/\/impolsarl.com\/#organization\",\"name\":\"Impol - Przedstawiciel Transportu i Pracownikow Delegowanych Do Francji\",\"url\":\"https:\/\/impolsarl.com\/\",\"logo\":{\"@type\":\"ImageObject\",\"inLanguage\":\"de\",\"@id\":\"https:\/\/impolsarl.com\/#\/schema\/logo\/image\/\",\"url\":\"https:\/\/impolsarl.com\/wp-content\/uploads\/2018\/08\/logo-1.png\",\"contentUrl\":\"https:\/\/impolsarl.com\/wp-content\/uploads\/2018\/08\/logo-1.png\",\"width\":133,\"height\":126,\"caption\":\"Impol - Przedstawiciel Transportu i Pracownikow Delegowanych Do Francji\"},\"image\":{\"@id\":\"https:\/\/impolsarl.com\/#\/schema\/logo\/image\/\"},\"sameAs\":[\"https:\/\/www.facebook.com\/przedstawicieltransportuwefrancji\/\",\"https:\/\/www.youtube.com\/watch?v=2zjQ9NJBf04\"]}]}<\/script>\n<!-- \/ Yoast SEO Premium plugin. -->","yoast_head_json":{"title":"Werden Sie unser Partner - Impol - Reprezentant we Francji od ponad dekady! +48 502 50 70 74","description":"Sind Sie ein Fahrstundenb\u00fcro und suchen einen vertrauensw\u00fcrdigen Partner dt. Loi Macron in Frankreich? Nehmen Sie Kontakt mit uns auf!","robots":{"index":"index","follow":"follow","max-snippet":"max-snippet:-1","max-image-preview":"max-image-preview:large","max-video-preview":"max-video-preview:-1"},"canonical":"https:\/\/impolsarl.com\/de\/werden-sie-unser-partner\/","og_locale":"de_DE","og_type":"article","og_title":"Werden Sie unser Partner","og_description":"Sind Sie ein Fahrstundenb\u00fcro und suchen einen vertrauensw\u00fcrdigen Partner dt. Loi Macron in Frankreich? Nehmen Sie Kontakt mit uns auf!","og_url":"https:\/\/impolsarl.com\/de\/werden-sie-unser-partner\/","og_site_name":"Impol - Reprezentant we Francji od ponad dekady! +48 502 50 70 74","article_publisher":"https:\/\/www.facebook.com\/przedstawicieltransportuwefrancji\/","article_modified_time":"2025-04-22T16:50:50+00:00","og_image":[{"width":225,"height":225,"url":"https:\/\/impolsarl.com\/wp-content\/uploads\/2019\/07\/partnerstwo.png","type":"image\/png"}],"twitter_card":"summary_large_image","twitter_misc":{"Gesch\u00e4tzte Lesezeit":"1\u00a0Minute"},"schema":{"@context":"https:\/\/schema.org","@graph":[{"@type":"WebPage","@id":"https:\/\/impolsarl.com\/de\/werden-sie-unser-partner\/","url":"https:\/\/impolsarl.com\/de\/werden-sie-unser-partner\/","name":"Werden Sie unser Partner - Impol - Reprezentant we Francji od ponad dekady! +48 502 50 70 74","isPartOf":{"@id":"https:\/\/impolsarl.com\/#website"},"primaryImageOfPage":{"@id":"https:\/\/impolsarl.com\/de\/werden-sie-unser-partner\/#primaryimage"},"image":{"@id":"https:\/\/impolsarl.com\/de\/werden-sie-unser-partner\/#primaryimage"},"thumbnailUrl":"https:\/\/impolsarl.com\/wp-content\/uploads\/2019\/07\/partnerstwo.png","datePublished":"2019-07-16T20:57:55+00:00","dateModified":"2025-04-22T16:50:50+00:00","description":"Sind Sie ein Fahrstundenb\u00fcro und suchen einen vertrauensw\u00fcrdigen Partner dt. Loi Macron in Frankreich? Nehmen Sie Kontakt mit uns auf!","breadcrumb":{"@id":"https:\/\/impolsarl.com\/de\/werden-sie-unser-partner\/#breadcrumb"},"inLanguage":"de","potentialAction":[{"@type":"ReadAction","target":["https:\/\/impolsarl.com\/de\/werden-sie-unser-partner\/"]}]},{"@type":"ImageObject","inLanguage":"de","@id":"https:\/\/impolsarl.com\/de\/werden-sie-unser-partner\/#primaryimage","url":"https:\/\/impolsarl.com\/wp-content\/uploads\/2019\/07\/partnerstwo.png","contentUrl":"https:\/\/impolsarl.com\/wp-content\/uploads\/2019\/07\/partnerstwo.png","width":225,"height":225},{"@type":"BreadcrumbList","@id":"https:\/\/impolsarl.com\/de\/werden-sie-unser-partner\/#breadcrumb","itemListElement":[{"@type":"ListItem","position":1,"name":"Strona g\u0142\u00f3wna","item":"https:\/\/impolsarl.com\/de\/homepage\/"},{"@type":"ListItem","position":2,"name":"Werden Sie unser Partner"}]},{"@type":"WebSite","@id":"https:\/\/impolsarl.com\/#website","url":"https:\/\/impolsarl.com\/","name":"Impol - Reprezentant we Francji od ponad dekady! +48 502 50 70 74","description":"Impol SARL - Przedstawiciel transportu w Europie","publisher":{"@id":"https:\/\/impolsarl.com\/#organization"},"potentialAction":[{"@type":"SearchAction","target":{"@type":"EntryPoint","urlTemplate":"https:\/\/impolsarl.com\/?s={search_term_string}"},"query-input":{"@type":"PropertyValueSpecification","valueRequired":true,"valueName":"search_term_string"}}],"inLanguage":"de"},{"@type":"Organization","@id":"https:\/\/impolsarl.com\/#organization","name":"Impol - Przedstawiciel Transportu i Pracownikow Delegowanych Do Francji","url":"https:\/\/impolsarl.com\/","logo":{"@type":"ImageObject","inLanguage":"de","@id":"https:\/\/impolsarl.com\/#\/schema\/logo\/image\/","url":"https:\/\/impolsarl.com\/wp-content\/uploads\/2018\/08\/logo-1.png","contentUrl":"https:\/\/impolsarl.com\/wp-content\/uploads\/2018\/08\/logo-1.png","width":133,"height":126,"caption":"Impol - Przedstawiciel Transportu i Pracownikow Delegowanych Do Francji"},"image":{"@id":"https:\/\/impolsarl.com\/#\/schema\/logo\/image\/"},"sameAs":["https:\/\/www.facebook.com\/przedstawicieltransportuwefrancji\/","https:\/\/www.youtube.com\/watch?v=2zjQ9NJBf04"]}]}},"_links":{"self":[{"href":"https:\/\/impolsarl.com\/de\/wp-json\/wp\/v2\/pages\/5463","targetHints":{"allow":["GET"]}}],"collection":[{"href":"https:\/\/impolsarl.com\/de\/wp-json\/wp\/v2\/pages"}],"about":[{"href":"https:\/\/impolsarl.com\/de\/wp-json\/wp\/v2\/types\/page"}],"author":[{"embeddable":true,"href":"https:\/\/impolsarl.com\/de\/wp-json\/wp\/v2\/users\/5"}],"replies":[{"embeddable":true,"href":"https:\/\/impolsarl.com\/de\/wp-json\/wp\/v2\/comments?post=5463"}],"version-history":[{"count":1,"href":"https:\/\/impolsarl.com\/de\/wp-json\/wp\/v2\/pages\/5463\/revisions"}],"predecessor-version":[{"id":5464,"href":"https:\/\/impolsarl.com\/de\/wp-json\/wp\/v2\/pages\/5463\/revisions\/5464"}],"wp:featuredmedia":[{"embeddable":true,"href":"https:\/\/impolsarl.com\/de\/wp-json\/wp\/v2\/media\/4728"}],"wp:attachment":[{"href":"https:\/\/impolsarl.com\/de\/wp-json\/wp\/v2\/media?parent=5463"}],"wp:term":[{"taxonomy":"folder","embeddable":true,"href":"https:\/\/impolsarl.com\/de\/wp-json\/wp\/v2\/folder?post=5463"}],"curies":[{"name":"wp","href":"https:\/\/api.w.org\/{rel}","templated":true}]}}