{"id":5457,"date":"2018-08-24T14:51:28","date_gmt":"2018-08-24T12:51:28","guid":{"rendered":"https:\/\/impolsarl.com\/loi-macron-und-vertretung-in-frankreich-verkehr\/"},"modified":"2025-04-22T18:36:36","modified_gmt":"2025-04-22T16:36:36","slug":"loi-macron-und-vertretung-in-frankreich-verkehr","status":"publish","type":"page","link":"https:\/\/impolsarl.com\/de\/loi-macron-und-vertretung-in-frankreich-verkehr\/","title":{"rendered":"Loi Macron und Vertretung in Frankreich &#8211; Verkehr"},"content":{"rendered":"<p class=\"font_9\">IMPOL, als Ihr Vertreter der entsandten Arbeitnehmer in Frankreich, einschlie\u00dflich des Vertreters der Transportunternehmen, wird Ihnen helfen, alle notwendigen Dokumente klar, schnell und effizient zu verstehen und vorzubereiten. Wir informieren Sie auch \u00fcber alle anwendbaren Rechtsvorschriften wie die Loi Macron, das \u00c4quivalent zum MILoG in Frankreich. Nachstehend finden Sie offizielle Informationen \u00fcber die Zusammenarbeit mit einem Vertreter und die sich daraus ergebenden Verantwortlichkeiten der Parteien bei der Entsendung von Mitarbeitern nach Frankreich. Manchmal k\u00f6nnen, analog zum MILoG, die Verpflichtungen nach dem franz\u00f6sischen Loi Macron und andere rechtliche Fragen unklar erscheinen. In solchen F\u00e4llen laden wir Sie ein, sich mit uns in Verbindung zu setzen, und wir werden unser Bestes tun, um Ihre Fragen zu beantworten und die mit der Vertretung Ihres Unternehmens in Frankreich durch Impol verbundenen Probleme zu erl\u00e4utern.     <\/p>\n\n<div class=\"seo\"><h2>Entsendung von Arbeitnehmern nach Frankreich &#8211; Erforderliche Dokumente<\/h2><\/div>\n\n<div class=\"schema-faq wp-block-yoast-faq-block\"><div class=\"schema-faq-section\" id=\"faq-question-1562018279754\"><strong class=\"schema-faq-question\">Welche Dokumente muss ein nach Frankreich entsandter Arbeitnehmer laut Loi Macron haben? <br\/><\/strong> <p class=\"schema-faq-answer\">F\u00fcr den Transport: gedruckte SIPSI-Schwerlasterkl\u00e4rungen, Kopien der Erkl\u00e4rungen in Frankreich, Anhang zum Vertrag und Formular A1.<br\/>F\u00fcr andere Branchen: alle oben genannten Dokumente sowie BTP-Bl\u00e4tter.<\/p> <\/div> <div class=\"schema-faq-section\" id=\"faq-question-1562017972025\"><strong class=\"schema-faq-question\">Welche zus\u00e4tzlichen Dokumente kann der Inspektionsdienst vom Arbeitgeber\/Vertreter verlangen, wenn er Arbeitnehmer nach Frankreich entsendet?<\/strong> <p class=\"schema-faq-answer\"><br\/>Eine spezifische Liste von Dokumenten gem\u00e4\u00df der Loi Macron nach franz\u00f6sischem Recht, die in franz\u00f6sischer Sprache abgefasst sein und die Betr\u00e4ge in Euro angeben m\u00fcssen (vgl. Artikel R. 1263-1 des franz\u00f6sischen Arbeitsgesetzes), und zwar <br\/> &#8211; ein Dokument, das die Ordnungsm\u00e4\u00dfigkeit der Situation des Arbeitgebers in Bezug auf die Sozialleistungen best\u00e4tigt (Dokument A1),<br\/>&#8211; eine Arbeitserlaubnis f\u00fcr Arbeitnehmer aus Drittl\u00e4ndern, <br\/>&#8211; ein Dokument, das die im Herkunftsland durchgef\u00fchrte \u00e4rztliche Untersuchung best\u00e4tigt, die der Untersuchung entspricht, die in Frankreich f\u00fcr Arbeitgeber vorgesehen ist, die in einem der L\u00e4nder der EU, des EWR und der Schweizerischen Eidgenossenschaft t\u00e4tig sind, <br\/>&#8211; die Lohnabrechnung jedes entsandten Arbeitnehmers oder ein anderes gleichwertiges Dokument (wenn der Entsendungszeitraum einen Monat oder l\u00e4nger betr\u00e4gt) oder ein anderes Dokument, das die Einhaltung der Mindestlohnvorschriften belegt, <br\/> &#8211; im Falle der Aufteilung der entsandten Arbeitnehmer auf mehrere Unternehmen sollten zwei Dokumente im Fahrzeug vorhanden sein: einen Nachtrag zum Arbeitsvertrag des Arbeitnehmers und eine Kopie des Vertrags \u00fcber die \u00dcbergabe des betreffenden Arbeitnehmers. Dies wird durch das franz\u00f6sische Arbeitsgesetzbuch geregelt. Au\u00dferdem gibt es strenge Auflagen, was in den oben genannten, an Frankreich delegierten Dokumenten enthalten sein muss. Der Anhang sollte die Stelle, die Aufgaben des Arbeitnehmers sowie die Arbeitszeiten und den Arbeitsort beschreiben. Der Vertrag zwischen den Unternehmen muss dagegen den Entsendungszeitraum festlegen und Informationen \u00fcber die Qualifikationen, die Identit\u00e4t, die Entlohnung und die Beitr\u00e4ge der Arbeitnehmer enthalten.     <br\/><br\/> Wenn ein Vertreter eines Transportunternehmens in Frankreich nicht in der Lage ist, die genannten Dokumente vorzulegen, riskiert das Unternehmen Geld- und sogar Haftstrafen, da dies unter anderem als Behinderung der T\u00e4tigkeit eines Arbeitsinspektors angesehen wird.  <\/p> <\/div> <div class=\"schema-faq-section\" id=\"faq-question-1562017727057\"><strong class=\"schema-faq-question\">Welche Unterlagen sollte der Vertreter des Unternehmens im Falle einer Kontrolle der von seinen Kunden nach Frankreich entsandten Arbeitnehmer mit sich f\u00fchren?<br\/><\/strong> <p class=\"schema-faq-answer\"> &#8211; Kopie der Ernennungsurkunde des Vertreters in Frankreich,<br\/>&#8211; Kopie der Entsendebescheinigung,<br\/>&#8211; Monatliche Lohnabrechnung f\u00fcr jeden Arbeitnehmer,<br\/>&#8211; Nachweis der Zahlung des Mindestlohns an den entsandten Arbeitnehmer,<\/p> <\/div> <div class=\"schema-faq-section\" id=\"faq-question-1562018475813\">\n<div class=\"seo\"><h2>Vertretung in Frankreich &#8211; welche Strafen drohen bei Nichteinhaltung des &#8222;Macron-Gesetzes&#8220;?<\/h2><\/div>\n <p class=\"schema-faq-answer\"><strong>&#8211; Fehlen eines Vertreters und jeglicher Unterlagen:<br\/><\/strong>Die H\u00f6he der verh\u00e4ngten Geldbu\u00dfe darf <strong>4.000 \u20ac pro entsandtem Arbeitnehmer <\/strong> und <strong>8.000 \u20ac bei Wiederholung des Versto\u00dfes innerhalb von zwei Jahren <\/strong> nach Zustellung des ersten Bu\u00dfgeldbescheids nicht \u00fcbersteigen. Es besteht daher die Gefahr, dass die <strong>verh\u00e4ngten Sanktionen kumuliert <\/strong>werden. Der H\u00f6chstbetrag der kumulierten Geldbu\u00dfe darf   <strong>500.000 \u20ac nicht \u00fcberschreiten. <\/strong>.<br\/><strong>&#8211; Fehlen der erforderlichen SIPSI-Bescheinigung im Lkw:<br\/><\/strong>750\u20ac<br\/><strong>&#8211; Falsch ausgef\u00fcllte Bescheinigung:<br\/><\/strong>125\u20ac<br\/>Wichtig &#8211; bei der \u00dcberpr\u00fcfung der Dokumente ist die h\u00e4ufigste Strafe die \u00dcberschreitung der zul\u00e4ssigen Anzahl von Kabotagefahrten, und hier liegt die Strafe bei 2250\u20ac.<br\/><br\/><br\/><br\/>Geldbu\u00dfen k\u00f6nnen nur vor einem Verwaltungsgericht angefochten werden. Die Verj\u00e4hrungsfrist f\u00fcr ein Verwaltungsverfahren bez\u00fcglich der verh\u00e4ngten Geldbu\u00dfe betr\u00e4gt jedoch zwei Jahre, gerechnet ab dem Zeitpunkt, an dem der Versto\u00df begangen wurde. <\/p> <\/div> <div class=\"schema-faq-section\" id=\"faq-question-1562018852719\">\n<div class=\"seo\"><h2>Was sind die h\u00e4ufigsten Gr\u00fcnde f\u00fcr Fehler, die zu Sanktionen f\u00fchren?<\/h2><\/div>\n<p class=\"schema-faq-answer\"> Aus eigener Erfahrung wissen wir, dass in den Entsendungsdateien, die von den Arbeitgebern in das SIPSI-System eingegeben werden, folgende Angaben fehlerhaft sind:<br\/>&#8211; die H\u00f6he des Mindeststundensatzes f\u00fcr die Arbeit,<br\/>&#8211; die S\u00e4tze f\u00fcr Tagegelder und Pauschalbetr\u00e4ge, die f\u00fcr \u00dcbernachtungen gezahlt werden,<br\/>&#8211; die Qualifikationen des Fahrers,<br\/>&#8211; ein Fehler im Datum des Vertrags, die Angaben zum Arbeitgeber usw.<br\/><br\/>Eine ordnungsgem\u00e4\u00dfe Vertretung in Frankreich ist zweifelsohne einer der wichtigsten Aspekte f\u00fcr Unternehmen, die Arbeitnehmer in dieses Land entsenden. Das Spezialistenteam von Impol l\u00e4dt Sie ein, mit uns zusammenzuarbeiten! Unser Ziel ist es, unseren Kunden eine umfassende und wirksame Vertretung zu bieten, um ihnen zum gesch\u00e4ftlichen Erfolg zu verhelfen.  <\/p> <\/div> <\/div>","protected":false},"excerpt":{"rendered":"<p>IMPOL, als Ihr Vertreter der entsandten Arbeitnehmer in Frankreich, einschlie\u00dflich des Vertreters der Transportunternehmen, wird Ihnen helfen, alle notwendigen Dokumente klar, schnell und effizient zu verstehen und vorzubereiten. Wir informieren Sie auch \u00fcber alle anwendbaren Rechtsvorschriften wie die Loi Macron, das \u00c4quivalent zum MILoG in Frankreich. Nachstehend finden Sie offizielle Informationen \u00fcber die Zusammenarbeit mit &hellip;<\/p>\n<p class=\"read-more\"> <a class=\"\" href=\"https:\/\/impolsarl.com\/de\/loi-macron-und-vertretung-in-frankreich-verkehr\/\"> <span class=\"screen-reader-text\">Loi Macron und Vertretung in Frankreich &#8211; Verkehr<\/span> Read More \u00bb<\/a><\/p>\n","protected":false},"author":5,"featured_media":4986,"parent":0,"menu_order":41,"comment_status":"closed","ping_status":"closed","template":"","meta":{"_acf_changed":false,"site-sidebar-layout":"default","site-content-layout":"","ast-site-content-layout":"","site-content-style":"default","site-sidebar-style":"default","ast-global-header-display":"","ast-banner-title-visibility":"","ast-main-header-display":"","ast-hfb-above-header-display":"","ast-hfb-below-header-display":"","ast-hfb-mobile-header-display":"","site-post-title":"","ast-breadcrumbs-content":"","ast-featured-img":"","footer-sml-layout":"","theme-transparent-header-meta":"","adv-header-id-meta":"","stick-header-meta":"","header-above-stick-meta":"","header-main-stick-meta":"","header-below-stick-meta":"","astra-migrate-meta-layouts":"default","ast-page-background-enabled":"default","ast-page-background-meta":{"desktop":{"background-color":"var(--ast-global-color-4)","background-image":"","background-repeat":"repeat","background-position":"center center","background-size":"auto","background-attachment":"scroll","background-type":"","background-media":"","overlay-type":"","overlay-color":"","overlay-gradient":""},"tablet":{"background-color":"","background-image":"","background-repeat":"repeat","background-position":"center center","background-size":"auto","background-attachment":"scroll","background-type":"","background-media":"","overlay-type":"","overlay-color":"","overlay-gradient":""},"mobile":{"background-color":"","background-image":"","background-repeat":"repeat","background-position":"center center","background-size":"auto","background-attachment":"scroll","background-type":"","background-media":"","overlay-type":"","overlay-color":"","overlay-gradient":""}},"ast-content-background-meta":{"desktop":{"background-color":"var(--ast-global-color-5)","background-image":"","background-repeat":"repeat","background-position":"center center","background-size":"auto","background-attachment":"scroll","background-type":"","background-media":"","overlay-type":"","overlay-color":"","overlay-gradient":""},"tablet":{"background-color":"var(--ast-global-color-5)","background-image":"","background-repeat":"repeat","background-position":"center center","background-size":"auto","background-attachment":"scroll","background-type":"","background-media":"","overlay-type":"","overlay-color":"","overlay-gradient":""},"mobile":{"background-color":"var(--ast-global-color-5)","background-image":"","background-repeat":"repeat","background-position":"center center","background-size":"auto","background-attachment":"scroll","background-type":"","background-media":"","overlay-type":"","overlay-color":"","overlay-gradient":""}},"footnotes":""},"folder":[94],"class_list":["post-5457","page","type-page","status-publish","has-post-thumbnail","hentry"],"acf":[],"yoast_head":"<!-- This site is optimized with the Yoast SEO Premium plugin v24.7 (Yoast SEO v24.7) - https:\/\/yoast.com\/wordpress\/plugins\/seo\/ -->\n<title>Repr\u00e4sentanz eines Unternehmens in Frankreich | Entsendung von Mitarbeitern nach Frankreich | IMPOL<\/title>\n<meta name=\"description\" content=\"Ben\u00f6tigen Sie Informationen zum Loi Macron, dem \u00c4quivalent zum MILoG? Kontaktieren Sie Impol! Wir wissen alles \u00fcber die Entsendung von Arbeitnehmern nach Frankreich!\" \/>\n<meta name=\"robots\" content=\"index, follow, max-snippet:-1, max-image-preview:large, max-video-preview:-1\" \/>\n<link rel=\"canonical\" href=\"https:\/\/impolsarl.com\/de\/loi-macron-und-vertretung-in-frankreich-verkehr\/\" \/>\n<meta property=\"og:locale\" content=\"de_DE\" \/>\n<meta property=\"og:type\" content=\"article\" \/>\n<meta property=\"og:title\" content=\"Loi Macron und Vertretung in Frankreich - Verkehr\" \/>\n<meta property=\"og:description\" content=\"Ben\u00f6tigen Sie Informationen zum Loi Macron, dem \u00c4quivalent zum MILoG? Kontaktieren Sie Impol! Wir wissen alles \u00fcber die Entsendung von Arbeitnehmern nach Frankreich!\" \/>\n<meta property=\"og:url\" content=\"https:\/\/impolsarl.com\/de\/loi-macron-und-vertretung-in-frankreich-verkehr\/\" \/>\n<meta property=\"og:site_name\" content=\"Impol - Reprezentant we Francji od ponad dekady! +48 502 50 70 74\" \/>\n<meta property=\"article:publisher\" content=\"https:\/\/www.facebook.com\/przedstawicieltransportuwefrancji\/\" \/>\n<meta property=\"article:modified_time\" content=\"2025-04-22T16:36:36+00:00\" \/>\n<meta property=\"og:image\" content=\"https:\/\/impolsarl.com\/wp-content\/uploads\/2021\/02\/download.png\" \/>\n\t<meta property=\"og:image:width\" content=\"189\" \/>\n\t<meta property=\"og:image:height\" content=\"267\" \/>\n\t<meta property=\"og:image:type\" content=\"image\/png\" \/>\n<meta name=\"twitter:card\" content=\"summary_large_image\" \/>\n<meta name=\"twitter:label1\" content=\"Gesch\u00e4tzte Lesezeit\" \/>\n\t<meta name=\"twitter:data1\" content=\"4\u00a0Minuten\" \/>\n<script type=\"application\/ld+json\" class=\"yoast-schema-graph\">{\"@context\":\"https:\/\/schema.org\",\"@graph\":[{\"@type\":\"WebPage\",\"@id\":\"https:\/\/impolsarl.com\/de\/loi-macron-und-vertretung-in-frankreich-verkehr\/\",\"url\":\"https:\/\/impolsarl.com\/de\/loi-macron-und-vertretung-in-frankreich-verkehr\/\",\"name\":\"Repr\u00e4sentanz eines Unternehmens in Frankreich | Entsendung von Mitarbeitern nach Frankreich | IMPOL\",\"isPartOf\":{\"@id\":\"https:\/\/impolsarl.com\/#website\"},\"primaryImageOfPage\":{\"@id\":\"https:\/\/impolsarl.com\/de\/loi-macron-und-vertretung-in-frankreich-verkehr\/#primaryimage\"},\"image\":{\"@id\":\"https:\/\/impolsarl.com\/de\/loi-macron-und-vertretung-in-frankreich-verkehr\/#primaryimage\"},\"thumbnailUrl\":\"https:\/\/impolsarl.com\/wp-content\/uploads\/2021\/02\/download.png\",\"datePublished\":\"2018-08-24T12:51:28+00:00\",\"dateModified\":\"2025-04-22T16:36:36+00:00\",\"description\":\"Ben\u00f6tigen Sie Informationen zum Loi Macron, dem \u00c4quivalent zum MILoG? Kontaktieren Sie Impol! Wir wissen alles \u00fcber die Entsendung von Arbeitnehmern nach Frankreich!\",\"breadcrumb\":{\"@id\":\"https:\/\/impolsarl.com\/de\/loi-macron-und-vertretung-in-frankreich-verkehr\/#breadcrumb\"},\"inLanguage\":\"de\",\"potentialAction\":[{\"@type\":\"ReadAction\",\"target\":[\"https:\/\/impolsarl.com\/de\/loi-macron-und-vertretung-in-frankreich-verkehr\/\"]}]},{\"@type\":\"ImageObject\",\"inLanguage\":\"de\",\"@id\":\"https:\/\/impolsarl.com\/de\/loi-macron-und-vertretung-in-frankreich-verkehr\/#primaryimage\",\"url\":\"https:\/\/impolsarl.com\/wp-content\/uploads\/2021\/02\/download.png\",\"contentUrl\":\"https:\/\/impolsarl.com\/wp-content\/uploads\/2021\/02\/download.png\",\"width\":189,\"height\":267},{\"@type\":\"BreadcrumbList\",\"@id\":\"https:\/\/impolsarl.com\/de\/loi-macron-und-vertretung-in-frankreich-verkehr\/#breadcrumb\",\"itemListElement\":[{\"@type\":\"ListItem\",\"position\":1,\"name\":\"Strona g\u0142\u00f3wna\",\"item\":\"https:\/\/impolsarl.com\/de\/homepage\/\"},{\"@type\":\"ListItem\",\"position\":2,\"name\":\"Loi Macron und Vertretung in Frankreich &#8211; Verkehr\"}]},{\"@type\":\"WebSite\",\"@id\":\"https:\/\/impolsarl.com\/#website\",\"url\":\"https:\/\/impolsarl.com\/\",\"name\":\"Impol - Reprezentant we Francji od ponad dekady! +48 502 50 70 74\",\"description\":\"Impol SARL - Przedstawiciel transportu w Europie\",\"publisher\":{\"@id\":\"https:\/\/impolsarl.com\/#organization\"},\"potentialAction\":[{\"@type\":\"SearchAction\",\"target\":{\"@type\":\"EntryPoint\",\"urlTemplate\":\"https:\/\/impolsarl.com\/?s={search_term_string}\"},\"query-input\":{\"@type\":\"PropertyValueSpecification\",\"valueRequired\":true,\"valueName\":\"search_term_string\"}}],\"inLanguage\":\"de\"},{\"@type\":\"Organization\",\"@id\":\"https:\/\/impolsarl.com\/#organization\",\"name\":\"Impol - Przedstawiciel Transportu i Pracownikow Delegowanych Do Francji\",\"url\":\"https:\/\/impolsarl.com\/\",\"logo\":{\"@type\":\"ImageObject\",\"inLanguage\":\"de\",\"@id\":\"https:\/\/impolsarl.com\/#\/schema\/logo\/image\/\",\"url\":\"https:\/\/impolsarl.com\/wp-content\/uploads\/2018\/08\/logo-1.png\",\"contentUrl\":\"https:\/\/impolsarl.com\/wp-content\/uploads\/2018\/08\/logo-1.png\",\"width\":133,\"height\":126,\"caption\":\"Impol - Przedstawiciel Transportu i Pracownikow Delegowanych Do Francji\"},\"image\":{\"@id\":\"https:\/\/impolsarl.com\/#\/schema\/logo\/image\/\"},\"sameAs\":[\"https:\/\/www.facebook.com\/przedstawicieltransportuwefrancji\/\",\"https:\/\/www.youtube.com\/watch?v=2zjQ9NJBf04\"]}]}<\/script>\n<!-- \/ Yoast SEO Premium plugin. -->","yoast_head_json":{"title":"Repr\u00e4sentanz eines Unternehmens in Frankreich | Entsendung von Mitarbeitern nach Frankreich | IMPOL","description":"Ben\u00f6tigen Sie Informationen zum Loi Macron, dem \u00c4quivalent zum MILoG? Kontaktieren Sie Impol! Wir wissen alles \u00fcber die Entsendung von Arbeitnehmern nach Frankreich!","robots":{"index":"index","follow":"follow","max-snippet":"max-snippet:-1","max-image-preview":"max-image-preview:large","max-video-preview":"max-video-preview:-1"},"canonical":"https:\/\/impolsarl.com\/de\/loi-macron-und-vertretung-in-frankreich-verkehr\/","og_locale":"de_DE","og_type":"article","og_title":"Loi Macron und Vertretung in Frankreich - Verkehr","og_description":"Ben\u00f6tigen Sie Informationen zum Loi Macron, dem \u00c4quivalent zum MILoG? Kontaktieren Sie Impol! Wir wissen alles \u00fcber die Entsendung von Arbeitnehmern nach Frankreich!","og_url":"https:\/\/impolsarl.com\/de\/loi-macron-und-vertretung-in-frankreich-verkehr\/","og_site_name":"Impol - Reprezentant we Francji od ponad dekady! +48 502 50 70 74","article_publisher":"https:\/\/www.facebook.com\/przedstawicieltransportuwefrancji\/","article_modified_time":"2025-04-22T16:36:36+00:00","og_image":[{"width":189,"height":267,"url":"https:\/\/impolsarl.com\/wp-content\/uploads\/2021\/02\/download.png","type":"image\/png"}],"twitter_card":"summary_large_image","twitter_misc":{"Gesch\u00e4tzte Lesezeit":"4\u00a0Minuten"},"schema":{"@context":"https:\/\/schema.org","@graph":[{"@type":"WebPage","@id":"https:\/\/impolsarl.com\/de\/loi-macron-und-vertretung-in-frankreich-verkehr\/","url":"https:\/\/impolsarl.com\/de\/loi-macron-und-vertretung-in-frankreich-verkehr\/","name":"Repr\u00e4sentanz eines Unternehmens in Frankreich | Entsendung von Mitarbeitern nach Frankreich | IMPOL","isPartOf":{"@id":"https:\/\/impolsarl.com\/#website"},"primaryImageOfPage":{"@id":"https:\/\/impolsarl.com\/de\/loi-macron-und-vertretung-in-frankreich-verkehr\/#primaryimage"},"image":{"@id":"https:\/\/impolsarl.com\/de\/loi-macron-und-vertretung-in-frankreich-verkehr\/#primaryimage"},"thumbnailUrl":"https:\/\/impolsarl.com\/wp-content\/uploads\/2021\/02\/download.png","datePublished":"2018-08-24T12:51:28+00:00","dateModified":"2025-04-22T16:36:36+00:00","description":"Ben\u00f6tigen Sie Informationen zum Loi Macron, dem \u00c4quivalent zum MILoG? Kontaktieren Sie Impol! Wir wissen alles \u00fcber die Entsendung von Arbeitnehmern nach Frankreich!","breadcrumb":{"@id":"https:\/\/impolsarl.com\/de\/loi-macron-und-vertretung-in-frankreich-verkehr\/#breadcrumb"},"inLanguage":"de","potentialAction":[{"@type":"ReadAction","target":["https:\/\/impolsarl.com\/de\/loi-macron-und-vertretung-in-frankreich-verkehr\/"]}]},{"@type":"ImageObject","inLanguage":"de","@id":"https:\/\/impolsarl.com\/de\/loi-macron-und-vertretung-in-frankreich-verkehr\/#primaryimage","url":"https:\/\/impolsarl.com\/wp-content\/uploads\/2021\/02\/download.png","contentUrl":"https:\/\/impolsarl.com\/wp-content\/uploads\/2021\/02\/download.png","width":189,"height":267},{"@type":"BreadcrumbList","@id":"https:\/\/impolsarl.com\/de\/loi-macron-und-vertretung-in-frankreich-verkehr\/#breadcrumb","itemListElement":[{"@type":"ListItem","position":1,"name":"Strona g\u0142\u00f3wna","item":"https:\/\/impolsarl.com\/de\/homepage\/"},{"@type":"ListItem","position":2,"name":"Loi Macron und Vertretung in Frankreich &#8211; Verkehr"}]},{"@type":"WebSite","@id":"https:\/\/impolsarl.com\/#website","url":"https:\/\/impolsarl.com\/","name":"Impol - Reprezentant we Francji od ponad dekady! +48 502 50 70 74","description":"Impol SARL - Przedstawiciel transportu w Europie","publisher":{"@id":"https:\/\/impolsarl.com\/#organization"},"potentialAction":[{"@type":"SearchAction","target":{"@type":"EntryPoint","urlTemplate":"https:\/\/impolsarl.com\/?s={search_term_string}"},"query-input":{"@type":"PropertyValueSpecification","valueRequired":true,"valueName":"search_term_string"}}],"inLanguage":"de"},{"@type":"Organization","@id":"https:\/\/impolsarl.com\/#organization","name":"Impol - Przedstawiciel Transportu i Pracownikow Delegowanych Do Francji","url":"https:\/\/impolsarl.com\/","logo":{"@type":"ImageObject","inLanguage":"de","@id":"https:\/\/impolsarl.com\/#\/schema\/logo\/image\/","url":"https:\/\/impolsarl.com\/wp-content\/uploads\/2018\/08\/logo-1.png","contentUrl":"https:\/\/impolsarl.com\/wp-content\/uploads\/2018\/08\/logo-1.png","width":133,"height":126,"caption":"Impol - Przedstawiciel Transportu i Pracownikow Delegowanych Do Francji"},"image":{"@id":"https:\/\/impolsarl.com\/#\/schema\/logo\/image\/"},"sameAs":["https:\/\/www.facebook.com\/przedstawicieltransportuwefrancji\/","https:\/\/www.youtube.com\/watch?v=2zjQ9NJBf04"]}]}},"_links":{"self":[{"href":"https:\/\/impolsarl.com\/de\/wp-json\/wp\/v2\/pages\/5457","targetHints":{"allow":["GET"]}}],"collection":[{"href":"https:\/\/impolsarl.com\/de\/wp-json\/wp\/v2\/pages"}],"about":[{"href":"https:\/\/impolsarl.com\/de\/wp-json\/wp\/v2\/types\/page"}],"author":[{"embeddable":true,"href":"https:\/\/impolsarl.com\/de\/wp-json\/wp\/v2\/users\/5"}],"replies":[{"embeddable":true,"href":"https:\/\/impolsarl.com\/de\/wp-json\/wp\/v2\/comments?post=5457"}],"version-history":[{"count":1,"href":"https:\/\/impolsarl.com\/de\/wp-json\/wp\/v2\/pages\/5457\/revisions"}],"predecessor-version":[{"id":5458,"href":"https:\/\/impolsarl.com\/de\/wp-json\/wp\/v2\/pages\/5457\/revisions\/5458"}],"wp:featuredmedia":[{"embeddable":true,"href":"https:\/\/impolsarl.com\/de\/wp-json\/wp\/v2\/media\/4986"}],"wp:attachment":[{"href":"https:\/\/impolsarl.com\/de\/wp-json\/wp\/v2\/media?parent=5457"}],"wp:term":[{"taxonomy":"folder","embeddable":true,"href":"https:\/\/impolsarl.com\/de\/wp-json\/wp\/v2\/folder?post=5457"}],"curies":[{"name":"wp","href":"https:\/\/api.w.org\/{rel}","templated":true}]}}