{"id":5451,"date":"2018-08-29T11:42:49","date_gmt":"2018-08-29T09:42:49","guid":{"rendered":"https:\/\/impolsarl.com\/ueber-uns\/"},"modified":"2025-04-22T18:16:53","modified_gmt":"2025-04-22T16:16:53","slug":"ueber-uns","status":"publish","type":"page","link":"https:\/\/impolsarl.com\/de\/ueber-uns\/","title":{"rendered":"\u00dcber uns"},"content":{"rendered":"<div class=\"seo\">\n<p>Wir sind ein direkter Vertreter polnischer und ausl\u00e4ndischer Unternehmen und haben unseren Sitz in Frankreich. Unser Team wird von einem Rechtsanwalt geleitet, der auf die Entsendung von Arbeitnehmern spezialisiert ist. Wir besch\u00e4ftigen uns seit vielen Jahren mit der Vertretung auf europ\u00e4ischen M\u00e4rkten und sind seit 1991 in der Baubranche t\u00e4tig. Wir haben u. a. die Automobil-, Messe-, Industrie- und Transportbranche erfolgreich vertreten. Wir genie\u00dfen das Vertrauen sowohl von gro\u00dfen Logistikunternehmen als auch von Spediteuren, die sich gerade erst auf dem internationalen Parkett etablieren.    <\/p>\n<p class=\"font_8\"><strong>Die Rolle des Vertreters:<\/strong> Die Ernennung eines Vertreters f\u00fcr ein in Frankreich ans\u00e4ssiges Unternehmen (es ist wichtig, eine aktive SIRET-Nummer zu haben) ist obligatorisch und kann nicht nur zu Kommunikationsproblemen in Frankreich, sondern auch zu hohen finanziellen Strafen f\u00fcr das Unternehmen f\u00fchren.<\/p>\n<p>Die Rolle der meisten Vertreter endet mit der Durchf\u00fchrung von Kontrollen und der Verh\u00e4ngung von Bu\u00dfgeldern, die die Kunden dazu zwingen, sich an Anwaltskanzleien zu wenden. Bei Impol arbeiten wir anders. Im Falle einer Kontrolle steht Ihnen unser Anwalt zur Verf\u00fcgung, dessen Erfahrung es Ihnen erm\u00f6glicht, saftige Geldstrafen in H\u00f6he von mehreren zehntausend Euro zu vermeiden.  <\/p>\n<h3 style=\"text-align: left;\"><strong><span style=\"color: #2900a3;\">Was k\u00f6nnen wir Ihnen bieten?<\/span><\/strong><\/h3>\n<h2 style=\"text-align: left;\"><span style=\"color: #000000;\">Sipsi Kontof\u00fchrung und Verwaltung<\/span><\/h2>\n<p>Zu unseren Aufgaben geh\u00f6ren die Einrichtung und Verwaltung von Konten im SIPSI-System. Wir stellen die erforderlichen Dokumente aus und sorgen f\u00fcr die Richtigkeit der ausgef\u00fcllten Meldungen. Im Rahmen unserer Dienstleistungen bieten wir auch kostenlose Benachrichtigungen an, wenn die 6-monatige Meldefrist abl\u00e4uft.  <\/p>\n<\/div>\n\n<div class=\"wp-block-buttons is-content-justification-center is-layout-flex wp-container-core-buttons-is-layout-1 wp-block-buttons-is-layout-flex\">\n<div class=\"wp-block-button\"><a class=\"wp-block-button__link has-background wp-element-button\" href=\"https:\/\/impolsarl.com\/sipsi\/\" style=\"background-color:#2900a3\">Weitere Informationen<\/a><\/div>\n<\/div>\n<div class=\"seo\">\n<h2 style=\"text-align: left;\">Rechts- und \u00dcbersetzungsdienste (kostenlose \u00dcbersetzungen erforderlich) + Archivierung<\/h2>\n<p>Wir sammeln die erforderlichen Dokumente, \u00fcbersetzen sie ins Franz\u00f6sische und stellen sie den Kontrolldiensten zur Verf\u00fcgung. Zu einem attraktiven Preis \u00fcbersetzen wir auch die Dokumente, die bei der Kontrolle ben\u00f6tigt werden (Gehaltsabrechnung jedes Mitarbeiters, Lohnbescheinigung mit allen Zulagen, Formular A1, Arbeitsvertrag). <\/p>\n<\/div>\n\n<div class=\"wp-block-buttons is-content-justification-center is-layout-flex wp-container-core-buttons-is-layout-2 wp-block-buttons-is-layout-flex\">\n<div class=\"wp-block-button\"><a class=\"wp-block-button__link has-background wp-element-button\" href=\"https:\/\/impolsarl.com\/tlumaczenia\/\" style=\"background-color:#2900a3\">Weitere Informationen<\/a><\/div>\n<\/div>\n<div class=\"seo\">\n<h2 style=\"text-align: left;\">Vermittlung mit der Arbeitsaufsicht und den Kontrolldiensten<\/h2>\n<p>Unsere 30-j\u00e4hrige Erfahrung im Umgang mit Inspektionsdiensten erm\u00f6glicht es uns, Bu\u00dfgelder f\u00fcr unsere Kunden zu vermeiden. Wir kennen die Besonderheiten und Anforderungen der Inspektoren. <\/p>\n<p>Wir bereiten f\u00fcr den Arbeitgeber die Antworten auf die Fragen vor, die die Inspektoren an die Arbeitnehmer richten.<\/p>\n<p>Unser Anwalt bietet kostenlose Rechtsberatung im Zusammenhang mit Inspektionen. Wir wollen nicht einfach ein &#8222;Briefkasten&#8220; oder ein Archiv sein. Wir wissen aus Erfahrung, dass alles in Ordnung ist, bis die Inspektion stattfindet. Wir sind bereit, Sie durch den gesamten Prozess zu begleiten, von Anfang bis Ende.   <\/p>\n<\/div>\n\n<div class=\"wp-block-buttons is-content-justification-center is-layout-flex wp-container-core-buttons-is-layout-3 wp-block-buttons-is-layout-flex\">\n<div class=\"wp-block-button is-style-fill\"><a class=\"wp-block-button__link has-background wp-element-button\" href=\"https:\/\/impolsarl.com\/wsparcie-przy-kontroli\/\" style=\"background-color:#2900a3\">Weitere Informationen<\/a><\/div>\n<\/div>\n<div class=\"seo\">\n<h2 style=\"text-align: left;\"><span style=\"color: #000000;\">Unterst\u00fctzung 7 Tage die Woche<\/span><\/h2>\n<p>Unser gr\u00f6\u00dfter Vorteil ist unsere Verf\u00fcgbarkeit und unser sofortiges Handeln. Wir arbeiten sofort. Wir garantieren unseren Kunden eine st\u00e4ndige telefonische Erreichbarkeit von 7.00 bis 22.00 Uhr, auch an Wochenenden und Feiertagen. Sie m\u00fcssen nicht mehr auf den n\u00e4chsten Tag oder den folgenden Montag warten. Ihr Fall wird sofort bearbeitet.    <\/p>\n<p>Wir bieten auch kostenlose Unterst\u00fctzung bei der Erledigung aller Formalit\u00e4ten im Zusammenhang mit dringenden Problemen in Frankreich, wie z. B. Hilfe bei der Suche nach einem Hotel, Interventionen bei der Polizei, Verhandlungen mit Kunden und viele andere Fragen. Gegen eine Geb\u00fchr \u00fcbernehmen wir das Inkasso ausstehender Rechnungen aus Frankreich. <\/p>\n<p style=\"text-align: left;\"><strong>Mehrere hundert Unternehmen aus Polen und anderen L\u00e4ndern vertrauen uns bereits.<\/strong><\/p>\n<\/div>\n\n<div style=\"height:100px\" aria-hidden=\"true\" class=\"wp-block-spacer\"><\/div>\n\n<div class=\"wp-block-media-text has-media-on-the-right is-stacked-on-mobile is-image-fill\"><div class=\"wp-block-media-text__content\">\n<h3 class=\"wp-block-heading has-text-align-center has-text-color\" id=\"h-nasza-misja\" style=\"color:#2900a3\">Unser Auftrag<\/h3>\n\n\n\n<p>Bei IMPOL glauben wir an die Mobilit\u00e4t von EU-Unternehmen und f\u00f6rdern sie nachdr\u00fccklich. Wir unterst\u00fctzen EU-Unternehmen dabei, sich neuen Herausforderungen in ganz Europa und dar\u00fcber hinaus zu stellen. Als enger Partner unserer Kunden in Europa wissen wir, dass Fehler, die aus Unkenntnis des EU-Arbeitsrechts resultieren, selbst das gr\u00f6\u00dfte Unternehmen ruinieren k\u00f6nnen. Aus diesem Grund springen wir ein und werden Ihr Assistent f\u00fcr die Mitarbeitermobilit\u00e4t.   <\/p>\n\n\n\n<p>Als erfahrene Experten auf dem Gebiet der Entsendung von Arbeitnehmern in Europa wissen wir, dass das Thema der Entsendung von Arbeitnehmern oft an letzter Stelle steht, vor allem dann, wenn Sie die Erf\u00fcllung eines Vertrags mit einem Kunden garantieren m\u00fcssen. Die Vernachl\u00e4ssigung der Verfahren zur Entsendung von Arbeitnehmern kann viele Probleme verursachen und viel kosten. <\/p>\n\n\n\n<p>Geldverluste, Nerven, schlaflose N\u00e4chte und im schlimmsten Fall hohe Geldstrafen und Gerichtsverfahren sind sehr h\u00e4ufige Folgen der Nichteinhaltung von Entsendeverfahren.<\/p>\n\n\n\n<p>IMPOL begleitet Sie bei jedem Schritt vor, w\u00e4hrend und nach der Entsendung von Mitarbeitern.<\/p>\n<\/div><figure class=\"wp-block-media-text__media\" style=\"background-image:url(https:\/\/impolsarl.com\/wp-content\/uploads\/2021\/09\/impol-image-5-1024x683.jpg);background-position:50% 50%\"><img fetchpriority=\"high\" decoding=\"async\" width=\"1024\" height=\"683\" src=\"https:\/\/impolsarl.com\/wp-content\/uploads\/2021\/09\/impol-image-5-1024x683.jpg\" alt=\"\" class=\"wp-image-2410 size-full\" srcset=\"https:\/\/impolsarl.com\/wp-content\/uploads\/2021\/09\/impol-image-5-1024x683.jpg 1024w, https:\/\/impolsarl.com\/wp-content\/uploads\/2021\/09\/impol-image-5-300x200.jpg 300w, https:\/\/impolsarl.com\/wp-content\/uploads\/2021\/09\/impol-image-5-768x512.jpg 768w, https:\/\/impolsarl.com\/wp-content\/uploads\/2021\/09\/impol-image-5-1536x1024.jpg 1536w, https:\/\/impolsarl.com\/wp-content\/uploads\/2021\/09\/impol-image-5.jpg 1800w\" sizes=\"(max-width: 1024px) 100vw, 1024px\" \/><\/figure><\/div>\n","protected":false},"excerpt":{"rendered":"<p>Wir sind ein direkter Vertreter polnischer und ausl\u00e4ndischer Unternehmen und haben unseren Sitz in Frankreich. Unser Team wird von einem Rechtsanwalt geleitet, der auf die Entsendung von Arbeitnehmern spezialisiert ist. Wir besch\u00e4ftigen uns seit vielen Jahren mit der Vertretung auf europ\u00e4ischen M\u00e4rkten und sind seit 1991 in der Baubranche t\u00e4tig. Wir haben u. a. die &hellip;<\/p>\n<p class=\"read-more\"> <a class=\"\" href=\"https:\/\/impolsarl.com\/de\/ueber-uns\/\"> <span class=\"screen-reader-text\">\u00dcber uns<\/span> Read More \u00bb<\/a><\/p>\n","protected":false},"author":5,"featured_media":0,"parent":0,"menu_order":48,"comment_status":"closed","ping_status":"closed","template":"","meta":{"_acf_changed":false,"site-sidebar-layout":"default","site-content-layout":"","ast-site-content-layout":"","site-content-style":"default","site-sidebar-style":"default","ast-global-header-display":"","ast-banner-title-visibility":"","ast-main-header-display":"","ast-hfb-above-header-display":"","ast-hfb-below-header-display":"","ast-hfb-mobile-header-display":"","site-post-title":"","ast-breadcrumbs-content":"","ast-featured-img":"","footer-sml-layout":"","theme-transparent-header-meta":"","adv-header-id-meta":"","stick-header-meta":"","header-above-stick-meta":"","header-main-stick-meta":"","header-below-stick-meta":"","astra-migrate-meta-layouts":"default","ast-page-background-enabled":"default","ast-page-background-meta":{"desktop":{"background-color":"var(--ast-global-color-4)","background-image":"","background-repeat":"repeat","background-position":"center center","background-size":"auto","background-attachment":"scroll","background-type":"","background-media":"","overlay-type":"","overlay-color":"","overlay-gradient":""},"tablet":{"background-color":"","background-image":"","background-repeat":"repeat","background-position":"center center","background-size":"auto","background-attachment":"scroll","background-type":"","background-media":"","overlay-type":"","overlay-color":"","overlay-gradient":""},"mobile":{"background-color":"","background-image":"","background-repeat":"repeat","background-position":"center center","background-size":"auto","background-attachment":"scroll","background-type":"","background-media":"","overlay-type":"","overlay-color":"","overlay-gradient":""}},"ast-content-background-meta":{"desktop":{"background-color":"var(--ast-global-color-5)","background-image":"","background-repeat":"repeat","background-position":"center center","background-size":"auto","background-attachment":"scroll","background-type":"","background-media":"","overlay-type":"","overlay-color":"","overlay-gradient":""},"tablet":{"background-color":"var(--ast-global-color-5)","background-image":"","background-repeat":"repeat","background-position":"center center","background-size":"auto","background-attachment":"scroll","background-type":"","background-media":"","overlay-type":"","overlay-color":"","overlay-gradient":""},"mobile":{"background-color":"var(--ast-global-color-5)","background-image":"","background-repeat":"repeat","background-position":"center center","background-size":"auto","background-attachment":"scroll","background-type":"","background-media":"","overlay-type":"","overlay-color":"","overlay-gradient":""}},"footnotes":""},"folder":[94],"class_list":["post-5451","page","type-page","status-publish","hentry"],"acf":[],"yoast_head":"<!-- This site is optimized with the Yoast SEO Premium plugin v24.7 (Yoast SEO v24.7) - https:\/\/yoast.com\/wordpress\/plugins\/seo\/ -->\n<title>\u00dcber uns - Impol - Reprezentant we Francji od ponad dekady! +48 502 50 70 74<\/title>\n<meta name=\"robots\" content=\"index, follow, max-snippet:-1, max-image-preview:large, max-video-preview:-1\" \/>\n<link rel=\"canonical\" href=\"https:\/\/impolsarl.com\/de\/ueber-uns\/\" \/>\n<meta property=\"og:locale\" content=\"de_DE\" \/>\n<meta property=\"og:type\" content=\"article\" \/>\n<meta property=\"og:title\" content=\"\u00dcber uns\" \/>\n<meta property=\"og:description\" content=\"Wir sind ein direkter Vertreter polnischer und ausl\u00e4ndischer Unternehmen und haben unseren Sitz in Frankreich. Unser Team wird von einem Rechtsanwalt geleitet, der auf die Entsendung von Arbeitnehmern spezialisiert ist. Wir besch\u00e4ftigen uns seit vielen Jahren mit der Vertretung auf europ\u00e4ischen M\u00e4rkten und sind seit 1991 in der Baubranche t\u00e4tig. Wir haben u. a. die &hellip; \u00dcber uns Read More \u00bb\" \/>\n<meta property=\"og:url\" content=\"https:\/\/impolsarl.com\/de\/ueber-uns\/\" \/>\n<meta property=\"og:site_name\" content=\"Impol - Reprezentant we Francji od ponad dekady! +48 502 50 70 74\" \/>\n<meta property=\"article:publisher\" content=\"https:\/\/www.facebook.com\/przedstawicieltransportuwefrancji\/\" \/>\n<meta property=\"article:modified_time\" content=\"2025-04-22T16:16:53+00:00\" \/>\n<meta property=\"og:image\" content=\"https:\/\/impolsarl.com\/wp-content\/uploads\/2021\/09\/impol-image-5.jpg\" \/>\n\t<meta property=\"og:image:width\" content=\"1800\" \/>\n\t<meta property=\"og:image:height\" content=\"1200\" \/>\n\t<meta property=\"og:image:type\" content=\"image\/jpeg\" \/>\n<meta name=\"twitter:card\" content=\"summary_large_image\" \/>\n<meta name=\"twitter:label1\" content=\"Gesch\u00e4tzte Lesezeit\" \/>\n\t<meta name=\"twitter:data1\" content=\"4\u00a0Minuten\" \/>\n<script type=\"application\/ld+json\" class=\"yoast-schema-graph\">{\"@context\":\"https:\/\/schema.org\",\"@graph\":[{\"@type\":\"WebPage\",\"@id\":\"https:\/\/impolsarl.com\/de\/ueber-uns\/\",\"url\":\"https:\/\/impolsarl.com\/de\/ueber-uns\/\",\"name\":\"\u00dcber uns - Impol - Reprezentant we Francji od ponad dekady! +48 502 50 70 74\",\"isPartOf\":{\"@id\":\"https:\/\/impolsarl.com\/#website\"},\"primaryImageOfPage\":{\"@id\":\"https:\/\/impolsarl.com\/de\/ueber-uns\/#primaryimage\"},\"image\":{\"@id\":\"https:\/\/impolsarl.com\/de\/ueber-uns\/#primaryimage\"},\"thumbnailUrl\":\"https:\/\/impolsarl.com\/wp-content\/uploads\/2021\/09\/impol-image-5-1024x683.jpg\",\"datePublished\":\"2018-08-29T09:42:49+00:00\",\"dateModified\":\"2025-04-22T16:16:53+00:00\",\"breadcrumb\":{\"@id\":\"https:\/\/impolsarl.com\/de\/ueber-uns\/#breadcrumb\"},\"inLanguage\":\"de\",\"potentialAction\":[{\"@type\":\"ReadAction\",\"target\":[\"https:\/\/impolsarl.com\/de\/ueber-uns\/\"]}]},{\"@type\":\"ImageObject\",\"inLanguage\":\"de\",\"@id\":\"https:\/\/impolsarl.com\/de\/ueber-uns\/#primaryimage\",\"url\":\"https:\/\/impolsarl.com\/wp-content\/uploads\/2021\/09\/impol-image-5-1024x683.jpg\",\"contentUrl\":\"https:\/\/impolsarl.com\/wp-content\/uploads\/2021\/09\/impol-image-5-1024x683.jpg\"},{\"@type\":\"BreadcrumbList\",\"@id\":\"https:\/\/impolsarl.com\/de\/ueber-uns\/#breadcrumb\",\"itemListElement\":[{\"@type\":\"ListItem\",\"position\":1,\"name\":\"Strona g\u0142\u00f3wna\",\"item\":\"https:\/\/impolsarl.com\/de\/homepage\/\"},{\"@type\":\"ListItem\",\"position\":2,\"name\":\"\u00dcber uns\"}]},{\"@type\":\"WebSite\",\"@id\":\"https:\/\/impolsarl.com\/#website\",\"url\":\"https:\/\/impolsarl.com\/\",\"name\":\"Impol - Reprezentant we Francji od ponad dekady! +48 502 50 70 74\",\"description\":\"Impol SARL - Przedstawiciel transportu w Europie\",\"publisher\":{\"@id\":\"https:\/\/impolsarl.com\/#organization\"},\"potentialAction\":[{\"@type\":\"SearchAction\",\"target\":{\"@type\":\"EntryPoint\",\"urlTemplate\":\"https:\/\/impolsarl.com\/?s={search_term_string}\"},\"query-input\":{\"@type\":\"PropertyValueSpecification\",\"valueRequired\":true,\"valueName\":\"search_term_string\"}}],\"inLanguage\":\"de\"},{\"@type\":\"Organization\",\"@id\":\"https:\/\/impolsarl.com\/#organization\",\"name\":\"Impol - Przedstawiciel Transportu i Pracownikow Delegowanych Do Francji\",\"url\":\"https:\/\/impolsarl.com\/\",\"logo\":{\"@type\":\"ImageObject\",\"inLanguage\":\"de\",\"@id\":\"https:\/\/impolsarl.com\/#\/schema\/logo\/image\/\",\"url\":\"https:\/\/impolsarl.com\/wp-content\/uploads\/2018\/08\/logo-1.png\",\"contentUrl\":\"https:\/\/impolsarl.com\/wp-content\/uploads\/2018\/08\/logo-1.png\",\"width\":133,\"height\":126,\"caption\":\"Impol - Przedstawiciel Transportu i Pracownikow Delegowanych Do Francji\"},\"image\":{\"@id\":\"https:\/\/impolsarl.com\/#\/schema\/logo\/image\/\"},\"sameAs\":[\"https:\/\/www.facebook.com\/przedstawicieltransportuwefrancji\/\",\"https:\/\/www.youtube.com\/watch?v=2zjQ9NJBf04\"]}]}<\/script>\n<!-- \/ Yoast SEO Premium plugin. -->","yoast_head_json":{"title":"\u00dcber uns - Impol - Reprezentant we Francji od ponad dekady! +48 502 50 70 74","robots":{"index":"index","follow":"follow","max-snippet":"max-snippet:-1","max-image-preview":"max-image-preview:large","max-video-preview":"max-video-preview:-1"},"canonical":"https:\/\/impolsarl.com\/de\/ueber-uns\/","og_locale":"de_DE","og_type":"article","og_title":"\u00dcber uns","og_description":"Wir sind ein direkter Vertreter polnischer und ausl\u00e4ndischer Unternehmen und haben unseren Sitz in Frankreich. Unser Team wird von einem Rechtsanwalt geleitet, der auf die Entsendung von Arbeitnehmern spezialisiert ist. Wir besch\u00e4ftigen uns seit vielen Jahren mit der Vertretung auf europ\u00e4ischen M\u00e4rkten und sind seit 1991 in der Baubranche t\u00e4tig. Wir haben u. a. die &hellip; \u00dcber uns Read More \u00bb","og_url":"https:\/\/impolsarl.com\/de\/ueber-uns\/","og_site_name":"Impol - Reprezentant we Francji od ponad dekady! +48 502 50 70 74","article_publisher":"https:\/\/www.facebook.com\/przedstawicieltransportuwefrancji\/","article_modified_time":"2025-04-22T16:16:53+00:00","og_image":[{"width":1800,"height":1200,"url":"https:\/\/impolsarl.com\/wp-content\/uploads\/2021\/09\/impol-image-5.jpg","type":"image\/jpeg"}],"twitter_card":"summary_large_image","twitter_misc":{"Gesch\u00e4tzte Lesezeit":"4\u00a0Minuten"},"schema":{"@context":"https:\/\/schema.org","@graph":[{"@type":"WebPage","@id":"https:\/\/impolsarl.com\/de\/ueber-uns\/","url":"https:\/\/impolsarl.com\/de\/ueber-uns\/","name":"\u00dcber uns - Impol - Reprezentant we Francji od ponad dekady! +48 502 50 70 74","isPartOf":{"@id":"https:\/\/impolsarl.com\/#website"},"primaryImageOfPage":{"@id":"https:\/\/impolsarl.com\/de\/ueber-uns\/#primaryimage"},"image":{"@id":"https:\/\/impolsarl.com\/de\/ueber-uns\/#primaryimage"},"thumbnailUrl":"https:\/\/impolsarl.com\/wp-content\/uploads\/2021\/09\/impol-image-5-1024x683.jpg","datePublished":"2018-08-29T09:42:49+00:00","dateModified":"2025-04-22T16:16:53+00:00","breadcrumb":{"@id":"https:\/\/impolsarl.com\/de\/ueber-uns\/#breadcrumb"},"inLanguage":"de","potentialAction":[{"@type":"ReadAction","target":["https:\/\/impolsarl.com\/de\/ueber-uns\/"]}]},{"@type":"ImageObject","inLanguage":"de","@id":"https:\/\/impolsarl.com\/de\/ueber-uns\/#primaryimage","url":"https:\/\/impolsarl.com\/wp-content\/uploads\/2021\/09\/impol-image-5-1024x683.jpg","contentUrl":"https:\/\/impolsarl.com\/wp-content\/uploads\/2021\/09\/impol-image-5-1024x683.jpg"},{"@type":"BreadcrumbList","@id":"https:\/\/impolsarl.com\/de\/ueber-uns\/#breadcrumb","itemListElement":[{"@type":"ListItem","position":1,"name":"Strona g\u0142\u00f3wna","item":"https:\/\/impolsarl.com\/de\/homepage\/"},{"@type":"ListItem","position":2,"name":"\u00dcber uns"}]},{"@type":"WebSite","@id":"https:\/\/impolsarl.com\/#website","url":"https:\/\/impolsarl.com\/","name":"Impol - Reprezentant we Francji od ponad dekady! +48 502 50 70 74","description":"Impol SARL - Przedstawiciel transportu w Europie","publisher":{"@id":"https:\/\/impolsarl.com\/#organization"},"potentialAction":[{"@type":"SearchAction","target":{"@type":"EntryPoint","urlTemplate":"https:\/\/impolsarl.com\/?s={search_term_string}"},"query-input":{"@type":"PropertyValueSpecification","valueRequired":true,"valueName":"search_term_string"}}],"inLanguage":"de"},{"@type":"Organization","@id":"https:\/\/impolsarl.com\/#organization","name":"Impol - Przedstawiciel Transportu i Pracownikow Delegowanych Do Francji","url":"https:\/\/impolsarl.com\/","logo":{"@type":"ImageObject","inLanguage":"de","@id":"https:\/\/impolsarl.com\/#\/schema\/logo\/image\/","url":"https:\/\/impolsarl.com\/wp-content\/uploads\/2018\/08\/logo-1.png","contentUrl":"https:\/\/impolsarl.com\/wp-content\/uploads\/2018\/08\/logo-1.png","width":133,"height":126,"caption":"Impol - Przedstawiciel Transportu i Pracownikow Delegowanych Do Francji"},"image":{"@id":"https:\/\/impolsarl.com\/#\/schema\/logo\/image\/"},"sameAs":["https:\/\/www.facebook.com\/przedstawicieltransportuwefrancji\/","https:\/\/www.youtube.com\/watch?v=2zjQ9NJBf04"]}]}},"_links":{"self":[{"href":"https:\/\/impolsarl.com\/de\/wp-json\/wp\/v2\/pages\/5451","targetHints":{"allow":["GET"]}}],"collection":[{"href":"https:\/\/impolsarl.com\/de\/wp-json\/wp\/v2\/pages"}],"about":[{"href":"https:\/\/impolsarl.com\/de\/wp-json\/wp\/v2\/types\/page"}],"author":[{"embeddable":true,"href":"https:\/\/impolsarl.com\/de\/wp-json\/wp\/v2\/users\/5"}],"replies":[{"embeddable":true,"href":"https:\/\/impolsarl.com\/de\/wp-json\/wp\/v2\/comments?post=5451"}],"version-history":[{"count":1,"href":"https:\/\/impolsarl.com\/de\/wp-json\/wp\/v2\/pages\/5451\/revisions"}],"predecessor-version":[{"id":5452,"href":"https:\/\/impolsarl.com\/de\/wp-json\/wp\/v2\/pages\/5451\/revisions\/5452"}],"wp:attachment":[{"href":"https:\/\/impolsarl.com\/de\/wp-json\/wp\/v2\/media?parent=5451"}],"wp:term":[{"taxonomy":"folder","embeddable":true,"href":"https:\/\/impolsarl.com\/de\/wp-json\/wp\/v2\/folder?post=5451"}],"curies":[{"name":"wp","href":"https:\/\/api.w.org\/{rel}","templated":true}]}}