{"id":5445,"date":"2022-02-23T16:42:45","date_gmt":"2022-02-23T15:42:45","guid":{"rendered":"https:\/\/impolsarl.com\/die-entsendung\/"},"modified":"2025-04-22T17:31:52","modified_gmt":"2025-04-22T15:31:52","slug":"die-entsendung","status":"publish","type":"page","link":"https:\/\/impolsarl.com\/de\/die-entsendung\/","title":{"rendered":"Die Entsendung"},"content":{"rendered":"\n<div class=\"seo\"><p>Die Entsendung eines Mitarbeiters ins Ausland ist ein \u00e4u\u00dferst wichtiger Bestandteil der modernen Wirtschaft. Die zunehmende internationale Zusammenarbeit, die Globalisierung und die expandierenden M\u00e4rkte veranlassen immer mehr Unternehmen dazu, einen Mitarbeiter ins Ausland zu entsenden. Im Zusammenhang mit diesem Prozess, der viele Vorteile, aber auch Herausforderungen mit sich bringt, ist es wichtig, die Grundlagen der Entsendung von Mitarbeitern ins Ausland und die daf\u00fcr geltenden Vorschriften zu verstehen.  <\/p>\n<h2>Was ist der Unterschied zwischen Auslandsentsendungen und der Entsendung eines Arbeitnehmers ins Ausland?<\/h2>\n<p>Obwohl die Begriffe: &#8222;Auslandsentsendung&#8220; und &#8222;Entsendung eines Arbeitnehmers ins Ausland&#8220; umgangssprachlich oft synonym verwendet werden, gibt es einige Unterschiede zwischen ihnen.<\/p>\n<p>Die rechtliche Definition einer Delegation ist leider nicht explizit formuliert. Nach dem Arbeitsgesetzbuch m\u00fcssen bei einer Gesch\u00e4ftsreise eines Arbeitnehmers, unter anderem ins Ausland, drei Bedingungen erf\u00fcllt sein: Der Arbeitnehmer muss eine Gesch\u00e4ftsreise antreten, w\u00e4hrend der Reise muss er eine gesch\u00e4ftliche Aufgabe erf\u00fcllen, und gleichzeitig muss sie au\u00dferhalb der Stadt, in der sich der Sitz des Arbeitgebers befindet, oder au\u00dferhalb des st\u00e4ndigen Arbeitsortes durchgef\u00fchrt werden.  <\/p>\n<p>Im Gesetz fehlt eine Definition von Entsendung und Abordnung, obwohl der Gesetzgeber unterschiedliche Rechtsfolgen f\u00fcr Entsendung und Abordnung vorsieht.<\/p>\n<p>Aufgrund gesonderter Regelungen wird davon ausgegangen, dass die Entsendung eines Arbeitnehmers z.B. ins Ausland nur gelegentlich und kurzfristig erfolgt und insgesamt nicht l\u00e4nger als drei Monate im Jahr dauern sollte. Im Gegensatz dazu bedeutet die Entsendung von Arbeitnehmern aufgrund der Auslegung des Gesetzes eine f\u00f6rmliche \u00c4nderung des Arbeitsortes und eine \u00c4nderung des Vertrags durch Vereinbarung der Parteien. <\/p>\n<p>Ein entsandter Mitarbeiter kann f\u00fcr die Muttergesellschaft, ihre Tochtergesellschaft oder einen Gesch\u00e4ftspartner Projekte im Ausland durchf\u00fchren. Infolgedessen kann er verpflichtet sein, die Regeln und Vorschriften des Landes, in das er entsandt wird, einzuhalten, insbesondere in Bezug auf Steuern, Sozialversicherung und Arbeitsbedingungen. <\/p>\n<h2>AEntG &#8211; Gesetz \u00fcber die Entsendung von Arbeitnehmern in Deutschland<\/h2>\n<p>Die Entsendung von Arbeitnehmern ins Ausland muss nicht nur in \u00dcbereinstimmung mit dem polnischen Recht erfolgen, sondern auch mit den einschl\u00e4gigen Vorschriften des Landes, in das der Arbeitnehmer zur Arbeit ins Ausland entsandt wird.<\/p>\n<p>Ein gutes Beispiel ist das AEntG (Arbeitnehmer-Entsendegesetz). Dies ist das deutsche Gesetz \u00fcber die Entsendung von Arbeitnehmern nach Deutschland. Es regelt die Arbeits- und Lohnbedingungen f\u00fcr Arbeitnehmer, die von ausl\u00e4ndischen Unternehmen nach Deutschland entsandt werden. Hauptziel des AEntG ist es, sicherzustellen, dass ein nach Deutschland entsandter Arbeitnehmer Mindestl\u00f6hne und Arbeitsbedingungen erh\u00e4lt, die denen f\u00fcr deutsche Arbeitnehmer in denselben Branchen entsprechen.   <\/p>\n<p>Das Entsendegesetz in Deutschland regelt unter anderem Aspekte des Arbeitslebens wie H\u00f6chstarbeitszeiten, Pausen, Urlaub, bundesweite Tarifvertr\u00e4ge, Reise-, Unterkunfts- und Verpflegungskosten. Ziel ist es, Arbeitnehmer vor Ausbeutung zu sch\u00fctzen und einen fairen Wettbewerb zwischen Unternehmen auf dem deutschen Arbeitsmarkt zu gew\u00e4hrleisten.  <\/p>\n<h2>\u00c4nderung der Bestimmung \u00fcber Gesch\u00e4ftsreisen ausl\u00e4ndischer Fahrer<\/h2>\n<p>Im Februar 2022 wurde im Zusammenhang mit der Umsetzung des so genannten Mobilit\u00e4tspakets eine \u00c4nderung der Bestimmung \u00fcber Gesch\u00e4ftsreisen ausl\u00e4ndischer Fahrer im internationalen Verkehr eingef\u00fchrt. Danach wurde der ausl\u00e4ndische Stra\u00dfenverkehr von der Definition einer Dienstreise ausgenommen. Ab dem 2. Februar 2022 umfasst der Begriff der Gesch\u00e4ftsreise eines Fahrers jede im Rahmen des inl\u00e4ndischen Stra\u00dfenverkehrs ausgef\u00fchrte gesch\u00e4ftliche Aufgabe, die in der Durchf\u00fchrung eines Stra\u00dfenverkehrs auf Anweisung des Arbeitgebers oder in der Abfahrt zu dessen Durchf\u00fchrung au\u00dferhalb festgelegter Orte oder Pl\u00e4tze besteht.     <\/p>\n<p>Aufgrund der Unklarheit bez\u00fcglich der Gesch\u00e4ftsreisen ausl\u00e4ndischer Fahrer gilt nach Auffassung des Infrastrukturministeriums und der obersten Arbeitsaufsichtsbeh\u00f6rde die gesamte vom Fahrer durchgef\u00fchrte Bef\u00f6rderung, einschlie\u00dflich der inl\u00e4ndischen Streckenabschnitte, als grenz\u00fcberschreitender Verkehr, da sie mit dem Auslandsverkehr zusammenh\u00e4ngt. Folglich d\u00fcrfen nur Fahrer, die ausschlie\u00dflich im inl\u00e4ndischen Stra\u00dfenverkehr t\u00e4tig sind, Gesch\u00e4ftsreisen durchf\u00fchren. <\/p>\n<h2>Impol &#8211; Unterst\u00fctzung bei der Entsendung eines Mitarbeiters ins Ausland<\/h2>\n<p>Impol ist ein erfahrenes Unternehmen, das sich auf die Vertretung polnischer Unternehmen auf dynamischen europ\u00e4ischen M\u00e4rkten spezialisiert hat. Als Ihr Vertreter k\u00fcmmern wir uns um Ihre gesch\u00e4ftlichen Interessen und erleichtern Ihnen den Expansionsprozess. Unser Expertenteam h\u00e4lt sich stets auf dem Laufenden \u00fcber die sich \u00e4ndernden Vorschriften, was uns seit fast 30 Jahren eine erfolgreiche T\u00e4tigkeit in verschiedenen L\u00e4ndern erm\u00f6glicht. Wir glauben, dass einer der Schl\u00fcssel zum Erfolg unserer Kunden im internationalen Bereich die professionelle Vertretung ihres Unternehmens im Ausland ist.   <\/p>\n<p>Wir f\u00fchren f\u00fcr Sie eine Analyse der Mobilit\u00e4t der f\u00fcr Auslandsprojekte entsandten Arbeitnehmer durch. Unsere Fachleute helfen Ihnen, die dem Arbeitgeber auferlegten Pflichten zu verstehen und bereiten die notwendigen Dokumente vor, wie z. B. die Erkl\u00e4rung \u00fcber die Entsendung von Arbeitnehmern, und informieren Sie \u00fcber alle rechtlichen Fragen. <\/p>\n<p>Wir verfolgen einen ganzheitlichen Ansatz f\u00fcr unsere Kunden, so dass Sie sich darauf verlassen k\u00f6nnen, dass wir Ihnen bei einem breiten Spektrum potenzieller Probleme der Arbeitnehmermobilit\u00e4t helfen.<\/p>\n<p>Wir helfen bei Verhandlungen mit einem Kunden oder einem ausl\u00e4ndischen Arbeitgeber, z. B. in Frankreich, buchen Unterk\u00fcnfte und fordern zu viel gezahlte Mehrwertsteuer in der EU f\u00fcr Kosten wie Autobahntore, Tanken, Parken, Hotelmiete zur\u00fcck.<\/p>\n<p>Sie k\u00f6nnen sich auf uns verlassen, denn wir sind 7 Tage in der Woche von 7 bis 22 Uhr telefonisch erreichbar. Werfen Sie einen Blick auf das umfangreiche Dienstleistungsangebot von Impol!  <\/p><\/div>\n","protected":false},"excerpt":{"rendered":"<p>Die Entsendung eines Mitarbeiters ins Ausland ist ein \u00e4u\u00dferst wichtiger Bestandteil der modernen Wirtschaft. Die zunehmende internationale Zusammenarbeit, die Globalisierung und die expandierenden M\u00e4rkte veranlassen immer mehr Unternehmen dazu, einen Mitarbeiter ins Ausland zu entsenden. Im Zusammenhang mit diesem Prozess, der viele Vorteile, aber auch Herausforderungen mit sich bringt, ist es wichtig, die Grundlagen der &hellip;<\/p>\n<p class=\"read-more\"> <a class=\"\" href=\"https:\/\/impolsarl.com\/de\/die-entsendung\/\"> <span class=\"screen-reader-text\">Die Entsendung<\/span> Read More \u00bb<\/a><\/p>\n","protected":false},"author":5,"featured_media":0,"parent":0,"menu_order":24,"comment_status":"closed","ping_status":"closed","template":"","meta":{"_acf_changed":false,"site-sidebar-layout":"default","site-content-layout":"","ast-site-content-layout":"","site-content-style":"default","site-sidebar-style":"default","ast-global-header-display":"","ast-banner-title-visibility":"","ast-main-header-display":"","ast-hfb-above-header-display":"","ast-hfb-below-header-display":"","ast-hfb-mobile-header-display":"","site-post-title":"","ast-breadcrumbs-content":"","ast-featured-img":"","footer-sml-layout":"","theme-transparent-header-meta":"","adv-header-id-meta":"","stick-header-meta":"","header-above-stick-meta":"","header-main-stick-meta":"","header-below-stick-meta":"","astra-migrate-meta-layouts":"default","ast-page-background-enabled":"default","ast-page-background-meta":{"desktop":{"background-color":"var(--ast-global-color-4)","background-image":"","background-repeat":"repeat","background-position":"center center","background-size":"auto","background-attachment":"scroll","background-type":"","background-media":"","overlay-type":"","overlay-color":"","overlay-gradient":""},"tablet":{"background-color":"","background-image":"","background-repeat":"repeat","background-position":"center center","background-size":"auto","background-attachment":"scroll","background-type":"","background-media":"","overlay-type":"","overlay-color":"","overlay-gradient":""},"mobile":{"background-color":"","background-image":"","background-repeat":"repeat","background-position":"center center","background-size":"auto","background-attachment":"scroll","background-type":"","background-media":"","overlay-type":"","overlay-color":"","overlay-gradient":""}},"ast-content-background-meta":{"desktop":{"background-color":"var(--ast-global-color-5)","background-image":"","background-repeat":"repeat","background-position":"center center","background-size":"auto","background-attachment":"scroll","background-type":"","background-media":"","overlay-type":"","overlay-color":"","overlay-gradient":""},"tablet":{"background-color":"var(--ast-global-color-5)","background-image":"","background-repeat":"repeat","background-position":"center center","background-size":"auto","background-attachment":"scroll","background-type":"","background-media":"","overlay-type":"","overlay-color":"","overlay-gradient":""},"mobile":{"background-color":"var(--ast-global-color-5)","background-image":"","background-repeat":"repeat","background-position":"center center","background-size":"auto","background-attachment":"scroll","background-type":"","background-media":"","overlay-type":"","overlay-color":"","overlay-gradient":""}},"footnotes":""},"folder":[94],"class_list":["post-5445","page","type-page","status-publish","hentry"],"acf":[],"yoast_head":"<!-- This site is optimized with the Yoast SEO Premium plugin v24.7 (Yoast SEO v24.7) - https:\/\/yoast.com\/wordpress\/plugins\/seo\/ -->\n<title>Entsendung eines Arbeitnehmers ins Ausland | Auslandsentsendung eines Arbeitnehmers | Vertretung eines Unternehmens im Ausland | IMPOL<\/title>\n<meta name=\"description\" content=\"Die Spezialisten von Impol f\u00fchren f\u00fcr Sie eine Analyse der Mobilit\u00e4t der in Auslandsprojekte entsandten Arbeitnehmer durch. Wir helfen Ihnen, die juristische Komplexit\u00e4t zu verstehen!\" \/>\n<meta name=\"robots\" content=\"index, follow, max-snippet:-1, max-image-preview:large, max-video-preview:-1\" \/>\n<link rel=\"canonical\" href=\"https:\/\/impolsarl.com\/de\/die-entsendung\/\" \/>\n<meta property=\"og:locale\" content=\"de_DE\" \/>\n<meta property=\"og:type\" content=\"article\" \/>\n<meta property=\"og:title\" content=\"Die Entsendung\" \/>\n<meta property=\"og:description\" content=\"Die Spezialisten von Impol f\u00fchren f\u00fcr Sie eine Analyse der Mobilit\u00e4t der in Auslandsprojekte entsandten Arbeitnehmer durch. Wir helfen Ihnen, die juristische Komplexit\u00e4t zu verstehen!\" \/>\n<meta property=\"og:url\" content=\"https:\/\/impolsarl.com\/de\/die-entsendung\/\" \/>\n<meta property=\"og:site_name\" content=\"Impol - Reprezentant we Francji od ponad dekady! +48 502 50 70 74\" \/>\n<meta property=\"article:publisher\" content=\"https:\/\/www.facebook.com\/przedstawicieltransportuwefrancji\/\" \/>\n<meta property=\"article:modified_time\" content=\"2025-04-22T15:31:52+00:00\" \/>\n<meta name=\"twitter:card\" content=\"summary_large_image\" \/>\n<meta name=\"twitter:label1\" content=\"Gesch\u00e4tzte Lesezeit\" \/>\n\t<meta name=\"twitter:data1\" content=\"4\u00a0Minuten\" \/>\n<script type=\"application\/ld+json\" class=\"yoast-schema-graph\">{\"@context\":\"https:\/\/schema.org\",\"@graph\":[{\"@type\":\"WebPage\",\"@id\":\"https:\/\/impolsarl.com\/de\/die-entsendung\/\",\"url\":\"https:\/\/impolsarl.com\/de\/die-entsendung\/\",\"name\":\"Entsendung eines Arbeitnehmers ins Ausland | Auslandsentsendung eines Arbeitnehmers | Vertretung eines Unternehmens im Ausland | IMPOL\",\"isPartOf\":{\"@id\":\"https:\/\/impolsarl.com\/#website\"},\"datePublished\":\"2022-02-23T15:42:45+00:00\",\"dateModified\":\"2025-04-22T15:31:52+00:00\",\"description\":\"Die Spezialisten von Impol f\u00fchren f\u00fcr Sie eine Analyse der Mobilit\u00e4t der in Auslandsprojekte entsandten Arbeitnehmer durch. Wir helfen Ihnen, die juristische Komplexit\u00e4t zu verstehen!\",\"breadcrumb\":{\"@id\":\"https:\/\/impolsarl.com\/de\/die-entsendung\/#breadcrumb\"},\"inLanguage\":\"de\",\"potentialAction\":[{\"@type\":\"ReadAction\",\"target\":[\"https:\/\/impolsarl.com\/de\/die-entsendung\/\"]}]},{\"@type\":\"BreadcrumbList\",\"@id\":\"https:\/\/impolsarl.com\/de\/die-entsendung\/#breadcrumb\",\"itemListElement\":[{\"@type\":\"ListItem\",\"position\":1,\"name\":\"Strona g\u0142\u00f3wna\",\"item\":\"https:\/\/impolsarl.com\/de\/homepage\/\"},{\"@type\":\"ListItem\",\"position\":2,\"name\":\"Die Entsendung\"}]},{\"@type\":\"WebSite\",\"@id\":\"https:\/\/impolsarl.com\/#website\",\"url\":\"https:\/\/impolsarl.com\/\",\"name\":\"Impol - Reprezentant we Francji od ponad dekady! +48 502 50 70 74\",\"description\":\"Impol SARL - Przedstawiciel transportu w Europie\",\"publisher\":{\"@id\":\"https:\/\/impolsarl.com\/#organization\"},\"potentialAction\":[{\"@type\":\"SearchAction\",\"target\":{\"@type\":\"EntryPoint\",\"urlTemplate\":\"https:\/\/impolsarl.com\/?s={search_term_string}\"},\"query-input\":{\"@type\":\"PropertyValueSpecification\",\"valueRequired\":true,\"valueName\":\"search_term_string\"}}],\"inLanguage\":\"de\"},{\"@type\":\"Organization\",\"@id\":\"https:\/\/impolsarl.com\/#organization\",\"name\":\"Impol - Przedstawiciel Transportu i Pracownikow Delegowanych Do Francji\",\"url\":\"https:\/\/impolsarl.com\/\",\"logo\":{\"@type\":\"ImageObject\",\"inLanguage\":\"de\",\"@id\":\"https:\/\/impolsarl.com\/#\/schema\/logo\/image\/\",\"url\":\"https:\/\/impolsarl.com\/wp-content\/uploads\/2018\/08\/logo-1.png\",\"contentUrl\":\"https:\/\/impolsarl.com\/wp-content\/uploads\/2018\/08\/logo-1.png\",\"width\":133,\"height\":126,\"caption\":\"Impol - Przedstawiciel Transportu i Pracownikow Delegowanych Do Francji\"},\"image\":{\"@id\":\"https:\/\/impolsarl.com\/#\/schema\/logo\/image\/\"},\"sameAs\":[\"https:\/\/www.facebook.com\/przedstawicieltransportuwefrancji\/\",\"https:\/\/www.youtube.com\/watch?v=2zjQ9NJBf04\"]}]}<\/script>\n<!-- \/ Yoast SEO Premium plugin. -->","yoast_head_json":{"title":"Entsendung eines Arbeitnehmers ins Ausland | Auslandsentsendung eines Arbeitnehmers | Vertretung eines Unternehmens im Ausland | IMPOL","description":"Die Spezialisten von Impol f\u00fchren f\u00fcr Sie eine Analyse der Mobilit\u00e4t der in Auslandsprojekte entsandten Arbeitnehmer durch. Wir helfen Ihnen, die juristische Komplexit\u00e4t zu verstehen!","robots":{"index":"index","follow":"follow","max-snippet":"max-snippet:-1","max-image-preview":"max-image-preview:large","max-video-preview":"max-video-preview:-1"},"canonical":"https:\/\/impolsarl.com\/de\/die-entsendung\/","og_locale":"de_DE","og_type":"article","og_title":"Die Entsendung","og_description":"Die Spezialisten von Impol f\u00fchren f\u00fcr Sie eine Analyse der Mobilit\u00e4t der in Auslandsprojekte entsandten Arbeitnehmer durch. Wir helfen Ihnen, die juristische Komplexit\u00e4t zu verstehen!","og_url":"https:\/\/impolsarl.com\/de\/die-entsendung\/","og_site_name":"Impol - Reprezentant we Francji od ponad dekady! +48 502 50 70 74","article_publisher":"https:\/\/www.facebook.com\/przedstawicieltransportuwefrancji\/","article_modified_time":"2025-04-22T15:31:52+00:00","twitter_card":"summary_large_image","twitter_misc":{"Gesch\u00e4tzte Lesezeit":"4\u00a0Minuten"},"schema":{"@context":"https:\/\/schema.org","@graph":[{"@type":"WebPage","@id":"https:\/\/impolsarl.com\/de\/die-entsendung\/","url":"https:\/\/impolsarl.com\/de\/die-entsendung\/","name":"Entsendung eines Arbeitnehmers ins Ausland | Auslandsentsendung eines Arbeitnehmers | Vertretung eines Unternehmens im Ausland | IMPOL","isPartOf":{"@id":"https:\/\/impolsarl.com\/#website"},"datePublished":"2022-02-23T15:42:45+00:00","dateModified":"2025-04-22T15:31:52+00:00","description":"Die Spezialisten von Impol f\u00fchren f\u00fcr Sie eine Analyse der Mobilit\u00e4t der in Auslandsprojekte entsandten Arbeitnehmer durch. Wir helfen Ihnen, die juristische Komplexit\u00e4t zu verstehen!","breadcrumb":{"@id":"https:\/\/impolsarl.com\/de\/die-entsendung\/#breadcrumb"},"inLanguage":"de","potentialAction":[{"@type":"ReadAction","target":["https:\/\/impolsarl.com\/de\/die-entsendung\/"]}]},{"@type":"BreadcrumbList","@id":"https:\/\/impolsarl.com\/de\/die-entsendung\/#breadcrumb","itemListElement":[{"@type":"ListItem","position":1,"name":"Strona g\u0142\u00f3wna","item":"https:\/\/impolsarl.com\/de\/homepage\/"},{"@type":"ListItem","position":2,"name":"Die Entsendung"}]},{"@type":"WebSite","@id":"https:\/\/impolsarl.com\/#website","url":"https:\/\/impolsarl.com\/","name":"Impol - Reprezentant we Francji od ponad dekady! +48 502 50 70 74","description":"Impol SARL - Przedstawiciel transportu w Europie","publisher":{"@id":"https:\/\/impolsarl.com\/#organization"},"potentialAction":[{"@type":"SearchAction","target":{"@type":"EntryPoint","urlTemplate":"https:\/\/impolsarl.com\/?s={search_term_string}"},"query-input":{"@type":"PropertyValueSpecification","valueRequired":true,"valueName":"search_term_string"}}],"inLanguage":"de"},{"@type":"Organization","@id":"https:\/\/impolsarl.com\/#organization","name":"Impol - Przedstawiciel Transportu i Pracownikow Delegowanych Do Francji","url":"https:\/\/impolsarl.com\/","logo":{"@type":"ImageObject","inLanguage":"de","@id":"https:\/\/impolsarl.com\/#\/schema\/logo\/image\/","url":"https:\/\/impolsarl.com\/wp-content\/uploads\/2018\/08\/logo-1.png","contentUrl":"https:\/\/impolsarl.com\/wp-content\/uploads\/2018\/08\/logo-1.png","width":133,"height":126,"caption":"Impol - Przedstawiciel Transportu i Pracownikow Delegowanych Do Francji"},"image":{"@id":"https:\/\/impolsarl.com\/#\/schema\/logo\/image\/"},"sameAs":["https:\/\/www.facebook.com\/przedstawicieltransportuwefrancji\/","https:\/\/www.youtube.com\/watch?v=2zjQ9NJBf04"]}]}},"_links":{"self":[{"href":"https:\/\/impolsarl.com\/de\/wp-json\/wp\/v2\/pages\/5445","targetHints":{"allow":["GET"]}}],"collection":[{"href":"https:\/\/impolsarl.com\/de\/wp-json\/wp\/v2\/pages"}],"about":[{"href":"https:\/\/impolsarl.com\/de\/wp-json\/wp\/v2\/types\/page"}],"author":[{"embeddable":true,"href":"https:\/\/impolsarl.com\/de\/wp-json\/wp\/v2\/users\/5"}],"replies":[{"embeddable":true,"href":"https:\/\/impolsarl.com\/de\/wp-json\/wp\/v2\/comments?post=5445"}],"version-history":[{"count":1,"href":"https:\/\/impolsarl.com\/de\/wp-json\/wp\/v2\/pages\/5445\/revisions"}],"predecessor-version":[{"id":5446,"href":"https:\/\/impolsarl.com\/de\/wp-json\/wp\/v2\/pages\/5445\/revisions\/5446"}],"wp:attachment":[{"href":"https:\/\/impolsarl.com\/de\/wp-json\/wp\/v2\/media?parent=5445"}],"wp:term":[{"taxonomy":"folder","embeddable":true,"href":"https:\/\/impolsarl.com\/de\/wp-json\/wp\/v2\/folder?post=5445"}],"curies":[{"name":"wp","href":"https:\/\/api.w.org\/{rel}","templated":true}]}}