{"id":5431,"date":"2018-08-29T21:57:33","date_gmt":"2018-08-29T19:57:33","guid":{"rendered":"https:\/\/impolsarl.com\/sipsi\/"},"modified":"2025-04-22T16:58:48","modified_gmt":"2025-04-22T14:58:48","slug":"sipsi","status":"publish","type":"page","link":"https:\/\/impolsarl.com\/de\/sipsi\/","title":{"rendered":"SIPSI"},"content":{"rendered":"\t\t<div data-elementor-type=\"wp-page\" data-elementor-id=\"5431\" class=\"elementor elementor-5431 elementor-1510\" data-elementor-post-type=\"page\">\n\t\t\t\t\t\t<section class=\"elementor-section elementor-top-section elementor-element elementor-element-5ffb626d elementor-section-full_width elementor-section-height-default elementor-section-height-default\" data-id=\"5ffb626d\" data-element_type=\"section\">\n\t\t\t\t\t\t<div class=\"elementor-container elementor-column-gap-default\">\n\t\t\t\t\t<div class=\"elementor-column elementor-col-100 elementor-top-column elementor-element elementor-element-48d963bb\" data-id=\"48d963bb\" data-element_type=\"column\">\n\t\t\t<div class=\"elementor-widget-wrap elementor-element-populated\">\n\t\t\t\t\t\t<div class=\"elementor-element elementor-element-4373932b elementor-widget elementor-widget-text-editor\" data-id=\"4373932b\" data-element_type=\"widget\" data-widget_type=\"text-editor.default\">\n\t\t\t\t<div class=\"elementor-widget-container\">\n\t\t\t\t\t\t\t\t\t<div class=\"seo\">SIPSI ist ein webbasiertes System, mit dem Sie ein Unternehmenskonto einrichten und diesem die Dokumente der nach Frankreich entsandten Mitarbeiter zuordnen k\u00f6nnen.\n\nDas SIPSI-System ist auf der Website des franz\u00f6sischen Ministeriums in franz\u00f6sischer und englischer Sprache verf\u00fcgbar. Ausl\u00e4ndische Unternehmen, deren Mitarbeiter in Frankreich arbeiten, m\u00fcssen ein Konto einrichten und jeder Person die entsprechenden Dokumente zuweisen. Diese Dokumente sollen best\u00e4tigen, ob der betreffende Arbeitnehmer den franz\u00f6sischen Mindestlohn f\u00fcr seine Arbeit erhalten hat und ob der Arbeitgeber einen Vertreter in Frankreich benannt hat. Die Meldung an SIPSI muss vor Beginn der Entsendung erfolgen.   \n\n<h2>Meldung der nach Frankreich entsandten Arbeitnehmer an SIPSI<\/h2>\nAb 2017 k\u00f6nnen die zust\u00e4ndigen franz\u00f6sischen Institutionen die im SIPSI-System gespeicherten Dokumente von Unternehmen und Arbeitnehmern einsehen. \n\nDie Franzosen behaupten, dass dieses Online-Tool den Unternehmen helfen wird, ihren Verpflichtungen im Rahmen des Macron-Gesetzes besser nachzukommen. Die Kontrolldienste wiederum werden einen bequemeren Zugang zu den relevanten Dokumenten in SIPSI erhalten. \n\nDas SIPSI-System ersetzt nicht das Papierformular. Jeder ausl\u00e4ndische Arbeitnehmer, der nach Frankreich entsandt wird, muss nach wie vor im Besitz der im Loi Macron geforderten Dokumente sein. \n\n<strong style=\"font-style: inherit; color: var( --e-global-color-text ); font-family: var( --e-global-typography-text-font-family ), Sans-serif; background-color: var(--ast-global-color-5);\">Zu diesen Dokumenten geh\u00f6ren:<\/strong>\n<ul>\n \t<li> Formular A1 &#8211; ZUS-Meldung<\/li>\n \t<li> Ernennung eines Vertreters in Frankreich<\/li>\n \t<li> einen zweisprachigen Zusatz zum Arbeitsvertrag, der Informationen \u00fcber die L\u00f6hne in Frankreich enth\u00e4lt.<\/li>\n \t<li> Ausdruck der SIPSI-Meldung<\/li>\n<\/ul>\nDie Anwesenheit eines Vertreters in Frankreich und das korrekte Ausf\u00fcllen der Erkl\u00e4rungen sind Schl\u00fcsselelemente einer erfolgreichen Arbeitnehmerentsendung. Setzen Sie sich mit uns in Verbindung, um Ihre Bed\u00fcrfnisse zu besprechen, und wir werden uns um die Formalit\u00e4ten k\u00fcmmern. \n<\/div>\t\t\t\t\t\t\t\t<\/div>\n\t\t\t\t<\/div>\n\t\t\t\t\t<\/div>\n\t\t<\/div>\n\t\t\t\t\t<\/div>\n\t\t<\/section>\n\t\t\t\t<\/div>\n\t\t","protected":false},"excerpt":{"rendered":"<p>SIPSI ist ein webbasiertes System, mit dem Sie ein Unternehmenskonto einrichten und diesem die Dokumente der nach Frankreich entsandten Mitarbeiter zuordnen k\u00f6nnen. Das SIPSI-System ist auf der Website des franz\u00f6sischen Ministeriums in franz\u00f6sischer und englischer Sprache verf\u00fcgbar. Ausl\u00e4ndische Unternehmen, deren Mitarbeiter in Frankreich arbeiten, m\u00fcssen ein Konto einrichten und jeder Person die entsprechenden Dokumente zuweisen. &hellip;<\/p>\n<p class=\"read-more\"> <a class=\"\" href=\"https:\/\/impolsarl.com\/de\/sipsi\/\"> <span class=\"screen-reader-text\">SIPSI<\/span> Read More \u00bb<\/a><\/p>\n","protected":false},"author":5,"featured_media":0,"parent":0,"menu_order":53,"comment_status":"closed","ping_status":"closed","template":"","meta":{"_acf_changed":false,"site-sidebar-layout":"default","site-content-layout":"","ast-site-content-layout":"","site-content-style":"default","site-sidebar-style":"default","ast-global-header-display":"","ast-banner-title-visibility":"","ast-main-header-display":"","ast-hfb-above-header-display":"","ast-hfb-below-header-display":"","ast-hfb-mobile-header-display":"","site-post-title":"","ast-breadcrumbs-content":"","ast-featured-img":"","footer-sml-layout":"","theme-transparent-header-meta":"","adv-header-id-meta":"","stick-header-meta":"","header-above-stick-meta":"","header-main-stick-meta":"","header-below-stick-meta":"","astra-migrate-meta-layouts":"default","ast-page-background-enabled":"default","ast-page-background-meta":{"desktop":{"background-color":"var(--ast-global-color-4)","background-image":"","background-repeat":"repeat","background-position":"center center","background-size":"auto","background-attachment":"scroll","background-type":"","background-media":"","overlay-type":"","overlay-color":"","overlay-gradient":""},"tablet":{"background-color":"","background-image":"","background-repeat":"repeat","background-position":"center center","background-size":"auto","background-attachment":"scroll","background-type":"","background-media":"","overlay-type":"","overlay-color":"","overlay-gradient":""},"mobile":{"background-color":"","background-image":"","background-repeat":"repeat","background-position":"center center","background-size":"auto","background-attachment":"scroll","background-type":"","background-media":"","overlay-type":"","overlay-color":"","overlay-gradient":""}},"ast-content-background-meta":{"desktop":{"background-color":"var(--ast-global-color-5)","background-image":"","background-repeat":"repeat","background-position":"center center","background-size":"auto","background-attachment":"scroll","background-type":"","background-media":"","overlay-type":"","overlay-color":"","overlay-gradient":""},"tablet":{"background-color":"var(--ast-global-color-5)","background-image":"","background-repeat":"repeat","background-position":"center center","background-size":"auto","background-attachment":"scroll","background-type":"","background-media":"","overlay-type":"","overlay-color":"","overlay-gradient":""},"mobile":{"background-color":"var(--ast-global-color-5)","background-image":"","background-repeat":"repeat","background-position":"center center","background-size":"auto","background-attachment":"scroll","background-type":"","background-media":"","overlay-type":"","overlay-color":"","overlay-gradient":""}},"footnotes":""},"folder":[94],"class_list":["post-5431","page","type-page","status-publish","hentry"],"acf":[],"yoast_head":"<!-- This site is optimized with the Yoast SEO Premium plugin v24.7 (Yoast SEO v24.7) - https:\/\/yoast.com\/wordpress\/plugins\/seo\/ -->\n<title>Antr\u00e4ge f\u00fcr SIPSI | IMPOL<\/title>\n<meta name=\"description\" content=\"Sind Sie auf der Suche nach Experten, die Sie bei den Formalit\u00e4ten der SIPSI-Antr\u00e4ge unterst\u00fctzen? Die erfahrenen Mitarbeiter von Impol stehen Ihnen zur Verf\u00fcgung!\" \/>\n<meta name=\"robots\" content=\"index, follow, max-snippet:-1, max-image-preview:large, max-video-preview:-1\" \/>\n<link rel=\"canonical\" href=\"https:\/\/impolsarl.com\/de\/sipsi\/\" \/>\n<meta property=\"og:locale\" content=\"de_DE\" \/>\n<meta property=\"og:type\" content=\"article\" \/>\n<meta property=\"og:title\" content=\"SIPSI\" \/>\n<meta property=\"og:description\" content=\"Sind Sie auf der Suche nach Experten, die Sie bei den Formalit\u00e4ten der SIPSI-Antr\u00e4ge unterst\u00fctzen? Die erfahrenen Mitarbeiter von Impol stehen Ihnen zur Verf\u00fcgung!\" \/>\n<meta property=\"og:url\" content=\"https:\/\/impolsarl.com\/de\/sipsi\/\" \/>\n<meta property=\"og:site_name\" content=\"Impol - Reprezentant we Francji od ponad dekady! +48 502 50 70 74\" \/>\n<meta property=\"article:publisher\" content=\"https:\/\/www.facebook.com\/przedstawicieltransportuwefrancji\/\" \/>\n<meta property=\"article:modified_time\" content=\"2025-04-22T14:58:48+00:00\" \/>\n<meta name=\"twitter:card\" content=\"summary_large_image\" \/>\n<meta name=\"twitter:label1\" content=\"Gesch\u00e4tzte Lesezeit\" \/>\n\t<meta name=\"twitter:data1\" content=\"1\u00a0Minute\" \/>\n<script type=\"application\/ld+json\" class=\"yoast-schema-graph\">{\"@context\":\"https:\/\/schema.org\",\"@graph\":[{\"@type\":\"WebPage\",\"@id\":\"https:\/\/impolsarl.com\/de\/sipsi\/\",\"url\":\"https:\/\/impolsarl.com\/de\/sipsi\/\",\"name\":\"Antr\u00e4ge f\u00fcr SIPSI | IMPOL\",\"isPartOf\":{\"@id\":\"https:\/\/impolsarl.com\/#website\"},\"datePublished\":\"2018-08-29T19:57:33+00:00\",\"dateModified\":\"2025-04-22T14:58:48+00:00\",\"description\":\"Sind Sie auf der Suche nach Experten, die Sie bei den Formalit\u00e4ten der SIPSI-Antr\u00e4ge unterst\u00fctzen? Die erfahrenen Mitarbeiter von Impol stehen Ihnen zur Verf\u00fcgung!\",\"breadcrumb\":{\"@id\":\"https:\/\/impolsarl.com\/de\/sipsi\/#breadcrumb\"},\"inLanguage\":\"de\",\"potentialAction\":[{\"@type\":\"ReadAction\",\"target\":[\"https:\/\/impolsarl.com\/de\/sipsi\/\"]}]},{\"@type\":\"BreadcrumbList\",\"@id\":\"https:\/\/impolsarl.com\/de\/sipsi\/#breadcrumb\",\"itemListElement\":[{\"@type\":\"ListItem\",\"position\":1,\"name\":\"Strona g\u0142\u00f3wna\",\"item\":\"https:\/\/impolsarl.com\/de\/homepage\/\"},{\"@type\":\"ListItem\",\"position\":2,\"name\":\"SIPSI\"}]},{\"@type\":\"WebSite\",\"@id\":\"https:\/\/impolsarl.com\/#website\",\"url\":\"https:\/\/impolsarl.com\/\",\"name\":\"Impol - Reprezentant we Francji od ponad dekady! +48 502 50 70 74\",\"description\":\"Impol SARL - Przedstawiciel transportu w Europie\",\"publisher\":{\"@id\":\"https:\/\/impolsarl.com\/#organization\"},\"potentialAction\":[{\"@type\":\"SearchAction\",\"target\":{\"@type\":\"EntryPoint\",\"urlTemplate\":\"https:\/\/impolsarl.com\/?s={search_term_string}\"},\"query-input\":{\"@type\":\"PropertyValueSpecification\",\"valueRequired\":true,\"valueName\":\"search_term_string\"}}],\"inLanguage\":\"de\"},{\"@type\":\"Organization\",\"@id\":\"https:\/\/impolsarl.com\/#organization\",\"name\":\"Impol - Przedstawiciel Transportu i Pracownikow Delegowanych Do Francji\",\"url\":\"https:\/\/impolsarl.com\/\",\"logo\":{\"@type\":\"ImageObject\",\"inLanguage\":\"de\",\"@id\":\"https:\/\/impolsarl.com\/#\/schema\/logo\/image\/\",\"url\":\"https:\/\/impolsarl.com\/wp-content\/uploads\/2018\/08\/logo-1.png\",\"contentUrl\":\"https:\/\/impolsarl.com\/wp-content\/uploads\/2018\/08\/logo-1.png\",\"width\":133,\"height\":126,\"caption\":\"Impol - Przedstawiciel Transportu i Pracownikow Delegowanych Do Francji\"},\"image\":{\"@id\":\"https:\/\/impolsarl.com\/#\/schema\/logo\/image\/\"},\"sameAs\":[\"https:\/\/www.facebook.com\/przedstawicieltransportuwefrancji\/\",\"https:\/\/www.youtube.com\/watch?v=2zjQ9NJBf04\"]}]}<\/script>\n<!-- \/ Yoast SEO Premium plugin. -->","yoast_head_json":{"title":"Antr\u00e4ge f\u00fcr SIPSI | IMPOL","description":"Sind Sie auf der Suche nach Experten, die Sie bei den Formalit\u00e4ten der SIPSI-Antr\u00e4ge unterst\u00fctzen? Die erfahrenen Mitarbeiter von Impol stehen Ihnen zur Verf\u00fcgung!","robots":{"index":"index","follow":"follow","max-snippet":"max-snippet:-1","max-image-preview":"max-image-preview:large","max-video-preview":"max-video-preview:-1"},"canonical":"https:\/\/impolsarl.com\/de\/sipsi\/","og_locale":"de_DE","og_type":"article","og_title":"SIPSI","og_description":"Sind Sie auf der Suche nach Experten, die Sie bei den Formalit\u00e4ten der SIPSI-Antr\u00e4ge unterst\u00fctzen? Die erfahrenen Mitarbeiter von Impol stehen Ihnen zur Verf\u00fcgung!","og_url":"https:\/\/impolsarl.com\/de\/sipsi\/","og_site_name":"Impol - Reprezentant we Francji od ponad dekady! +48 502 50 70 74","article_publisher":"https:\/\/www.facebook.com\/przedstawicieltransportuwefrancji\/","article_modified_time":"2025-04-22T14:58:48+00:00","twitter_card":"summary_large_image","twitter_misc":{"Gesch\u00e4tzte Lesezeit":"1\u00a0Minute"},"schema":{"@context":"https:\/\/schema.org","@graph":[{"@type":"WebPage","@id":"https:\/\/impolsarl.com\/de\/sipsi\/","url":"https:\/\/impolsarl.com\/de\/sipsi\/","name":"Antr\u00e4ge f\u00fcr SIPSI | IMPOL","isPartOf":{"@id":"https:\/\/impolsarl.com\/#website"},"datePublished":"2018-08-29T19:57:33+00:00","dateModified":"2025-04-22T14:58:48+00:00","description":"Sind Sie auf der Suche nach Experten, die Sie bei den Formalit\u00e4ten der SIPSI-Antr\u00e4ge unterst\u00fctzen? Die erfahrenen Mitarbeiter von Impol stehen Ihnen zur Verf\u00fcgung!","breadcrumb":{"@id":"https:\/\/impolsarl.com\/de\/sipsi\/#breadcrumb"},"inLanguage":"de","potentialAction":[{"@type":"ReadAction","target":["https:\/\/impolsarl.com\/de\/sipsi\/"]}]},{"@type":"BreadcrumbList","@id":"https:\/\/impolsarl.com\/de\/sipsi\/#breadcrumb","itemListElement":[{"@type":"ListItem","position":1,"name":"Strona g\u0142\u00f3wna","item":"https:\/\/impolsarl.com\/de\/homepage\/"},{"@type":"ListItem","position":2,"name":"SIPSI"}]},{"@type":"WebSite","@id":"https:\/\/impolsarl.com\/#website","url":"https:\/\/impolsarl.com\/","name":"Impol - Reprezentant we Francji od ponad dekady! +48 502 50 70 74","description":"Impol SARL - Przedstawiciel transportu w Europie","publisher":{"@id":"https:\/\/impolsarl.com\/#organization"},"potentialAction":[{"@type":"SearchAction","target":{"@type":"EntryPoint","urlTemplate":"https:\/\/impolsarl.com\/?s={search_term_string}"},"query-input":{"@type":"PropertyValueSpecification","valueRequired":true,"valueName":"search_term_string"}}],"inLanguage":"de"},{"@type":"Organization","@id":"https:\/\/impolsarl.com\/#organization","name":"Impol - Przedstawiciel Transportu i Pracownikow Delegowanych Do Francji","url":"https:\/\/impolsarl.com\/","logo":{"@type":"ImageObject","inLanguage":"de","@id":"https:\/\/impolsarl.com\/#\/schema\/logo\/image\/","url":"https:\/\/impolsarl.com\/wp-content\/uploads\/2018\/08\/logo-1.png","contentUrl":"https:\/\/impolsarl.com\/wp-content\/uploads\/2018\/08\/logo-1.png","width":133,"height":126,"caption":"Impol - Przedstawiciel Transportu i Pracownikow Delegowanych Do Francji"},"image":{"@id":"https:\/\/impolsarl.com\/#\/schema\/logo\/image\/"},"sameAs":["https:\/\/www.facebook.com\/przedstawicieltransportuwefrancji\/","https:\/\/www.youtube.com\/watch?v=2zjQ9NJBf04"]}]}},"_links":{"self":[{"href":"https:\/\/impolsarl.com\/de\/wp-json\/wp\/v2\/pages\/5431","targetHints":{"allow":["GET"]}}],"collection":[{"href":"https:\/\/impolsarl.com\/de\/wp-json\/wp\/v2\/pages"}],"about":[{"href":"https:\/\/impolsarl.com\/de\/wp-json\/wp\/v2\/types\/page"}],"author":[{"embeddable":true,"href":"https:\/\/impolsarl.com\/de\/wp-json\/wp\/v2\/users\/5"}],"replies":[{"embeddable":true,"href":"https:\/\/impolsarl.com\/de\/wp-json\/wp\/v2\/comments?post=5431"}],"version-history":[{"count":1,"href":"https:\/\/impolsarl.com\/de\/wp-json\/wp\/v2\/pages\/5431\/revisions"}],"predecessor-version":[{"id":5432,"href":"https:\/\/impolsarl.com\/de\/wp-json\/wp\/v2\/pages\/5431\/revisions\/5432"}],"wp:attachment":[{"href":"https:\/\/impolsarl.com\/de\/wp-json\/wp\/v2\/media?parent=5431"}],"wp:term":[{"taxonomy":"folder","embeddable":true,"href":"https:\/\/impolsarl.com\/de\/wp-json\/wp\/v2\/folder?post=5431"}],"curies":[{"name":"wp","href":"https:\/\/api.w.org\/{rel}","templated":true}]}}