{"id":5427,"date":"2018-08-29T21:53:33","date_gmt":"2018-08-29T19:53:33","guid":{"rendered":"https:\/\/impolsarl.com\/btp-charta\/"},"modified":"2018-08-29T21:53:33","modified_gmt":"2018-08-29T19:53:33","slug":"btp-charta","status":"publish","type":"page","link":"https:\/\/impolsarl.com\/de\/btp-charta\/","title":{"rendered":"BTP-Charta"},"content":{"rendered":"<p><strong>WER EINE BTP-KARTE HABEN MUSS<\/strong><\/p>\n<p><strong><br \/>\n<\/strong><strong><\/strong>Dabei handelt es sich um Arbeitnehmer, die Bau-, Montage-, Installations- oder \u00f6ffentliche Arbeiten direkt oder in organisierter Form (Vorarbeiter) ausf\u00fchren, auch wenn sie dies nur gelegentlich, als Hilfskr\u00e4fte oder als Gelegenheitsarbeiter tun. Personen, die sich nie auf der Baustelle aufhalten, sind von der Ausweispflicht befreit. Sie k\u00f6nnen auch davon befreit werden &#8211; selbst wenn sie sich regelm\u00e4\u00dfig auf der Baustelle aufhalten:<br \/>\n&#8211; Mitarbeiter der kaufm\u00e4nnischen Abteilung und der Unterst\u00fctzungsabteilung des Unternehmens (Lohnbuchhaltung, Risikomanagement, Instandhaltung, Sicherheitspersonal, Beschaffungsabteilung, Inventarabteilung usw.), auch wenn sie st\u00e4ndig auf der Baustelle anwesend sind, sofern sie keine sporadischen, gelegentlichen oder zus\u00e4tzlichen Bauarbeiten oder \u00f6ffentlichen Arbeiten ausf\u00fchren,<br \/>\n&#8211; Mitarbeiter, die nicht physisch arbeiten und die Arbeiten auf der Baustelle nicht direkt \u00fcberwachen,<br \/>\n&#8211; Auszubildende; ihr Vorgesetzter sollte in der Lage sein, im Falle einer Kontrolle ein Dokument vorzulegen, das den Status des Auszubildenden bescheinigt,<br \/>\n&#8211; Arbeiter, die die Baustelle reinigen und aufr\u00e4umen, wenn sie ihre T\u00e4tigkeit nach Ablauf der Frist f\u00fcr das Bauprojekt aus\u00fcben,<br \/>\n&#8211; Architekten, Vermessungsingenieure, Gesundheits- und Sicherheitspersonal und Lieferwagenfahrer.<\/p>\n<p><strong>NACHWEIS DER BERUFLICHEN IDENTIT\u00c4T<br \/>\n<\/strong><br \/>\nDer Berufsausweis (Carte professionnelle pour lutter contre le travail ill\u00e9gal, Carte BTP) wird ein Kontrollinstrument sein, das in erster Linie auf die Bek\u00e4mpfung der illegalen Besch\u00e4ftigung im Bau- und Montagegewerbe abzielt, von der haupts\u00e4chlich entsandte Arbeitnehmer betroffen sind. Das ist wichtig f\u00fcr unsere Volkswirtschaft, denn die Mehrheit der Bauarbeiter in der Franz\u00f6sischen Republik sind Polen. Die Karten werden von der Caisse du r\u00e9seau Cong\u00e9s Intemp\u00e9ries BTP ausgegeben.<\/p>\n<p>Die Einf\u00fchrung dieses Instruments ist eine Art Antwort auf die langj\u00e4hrigen Forderungen des Verbands der Bauwirtschaft, der gegen Schwarzarbeit k\u00e4mpft und die Konkurrenz durch rum\u00e4nische, polnische und portugiesische Arbeitskr\u00e4fte eind\u00e4mmen will, die im Durchschnitt 25-30 Prozent billiger sind, selbst wenn sie legal arbeiten. Die Arbeitnehmer m\u00fcssen sie ab dem Zeitpunkt ihrer Arbeitsaufnahme haben. Dies bedeutet neue Formalit\u00e4ten und kann zu Verz\u00f6gerungen f\u00fchren, da dieses Dokument f\u00fcr Personen ausgestellt werden muss, die sich noch nicht in Frankreich aufhalten. &#8230;&#8230;&#8230;&#8230;&#8230;&#8230;.. &#8222;Bei einem Versto\u00df gegen die Pflicht zum Besitz des BTP-Ausweises droht dem Arbeitgeber ein Bu\u00dfgeld von 2.000 \u20ac und im Wiederholungsfall von 4.000 \u20ac.<br \/>\nFrankreich ist ein Beispiel f\u00fcr ein Land, das immer mehr Einschr\u00e4nkungen f\u00fcr Arbeitgeber einf\u00fchrt, die Arbeitnehmer dorthin entsenden. Nach der Einf\u00fchrung eines obligatorischen Mindestlohns, der streng kontrolliert wird, gibt es weitere Anzeichen f\u00fcr zunehmende administrative und steuerliche Verpflichtungen f\u00fcr Unternehmen, die Arbeitnehmer ins Land entsenden.&#8220; <\/p>\n","protected":false},"excerpt":{"rendered":"<p>WER EINE BTP-KARTE HABEN MUSS Dabei handelt es sich um Arbeitnehmer, die Bau-, Montage-, Installations- oder \u00f6ffentliche Arbeiten direkt oder in organisierter Form (Vorarbeiter) ausf\u00fchren, auch wenn sie dies nur gelegentlich, als Hilfskr\u00e4fte oder als Gelegenheitsarbeiter tun. Personen, die sich nie auf der Baustelle aufhalten, sind von der Ausweispflicht befreit. Sie k\u00f6nnen auch davon befreit &hellip;<\/p>\n<p class=\"read-more\"> <a class=\"\" href=\"https:\/\/impolsarl.com\/de\/btp-charta\/\"> <span class=\"screen-reader-text\">BTP-Charta<\/span> Read More \u00bb<\/a><\/p>\n","protected":false},"author":5,"featured_media":4998,"parent":0,"menu_order":51,"comment_status":"closed","ping_status":"closed","template":"","meta":{"_acf_changed":false,"site-sidebar-layout":"default","site-content-layout":"","ast-site-content-layout":"","site-content-style":"default","site-sidebar-style":"default","ast-global-header-display":"","ast-banner-title-visibility":"","ast-main-header-display":"","ast-hfb-above-header-display":"","ast-hfb-below-header-display":"","ast-hfb-mobile-header-display":"","site-post-title":"","ast-breadcrumbs-content":"","ast-featured-img":"","footer-sml-layout":"","theme-transparent-header-meta":"","adv-header-id-meta":"","stick-header-meta":"","header-above-stick-meta":"","header-main-stick-meta":"","header-below-stick-meta":"","astra-migrate-meta-layouts":"default","ast-page-background-enabled":"default","ast-page-background-meta":{"desktop":{"background-color":"var(--ast-global-color-4)","background-image":"","background-repeat":"repeat","background-position":"center center","background-size":"auto","background-attachment":"scroll","background-type":"","background-media":"","overlay-type":"","overlay-color":"","overlay-gradient":""},"tablet":{"background-color":"","background-image":"","background-repeat":"repeat","background-position":"center center","background-size":"auto","background-attachment":"scroll","background-type":"","background-media":"","overlay-type":"","overlay-color":"","overlay-gradient":""},"mobile":{"background-color":"","background-image":"","background-repeat":"repeat","background-position":"center center","background-size":"auto","background-attachment":"scroll","background-type":"","background-media":"","overlay-type":"","overlay-color":"","overlay-gradient":""}},"ast-content-background-meta":{"desktop":{"background-color":"var(--ast-global-color-5)","background-image":"","background-repeat":"repeat","background-position":"center center","background-size":"auto","background-attachment":"scroll","background-type":"","background-media":"","overlay-type":"","overlay-color":"","overlay-gradient":""},"tablet":{"background-color":"var(--ast-global-color-5)","background-image":"","background-repeat":"repeat","background-position":"center center","background-size":"auto","background-attachment":"scroll","background-type":"","background-media":"","overlay-type":"","overlay-color":"","overlay-gradient":""},"mobile":{"background-color":"var(--ast-global-color-5)","background-image":"","background-repeat":"repeat","background-position":"center center","background-size":"auto","background-attachment":"scroll","background-type":"","background-media":"","overlay-type":"","overlay-color":"","overlay-gradient":""}},"footnotes":""},"folder":[94],"class_list":["post-5427","page","type-page","status-publish","has-post-thumbnail","hentry"],"acf":[],"yoast_head":"<!-- This site is optimized with the Yoast SEO Premium plugin v24.7 (Yoast SEO v24.7) - https:\/\/yoast.com\/wordpress\/plugins\/seo\/ -->\n<title>BTP-Charta - Impol - Reprezentant we Francji od ponad dekady! +48 502 50 70 74<\/title>\n<meta name=\"robots\" content=\"index, follow, max-snippet:-1, max-image-preview:large, max-video-preview:-1\" \/>\n<link rel=\"canonical\" href=\"https:\/\/impolsarl.com\/btp-charta\/\" \/>\n<meta property=\"og:locale\" content=\"de_DE\" \/>\n<meta property=\"og:type\" content=\"article\" \/>\n<meta property=\"og:title\" content=\"BTP-Charta\" \/>\n<meta property=\"og:description\" content=\"WER EINE BTP-KARTE HABEN MUSS Dabei handelt es sich um Arbeitnehmer, die Bau-, Montage-, Installations- oder \u00f6ffentliche Arbeiten direkt oder in organisierter Form (Vorarbeiter) ausf\u00fchren, auch wenn sie dies nur gelegentlich, als Hilfskr\u00e4fte oder als Gelegenheitsarbeiter tun. Personen, die sich nie auf der Baustelle aufhalten, sind von der Ausweispflicht befreit. Sie k\u00f6nnen auch davon befreit &hellip; BTP-Charta Read More \u00bb\" \/>\n<meta property=\"og:url\" content=\"https:\/\/impolsarl.com\/btp-charta\/\" \/>\n<meta property=\"og:site_name\" content=\"Impol - Reprezentant we Francji od ponad dekady! +48 502 50 70 74\" \/>\n<meta property=\"article:publisher\" content=\"https:\/\/www.facebook.com\/przedstawicieltransportuwefrancji\/\" \/>\n<meta name=\"twitter:card\" content=\"summary_large_image\" \/>\n<meta name=\"twitter:label1\" content=\"Gesch\u00e4tzte Lesezeit\" \/>\n\t<meta name=\"twitter:data1\" content=\"2\u00a0Minuten\" \/>\n<script type=\"application\/ld+json\" class=\"yoast-schema-graph\">{\"@context\":\"https:\/\/schema.org\",\"@graph\":[{\"@type\":\"WebPage\",\"@id\":\"https:\/\/impolsarl.com\/btp-charta\/\",\"url\":\"https:\/\/impolsarl.com\/btp-charta\/\",\"name\":\"BTP-Charta - Impol - Reprezentant we Francji od ponad dekady! +48 502 50 70 74\",\"isPartOf\":{\"@id\":\"https:\/\/impolsarl.com\/#website\"},\"primaryImageOfPage\":{\"@id\":\"https:\/\/impolsarl.com\/btp-charta\/#primaryimage\"},\"image\":{\"@id\":\"https:\/\/impolsarl.com\/btp-charta\/#primaryimage\"},\"thumbnailUrl\":\"https:\/\/impolsarl.com\/wp-content\/uploads\/2021\/02\/btp-1.jpg\",\"datePublished\":\"2018-08-29T19:53:33+00:00\",\"breadcrumb\":{\"@id\":\"https:\/\/impolsarl.com\/btp-charta\/#breadcrumb\"},\"inLanguage\":\"de\",\"potentialAction\":[{\"@type\":\"ReadAction\",\"target\":[\"https:\/\/impolsarl.com\/btp-charta\/\"]}]},{\"@type\":\"ImageObject\",\"inLanguage\":\"de\",\"@id\":\"https:\/\/impolsarl.com\/btp-charta\/#primaryimage\",\"url\":\"https:\/\/impolsarl.com\/wp-content\/uploads\/2021\/02\/btp-1.jpg\",\"contentUrl\":\"https:\/\/impolsarl.com\/wp-content\/uploads\/2021\/02\/btp-1.jpg\",\"width\":230,\"height\":146},{\"@type\":\"BreadcrumbList\",\"@id\":\"https:\/\/impolsarl.com\/btp-charta\/#breadcrumb\",\"itemListElement\":[{\"@type\":\"ListItem\",\"position\":1,\"name\":\"Strona g\u0142\u00f3wna\",\"item\":\"https:\/\/impolsarl.com\/de\/homepage\/\"},{\"@type\":\"ListItem\",\"position\":2,\"name\":\"BTP-Charta\"}]},{\"@type\":\"WebSite\",\"@id\":\"https:\/\/impolsarl.com\/#website\",\"url\":\"https:\/\/impolsarl.com\/\",\"name\":\"Impol - Reprezentant we Francji od ponad dekady! +48 502 50 70 74\",\"description\":\"Impol SARL - Przedstawiciel transportu w Europie\",\"publisher\":{\"@id\":\"https:\/\/impolsarl.com\/#organization\"},\"potentialAction\":[{\"@type\":\"SearchAction\",\"target\":{\"@type\":\"EntryPoint\",\"urlTemplate\":\"https:\/\/impolsarl.com\/?s={search_term_string}\"},\"query-input\":{\"@type\":\"PropertyValueSpecification\",\"valueRequired\":true,\"valueName\":\"search_term_string\"}}],\"inLanguage\":\"de\"},{\"@type\":\"Organization\",\"@id\":\"https:\/\/impolsarl.com\/#organization\",\"name\":\"Impol - Przedstawiciel Transportu i Pracownikow Delegowanych Do Francji\",\"url\":\"https:\/\/impolsarl.com\/\",\"logo\":{\"@type\":\"ImageObject\",\"inLanguage\":\"de\",\"@id\":\"https:\/\/impolsarl.com\/#\/schema\/logo\/image\/\",\"url\":\"https:\/\/impolsarl.com\/wp-content\/uploads\/2018\/08\/logo-1.png\",\"contentUrl\":\"https:\/\/impolsarl.com\/wp-content\/uploads\/2018\/08\/logo-1.png\",\"width\":133,\"height\":126,\"caption\":\"Impol - Przedstawiciel Transportu i Pracownikow Delegowanych Do Francji\"},\"image\":{\"@id\":\"https:\/\/impolsarl.com\/#\/schema\/logo\/image\/\"},\"sameAs\":[\"https:\/\/www.facebook.com\/przedstawicieltransportuwefrancji\/\",\"https:\/\/www.youtube.com\/watch?v=2zjQ9NJBf04\"]}]}<\/script>\n<!-- \/ Yoast SEO Premium plugin. -->","yoast_head_json":{"title":"BTP-Charta - Impol - Reprezentant we Francji od ponad dekady! +48 502 50 70 74","robots":{"index":"index","follow":"follow","max-snippet":"max-snippet:-1","max-image-preview":"max-image-preview:large","max-video-preview":"max-video-preview:-1"},"canonical":"https:\/\/impolsarl.com\/btp-charta\/","og_locale":"de_DE","og_type":"article","og_title":"BTP-Charta","og_description":"WER EINE BTP-KARTE HABEN MUSS Dabei handelt es sich um Arbeitnehmer, die Bau-, Montage-, Installations- oder \u00f6ffentliche Arbeiten direkt oder in organisierter Form (Vorarbeiter) ausf\u00fchren, auch wenn sie dies nur gelegentlich, als Hilfskr\u00e4fte oder als Gelegenheitsarbeiter tun. Personen, die sich nie auf der Baustelle aufhalten, sind von der Ausweispflicht befreit. Sie k\u00f6nnen auch davon befreit &hellip; BTP-Charta Read More \u00bb","og_url":"https:\/\/impolsarl.com\/btp-charta\/","og_site_name":"Impol - Reprezentant we Francji od ponad dekady! +48 502 50 70 74","article_publisher":"https:\/\/www.facebook.com\/przedstawicieltransportuwefrancji\/","twitter_card":"summary_large_image","twitter_misc":{"Gesch\u00e4tzte Lesezeit":"2\u00a0Minuten"},"schema":{"@context":"https:\/\/schema.org","@graph":[{"@type":"WebPage","@id":"https:\/\/impolsarl.com\/btp-charta\/","url":"https:\/\/impolsarl.com\/btp-charta\/","name":"BTP-Charta - Impol - Reprezentant we Francji od ponad dekady! +48 502 50 70 74","isPartOf":{"@id":"https:\/\/impolsarl.com\/#website"},"primaryImageOfPage":{"@id":"https:\/\/impolsarl.com\/btp-charta\/#primaryimage"},"image":{"@id":"https:\/\/impolsarl.com\/btp-charta\/#primaryimage"},"thumbnailUrl":"https:\/\/impolsarl.com\/wp-content\/uploads\/2021\/02\/btp-1.jpg","datePublished":"2018-08-29T19:53:33+00:00","breadcrumb":{"@id":"https:\/\/impolsarl.com\/btp-charta\/#breadcrumb"},"inLanguage":"de","potentialAction":[{"@type":"ReadAction","target":["https:\/\/impolsarl.com\/btp-charta\/"]}]},{"@type":"ImageObject","inLanguage":"de","@id":"https:\/\/impolsarl.com\/btp-charta\/#primaryimage","url":"https:\/\/impolsarl.com\/wp-content\/uploads\/2021\/02\/btp-1.jpg","contentUrl":"https:\/\/impolsarl.com\/wp-content\/uploads\/2021\/02\/btp-1.jpg","width":230,"height":146},{"@type":"BreadcrumbList","@id":"https:\/\/impolsarl.com\/btp-charta\/#breadcrumb","itemListElement":[{"@type":"ListItem","position":1,"name":"Strona g\u0142\u00f3wna","item":"https:\/\/impolsarl.com\/de\/homepage\/"},{"@type":"ListItem","position":2,"name":"BTP-Charta"}]},{"@type":"WebSite","@id":"https:\/\/impolsarl.com\/#website","url":"https:\/\/impolsarl.com\/","name":"Impol - Reprezentant we Francji od ponad dekady! +48 502 50 70 74","description":"Impol SARL - Przedstawiciel transportu w Europie","publisher":{"@id":"https:\/\/impolsarl.com\/#organization"},"potentialAction":[{"@type":"SearchAction","target":{"@type":"EntryPoint","urlTemplate":"https:\/\/impolsarl.com\/?s={search_term_string}"},"query-input":{"@type":"PropertyValueSpecification","valueRequired":true,"valueName":"search_term_string"}}],"inLanguage":"de"},{"@type":"Organization","@id":"https:\/\/impolsarl.com\/#organization","name":"Impol - Przedstawiciel Transportu i Pracownikow Delegowanych Do Francji","url":"https:\/\/impolsarl.com\/","logo":{"@type":"ImageObject","inLanguage":"de","@id":"https:\/\/impolsarl.com\/#\/schema\/logo\/image\/","url":"https:\/\/impolsarl.com\/wp-content\/uploads\/2018\/08\/logo-1.png","contentUrl":"https:\/\/impolsarl.com\/wp-content\/uploads\/2018\/08\/logo-1.png","width":133,"height":126,"caption":"Impol - Przedstawiciel Transportu i Pracownikow Delegowanych Do Francji"},"image":{"@id":"https:\/\/impolsarl.com\/#\/schema\/logo\/image\/"},"sameAs":["https:\/\/www.facebook.com\/przedstawicieltransportuwefrancji\/","https:\/\/www.youtube.com\/watch?v=2zjQ9NJBf04"]}]}},"_links":{"self":[{"href":"https:\/\/impolsarl.com\/de\/wp-json\/wp\/v2\/pages\/5427","targetHints":{"allow":["GET"]}}],"collection":[{"href":"https:\/\/impolsarl.com\/de\/wp-json\/wp\/v2\/pages"}],"about":[{"href":"https:\/\/impolsarl.com\/de\/wp-json\/wp\/v2\/types\/page"}],"author":[{"embeddable":true,"href":"https:\/\/impolsarl.com\/de\/wp-json\/wp\/v2\/users\/5"}],"replies":[{"embeddable":true,"href":"https:\/\/impolsarl.com\/de\/wp-json\/wp\/v2\/comments?post=5427"}],"version-history":[{"count":0,"href":"https:\/\/impolsarl.com\/de\/wp-json\/wp\/v2\/pages\/5427\/revisions"}],"wp:featuredmedia":[{"embeddable":true,"href":"https:\/\/impolsarl.com\/de\/wp-json\/wp\/v2\/media\/4998"}],"wp:attachment":[{"href":"https:\/\/impolsarl.com\/de\/wp-json\/wp\/v2\/media?parent=5427"}],"wp:term":[{"taxonomy":"folder","embeddable":true,"href":"https:\/\/impolsarl.com\/de\/wp-json\/wp\/v2\/folder?post=5427"}],"curies":[{"name":"wp","href":"https:\/\/api.w.org\/{rel}","templated":true}]}}