{"id":5424,"date":"2018-08-23T14:05:14","date_gmt":"2018-08-23T12:05:14","guid":{"rendered":"https:\/\/impolsarl.com\/uebersetzung\/"},"modified":"2025-04-22T16:33:38","modified_gmt":"2025-04-22T14:33:38","slug":"uebersetzung","status":"publish","type":"page","link":"https:\/\/impolsarl.com\/de\/uebersetzung\/","title":{"rendered":"\u00dcbersetzung"},"content":{"rendered":"<p>Das Verst\u00e4ndnis von Dokumenten in einer anderen Sprache, insbesondere wenn sie in einem amtlichen oder juristischen Kontext verwendet werden, erfordert Aufmerksamkeit f\u00fcr Details und eine getreue Wiedergabe des Inhalts. Impol bietet sowohl beglaubigte Fach\u00fcbersetzungen als auch normale \u00dcbersetzungen an und stellt einen umfassenden linguistischen Service zur Verf\u00fcgung, damit Sie sich der Pr\u00e4zision der \u00dcbersetzung und der vollst\u00e4ndigen \u00dcbereinstimmung mit dem Original sicher sein k\u00f6nnen. <\/p>\n<p>Dank der hohen Kompetenz unserer \u00dcbersetzer und der Kenntnis der sprachlichen Besonderheiten der einzelnen L\u00e4nder sind unsere Dienstleistungen eine professionelle Unterst\u00fctzung f\u00fcr diejenigen, die z. B. die \u00dcbersetzung amtlicher Dokumente durch einen beeidigten \u00dcbersetzer aus dem Franz\u00f6sischen ins Polnische sowie aus dem Polnischen ins Franz\u00f6sische ben\u00f6tigen. Wir f\u00fchren auch Auftr\u00e4ge f\u00fcr gew\u00f6hnliche \u00dcbersetzungen aus dem Italienischen, Deutschen, Spanischen und Englischen aus. <\/p>\n\n<div class=\"seo\"><h2 class=\"wp-block-heading\" id=\"h-precyzyjne-i-rzetelne-tlumaczenie-polsko-francuskie-i-francusko-polskie-nbsp\"><strong>Pr\u00e4zise und zuverl\u00e4ssige \u00dcbersetzung Polnisch-Franz\u00f6sisch und Franz\u00f6sisch-Polnisch <\/strong><\/h2><\/div>\n\n<p>Wir bieten preisg\u00fcnstige, professionelle und schnelle beglaubigte \u00dcbersetzungen Polnisch-Franz\u00f6sisch und Franz\u00f6sisch-Polnisch. Jeder \u00dcbersetzer, der f\u00fcr unser B\u00fcro arbeitet, ist ein Experte mit der erforderlichen Akkreditierung. <\/p>\n\n<p>Sie suchen eine hochwertige Franz\u00f6sisch-Polnisch oder Polnisch-Franz\u00f6sisch \u00dcbersetzung? Z\u00f6gern Sie nicht, mit Impol zusammenzuarbeiten! Unser erfahrener vereidigter \u00dcbersetzer Polnisch-Franz\u00f6sisch und Franz\u00f6sisch-Polnisch garantiert Ihnen \u00dcbersetzungen von h\u00f6chster Qualit\u00e4t. Wenn Sie Ihre Dokumente unserem Polnisch-Franz\u00f6sisch-\u00dcbersetzer anvertrauen, k\u00f6nnen Sie sicher sein, dass der Inhalt genau wiedergegeben wird, wobei auch die kleinsten Details beachtet werden und der kulturelle Kontext erhalten bleibt.   <\/p>\n\n<p>Wir arbeiten mit einem Experten zusammen, der nicht nur \u00fcber fundierte sprachliche, sondern auch \u00fcber kulturelle Kenntnisse verf\u00fcgt. So entstehen je nach Bedarf des Kunden \u00dcbersetzungen aus dem Franz\u00f6sischen ins Polnische und aus dem Polnischen ins Franz\u00f6sische, die der \u00dcbersetzer unter strikter Wahrung von Sinn und Ton des Originals anfertigt. Ob Sie eine polnisch-franz\u00f6sische oder franz\u00f6sisch-polnische \u00dcbersetzung von amtlichen Dokumenten, Rechnungen, Vollmachten, Gesch\u00e4ftsunterlagen, Zeugnissen oder Diplomen ben\u00f6tigen, wir sind f\u00fcr Sie da!  <\/p>\n\n<div class=\"seo\"><h2 class=\"wp-block-heading\" id=\"h-tlumaczenie-francusko-polskie-przez-akredytowanego-tlumacza-przysieglego\"><strong>\u00dcbersetzung aus dem Franz\u00f6sischen ins Polnische durch einen vereidigten \u00dcbersetzer, der dazu befugt ist<\/strong><\/h2><\/div>\n\n<p>Die von unserem \u00dcbersetzer erbrachte \u00dcbersetzungsleistung aus dem Polnischen ins Franz\u00f6sische und aus dem Franz\u00f6sischen ins Polnische entspricht den in Polen und Frankreich geltenden Anforderungen. Folglich ist es m\u00f6glich, den beglaubigten Text in formellen und offiziellen Verfahren zu verwenden. <\/p>\n\n<p>Die Priorit\u00e4t von Impol liegt unter anderem bei der Beglaubigung der \u00dcbersetzung von Dokumenten darin, einen professionellen und umfassenden Service auf h\u00f6chstem Niveau zu bieten. Die Inanspruchnahme des Angebots unserer \u00dcbersetzer f\u00fcr Franz\u00f6sisch-Polnisch oder Polnisch-Franz\u00f6sisch bedeutet daher nicht nur Genauigkeit, sondern auch Effizienz und P\u00fcnktlichkeit. Es lohnt sich, sofort Kontakt mit uns aufzunehmen, um sich \u00fcber unsere wettbewerbsf\u00e4higen Preise zu informieren und ein individuelles, auf Ihre Bed\u00fcrfnisse zugeschnittenes Angebot zu erhalten. Die Zusammenarbeit mit Impol und unserem franz\u00f6sischen \u00dcbersetzer f\u00fcr komplette Dokumente bedeutet, dass Sie sicher sein k\u00f6nnen, dass der Inhalt klar und pr\u00e4zise vermittelt wird, seinen Informationswert beh\u00e4lt und von einem akkreditierten und beeidigten \u00dcbersetzer Polnisch-Franz\u00f6sisch und Franz\u00f6sisch-Polnisch beglaubigt wird.    <\/p>\n\n<div class=\"seo\"><h2 class=\"wp-block-heading\" id=\"h-tlumaczenia-uwierzytelnione-z-impol-gwarancja-pewnosci-i-zgodnosci\">Beglaubigte \u00dcbersetzungen mit Impol &#8211; Garantie f\u00fcr Zuverl\u00e4ssigkeit und Konformit\u00e4t<\/h2><\/div>\n\n<p>Die beglaubigte \u00dcbersetzung von Dokumenten ist in dem dynamischen Umfeld des internationalen Informationsaustauschs und der internationalen Transaktionen unverzichtbar. Bei Dokumenten rechtlicher, amtlicher oder beh\u00f6rdlicher Art wie Geburtsurkunden, Heiratsurkunden, Diplomen, Zeugnissen und Dokumenten zur Eintragung von Unternehmen ist sie ein obligatorischer Bestandteil des Verwaltungsverfahrens und erm\u00f6glicht die Anerkennung von Briefen im Ausland. <\/p>\n\n<p>Als Unternehmen, das sich auf beglaubigte polnisch-franz\u00f6sische und franz\u00f6sisch-polnische \u00dcbersetzungen spezialisiert hat, unterst\u00fctzen wir Unternehmen umfassend und achten dabei auf die sprachliche Pr\u00e4zision, die bei Dokumenten, die eine offizielle Beglaubigung erfordern, unerl\u00e4sslich ist. Jedes \u00fcbersetzte Dokument wird gr\u00fcndlich auf Korrektheit und sprachliche Angemessenheit gepr\u00fcft, damit es von den Beh\u00f6rden und Rechtsinstitutionen des Ziellandes akzeptiert wird. <\/p>\n\n<div class=\"seo\"><h2 class=\"wp-block-heading\" id=\"h-profesjonalne-uslugi-z-zakresu-jezyka-wloskiego-niemieckiego-hiszpanskiego-i-angielskiego\">Professionelle Sprachdienste in Italienisch, Deutsch, Spanisch und Englisch<\/h2><\/div>\n\n<p>Neben der beglaubigten \u00dcbersetzung franz\u00f6sischer Dokumente umfasst unser Angebot auch gew\u00f6hnliche \u00dcbersetzungen, d.h. solche mit weniger formellem Inhalt. So k\u00f6nnen Kunden bei uns beispielsweise die \u00dcbersetzung verschiedener interner Firmenschreiben oder Gesch\u00e4ftskorrespondenz in Auftrag geben. Diese Dienstleistung betrifft die folgenden Sprachen: Franz\u00f6sisch, Italienisch, Deutsch, Spanisch und Englisch.  <\/p>\n\n<p>Jedes \u00dcbersetzungsprojekt wird auf die Besonderheiten des Auftrags und des Empf\u00e4ngers zugeschnitten, was bedeutet, dass der \u00dcbersetzer eine Terminologie verwendet, die dem Fachgebiet und den Erwartungen des Kunden entspricht. Impol garantiert volle Diskretion und die Einhaltung der Lieferfristen und geht flexibel auf die Bed\u00fcrfnisse des Empf\u00e4ngers ein. Wir \u00fcbersetzen z. B. auch Franz\u00f6sisch-Polnisch und Polnisch-Franz\u00f6sisch online, was einen schnellen und bequemen Zugang zu den \u00dcbersetzungen erm\u00f6glicht, ohne dass Sie pers\u00f6nlich in unseren R\u00e4umlichkeiten erscheinen m\u00fcssen.  <\/p>\n\n<div class=\"seo\"> <h2 class=\"wp-block-heading\" id=\"h-tlumaczenia-certyfikatow-i-dyplomow\">\u00dcbersetzung von Zeugnissen und Diplomen<\/h2><\/div>\n\n<p>\u00dcbersetzungen von Zeugnissen, Diplomen und anderen offiziellen Dokumenten m\u00fcssen eine Reihe von Anforderungen erf\u00fcllen, um von den entsprechenden ausl\u00e4ndischen Institutionen und Organisationen anerkannt zu werden. Pr\u00e4zision und Fehlerfreiheit sind hier unabdingbar, weshalb unsere \u00dcbersetzerinnen und \u00dcbersetzer mit \u00e4u\u00dferster Sorgfalt darauf achten, dass alle Informationen ihre urspr\u00fcngliche Bedeutung beibehalten. Wir sind uns unserer Verantwortung bewusst, denn schon der kleinste Fehler kann zu administrativen Schwierigkeiten f\u00fchren. Deshalb garantiert das \u00dcbersetzerteam von Impol mit seinen nachgewiesenen Qualifikationen und seiner umfangreichen Erfahrung, dass alle \u00dcbersetzungen mit dem Original \u00fcbereinstimmen.   <\/p>\n\n<p>Perfekte \u00dcbersetzungen, die von unseren Fachleuten angefertigt werden, sind eine Garantie f\u00fcr Korrektheit und eine Auslegung, die nicht vom Original abweicht, wodurch das Risiko von Fehlern, die erhebliche rechtliche Folgen haben k\u00f6nnen, ausgeschlossen wird. Wir freuen uns auf die Zusammenarbeit mit Ihnen! <\/p>\n","protected":false},"excerpt":{"rendered":"<p>Das Verst\u00e4ndnis von Dokumenten in einer anderen Sprache, insbesondere wenn sie in einem amtlichen oder juristischen Kontext verwendet werden, erfordert Aufmerksamkeit f\u00fcr Details und eine getreue Wiedergabe des Inhalts. Impol bietet sowohl beglaubigte Fach\u00fcbersetzungen als auch normale \u00dcbersetzungen an und stellt einen umfassenden linguistischen Service zur Verf\u00fcgung, damit Sie sich der Pr\u00e4zision der \u00dcbersetzung und &hellip;<\/p>\n<p class=\"read-more\"> <a class=\"\" href=\"https:\/\/impolsarl.com\/de\/uebersetzung\/\"> <span class=\"screen-reader-text\">\u00dcbersetzung<\/span> Read More \u00bb<\/a><\/p>\n","protected":false},"author":5,"featured_media":0,"parent":0,"menu_order":21,"comment_status":"closed","ping_status":"closed","template":"","meta":{"_acf_changed":false,"site-sidebar-layout":"default","site-content-layout":"","ast-site-content-layout":"","site-content-style":"default","site-sidebar-style":"default","ast-global-header-display":"","ast-banner-title-visibility":"","ast-main-header-display":"","ast-hfb-above-header-display":"","ast-hfb-below-header-display":"","ast-hfb-mobile-header-display":"","site-post-title":"","ast-breadcrumbs-content":"","ast-featured-img":"","footer-sml-layout":"","theme-transparent-header-meta":"","adv-header-id-meta":"","stick-header-meta":"","header-above-stick-meta":"","header-main-stick-meta":"","header-below-stick-meta":"","astra-migrate-meta-layouts":"default","ast-page-background-enabled":"default","ast-page-background-meta":{"desktop":{"background-color":"var(--ast-global-color-4)","background-image":"","background-repeat":"repeat","background-position":"center center","background-size":"auto","background-attachment":"scroll","background-type":"","background-media":"","overlay-type":"","overlay-color":"","overlay-gradient":""},"tablet":{"background-color":"","background-image":"","background-repeat":"repeat","background-position":"center center","background-size":"auto","background-attachment":"scroll","background-type":"","background-media":"","overlay-type":"","overlay-color":"","overlay-gradient":""},"mobile":{"background-color":"","background-image":"","background-repeat":"repeat","background-position":"center center","background-size":"auto","background-attachment":"scroll","background-type":"","background-media":"","overlay-type":"","overlay-color":"","overlay-gradient":""}},"ast-content-background-meta":{"desktop":{"background-color":"var(--ast-global-color-5)","background-image":"","background-repeat":"repeat","background-position":"center center","background-size":"auto","background-attachment":"scroll","background-type":"","background-media":"","overlay-type":"","overlay-color":"","overlay-gradient":""},"tablet":{"background-color":"var(--ast-global-color-5)","background-image":"","background-repeat":"repeat","background-position":"center center","background-size":"auto","background-attachment":"scroll","background-type":"","background-media":"","overlay-type":"","overlay-color":"","overlay-gradient":""},"mobile":{"background-color":"var(--ast-global-color-5)","background-image":"","background-repeat":"repeat","background-position":"center center","background-size":"auto","background-attachment":"scroll","background-type":"","background-media":"","overlay-type":"","overlay-color":"","overlay-gradient":""}},"footnotes":""},"folder":[94],"class_list":["post-5424","page","type-page","status-publish","hentry"],"acf":[],"yoast_head":"<!-- This site is optimized with the Yoast SEO Premium plugin v24.7 (Yoast SEO v24.7) - https:\/\/yoast.com\/wordpress\/plugins\/seo\/ -->\n<title>\u00dcbersetzung | Beeidigte \u00dcbersetzerin Polnisch-Franz\u00f6sisch und Franz\u00f6sisch-Polnisch | IMPOL<\/title>\n<meta name=\"description\" content=\"Sie ben\u00f6tigen eine \u00dcbersetzung aus dem Franz\u00f6sischen ins Polnische? Kontaktieren Sie IMPOL! Informieren Sie sich \u00fcber unsere wettbewerbsf\u00e4higen Preise und lassen Sie sich ein individuelles Angebot erstellen!\" \/>\n<meta name=\"robots\" content=\"index, follow, max-snippet:-1, max-image-preview:large, max-video-preview:-1\" \/>\n<link rel=\"canonical\" href=\"https:\/\/impolsarl.com\/de\/uebersetzung\/\" \/>\n<meta property=\"og:locale\" content=\"de_DE\" \/>\n<meta property=\"og:type\" content=\"article\" \/>\n<meta property=\"og:title\" content=\"\u00dcbersetzung\" \/>\n<meta property=\"og:description\" content=\"Sie ben\u00f6tigen eine \u00dcbersetzung aus dem Franz\u00f6sischen ins Polnische? Kontaktieren Sie IMPOL! Informieren Sie sich \u00fcber unsere wettbewerbsf\u00e4higen Preise und lassen Sie sich ein individuelles Angebot erstellen!\" \/>\n<meta property=\"og:url\" content=\"https:\/\/impolsarl.com\/de\/uebersetzung\/\" \/>\n<meta property=\"og:site_name\" content=\"Impol - Reprezentant we Francji od ponad dekady! +48 502 50 70 74\" \/>\n<meta property=\"article:publisher\" content=\"https:\/\/www.facebook.com\/przedstawicieltransportuwefrancji\/\" \/>\n<meta property=\"article:modified_time\" content=\"2025-04-22T14:33:38+00:00\" \/>\n<meta name=\"twitter:card\" content=\"summary_large_image\" \/>\n<meta name=\"twitter:label1\" content=\"Gesch\u00e4tzte Lesezeit\" \/>\n\t<meta name=\"twitter:data1\" content=\"5\u00a0Minuten\" \/>\n<script type=\"application\/ld+json\" class=\"yoast-schema-graph\">{\"@context\":\"https:\/\/schema.org\",\"@graph\":[{\"@type\":\"WebPage\",\"@id\":\"https:\/\/impolsarl.com\/de\/uebersetzung\/\",\"url\":\"https:\/\/impolsarl.com\/de\/uebersetzung\/\",\"name\":\"\u00dcbersetzung | Beeidigte \u00dcbersetzerin Polnisch-Franz\u00f6sisch und Franz\u00f6sisch-Polnisch | IMPOL\",\"isPartOf\":{\"@id\":\"https:\/\/impolsarl.com\/#website\"},\"datePublished\":\"2018-08-23T12:05:14+00:00\",\"dateModified\":\"2025-04-22T14:33:38+00:00\",\"description\":\"Sie ben\u00f6tigen eine \u00dcbersetzung aus dem Franz\u00f6sischen ins Polnische? Kontaktieren Sie IMPOL! Informieren Sie sich \u00fcber unsere wettbewerbsf\u00e4higen Preise und lassen Sie sich ein individuelles Angebot erstellen!\",\"breadcrumb\":{\"@id\":\"https:\/\/impolsarl.com\/de\/uebersetzung\/#breadcrumb\"},\"inLanguage\":\"de\",\"potentialAction\":[{\"@type\":\"ReadAction\",\"target\":[\"https:\/\/impolsarl.com\/de\/uebersetzung\/\"]}]},{\"@type\":\"BreadcrumbList\",\"@id\":\"https:\/\/impolsarl.com\/de\/uebersetzung\/#breadcrumb\",\"itemListElement\":[{\"@type\":\"ListItem\",\"position\":1,\"name\":\"Strona g\u0142\u00f3wna\",\"item\":\"https:\/\/impolsarl.com\/de\/homepage\/\"},{\"@type\":\"ListItem\",\"position\":2,\"name\":\"\u00dcbersetzung\"}]},{\"@type\":\"WebSite\",\"@id\":\"https:\/\/impolsarl.com\/#website\",\"url\":\"https:\/\/impolsarl.com\/\",\"name\":\"Impol - Reprezentant we Francji od ponad dekady! +48 502 50 70 74\",\"description\":\"Impol SARL - Przedstawiciel transportu w Europie\",\"publisher\":{\"@id\":\"https:\/\/impolsarl.com\/#organization\"},\"potentialAction\":[{\"@type\":\"SearchAction\",\"target\":{\"@type\":\"EntryPoint\",\"urlTemplate\":\"https:\/\/impolsarl.com\/?s={search_term_string}\"},\"query-input\":{\"@type\":\"PropertyValueSpecification\",\"valueRequired\":true,\"valueName\":\"search_term_string\"}}],\"inLanguage\":\"de\"},{\"@type\":\"Organization\",\"@id\":\"https:\/\/impolsarl.com\/#organization\",\"name\":\"Impol - Przedstawiciel Transportu i Pracownikow Delegowanych Do Francji\",\"url\":\"https:\/\/impolsarl.com\/\",\"logo\":{\"@type\":\"ImageObject\",\"inLanguage\":\"de\",\"@id\":\"https:\/\/impolsarl.com\/#\/schema\/logo\/image\/\",\"url\":\"https:\/\/impolsarl.com\/wp-content\/uploads\/2018\/08\/logo-1.png\",\"contentUrl\":\"https:\/\/impolsarl.com\/wp-content\/uploads\/2018\/08\/logo-1.png\",\"width\":133,\"height\":126,\"caption\":\"Impol - Przedstawiciel Transportu i Pracownikow Delegowanych Do Francji\"},\"image\":{\"@id\":\"https:\/\/impolsarl.com\/#\/schema\/logo\/image\/\"},\"sameAs\":[\"https:\/\/www.facebook.com\/przedstawicieltransportuwefrancji\/\",\"https:\/\/www.youtube.com\/watch?v=2zjQ9NJBf04\"]}]}<\/script>\n<!-- \/ Yoast SEO Premium plugin. -->","yoast_head_json":{"title":"\u00dcbersetzung | Beeidigte \u00dcbersetzerin Polnisch-Franz\u00f6sisch und Franz\u00f6sisch-Polnisch | IMPOL","description":"Sie ben\u00f6tigen eine \u00dcbersetzung aus dem Franz\u00f6sischen ins Polnische? Kontaktieren Sie IMPOL! Informieren Sie sich \u00fcber unsere wettbewerbsf\u00e4higen Preise und lassen Sie sich ein individuelles Angebot erstellen!","robots":{"index":"index","follow":"follow","max-snippet":"max-snippet:-1","max-image-preview":"max-image-preview:large","max-video-preview":"max-video-preview:-1"},"canonical":"https:\/\/impolsarl.com\/de\/uebersetzung\/","og_locale":"de_DE","og_type":"article","og_title":"\u00dcbersetzung","og_description":"Sie ben\u00f6tigen eine \u00dcbersetzung aus dem Franz\u00f6sischen ins Polnische? Kontaktieren Sie IMPOL! Informieren Sie sich \u00fcber unsere wettbewerbsf\u00e4higen Preise und lassen Sie sich ein individuelles Angebot erstellen!","og_url":"https:\/\/impolsarl.com\/de\/uebersetzung\/","og_site_name":"Impol - Reprezentant we Francji od ponad dekady! +48 502 50 70 74","article_publisher":"https:\/\/www.facebook.com\/przedstawicieltransportuwefrancji\/","article_modified_time":"2025-04-22T14:33:38+00:00","twitter_card":"summary_large_image","twitter_misc":{"Gesch\u00e4tzte Lesezeit":"5\u00a0Minuten"},"schema":{"@context":"https:\/\/schema.org","@graph":[{"@type":"WebPage","@id":"https:\/\/impolsarl.com\/de\/uebersetzung\/","url":"https:\/\/impolsarl.com\/de\/uebersetzung\/","name":"\u00dcbersetzung | Beeidigte \u00dcbersetzerin Polnisch-Franz\u00f6sisch und Franz\u00f6sisch-Polnisch | IMPOL","isPartOf":{"@id":"https:\/\/impolsarl.com\/#website"},"datePublished":"2018-08-23T12:05:14+00:00","dateModified":"2025-04-22T14:33:38+00:00","description":"Sie ben\u00f6tigen eine \u00dcbersetzung aus dem Franz\u00f6sischen ins Polnische? Kontaktieren Sie IMPOL! Informieren Sie sich \u00fcber unsere wettbewerbsf\u00e4higen Preise und lassen Sie sich ein individuelles Angebot erstellen!","breadcrumb":{"@id":"https:\/\/impolsarl.com\/de\/uebersetzung\/#breadcrumb"},"inLanguage":"de","potentialAction":[{"@type":"ReadAction","target":["https:\/\/impolsarl.com\/de\/uebersetzung\/"]}]},{"@type":"BreadcrumbList","@id":"https:\/\/impolsarl.com\/de\/uebersetzung\/#breadcrumb","itemListElement":[{"@type":"ListItem","position":1,"name":"Strona g\u0142\u00f3wna","item":"https:\/\/impolsarl.com\/de\/homepage\/"},{"@type":"ListItem","position":2,"name":"\u00dcbersetzung"}]},{"@type":"WebSite","@id":"https:\/\/impolsarl.com\/#website","url":"https:\/\/impolsarl.com\/","name":"Impol - Reprezentant we Francji od ponad dekady! +48 502 50 70 74","description":"Impol SARL - Przedstawiciel transportu w Europie","publisher":{"@id":"https:\/\/impolsarl.com\/#organization"},"potentialAction":[{"@type":"SearchAction","target":{"@type":"EntryPoint","urlTemplate":"https:\/\/impolsarl.com\/?s={search_term_string}"},"query-input":{"@type":"PropertyValueSpecification","valueRequired":true,"valueName":"search_term_string"}}],"inLanguage":"de"},{"@type":"Organization","@id":"https:\/\/impolsarl.com\/#organization","name":"Impol - Przedstawiciel Transportu i Pracownikow Delegowanych Do Francji","url":"https:\/\/impolsarl.com\/","logo":{"@type":"ImageObject","inLanguage":"de","@id":"https:\/\/impolsarl.com\/#\/schema\/logo\/image\/","url":"https:\/\/impolsarl.com\/wp-content\/uploads\/2018\/08\/logo-1.png","contentUrl":"https:\/\/impolsarl.com\/wp-content\/uploads\/2018\/08\/logo-1.png","width":133,"height":126,"caption":"Impol - Przedstawiciel Transportu i Pracownikow Delegowanych Do Francji"},"image":{"@id":"https:\/\/impolsarl.com\/#\/schema\/logo\/image\/"},"sameAs":["https:\/\/www.facebook.com\/przedstawicieltransportuwefrancji\/","https:\/\/www.youtube.com\/watch?v=2zjQ9NJBf04"]}]}},"_links":{"self":[{"href":"https:\/\/impolsarl.com\/de\/wp-json\/wp\/v2\/pages\/5424","targetHints":{"allow":["GET"]}}],"collection":[{"href":"https:\/\/impolsarl.com\/de\/wp-json\/wp\/v2\/pages"}],"about":[{"href":"https:\/\/impolsarl.com\/de\/wp-json\/wp\/v2\/types\/page"}],"author":[{"embeddable":true,"href":"https:\/\/impolsarl.com\/de\/wp-json\/wp\/v2\/users\/5"}],"replies":[{"embeddable":true,"href":"https:\/\/impolsarl.com\/de\/wp-json\/wp\/v2\/comments?post=5424"}],"version-history":[{"count":1,"href":"https:\/\/impolsarl.com\/de\/wp-json\/wp\/v2\/pages\/5424\/revisions"}],"predecessor-version":[{"id":5425,"href":"https:\/\/impolsarl.com\/de\/wp-json\/wp\/v2\/pages\/5424\/revisions\/5425"}],"wp:attachment":[{"href":"https:\/\/impolsarl.com\/de\/wp-json\/wp\/v2\/media?parent=5424"}],"wp:term":[{"taxonomy":"folder","embeddable":true,"href":"https:\/\/impolsarl.com\/de\/wp-json\/wp\/v2\/folder?post=5424"}],"curies":[{"name":"wp","href":"https:\/\/api.w.org\/{rel}","templated":true}]}}